{"id":40980,"date":"2026-04-27T04:42:21","date_gmt":"2026-04-27T04:42:21","guid":{"rendered":""},"modified":"2026-04-27T04:42:21","modified_gmt":"2026-04-27T04:42:21","slug":"znackovy-sapho-espace-skrinka-50x172x32cm-2x-dvirka-leva-prava-dub-collingwood-esc450-1919-40980","status":"publish","type":"product","link":"https:\/\/www.oknobuild.com\/index.php\/produkt\/znackovy-sapho-espace-skrinka-50x172x32cm-2x-dvirka-leva-prava-dub-collingwood-esc450-1919-40980\/","title":{"rendered":"Zna\u010dkov\u00fd Sapho ESPACE sk\u0159\u00ed\u0148ka 50x172x32cm, 2x dv\u00ed\u0159ka, lev\u00e1\/prav\u00e1, dub collingwood ESC450-1919"},"content":{"rendered":"<div class=\"tabs__content-outer\" id=\"tab_description\" data-hash=\"description\" data-tabindex=\"-1\">\n<div class=\"tabs__content toggle_description\" id=\"content_description\">\n<div class=\"wysiwyg-content\">\n<div class=\"product__tab product__description full-width\">\n<div class=\"container\">\n<div >\n<h3>Sapho ESPACE sk\u0159\u00ed\u0148ka 50x172x32cm, 2x dv\u00ed\u0159ka, lev\u00e1\/prav\u00e1, dub collingwood ESC450-1919<\/h3>\n<p style=\"text-align: justify;\">Charakteristick\u00fdm rysem s\u00e9rie <strong>dopl\u0148kov\u00fdch sk\u0159\u00edn\u011bk ESPACE<\/strong> je variabilita d\u00edky \u0161irok\u00e9 nab\u00eddce rozm\u011br\u016f jak dv\u00ed\u0159kov\u00fdch, tak otev\u0159en\u00fdch sk\u0159\u00edn\u011bk. S\u00e9rie ESPACE byla navr\u017eena pro kombinaci s v\u011bt\u0161inou umyvadlov\u00fdch sk\u0159\u00edn\u011bk z na\u0161\u00ed nab\u00eddky, av\u0161ak sk\u0159\u00ed\u0148ky naleznou vyu\u017eit\u00ed i v jin\u00fdch prostor\u00e1ch ne\u017e je koupelna (ob\u00fdvac\u00ed pokoj, p\u0159eds\u00ed\u0148 apod.).<br \/>Sk\u0159\u00ed\u0148ky nab\u00edz\u00edme v&nbsp;barevn\u00e9m proveden\u00ed a dekorech lamina se strukturou dle vzorn\u00edku. K n\u011bkter\u00fdm sk\u0159\u00ed\u0148k\u00e1m lze dokoupit samostatnou vnit\u0159n\u00ed z\u00e1suvku, p\u0159\u00edpadn\u011b vyj\u00edmateln\u00fd a prateln\u00fd l\u00e1tkov\u00fd pr\u00e1deln\u00ed ko\u0161 na such\u00fd zip. Sk\u0159\u00ed\u0148ky lze instalovat jak s lev\u00fdm, tak s prav\u00fdm otv\u00edr\u00e1n\u00edm dv\u00ed\u0159ek \u2013 pouh\u00fdm oto\u010den\u00edm dv\u00ed\u0159ek o 180\u00b0 z\u00edsk\u00e1me pot\u0159ebnou variantu.<br \/>Sk\u0159\u00ed\u0148ky jsou vybaveny syst\u00e9mem bez\u00fachytkov\u00e9ho otev\u00edr\u00e1n\u00ed BLUM&reg; TIP-ON. P\u0159i pou\u017eit\u00ed \u00fachytky se pouze neinstaluje syst\u00e9m TIP-ON uvnit\u0159 sk\u0159\u00ed\u0148ky. \u00dachytky jsou v p\u0159\u00edpad\u011b z\u00e1jmu k dokoupen\u00ed.<\/p>\n<div class=\"product-explanation-item\">\n<h3>Lze vyrobit v tomto barevn\u00e9m proveden\u00ed:<\/h3>\n<p><strong>Cenov\u00e1 skupina A<\/strong> p\u0159\u00edplatek 0%<\/p>\n<div style=\"float: left; width: 16%; text-align: center;\">30 B\u00edl\u00e1 lesk<\/div>\n<div style=\"float: left; width: 16%; text-align: center;\">11 Dub st\u0159\u00edbrn\u00fd<\/div>\n<div style=\"float: left; width: 16%; text-align: center;\">16 Borovice rustik<\/div>\n<div style=\"float: left; width: 16%; text-align: center;\">22 Dub alabama<\/div>\n<div style=\"float: left; width: 36%; text-align: center;\"><\/div>\n<div style=\"clear: both;\"><\/div>\n<div style=\"float: left; width: 100%; text-align: center;\"> <\/div>\n<div style=\"clear: both;\"><\/div>\n<p><strong>Cenov\u00e1 skupina B:<\/strong> p\u0159\u00edplatek 30%<\/p>\n<div style=\"float: left; width: 16%; text-align: center;\">10 Dub polar<\/div>\n<div style=\"float: left; width: 16%; text-align: center;\">12 Dub mocca<\/div>\n<div style=\"float: left; width: 16%; text-align: center;\">20 Dub texas<\/div>\n<div style=\"float: left; width: 16%; text-align: center;\">15 Dub sherwood<\/div>\n<div style=\"clear: both;\"><\/div>\n<div style=\"float: left; width: 100%; text-align: center;\"> <\/div>\n<div style=\"clear: both;\"><\/div>\n<div style=\"float: left; width: 16%; text-align: center;\">19 Dub collingwood<\/div>\n<div style=\"float: left; width: 16%; text-align: center;\">13 Jilm bardini<\/div>\n<div style=\"float: left; width: 16%; text-align: center;\">21 Mali wenge<\/div>\n<div style=\"float: left; width: 16%; text-align: center;\">17 O\u0159ech yosemite<\/div>\n<div style=\"float: left; width: 16%; text-align: center;\">18 Dub \u010dern\u00fd<\/div>\n<div style=\"clear: both;\"><\/div>\n<div style=\"float: left; width: 100%; text-align: center;\"> <\/div>\n<div style=\"clear: both;\"><\/div>\n<div style=\"float: left; width: 16%; text-align: center;\">31 B\u00edl\u00e1 mat<\/div>\n<div style=\"float: left; width: 16%; text-align: center;\">32 Ka\u0161m\u00edrov\u00e1 matn\u00e1<\/div>\n<div style=\"float: left; width: 16%; text-align: center;\">33 \u0160ed\u00e1 matn\u00e1<\/div>\n<div style=\"float: left; width: 16%; text-align: center;\">34 Antracit matn\u00fd<\/div>\n<div style=\"float: left; width: 16%; text-align: center;\">35 \u010cern\u00e1 matn\u00e1<\/div>\n<div style=\"clear: both;\"><\/div>\n<div style=\"float: left; width: 100%; text-align: center;\"> <\/div>\n<div style=\"clear: both;\"><\/div>\n<p><strong>Cenov\u00e1 skupina C:<\/strong> p\u0159\u00edplatek 50%<\/p>\n<div style=\"float: left; width: 16%; text-align: center;\">23 Dub alabama strip<br \/>(pouze dv\u00ed\u0159ka\/\u010delo)<\/div>\n<div style=\"float: left; width: 16%; text-align: center;\">41 Carina<br \/>41S Carina strip<br \/>(pouze dv\u00ed\u0159ka\/\u010delo)<\/div>\n<div style=\"float: left; width: 16%; text-align: center;\">42 Siena<br \/>42S Siena strip<br \/>(pouze dv\u00ed\u0159ka\/\u010delo)<\/div>\n<div style=\"float: left; width: 16%; text-align: center;\">43 Agila<br \/>43S Agila strip<br \/>(pouze dv\u00ed\u0159ka\/\u010delo)<\/div>\n<div style=\"float: left; width: 16%; text-align: center;\">44 Verde<br \/>44S Verde strip<br \/>(pouze dv\u00ed\u0159ka\/\u010delo)<\/div>\n<div style=\"clear: both;\"><\/div>\n<p>jak\u00e1koliv barva dle vzorn\u00edku RAL nebo NCS v leskl\u00e9m nebo matn\u00e9m proveden\u00ed<\/p>\n<div style=\"float: left; width: 16%; text-align: center;\">RAL1019 \u0160edob\u00e9\u017eov\u00e1<\/div>\n<div style=\"float: left; width: 16%; text-align: center;\">RAL3004 Bord\u00f3<\/div>\n<div style=\"float: left; width: 16%; text-align: center;\">RAL6004 Modrozelen\u00e1<\/div>\n<div style=\"float: left; width: 16%; text-align: center;\">RAL7031 \u0160edomodr\u00e1<\/div>\n<div style=\"clear: both;\"><\/div>\n<p>Dodac\u00ed lh\u016fta cenov\u00fdch skupin B a C je 6 t\u00fddn\u016f.<\/p>\n<\/p><\/div>\n<div class=\"product-explanation-item\">\n<h3>Sm\u011br otev\u00edr\u00e1n\u00ed &#8211; univerz\u00e1ln\u00ed<\/h3>\n<p style=\"text-align: justify;\">Instalace je mo\u017en\u00e1 s lev\u00fdm nebo prav\u00fdm otev\u00edr\u00e1n\u00edm dve\u0159\u00ed.<\/p>\n<\/p><\/div>\n<div class=\"product-explanation-item\">\n<h3><span>Bez\u00fachytkov\u00e9 otv\u00edr\u00e1n\u00ed<\/span><\/h3>\n<div style=\"float: left;\"><\/div>\n<p style=\"text-align: justify;\">N\u00e1bytek je vybaven syst\u00e9mem &#8222;Push to open&#8220; firmy Hettich nebo syst\u00e9mem TIP-ON firmy Blum &#8211; bez\u00fachytkov\u00e1 \u010dela a dv\u00ed\u0159ka pro komfortn\u00ed otev\u00edr\u00e1n\u00ed bez \u00fachytky. S<span>ta\u010d\u00ed na n\u011b jen kr\u00e1tce zlehka \u0165uknout. Pro zav\u0159en\u00ed na \u010delo nebo dve\u0159e lehounce zatla\u010dte.<\/span><\/p>\n<\/p><\/div>\n<p><\/p>\n<p><b>Vlastnosti<\/b><\/p>\n<ul>\n<li><span>Materi\u00e1l:<\/span> MDF\/lamino<\/li>\n<li><span>Barva:<\/span> Hn\u011bd\u00e1<\/li>\n<li><span>Instalace:<\/span> Z\u00e1v\u011bsn\u00e9 na st\u011bnu<\/li>\n<li><span>Rozm\u011br:<\/span> 50x172x32 cm<\/li>\n<li><span>Typ sk\u0159\u00ed\u0148ky:<\/span> Dv\u00ed\u0159ka<\/li>\n<li><span>\u0160\u00ed\u0159ka:<\/span> 500 mm<\/li>\n<li><span>V\u00fd\u0161ka:<\/span> 1720 mm<\/li>\n<li><span>Hloubka:<\/span> 320 mm<\/li>\n<li><span>Jin\u00e9 barevn\u00e9 proveden\u00ed:<\/span> Dle vzorn\u00edku<\/li>\n<li><span>V\u00fdbava:<\/span> Bez\u00fachytkov\u00e9 otv\u00edr\u00e1n\u00ed<\/li>\n<li><span>Dekor:<\/span> Dub Collingwood<\/li>\n<li><span>Sm\u011br otev\u00edr\u00e1n\u00ed:<\/span> Univerz\u00e1ln\u00ed<\/li>\n<\/ul>\n<\/div><\/div>\n<\/p><\/div>\n<\/p><\/div>\n<\/p><\/div>\n","protected":false},"excerpt":{"rendered":"<p>Sapho ESPACE sk\u0159\u00ed\u0148ka 50x172x32cm, 2x dv\u00ed\u0159ka, lev\u00e1\/prav\u00e1, dub collingwood ESC450-1919 Charakteristick\u00fdm rysem s\u00e9rie dopl\u0148kov\u00fdch sk\u0159\u00edn\u011bk ESPACE je variabilita d\u00edky \u0161irok\u00e9 nab\u00eddce rozm\u011br\u016f jak dv\u00ed\u0159kov\u00fdch, tak otev\u0159en\u00fdch sk\u0159\u00edn\u011bk. S\u00e9rie ESPACE byla navr\u017eena pro kombinaci s v\u011bt\u0161inou umyvadlov\u00fdch sk\u0159\u00edn\u011bk z na\u0161\u00ed nab\u00eddky, av\u0161ak sk\u0159\u00ed\u0148ky naleznou vyu\u017eit\u00ed i v jin\u00fdch prostor\u00e1ch ne\u017e je koupelna (ob\u00fdvac\u00ed pokoj, p\u0159eds\u00ed\u0148 apod.).Sk\u0159\u00ed\u0148ky [&hellip;]<\/p>\n","protected":false},"featured_media":41080,"comment_status":"open","ping_status":"open","template":"","meta":[],"product_brand":[],"product_cat":[71],"product_tag":[],"class_list":{"0":"post-40980","1":"product","2":"type-product","3":"status-publish","4":"has-post-thumbnail","6":"product_cat-koupelna","8":"first","9":"instock","10":"sale","11":"shipping-taxable","12":"purchasable","13":"product-type-simple"},"yoast_head":"<!-- This site is optimized with the Yoast SEO plugin v26.8 - https:\/\/yoast.com\/product\/yoast-seo-wordpress\/ -->\n<title>Zna\u010dkov\u00fd Sapho ESPACE sk\u0159\u00ed\u0148ka 50x172x32cm, 2x dv\u00ed\u0159ka, lev\u00e1\/prav\u00e1, dub collingwood ESC450-1919 -<\/title>\n<meta name=\"robots\" content=\"index, follow, max-snippet:-1, max-image-preview:large, max-video-preview:-1\" \/>\n<link rel=\"canonical\" href=\"https:\/\/www.oknobuild.com\/index.php\/produkt\/znackovy-sapho-espace-skrinka-50x172x32cm-2x-dvirka-leva-prava-dub-collingwood-esc450-1919-40980\/\" \/>\n<meta property=\"og:locale\" content=\"cs_CZ\" \/>\n<meta property=\"og:type\" content=\"article\" \/>\n<meta property=\"og:title\" content=\"Zna\u010dkov\u00fd Sapho ESPACE sk\u0159\u00ed\u0148ka 50x172x32cm, 2x dv\u00ed\u0159ka, lev\u00e1\/prav\u00e1, dub collingwood ESC450-1919 -\" \/>\n<meta property=\"og:description\" content=\"Sapho ESPACE sk\u0159\u00ed\u0148ka 50x172x32cm, 2x dv\u00ed\u0159ka, lev\u00e1\/prav\u00e1, dub collingwood ESC450-1919 Charakteristick\u00fdm rysem s\u00e9rie dopl\u0148kov\u00fdch sk\u0159\u00edn\u011bk ESPACE je variabilita d\u00edky \u0161irok\u00e9 nab\u00eddce rozm\u011br\u016f jak dv\u00ed\u0159kov\u00fdch, tak otev\u0159en\u00fdch sk\u0159\u00edn\u011bk. S\u00e9rie ESPACE byla navr\u017eena pro kombinaci s v\u011bt\u0161inou umyvadlov\u00fdch sk\u0159\u00edn\u011bk z na\u0161\u00ed nab\u00eddky, av\u0161ak sk\u0159\u00ed\u0148ky naleznou vyu\u017eit\u00ed i v jin\u00fdch prostor\u00e1ch ne\u017e je koupelna (ob\u00fdvac\u00ed pokoj, p\u0159eds\u00ed\u0148 apod.).Sk\u0159\u00ed\u0148ky [&hellip;]\" \/>\n<meta property=\"og:url\" content=\"https:\/\/www.oknobuild.com\/index.php\/produkt\/znackovy-sapho-espace-skrinka-50x172x32cm-2x-dvirka-leva-prava-dub-collingwood-esc450-1919-40980\/\" \/>\n<meta property=\"og:image\" content=\"https:\/\/www.oknobuild.com\/wp-content\/uploads\/2026\/SK0016994-CZ20260425-093041-0-1777080643-ed1345ed597689c7ceb66b82de0a393f.webp\" \/>\n\t<meta property=\"og:image:width\" content=\"264\" \/>\n\t<meta property=\"og:image:height\" content=\"800\" \/>\n\t<meta property=\"og:image:type\" content=\"image\/webp\" \/>\n<meta name=\"twitter:card\" content=\"summary_large_image\" \/>\n<meta name=\"twitter:label1\" content=\"Odhadovan\u00e1 doba \u010dten\u00ed\" \/>\n\t<meta name=\"twitter:data1\" content=\"2 minuty\" \/>\n<script type=\"application\/ld+json\" class=\"yoast-schema-graph\">{\"@context\":\"https:\/\/schema.org\",\"@graph\":[{\"@type\":\"WebPage\",\"@id\":\"https:\/\/www.oknobuild.com\/index.php\/produkt\/znackovy-sapho-espace-skrinka-50x172x32cm-2x-dvirka-leva-prava-dub-collingwood-esc450-1919-40980\/\",\"url\":\"https:\/\/www.oknobuild.com\/index.php\/produkt\/znackovy-sapho-espace-skrinka-50x172x32cm-2x-dvirka-leva-prava-dub-collingwood-esc450-1919-40980\/\",\"name\":\"Zna\u010dkov\u00fd Sapho ESPACE sk\u0159\u00ed\u0148ka 50x172x32cm, 2x dv\u00ed\u0159ka, lev\u00e1\/prav\u00e1, dub collingwood ESC450-1919 -\",\"isPartOf\":{\"@id\":\"https:\/\/www.oknobuild.com\/#website\"},\"primaryImageOfPage\":{\"@id\":\"https:\/\/www.oknobuild.com\/index.php\/produkt\/znackovy-sapho-espace-skrinka-50x172x32cm-2x-dvirka-leva-prava-dub-collingwood-esc450-1919-40980\/#primaryimage\"},\"image\":{\"@id\":\"https:\/\/www.oknobuild.com\/index.php\/produkt\/znackovy-sapho-espace-skrinka-50x172x32cm-2x-dvirka-leva-prava-dub-collingwood-esc450-1919-40980\/#primaryimage\"},\"thumbnailUrl\":\"https:\/\/www.oknobuild.com\/wp-content\/uploads\/2026\/SK0016994-CZ20260425-093041-0-1777080643-ed1345ed597689c7ceb66b82de0a393f.webp\",\"datePublished\":\"2026-04-27T04:42:21+00:00\",\"breadcrumb\":{\"@id\":\"https:\/\/www.oknobuild.com\/index.php\/produkt\/znackovy-sapho-espace-skrinka-50x172x32cm-2x-dvirka-leva-prava-dub-collingwood-esc450-1919-40980\/#breadcrumb\"},\"inLanguage\":\"cs\",\"potentialAction\":[{\"@type\":\"ReadAction\",\"target\":[\"https:\/\/www.oknobuild.com\/index.php\/produkt\/znackovy-sapho-espace-skrinka-50x172x32cm-2x-dvirka-leva-prava-dub-collingwood-esc450-1919-40980\/\"]}]},{\"@type\":\"ImageObject\",\"inLanguage\":\"cs\",\"@id\":\"https:\/\/www.oknobuild.com\/index.php\/produkt\/znackovy-sapho-espace-skrinka-50x172x32cm-2x-dvirka-leva-prava-dub-collingwood-esc450-1919-40980\/#primaryimage\",\"url\":\"https:\/\/www.oknobuild.com\/wp-content\/uploads\/2026\/SK0016994-CZ20260425-093041-0-1777080643-ed1345ed597689c7ceb66b82de0a393f.webp\",\"contentUrl\":\"https:\/\/www.oknobuild.com\/wp-content\/uploads\/2026\/SK0016994-CZ20260425-093041-0-1777080643-ed1345ed597689c7ceb66b82de0a393f.webp\",\"width\":264,\"height\":800},{\"@type\":\"BreadcrumbList\",\"@id\":\"https:\/\/www.oknobuild.com\/index.php\/produkt\/znackovy-sapho-espace-skrinka-50x172x32cm-2x-dvirka-leva-prava-dub-collingwood-esc450-1919-40980\/#breadcrumb\",\"itemListElement\":[{\"@type\":\"ListItem\",\"position\":1,\"name\":\"Home\",\"item\":\"https:\/\/www.oknobuild.com\/\"},{\"@type\":\"ListItem\",\"position\":2,\"name\":\"Products\",\"item\":\"https:\/\/www.oknobuild.com\/index.php\/products\/\"},{\"@type\":\"ListItem\",\"position\":3,\"name\":\"Zna\u010dkov\u00fd Sapho ESPACE sk\u0159\u00ed\u0148ka 50x172x32cm, 2x dv\u00ed\u0159ka, lev\u00e1\/prav\u00e1, dub collingwood ESC450-1919\"}]},{\"@type\":\"WebSite\",\"@id\":\"https:\/\/www.oknobuild.com\/#website\",\"url\":\"https:\/\/www.oknobuild.com\/\",\"name\":\"\",\"description\":\"\",\"potentialAction\":[{\"@type\":\"SearchAction\",\"target\":{\"@type\":\"EntryPoint\",\"urlTemplate\":\"https:\/\/www.oknobuild.com\/?s={search_term_string}\"},\"query-input\":{\"@type\":\"PropertyValueSpecification\",\"valueRequired\":true,\"valueName\":\"search_term_string\"}}],\"inLanguage\":\"cs\"}]}<\/script>\n<!-- \/ Yoast SEO plugin. -->","yoast_head_json":{"title":"Zna\u010dkov\u00fd Sapho ESPACE sk\u0159\u00ed\u0148ka 50x172x32cm, 2x dv\u00ed\u0159ka, lev\u00e1\/prav\u00e1, dub collingwood ESC450-1919 -","robots":{"index":"index","follow":"follow","max-snippet":"max-snippet:-1","max-image-preview":"max-image-preview:large","max-video-preview":"max-video-preview:-1"},"canonical":"https:\/\/www.oknobuild.com\/index.php\/produkt\/znackovy-sapho-espace-skrinka-50x172x32cm-2x-dvirka-leva-prava-dub-collingwood-esc450-1919-40980\/","og_locale":"cs_CZ","og_type":"article","og_title":"Zna\u010dkov\u00fd Sapho ESPACE sk\u0159\u00ed\u0148ka 50x172x32cm, 2x dv\u00ed\u0159ka, lev\u00e1\/prav\u00e1, dub collingwood ESC450-1919 -","og_description":"Sapho ESPACE sk\u0159\u00ed\u0148ka 50x172x32cm, 2x dv\u00ed\u0159ka, lev\u00e1\/prav\u00e1, dub collingwood ESC450-1919 Charakteristick\u00fdm rysem s\u00e9rie dopl\u0148kov\u00fdch sk\u0159\u00edn\u011bk ESPACE je variabilita d\u00edky \u0161irok\u00e9 nab\u00eddce rozm\u011br\u016f jak dv\u00ed\u0159kov\u00fdch, tak otev\u0159en\u00fdch sk\u0159\u00edn\u011bk. S\u00e9rie ESPACE byla navr\u017eena pro kombinaci s v\u011bt\u0161inou umyvadlov\u00fdch sk\u0159\u00edn\u011bk z na\u0161\u00ed nab\u00eddky, av\u0161ak sk\u0159\u00ed\u0148ky naleznou vyu\u017eit\u00ed i v jin\u00fdch prostor\u00e1ch ne\u017e je koupelna (ob\u00fdvac\u00ed pokoj, p\u0159eds\u00ed\u0148 apod.).Sk\u0159\u00ed\u0148ky [&hellip;]","og_url":"https:\/\/www.oknobuild.com\/index.php\/produkt\/znackovy-sapho-espace-skrinka-50x172x32cm-2x-dvirka-leva-prava-dub-collingwood-esc450-1919-40980\/","og_image":[{"width":264,"height":800,"url":"https:\/\/www.oknobuild.com\/wp-content\/uploads\/2026\/SK0016994-CZ20260425-093041-0-1777080643-ed1345ed597689c7ceb66b82de0a393f.webp","type":"image\/webp"}],"twitter_card":"summary_large_image","twitter_misc":{"Odhadovan\u00e1 doba \u010dten\u00ed":"2 minuty"},"schema":{"@context":"https:\/\/schema.org","@graph":[{"@type":"WebPage","@id":"https:\/\/www.oknobuild.com\/index.php\/produkt\/znackovy-sapho-espace-skrinka-50x172x32cm-2x-dvirka-leva-prava-dub-collingwood-esc450-1919-40980\/","url":"https:\/\/www.oknobuild.com\/index.php\/produkt\/znackovy-sapho-espace-skrinka-50x172x32cm-2x-dvirka-leva-prava-dub-collingwood-esc450-1919-40980\/","name":"Zna\u010dkov\u00fd Sapho ESPACE sk\u0159\u00ed\u0148ka 50x172x32cm, 2x dv\u00ed\u0159ka, lev\u00e1\/prav\u00e1, dub collingwood ESC450-1919 -","isPartOf":{"@id":"https:\/\/www.oknobuild.com\/#website"},"primaryImageOfPage":{"@id":"https:\/\/www.oknobuild.com\/index.php\/produkt\/znackovy-sapho-espace-skrinka-50x172x32cm-2x-dvirka-leva-prava-dub-collingwood-esc450-1919-40980\/#primaryimage"},"image":{"@id":"https:\/\/www.oknobuild.com\/index.php\/produkt\/znackovy-sapho-espace-skrinka-50x172x32cm-2x-dvirka-leva-prava-dub-collingwood-esc450-1919-40980\/#primaryimage"},"thumbnailUrl":"https:\/\/www.oknobuild.com\/wp-content\/uploads\/2026\/SK0016994-CZ20260425-093041-0-1777080643-ed1345ed597689c7ceb66b82de0a393f.webp","datePublished":"2026-04-27T04:42:21+00:00","breadcrumb":{"@id":"https:\/\/www.oknobuild.com\/index.php\/produkt\/znackovy-sapho-espace-skrinka-50x172x32cm-2x-dvirka-leva-prava-dub-collingwood-esc450-1919-40980\/#breadcrumb"},"inLanguage":"cs","potentialAction":[{"@type":"ReadAction","target":["https:\/\/www.oknobuild.com\/index.php\/produkt\/znackovy-sapho-espace-skrinka-50x172x32cm-2x-dvirka-leva-prava-dub-collingwood-esc450-1919-40980\/"]}]},{"@type":"ImageObject","inLanguage":"cs","@id":"https:\/\/www.oknobuild.com\/index.php\/produkt\/znackovy-sapho-espace-skrinka-50x172x32cm-2x-dvirka-leva-prava-dub-collingwood-esc450-1919-40980\/#primaryimage","url":"https:\/\/www.oknobuild.com\/wp-content\/uploads\/2026\/SK0016994-CZ20260425-093041-0-1777080643-ed1345ed597689c7ceb66b82de0a393f.webp","contentUrl":"https:\/\/www.oknobuild.com\/wp-content\/uploads\/2026\/SK0016994-CZ20260425-093041-0-1777080643-ed1345ed597689c7ceb66b82de0a393f.webp","width":264,"height":800},{"@type":"BreadcrumbList","@id":"https:\/\/www.oknobuild.com\/index.php\/produkt\/znackovy-sapho-espace-skrinka-50x172x32cm-2x-dvirka-leva-prava-dub-collingwood-esc450-1919-40980\/#breadcrumb","itemListElement":[{"@type":"ListItem","position":1,"name":"Home","item":"https:\/\/www.oknobuild.com\/"},{"@type":"ListItem","position":2,"name":"Products","item":"https:\/\/www.oknobuild.com\/index.php\/products\/"},{"@type":"ListItem","position":3,"name":"Zna\u010dkov\u00fd Sapho ESPACE sk\u0159\u00ed\u0148ka 50x172x32cm, 2x dv\u00ed\u0159ka, lev\u00e1\/prav\u00e1, dub collingwood ESC450-1919"}]},{"@type":"WebSite","@id":"https:\/\/www.oknobuild.com\/#website","url":"https:\/\/www.oknobuild.com\/","name":"","description":"","potentialAction":[{"@type":"SearchAction","target":{"@type":"EntryPoint","urlTemplate":"https:\/\/www.oknobuild.com\/?s={search_term_string}"},"query-input":{"@type":"PropertyValueSpecification","valueRequired":true,"valueName":"search_term_string"}}],"inLanguage":"cs"}]}},"_links":{"self":[{"href":"https:\/\/www.oknobuild.com\/index.php\/wp-json\/wp\/v2\/product\/40980","targetHints":{"allow":["GET"]}}],"collection":[{"href":"https:\/\/www.oknobuild.com\/index.php\/wp-json\/wp\/v2\/product"}],"about":[{"href":"https:\/\/www.oknobuild.com\/index.php\/wp-json\/wp\/v2\/types\/product"}],"replies":[{"embeddable":true,"href":"https:\/\/www.oknobuild.com\/index.php\/wp-json\/wp\/v2\/comments?post=40980"}],"wp:featuredmedia":[{"embeddable":true,"href":"https:\/\/www.oknobuild.com\/index.php\/wp-json\/wp\/v2\/media\/41080"}],"wp:attachment":[{"href":"https:\/\/www.oknobuild.com\/index.php\/wp-json\/wp\/v2\/media?parent=40980"}],"wp:term":[{"taxonomy":"product_brand","embeddable":true,"href":"https:\/\/www.oknobuild.com\/index.php\/wp-json\/wp\/v2\/product_brand?post=40980"},{"taxonomy":"product_cat","embeddable":true,"href":"https:\/\/www.oknobuild.com\/index.php\/wp-json\/wp\/v2\/product_cat?post=40980"},{"taxonomy":"product_tag","embeddable":true,"href":"https:\/\/www.oknobuild.com\/index.php\/wp-json\/wp\/v2\/product_tag?post=40980"}],"curies":[{"name":"wp","href":"https:\/\/api.w.org\/{rel}","templated":true}]}}