{"id":4110,"date":"2026-04-27T04:40:44","date_gmt":"2026-04-27T04:40:44","guid":{"rendered":""},"modified":"2026-04-27T04:40:44","modified_gmt":"2026-04-27T04:40:44","slug":"zlevneny-blue-rabbit-cascade-90-cm-bez-druhe-skluzavky-tmave-zelena-4110","status":"publish","type":"product","link":"https:\/\/www.oknobuild.com\/produkt\/zlevneny-blue-rabbit-cascade-90-cm-bez-druhe-skluzavky-tmave-zelena-4110\/","title":{"rendered":"Zlevn\u011bn\u00fd Blue Rabbit Cascade 90 cm bez druh\u00e9 skluzavky tmav\u011b zelen\u00e1"},"content":{"rendered":"<div class=\"detail-description__right\">\n<div class=\"parameters\">\n<div class=\"table table--simple\">\n<table>\n<tbody>\n<tr>\n<td colspan=\"2\">\n<h4>Vlastnosti<\/h4>\n<\/td>\n<\/tr>\n<tr>\n<td>Materi\u00e1l<\/td>\n<td>smrk \/ borovice<\/td>\n<\/tr>\n<tr>\n<td>V\u00fd\u0161ka podesty<\/td>\n<td>90 \/ 120\u00a0cm<\/td>\n<\/tr>\n<tr>\n<td>\u0160\u00ed\u0159ka<\/td>\n<td>162 cm<\/td>\n<\/tr>\n<tr>\n<td>D\u00e9lka<\/td>\n<td>155 cm<\/td>\n<\/tr>\n<tr>\n<td>V\u00fd\u0161ka<\/td>\n<td>264 cm<\/td>\n<\/tr>\n<tr>\n<td>Podklad<\/td>\n<td>tr\u00e1va, p\u00edsek, ka\u010d\u00edrek, mul\u010d<\/td>\n<\/tr>\n<tr>\n<td>Stavebn\u00ed p\u0159\u00edprava<\/td>\n<td>nen\u00ed nutn\u00e1<\/td>\n<\/tr>\n<tr>\n<td>Vhodn\u00e9 pro<\/td>\n<td>d\u011bti 3\u201312 let<\/td>\n<\/tr>\n<tr>\n<td colspan=\"2\">\n<h4>Parametry<\/h4>\n<\/td>\n<\/tr>\n<tr>\n<td>P\u016fvod<\/td>\n<td>Vyrobeno v\u00a0BE<\/td>\n<\/tr>\n<tr>\n<td>Z\u00e1ruka<\/td>\n<td>2 roky<\/td>\n<\/tr>\n<tr>\n<td>Zna\u010dka<\/td>\n<td>Blue Rabbit<\/td>\n<\/tr>\n<\/tbody>\n<\/table><\/div>\n<\/div><\/div>\n<div class=\"detail-description__top\">\t\t\t\t<\/div>\n<div class=\"detail-description__left\">\n<div class=\"detail-description__left__overflow\">\n<div class=\"detail-description__left__head\">\t\t\t\t\t\tPopis:\t\t\t\t\t<\/div>\n<div class=\"ul-style ul-style--check\">\n<p>Z\u00e1kladem h\u0159i\u0161t\u011b je <strong>pevn\u00e1 v\u011b\u017eov\u00e1 konstrukce<\/strong>, kter\u00e1 je ze v\u0161ech stran chr\u00e1n\u011bna z\u00e1bradl\u00edm pro maxim\u00e1ln\u00ed bezpe\u010dnost d\u011bt\u00ed. Nosn\u00e1 \u010d\u00e1st je vyrobena z kvalitn\u00edho d\u0159eva s d\u016frazem na stabilitu, p\u0159esn\u00e9 spoje a dlouhou \u017eivotnost p\u0159i venkovn\u00edm um\u00edst\u011bn\u00ed. D\u00edky otev\u0159en\u00e9mu r\u00e1mov\u00e9mu \u0159e\u0161en\u00ed je h\u0159i\u0161t\u011b vzdu\u0161n\u00e9 a dob\u0159e p\u0159ehledn\u00e9 pro dohled dosp\u011bl\u00fdch.<\/p>\n<ul class=\"plusminus\">\n<li><i class=\"fas fa-check\"><\/i><span>Bezpe\u010dn\u00e1 vyv\u00fd\u0161en\u00e1 plo\u0161ina se z\u00e1bradl\u00edm<\/span><\/li>\n<li><i class=\"fas fa-check\"><\/i><span>Stabiln\u00ed d\u0159ev\u011bn\u00e1 konstrukce<\/span><\/li>\n<li><i class=\"fas fa-check\"><\/i><span>Mo\u017enost roz\u0161\u00ed\u0159en\u00ed o druhou skluzavku<\/span><\/li>\n<\/ul>\n<p>Sou\u010d\u00e1st\u00ed sestavy je skluzavka, kter\u00e1 plynule navazuje na horn\u00ed plo\u0161inu a poskytuje d\u011btem p\u0159irozen\u00fd a z\u00e1bavn\u00fd zp\u016fsob sestupu. Konstrukce z\u00e1rove\u0148 umo\u017e\u0148uje <strong>voliteln\u00e9 dopln\u011bn\u00ed o druhou skluzavku<\/strong>, \u010d\u00edm\u017e lze h\u0159i\u0161t\u011b roz\u0161\u00ed\u0159it a p\u0159izp\u016fsobit v\u011bt\u0161\u00edmu po\u010dtu d\u011bt\u00ed nebo intenzivn\u011bj\u0161\u00edmu provozu.<\/p>\n<p>H\u0159i\u0161t\u011b tvo\u0159\u00ed hlavn\u00ed v\u011b\u017e se st\u0159echou, kter\u00e1 chr\u00e1n\u00ed d\u011bti p\u0159ed p\u0159\u00edm\u00fdm sluncem a z\u00e1rove\u0148 vytv\u00e1\u0159\u00ed pocit hern\u00edho \u201e\u00fakrytu\u201c. P\u0159\u00edstup na horn\u00ed podestu zaji\u0161\u0165uje \u0161ikm\u00e1 n\u00e1stupn\u00ed rampa s n\u00e1\u0161lapy, <strong>vhodn\u00e1 i pro men\u0161\u00ed d\u011bti<\/strong>, kter\u00e9 si teprve buduj\u00ed jistotu p\u0159i lezen\u00ed. Vedlej\u0161\u00ed ni\u017e\u0161\u00ed plo\u0161ina slou\u017e\u00ed jako mezistupe\u0148 a roz\u0161i\u0159uje hern\u00ed mo\u017enosti.<\/p>\n<p>Horn\u00ed \u010d\u00e1st je vybavena <strong data-start=\"1612\" data-end=\"1643\">ochrann\u00fdm z\u00e1bradl\u00edm a madly<\/strong> pro bezpe\u010dn\u00fd pohyb i aktivn\u00ed hru. Dominantn\u00edm prvkem je <strong data-start=\"1700\" data-end=\"1713\">skluzavka<\/strong>, kter\u00e1 je ji\u017e sou\u010d\u00e1st\u00ed sestavy, p\u0159i\u010dem\u017e konstrukce umo\u017e\u0148uje p\u0159id\u00e1n\u00ed dal\u0161\u00ed skluzavky dle zvolen\u00e9 konfigurace. D\u00edky tomu lze h\u0159i\u0161t\u011b snadno p\u0159izp\u016fsobit prostoru zahrady i v\u011bku d\u011bt\u00ed.<\/p>\n<\/div>\n<div class=\"detail-description__left__more\">\t\t\t\t\t\t<span> <\/span><span> <\/span>\t\t\t\t\t<\/div>\n<\/p><\/div>\n<div class=\"extra-note\">\n<p>Upozor\u0148ujeme, \u017ee z\u00e1kladn\u00ed cena se vztahuje pouze na hern\u00ed v\u011b\u017e se skluzavkou; roz\u0161i\u0159uj\u00edc\u00ed moduly lze zvolit samostatn\u011b.<\/p>\n<\/p><\/div>\n<\/p><\/div>\n<div class=\"detail-description__more\"><span> <\/span><span> <\/span><\/div>\n<\/p><\/div>\n<\/p><\/div>\n","protected":false},"excerpt":{"rendered":"<p>Vlastnosti Materi\u00e1l smrk \/ borovice V\u00fd\u0161ka podesty 90 \/ 120\u00a0cm \u0160\u00ed\u0159ka 162 cm D\u00e9lka 155 cm V\u00fd\u0161ka 264 cm Podklad tr\u00e1va, p\u00edsek, ka\u010d\u00edrek, mul\u010d Stavebn\u00ed p\u0159\u00edprava nen\u00ed nutn\u00e1 Vhodn\u00e9 pro d\u011bti 3\u201312 let Parametry P\u016fvod Vyrobeno v\u00a0BE Z\u00e1ruka 2 roky Zna\u010dka Blue Rabbit Popis: Z\u00e1kladem h\u0159i\u0161t\u011b je pevn\u00e1 v\u011b\u017eov\u00e1 konstrukce, kter\u00e1 je ze v\u0161ech stran [&hellip;]<\/p>\n","protected":false},"featured_media":4210,"template":"","meta":[],"product_brand":[],"product_cat":[33],"product_tag":[],"class_list":{"0":"post-4110","1":"product","2":"type-product","3":"status-publish","4":"has-post-thumbnail","6":"product_cat-zahrada","8":"first","9":"instock","10":"sale","11":"shipping-taxable","12":"purchasable","13":"product-type-simple"},"yoast_head":"<!-- This site is optimized with the Yoast SEO plugin v26.8 - https:\/\/yoast.com\/product\/yoast-seo-wordpress\/ -->\n<title>Zlevn\u011bn\u00fd Blue Rabbit Cascade 90 cm bez druh\u00e9 skluzavky tmav\u011b zelen\u00e1 -<\/title>\n<meta name=\"robots\" content=\"index, follow, max-snippet:-1, max-image-preview:large, max-video-preview:-1\" \/>\n<link rel=\"canonical\" href=\"https:\/\/www.oknobuild.com\/index.php\/produkt\/zlevneny-blue-rabbit-cascade-90-cm-bez-druhe-skluzavky-tmave-zelena-4110\/\" \/>\n<meta property=\"og:locale\" content=\"cs_CZ\" \/>\n<meta property=\"og:type\" content=\"article\" \/>\n<meta property=\"og:title\" content=\"Zlevn\u011bn\u00fd Blue Rabbit Cascade 90 cm bez druh\u00e9 skluzavky tmav\u011b zelen\u00e1 -\" \/>\n<meta property=\"og:description\" content=\"Vlastnosti Materi\u00e1l smrk \/ borovice V\u00fd\u0161ka podesty 90 \/ 120\u00a0cm \u0160\u00ed\u0159ka 162 cm D\u00e9lka 155 cm V\u00fd\u0161ka 264 cm Podklad tr\u00e1va, p\u00edsek, ka\u010d\u00edrek, mul\u010d Stavebn\u00ed p\u0159\u00edprava nen\u00ed nutn\u00e1 Vhodn\u00e9 pro d\u011bti 3\u201312 let Parametry P\u016fvod Vyrobeno v\u00a0BE Z\u00e1ruka 2 roky Zna\u010dka Blue Rabbit Popis: Z\u00e1kladem h\u0159i\u0161t\u011b je pevn\u00e1 v\u011b\u017eov\u00e1 konstrukce, kter\u00e1 je ze v\u0161ech stran [&hellip;]\" \/>\n<meta property=\"og:url\" content=\"https:\/\/www.oknobuild.com\/index.php\/produkt\/zlevneny-blue-rabbit-cascade-90-cm-bez-druhe-skluzavky-tmave-zelena-4110\/\" \/>\n<meta property=\"og:image\" content=\"https:\/\/www.oknobuild.com\/wp-content\/uploads\/2026\/SK0022414-CZ20260425-091936-0-1777079982-detske-hriste-na-zahradu-blue-rabbit-cascade-90-cm-bez-druh.webp\" \/>\n\t<meta property=\"og:image:width\" content=\"1000\" \/>\n\t<meta property=\"og:image:height\" content=\"523\" \/>\n\t<meta property=\"og:image:type\" content=\"image\/webp\" \/>\n<meta name=\"twitter:card\" content=\"summary_large_image\" \/>\n<meta name=\"twitter:label1\" content=\"Odhadovan\u00e1 doba \u010dten\u00ed\" \/>\n\t<meta name=\"twitter:data1\" content=\"2 minuty\" \/>\n<script type=\"application\/ld+json\" class=\"yoast-schema-graph\">{\"@context\":\"https:\/\/schema.org\",\"@graph\":[{\"@type\":\"WebPage\",\"@id\":\"https:\/\/www.oknobuild.com\/index.php\/produkt\/zlevneny-blue-rabbit-cascade-90-cm-bez-druhe-skluzavky-tmave-zelena-4110\/\",\"url\":\"https:\/\/www.oknobuild.com\/index.php\/produkt\/zlevneny-blue-rabbit-cascade-90-cm-bez-druhe-skluzavky-tmave-zelena-4110\/\",\"name\":\"Zlevn\u011bn\u00fd Blue Rabbit Cascade 90 cm bez druh\u00e9 skluzavky tmav\u011b zelen\u00e1 -\",\"isPartOf\":{\"@id\":\"https:\/\/www.oknobuild.com\/#website\"},\"primaryImageOfPage\":{\"@id\":\"https:\/\/www.oknobuild.com\/index.php\/produkt\/zlevneny-blue-rabbit-cascade-90-cm-bez-druhe-skluzavky-tmave-zelena-4110\/#primaryimage\"},\"image\":{\"@id\":\"https:\/\/www.oknobuild.com\/index.php\/produkt\/zlevneny-blue-rabbit-cascade-90-cm-bez-druhe-skluzavky-tmave-zelena-4110\/#primaryimage\"},\"thumbnailUrl\":\"https:\/\/www.oknobuild.com\/wp-content\/uploads\/2026\/SK0022414-CZ20260425-091936-0-1777079982-detske-hriste-na-zahradu-blue-rabbit-cascade-90-cm-bez-druh.webp\",\"datePublished\":\"2026-04-27T04:40:44+00:00\",\"breadcrumb\":{\"@id\":\"https:\/\/www.oknobuild.com\/index.php\/produkt\/zlevneny-blue-rabbit-cascade-90-cm-bez-druhe-skluzavky-tmave-zelena-4110\/#breadcrumb\"},\"inLanguage\":\"cs\",\"potentialAction\":[{\"@type\":\"ReadAction\",\"target\":[\"https:\/\/www.oknobuild.com\/index.php\/produkt\/zlevneny-blue-rabbit-cascade-90-cm-bez-druhe-skluzavky-tmave-zelena-4110\/\"]}]},{\"@type\":\"ImageObject\",\"inLanguage\":\"cs\",\"@id\":\"https:\/\/www.oknobuild.com\/index.php\/produkt\/zlevneny-blue-rabbit-cascade-90-cm-bez-druhe-skluzavky-tmave-zelena-4110\/#primaryimage\",\"url\":\"https:\/\/www.oknobuild.com\/wp-content\/uploads\/2026\/SK0022414-CZ20260425-091936-0-1777079982-detske-hriste-na-zahradu-blue-rabbit-cascade-90-cm-bez-druh.webp\",\"contentUrl\":\"https:\/\/www.oknobuild.com\/wp-content\/uploads\/2026\/SK0022414-CZ20260425-091936-0-1777079982-detske-hriste-na-zahradu-blue-rabbit-cascade-90-cm-bez-druh.webp\",\"width\":1000,\"height\":523},{\"@type\":\"BreadcrumbList\",\"@id\":\"https:\/\/www.oknobuild.com\/index.php\/produkt\/zlevneny-blue-rabbit-cascade-90-cm-bez-druhe-skluzavky-tmave-zelena-4110\/#breadcrumb\",\"itemListElement\":[{\"@type\":\"ListItem\",\"position\":1,\"name\":\"Home\",\"item\":\"https:\/\/www.oknobuild.com\/\"},{\"@type\":\"ListItem\",\"position\":2,\"name\":\"Products\",\"item\":\"https:\/\/www.oknobuild.com\/products\/\"},{\"@type\":\"ListItem\",\"position\":3,\"name\":\"Zlevn\u011bn\u00fd Blue Rabbit Cascade 90 cm bez druh\u00e9 skluzavky tmav\u011b zelen\u00e1\"}]},{\"@type\":\"WebSite\",\"@id\":\"https:\/\/www.oknobuild.com\/#website\",\"url\":\"https:\/\/www.oknobuild.com\/\",\"name\":\"\",\"description\":\"\",\"potentialAction\":[{\"@type\":\"SearchAction\",\"target\":{\"@type\":\"EntryPoint\",\"urlTemplate\":\"https:\/\/www.oknobuild.com\/?s={search_term_string}\"},\"query-input\":{\"@type\":\"PropertyValueSpecification\",\"valueRequired\":true,\"valueName\":\"search_term_string\"}}],\"inLanguage\":\"cs\"}]}<\/script>\n<!-- \/ Yoast SEO plugin. -->","yoast_head_json":{"title":"Zlevn\u011bn\u00fd Blue Rabbit Cascade 90 cm bez druh\u00e9 skluzavky tmav\u011b zelen\u00e1 -","robots":{"index":"index","follow":"follow","max-snippet":"max-snippet:-1","max-image-preview":"max-image-preview:large","max-video-preview":"max-video-preview:-1"},"canonical":"https:\/\/www.oknobuild.com\/index.php\/produkt\/zlevneny-blue-rabbit-cascade-90-cm-bez-druhe-skluzavky-tmave-zelena-4110\/","og_locale":"cs_CZ","og_type":"article","og_title":"Zlevn\u011bn\u00fd Blue Rabbit Cascade 90 cm bez druh\u00e9 skluzavky tmav\u011b zelen\u00e1 -","og_description":"Vlastnosti Materi\u00e1l smrk \/ borovice V\u00fd\u0161ka podesty 90 \/ 120\u00a0cm \u0160\u00ed\u0159ka 162 cm D\u00e9lka 155 cm V\u00fd\u0161ka 264 cm Podklad tr\u00e1va, p\u00edsek, ka\u010d\u00edrek, mul\u010d Stavebn\u00ed p\u0159\u00edprava nen\u00ed nutn\u00e1 Vhodn\u00e9 pro d\u011bti 3\u201312 let Parametry P\u016fvod Vyrobeno v\u00a0BE Z\u00e1ruka 2 roky Zna\u010dka Blue Rabbit Popis: Z\u00e1kladem h\u0159i\u0161t\u011b je pevn\u00e1 v\u011b\u017eov\u00e1 konstrukce, kter\u00e1 je ze v\u0161ech stran [&hellip;]","og_url":"https:\/\/www.oknobuild.com\/index.php\/produkt\/zlevneny-blue-rabbit-cascade-90-cm-bez-druhe-skluzavky-tmave-zelena-4110\/","og_image":[{"width":1000,"height":523,"url":"https:\/\/www.oknobuild.com\/wp-content\/uploads\/2026\/SK0022414-CZ20260425-091936-0-1777079982-detske-hriste-na-zahradu-blue-rabbit-cascade-90-cm-bez-druh.webp","type":"image\/webp"}],"twitter_card":"summary_large_image","twitter_misc":{"Odhadovan\u00e1 doba \u010dten\u00ed":"2 minuty"},"schema":{"@context":"https:\/\/schema.org","@graph":[{"@type":"WebPage","@id":"https:\/\/www.oknobuild.com\/index.php\/produkt\/zlevneny-blue-rabbit-cascade-90-cm-bez-druhe-skluzavky-tmave-zelena-4110\/","url":"https:\/\/www.oknobuild.com\/index.php\/produkt\/zlevneny-blue-rabbit-cascade-90-cm-bez-druhe-skluzavky-tmave-zelena-4110\/","name":"Zlevn\u011bn\u00fd Blue Rabbit Cascade 90 cm bez druh\u00e9 skluzavky tmav\u011b zelen\u00e1 -","isPartOf":{"@id":"https:\/\/www.oknobuild.com\/#website"},"primaryImageOfPage":{"@id":"https:\/\/www.oknobuild.com\/index.php\/produkt\/zlevneny-blue-rabbit-cascade-90-cm-bez-druhe-skluzavky-tmave-zelena-4110\/#primaryimage"},"image":{"@id":"https:\/\/www.oknobuild.com\/index.php\/produkt\/zlevneny-blue-rabbit-cascade-90-cm-bez-druhe-skluzavky-tmave-zelena-4110\/#primaryimage"},"thumbnailUrl":"https:\/\/www.oknobuild.com\/wp-content\/uploads\/2026\/SK0022414-CZ20260425-091936-0-1777079982-detske-hriste-na-zahradu-blue-rabbit-cascade-90-cm-bez-druh.webp","datePublished":"2026-04-27T04:40:44+00:00","breadcrumb":{"@id":"https:\/\/www.oknobuild.com\/index.php\/produkt\/zlevneny-blue-rabbit-cascade-90-cm-bez-druhe-skluzavky-tmave-zelena-4110\/#breadcrumb"},"inLanguage":"cs","potentialAction":[{"@type":"ReadAction","target":["https:\/\/www.oknobuild.com\/index.php\/produkt\/zlevneny-blue-rabbit-cascade-90-cm-bez-druhe-skluzavky-tmave-zelena-4110\/"]}]},{"@type":"ImageObject","inLanguage":"cs","@id":"https:\/\/www.oknobuild.com\/index.php\/produkt\/zlevneny-blue-rabbit-cascade-90-cm-bez-druhe-skluzavky-tmave-zelena-4110\/#primaryimage","url":"https:\/\/www.oknobuild.com\/wp-content\/uploads\/2026\/SK0022414-CZ20260425-091936-0-1777079982-detske-hriste-na-zahradu-blue-rabbit-cascade-90-cm-bez-druh.webp","contentUrl":"https:\/\/www.oknobuild.com\/wp-content\/uploads\/2026\/SK0022414-CZ20260425-091936-0-1777079982-detske-hriste-na-zahradu-blue-rabbit-cascade-90-cm-bez-druh.webp","width":1000,"height":523},{"@type":"BreadcrumbList","@id":"https:\/\/www.oknobuild.com\/index.php\/produkt\/zlevneny-blue-rabbit-cascade-90-cm-bez-druhe-skluzavky-tmave-zelena-4110\/#breadcrumb","itemListElement":[{"@type":"ListItem","position":1,"name":"Home","item":"https:\/\/www.oknobuild.com\/"},{"@type":"ListItem","position":2,"name":"Products","item":"https:\/\/www.oknobuild.com\/products\/"},{"@type":"ListItem","position":3,"name":"Zlevn\u011bn\u00fd Blue Rabbit Cascade 90 cm bez druh\u00e9 skluzavky tmav\u011b zelen\u00e1"}]},{"@type":"WebSite","@id":"https:\/\/www.oknobuild.com\/#website","url":"https:\/\/www.oknobuild.com\/","name":"","description":"","potentialAction":[{"@type":"SearchAction","target":{"@type":"EntryPoint","urlTemplate":"https:\/\/www.oknobuild.com\/?s={search_term_string}"},"query-input":{"@type":"PropertyValueSpecification","valueRequired":true,"valueName":"search_term_string"}}],"inLanguage":"cs"}]}},"_links":{"self":[{"href":"https:\/\/www.oknobuild.com\/wp-json\/wp\/v2\/product\/4110","targetHints":{"allow":["GET"]}}],"collection":[{"href":"https:\/\/www.oknobuild.com\/wp-json\/wp\/v2\/product"}],"about":[{"href":"https:\/\/www.oknobuild.com\/wp-json\/wp\/v2\/types\/product"}],"wp:featuredmedia":[{"embeddable":true,"href":"https:\/\/www.oknobuild.com\/wp-json\/wp\/v2\/media\/4210"}],"wp:attachment":[{"href":"https:\/\/www.oknobuild.com\/wp-json\/wp\/v2\/media?parent=4110"}],"wp:term":[{"taxonomy":"product_brand","embeddable":true,"href":"https:\/\/www.oknobuild.com\/wp-json\/wp\/v2\/product_brand?post=4110"},{"taxonomy":"product_cat","embeddable":true,"href":"https:\/\/www.oknobuild.com\/wp-json\/wp\/v2\/product_cat?post=4110"},{"taxonomy":"product_tag","embeddable":true,"href":"https:\/\/www.oknobuild.com\/wp-json\/wp\/v2\/product_tag?post=4110"}],"curies":[{"name":"wp","href":"https:\/\/api.w.org\/{rel}","templated":true}]}}