{"id":41124,"date":"2026-04-27T04:42:22","date_gmt":"2026-04-27T04:42:22","guid":{"rendered":""},"modified":"2026-04-27T04:42:22","modified_gmt":"2026-04-27T04:42:22","slug":"znackovy-gsi-nubes-zavesna-wc-misa-swirlflush-35x55cm-bila-extraglaze-961511-41124","status":"publish","type":"product","link":"https:\/\/www.oknobuild.com\/index.php\/produkt\/znackovy-gsi-nubes-zavesna-wc-misa-swirlflush-35x55cm-bila-extraglaze-961511-41124\/","title":{"rendered":"Zna\u010dkov\u00fd GSI NUBES z\u00e1v\u011bsn\u00e1 WC m\u00edsa, Swirlflush, 35x55cm, b\u00edl\u00e1 ExtraGlaze 961511"},"content":{"rendered":"<div class=\"tabs__content-outer\" id=\"tab_description\" data-hash=\"description\" data-tabindex=\"-1\">\n<div class=\"tabs__content toggle_description\" id=\"content_description\">\n<div class=\"wysiwyg-content\">\n<div class=\"product__tab product__description full-width\">\n<div class=\"container\">\n<div >\n<h3>GSI NUBES z\u00e1v\u011bsn\u00e1 WC m\u00edsa, Swirlflush, 35x55cm, b\u00edl\u00e1 ExtraGlaze 961511<\/h3>\n<p style=\"text-align: justify;\">Pevnost, lehkost a v\u0161estrannost &#8211; to jsou hlavn\u00ed rysy kolekce NUBES. Rafinovan\u00e1 kolekce \u0161pi\u010dkov\u00fdch v\u00fdrobk\u016f pro n\u00e1ro\u010dn\u00e9 z\u00e1kazn\u00edky, kte\u0159\u00ed hledaj\u00ed modern\u00ed estetiku. Charakteristick\u00fdmi rysy umyvadel NUBES jsou jejich hranatost a vnit\u0159n\u00ed zaoblenost pro snadn\u00e9 pou\u017e\u00edv\u00e1n\u00ed. Okraj umyvadla, z n\u011bho\u017e je viditeln\u00fdch pouh\u00fdch osm centimetr\u016f, zaji\u0161\u0165uje lehkost a rovnov\u00e1hu mezi formou a prostorem.<\/p>\n<div class=\"product-explanation-item\">\n<h3>Technologie splachov\u00e1n\u00ed <strong>Swirlflush&reg;<\/strong><\/h3>\n<div style=\"float: left;\"><\/div>\n<p style=\"text-align: justify;\">Swirlflush&reg; &#8211; toalety bez tradi\u010dn\u00edho oplachov\u00e9ho kruhu. Patentovan\u00fd extr\u00e9mn\u011b tich\u00fd splachovac\u00ed syst\u00e9m od spole\u010dnosti GSI nam\u00ed\u0159\u00ed vodu jednotn\u00fdm sm\u011brem na okraje keramiky. Inovaci ve splachov\u00e1n\u00ed p\u0159edstavuje vodn\u00ed v\u00edr, kter\u00fd zajist\u00ed optim\u00e1ln\u00ed a tich\u00e9 spl\u00e1chnut\u00ed m\u00edsy.<br \/>Absence tradi\u010dn\u00edho splachovac\u00edho kruhu pod okrajem m\u00edsy v kombinaci s glazurou Extraglaze&reg;, kter\u00e1 dod\u00e1v\u00e1 keramice dokonale hladk\u00fd povrch a p\u016fsobiv\u00fd lesk, zaji\u0161\u0165uje maxim\u00e1ln\u00ed hygienu a sn\u00ed\u017een\u00ed n\u00e1mahy p\u0159i \u010di\u0161t\u011bn\u00ed WC. Samoz\u0159ejmost\u00ed je du\u00e1ln\u00ed syst\u00e9m splachov\u00e1n\u00ed s mno\u017estv\u00edm vody 3 nebo 4,5 l.<\/p>\n<div style=\"float: left; width: 25%; text-align: center;\"><\/div>\n<div style=\"float: left; width: 25%; text-align: center;\"><\/div>\n<div style=\"clear: both;\"><\/div>\n<p style=\"text-align: justify;\">Extr\u00e9mn\u011b tich\u00fd: Splachovac\u00ed syst\u00e9m Swirlflush&reg; s hlu\u010dnost\u00ed pouh\u00fdch 64 dB je extr\u00e9mn\u011b tich\u00fd b\u011bhem splachov\u00e1n\u00ed.<\/p>\n<\/p><\/div>\n<div class=\"product-explanation-item\">\n<h3>Water saving &#8211; \u00fasporn\u00e9 splachov\u00e1n\u00ed<\/h3>\n<p style=\"text-align: justify;\">Tvar m\u00edsy umo\u017e\u0148uje efektivn\u00ed a \u00fa\u010dinn\u00e9 spl\u00e1chnut\u00ed s men\u0161\u00edm objemem vody a t\u00edm \u0161et\u0159\u00ed \u017eivotn\u00ed prost\u0159edn\u00ed a n\u00e1klady za vodu. <br \/>\u00dasporn\u00e9 splachov\u00e1n\u00ed je mo\u017en\u00e9 pou\u017e\u00edt u splachovac\u00edho mechanismu (v n\u00e1dr\u017ece WC kombi nebo podom\u00edtkov\u00e9 n\u00e1dr\u017ece u z\u00e1v\u011bsn\u00e9ho WC), jeho\u017e vypou\u0161t\u011bc\u00ed ventil umo\u017e\u0148uje nastaven\u00ed objemu vody od 4 litr\u016f. V p\u0159\u00edpad\u011b du\u00e1ln\u00edho splachov\u00e1n\u00ed u mal\u00e9ho tla\u010d\u00edtka objem od 3 litr\u016f a v\u011bt\u0161\u00edho tla\u010d\u00edtka objem od 4,5 litru vody.<\/p>\n<\/p><\/div>\n<div class=\"product-explanation-item\">\n<h3><strong>Keramick\u00e1 glazura ExtraGlaze&reg; Antibacterial<\/strong><\/h3>\n<div style=\"float: left;\"><\/div>\n<p style=\"text-align: justify;\">Antibakteri\u00e1ln\u00ed glazura Extraglaze&reg; Antibacterial, je obohacen\u00e1 o ionty st\u0159\u00edbra a titanu. Aplikuje se na produkty ji\u017e b\u011bhem v\u00fdrobn\u00edho procesu p\u0159ed vyp\u00e1len\u00edm, \u010d\u00edm\u017e je zaru\u010den jej\u00ed trval\u00fd \u00fa\u010dinek. Extraglaze&reg; Antibacterial dod\u00e1v\u00e1 keramice dokonale hladk\u00fd povrch, vysok\u00fd lesk, antibakteri\u00e1ln\u00ed \u00fa\u010dinek a ochranu proti v\u00e1penn\u00fdm usazenin\u00e1m. Povrch Extraglaze&reg; Antibacterial je standardn\u011b aplikov\u00e1n na v\u0161echny v\u00fdrobky spole\u010dnosti GSI.<\/p>\n<div style=\"float: left; width: 30%; text-align: center;\">B\u011b\u017en\u00e1 glazura<\/div>\n<div style=\"float: left; width: 30%; text-align: center;\">Extraglaze&reg; Antibacterial<\/div>\n<div style=\"clear: both;\"><\/div>\n<\/p><\/div>\n<p><\/p>\n<p><b>Vlastnosti<\/b><\/p>\n<ul>\n<li><span>Materi\u00e1l:<\/span> Keramika<\/li>\n<li><span>Barva:<\/span> B\u00edl\u00e1<\/li>\n<li><span>Tvar:<\/span> Hranat\u00e9<\/li>\n<li><span>Rozm\u011br:<\/span> 35x34x55 cm<\/li>\n<li><span>\u0160\u00ed\u0159ka:<\/span> 350 mm<\/li>\n<li><span>V\u00fd\u0161ka:<\/span> 340 mm<\/li>\n<li><span>Hloubka:<\/span> 550 mm<\/li>\n<li><span>V\u00fdbava:<\/span> Skryt\u00e9 uchycen\u00ed, ExtraGlaze<\/li>\n<li><span>Balen\u00ed neobsahuje:<\/span> WC sed\u00e1tko<\/li>\n<li><span>Technologie splachov\u00e1n\u00ed:<\/span> Swirlflush<\/li>\n<li><span>Objem splachovac\u00ed vody:<\/span> Splachov\u00e1n\u00ed 3 l, Splachov\u00e1n\u00ed 4,5 l<\/li>\n<\/ul>\n<\/div><\/div>\n<\/p><\/div>\n<\/p><\/div>\n<\/p><\/div>\n","protected":false},"excerpt":{"rendered":"<p>GSI NUBES z\u00e1v\u011bsn\u00e1 WC m\u00edsa, Swirlflush, 35x55cm, b\u00edl\u00e1 ExtraGlaze 961511 Pevnost, lehkost a v\u0161estrannost &#8211; to jsou hlavn\u00ed rysy kolekce NUBES. Rafinovan\u00e1 kolekce \u0161pi\u010dkov\u00fdch v\u00fdrobk\u016f pro n\u00e1ro\u010dn\u00e9 z\u00e1kazn\u00edky, kte\u0159\u00ed hledaj\u00ed modern\u00ed estetiku. Charakteristick\u00fdmi rysy umyvadel NUBES jsou jejich hranatost a vnit\u0159n\u00ed zaoblenost pro snadn\u00e9 pou\u017e\u00edv\u00e1n\u00ed. Okraj umyvadla, z n\u011bho\u017e je viditeln\u00fdch pouh\u00fdch osm centimetr\u016f, zaji\u0161\u0165uje [&hellip;]<\/p>\n","protected":false},"featured_media":41224,"comment_status":"open","ping_status":"open","template":"","meta":[],"product_brand":[],"product_cat":[71],"product_tag":[],"class_list":{"0":"post-41124","1":"product","2":"type-product","3":"status-publish","4":"has-post-thumbnail","6":"product_cat-koupelna","8":"first","9":"instock","10":"sale","11":"shipping-taxable","12":"purchasable","13":"product-type-simple"},"yoast_head":"<!-- This site is optimized with the Yoast SEO plugin v26.8 - https:\/\/yoast.com\/product\/yoast-seo-wordpress\/ -->\n<title>Zna\u010dkov\u00fd GSI NUBES z\u00e1v\u011bsn\u00e1 WC m\u00edsa, Swirlflush, 35x55cm, b\u00edl\u00e1 ExtraGlaze 961511 -<\/title>\n<meta name=\"robots\" content=\"index, follow, max-snippet:-1, max-image-preview:large, max-video-preview:-1\" \/>\n<link rel=\"canonical\" href=\"https:\/\/www.oknobuild.com\/index.php\/produkt\/znackovy-gsi-nubes-zavesna-wc-misa-swirlflush-35x55cm-bila-extraglaze-961511-41124\/\" \/>\n<meta property=\"og:locale\" content=\"cs_CZ\" \/>\n<meta property=\"og:type\" content=\"article\" \/>\n<meta property=\"og:title\" content=\"Zna\u010dkov\u00fd GSI NUBES z\u00e1v\u011bsn\u00e1 WC m\u00edsa, Swirlflush, 35x55cm, b\u00edl\u00e1 ExtraGlaze 961511 -\" \/>\n<meta property=\"og:description\" content=\"GSI NUBES z\u00e1v\u011bsn\u00e1 WC m\u00edsa, Swirlflush, 35x55cm, b\u00edl\u00e1 ExtraGlaze 961511 Pevnost, lehkost a v\u0161estrannost &#8211; to jsou hlavn\u00ed rysy kolekce NUBES. Rafinovan\u00e1 kolekce \u0161pi\u010dkov\u00fdch v\u00fdrobk\u016f pro n\u00e1ro\u010dn\u00e9 z\u00e1kazn\u00edky, kte\u0159\u00ed hledaj\u00ed modern\u00ed estetiku. Charakteristick\u00fdmi rysy umyvadel NUBES jsou jejich hranatost a vnit\u0159n\u00ed zaoblenost pro snadn\u00e9 pou\u017e\u00edv\u00e1n\u00ed. Okraj umyvadla, z n\u011bho\u017e je viditeln\u00fdch pouh\u00fdch osm centimetr\u016f, zaji\u0161\u0165uje [&hellip;]\" \/>\n<meta property=\"og:url\" content=\"https:\/\/www.oknobuild.com\/index.php\/produkt\/znackovy-gsi-nubes-zavesna-wc-misa-swirlflush-35x55cm-bila-extraglaze-961511-41124\/\" \/>\n<meta property=\"og:image\" content=\"https:\/\/www.oknobuild.com\/wp-content\/uploads\/2026\/SK0017039-CZ20260425-093041-0-1777080643-08e344cecbc3bf47dd93620c3a5218b5.webp\" \/>\n\t<meta property=\"og:image:width\" content=\"1000\" \/>\n\t<meta property=\"og:image:height\" content=\"761\" \/>\n\t<meta property=\"og:image:type\" content=\"image\/webp\" \/>\n<meta name=\"twitter:card\" content=\"summary_large_image\" \/>\n<meta name=\"twitter:label1\" content=\"Odhadovan\u00e1 doba \u010dten\u00ed\" \/>\n\t<meta name=\"twitter:data1\" content=\"2 minuty\" \/>\n<script type=\"application\/ld+json\" class=\"yoast-schema-graph\">{\"@context\":\"https:\/\/schema.org\",\"@graph\":[{\"@type\":\"WebPage\",\"@id\":\"https:\/\/www.oknobuild.com\/index.php\/produkt\/znackovy-gsi-nubes-zavesna-wc-misa-swirlflush-35x55cm-bila-extraglaze-961511-41124\/\",\"url\":\"https:\/\/www.oknobuild.com\/index.php\/produkt\/znackovy-gsi-nubes-zavesna-wc-misa-swirlflush-35x55cm-bila-extraglaze-961511-41124\/\",\"name\":\"Zna\u010dkov\u00fd GSI NUBES z\u00e1v\u011bsn\u00e1 WC m\u00edsa, Swirlflush, 35x55cm, b\u00edl\u00e1 ExtraGlaze 961511 -\",\"isPartOf\":{\"@id\":\"https:\/\/www.oknobuild.com\/#website\"},\"primaryImageOfPage\":{\"@id\":\"https:\/\/www.oknobuild.com\/index.php\/produkt\/znackovy-gsi-nubes-zavesna-wc-misa-swirlflush-35x55cm-bila-extraglaze-961511-41124\/#primaryimage\"},\"image\":{\"@id\":\"https:\/\/www.oknobuild.com\/index.php\/produkt\/znackovy-gsi-nubes-zavesna-wc-misa-swirlflush-35x55cm-bila-extraglaze-961511-41124\/#primaryimage\"},\"thumbnailUrl\":\"https:\/\/www.oknobuild.com\/wp-content\/uploads\/2026\/SK0017039-CZ20260425-093041-0-1777080643-08e344cecbc3bf47dd93620c3a5218b5.webp\",\"datePublished\":\"2026-04-27T04:42:22+00:00\",\"breadcrumb\":{\"@id\":\"https:\/\/www.oknobuild.com\/index.php\/produkt\/znackovy-gsi-nubes-zavesna-wc-misa-swirlflush-35x55cm-bila-extraglaze-961511-41124\/#breadcrumb\"},\"inLanguage\":\"cs\",\"potentialAction\":[{\"@type\":\"ReadAction\",\"target\":[\"https:\/\/www.oknobuild.com\/index.php\/produkt\/znackovy-gsi-nubes-zavesna-wc-misa-swirlflush-35x55cm-bila-extraglaze-961511-41124\/\"]}]},{\"@type\":\"ImageObject\",\"inLanguage\":\"cs\",\"@id\":\"https:\/\/www.oknobuild.com\/index.php\/produkt\/znackovy-gsi-nubes-zavesna-wc-misa-swirlflush-35x55cm-bila-extraglaze-961511-41124\/#primaryimage\",\"url\":\"https:\/\/www.oknobuild.com\/wp-content\/uploads\/2026\/SK0017039-CZ20260425-093041-0-1777080643-08e344cecbc3bf47dd93620c3a5218b5.webp\",\"contentUrl\":\"https:\/\/www.oknobuild.com\/wp-content\/uploads\/2026\/SK0017039-CZ20260425-093041-0-1777080643-08e344cecbc3bf47dd93620c3a5218b5.webp\",\"width\":1000,\"height\":761},{\"@type\":\"BreadcrumbList\",\"@id\":\"https:\/\/www.oknobuild.com\/index.php\/produkt\/znackovy-gsi-nubes-zavesna-wc-misa-swirlflush-35x55cm-bila-extraglaze-961511-41124\/#breadcrumb\",\"itemListElement\":[{\"@type\":\"ListItem\",\"position\":1,\"name\":\"Home\",\"item\":\"https:\/\/www.oknobuild.com\/\"},{\"@type\":\"ListItem\",\"position\":2,\"name\":\"Products\",\"item\":\"https:\/\/www.oknobuild.com\/index.php\/products\/\"},{\"@type\":\"ListItem\",\"position\":3,\"name\":\"Zna\u010dkov\u00fd GSI NUBES z\u00e1v\u011bsn\u00e1 WC m\u00edsa, Swirlflush, 35x55cm, b\u00edl\u00e1 ExtraGlaze 961511\"}]},{\"@type\":\"WebSite\",\"@id\":\"https:\/\/www.oknobuild.com\/#website\",\"url\":\"https:\/\/www.oknobuild.com\/\",\"name\":\"\",\"description\":\"\",\"potentialAction\":[{\"@type\":\"SearchAction\",\"target\":{\"@type\":\"EntryPoint\",\"urlTemplate\":\"https:\/\/www.oknobuild.com\/?s={search_term_string}\"},\"query-input\":{\"@type\":\"PropertyValueSpecification\",\"valueRequired\":true,\"valueName\":\"search_term_string\"}}],\"inLanguage\":\"cs\"}]}<\/script>\n<!-- \/ Yoast SEO plugin. -->","yoast_head_json":{"title":"Zna\u010dkov\u00fd GSI NUBES z\u00e1v\u011bsn\u00e1 WC m\u00edsa, Swirlflush, 35x55cm, b\u00edl\u00e1 ExtraGlaze 961511 -","robots":{"index":"index","follow":"follow","max-snippet":"max-snippet:-1","max-image-preview":"max-image-preview:large","max-video-preview":"max-video-preview:-1"},"canonical":"https:\/\/www.oknobuild.com\/index.php\/produkt\/znackovy-gsi-nubes-zavesna-wc-misa-swirlflush-35x55cm-bila-extraglaze-961511-41124\/","og_locale":"cs_CZ","og_type":"article","og_title":"Zna\u010dkov\u00fd GSI NUBES z\u00e1v\u011bsn\u00e1 WC m\u00edsa, Swirlflush, 35x55cm, b\u00edl\u00e1 ExtraGlaze 961511 -","og_description":"GSI NUBES z\u00e1v\u011bsn\u00e1 WC m\u00edsa, Swirlflush, 35x55cm, b\u00edl\u00e1 ExtraGlaze 961511 Pevnost, lehkost a v\u0161estrannost &#8211; to jsou hlavn\u00ed rysy kolekce NUBES. Rafinovan\u00e1 kolekce \u0161pi\u010dkov\u00fdch v\u00fdrobk\u016f pro n\u00e1ro\u010dn\u00e9 z\u00e1kazn\u00edky, kte\u0159\u00ed hledaj\u00ed modern\u00ed estetiku. Charakteristick\u00fdmi rysy umyvadel NUBES jsou jejich hranatost a vnit\u0159n\u00ed zaoblenost pro snadn\u00e9 pou\u017e\u00edv\u00e1n\u00ed. Okraj umyvadla, z n\u011bho\u017e je viditeln\u00fdch pouh\u00fdch osm centimetr\u016f, zaji\u0161\u0165uje [&hellip;]","og_url":"https:\/\/www.oknobuild.com\/index.php\/produkt\/znackovy-gsi-nubes-zavesna-wc-misa-swirlflush-35x55cm-bila-extraglaze-961511-41124\/","og_image":[{"width":1000,"height":761,"url":"https:\/\/www.oknobuild.com\/wp-content\/uploads\/2026\/SK0017039-CZ20260425-093041-0-1777080643-08e344cecbc3bf47dd93620c3a5218b5.webp","type":"image\/webp"}],"twitter_card":"summary_large_image","twitter_misc":{"Odhadovan\u00e1 doba \u010dten\u00ed":"2 minuty"},"schema":{"@context":"https:\/\/schema.org","@graph":[{"@type":"WebPage","@id":"https:\/\/www.oknobuild.com\/index.php\/produkt\/znackovy-gsi-nubes-zavesna-wc-misa-swirlflush-35x55cm-bila-extraglaze-961511-41124\/","url":"https:\/\/www.oknobuild.com\/index.php\/produkt\/znackovy-gsi-nubes-zavesna-wc-misa-swirlflush-35x55cm-bila-extraglaze-961511-41124\/","name":"Zna\u010dkov\u00fd GSI NUBES z\u00e1v\u011bsn\u00e1 WC m\u00edsa, Swirlflush, 35x55cm, b\u00edl\u00e1 ExtraGlaze 961511 -","isPartOf":{"@id":"https:\/\/www.oknobuild.com\/#website"},"primaryImageOfPage":{"@id":"https:\/\/www.oknobuild.com\/index.php\/produkt\/znackovy-gsi-nubes-zavesna-wc-misa-swirlflush-35x55cm-bila-extraglaze-961511-41124\/#primaryimage"},"image":{"@id":"https:\/\/www.oknobuild.com\/index.php\/produkt\/znackovy-gsi-nubes-zavesna-wc-misa-swirlflush-35x55cm-bila-extraglaze-961511-41124\/#primaryimage"},"thumbnailUrl":"https:\/\/www.oknobuild.com\/wp-content\/uploads\/2026\/SK0017039-CZ20260425-093041-0-1777080643-08e344cecbc3bf47dd93620c3a5218b5.webp","datePublished":"2026-04-27T04:42:22+00:00","breadcrumb":{"@id":"https:\/\/www.oknobuild.com\/index.php\/produkt\/znackovy-gsi-nubes-zavesna-wc-misa-swirlflush-35x55cm-bila-extraglaze-961511-41124\/#breadcrumb"},"inLanguage":"cs","potentialAction":[{"@type":"ReadAction","target":["https:\/\/www.oknobuild.com\/index.php\/produkt\/znackovy-gsi-nubes-zavesna-wc-misa-swirlflush-35x55cm-bila-extraglaze-961511-41124\/"]}]},{"@type":"ImageObject","inLanguage":"cs","@id":"https:\/\/www.oknobuild.com\/index.php\/produkt\/znackovy-gsi-nubes-zavesna-wc-misa-swirlflush-35x55cm-bila-extraglaze-961511-41124\/#primaryimage","url":"https:\/\/www.oknobuild.com\/wp-content\/uploads\/2026\/SK0017039-CZ20260425-093041-0-1777080643-08e344cecbc3bf47dd93620c3a5218b5.webp","contentUrl":"https:\/\/www.oknobuild.com\/wp-content\/uploads\/2026\/SK0017039-CZ20260425-093041-0-1777080643-08e344cecbc3bf47dd93620c3a5218b5.webp","width":1000,"height":761},{"@type":"BreadcrumbList","@id":"https:\/\/www.oknobuild.com\/index.php\/produkt\/znackovy-gsi-nubes-zavesna-wc-misa-swirlflush-35x55cm-bila-extraglaze-961511-41124\/#breadcrumb","itemListElement":[{"@type":"ListItem","position":1,"name":"Home","item":"https:\/\/www.oknobuild.com\/"},{"@type":"ListItem","position":2,"name":"Products","item":"https:\/\/www.oknobuild.com\/index.php\/products\/"},{"@type":"ListItem","position":3,"name":"Zna\u010dkov\u00fd GSI NUBES z\u00e1v\u011bsn\u00e1 WC m\u00edsa, Swirlflush, 35x55cm, b\u00edl\u00e1 ExtraGlaze 961511"}]},{"@type":"WebSite","@id":"https:\/\/www.oknobuild.com\/#website","url":"https:\/\/www.oknobuild.com\/","name":"","description":"","potentialAction":[{"@type":"SearchAction","target":{"@type":"EntryPoint","urlTemplate":"https:\/\/www.oknobuild.com\/?s={search_term_string}"},"query-input":{"@type":"PropertyValueSpecification","valueRequired":true,"valueName":"search_term_string"}}],"inLanguage":"cs"}]}},"_links":{"self":[{"href":"https:\/\/www.oknobuild.com\/index.php\/wp-json\/wp\/v2\/product\/41124","targetHints":{"allow":["GET"]}}],"collection":[{"href":"https:\/\/www.oknobuild.com\/index.php\/wp-json\/wp\/v2\/product"}],"about":[{"href":"https:\/\/www.oknobuild.com\/index.php\/wp-json\/wp\/v2\/types\/product"}],"replies":[{"embeddable":true,"href":"https:\/\/www.oknobuild.com\/index.php\/wp-json\/wp\/v2\/comments?post=41124"}],"wp:featuredmedia":[{"embeddable":true,"href":"https:\/\/www.oknobuild.com\/index.php\/wp-json\/wp\/v2\/media\/41224"}],"wp:attachment":[{"href":"https:\/\/www.oknobuild.com\/index.php\/wp-json\/wp\/v2\/media?parent=41124"}],"wp:term":[{"taxonomy":"product_brand","embeddable":true,"href":"https:\/\/www.oknobuild.com\/index.php\/wp-json\/wp\/v2\/product_brand?post=41124"},{"taxonomy":"product_cat","embeddable":true,"href":"https:\/\/www.oknobuild.com\/index.php\/wp-json\/wp\/v2\/product_cat?post=41124"},{"taxonomy":"product_tag","embeddable":true,"href":"https:\/\/www.oknobuild.com\/index.php\/wp-json\/wp\/v2\/product_tag?post=41124"}],"curies":[{"name":"wp","href":"https:\/\/api.w.org\/{rel}","templated":true}]}}