{"id":41185,"date":"2026-04-27T04:42:22","date_gmt":"2026-04-27T04:42:22","guid":{"rendered":""},"modified":"2026-04-27T04:42:22","modified_gmt":"2026-04-27T04:42:22","slug":"akcni-cena-gsi-classic-wc-sedatko-soft-close-orech-bronz-ms87nbc-41185","status":"publish","type":"product","link":"https:\/\/www.oknobuild.com\/index.php\/produkt\/akcni-cena-gsi-classic-wc-sedatko-soft-close-orech-bronz-ms87nbc-41185\/","title":{"rendered":"Ak\u010dn\u00ed Cena GSI CLASSIC WC sed\u00e1tko, Soft Close, o\u0159ech\/bronz MS87NBC"},"content":{"rendered":"<div class=\"tabs__content-outer\" id=\"tab_description\" data-hash=\"description\" data-tabindex=\"-1\">\n<div class=\"tabs__content toggle_description\" id=\"content_description\">\n<div class=\"wysiwyg-content\">\n<div class=\"product__tab product__description full-width\">\n<div class=\"container\">\n<div >\n<h3>GSI CLASSIC WC sed\u00e1tko, Soft Close, o\u0159ech\/bronz MS87NBC<\/h3>\n<p style=\"text-align: justify;\">S\u00e9rie CLASSIC vyza\u0159uje eleganci prost\u0159ednictv\u00edm okam\u017eit\u011b a jasn\u011b rozpoznateln\u00fdch stylistick\u00fdch rys\u016f t\u00e9to produktov\u00e9 \u0159ady: klasick\u00fd tvar umyvadel, toalet a bidet\u016f. V\u00fdrobky maj\u00ed vyv\u00e1\u017een\u00e9, robustn\u00ed tvary se zjevn\u00fdm neoklasicistn\u00edm designem. Jedn\u00e1 se o nad\u010dasov\u00e9 v\u00fdrobky, kter\u00e9 dotvo\u0159\u00ed koupelnu.<\/p>\n<div class=\"product-explanation-item\">\n<h3>SoftClose<\/h3>\n<div style=\"float: left;\"><\/div>\n<p style=\"text-align: justify;\">Pomoc\u00ed hydraulick\u00e9ho syst\u00e9mu v\u00edko i sed\u00e1tko pomalu dopadaj\u00ed na m\u00edsu. Pozvoln\u00e9 skl\u00e1p\u011bn\u00ed sed\u00e1tka i v\u00edka zaru\u010duje bezpe\u010dnost a zabra\u0148uje po\u0161kozen\u00ed sed\u00e1tka i WC m\u00edsy\/urin\u00e1lu.<\/p>\n<div style=\"float: left;\"><\/div>\n<div style=\"clear: both;\">\u00a0<\/div>\n<\/p><\/div>\n<p> <\/p>\n<p><strong>Vlastnosti<\/strong><\/p>\n<ul>\n<li><span>Barva:<\/span> Hn\u011bd\u00e1<\/li>\n<li><span>Tvar:<\/span> Pro konkr\u00e9tn\u00ed WC<\/li>\n<li><span>V\u00fdbava:<\/span> Soft Close (pomal\u00e9 skl\u00e1p\u011bn\u00ed)<\/li>\n<\/ul>\n<\/div><\/div>\n<\/p><\/div>\n<\/p><\/div>\n<\/p><\/div>\n","protected":false},"excerpt":{"rendered":"<p>GSI CLASSIC WC sed\u00e1tko, Soft Close, o\u0159ech\/bronz MS87NBC S\u00e9rie CLASSIC vyza\u0159uje eleganci prost\u0159ednictv\u00edm okam\u017eit\u011b a jasn\u011b rozpoznateln\u00fdch stylistick\u00fdch rys\u016f t\u00e9to produktov\u00e9 \u0159ady: klasick\u00fd tvar umyvadel, toalet a bidet\u016f. V\u00fdrobky maj\u00ed vyv\u00e1\u017een\u00e9, robustn\u00ed tvary se zjevn\u00fdm neoklasicistn\u00edm designem. Jedn\u00e1 se o nad\u010dasov\u00e9 v\u00fdrobky, kter\u00e9 dotvo\u0159\u00ed koupelnu. SoftClose Pomoc\u00ed hydraulick\u00e9ho syst\u00e9mu v\u00edko i sed\u00e1tko pomalu dopadaj\u00ed na [&hellip;]<\/p>\n","protected":false},"featured_media":41285,"comment_status":"open","ping_status":"open","template":"","meta":[],"product_brand":[],"product_cat":[71],"product_tag":[],"class_list":{"0":"post-41185","1":"product","2":"type-product","3":"status-publish","4":"has-post-thumbnail","6":"product_cat-koupelna","8":"first","9":"instock","10":"sale","11":"shipping-taxable","12":"purchasable","13":"product-type-simple"},"yoast_head":"<!-- This site is optimized with the Yoast SEO plugin v26.8 - https:\/\/yoast.com\/product\/yoast-seo-wordpress\/ -->\n<title>Ak\u010dn\u00ed Cena GSI CLASSIC WC sed\u00e1tko, Soft Close, o\u0159ech\/bronz MS87NBC -<\/title>\n<meta name=\"robots\" content=\"index, follow, max-snippet:-1, max-image-preview:large, max-video-preview:-1\" \/>\n<link rel=\"canonical\" href=\"https:\/\/www.oknobuild.com\/index.php\/produkt\/akcni-cena-gsi-classic-wc-sedatko-soft-close-orech-bronz-ms87nbc-41185\/\" \/>\n<meta property=\"og:locale\" content=\"cs_CZ\" \/>\n<meta property=\"og:type\" content=\"article\" \/>\n<meta property=\"og:title\" content=\"Ak\u010dn\u00ed Cena GSI CLASSIC WC sed\u00e1tko, Soft Close, o\u0159ech\/bronz MS87NBC -\" \/>\n<meta property=\"og:description\" content=\"GSI CLASSIC WC sed\u00e1tko, Soft Close, o\u0159ech\/bronz MS87NBC S\u00e9rie CLASSIC vyza\u0159uje eleganci prost\u0159ednictv\u00edm okam\u017eit\u011b a jasn\u011b rozpoznateln\u00fdch stylistick\u00fdch rys\u016f t\u00e9to produktov\u00e9 \u0159ady: klasick\u00fd tvar umyvadel, toalet a bidet\u016f. V\u00fdrobky maj\u00ed vyv\u00e1\u017een\u00e9, robustn\u00ed tvary se zjevn\u00fdm neoklasicistn\u00edm designem. Jedn\u00e1 se o nad\u010dasov\u00e9 v\u00fdrobky, kter\u00e9 dotvo\u0159\u00ed koupelnu. SoftClose Pomoc\u00ed hydraulick\u00e9ho syst\u00e9mu v\u00edko i sed\u00e1tko pomalu dopadaj\u00ed na [&hellip;]\" \/>\n<meta property=\"og:url\" content=\"https:\/\/www.oknobuild.com\/index.php\/produkt\/akcni-cena-gsi-classic-wc-sedatko-soft-close-orech-bronz-ms87nbc-41185\/\" \/>\n<meta property=\"og:image\" content=\"https:\/\/www.oknobuild.com\/wp-content\/uploads\/2026\/SK0017102-CZ20260425-093041-0-1777080643-aed1dd2fbd940439683b58e9d4f83c44.webp\" \/>\n\t<meta property=\"og:image:width\" content=\"1000\" \/>\n\t<meta property=\"og:image:height\" content=\"336\" \/>\n\t<meta property=\"og:image:type\" content=\"image\/webp\" \/>\n<meta name=\"twitter:card\" content=\"summary_large_image\" \/>\n<meta name=\"twitter:label1\" content=\"Odhadovan\u00e1 doba \u010dten\u00ed\" \/>\n\t<meta name=\"twitter:data1\" content=\"1 minuta\" \/>\n<script type=\"application\/ld+json\" class=\"yoast-schema-graph\">{\"@context\":\"https:\/\/schema.org\",\"@graph\":[{\"@type\":\"WebPage\",\"@id\":\"https:\/\/www.oknobuild.com\/index.php\/produkt\/akcni-cena-gsi-classic-wc-sedatko-soft-close-orech-bronz-ms87nbc-41185\/\",\"url\":\"https:\/\/www.oknobuild.com\/index.php\/produkt\/akcni-cena-gsi-classic-wc-sedatko-soft-close-orech-bronz-ms87nbc-41185\/\",\"name\":\"Ak\u010dn\u00ed Cena GSI CLASSIC WC sed\u00e1tko, Soft Close, o\u0159ech\/bronz MS87NBC -\",\"isPartOf\":{\"@id\":\"https:\/\/www.oknobuild.com\/#website\"},\"primaryImageOfPage\":{\"@id\":\"https:\/\/www.oknobuild.com\/index.php\/produkt\/akcni-cena-gsi-classic-wc-sedatko-soft-close-orech-bronz-ms87nbc-41185\/#primaryimage\"},\"image\":{\"@id\":\"https:\/\/www.oknobuild.com\/index.php\/produkt\/akcni-cena-gsi-classic-wc-sedatko-soft-close-orech-bronz-ms87nbc-41185\/#primaryimage\"},\"thumbnailUrl\":\"https:\/\/www.oknobuild.com\/wp-content\/uploads\/2026\/SK0017102-CZ20260425-093041-0-1777080643-aed1dd2fbd940439683b58e9d4f83c44.webp\",\"datePublished\":\"2026-04-27T04:42:22+00:00\",\"breadcrumb\":{\"@id\":\"https:\/\/www.oknobuild.com\/index.php\/produkt\/akcni-cena-gsi-classic-wc-sedatko-soft-close-orech-bronz-ms87nbc-41185\/#breadcrumb\"},\"inLanguage\":\"cs\",\"potentialAction\":[{\"@type\":\"ReadAction\",\"target\":[\"https:\/\/www.oknobuild.com\/index.php\/produkt\/akcni-cena-gsi-classic-wc-sedatko-soft-close-orech-bronz-ms87nbc-41185\/\"]}]},{\"@type\":\"ImageObject\",\"inLanguage\":\"cs\",\"@id\":\"https:\/\/www.oknobuild.com\/index.php\/produkt\/akcni-cena-gsi-classic-wc-sedatko-soft-close-orech-bronz-ms87nbc-41185\/#primaryimage\",\"url\":\"https:\/\/www.oknobuild.com\/wp-content\/uploads\/2026\/SK0017102-CZ20260425-093041-0-1777080643-aed1dd2fbd940439683b58e9d4f83c44.webp\",\"contentUrl\":\"https:\/\/www.oknobuild.com\/wp-content\/uploads\/2026\/SK0017102-CZ20260425-093041-0-1777080643-aed1dd2fbd940439683b58e9d4f83c44.webp\",\"width\":1000,\"height\":336},{\"@type\":\"BreadcrumbList\",\"@id\":\"https:\/\/www.oknobuild.com\/index.php\/produkt\/akcni-cena-gsi-classic-wc-sedatko-soft-close-orech-bronz-ms87nbc-41185\/#breadcrumb\",\"itemListElement\":[{\"@type\":\"ListItem\",\"position\":1,\"name\":\"Home\",\"item\":\"https:\/\/www.oknobuild.com\/\"},{\"@type\":\"ListItem\",\"position\":2,\"name\":\"Products\",\"item\":\"https:\/\/www.oknobuild.com\/index.php\/products\/\"},{\"@type\":\"ListItem\",\"position\":3,\"name\":\"Ak\u010dn\u00ed Cena GSI CLASSIC WC sed\u00e1tko, Soft Close, o\u0159ech\/bronz MS87NBC\"}]},{\"@type\":\"WebSite\",\"@id\":\"https:\/\/www.oknobuild.com\/#website\",\"url\":\"https:\/\/www.oknobuild.com\/\",\"name\":\"\",\"description\":\"\",\"potentialAction\":[{\"@type\":\"SearchAction\",\"target\":{\"@type\":\"EntryPoint\",\"urlTemplate\":\"https:\/\/www.oknobuild.com\/?s={search_term_string}\"},\"query-input\":{\"@type\":\"PropertyValueSpecification\",\"valueRequired\":true,\"valueName\":\"search_term_string\"}}],\"inLanguage\":\"cs\"}]}<\/script>\n<!-- \/ Yoast SEO plugin. -->","yoast_head_json":{"title":"Ak\u010dn\u00ed Cena GSI CLASSIC WC sed\u00e1tko, Soft Close, o\u0159ech\/bronz MS87NBC -","robots":{"index":"index","follow":"follow","max-snippet":"max-snippet:-1","max-image-preview":"max-image-preview:large","max-video-preview":"max-video-preview:-1"},"canonical":"https:\/\/www.oknobuild.com\/index.php\/produkt\/akcni-cena-gsi-classic-wc-sedatko-soft-close-orech-bronz-ms87nbc-41185\/","og_locale":"cs_CZ","og_type":"article","og_title":"Ak\u010dn\u00ed Cena GSI CLASSIC WC sed\u00e1tko, Soft Close, o\u0159ech\/bronz MS87NBC -","og_description":"GSI CLASSIC WC sed\u00e1tko, Soft Close, o\u0159ech\/bronz MS87NBC S\u00e9rie CLASSIC vyza\u0159uje eleganci prost\u0159ednictv\u00edm okam\u017eit\u011b a jasn\u011b rozpoznateln\u00fdch stylistick\u00fdch rys\u016f t\u00e9to produktov\u00e9 \u0159ady: klasick\u00fd tvar umyvadel, toalet a bidet\u016f. V\u00fdrobky maj\u00ed vyv\u00e1\u017een\u00e9, robustn\u00ed tvary se zjevn\u00fdm neoklasicistn\u00edm designem. Jedn\u00e1 se o nad\u010dasov\u00e9 v\u00fdrobky, kter\u00e9 dotvo\u0159\u00ed koupelnu. SoftClose Pomoc\u00ed hydraulick\u00e9ho syst\u00e9mu v\u00edko i sed\u00e1tko pomalu dopadaj\u00ed na [&hellip;]","og_url":"https:\/\/www.oknobuild.com\/index.php\/produkt\/akcni-cena-gsi-classic-wc-sedatko-soft-close-orech-bronz-ms87nbc-41185\/","og_image":[{"width":1000,"height":336,"url":"https:\/\/www.oknobuild.com\/wp-content\/uploads\/2026\/SK0017102-CZ20260425-093041-0-1777080643-aed1dd2fbd940439683b58e9d4f83c44.webp","type":"image\/webp"}],"twitter_card":"summary_large_image","twitter_misc":{"Odhadovan\u00e1 doba \u010dten\u00ed":"1 minuta"},"schema":{"@context":"https:\/\/schema.org","@graph":[{"@type":"WebPage","@id":"https:\/\/www.oknobuild.com\/index.php\/produkt\/akcni-cena-gsi-classic-wc-sedatko-soft-close-orech-bronz-ms87nbc-41185\/","url":"https:\/\/www.oknobuild.com\/index.php\/produkt\/akcni-cena-gsi-classic-wc-sedatko-soft-close-orech-bronz-ms87nbc-41185\/","name":"Ak\u010dn\u00ed Cena GSI CLASSIC WC sed\u00e1tko, Soft Close, o\u0159ech\/bronz MS87NBC -","isPartOf":{"@id":"https:\/\/www.oknobuild.com\/#website"},"primaryImageOfPage":{"@id":"https:\/\/www.oknobuild.com\/index.php\/produkt\/akcni-cena-gsi-classic-wc-sedatko-soft-close-orech-bronz-ms87nbc-41185\/#primaryimage"},"image":{"@id":"https:\/\/www.oknobuild.com\/index.php\/produkt\/akcni-cena-gsi-classic-wc-sedatko-soft-close-orech-bronz-ms87nbc-41185\/#primaryimage"},"thumbnailUrl":"https:\/\/www.oknobuild.com\/wp-content\/uploads\/2026\/SK0017102-CZ20260425-093041-0-1777080643-aed1dd2fbd940439683b58e9d4f83c44.webp","datePublished":"2026-04-27T04:42:22+00:00","breadcrumb":{"@id":"https:\/\/www.oknobuild.com\/index.php\/produkt\/akcni-cena-gsi-classic-wc-sedatko-soft-close-orech-bronz-ms87nbc-41185\/#breadcrumb"},"inLanguage":"cs","potentialAction":[{"@type":"ReadAction","target":["https:\/\/www.oknobuild.com\/index.php\/produkt\/akcni-cena-gsi-classic-wc-sedatko-soft-close-orech-bronz-ms87nbc-41185\/"]}]},{"@type":"ImageObject","inLanguage":"cs","@id":"https:\/\/www.oknobuild.com\/index.php\/produkt\/akcni-cena-gsi-classic-wc-sedatko-soft-close-orech-bronz-ms87nbc-41185\/#primaryimage","url":"https:\/\/www.oknobuild.com\/wp-content\/uploads\/2026\/SK0017102-CZ20260425-093041-0-1777080643-aed1dd2fbd940439683b58e9d4f83c44.webp","contentUrl":"https:\/\/www.oknobuild.com\/wp-content\/uploads\/2026\/SK0017102-CZ20260425-093041-0-1777080643-aed1dd2fbd940439683b58e9d4f83c44.webp","width":1000,"height":336},{"@type":"BreadcrumbList","@id":"https:\/\/www.oknobuild.com\/index.php\/produkt\/akcni-cena-gsi-classic-wc-sedatko-soft-close-orech-bronz-ms87nbc-41185\/#breadcrumb","itemListElement":[{"@type":"ListItem","position":1,"name":"Home","item":"https:\/\/www.oknobuild.com\/"},{"@type":"ListItem","position":2,"name":"Products","item":"https:\/\/www.oknobuild.com\/index.php\/products\/"},{"@type":"ListItem","position":3,"name":"Ak\u010dn\u00ed Cena GSI CLASSIC WC sed\u00e1tko, Soft Close, o\u0159ech\/bronz MS87NBC"}]},{"@type":"WebSite","@id":"https:\/\/www.oknobuild.com\/#website","url":"https:\/\/www.oknobuild.com\/","name":"","description":"","potentialAction":[{"@type":"SearchAction","target":{"@type":"EntryPoint","urlTemplate":"https:\/\/www.oknobuild.com\/?s={search_term_string}"},"query-input":{"@type":"PropertyValueSpecification","valueRequired":true,"valueName":"search_term_string"}}],"inLanguage":"cs"}]}},"_links":{"self":[{"href":"https:\/\/www.oknobuild.com\/index.php\/wp-json\/wp\/v2\/product\/41185","targetHints":{"allow":["GET"]}}],"collection":[{"href":"https:\/\/www.oknobuild.com\/index.php\/wp-json\/wp\/v2\/product"}],"about":[{"href":"https:\/\/www.oknobuild.com\/index.php\/wp-json\/wp\/v2\/types\/product"}],"replies":[{"embeddable":true,"href":"https:\/\/www.oknobuild.com\/index.php\/wp-json\/wp\/v2\/comments?post=41185"}],"wp:featuredmedia":[{"embeddable":true,"href":"https:\/\/www.oknobuild.com\/index.php\/wp-json\/wp\/v2\/media\/41285"}],"wp:attachment":[{"href":"https:\/\/www.oknobuild.com\/index.php\/wp-json\/wp\/v2\/media?parent=41185"}],"wp:term":[{"taxonomy":"product_brand","embeddable":true,"href":"https:\/\/www.oknobuild.com\/index.php\/wp-json\/wp\/v2\/product_brand?post=41185"},{"taxonomy":"product_cat","embeddable":true,"href":"https:\/\/www.oknobuild.com\/index.php\/wp-json\/wp\/v2\/product_cat?post=41185"},{"taxonomy":"product_tag","embeddable":true,"href":"https:\/\/www.oknobuild.com\/index.php\/wp-json\/wp\/v2\/product_tag?post=41185"}],"curies":[{"name":"wp","href":"https:\/\/api.w.org\/{rel}","templated":true}]}}