{"id":41187,"date":"2026-04-27T04:42:22","date_gmt":"2026-04-27T04:42:22","guid":{"rendered":""},"modified":"2026-04-27T04:42:22","modified_gmt":"2026-04-27T04:42:22","slug":"znackovy-gsi-nubes-keramicke-umyvatko-40x32cm-ghiaccio-mat-9684115-41187","status":"publish","type":"product","link":"https:\/\/www.oknobuild.com\/index.php\/produkt\/znackovy-gsi-nubes-keramicke-umyvatko-40x32cm-ghiaccio-mat-9684115-41187\/","title":{"rendered":"Zna\u010dkov\u00fd GSI NUBES keramick\u00e9 um\u00fdv\u00e1tko 40x32cm, ghiaccio mat 9684115"},"content":{"rendered":"<div class=\"tabs__content-outer\" id=\"tab_description\" data-hash=\"description\" data-tabindex=\"-1\">\n<div class=\"tabs__content toggle_description\" id=\"content_description\">\n<div class=\"wysiwyg-content\">\n<div class=\"product__tab product__description full-width\">\n<div class=\"container\">\n<div >\n<h3>GSI NUBES keramick\u00e9 um\u00fdv\u00e1tko 40x32cm, ghiaccio mat 9684115<\/h3>\n<p>Sanit\u00e1rn\u00ed keramika NUBES COLOR<\/p>\n<p>Pevnost, lehkost a v\u0161estrannost &#8211; to jsou hlavn\u00ed rysy kolekce NUBES COLOR. <br \/>Rafinovan\u00e1 kolekce \u0161pi\u010dkov\u00fdch v\u00fdrobk\u016f pro n\u00e1ro\u010dn\u00e9 z\u00e1kazn\u00edky, kte\u0159\u00ed hledaj\u00ed modern\u00ed estetiku. Charakteristick\u00fdmi rysy umyvadel NUBES jsou jejich hranatost a vnit\u0159n\u00ed zaoblenost pro snadn\u00e9 pou\u017e\u00edv\u00e1n\u00ed.<\/p>\n<p>S\u00e9rie NUBES COLOR zahrnuje keramick\u00e1 umyvadla na desku v 8 barevn\u00fdch variac\u00edch, vybran\u00e1 umyvadla na zav\u011b\u0161en\u00ed, WC m\u00edsy a bidety v proveden\u00ed b\u00edl\u00e1 mat a \u010dern\u00e1 mat.<\/p>\n<p>N\u00e1hled barevn\u00fdch variac\u00ed n\u00ed\u017ee. Re\u00e1ln\u00e9 proveden\u00ed barev se m\u016f\u017ee li\u0161it v n\u00e1vaznosti na nastaven\u00ed Va\u0161eho monitoru.<\/p>\n<p>Charakteristika s\u00e9rie:<\/p>\n<ul>\n<li><span>Hranat\u00e1 umyvadla s&nbsp;decentn\u011b zaoblen\u00fdmi rohy a \u0161t\u00edhlou hranou<\/span><\/li>\n<li><span>Ov\u00e1ln\u00e1 a kulat\u00e1 umyvadla se \u0161t\u00edhlou hranou<\/span><\/li>\n<li><span>Umyvadla lze doplnit v\u00fdpust\u00ed s keramickou z\u00e1tkou ve stejn\u00e9 barv\u011b<\/span><\/li>\n<li><span>WC m\u00edsy se splachovac\u00edm syst\u00e9mem SWIRLFLUSH&reg;<\/span><span>&nbsp;a SAVE WATER, kter\u00fd umo\u017e\u0148uje splachovat&nbsp;pouze 4,5 litry vody<\/span><\/li>\n<li>Sed\u00e1tka k z\u00e1v\u011bsn\u00fdm WC opat\u0159ena syst\u00e9mem&nbsp;SOFT CLOSE (pomal\u00e9 skl\u00e1p\u011bn\u00ed) a QUICK RELEASE (odn\u00edmateln\u00e9 sed\u00e1tko)<\/li>\n<\/ul>\n<p><\/p>\n<p><b>Vlastnosti<\/b><\/p>\n<ul>\n<li><span>Materi\u00e1l:<\/span> Keramika<\/li>\n<li><span>Barva:<\/span> Zelen\u00e1<\/li>\n<li><span>Instalace:<\/span> N\u00e1st\u011bnn\u00e1-\u0161rouby<\/li>\n<li><span>P\u0159epad:<\/span> Ne<\/li>\n<li><span>Tvar:<\/span> Obd\u00e9ln\u00edk<\/li>\n<li><span>Otvor pro baterii:<\/span> 1 otvor<\/li>\n<li><span>Rozm\u011br:<\/span> 40x16x32 cm<\/li>\n<li><span>\u0160\u00ed\u0159ka:<\/span> 400 mm<\/li>\n<li><span>V\u00fd\u0161ka:<\/span> 160 mm<\/li>\n<li><span>Hloubka:<\/span> 320 mm<\/li>\n<li><span>Typ umyvadla:<\/span> Um\u00fdv\u00e1tko (mal\u00e9)<\/li>\n<li><span>V\u00fdbava:<\/span> Dr\u017e\u00e1k ru\u010dn\u00edku &#8211; dopl\u0148kov\u00e1 v\u00fdbava<\/li>\n<\/ul>\n<\/div><\/div>\n<\/p><\/div>\n<\/p><\/div>\n<\/p><\/div>\n","protected":false},"excerpt":{"rendered":"<p>GSI NUBES keramick\u00e9 um\u00fdv\u00e1tko 40x32cm, ghiaccio mat 9684115 Sanit\u00e1rn\u00ed keramika NUBES COLOR Pevnost, lehkost a v\u0161estrannost &#8211; to jsou hlavn\u00ed rysy kolekce NUBES COLOR. Rafinovan\u00e1 kolekce \u0161pi\u010dkov\u00fdch v\u00fdrobk\u016f pro n\u00e1ro\u010dn\u00e9 z\u00e1kazn\u00edky, kte\u0159\u00ed hledaj\u00ed modern\u00ed estetiku. Charakteristick\u00fdmi rysy umyvadel NUBES jsou jejich hranatost a vnit\u0159n\u00ed zaoblenost pro snadn\u00e9 pou\u017e\u00edv\u00e1n\u00ed. S\u00e9rie NUBES COLOR zahrnuje keramick\u00e1 umyvadla na [&hellip;]<\/p>\n","protected":false},"featured_media":41287,"comment_status":"open","ping_status":"open","template":"","meta":[],"product_brand":[],"product_cat":[71],"product_tag":[],"class_list":{"0":"post-41187","1":"product","2":"type-product","3":"status-publish","4":"has-post-thumbnail","6":"product_cat-koupelna","8":"first","9":"instock","10":"sale","11":"shipping-taxable","12":"purchasable","13":"product-type-simple"},"yoast_head":"<!-- This site is optimized with the Yoast SEO plugin v26.8 - https:\/\/yoast.com\/product\/yoast-seo-wordpress\/ -->\n<title>Zna\u010dkov\u00fd GSI NUBES keramick\u00e9 um\u00fdv\u00e1tko 40x32cm, ghiaccio mat 9684115 -<\/title>\n<meta name=\"robots\" content=\"index, follow, max-snippet:-1, max-image-preview:large, max-video-preview:-1\" \/>\n<link rel=\"canonical\" href=\"https:\/\/www.oknobuild.com\/index.php\/produkt\/znackovy-gsi-nubes-keramicke-umyvatko-40x32cm-ghiaccio-mat-9684115-41187\/\" \/>\n<meta property=\"og:locale\" content=\"cs_CZ\" \/>\n<meta property=\"og:type\" content=\"article\" \/>\n<meta property=\"og:title\" content=\"Zna\u010dkov\u00fd GSI NUBES keramick\u00e9 um\u00fdv\u00e1tko 40x32cm, ghiaccio mat 9684115 -\" \/>\n<meta property=\"og:description\" content=\"GSI NUBES keramick\u00e9 um\u00fdv\u00e1tko 40x32cm, ghiaccio mat 9684115 Sanit\u00e1rn\u00ed keramika NUBES COLOR Pevnost, lehkost a v\u0161estrannost &#8211; to jsou hlavn\u00ed rysy kolekce NUBES COLOR. Rafinovan\u00e1 kolekce \u0161pi\u010dkov\u00fdch v\u00fdrobk\u016f pro n\u00e1ro\u010dn\u00e9 z\u00e1kazn\u00edky, kte\u0159\u00ed hledaj\u00ed modern\u00ed estetiku. Charakteristick\u00fdmi rysy umyvadel NUBES jsou jejich hranatost a vnit\u0159n\u00ed zaoblenost pro snadn\u00e9 pou\u017e\u00edv\u00e1n\u00ed. S\u00e9rie NUBES COLOR zahrnuje keramick\u00e1 umyvadla na [&hellip;]\" \/>\n<meta property=\"og:url\" content=\"https:\/\/www.oknobuild.com\/index.php\/produkt\/znackovy-gsi-nubes-keramicke-umyvatko-40x32cm-ghiaccio-mat-9684115-41187\/\" \/>\n<meta property=\"og:image\" content=\"https:\/\/www.oknobuild.com\/wp-content\/uploads\/2026\/SK0017104-CZ20260425-093041-0-1777080643-749c38afbdec44ad60bfbc58f8b9f901.webp\" \/>\n\t<meta property=\"og:image:width\" content=\"923\" \/>\n\t<meta property=\"og:image:height\" content=\"553\" \/>\n\t<meta property=\"og:image:type\" content=\"image\/webp\" \/>\n<meta name=\"twitter:card\" content=\"summary_large_image\" \/>\n<meta name=\"twitter:label1\" content=\"Odhadovan\u00e1 doba \u010dten\u00ed\" \/>\n\t<meta name=\"twitter:data1\" content=\"1 minuta\" \/>\n<script type=\"application\/ld+json\" class=\"yoast-schema-graph\">{\"@context\":\"https:\/\/schema.org\",\"@graph\":[{\"@type\":\"WebPage\",\"@id\":\"https:\/\/www.oknobuild.com\/index.php\/produkt\/znackovy-gsi-nubes-keramicke-umyvatko-40x32cm-ghiaccio-mat-9684115-41187\/\",\"url\":\"https:\/\/www.oknobuild.com\/index.php\/produkt\/znackovy-gsi-nubes-keramicke-umyvatko-40x32cm-ghiaccio-mat-9684115-41187\/\",\"name\":\"Zna\u010dkov\u00fd GSI NUBES keramick\u00e9 um\u00fdv\u00e1tko 40x32cm, ghiaccio mat 9684115 -\",\"isPartOf\":{\"@id\":\"https:\/\/www.oknobuild.com\/#website\"},\"primaryImageOfPage\":{\"@id\":\"https:\/\/www.oknobuild.com\/index.php\/produkt\/znackovy-gsi-nubes-keramicke-umyvatko-40x32cm-ghiaccio-mat-9684115-41187\/#primaryimage\"},\"image\":{\"@id\":\"https:\/\/www.oknobuild.com\/index.php\/produkt\/znackovy-gsi-nubes-keramicke-umyvatko-40x32cm-ghiaccio-mat-9684115-41187\/#primaryimage\"},\"thumbnailUrl\":\"https:\/\/www.oknobuild.com\/wp-content\/uploads\/2026\/SK0017104-CZ20260425-093041-0-1777080643-749c38afbdec44ad60bfbc58f8b9f901.webp\",\"datePublished\":\"2026-04-27T04:42:22+00:00\",\"breadcrumb\":{\"@id\":\"https:\/\/www.oknobuild.com\/index.php\/produkt\/znackovy-gsi-nubes-keramicke-umyvatko-40x32cm-ghiaccio-mat-9684115-41187\/#breadcrumb\"},\"inLanguage\":\"cs\",\"potentialAction\":[{\"@type\":\"ReadAction\",\"target\":[\"https:\/\/www.oknobuild.com\/index.php\/produkt\/znackovy-gsi-nubes-keramicke-umyvatko-40x32cm-ghiaccio-mat-9684115-41187\/\"]}]},{\"@type\":\"ImageObject\",\"inLanguage\":\"cs\",\"@id\":\"https:\/\/www.oknobuild.com\/index.php\/produkt\/znackovy-gsi-nubes-keramicke-umyvatko-40x32cm-ghiaccio-mat-9684115-41187\/#primaryimage\",\"url\":\"https:\/\/www.oknobuild.com\/wp-content\/uploads\/2026\/SK0017104-CZ20260425-093041-0-1777080643-749c38afbdec44ad60bfbc58f8b9f901.webp\",\"contentUrl\":\"https:\/\/www.oknobuild.com\/wp-content\/uploads\/2026\/SK0017104-CZ20260425-093041-0-1777080643-749c38afbdec44ad60bfbc58f8b9f901.webp\",\"width\":923,\"height\":553},{\"@type\":\"BreadcrumbList\",\"@id\":\"https:\/\/www.oknobuild.com\/index.php\/produkt\/znackovy-gsi-nubes-keramicke-umyvatko-40x32cm-ghiaccio-mat-9684115-41187\/#breadcrumb\",\"itemListElement\":[{\"@type\":\"ListItem\",\"position\":1,\"name\":\"Home\",\"item\":\"https:\/\/www.oknobuild.com\/\"},{\"@type\":\"ListItem\",\"position\":2,\"name\":\"Products\",\"item\":\"https:\/\/www.oknobuild.com\/index.php\/products\/\"},{\"@type\":\"ListItem\",\"position\":3,\"name\":\"Zna\u010dkov\u00fd GSI NUBES keramick\u00e9 um\u00fdv\u00e1tko 40x32cm, ghiaccio mat 9684115\"}]},{\"@type\":\"WebSite\",\"@id\":\"https:\/\/www.oknobuild.com\/#website\",\"url\":\"https:\/\/www.oknobuild.com\/\",\"name\":\"\",\"description\":\"\",\"potentialAction\":[{\"@type\":\"SearchAction\",\"target\":{\"@type\":\"EntryPoint\",\"urlTemplate\":\"https:\/\/www.oknobuild.com\/?s={search_term_string}\"},\"query-input\":{\"@type\":\"PropertyValueSpecification\",\"valueRequired\":true,\"valueName\":\"search_term_string\"}}],\"inLanguage\":\"cs\"}]}<\/script>\n<!-- \/ Yoast SEO plugin. -->","yoast_head_json":{"title":"Zna\u010dkov\u00fd GSI NUBES keramick\u00e9 um\u00fdv\u00e1tko 40x32cm, ghiaccio mat 9684115 -","robots":{"index":"index","follow":"follow","max-snippet":"max-snippet:-1","max-image-preview":"max-image-preview:large","max-video-preview":"max-video-preview:-1"},"canonical":"https:\/\/www.oknobuild.com\/index.php\/produkt\/znackovy-gsi-nubes-keramicke-umyvatko-40x32cm-ghiaccio-mat-9684115-41187\/","og_locale":"cs_CZ","og_type":"article","og_title":"Zna\u010dkov\u00fd GSI NUBES keramick\u00e9 um\u00fdv\u00e1tko 40x32cm, ghiaccio mat 9684115 -","og_description":"GSI NUBES keramick\u00e9 um\u00fdv\u00e1tko 40x32cm, ghiaccio mat 9684115 Sanit\u00e1rn\u00ed keramika NUBES COLOR Pevnost, lehkost a v\u0161estrannost &#8211; to jsou hlavn\u00ed rysy kolekce NUBES COLOR. Rafinovan\u00e1 kolekce \u0161pi\u010dkov\u00fdch v\u00fdrobk\u016f pro n\u00e1ro\u010dn\u00e9 z\u00e1kazn\u00edky, kte\u0159\u00ed hledaj\u00ed modern\u00ed estetiku. Charakteristick\u00fdmi rysy umyvadel NUBES jsou jejich hranatost a vnit\u0159n\u00ed zaoblenost pro snadn\u00e9 pou\u017e\u00edv\u00e1n\u00ed. S\u00e9rie NUBES COLOR zahrnuje keramick\u00e1 umyvadla na [&hellip;]","og_url":"https:\/\/www.oknobuild.com\/index.php\/produkt\/znackovy-gsi-nubes-keramicke-umyvatko-40x32cm-ghiaccio-mat-9684115-41187\/","og_image":[{"width":923,"height":553,"url":"https:\/\/www.oknobuild.com\/wp-content\/uploads\/2026\/SK0017104-CZ20260425-093041-0-1777080643-749c38afbdec44ad60bfbc58f8b9f901.webp","type":"image\/webp"}],"twitter_card":"summary_large_image","twitter_misc":{"Odhadovan\u00e1 doba \u010dten\u00ed":"1 minuta"},"schema":{"@context":"https:\/\/schema.org","@graph":[{"@type":"WebPage","@id":"https:\/\/www.oknobuild.com\/index.php\/produkt\/znackovy-gsi-nubes-keramicke-umyvatko-40x32cm-ghiaccio-mat-9684115-41187\/","url":"https:\/\/www.oknobuild.com\/index.php\/produkt\/znackovy-gsi-nubes-keramicke-umyvatko-40x32cm-ghiaccio-mat-9684115-41187\/","name":"Zna\u010dkov\u00fd GSI NUBES keramick\u00e9 um\u00fdv\u00e1tko 40x32cm, ghiaccio mat 9684115 -","isPartOf":{"@id":"https:\/\/www.oknobuild.com\/#website"},"primaryImageOfPage":{"@id":"https:\/\/www.oknobuild.com\/index.php\/produkt\/znackovy-gsi-nubes-keramicke-umyvatko-40x32cm-ghiaccio-mat-9684115-41187\/#primaryimage"},"image":{"@id":"https:\/\/www.oknobuild.com\/index.php\/produkt\/znackovy-gsi-nubes-keramicke-umyvatko-40x32cm-ghiaccio-mat-9684115-41187\/#primaryimage"},"thumbnailUrl":"https:\/\/www.oknobuild.com\/wp-content\/uploads\/2026\/SK0017104-CZ20260425-093041-0-1777080643-749c38afbdec44ad60bfbc58f8b9f901.webp","datePublished":"2026-04-27T04:42:22+00:00","breadcrumb":{"@id":"https:\/\/www.oknobuild.com\/index.php\/produkt\/znackovy-gsi-nubes-keramicke-umyvatko-40x32cm-ghiaccio-mat-9684115-41187\/#breadcrumb"},"inLanguage":"cs","potentialAction":[{"@type":"ReadAction","target":["https:\/\/www.oknobuild.com\/index.php\/produkt\/znackovy-gsi-nubes-keramicke-umyvatko-40x32cm-ghiaccio-mat-9684115-41187\/"]}]},{"@type":"ImageObject","inLanguage":"cs","@id":"https:\/\/www.oknobuild.com\/index.php\/produkt\/znackovy-gsi-nubes-keramicke-umyvatko-40x32cm-ghiaccio-mat-9684115-41187\/#primaryimage","url":"https:\/\/www.oknobuild.com\/wp-content\/uploads\/2026\/SK0017104-CZ20260425-093041-0-1777080643-749c38afbdec44ad60bfbc58f8b9f901.webp","contentUrl":"https:\/\/www.oknobuild.com\/wp-content\/uploads\/2026\/SK0017104-CZ20260425-093041-0-1777080643-749c38afbdec44ad60bfbc58f8b9f901.webp","width":923,"height":553},{"@type":"BreadcrumbList","@id":"https:\/\/www.oknobuild.com\/index.php\/produkt\/znackovy-gsi-nubes-keramicke-umyvatko-40x32cm-ghiaccio-mat-9684115-41187\/#breadcrumb","itemListElement":[{"@type":"ListItem","position":1,"name":"Home","item":"https:\/\/www.oknobuild.com\/"},{"@type":"ListItem","position":2,"name":"Products","item":"https:\/\/www.oknobuild.com\/index.php\/products\/"},{"@type":"ListItem","position":3,"name":"Zna\u010dkov\u00fd GSI NUBES keramick\u00e9 um\u00fdv\u00e1tko 40x32cm, ghiaccio mat 9684115"}]},{"@type":"WebSite","@id":"https:\/\/www.oknobuild.com\/#website","url":"https:\/\/www.oknobuild.com\/","name":"","description":"","potentialAction":[{"@type":"SearchAction","target":{"@type":"EntryPoint","urlTemplate":"https:\/\/www.oknobuild.com\/?s={search_term_string}"},"query-input":{"@type":"PropertyValueSpecification","valueRequired":true,"valueName":"search_term_string"}}],"inLanguage":"cs"}]}},"_links":{"self":[{"href":"https:\/\/www.oknobuild.com\/index.php\/wp-json\/wp\/v2\/product\/41187","targetHints":{"allow":["GET"]}}],"collection":[{"href":"https:\/\/www.oknobuild.com\/index.php\/wp-json\/wp\/v2\/product"}],"about":[{"href":"https:\/\/www.oknobuild.com\/index.php\/wp-json\/wp\/v2\/types\/product"}],"replies":[{"embeddable":true,"href":"https:\/\/www.oknobuild.com\/index.php\/wp-json\/wp\/v2\/comments?post=41187"}],"wp:featuredmedia":[{"embeddable":true,"href":"https:\/\/www.oknobuild.com\/index.php\/wp-json\/wp\/v2\/media\/41287"}],"wp:attachment":[{"href":"https:\/\/www.oknobuild.com\/index.php\/wp-json\/wp\/v2\/media?parent=41187"}],"wp:term":[{"taxonomy":"product_brand","embeddable":true,"href":"https:\/\/www.oknobuild.com\/index.php\/wp-json\/wp\/v2\/product_brand?post=41187"},{"taxonomy":"product_cat","embeddable":true,"href":"https:\/\/www.oknobuild.com\/index.php\/wp-json\/wp\/v2\/product_cat?post=41187"},{"taxonomy":"product_tag","embeddable":true,"href":"https:\/\/www.oknobuild.com\/index.php\/wp-json\/wp\/v2\/product_tag?post=41187"}],"curies":[{"name":"wp","href":"https:\/\/api.w.org\/{rel}","templated":true}]}}