{"id":4139,"date":"2026-04-27T04:40:44","date_gmt":"2026-04-27T04:40:44","guid":{"rendered":""},"modified":"2026-04-27T04:40:44","modified_gmt":"2026-04-27T04:40:44","slug":"akce-blue-rabbit-kiosk-120-cm-svetle-zelena-zluta-4139","status":"publish","type":"product","link":"https:\/\/www.oknobuild.com\/index.php\/produkt\/akce-blue-rabbit-kiosk-120-cm-svetle-zelena-zluta-4139\/","title":{"rendered":"Akce Blue Rabbit Kiosk 120 cm sv\u011btle zelen\u00e1 \u017elut\u00e1"},"content":{"rendered":"<div class=\"detail-description__right\">\n<div class=\"parameters\">\n<div class=\"table table--simple\">\n<table>\n<tbody>\n<tr>\n<td colspan=\"2\">\n<h4>Vlastnosti<\/h4>\n<\/td>\n<\/tr>\n<tr>\n<td>Materi\u00e1l<\/td>\n<td>smrk \/ borovice<\/td>\n<\/tr>\n<tr>\n<td>V\u00fd\u0161ka podesty<\/td>\n<td>120 \/ 150\u00a0cm<\/td>\n<\/tr>\n<tr>\n<td>Rozm\u011bry podesty<\/td>\n<td>105\u00a0\u00d7\u00a0105 cm<\/td>\n<\/tr>\n<tr>\n<td>D\u00e9lka skluzavky<\/td>\n<td>295 cm<\/td>\n<\/tr>\n<tr>\n<td>\u0160\u00ed\u0159ka<\/td>\n<td>120 cm<\/td>\n<\/tr>\n<tr>\n<td>D\u00e9lka<\/td>\n<td>194 cm<\/td>\n<\/tr>\n<tr>\n<td>V\u00fd\u0161ka<\/td>\n<td>324 cm<\/td>\n<\/tr>\n<tr>\n<td>Podklad<\/td>\n<td>tr\u00e1va, p\u00edsek, ka\u010d\u00edrek, mul\u010d<\/td>\n<\/tr>\n<tr>\n<td>Stavebn\u00ed p\u0159\u00edprava<\/td>\n<td>nen\u00ed nutn\u00e1<\/td>\n<\/tr>\n<tr>\n<td>Vhodn\u00e9 pro<\/td>\n<td>d\u011bti 3\u201312 let<\/td>\n<\/tr>\n<tr>\n<td colspan=\"2\">\n<h4>Parametry<\/h4>\n<\/td>\n<\/tr>\n<tr>\n<td>P\u016fvod<\/td>\n<td>Vyrobeno v\u00a0BE<\/td>\n<\/tr>\n<tr>\n<td>Z\u00e1ruka<\/td>\n<td>2 roky<\/td>\n<\/tr>\n<tr>\n<td>Zna\u010dka<\/td>\n<td>Blue Rabbit<\/td>\n<\/tr>\n<\/tbody>\n<\/table><\/div>\n<\/div><\/div>\n<div class=\"detail-description__top\">\n<div class=\"rating-promo\">\n<div class=\"raty raty--big\" data-score=\"5\" data-read-only=\"true\" title=\"5\"><\/div>\n<div class=\"rating-promo__number\">\t\t\t<strong>2<\/strong><small>recenze<\/small>\t\t<\/div>\n<div class=\"rating-promo__number\">\t\t\t<strong>2<\/strong><small>z\u00e1kazn\u00edci doporu\u010duj\u00ed<\/small>\t\t<\/div>\n<p>\t\tV\u0161echny recenze\t<\/p><\/div>\n<\/p><\/div>\n<div class=\"detail-description__left\">\n<div class=\"detail-description__left__overflow\">\n<div class=\"detail-description__left__head\">\t\t\t\t\t\tPopis:\t\t\t\t\t<\/div>\n<div class=\"ul-style ul-style--check\">\n<p>Z\u00e1kladem h\u0159i\u0161t\u011b je <strong>pevn\u00e1 v\u011b\u017e s vyv\u00fd\u0161enou podestou<\/strong>, chr\u00e1n\u011bnou z\u00e1bradl\u00edm po cel\u00e9m obvodu. Konstrukce ze smrkov\u00e9ho d\u0159eva a z tlakov\u011b impregnovan\u00e9ho borovicov\u00e9ho d\u0159eva zaji\u0161\u0165uje vysokou stabilitu, dlouhou \u017eivotnost a odolnost v\u016f\u010di pov\u011btrnostn\u00edm vliv\u016fm. Otev\u0159en\u00e9 proveden\u00ed umo\u017e\u0148uje dobr\u00fd dohled dosp\u011bl\u00fdch p\u0159i h\u0159e d\u011bt\u00ed.<\/p>\n<ul class=\"plusminus\">\n<li><i class=\"fas fa-check\"><\/i><span>Stabiln\u00ed d\u0159ev\u011bn\u00e1 v\u011b\u017eov\u00e1 konstrukce<\/span><\/li>\n<li><i class=\"fas fa-check\"><\/i><span>Bezpe\u010dn\u00e1 vyv\u00fd\u0161en\u00e1 plo\u0161ina se z\u00e1bradl\u00edm<\/span><\/li>\n<li><i class=\"fas fa-check\"><\/i><span>Vhodn\u00e9 pro v\u00edce d\u011bt\u00ed najednou<\/span><\/li>\n<\/ul>\n<p>Sou\u010d\u00e1st\u00ed sestavy je skluzavka navazuj\u00edc\u00ed na horn\u00ed plo\u0161inu, kter\u00e1 podporuje p\u0159irozen\u00fd pohyb a radost ze hry. <strong>Skluzavka m\u00e1 d\u00e9lku 295 cm<\/strong> a je mo\u017en\u00e9 vyb\u00edrat z n\u011bkolika barevn\u00fdch variant. H\u0159i\u0161t\u011b je dopln\u011bno barevn\u00fdm volantem, kter\u00fd rozv\u00edjej\u00ed d\u011btskou fantazii a podporuj\u00ed aktivn\u00ed hran\u00ed i hru v\u00edce d\u011bt\u00ed sou\u010dasn\u011b.<\/p>\n<\/div>\n<div class=\"detail-description__left__more\">\t\t\t\t\t\t<span> <\/span><span> <\/span>\t\t\t\t\t<\/div>\n<\/p><\/div>\n<\/p><\/div>\n<div class=\"detail-description__more\"><span> <\/span><span> <\/span><\/div>\n<\/p><\/div>\n<\/p><\/div>\n","protected":false},"excerpt":{"rendered":"<p>Vlastnosti Materi\u00e1l smrk \/ borovice V\u00fd\u0161ka podesty 120 \/ 150\u00a0cm Rozm\u011bry podesty 105\u00a0\u00d7\u00a0105 cm D\u00e9lka skluzavky 295 cm \u0160\u00ed\u0159ka 120 cm D\u00e9lka 194 cm V\u00fd\u0161ka 324 cm Podklad tr\u00e1va, p\u00edsek, ka\u010d\u00edrek, mul\u010d Stavebn\u00ed p\u0159\u00edprava nen\u00ed nutn\u00e1 Vhodn\u00e9 pro d\u011bti 3\u201312 let Parametry P\u016fvod Vyrobeno v\u00a0BE Z\u00e1ruka 2 roky Zna\u010dka Blue Rabbit 2recenze 2z\u00e1kazn\u00edci doporu\u010duj\u00ed V\u0161echny [&hellip;]<\/p>\n","protected":false},"featured_media":4239,"comment_status":"open","ping_status":"open","template":"","meta":[],"product_brand":[],"product_cat":[33],"product_tag":[],"class_list":{"0":"post-4139","1":"product","2":"type-product","3":"status-publish","4":"has-post-thumbnail","6":"product_cat-zahrada","8":"first","9":"instock","10":"sale","11":"shipping-taxable","12":"purchasable","13":"product-type-simple"},"yoast_head":"<!-- This site is optimized with the Yoast SEO plugin v26.8 - https:\/\/yoast.com\/product\/yoast-seo-wordpress\/ -->\n<title>Akce Blue Rabbit Kiosk 120 cm sv\u011btle zelen\u00e1 \u017elut\u00e1 -<\/title>\n<meta name=\"robots\" content=\"index, follow, max-snippet:-1, max-image-preview:large, max-video-preview:-1\" \/>\n<link rel=\"canonical\" href=\"https:\/\/www.oknobuild.com\/index.php\/produkt\/akce-blue-rabbit-kiosk-120-cm-svetle-zelena-zluta-4139\/\" \/>\n<meta property=\"og:locale\" content=\"cs_CZ\" \/>\n<meta property=\"og:type\" content=\"article\" \/>\n<meta property=\"og:title\" content=\"Akce Blue Rabbit Kiosk 120 cm sv\u011btle zelen\u00e1 \u017elut\u00e1 -\" \/>\n<meta property=\"og:description\" content=\"Vlastnosti Materi\u00e1l smrk \/ borovice V\u00fd\u0161ka podesty 120 \/ 150\u00a0cm Rozm\u011bry podesty 105\u00a0\u00d7\u00a0105 cm D\u00e9lka skluzavky 295 cm \u0160\u00ed\u0159ka 120 cm D\u00e9lka 194 cm V\u00fd\u0161ka 324 cm Podklad tr\u00e1va, p\u00edsek, ka\u010d\u00edrek, mul\u010d Stavebn\u00ed p\u0159\u00edprava nen\u00ed nutn\u00e1 Vhodn\u00e9 pro d\u011bti 3\u201312 let Parametry P\u016fvod Vyrobeno v\u00a0BE Z\u00e1ruka 2 roky Zna\u010dka Blue Rabbit 2recenze 2z\u00e1kazn\u00edci doporu\u010duj\u00ed V\u0161echny [&hellip;]\" \/>\n<meta property=\"og:url\" content=\"https:\/\/www.oknobuild.com\/index.php\/produkt\/akce-blue-rabbit-kiosk-120-cm-svetle-zelena-zluta-4139\/\" \/>\n<meta property=\"og:image\" content=\"https:\/\/www.oknobuild.com\/wp-content\/uploads\/2026\/SK0022443-CZ20260425-091936-0-1777079982-detske-hriste-na-zahradu-blue-rabbit-kiosk-120-cm-svetle-ze.webp\" \/>\n\t<meta property=\"og:image:width\" content=\"1000\" \/>\n\t<meta property=\"og:image:height\" content=\"523\" \/>\n\t<meta property=\"og:image:type\" content=\"image\/webp\" \/>\n<meta name=\"twitter:card\" content=\"summary_large_image\" \/>\n<meta name=\"twitter:label1\" content=\"Odhadovan\u00e1 doba \u010dten\u00ed\" \/>\n\t<meta name=\"twitter:data1\" content=\"1 minuta\" \/>\n<script type=\"application\/ld+json\" class=\"yoast-schema-graph\">{\"@context\":\"https:\/\/schema.org\",\"@graph\":[{\"@type\":\"WebPage\",\"@id\":\"https:\/\/www.oknobuild.com\/index.php\/produkt\/akce-blue-rabbit-kiosk-120-cm-svetle-zelena-zluta-4139\/\",\"url\":\"https:\/\/www.oknobuild.com\/index.php\/produkt\/akce-blue-rabbit-kiosk-120-cm-svetle-zelena-zluta-4139\/\",\"name\":\"Akce Blue Rabbit Kiosk 120 cm sv\u011btle zelen\u00e1 \u017elut\u00e1 -\",\"isPartOf\":{\"@id\":\"https:\/\/www.oknobuild.com\/#website\"},\"primaryImageOfPage\":{\"@id\":\"https:\/\/www.oknobuild.com\/index.php\/produkt\/akce-blue-rabbit-kiosk-120-cm-svetle-zelena-zluta-4139\/#primaryimage\"},\"image\":{\"@id\":\"https:\/\/www.oknobuild.com\/index.php\/produkt\/akce-blue-rabbit-kiosk-120-cm-svetle-zelena-zluta-4139\/#primaryimage\"},\"thumbnailUrl\":\"https:\/\/www.oknobuild.com\/wp-content\/uploads\/2026\/SK0022443-CZ20260425-091936-0-1777079982-detske-hriste-na-zahradu-blue-rabbit-kiosk-120-cm-svetle-ze.webp\",\"datePublished\":\"2026-04-27T04:40:44+00:00\",\"breadcrumb\":{\"@id\":\"https:\/\/www.oknobuild.com\/index.php\/produkt\/akce-blue-rabbit-kiosk-120-cm-svetle-zelena-zluta-4139\/#breadcrumb\"},\"inLanguage\":\"cs\",\"potentialAction\":[{\"@type\":\"ReadAction\",\"target\":[\"https:\/\/www.oknobuild.com\/index.php\/produkt\/akce-blue-rabbit-kiosk-120-cm-svetle-zelena-zluta-4139\/\"]}]},{\"@type\":\"ImageObject\",\"inLanguage\":\"cs\",\"@id\":\"https:\/\/www.oknobuild.com\/index.php\/produkt\/akce-blue-rabbit-kiosk-120-cm-svetle-zelena-zluta-4139\/#primaryimage\",\"url\":\"https:\/\/www.oknobuild.com\/wp-content\/uploads\/2026\/SK0022443-CZ20260425-091936-0-1777079982-detske-hriste-na-zahradu-blue-rabbit-kiosk-120-cm-svetle-ze.webp\",\"contentUrl\":\"https:\/\/www.oknobuild.com\/wp-content\/uploads\/2026\/SK0022443-CZ20260425-091936-0-1777079982-detske-hriste-na-zahradu-blue-rabbit-kiosk-120-cm-svetle-ze.webp\",\"width\":1000,\"height\":523},{\"@type\":\"BreadcrumbList\",\"@id\":\"https:\/\/www.oknobuild.com\/index.php\/produkt\/akce-blue-rabbit-kiosk-120-cm-svetle-zelena-zluta-4139\/#breadcrumb\",\"itemListElement\":[{\"@type\":\"ListItem\",\"position\":1,\"name\":\"Home\",\"item\":\"https:\/\/www.oknobuild.com\/\"},{\"@type\":\"ListItem\",\"position\":2,\"name\":\"Products\",\"item\":\"https:\/\/www.oknobuild.com\/index.php\/products\/\"},{\"@type\":\"ListItem\",\"position\":3,\"name\":\"Akce Blue Rabbit Kiosk 120 cm sv\u011btle zelen\u00e1 \u017elut\u00e1\"}]},{\"@type\":\"WebSite\",\"@id\":\"https:\/\/www.oknobuild.com\/#website\",\"url\":\"https:\/\/www.oknobuild.com\/\",\"name\":\"\",\"description\":\"\",\"potentialAction\":[{\"@type\":\"SearchAction\",\"target\":{\"@type\":\"EntryPoint\",\"urlTemplate\":\"https:\/\/www.oknobuild.com\/?s={search_term_string}\"},\"query-input\":{\"@type\":\"PropertyValueSpecification\",\"valueRequired\":true,\"valueName\":\"search_term_string\"}}],\"inLanguage\":\"cs\"}]}<\/script>\n<!-- \/ Yoast SEO plugin. -->","yoast_head_json":{"title":"Akce Blue Rabbit Kiosk 120 cm sv\u011btle zelen\u00e1 \u017elut\u00e1 -","robots":{"index":"index","follow":"follow","max-snippet":"max-snippet:-1","max-image-preview":"max-image-preview:large","max-video-preview":"max-video-preview:-1"},"canonical":"https:\/\/www.oknobuild.com\/index.php\/produkt\/akce-blue-rabbit-kiosk-120-cm-svetle-zelena-zluta-4139\/","og_locale":"cs_CZ","og_type":"article","og_title":"Akce Blue Rabbit Kiosk 120 cm sv\u011btle zelen\u00e1 \u017elut\u00e1 -","og_description":"Vlastnosti Materi\u00e1l smrk \/ borovice V\u00fd\u0161ka podesty 120 \/ 150\u00a0cm Rozm\u011bry podesty 105\u00a0\u00d7\u00a0105 cm D\u00e9lka skluzavky 295 cm \u0160\u00ed\u0159ka 120 cm D\u00e9lka 194 cm V\u00fd\u0161ka 324 cm Podklad tr\u00e1va, p\u00edsek, ka\u010d\u00edrek, mul\u010d Stavebn\u00ed p\u0159\u00edprava nen\u00ed nutn\u00e1 Vhodn\u00e9 pro d\u011bti 3\u201312 let Parametry P\u016fvod Vyrobeno v\u00a0BE Z\u00e1ruka 2 roky Zna\u010dka Blue Rabbit 2recenze 2z\u00e1kazn\u00edci doporu\u010duj\u00ed V\u0161echny [&hellip;]","og_url":"https:\/\/www.oknobuild.com\/index.php\/produkt\/akce-blue-rabbit-kiosk-120-cm-svetle-zelena-zluta-4139\/","og_image":[{"width":1000,"height":523,"url":"https:\/\/www.oknobuild.com\/wp-content\/uploads\/2026\/SK0022443-CZ20260425-091936-0-1777079982-detske-hriste-na-zahradu-blue-rabbit-kiosk-120-cm-svetle-ze.webp","type":"image\/webp"}],"twitter_card":"summary_large_image","twitter_misc":{"Odhadovan\u00e1 doba \u010dten\u00ed":"1 minuta"},"schema":{"@context":"https:\/\/schema.org","@graph":[{"@type":"WebPage","@id":"https:\/\/www.oknobuild.com\/index.php\/produkt\/akce-blue-rabbit-kiosk-120-cm-svetle-zelena-zluta-4139\/","url":"https:\/\/www.oknobuild.com\/index.php\/produkt\/akce-blue-rabbit-kiosk-120-cm-svetle-zelena-zluta-4139\/","name":"Akce Blue Rabbit Kiosk 120 cm sv\u011btle zelen\u00e1 \u017elut\u00e1 -","isPartOf":{"@id":"https:\/\/www.oknobuild.com\/#website"},"primaryImageOfPage":{"@id":"https:\/\/www.oknobuild.com\/index.php\/produkt\/akce-blue-rabbit-kiosk-120-cm-svetle-zelena-zluta-4139\/#primaryimage"},"image":{"@id":"https:\/\/www.oknobuild.com\/index.php\/produkt\/akce-blue-rabbit-kiosk-120-cm-svetle-zelena-zluta-4139\/#primaryimage"},"thumbnailUrl":"https:\/\/www.oknobuild.com\/wp-content\/uploads\/2026\/SK0022443-CZ20260425-091936-0-1777079982-detske-hriste-na-zahradu-blue-rabbit-kiosk-120-cm-svetle-ze.webp","datePublished":"2026-04-27T04:40:44+00:00","breadcrumb":{"@id":"https:\/\/www.oknobuild.com\/index.php\/produkt\/akce-blue-rabbit-kiosk-120-cm-svetle-zelena-zluta-4139\/#breadcrumb"},"inLanguage":"cs","potentialAction":[{"@type":"ReadAction","target":["https:\/\/www.oknobuild.com\/index.php\/produkt\/akce-blue-rabbit-kiosk-120-cm-svetle-zelena-zluta-4139\/"]}]},{"@type":"ImageObject","inLanguage":"cs","@id":"https:\/\/www.oknobuild.com\/index.php\/produkt\/akce-blue-rabbit-kiosk-120-cm-svetle-zelena-zluta-4139\/#primaryimage","url":"https:\/\/www.oknobuild.com\/wp-content\/uploads\/2026\/SK0022443-CZ20260425-091936-0-1777079982-detske-hriste-na-zahradu-blue-rabbit-kiosk-120-cm-svetle-ze.webp","contentUrl":"https:\/\/www.oknobuild.com\/wp-content\/uploads\/2026\/SK0022443-CZ20260425-091936-0-1777079982-detske-hriste-na-zahradu-blue-rabbit-kiosk-120-cm-svetle-ze.webp","width":1000,"height":523},{"@type":"BreadcrumbList","@id":"https:\/\/www.oknobuild.com\/index.php\/produkt\/akce-blue-rabbit-kiosk-120-cm-svetle-zelena-zluta-4139\/#breadcrumb","itemListElement":[{"@type":"ListItem","position":1,"name":"Home","item":"https:\/\/www.oknobuild.com\/"},{"@type":"ListItem","position":2,"name":"Products","item":"https:\/\/www.oknobuild.com\/index.php\/products\/"},{"@type":"ListItem","position":3,"name":"Akce Blue Rabbit Kiosk 120 cm sv\u011btle zelen\u00e1 \u017elut\u00e1"}]},{"@type":"WebSite","@id":"https:\/\/www.oknobuild.com\/#website","url":"https:\/\/www.oknobuild.com\/","name":"","description":"","potentialAction":[{"@type":"SearchAction","target":{"@type":"EntryPoint","urlTemplate":"https:\/\/www.oknobuild.com\/?s={search_term_string}"},"query-input":{"@type":"PropertyValueSpecification","valueRequired":true,"valueName":"search_term_string"}}],"inLanguage":"cs"}]}},"_links":{"self":[{"href":"https:\/\/www.oknobuild.com\/index.php\/wp-json\/wp\/v2\/product\/4139","targetHints":{"allow":["GET"]}}],"collection":[{"href":"https:\/\/www.oknobuild.com\/index.php\/wp-json\/wp\/v2\/product"}],"about":[{"href":"https:\/\/www.oknobuild.com\/index.php\/wp-json\/wp\/v2\/types\/product"}],"replies":[{"embeddable":true,"href":"https:\/\/www.oknobuild.com\/index.php\/wp-json\/wp\/v2\/comments?post=4139"}],"wp:featuredmedia":[{"embeddable":true,"href":"https:\/\/www.oknobuild.com\/index.php\/wp-json\/wp\/v2\/media\/4239"}],"wp:attachment":[{"href":"https:\/\/www.oknobuild.com\/index.php\/wp-json\/wp\/v2\/media?parent=4139"}],"wp:term":[{"taxonomy":"product_brand","embeddable":true,"href":"https:\/\/www.oknobuild.com\/index.php\/wp-json\/wp\/v2\/product_brand?post=4139"},{"taxonomy":"product_cat","embeddable":true,"href":"https:\/\/www.oknobuild.com\/index.php\/wp-json\/wp\/v2\/product_cat?post=4139"},{"taxonomy":"product_tag","embeddable":true,"href":"https:\/\/www.oknobuild.com\/index.php\/wp-json\/wp\/v2\/product_tag?post=4139"}],"curies":[{"name":"wp","href":"https:\/\/api.w.org\/{rel}","templated":true}]}}