{"id":41577,"date":"2026-04-27T04:42:23","date_gmt":"2026-04-27T04:42:23","guid":{"rendered":""},"modified":"2026-04-27T04:42:23","modified_gmt":"2026-04-27T04:42:23","slug":"akce-bavlneny-rucnik-eva-50x90-cm-450g-m2-sedy-41577","status":"publish","type":"product","link":"https:\/\/www.oknobuild.com\/index.php\/produkt\/akce-bavlneny-rucnik-eva-50x90-cm-450g-m2-sedy-41577\/","title":{"rendered":"Akce Bavln\u011bn\u00fd ru\u010dn\u00edk EVA &#8211; 50&#215;90 cm &#8211; 450g\/m2 &#8211; \u0161ed\u00fd"},"content":{"rendered":"<div class=\"tabs__content-outer\" id=\"tab_description\" data-hash=\"description\" data-tabindex=\"-1\">\n<div class=\"tabs__content toggle_description\" id=\"content_description\">\n<div class=\"wysiwyg-content\">\n<div class=\"product__tab product__description full-width\">\n<div class=\"container\">\n<div >\n<h3>Bavln\u011bn\u00fd ru\u010dn\u00edk EVA &#8211; 50&#215;90 cm &#8211; 450g\/m2 &#8211; \u0161ed\u00fd<\/h3>\n<p>Ru\u010dn\u00edk EVA je vyroben ze 100% bavlny nejvy\u0161\u0161\u00ed kvality ve frot\u00e9 \u00faprav\u011b, kter\u00e1 zaji\u0161\u0165uje pohodln\u00e9 pou\u017e\u00edv\u00e1n\u00ed a velmi dobrou absorpci vody. Bavlna je dob\u0159e prody\u0161n\u00e1, umo\u017e\u0148uje poko\u017ece d\u00fdchat a je \u0161etrn\u00e1 k poko\u017ece dosp\u011bl\u00fdch i d\u011bt\u00ed. Ru\u010dn\u00edk je dob\u0159e sav\u00fd, nedr\u00e1\u017ed\u00ed a je velmi jemn\u00fd. Sv\u016fj tvar i barvu si zachov\u00e1 i p\u0159i \u010dast\u00e9m pran\u00ed. Ru\u010dn\u00edk m\u00e1 kr\u00e1sn\u00fd dekora\u010dn\u00ed lem, kter\u00fd jej p\u0159\u00edjemn\u011b o\u017eiv\u00ed. Ru\u010dn\u00edk je nejen funk\u010dn\u00ed, ale bude tak\u00e9 tvo\u0159it kr\u00e1sn\u00fd dekora\u010dn\u00ed prvek v koupeln\u011b.\u00a0<\/p>\n<p><strong>Parametry<\/strong>:<\/p>\n<ul>\n<li>rozm\u011br: 50&#215;90 cm<\/li>\n<li>materi\u00e1l: 100% bavlna<\/li>\n<li>gram\u00e1\u017e: 450 g\/m\u00b2<\/li>\n<li>certifikov\u00e1no OEKO TEX Standard 100<\/li>\n<li>doporu\u010dujeme pran\u00ed p\u0159i teplot\u011b do 40 \u00b0C\u00a0<\/li>\n<\/ul>\n<p><\/p>\n<p><b>Vlastnosti<\/b><\/p>\n<ul>\n<li><span>Tolerance rozm\u011bru:<\/span> 5%<\/li>\n<\/ul>\n<\/div><\/div>\n<\/p><\/div>\n<\/p><\/div>\n<\/p><\/div>\n","protected":false},"excerpt":{"rendered":"<p>Bavln\u011bn\u00fd ru\u010dn\u00edk EVA &#8211; 50&#215;90 cm &#8211; 450g\/m2 &#8211; \u0161ed\u00fd Ru\u010dn\u00edk EVA je vyroben ze 100% bavlny nejvy\u0161\u0161\u00ed kvality ve frot\u00e9 \u00faprav\u011b, kter\u00e1 zaji\u0161\u0165uje pohodln\u00e9 pou\u017e\u00edv\u00e1n\u00ed a velmi dobrou absorpci vody. Bavlna je dob\u0159e prody\u0161n\u00e1, umo\u017e\u0148uje poko\u017ece d\u00fdchat a je \u0161etrn\u00e1 k poko\u017ece dosp\u011bl\u00fdch i d\u011bt\u00ed. Ru\u010dn\u00edk je dob\u0159e sav\u00fd, nedr\u00e1\u017ed\u00ed a je velmi jemn\u00fd. [&hellip;]<\/p>\n","protected":false},"featured_media":41677,"comment_status":"open","ping_status":"open","template":"","meta":[],"product_brand":[],"product_cat":[71],"product_tag":[],"class_list":{"0":"post-41577","1":"product","2":"type-product","3":"status-publish","4":"has-post-thumbnail","6":"product_cat-koupelna","8":"first","9":"instock","10":"sale","11":"shipping-taxable","12":"purchasable","13":"product-type-simple"},"yoast_head":"<!-- This site is optimized with the Yoast SEO plugin v26.8 - https:\/\/yoast.com\/product\/yoast-seo-wordpress\/ -->\n<title>Akce Bavln\u011bn\u00fd ru\u010dn\u00edk EVA - 50x90 cm - 450g\/m2 - \u0161ed\u00fd -<\/title>\n<meta name=\"robots\" content=\"index, follow, max-snippet:-1, max-image-preview:large, max-video-preview:-1\" \/>\n<link rel=\"canonical\" href=\"https:\/\/www.oknobuild.com\/index.php\/produkt\/akce-bavlneny-rucnik-eva-50x90-cm-450g-m2-sedy-41577\/\" \/>\n<meta property=\"og:locale\" content=\"cs_CZ\" \/>\n<meta property=\"og:type\" content=\"article\" \/>\n<meta property=\"og:title\" content=\"Akce Bavln\u011bn\u00fd ru\u010dn\u00edk EVA - 50x90 cm - 450g\/m2 - \u0161ed\u00fd -\" \/>\n<meta property=\"og:description\" content=\"Bavln\u011bn\u00fd ru\u010dn\u00edk EVA &#8211; 50&#215;90 cm &#8211; 450g\/m2 &#8211; \u0161ed\u00fd Ru\u010dn\u00edk EVA je vyroben ze 100% bavlny nejvy\u0161\u0161\u00ed kvality ve frot\u00e9 \u00faprav\u011b, kter\u00e1 zaji\u0161\u0165uje pohodln\u00e9 pou\u017e\u00edv\u00e1n\u00ed a velmi dobrou absorpci vody. Bavlna je dob\u0159e prody\u0161n\u00e1, umo\u017e\u0148uje poko\u017ece d\u00fdchat a je \u0161etrn\u00e1 k poko\u017ece dosp\u011bl\u00fdch i d\u011bt\u00ed. Ru\u010dn\u00edk je dob\u0159e sav\u00fd, nedr\u00e1\u017ed\u00ed a je velmi jemn\u00fd. [&hellip;]\" \/>\n<meta property=\"og:url\" content=\"https:\/\/www.oknobuild.com\/index.php\/produkt\/akce-bavlneny-rucnik-eva-50x90-cm-450g-m2-sedy-41577\/\" \/>\n<meta property=\"og:image\" content=\"https:\/\/www.oknobuild.com\/wp-content\/uploads\/2026\/SK0017308-CZ20260425-093041-0-1777080643-26510_68944.webp\" \/>\n\t<meta property=\"og:image:width\" content=\"1000\" \/>\n\t<meta property=\"og:image:height\" content=\"706\" \/>\n\t<meta property=\"og:image:type\" content=\"image\/webp\" \/>\n<meta name=\"twitter:card\" content=\"summary_large_image\" \/>\n<meta name=\"twitter:label1\" content=\"Odhadovan\u00e1 doba \u010dten\u00ed\" \/>\n\t<meta name=\"twitter:data1\" content=\"1 minuta\" \/>\n<script type=\"application\/ld+json\" class=\"yoast-schema-graph\">{\"@context\":\"https:\/\/schema.org\",\"@graph\":[{\"@type\":\"WebPage\",\"@id\":\"https:\/\/www.oknobuild.com\/index.php\/produkt\/akce-bavlneny-rucnik-eva-50x90-cm-450g-m2-sedy-41577\/\",\"url\":\"https:\/\/www.oknobuild.com\/index.php\/produkt\/akce-bavlneny-rucnik-eva-50x90-cm-450g-m2-sedy-41577\/\",\"name\":\"Akce Bavln\u011bn\u00fd ru\u010dn\u00edk EVA - 50x90 cm - 450g\/m2 - \u0161ed\u00fd -\",\"isPartOf\":{\"@id\":\"https:\/\/www.oknobuild.com\/#website\"},\"primaryImageOfPage\":{\"@id\":\"https:\/\/www.oknobuild.com\/index.php\/produkt\/akce-bavlneny-rucnik-eva-50x90-cm-450g-m2-sedy-41577\/#primaryimage\"},\"image\":{\"@id\":\"https:\/\/www.oknobuild.com\/index.php\/produkt\/akce-bavlneny-rucnik-eva-50x90-cm-450g-m2-sedy-41577\/#primaryimage\"},\"thumbnailUrl\":\"https:\/\/www.oknobuild.com\/wp-content\/uploads\/2026\/SK0017308-CZ20260425-093041-0-1777080643-26510_68944.webp\",\"datePublished\":\"2026-04-27T04:42:23+00:00\",\"breadcrumb\":{\"@id\":\"https:\/\/www.oknobuild.com\/index.php\/produkt\/akce-bavlneny-rucnik-eva-50x90-cm-450g-m2-sedy-41577\/#breadcrumb\"},\"inLanguage\":\"cs\",\"potentialAction\":[{\"@type\":\"ReadAction\",\"target\":[\"https:\/\/www.oknobuild.com\/index.php\/produkt\/akce-bavlneny-rucnik-eva-50x90-cm-450g-m2-sedy-41577\/\"]}]},{\"@type\":\"ImageObject\",\"inLanguage\":\"cs\",\"@id\":\"https:\/\/www.oknobuild.com\/index.php\/produkt\/akce-bavlneny-rucnik-eva-50x90-cm-450g-m2-sedy-41577\/#primaryimage\",\"url\":\"https:\/\/www.oknobuild.com\/wp-content\/uploads\/2026\/SK0017308-CZ20260425-093041-0-1777080643-26510_68944.webp\",\"contentUrl\":\"https:\/\/www.oknobuild.com\/wp-content\/uploads\/2026\/SK0017308-CZ20260425-093041-0-1777080643-26510_68944.webp\",\"width\":1000,\"height\":706},{\"@type\":\"BreadcrumbList\",\"@id\":\"https:\/\/www.oknobuild.com\/index.php\/produkt\/akce-bavlneny-rucnik-eva-50x90-cm-450g-m2-sedy-41577\/#breadcrumb\",\"itemListElement\":[{\"@type\":\"ListItem\",\"position\":1,\"name\":\"Home\",\"item\":\"https:\/\/www.oknobuild.com\/\"},{\"@type\":\"ListItem\",\"position\":2,\"name\":\"Products\",\"item\":\"https:\/\/www.oknobuild.com\/index.php\/products\/\"},{\"@type\":\"ListItem\",\"position\":3,\"name\":\"Akce Bavln\u011bn\u00fd ru\u010dn\u00edk EVA &#8211; 50&#215;90 cm &#8211; 450g\/m2 &#8211; \u0161ed\u00fd\"}]},{\"@type\":\"WebSite\",\"@id\":\"https:\/\/www.oknobuild.com\/#website\",\"url\":\"https:\/\/www.oknobuild.com\/\",\"name\":\"\",\"description\":\"\",\"potentialAction\":[{\"@type\":\"SearchAction\",\"target\":{\"@type\":\"EntryPoint\",\"urlTemplate\":\"https:\/\/www.oknobuild.com\/?s={search_term_string}\"},\"query-input\":{\"@type\":\"PropertyValueSpecification\",\"valueRequired\":true,\"valueName\":\"search_term_string\"}}],\"inLanguage\":\"cs\"}]}<\/script>\n<!-- \/ Yoast SEO plugin. -->","yoast_head_json":{"title":"Akce Bavln\u011bn\u00fd ru\u010dn\u00edk EVA - 50x90 cm - 450g\/m2 - \u0161ed\u00fd -","robots":{"index":"index","follow":"follow","max-snippet":"max-snippet:-1","max-image-preview":"max-image-preview:large","max-video-preview":"max-video-preview:-1"},"canonical":"https:\/\/www.oknobuild.com\/index.php\/produkt\/akce-bavlneny-rucnik-eva-50x90-cm-450g-m2-sedy-41577\/","og_locale":"cs_CZ","og_type":"article","og_title":"Akce Bavln\u011bn\u00fd ru\u010dn\u00edk EVA - 50x90 cm - 450g\/m2 - \u0161ed\u00fd -","og_description":"Bavln\u011bn\u00fd ru\u010dn\u00edk EVA &#8211; 50&#215;90 cm &#8211; 450g\/m2 &#8211; \u0161ed\u00fd Ru\u010dn\u00edk EVA je vyroben ze 100% bavlny nejvy\u0161\u0161\u00ed kvality ve frot\u00e9 \u00faprav\u011b, kter\u00e1 zaji\u0161\u0165uje pohodln\u00e9 pou\u017e\u00edv\u00e1n\u00ed a velmi dobrou absorpci vody. Bavlna je dob\u0159e prody\u0161n\u00e1, umo\u017e\u0148uje poko\u017ece d\u00fdchat a je \u0161etrn\u00e1 k poko\u017ece dosp\u011bl\u00fdch i d\u011bt\u00ed. Ru\u010dn\u00edk je dob\u0159e sav\u00fd, nedr\u00e1\u017ed\u00ed a je velmi jemn\u00fd. [&hellip;]","og_url":"https:\/\/www.oknobuild.com\/index.php\/produkt\/akce-bavlneny-rucnik-eva-50x90-cm-450g-m2-sedy-41577\/","og_image":[{"width":1000,"height":706,"url":"https:\/\/www.oknobuild.com\/wp-content\/uploads\/2026\/SK0017308-CZ20260425-093041-0-1777080643-26510_68944.webp","type":"image\/webp"}],"twitter_card":"summary_large_image","twitter_misc":{"Odhadovan\u00e1 doba \u010dten\u00ed":"1 minuta"},"schema":{"@context":"https:\/\/schema.org","@graph":[{"@type":"WebPage","@id":"https:\/\/www.oknobuild.com\/index.php\/produkt\/akce-bavlneny-rucnik-eva-50x90-cm-450g-m2-sedy-41577\/","url":"https:\/\/www.oknobuild.com\/index.php\/produkt\/akce-bavlneny-rucnik-eva-50x90-cm-450g-m2-sedy-41577\/","name":"Akce Bavln\u011bn\u00fd ru\u010dn\u00edk EVA - 50x90 cm - 450g\/m2 - \u0161ed\u00fd -","isPartOf":{"@id":"https:\/\/www.oknobuild.com\/#website"},"primaryImageOfPage":{"@id":"https:\/\/www.oknobuild.com\/index.php\/produkt\/akce-bavlneny-rucnik-eva-50x90-cm-450g-m2-sedy-41577\/#primaryimage"},"image":{"@id":"https:\/\/www.oknobuild.com\/index.php\/produkt\/akce-bavlneny-rucnik-eva-50x90-cm-450g-m2-sedy-41577\/#primaryimage"},"thumbnailUrl":"https:\/\/www.oknobuild.com\/wp-content\/uploads\/2026\/SK0017308-CZ20260425-093041-0-1777080643-26510_68944.webp","datePublished":"2026-04-27T04:42:23+00:00","breadcrumb":{"@id":"https:\/\/www.oknobuild.com\/index.php\/produkt\/akce-bavlneny-rucnik-eva-50x90-cm-450g-m2-sedy-41577\/#breadcrumb"},"inLanguage":"cs","potentialAction":[{"@type":"ReadAction","target":["https:\/\/www.oknobuild.com\/index.php\/produkt\/akce-bavlneny-rucnik-eva-50x90-cm-450g-m2-sedy-41577\/"]}]},{"@type":"ImageObject","inLanguage":"cs","@id":"https:\/\/www.oknobuild.com\/index.php\/produkt\/akce-bavlneny-rucnik-eva-50x90-cm-450g-m2-sedy-41577\/#primaryimage","url":"https:\/\/www.oknobuild.com\/wp-content\/uploads\/2026\/SK0017308-CZ20260425-093041-0-1777080643-26510_68944.webp","contentUrl":"https:\/\/www.oknobuild.com\/wp-content\/uploads\/2026\/SK0017308-CZ20260425-093041-0-1777080643-26510_68944.webp","width":1000,"height":706},{"@type":"BreadcrumbList","@id":"https:\/\/www.oknobuild.com\/index.php\/produkt\/akce-bavlneny-rucnik-eva-50x90-cm-450g-m2-sedy-41577\/#breadcrumb","itemListElement":[{"@type":"ListItem","position":1,"name":"Home","item":"https:\/\/www.oknobuild.com\/"},{"@type":"ListItem","position":2,"name":"Products","item":"https:\/\/www.oknobuild.com\/index.php\/products\/"},{"@type":"ListItem","position":3,"name":"Akce Bavln\u011bn\u00fd ru\u010dn\u00edk EVA &#8211; 50&#215;90 cm &#8211; 450g\/m2 &#8211; \u0161ed\u00fd"}]},{"@type":"WebSite","@id":"https:\/\/www.oknobuild.com\/#website","url":"https:\/\/www.oknobuild.com\/","name":"","description":"","potentialAction":[{"@type":"SearchAction","target":{"@type":"EntryPoint","urlTemplate":"https:\/\/www.oknobuild.com\/?s={search_term_string}"},"query-input":{"@type":"PropertyValueSpecification","valueRequired":true,"valueName":"search_term_string"}}],"inLanguage":"cs"}]}},"_links":{"self":[{"href":"https:\/\/www.oknobuild.com\/index.php\/wp-json\/wp\/v2\/product\/41577","targetHints":{"allow":["GET"]}}],"collection":[{"href":"https:\/\/www.oknobuild.com\/index.php\/wp-json\/wp\/v2\/product"}],"about":[{"href":"https:\/\/www.oknobuild.com\/index.php\/wp-json\/wp\/v2\/types\/product"}],"replies":[{"embeddable":true,"href":"https:\/\/www.oknobuild.com\/index.php\/wp-json\/wp\/v2\/comments?post=41577"}],"wp:featuredmedia":[{"embeddable":true,"href":"https:\/\/www.oknobuild.com\/index.php\/wp-json\/wp\/v2\/media\/41677"}],"wp:attachment":[{"href":"https:\/\/www.oknobuild.com\/index.php\/wp-json\/wp\/v2\/media?parent=41577"}],"wp:term":[{"taxonomy":"product_brand","embeddable":true,"href":"https:\/\/www.oknobuild.com\/index.php\/wp-json\/wp\/v2\/product_brand?post=41577"},{"taxonomy":"product_cat","embeddable":true,"href":"https:\/\/www.oknobuild.com\/index.php\/wp-json\/wp\/v2\/product_cat?post=41577"},{"taxonomy":"product_tag","embeddable":true,"href":"https:\/\/www.oknobuild.com\/index.php\/wp-json\/wp\/v2\/product_tag?post=41577"}],"curies":[{"name":"wp","href":"https:\/\/api.w.org\/{rel}","templated":true}]}}