{"id":42177,"date":"2026-04-27T04:42:24","date_gmt":"2026-04-27T04:42:24","guid":{"rendered":""},"modified":"2026-04-27T04:42:24","modified_gmt":"2026-04-27T04:42:24","slug":"akce-gsi-nubes-keramicke-umyvatko-40x23cm-bez-otvoru-prave-leve-bila-extraglaze-9636011-42177","status":"publish","type":"product","link":"https:\/\/www.oknobuild.com\/index.php\/produkt\/akce-gsi-nubes-keramicke-umyvatko-40x23cm-bez-otvoru-prave-leve-bila-extraglaze-9636011-42177\/","title":{"rendered":"Akce GSI NUBES keramick\u00e9 um\u00fdv\u00e1tko 40x23cm, bez otvoru, prav\u00e9\/lev\u00e9, b\u00edl\u00e1 ExtraGlaze 9636011"},"content":{"rendered":"<div class=\"tabs__content-outer\" id=\"tab_description\" data-hash=\"description\" data-tabindex=\"-1\">\n<div class=\"tabs__content toggle_description\" id=\"content_description\">\n<div class=\"wysiwyg-content\">\n<div class=\"product__tab product__description full-width\">\n<div class=\"container\">\n<div >\n<h3>GSI NUBES keramick\u00e9 um\u00fdv\u00e1tko 40x23cm, bez otvoru, prav\u00e9\/lev\u00e9, b\u00edl\u00e1 ExtraGlaze 9636011<\/h3>\n<ul>\n<li>Lev\u00e1\/prav\u00e1 instalace &#8211; otvory pro uchycen\u00ed jsou p\u0159edp\u0159ipraven\u00e9.\u00a0Dle v\u00fdb\u011bru strany uchycen\u00ed je nutn\u00e9 je prorazit.<\/li>\n<\/ul>\n<p style=\"text-align: justify;\">Pevnost, lehkost a v\u0161estrannost &#8211; to jsou hlavn\u00ed rysy kolekce NUBES. Rafinovan\u00e1 kolekce \u0161pi\u010dkov\u00fdch v\u00fdrobk\u016f pro n\u00e1ro\u010dn\u00e9 z\u00e1kazn\u00edky, kte\u0159\u00ed hledaj\u00ed modern\u00ed estetiku. Charakteristick\u00fdmi rysy umyvadel NUBES jsou jejich hranatost a vnit\u0159n\u00ed zaoblenost pro snadn\u00e9 pou\u017e\u00edv\u00e1n\u00ed. Okraj umyvadla, z n\u011bho\u017e je viditeln\u00fdch pouh\u00fdch osm centimetr\u016f, zaji\u0161\u0165uje lehkost a rovnov\u00e1hu mezi formou a prostorem.<\/p>\n<div class=\"product-explanation-item\">\n<h3><strong>Keramick\u00e1 glazura ExtraGlaze&reg; Antibacterial<\/strong><\/h3>\n<div style=\"float: left;\"><\/div>\n<p style=\"text-align: justify;\">Antibakteri\u00e1ln\u00ed glazura Extraglaze&reg; Antibacterial, je obohacen\u00e1 o ionty st\u0159\u00edbra a titanu. Aplikuje se na produkty ji\u017e b\u011bhem v\u00fdrobn\u00edho procesu p\u0159ed vyp\u00e1len\u00edm, \u010d\u00edm\u017e je zaru\u010den jej\u00ed trval\u00fd \u00fa\u010dinek. Extraglaze&reg; Antibacterial dod\u00e1v\u00e1 keramice dokonale hladk\u00fd povrch, vysok\u00fd lesk, antibakteri\u00e1ln\u00ed \u00fa\u010dinek a ochranu proti v\u00e1penn\u00fdm usazenin\u00e1m. Povrch Extraglaze&reg; Antibacterial je standardn\u011b aplikov\u00e1n na v\u0161echny v\u00fdrobky spole\u010dnosti GSI.<\/p>\n<div style=\"float: left; width: 30%; text-align: center;\">B\u011b\u017en\u00e1 glazura<\/div>\n<div style=\"float: left; width: 30%; text-align: center;\">Extraglaze&reg; Antibacterial<\/div>\n<div style=\"clear: both;\"><\/div>\n<\/p><\/div>\n<p><\/p>\n<p><b>Vlastnosti<\/b><\/p>\n<ul>\n<li><span>Materi\u00e1l:<\/span> Keramika<\/li>\n<li><span>Barva:<\/span> B\u00edl\u00e1<\/li>\n<li><span>Instalace:<\/span> N\u00e1st\u011bnn\u00e1-\u0161rouby, K postaven\u00ed<\/li>\n<li><span>P\u0159epad:<\/span> Ne<\/li>\n<li><span>Tvar:<\/span> Obd\u00e9ln\u00edk<\/li>\n<li><span>Otvor pro baterii:<\/span> Bez otvoru<\/li>\n<li><span>Rozm\u011br:<\/span> 40&#215;13,5&#215;23 cm<\/li>\n<li><span>\u0160\u00ed\u0159ka:<\/span> 400 mm<\/li>\n<li><span>V\u00fd\u0161ka:<\/span> 135 mm<\/li>\n<li><span>Hloubka:<\/span> 230 mm<\/li>\n<li><span>Typ umyvadla:<\/span> Um\u00fdv\u00e1tko (mal\u00e9)<\/li>\n<li><span>V\u00fdbava:<\/span> ExtraGlaze<\/li>\n<\/ul>\n<\/div><\/div>\n<\/p><\/div>\n<\/p><\/div>\n<\/p><\/div>\n","protected":false},"excerpt":{"rendered":"<p>GSI NUBES keramick\u00e9 um\u00fdv\u00e1tko 40x23cm, bez otvoru, prav\u00e9\/lev\u00e9, b\u00edl\u00e1 ExtraGlaze 9636011 Lev\u00e1\/prav\u00e1 instalace &#8211; otvory pro uchycen\u00ed jsou p\u0159edp\u0159ipraven\u00e9.\u00a0Dle v\u00fdb\u011bru strany uchycen\u00ed je nutn\u00e9 je prorazit. Pevnost, lehkost a v\u0161estrannost &#8211; to jsou hlavn\u00ed rysy kolekce NUBES. Rafinovan\u00e1 kolekce \u0161pi\u010dkov\u00fdch v\u00fdrobk\u016f pro n\u00e1ro\u010dn\u00e9 z\u00e1kazn\u00edky, kte\u0159\u00ed hledaj\u00ed modern\u00ed estetiku. Charakteristick\u00fdmi rysy umyvadel NUBES jsou jejich hranatost [&hellip;]<\/p>\n","protected":false},"featured_media":42277,"comment_status":"open","ping_status":"open","template":"","meta":[],"product_brand":[],"product_cat":[71],"product_tag":[],"class_list":{"0":"post-42177","1":"product","2":"type-product","3":"status-publish","4":"has-post-thumbnail","6":"product_cat-koupelna","8":"first","9":"instock","10":"sale","11":"shipping-taxable","12":"purchasable","13":"product-type-simple"},"yoast_head":"<!-- This site is optimized with the Yoast SEO plugin v26.8 - https:\/\/yoast.com\/product\/yoast-seo-wordpress\/ -->\n<title>Akce GSI NUBES keramick\u00e9 um\u00fdv\u00e1tko 40x23cm, bez otvoru, prav\u00e9\/lev\u00e9, b\u00edl\u00e1 ExtraGlaze 9636011 -<\/title>\n<meta name=\"robots\" content=\"index, follow, max-snippet:-1, max-image-preview:large, max-video-preview:-1\" \/>\n<link rel=\"canonical\" href=\"https:\/\/www.oknobuild.com\/index.php\/produkt\/akce-gsi-nubes-keramicke-umyvatko-40x23cm-bez-otvoru-prave-leve-bila-extraglaze-9636011-42177\/\" \/>\n<meta property=\"og:locale\" content=\"cs_CZ\" \/>\n<meta property=\"og:type\" content=\"article\" \/>\n<meta property=\"og:title\" content=\"Akce GSI NUBES keramick\u00e9 um\u00fdv\u00e1tko 40x23cm, bez otvoru, prav\u00e9\/lev\u00e9, b\u00edl\u00e1 ExtraGlaze 9636011 -\" \/>\n<meta property=\"og:description\" content=\"GSI NUBES keramick\u00e9 um\u00fdv\u00e1tko 40x23cm, bez otvoru, prav\u00e9\/lev\u00e9, b\u00edl\u00e1 ExtraGlaze 9636011 Lev\u00e1\/prav\u00e1 instalace &#8211; otvory pro uchycen\u00ed jsou p\u0159edp\u0159ipraven\u00e9.\u00a0Dle v\u00fdb\u011bru strany uchycen\u00ed je nutn\u00e9 je prorazit. Pevnost, lehkost a v\u0161estrannost &#8211; to jsou hlavn\u00ed rysy kolekce NUBES. Rafinovan\u00e1 kolekce \u0161pi\u010dkov\u00fdch v\u00fdrobk\u016f pro n\u00e1ro\u010dn\u00e9 z\u00e1kazn\u00edky, kte\u0159\u00ed hledaj\u00ed modern\u00ed estetiku. Charakteristick\u00fdmi rysy umyvadel NUBES jsou jejich hranatost [&hellip;]\" \/>\n<meta property=\"og:url\" content=\"https:\/\/www.oknobuild.com\/index.php\/produkt\/akce-gsi-nubes-keramicke-umyvatko-40x23cm-bez-otvoru-prave-leve-bila-extraglaze-9636011-42177\/\" \/>\n<meta property=\"og:image\" content=\"https:\/\/www.oknobuild.com\/wp-content\/uploads\/2026\/SK0017626-CZ20260425-093041-0-1777080643-88b9e8f7027aabfc658cf080ea048cb5.webp\" \/>\n\t<meta property=\"og:image:width\" content=\"592\" \/>\n\t<meta property=\"og:image:height\" content=\"376\" \/>\n\t<meta property=\"og:image:type\" content=\"image\/webp\" \/>\n<meta name=\"twitter:card\" content=\"summary_large_image\" \/>\n<meta name=\"twitter:label1\" content=\"Odhadovan\u00e1 doba \u010dten\u00ed\" \/>\n\t<meta name=\"twitter:data1\" content=\"1 minuta\" \/>\n<script type=\"application\/ld+json\" class=\"yoast-schema-graph\">{\"@context\":\"https:\/\/schema.org\",\"@graph\":[{\"@type\":\"WebPage\",\"@id\":\"https:\/\/www.oknobuild.com\/index.php\/produkt\/akce-gsi-nubes-keramicke-umyvatko-40x23cm-bez-otvoru-prave-leve-bila-extraglaze-9636011-42177\/\",\"url\":\"https:\/\/www.oknobuild.com\/index.php\/produkt\/akce-gsi-nubes-keramicke-umyvatko-40x23cm-bez-otvoru-prave-leve-bila-extraglaze-9636011-42177\/\",\"name\":\"Akce GSI NUBES keramick\u00e9 um\u00fdv\u00e1tko 40x23cm, bez otvoru, prav\u00e9\/lev\u00e9, b\u00edl\u00e1 ExtraGlaze 9636011 -\",\"isPartOf\":{\"@id\":\"https:\/\/www.oknobuild.com\/#website\"},\"primaryImageOfPage\":{\"@id\":\"https:\/\/www.oknobuild.com\/index.php\/produkt\/akce-gsi-nubes-keramicke-umyvatko-40x23cm-bez-otvoru-prave-leve-bila-extraglaze-9636011-42177\/#primaryimage\"},\"image\":{\"@id\":\"https:\/\/www.oknobuild.com\/index.php\/produkt\/akce-gsi-nubes-keramicke-umyvatko-40x23cm-bez-otvoru-prave-leve-bila-extraglaze-9636011-42177\/#primaryimage\"},\"thumbnailUrl\":\"https:\/\/www.oknobuild.com\/wp-content\/uploads\/2026\/SK0017626-CZ20260425-093041-0-1777080643-88b9e8f7027aabfc658cf080ea048cb5.webp\",\"datePublished\":\"2026-04-27T04:42:24+00:00\",\"breadcrumb\":{\"@id\":\"https:\/\/www.oknobuild.com\/index.php\/produkt\/akce-gsi-nubes-keramicke-umyvatko-40x23cm-bez-otvoru-prave-leve-bila-extraglaze-9636011-42177\/#breadcrumb\"},\"inLanguage\":\"cs\",\"potentialAction\":[{\"@type\":\"ReadAction\",\"target\":[\"https:\/\/www.oknobuild.com\/index.php\/produkt\/akce-gsi-nubes-keramicke-umyvatko-40x23cm-bez-otvoru-prave-leve-bila-extraglaze-9636011-42177\/\"]}]},{\"@type\":\"ImageObject\",\"inLanguage\":\"cs\",\"@id\":\"https:\/\/www.oknobuild.com\/index.php\/produkt\/akce-gsi-nubes-keramicke-umyvatko-40x23cm-bez-otvoru-prave-leve-bila-extraglaze-9636011-42177\/#primaryimage\",\"url\":\"https:\/\/www.oknobuild.com\/wp-content\/uploads\/2026\/SK0017626-CZ20260425-093041-0-1777080643-88b9e8f7027aabfc658cf080ea048cb5.webp\",\"contentUrl\":\"https:\/\/www.oknobuild.com\/wp-content\/uploads\/2026\/SK0017626-CZ20260425-093041-0-1777080643-88b9e8f7027aabfc658cf080ea048cb5.webp\",\"width\":592,\"height\":376},{\"@type\":\"BreadcrumbList\",\"@id\":\"https:\/\/www.oknobuild.com\/index.php\/produkt\/akce-gsi-nubes-keramicke-umyvatko-40x23cm-bez-otvoru-prave-leve-bila-extraglaze-9636011-42177\/#breadcrumb\",\"itemListElement\":[{\"@type\":\"ListItem\",\"position\":1,\"name\":\"Home\",\"item\":\"https:\/\/www.oknobuild.com\/\"},{\"@type\":\"ListItem\",\"position\":2,\"name\":\"Products\",\"item\":\"https:\/\/www.oknobuild.com\/index.php\/products\/\"},{\"@type\":\"ListItem\",\"position\":3,\"name\":\"Akce GSI NUBES keramick\u00e9 um\u00fdv\u00e1tko 40x23cm, bez otvoru, prav\u00e9\/lev\u00e9, b\u00edl\u00e1 ExtraGlaze 9636011\"}]},{\"@type\":\"WebSite\",\"@id\":\"https:\/\/www.oknobuild.com\/#website\",\"url\":\"https:\/\/www.oknobuild.com\/\",\"name\":\"\",\"description\":\"\",\"potentialAction\":[{\"@type\":\"SearchAction\",\"target\":{\"@type\":\"EntryPoint\",\"urlTemplate\":\"https:\/\/www.oknobuild.com\/?s={search_term_string}\"},\"query-input\":{\"@type\":\"PropertyValueSpecification\",\"valueRequired\":true,\"valueName\":\"search_term_string\"}}],\"inLanguage\":\"cs\"}]}<\/script>\n<!-- \/ Yoast SEO plugin. -->","yoast_head_json":{"title":"Akce GSI NUBES keramick\u00e9 um\u00fdv\u00e1tko 40x23cm, bez otvoru, prav\u00e9\/lev\u00e9, b\u00edl\u00e1 ExtraGlaze 9636011 -","robots":{"index":"index","follow":"follow","max-snippet":"max-snippet:-1","max-image-preview":"max-image-preview:large","max-video-preview":"max-video-preview:-1"},"canonical":"https:\/\/www.oknobuild.com\/index.php\/produkt\/akce-gsi-nubes-keramicke-umyvatko-40x23cm-bez-otvoru-prave-leve-bila-extraglaze-9636011-42177\/","og_locale":"cs_CZ","og_type":"article","og_title":"Akce GSI NUBES keramick\u00e9 um\u00fdv\u00e1tko 40x23cm, bez otvoru, prav\u00e9\/lev\u00e9, b\u00edl\u00e1 ExtraGlaze 9636011 -","og_description":"GSI NUBES keramick\u00e9 um\u00fdv\u00e1tko 40x23cm, bez otvoru, prav\u00e9\/lev\u00e9, b\u00edl\u00e1 ExtraGlaze 9636011 Lev\u00e1\/prav\u00e1 instalace &#8211; otvory pro uchycen\u00ed jsou p\u0159edp\u0159ipraven\u00e9.\u00a0Dle v\u00fdb\u011bru strany uchycen\u00ed je nutn\u00e9 je prorazit. Pevnost, lehkost a v\u0161estrannost &#8211; to jsou hlavn\u00ed rysy kolekce NUBES. Rafinovan\u00e1 kolekce \u0161pi\u010dkov\u00fdch v\u00fdrobk\u016f pro n\u00e1ro\u010dn\u00e9 z\u00e1kazn\u00edky, kte\u0159\u00ed hledaj\u00ed modern\u00ed estetiku. Charakteristick\u00fdmi rysy umyvadel NUBES jsou jejich hranatost [&hellip;]","og_url":"https:\/\/www.oknobuild.com\/index.php\/produkt\/akce-gsi-nubes-keramicke-umyvatko-40x23cm-bez-otvoru-prave-leve-bila-extraglaze-9636011-42177\/","og_image":[{"width":592,"height":376,"url":"https:\/\/www.oknobuild.com\/wp-content\/uploads\/2026\/SK0017626-CZ20260425-093041-0-1777080643-88b9e8f7027aabfc658cf080ea048cb5.webp","type":"image\/webp"}],"twitter_card":"summary_large_image","twitter_misc":{"Odhadovan\u00e1 doba \u010dten\u00ed":"1 minuta"},"schema":{"@context":"https:\/\/schema.org","@graph":[{"@type":"WebPage","@id":"https:\/\/www.oknobuild.com\/index.php\/produkt\/akce-gsi-nubes-keramicke-umyvatko-40x23cm-bez-otvoru-prave-leve-bila-extraglaze-9636011-42177\/","url":"https:\/\/www.oknobuild.com\/index.php\/produkt\/akce-gsi-nubes-keramicke-umyvatko-40x23cm-bez-otvoru-prave-leve-bila-extraglaze-9636011-42177\/","name":"Akce GSI NUBES keramick\u00e9 um\u00fdv\u00e1tko 40x23cm, bez otvoru, prav\u00e9\/lev\u00e9, b\u00edl\u00e1 ExtraGlaze 9636011 -","isPartOf":{"@id":"https:\/\/www.oknobuild.com\/#website"},"primaryImageOfPage":{"@id":"https:\/\/www.oknobuild.com\/index.php\/produkt\/akce-gsi-nubes-keramicke-umyvatko-40x23cm-bez-otvoru-prave-leve-bila-extraglaze-9636011-42177\/#primaryimage"},"image":{"@id":"https:\/\/www.oknobuild.com\/index.php\/produkt\/akce-gsi-nubes-keramicke-umyvatko-40x23cm-bez-otvoru-prave-leve-bila-extraglaze-9636011-42177\/#primaryimage"},"thumbnailUrl":"https:\/\/www.oknobuild.com\/wp-content\/uploads\/2026\/SK0017626-CZ20260425-093041-0-1777080643-88b9e8f7027aabfc658cf080ea048cb5.webp","datePublished":"2026-04-27T04:42:24+00:00","breadcrumb":{"@id":"https:\/\/www.oknobuild.com\/index.php\/produkt\/akce-gsi-nubes-keramicke-umyvatko-40x23cm-bez-otvoru-prave-leve-bila-extraglaze-9636011-42177\/#breadcrumb"},"inLanguage":"cs","potentialAction":[{"@type":"ReadAction","target":["https:\/\/www.oknobuild.com\/index.php\/produkt\/akce-gsi-nubes-keramicke-umyvatko-40x23cm-bez-otvoru-prave-leve-bila-extraglaze-9636011-42177\/"]}]},{"@type":"ImageObject","inLanguage":"cs","@id":"https:\/\/www.oknobuild.com\/index.php\/produkt\/akce-gsi-nubes-keramicke-umyvatko-40x23cm-bez-otvoru-prave-leve-bila-extraglaze-9636011-42177\/#primaryimage","url":"https:\/\/www.oknobuild.com\/wp-content\/uploads\/2026\/SK0017626-CZ20260425-093041-0-1777080643-88b9e8f7027aabfc658cf080ea048cb5.webp","contentUrl":"https:\/\/www.oknobuild.com\/wp-content\/uploads\/2026\/SK0017626-CZ20260425-093041-0-1777080643-88b9e8f7027aabfc658cf080ea048cb5.webp","width":592,"height":376},{"@type":"BreadcrumbList","@id":"https:\/\/www.oknobuild.com\/index.php\/produkt\/akce-gsi-nubes-keramicke-umyvatko-40x23cm-bez-otvoru-prave-leve-bila-extraglaze-9636011-42177\/#breadcrumb","itemListElement":[{"@type":"ListItem","position":1,"name":"Home","item":"https:\/\/www.oknobuild.com\/"},{"@type":"ListItem","position":2,"name":"Products","item":"https:\/\/www.oknobuild.com\/index.php\/products\/"},{"@type":"ListItem","position":3,"name":"Akce GSI NUBES keramick\u00e9 um\u00fdv\u00e1tko 40x23cm, bez otvoru, prav\u00e9\/lev\u00e9, b\u00edl\u00e1 ExtraGlaze 9636011"}]},{"@type":"WebSite","@id":"https:\/\/www.oknobuild.com\/#website","url":"https:\/\/www.oknobuild.com\/","name":"","description":"","potentialAction":[{"@type":"SearchAction","target":{"@type":"EntryPoint","urlTemplate":"https:\/\/www.oknobuild.com\/?s={search_term_string}"},"query-input":{"@type":"PropertyValueSpecification","valueRequired":true,"valueName":"search_term_string"}}],"inLanguage":"cs"}]}},"_links":{"self":[{"href":"https:\/\/www.oknobuild.com\/index.php\/wp-json\/wp\/v2\/product\/42177","targetHints":{"allow":["GET"]}}],"collection":[{"href":"https:\/\/www.oknobuild.com\/index.php\/wp-json\/wp\/v2\/product"}],"about":[{"href":"https:\/\/www.oknobuild.com\/index.php\/wp-json\/wp\/v2\/types\/product"}],"replies":[{"embeddable":true,"href":"https:\/\/www.oknobuild.com\/index.php\/wp-json\/wp\/v2\/comments?post=42177"}],"wp:featuredmedia":[{"embeddable":true,"href":"https:\/\/www.oknobuild.com\/index.php\/wp-json\/wp\/v2\/media\/42277"}],"wp:attachment":[{"href":"https:\/\/www.oknobuild.com\/index.php\/wp-json\/wp\/v2\/media?parent=42177"}],"wp:term":[{"taxonomy":"product_brand","embeddable":true,"href":"https:\/\/www.oknobuild.com\/index.php\/wp-json\/wp\/v2\/product_brand?post=42177"},{"taxonomy":"product_cat","embeddable":true,"href":"https:\/\/www.oknobuild.com\/index.php\/wp-json\/wp\/v2\/product_cat?post=42177"},{"taxonomy":"product_tag","embeddable":true,"href":"https:\/\/www.oknobuild.com\/index.php\/wp-json\/wp\/v2\/product_tag?post=42177"}],"curies":[{"name":"wp","href":"https:\/\/api.w.org\/{rel}","templated":true}]}}