{"id":43695,"date":"2026-04-27T04:42:29","date_gmt":"2026-04-27T04:42:29","guid":{"rendered":""},"modified":"2026-04-27T04:42:29","modified_gmt":"2026-04-27T04:42:29","slug":"advantix-vario-sada-prislusenstvi-pro-sprchovy-zlabek-cerny-713-072-primo-od-vyrobce-43695","status":"publish","type":"product","link":"https:\/\/www.oknobuild.com\/index.php\/produkt\/advantix-vario-sada-prislusenstvi-pro-sprchovy-zlabek-cerny-713-072-primo-od-vyrobce-43695\/","title":{"rendered":"Advantix Vario-sada p\u0159\u00edslu\u0161enstv\u00ed pro sprchov\u00fd \u017el\u00e1bek, \u010dern\u00fd, 713 072 P\u0159\u00edmo Od V\u00fdrobce"},"content":{"rendered":"<div class=\"basic-description\">\n<h3>Detailn\u00ed popis produktu<\/h3>\n<p><span style=\"font-size: 14pt;\">Advantix Vario-sada p\u0159\u00edslu\u0161enstv\u00ed pro sprchov\u00fd \u017el\u00e1bek, \u010dern\u00fd, 713 072<\/span><\/p>\n<p><strong>Pro pou\u017eit\u00ed s n\u00e1sleduj\u00edc\u00edmi v\u00fdrobky:&nbsp;<\/strong><\/p>\n<p>&#8211; Advantix Vario-m\u016fstkov\u00fd ro\u0161t pro sprchov\u00fd \u017el\u00e1bek model 4965.30<span>&nbsp;<br \/><\/span>&#8211;&nbsp;Advantix Vario-m\u016fstkov\u00fd ro\u0161t pro sprchov\u00fd \u017el\u00e1bek model 4965.32<br \/>&#8211;<span>&nbsp;<\/span>Advantix Vario-m\u016fstkov\u00fd ro\u0161t pro sprchov\u00fd \u017el\u00e1bek model 4965.31<br \/>&#8211;<span>&nbsp;<\/span>Advantix Vario-m\u016fstkov\u00fd ro\u0161t pro sprchov\u00fd \u017el\u00e1bek model 4965.33<\/p>\n<p><strong>model 4965.86<\/strong><\/p>\n<\/p><\/div>\n","protected":false},"excerpt":{"rendered":"<p>Detailn\u00ed popis produktu Advantix Vario-sada p\u0159\u00edslu\u0161enstv\u00ed pro sprchov\u00fd \u017el\u00e1bek, \u010dern\u00fd, 713 072 Pro pou\u017eit\u00ed s n\u00e1sleduj\u00edc\u00edmi v\u00fdrobky:&nbsp; &#8211; Advantix Vario-m\u016fstkov\u00fd ro\u0161t pro sprchov\u00fd \u017el\u00e1bek model 4965.30&nbsp;&#8211;&nbsp;Advantix Vario-m\u016fstkov\u00fd ro\u0161t pro sprchov\u00fd \u017el\u00e1bek model 4965.32&#8211;&nbsp;Advantix Vario-m\u016fstkov\u00fd ro\u0161t pro sprchov\u00fd \u017el\u00e1bek model 4965.31&#8211;&nbsp;Advantix Vario-m\u016fstkov\u00fd ro\u0161t pro sprchov\u00fd \u017el\u00e1bek model 4965.33 model 4965.86<\/p>\n","protected":false},"featured_media":43795,"comment_status":"open","ping_status":"open","template":"","meta":[],"product_brand":[],"product_cat":[72],"product_tag":[],"class_list":{"0":"post-43695","1":"product","2":"type-product","3":"status-publish","4":"has-post-thumbnail","6":"product_cat-koupelny-a-sanitarni-technika","8":"first","9":"instock","10":"sale","11":"shipping-taxable","12":"purchasable","13":"product-type-simple"},"yoast_head":"<!-- This site is optimized with the Yoast SEO plugin v26.8 - https:\/\/yoast.com\/product\/yoast-seo-wordpress\/ -->\n<title>Advantix Vario-sada p\u0159\u00edslu\u0161enstv\u00ed pro sprchov\u00fd \u017el\u00e1bek, \u010dern\u00fd, 713 072 P\u0159\u00edmo Od V\u00fdrobce -<\/title>\n<meta name=\"robots\" content=\"index, follow, max-snippet:-1, max-image-preview:large, max-video-preview:-1\" \/>\n<link rel=\"canonical\" href=\"https:\/\/www.oknobuild.com\/index.php\/produkt\/advantix-vario-sada-prislusenstvi-pro-sprchovy-zlabek-cerny-713-072-primo-od-vyrobce-43695\/\" \/>\n<meta property=\"og:locale\" content=\"cs_CZ\" \/>\n<meta property=\"og:type\" content=\"article\" \/>\n<meta property=\"og:title\" content=\"Advantix Vario-sada p\u0159\u00edslu\u0161enstv\u00ed pro sprchov\u00fd \u017el\u00e1bek, \u010dern\u00fd, 713 072 P\u0159\u00edmo Od V\u00fdrobce -\" \/>\n<meta property=\"og:description\" content=\"Detailn\u00ed popis produktu Advantix Vario-sada p\u0159\u00edslu\u0161enstv\u00ed pro sprchov\u00fd \u017el\u00e1bek, \u010dern\u00fd, 713 072 Pro pou\u017eit\u00ed s n\u00e1sleduj\u00edc\u00edmi v\u00fdrobky:&nbsp; &#8211; Advantix Vario-m\u016fstkov\u00fd ro\u0161t pro sprchov\u00fd \u017el\u00e1bek model 4965.30&nbsp;&#8211;&nbsp;Advantix Vario-m\u016fstkov\u00fd ro\u0161t pro sprchov\u00fd \u017el\u00e1bek model 4965.32&#8211;&nbsp;Advantix Vario-m\u016fstkov\u00fd ro\u0161t pro sprchov\u00fd \u017el\u00e1bek model 4965.31&#8211;&nbsp;Advantix Vario-m\u016fstkov\u00fd ro\u0161t pro sprchov\u00fd \u017el\u00e1bek model 4965.33 model 4965.86\" \/>\n<meta property=\"og:url\" content=\"https:\/\/www.oknobuild.com\/index.php\/produkt\/advantix-vario-sada-prislusenstvi-pro-sprchovy-zlabek-cerny-713-072-primo-od-vyrobce-43695\/\" \/>\n<meta property=\"og:image\" content=\"https:\/\/www.oknobuild.com\/wp-content\/uploads\/2026\/SK0018962-CZ20260425-093351-0-1777080838-936522_ppm496586i686383v01-jpg.webp\" \/>\n\t<meta property=\"og:image:width\" content=\"1000\" \/>\n\t<meta property=\"og:image:height\" content=\"750\" \/>\n\t<meta property=\"og:image:type\" content=\"image\/webp\" \/>\n<meta name=\"twitter:card\" content=\"summary_large_image\" \/>\n<script type=\"application\/ld+json\" class=\"yoast-schema-graph\">{\"@context\":\"https:\/\/schema.org\",\"@graph\":[{\"@type\":\"WebPage\",\"@id\":\"https:\/\/www.oknobuild.com\/index.php\/produkt\/advantix-vario-sada-prislusenstvi-pro-sprchovy-zlabek-cerny-713-072-primo-od-vyrobce-43695\/\",\"url\":\"https:\/\/www.oknobuild.com\/index.php\/produkt\/advantix-vario-sada-prislusenstvi-pro-sprchovy-zlabek-cerny-713-072-primo-od-vyrobce-43695\/\",\"name\":\"Advantix Vario-sada p\u0159\u00edslu\u0161enstv\u00ed pro sprchov\u00fd \u017el\u00e1bek, \u010dern\u00fd, 713 072 P\u0159\u00edmo Od V\u00fdrobce -\",\"isPartOf\":{\"@id\":\"https:\/\/www.oknobuild.com\/#website\"},\"primaryImageOfPage\":{\"@id\":\"https:\/\/www.oknobuild.com\/index.php\/produkt\/advantix-vario-sada-prislusenstvi-pro-sprchovy-zlabek-cerny-713-072-primo-od-vyrobce-43695\/#primaryimage\"},\"image\":{\"@id\":\"https:\/\/www.oknobuild.com\/index.php\/produkt\/advantix-vario-sada-prislusenstvi-pro-sprchovy-zlabek-cerny-713-072-primo-od-vyrobce-43695\/#primaryimage\"},\"thumbnailUrl\":\"https:\/\/www.oknobuild.com\/wp-content\/uploads\/2026\/SK0018962-CZ20260425-093351-0-1777080838-936522_ppm496586i686383v01-jpg.webp\",\"datePublished\":\"2026-04-27T04:42:29+00:00\",\"breadcrumb\":{\"@id\":\"https:\/\/www.oknobuild.com\/index.php\/produkt\/advantix-vario-sada-prislusenstvi-pro-sprchovy-zlabek-cerny-713-072-primo-od-vyrobce-43695\/#breadcrumb\"},\"inLanguage\":\"cs\",\"potentialAction\":[{\"@type\":\"ReadAction\",\"target\":[\"https:\/\/www.oknobuild.com\/index.php\/produkt\/advantix-vario-sada-prislusenstvi-pro-sprchovy-zlabek-cerny-713-072-primo-od-vyrobce-43695\/\"]}]},{\"@type\":\"ImageObject\",\"inLanguage\":\"cs\",\"@id\":\"https:\/\/www.oknobuild.com\/index.php\/produkt\/advantix-vario-sada-prislusenstvi-pro-sprchovy-zlabek-cerny-713-072-primo-od-vyrobce-43695\/#primaryimage\",\"url\":\"https:\/\/www.oknobuild.com\/wp-content\/uploads\/2026\/SK0018962-CZ20260425-093351-0-1777080838-936522_ppm496586i686383v01-jpg.webp\",\"contentUrl\":\"https:\/\/www.oknobuild.com\/wp-content\/uploads\/2026\/SK0018962-CZ20260425-093351-0-1777080838-936522_ppm496586i686383v01-jpg.webp\",\"width\":1000,\"height\":750},{\"@type\":\"BreadcrumbList\",\"@id\":\"https:\/\/www.oknobuild.com\/index.php\/produkt\/advantix-vario-sada-prislusenstvi-pro-sprchovy-zlabek-cerny-713-072-primo-od-vyrobce-43695\/#breadcrumb\",\"itemListElement\":[{\"@type\":\"ListItem\",\"position\":1,\"name\":\"Home\",\"item\":\"https:\/\/www.oknobuild.com\/\"},{\"@type\":\"ListItem\",\"position\":2,\"name\":\"Products\",\"item\":\"https:\/\/www.oknobuild.com\/index.php\/products\/\"},{\"@type\":\"ListItem\",\"position\":3,\"name\":\"Advantix Vario-sada p\u0159\u00edslu\u0161enstv\u00ed pro sprchov\u00fd \u017el\u00e1bek, \u010dern\u00fd, 713 072 P\u0159\u00edmo Od V\u00fdrobce\"}]},{\"@type\":\"WebSite\",\"@id\":\"https:\/\/www.oknobuild.com\/#website\",\"url\":\"https:\/\/www.oknobuild.com\/\",\"name\":\"\",\"description\":\"\",\"potentialAction\":[{\"@type\":\"SearchAction\",\"target\":{\"@type\":\"EntryPoint\",\"urlTemplate\":\"https:\/\/www.oknobuild.com\/?s={search_term_string}\"},\"query-input\":{\"@type\":\"PropertyValueSpecification\",\"valueRequired\":true,\"valueName\":\"search_term_string\"}}],\"inLanguage\":\"cs\"}]}<\/script>\n<!-- \/ Yoast SEO plugin. -->","yoast_head_json":{"title":"Advantix Vario-sada p\u0159\u00edslu\u0161enstv\u00ed pro sprchov\u00fd \u017el\u00e1bek, \u010dern\u00fd, 713 072 P\u0159\u00edmo Od V\u00fdrobce -","robots":{"index":"index","follow":"follow","max-snippet":"max-snippet:-1","max-image-preview":"max-image-preview:large","max-video-preview":"max-video-preview:-1"},"canonical":"https:\/\/www.oknobuild.com\/index.php\/produkt\/advantix-vario-sada-prislusenstvi-pro-sprchovy-zlabek-cerny-713-072-primo-od-vyrobce-43695\/","og_locale":"cs_CZ","og_type":"article","og_title":"Advantix Vario-sada p\u0159\u00edslu\u0161enstv\u00ed pro sprchov\u00fd \u017el\u00e1bek, \u010dern\u00fd, 713 072 P\u0159\u00edmo Od V\u00fdrobce -","og_description":"Detailn\u00ed popis produktu Advantix Vario-sada p\u0159\u00edslu\u0161enstv\u00ed pro sprchov\u00fd \u017el\u00e1bek, \u010dern\u00fd, 713 072 Pro pou\u017eit\u00ed s n\u00e1sleduj\u00edc\u00edmi v\u00fdrobky:&nbsp; &#8211; Advantix Vario-m\u016fstkov\u00fd ro\u0161t pro sprchov\u00fd \u017el\u00e1bek model 4965.30&nbsp;&#8211;&nbsp;Advantix Vario-m\u016fstkov\u00fd ro\u0161t pro sprchov\u00fd \u017el\u00e1bek model 4965.32&#8211;&nbsp;Advantix Vario-m\u016fstkov\u00fd ro\u0161t pro sprchov\u00fd \u017el\u00e1bek model 4965.31&#8211;&nbsp;Advantix Vario-m\u016fstkov\u00fd ro\u0161t pro sprchov\u00fd \u017el\u00e1bek model 4965.33 model 4965.86","og_url":"https:\/\/www.oknobuild.com\/index.php\/produkt\/advantix-vario-sada-prislusenstvi-pro-sprchovy-zlabek-cerny-713-072-primo-od-vyrobce-43695\/","og_image":[{"width":1000,"height":750,"url":"https:\/\/www.oknobuild.com\/wp-content\/uploads\/2026\/SK0018962-CZ20260425-093351-0-1777080838-936522_ppm496586i686383v01-jpg.webp","type":"image\/webp"}],"twitter_card":"summary_large_image","schema":{"@context":"https:\/\/schema.org","@graph":[{"@type":"WebPage","@id":"https:\/\/www.oknobuild.com\/index.php\/produkt\/advantix-vario-sada-prislusenstvi-pro-sprchovy-zlabek-cerny-713-072-primo-od-vyrobce-43695\/","url":"https:\/\/www.oknobuild.com\/index.php\/produkt\/advantix-vario-sada-prislusenstvi-pro-sprchovy-zlabek-cerny-713-072-primo-od-vyrobce-43695\/","name":"Advantix Vario-sada p\u0159\u00edslu\u0161enstv\u00ed pro sprchov\u00fd \u017el\u00e1bek, \u010dern\u00fd, 713 072 P\u0159\u00edmo Od V\u00fdrobce -","isPartOf":{"@id":"https:\/\/www.oknobuild.com\/#website"},"primaryImageOfPage":{"@id":"https:\/\/www.oknobuild.com\/index.php\/produkt\/advantix-vario-sada-prislusenstvi-pro-sprchovy-zlabek-cerny-713-072-primo-od-vyrobce-43695\/#primaryimage"},"image":{"@id":"https:\/\/www.oknobuild.com\/index.php\/produkt\/advantix-vario-sada-prislusenstvi-pro-sprchovy-zlabek-cerny-713-072-primo-od-vyrobce-43695\/#primaryimage"},"thumbnailUrl":"https:\/\/www.oknobuild.com\/wp-content\/uploads\/2026\/SK0018962-CZ20260425-093351-0-1777080838-936522_ppm496586i686383v01-jpg.webp","datePublished":"2026-04-27T04:42:29+00:00","breadcrumb":{"@id":"https:\/\/www.oknobuild.com\/index.php\/produkt\/advantix-vario-sada-prislusenstvi-pro-sprchovy-zlabek-cerny-713-072-primo-od-vyrobce-43695\/#breadcrumb"},"inLanguage":"cs","potentialAction":[{"@type":"ReadAction","target":["https:\/\/www.oknobuild.com\/index.php\/produkt\/advantix-vario-sada-prislusenstvi-pro-sprchovy-zlabek-cerny-713-072-primo-od-vyrobce-43695\/"]}]},{"@type":"ImageObject","inLanguage":"cs","@id":"https:\/\/www.oknobuild.com\/index.php\/produkt\/advantix-vario-sada-prislusenstvi-pro-sprchovy-zlabek-cerny-713-072-primo-od-vyrobce-43695\/#primaryimage","url":"https:\/\/www.oknobuild.com\/wp-content\/uploads\/2026\/SK0018962-CZ20260425-093351-0-1777080838-936522_ppm496586i686383v01-jpg.webp","contentUrl":"https:\/\/www.oknobuild.com\/wp-content\/uploads\/2026\/SK0018962-CZ20260425-093351-0-1777080838-936522_ppm496586i686383v01-jpg.webp","width":1000,"height":750},{"@type":"BreadcrumbList","@id":"https:\/\/www.oknobuild.com\/index.php\/produkt\/advantix-vario-sada-prislusenstvi-pro-sprchovy-zlabek-cerny-713-072-primo-od-vyrobce-43695\/#breadcrumb","itemListElement":[{"@type":"ListItem","position":1,"name":"Home","item":"https:\/\/www.oknobuild.com\/"},{"@type":"ListItem","position":2,"name":"Products","item":"https:\/\/www.oknobuild.com\/index.php\/products\/"},{"@type":"ListItem","position":3,"name":"Advantix Vario-sada p\u0159\u00edslu\u0161enstv\u00ed pro sprchov\u00fd \u017el\u00e1bek, \u010dern\u00fd, 713 072 P\u0159\u00edmo Od V\u00fdrobce"}]},{"@type":"WebSite","@id":"https:\/\/www.oknobuild.com\/#website","url":"https:\/\/www.oknobuild.com\/","name":"","description":"","potentialAction":[{"@type":"SearchAction","target":{"@type":"EntryPoint","urlTemplate":"https:\/\/www.oknobuild.com\/?s={search_term_string}"},"query-input":{"@type":"PropertyValueSpecification","valueRequired":true,"valueName":"search_term_string"}}],"inLanguage":"cs"}]}},"_links":{"self":[{"href":"https:\/\/www.oknobuild.com\/index.php\/wp-json\/wp\/v2\/product\/43695","targetHints":{"allow":["GET"]}}],"collection":[{"href":"https:\/\/www.oknobuild.com\/index.php\/wp-json\/wp\/v2\/product"}],"about":[{"href":"https:\/\/www.oknobuild.com\/index.php\/wp-json\/wp\/v2\/types\/product"}],"replies":[{"embeddable":true,"href":"https:\/\/www.oknobuild.com\/index.php\/wp-json\/wp\/v2\/comments?post=43695"}],"wp:featuredmedia":[{"embeddable":true,"href":"https:\/\/www.oknobuild.com\/index.php\/wp-json\/wp\/v2\/media\/43795"}],"wp:attachment":[{"href":"https:\/\/www.oknobuild.com\/index.php\/wp-json\/wp\/v2\/media?parent=43695"}],"wp:term":[{"taxonomy":"product_brand","embeddable":true,"href":"https:\/\/www.oknobuild.com\/index.php\/wp-json\/wp\/v2\/product_brand?post=43695"},{"taxonomy":"product_cat","embeddable":true,"href":"https:\/\/www.oknobuild.com\/index.php\/wp-json\/wp\/v2\/product_cat?post=43695"},{"taxonomy":"product_tag","embeddable":true,"href":"https:\/\/www.oknobuild.com\/index.php\/wp-json\/wp\/v2\/product_tag?post=43695"}],"curies":[{"name":"wp","href":"https:\/\/api.w.org\/{rel}","templated":true}]}}