{"id":43701,"date":"2026-04-27T04:42:29","date_gmt":"2026-04-27T04:42:29","guid":{"rendered":""},"modified":"2026-04-27T04:42:29","modified_gmt":"2026-04-27T04:42:29","slug":"akce-advantix-sprchovy-zlabek-1200mm-s-rostem-visign-er13-model-4983-20-oblozitelny-rost-753-245-43701","status":"publish","type":"product","link":"https:\/\/www.oknobuild.com\/index.php\/produkt\/akce-advantix-sprchovy-zlabek-1200mm-s-rostem-visign-er13-model-4983-20-oblozitelny-rost-753-245-43701\/","title":{"rendered":"Akce Advantix sprchov\u00fd \u017el\u00e1bek 1200mm s ro\u0161tem Visign ER13, model 4983.20 (oblo\u017eiteln\u00fd ro\u0161t), 753 245"},"content":{"rendered":"<div class=\"basic-description\">\n<h3>Detailn\u00ed popis produktu<\/h3>\n<p><span style=\"font-size: 14pt;\">Advantix sprchov\u00fd \u017el\u00e1bek 1200mm s ro\u0161tem Visign ER13, model 4983.20 (oblo\u017eiteln\u00fd ro\u0161t), 753 245<\/span><\/p>\n<ul>\n<li>pro n\u00e1sleduj\u00edc\u00ed produkty a pou\u017eit\u00ed: izola\u010dn\u00ed st\u011brka (v&nbsp;oblo\u017een\u00fdch sprch\u00e1ch) nebo hydroizola\u010dn\u00ed membr\u00e1na<\/li>\n<li>u\u0161lechtil\u00e1 ocel 1.4301<\/li>\n<\/ul>\n<p><span><strong>Vybaven\u00ed:<\/strong><\/span><\/p>\n<p><span>p\u00edskovan\u00e1 ut\u011bs\u0148ovac\u00ed p\u0159\u00edruba, oblo\u017eiteln\u00fd ro\u0161t, sada nastaviteln\u00fdch podp\u011br, vyj\u00edmateln\u00fd z\u00e1pachov\u00fd uz\u00e1v\u011br, mo\u017enost \u010di\u0161t\u011bn\u00ed p\u0159ipojovac\u00edho potrub\u00ed, oto\u010dn\u00fd odtok DN40, p\u0159echodov\u00fd kus&nbsp;na DN50, vlo\u017eka se&nbsp;s\u00edtkem<\/span><\/p>\n<h3><span style=\"font-size: 11pt; font-family: 'Source Sans 3', sans-serif;\"><strong>Technick\u00e1 data:<\/strong><\/span><\/h3>\n<p><span>t\u0159\u00edda zat\u00ed\u017een\u00ed K&nbsp;= 300&nbsp;kg&nbsp;<\/span><br \/><span>v\u00fd\u0161ka vodn\u00ed uz\u00e1v\u011bry 50&nbsp;mm<\/span><br \/><span>odtokov\u00fd v\u00fdkon p\u0159i v\u00fd\u0161ce vodn\u00ed hladiny 10&nbsp;mm&nbsp;0,5 l\/s<\/span><br \/><span>odtokov\u00fd v\u00fdkon p\u0159i v\u00fd\u0161ce vodn\u00ed hladiny 20&nbsp;mm&nbsp;0,55 l\/s<\/span><br \/><strong>kontrola jakosti podle DIN&nbsp;EN 1253<\/strong><\/p>\n<p><strong><br \/>model 4983.20<\/strong><\/p>\n<\/p><\/div>\n","protected":false},"excerpt":{"rendered":"<p>Detailn\u00ed popis produktu Advantix sprchov\u00fd \u017el\u00e1bek 1200mm s ro\u0161tem Visign ER13, model 4983.20 (oblo\u017eiteln\u00fd ro\u0161t), 753 245 pro n\u00e1sleduj\u00edc\u00ed produkty a pou\u017eit\u00ed: izola\u010dn\u00ed st\u011brka (v&nbsp;oblo\u017een\u00fdch sprch\u00e1ch) nebo hydroizola\u010dn\u00ed membr\u00e1na u\u0161lechtil\u00e1 ocel 1.4301 Vybaven\u00ed: p\u00edskovan\u00e1 ut\u011bs\u0148ovac\u00ed p\u0159\u00edruba, oblo\u017eiteln\u00fd ro\u0161t, sada nastaviteln\u00fdch podp\u011br, vyj\u00edmateln\u00fd z\u00e1pachov\u00fd uz\u00e1v\u011br, mo\u017enost \u010di\u0161t\u011bn\u00ed p\u0159ipojovac\u00edho potrub\u00ed, oto\u010dn\u00fd odtok DN40, p\u0159echodov\u00fd kus&nbsp;na DN50, vlo\u017eka [&hellip;]<\/p>\n","protected":false},"featured_media":43801,"comment_status":"open","ping_status":"open","template":"","meta":[],"product_brand":[],"product_cat":[72],"product_tag":[],"class_list":{"0":"post-43701","1":"product","2":"type-product","3":"status-publish","4":"has-post-thumbnail","6":"product_cat-koupelny-a-sanitarni-technika","8":"first","9":"instock","10":"sale","11":"shipping-taxable","12":"purchasable","13":"product-type-simple"},"yoast_head":"<!-- This site is optimized with the Yoast SEO plugin v26.8 - https:\/\/yoast.com\/product\/yoast-seo-wordpress\/ -->\n<title>Akce Advantix sprchov\u00fd \u017el\u00e1bek 1200mm s ro\u0161tem Visign ER13, model 4983.20 (oblo\u017eiteln\u00fd ro\u0161t), 753 245 -<\/title>\n<meta name=\"robots\" content=\"index, follow, max-snippet:-1, max-image-preview:large, max-video-preview:-1\" \/>\n<link rel=\"canonical\" href=\"https:\/\/www.oknobuild.com\/index.php\/produkt\/akce-advantix-sprchovy-zlabek-1200mm-s-rostem-visign-er13-model-4983-20-oblozitelny-rost-753-245-43701\/\" \/>\n<meta property=\"og:locale\" content=\"cs_CZ\" \/>\n<meta property=\"og:type\" content=\"article\" \/>\n<meta property=\"og:title\" content=\"Akce Advantix sprchov\u00fd \u017el\u00e1bek 1200mm s ro\u0161tem Visign ER13, model 4983.20 (oblo\u017eiteln\u00fd ro\u0161t), 753 245 -\" \/>\n<meta property=\"og:description\" content=\"Detailn\u00ed popis produktu Advantix sprchov\u00fd \u017el\u00e1bek 1200mm s ro\u0161tem Visign ER13, model 4983.20 (oblo\u017eiteln\u00fd ro\u0161t), 753 245 pro n\u00e1sleduj\u00edc\u00ed produkty a pou\u017eit\u00ed: izola\u010dn\u00ed st\u011brka (v&nbsp;oblo\u017een\u00fdch sprch\u00e1ch) nebo hydroizola\u010dn\u00ed membr\u00e1na u\u0161lechtil\u00e1 ocel 1.4301 Vybaven\u00ed: p\u00edskovan\u00e1 ut\u011bs\u0148ovac\u00ed p\u0159\u00edruba, oblo\u017eiteln\u00fd ro\u0161t, sada nastaviteln\u00fdch podp\u011br, vyj\u00edmateln\u00fd z\u00e1pachov\u00fd uz\u00e1v\u011br, mo\u017enost \u010di\u0161t\u011bn\u00ed p\u0159ipojovac\u00edho potrub\u00ed, oto\u010dn\u00fd odtok DN40, p\u0159echodov\u00fd kus&nbsp;na DN50, vlo\u017eka [&hellip;]\" \/>\n<meta property=\"og:url\" content=\"https:\/\/www.oknobuild.com\/index.php\/produkt\/akce-advantix-sprchovy-zlabek-1200mm-s-rostem-visign-er13-model-4983-20-oblozitelny-rost-753-245-43701\/\" \/>\n<meta property=\"og:image\" content=\"https:\/\/www.oknobuild.com\/wp-content\/uploads\/2026\/SK0018968-CZ20260425-093351-0-1777080838-936489_4983-20-jpg.webp\" \/>\n\t<meta property=\"og:image:width\" content=\"1000\" \/>\n\t<meta property=\"og:image:height\" content=\"750\" \/>\n\t<meta property=\"og:image:type\" content=\"image\/webp\" \/>\n<meta name=\"twitter:card\" content=\"summary_large_image\" \/>\n<meta name=\"twitter:label1\" content=\"Odhadovan\u00e1 doba \u010dten\u00ed\" \/>\n\t<meta name=\"twitter:data1\" content=\"1 minuta\" \/>\n<script type=\"application\/ld+json\" class=\"yoast-schema-graph\">{\"@context\":\"https:\/\/schema.org\",\"@graph\":[{\"@type\":\"WebPage\",\"@id\":\"https:\/\/www.oknobuild.com\/index.php\/produkt\/akce-advantix-sprchovy-zlabek-1200mm-s-rostem-visign-er13-model-4983-20-oblozitelny-rost-753-245-43701\/\",\"url\":\"https:\/\/www.oknobuild.com\/index.php\/produkt\/akce-advantix-sprchovy-zlabek-1200mm-s-rostem-visign-er13-model-4983-20-oblozitelny-rost-753-245-43701\/\",\"name\":\"Akce Advantix sprchov\u00fd \u017el\u00e1bek 1200mm s ro\u0161tem Visign ER13, model 4983.20 (oblo\u017eiteln\u00fd ro\u0161t), 753 245 -\",\"isPartOf\":{\"@id\":\"https:\/\/www.oknobuild.com\/#website\"},\"primaryImageOfPage\":{\"@id\":\"https:\/\/www.oknobuild.com\/index.php\/produkt\/akce-advantix-sprchovy-zlabek-1200mm-s-rostem-visign-er13-model-4983-20-oblozitelny-rost-753-245-43701\/#primaryimage\"},\"image\":{\"@id\":\"https:\/\/www.oknobuild.com\/index.php\/produkt\/akce-advantix-sprchovy-zlabek-1200mm-s-rostem-visign-er13-model-4983-20-oblozitelny-rost-753-245-43701\/#primaryimage\"},\"thumbnailUrl\":\"https:\/\/www.oknobuild.com\/wp-content\/uploads\/2026\/SK0018968-CZ20260425-093351-0-1777080838-936489_4983-20-jpg.webp\",\"datePublished\":\"2026-04-27T04:42:29+00:00\",\"breadcrumb\":{\"@id\":\"https:\/\/www.oknobuild.com\/index.php\/produkt\/akce-advantix-sprchovy-zlabek-1200mm-s-rostem-visign-er13-model-4983-20-oblozitelny-rost-753-245-43701\/#breadcrumb\"},\"inLanguage\":\"cs\",\"potentialAction\":[{\"@type\":\"ReadAction\",\"target\":[\"https:\/\/www.oknobuild.com\/index.php\/produkt\/akce-advantix-sprchovy-zlabek-1200mm-s-rostem-visign-er13-model-4983-20-oblozitelny-rost-753-245-43701\/\"]}]},{\"@type\":\"ImageObject\",\"inLanguage\":\"cs\",\"@id\":\"https:\/\/www.oknobuild.com\/index.php\/produkt\/akce-advantix-sprchovy-zlabek-1200mm-s-rostem-visign-er13-model-4983-20-oblozitelny-rost-753-245-43701\/#primaryimage\",\"url\":\"https:\/\/www.oknobuild.com\/wp-content\/uploads\/2026\/SK0018968-CZ20260425-093351-0-1777080838-936489_4983-20-jpg.webp\",\"contentUrl\":\"https:\/\/www.oknobuild.com\/wp-content\/uploads\/2026\/SK0018968-CZ20260425-093351-0-1777080838-936489_4983-20-jpg.webp\",\"width\":1000,\"height\":750},{\"@type\":\"BreadcrumbList\",\"@id\":\"https:\/\/www.oknobuild.com\/index.php\/produkt\/akce-advantix-sprchovy-zlabek-1200mm-s-rostem-visign-er13-model-4983-20-oblozitelny-rost-753-245-43701\/#breadcrumb\",\"itemListElement\":[{\"@type\":\"ListItem\",\"position\":1,\"name\":\"Home\",\"item\":\"https:\/\/www.oknobuild.com\/\"},{\"@type\":\"ListItem\",\"position\":2,\"name\":\"Products\",\"item\":\"https:\/\/www.oknobuild.com\/index.php\/products\/\"},{\"@type\":\"ListItem\",\"position\":3,\"name\":\"Akce Advantix sprchov\u00fd \u017el\u00e1bek 1200mm s ro\u0161tem Visign ER13, model 4983.20 (oblo\u017eiteln\u00fd ro\u0161t), 753 245\"}]},{\"@type\":\"WebSite\",\"@id\":\"https:\/\/www.oknobuild.com\/#website\",\"url\":\"https:\/\/www.oknobuild.com\/\",\"name\":\"\",\"description\":\"\",\"potentialAction\":[{\"@type\":\"SearchAction\",\"target\":{\"@type\":\"EntryPoint\",\"urlTemplate\":\"https:\/\/www.oknobuild.com\/?s={search_term_string}\"},\"query-input\":{\"@type\":\"PropertyValueSpecification\",\"valueRequired\":true,\"valueName\":\"search_term_string\"}}],\"inLanguage\":\"cs\"}]}<\/script>\n<!-- \/ Yoast SEO plugin. -->","yoast_head_json":{"title":"Akce Advantix sprchov\u00fd \u017el\u00e1bek 1200mm s ro\u0161tem Visign ER13, model 4983.20 (oblo\u017eiteln\u00fd ro\u0161t), 753 245 -","robots":{"index":"index","follow":"follow","max-snippet":"max-snippet:-1","max-image-preview":"max-image-preview:large","max-video-preview":"max-video-preview:-1"},"canonical":"https:\/\/www.oknobuild.com\/index.php\/produkt\/akce-advantix-sprchovy-zlabek-1200mm-s-rostem-visign-er13-model-4983-20-oblozitelny-rost-753-245-43701\/","og_locale":"cs_CZ","og_type":"article","og_title":"Akce Advantix sprchov\u00fd \u017el\u00e1bek 1200mm s ro\u0161tem Visign ER13, model 4983.20 (oblo\u017eiteln\u00fd ro\u0161t), 753 245 -","og_description":"Detailn\u00ed popis produktu Advantix sprchov\u00fd \u017el\u00e1bek 1200mm s ro\u0161tem Visign ER13, model 4983.20 (oblo\u017eiteln\u00fd ro\u0161t), 753 245 pro n\u00e1sleduj\u00edc\u00ed produkty a pou\u017eit\u00ed: izola\u010dn\u00ed st\u011brka (v&nbsp;oblo\u017een\u00fdch sprch\u00e1ch) nebo hydroizola\u010dn\u00ed membr\u00e1na u\u0161lechtil\u00e1 ocel 1.4301 Vybaven\u00ed: p\u00edskovan\u00e1 ut\u011bs\u0148ovac\u00ed p\u0159\u00edruba, oblo\u017eiteln\u00fd ro\u0161t, sada nastaviteln\u00fdch podp\u011br, vyj\u00edmateln\u00fd z\u00e1pachov\u00fd uz\u00e1v\u011br, mo\u017enost \u010di\u0161t\u011bn\u00ed p\u0159ipojovac\u00edho potrub\u00ed, oto\u010dn\u00fd odtok DN40, p\u0159echodov\u00fd kus&nbsp;na DN50, vlo\u017eka [&hellip;]","og_url":"https:\/\/www.oknobuild.com\/index.php\/produkt\/akce-advantix-sprchovy-zlabek-1200mm-s-rostem-visign-er13-model-4983-20-oblozitelny-rost-753-245-43701\/","og_image":[{"width":1000,"height":750,"url":"https:\/\/www.oknobuild.com\/wp-content\/uploads\/2026\/SK0018968-CZ20260425-093351-0-1777080838-936489_4983-20-jpg.webp","type":"image\/webp"}],"twitter_card":"summary_large_image","twitter_misc":{"Odhadovan\u00e1 doba \u010dten\u00ed":"1 minuta"},"schema":{"@context":"https:\/\/schema.org","@graph":[{"@type":"WebPage","@id":"https:\/\/www.oknobuild.com\/index.php\/produkt\/akce-advantix-sprchovy-zlabek-1200mm-s-rostem-visign-er13-model-4983-20-oblozitelny-rost-753-245-43701\/","url":"https:\/\/www.oknobuild.com\/index.php\/produkt\/akce-advantix-sprchovy-zlabek-1200mm-s-rostem-visign-er13-model-4983-20-oblozitelny-rost-753-245-43701\/","name":"Akce Advantix sprchov\u00fd \u017el\u00e1bek 1200mm s ro\u0161tem Visign ER13, model 4983.20 (oblo\u017eiteln\u00fd ro\u0161t), 753 245 -","isPartOf":{"@id":"https:\/\/www.oknobuild.com\/#website"},"primaryImageOfPage":{"@id":"https:\/\/www.oknobuild.com\/index.php\/produkt\/akce-advantix-sprchovy-zlabek-1200mm-s-rostem-visign-er13-model-4983-20-oblozitelny-rost-753-245-43701\/#primaryimage"},"image":{"@id":"https:\/\/www.oknobuild.com\/index.php\/produkt\/akce-advantix-sprchovy-zlabek-1200mm-s-rostem-visign-er13-model-4983-20-oblozitelny-rost-753-245-43701\/#primaryimage"},"thumbnailUrl":"https:\/\/www.oknobuild.com\/wp-content\/uploads\/2026\/SK0018968-CZ20260425-093351-0-1777080838-936489_4983-20-jpg.webp","datePublished":"2026-04-27T04:42:29+00:00","breadcrumb":{"@id":"https:\/\/www.oknobuild.com\/index.php\/produkt\/akce-advantix-sprchovy-zlabek-1200mm-s-rostem-visign-er13-model-4983-20-oblozitelny-rost-753-245-43701\/#breadcrumb"},"inLanguage":"cs","potentialAction":[{"@type":"ReadAction","target":["https:\/\/www.oknobuild.com\/index.php\/produkt\/akce-advantix-sprchovy-zlabek-1200mm-s-rostem-visign-er13-model-4983-20-oblozitelny-rost-753-245-43701\/"]}]},{"@type":"ImageObject","inLanguage":"cs","@id":"https:\/\/www.oknobuild.com\/index.php\/produkt\/akce-advantix-sprchovy-zlabek-1200mm-s-rostem-visign-er13-model-4983-20-oblozitelny-rost-753-245-43701\/#primaryimage","url":"https:\/\/www.oknobuild.com\/wp-content\/uploads\/2026\/SK0018968-CZ20260425-093351-0-1777080838-936489_4983-20-jpg.webp","contentUrl":"https:\/\/www.oknobuild.com\/wp-content\/uploads\/2026\/SK0018968-CZ20260425-093351-0-1777080838-936489_4983-20-jpg.webp","width":1000,"height":750},{"@type":"BreadcrumbList","@id":"https:\/\/www.oknobuild.com\/index.php\/produkt\/akce-advantix-sprchovy-zlabek-1200mm-s-rostem-visign-er13-model-4983-20-oblozitelny-rost-753-245-43701\/#breadcrumb","itemListElement":[{"@type":"ListItem","position":1,"name":"Home","item":"https:\/\/www.oknobuild.com\/"},{"@type":"ListItem","position":2,"name":"Products","item":"https:\/\/www.oknobuild.com\/index.php\/products\/"},{"@type":"ListItem","position":3,"name":"Akce Advantix sprchov\u00fd \u017el\u00e1bek 1200mm s ro\u0161tem Visign ER13, model 4983.20 (oblo\u017eiteln\u00fd ro\u0161t), 753 245"}]},{"@type":"WebSite","@id":"https:\/\/www.oknobuild.com\/#website","url":"https:\/\/www.oknobuild.com\/","name":"","description":"","potentialAction":[{"@type":"SearchAction","target":{"@type":"EntryPoint","urlTemplate":"https:\/\/www.oknobuild.com\/?s={search_term_string}"},"query-input":{"@type":"PropertyValueSpecification","valueRequired":true,"valueName":"search_term_string"}}],"inLanguage":"cs"}]}},"_links":{"self":[{"href":"https:\/\/www.oknobuild.com\/index.php\/wp-json\/wp\/v2\/product\/43701","targetHints":{"allow":["GET"]}}],"collection":[{"href":"https:\/\/www.oknobuild.com\/index.php\/wp-json\/wp\/v2\/product"}],"about":[{"href":"https:\/\/www.oknobuild.com\/index.php\/wp-json\/wp\/v2\/types\/product"}],"replies":[{"embeddable":true,"href":"https:\/\/www.oknobuild.com\/index.php\/wp-json\/wp\/v2\/comments?post=43701"}],"wp:featuredmedia":[{"embeddable":true,"href":"https:\/\/www.oknobuild.com\/index.php\/wp-json\/wp\/v2\/media\/43801"}],"wp:attachment":[{"href":"https:\/\/www.oknobuild.com\/index.php\/wp-json\/wp\/v2\/media?parent=43701"}],"wp:term":[{"taxonomy":"product_brand","embeddable":true,"href":"https:\/\/www.oknobuild.com\/index.php\/wp-json\/wp\/v2\/product_brand?post=43701"},{"taxonomy":"product_cat","embeddable":true,"href":"https:\/\/www.oknobuild.com\/index.php\/wp-json\/wp\/v2\/product_cat?post=43701"},{"taxonomy":"product_tag","embeddable":true,"href":"https:\/\/www.oknobuild.com\/index.php\/wp-json\/wp\/v2\/product_tag?post=43701"}],"curies":[{"name":"wp","href":"https:\/\/api.w.org\/{rel}","templated":true}]}}