{"id":43711,"date":"2026-04-27T04:42:29","date_gmt":"2026-04-27T04:42:29","guid":{"rendered":""},"modified":"2026-04-27T04:42:29","modified_gmt":"2026-04-27T04:42:29","slug":"advantix-rost-visign-er12-sprchoveho-zlabu-1000mm-model-4982-71-737-436-horka-nabidka-43711","status":"publish","type":"product","link":"https:\/\/www.oknobuild.com\/index.php\/produkt\/advantix-rost-visign-er12-sprchoveho-zlabu-1000mm-model-4982-71-737-436-horka-nabidka-43711\/","title":{"rendered":"Advantix ro\u0161t Visign ER12 sprchov\u00e9ho \u017elabu 1000mm model 4982.71, 737 436 Hork\u00e1 Nab\u00eddka"},"content":{"rendered":"<div class=\"basic-description\">\n<h3>Detailn\u00ed popis produktu<\/h3>\n<p><span style=\"font-size: 14pt;\">Advantix ro\u0161t Visign ER12 sprchov\u00e9ho \u017elabu 1000mm model 4982.71, 737 436<\/span><\/p>\n<p><span style=\"font-size: 11pt; font-family: 'Source Sans 3', sans-serif;\"><strong><br \/>Visign&nbsp;ER12<\/strong><\/span><\/p>\n<ul>\n<li><span style=\"font-size: 11pt; font-family: 'Source Sans 3', sans-serif;\">pro n\u00e1sleduj\u00edc\u00ed produkty a pou\u017eit\u00ed: lepen\u00ed obklad\u016f z&nbsp;dla\u017edic nebo p\u0159\u00edrodn\u00edho kamene v&nbsp;libovoln\u00e9 v\u00fd\u0161ce<\/span><\/li>\n<li><span style=\"font-size: 11pt; font-family: 'Source Sans 3', sans-serif;\">u\u0161lechtil\u00e1 ocel 1.4301<\/span><\/li>\n<li><span style=\"font-size: 11pt; font-family: 'Source Sans 3', sans-serif;\">mo\u017enost nastaven\u00ed v\u00fd\u0161ky<\/span><\/li>\n<\/ul>\n<p>&nbsp;<\/p>\n<h3><span style=\"font-size: 11pt;\"><strong><span style=\"font-family: 'Source Sans 3', sans-serif;\">Vybaven\u00ed:<\/span><\/strong><\/span><\/h3>\n<p><span style=\"font-size: 11pt; font-family: 'Source Sans 3', sans-serif;\">sada nastaviteln\u00fdch podp\u011br, vlo\u017eka se&nbsp;s\u00edtkem, p\u00edskovan\u00e1 ut\u011bs\u0148ovac\u00ed p\u0159\u00edruba<\/span><\/p>\n<p><span style=\"font-size: 11pt; font-family: 'Source Sans 3', sans-serif;\"><strong><br \/>model 4982.71<\/strong><\/span><\/p>\n<\/p><\/div>\n","protected":false},"excerpt":{"rendered":"<p>Detailn\u00ed popis produktu Advantix ro\u0161t Visign ER12 sprchov\u00e9ho \u017elabu 1000mm model 4982.71, 737 436 Visign&nbsp;ER12 pro n\u00e1sleduj\u00edc\u00ed produkty a pou\u017eit\u00ed: lepen\u00ed obklad\u016f z&nbsp;dla\u017edic nebo p\u0159\u00edrodn\u00edho kamene v&nbsp;libovoln\u00e9 v\u00fd\u0161ce u\u0161lechtil\u00e1 ocel 1.4301 mo\u017enost nastaven\u00ed v\u00fd\u0161ky &nbsp; Vybaven\u00ed: sada nastaviteln\u00fdch podp\u011br, vlo\u017eka se&nbsp;s\u00edtkem, p\u00edskovan\u00e1 ut\u011bs\u0148ovac\u00ed p\u0159\u00edruba model 4982.71<\/p>\n","protected":false},"featured_media":43811,"comment_status":"open","ping_status":"open","template":"","meta":[],"product_brand":[],"product_cat":[72],"product_tag":[],"class_list":{"0":"post-43711","1":"product","2":"type-product","3":"status-publish","4":"has-post-thumbnail","6":"product_cat-koupelny-a-sanitarni-technika","8":"first","9":"instock","10":"sale","11":"shipping-taxable","12":"purchasable","13":"product-type-simple"},"yoast_head":"<!-- This site is optimized with the Yoast SEO plugin v26.8 - https:\/\/yoast.com\/product\/yoast-seo-wordpress\/ -->\n<title>Advantix ro\u0161t Visign ER12 sprchov\u00e9ho \u017elabu 1000mm model 4982.71, 737 436 Hork\u00e1 Nab\u00eddka -<\/title>\n<meta name=\"robots\" content=\"index, follow, max-snippet:-1, max-image-preview:large, max-video-preview:-1\" \/>\n<link rel=\"canonical\" href=\"https:\/\/www.oknobuild.com\/index.php\/produkt\/advantix-rost-visign-er12-sprchoveho-zlabu-1000mm-model-4982-71-737-436-horka-nabidka-43711\/\" \/>\n<meta property=\"og:locale\" content=\"cs_CZ\" \/>\n<meta property=\"og:type\" content=\"article\" \/>\n<meta property=\"og:title\" content=\"Advantix ro\u0161t Visign ER12 sprchov\u00e9ho \u017elabu 1000mm model 4982.71, 737 436 Hork\u00e1 Nab\u00eddka -\" \/>\n<meta property=\"og:description\" content=\"Detailn\u00ed popis produktu Advantix ro\u0161t Visign ER12 sprchov\u00e9ho \u017elabu 1000mm model 4982.71, 737 436 Visign&nbsp;ER12 pro n\u00e1sleduj\u00edc\u00ed produkty a pou\u017eit\u00ed: lepen\u00ed obklad\u016f z&nbsp;dla\u017edic nebo p\u0159\u00edrodn\u00edho kamene v&nbsp;libovoln\u00e9 v\u00fd\u0161ce u\u0161lechtil\u00e1 ocel 1.4301 mo\u017enost nastaven\u00ed v\u00fd\u0161ky &nbsp; Vybaven\u00ed: sada nastaviteln\u00fdch podp\u011br, vlo\u017eka se&nbsp;s\u00edtkem, p\u00edskovan\u00e1 ut\u011bs\u0148ovac\u00ed p\u0159\u00edruba model 4982.71\" \/>\n<meta property=\"og:url\" content=\"https:\/\/www.oknobuild.com\/index.php\/produkt\/advantix-rost-visign-er12-sprchoveho-zlabu-1000mm-model-4982-71-737-436-horka-nabidka-43711\/\" \/>\n<meta property=\"og:image\" content=\"https:\/\/www.oknobuild.com\/wp-content\/uploads\/2026\/SK0018978-CZ20260425-093351-0-1777080838-936324_ppm498271i737405v01-jpg.webp\" \/>\n\t<meta property=\"og:image:width\" content=\"1000\" \/>\n\t<meta property=\"og:image:height\" content=\"750\" \/>\n\t<meta property=\"og:image:type\" content=\"image\/webp\" \/>\n<meta name=\"twitter:card\" content=\"summary_large_image\" \/>\n<script type=\"application\/ld+json\" class=\"yoast-schema-graph\">{\"@context\":\"https:\/\/schema.org\",\"@graph\":[{\"@type\":\"WebPage\",\"@id\":\"https:\/\/www.oknobuild.com\/index.php\/produkt\/advantix-rost-visign-er12-sprchoveho-zlabu-1000mm-model-4982-71-737-436-horka-nabidka-43711\/\",\"url\":\"https:\/\/www.oknobuild.com\/index.php\/produkt\/advantix-rost-visign-er12-sprchoveho-zlabu-1000mm-model-4982-71-737-436-horka-nabidka-43711\/\",\"name\":\"Advantix ro\u0161t Visign ER12 sprchov\u00e9ho \u017elabu 1000mm model 4982.71, 737 436 Hork\u00e1 Nab\u00eddka -\",\"isPartOf\":{\"@id\":\"https:\/\/www.oknobuild.com\/#website\"},\"primaryImageOfPage\":{\"@id\":\"https:\/\/www.oknobuild.com\/index.php\/produkt\/advantix-rost-visign-er12-sprchoveho-zlabu-1000mm-model-4982-71-737-436-horka-nabidka-43711\/#primaryimage\"},\"image\":{\"@id\":\"https:\/\/www.oknobuild.com\/index.php\/produkt\/advantix-rost-visign-er12-sprchoveho-zlabu-1000mm-model-4982-71-737-436-horka-nabidka-43711\/#primaryimage\"},\"thumbnailUrl\":\"https:\/\/www.oknobuild.com\/wp-content\/uploads\/2026\/SK0018978-CZ20260425-093351-0-1777080838-936324_ppm498271i737405v01-jpg.webp\",\"datePublished\":\"2026-04-27T04:42:29+00:00\",\"breadcrumb\":{\"@id\":\"https:\/\/www.oknobuild.com\/index.php\/produkt\/advantix-rost-visign-er12-sprchoveho-zlabu-1000mm-model-4982-71-737-436-horka-nabidka-43711\/#breadcrumb\"},\"inLanguage\":\"cs\",\"potentialAction\":[{\"@type\":\"ReadAction\",\"target\":[\"https:\/\/www.oknobuild.com\/index.php\/produkt\/advantix-rost-visign-er12-sprchoveho-zlabu-1000mm-model-4982-71-737-436-horka-nabidka-43711\/\"]}]},{\"@type\":\"ImageObject\",\"inLanguage\":\"cs\",\"@id\":\"https:\/\/www.oknobuild.com\/index.php\/produkt\/advantix-rost-visign-er12-sprchoveho-zlabu-1000mm-model-4982-71-737-436-horka-nabidka-43711\/#primaryimage\",\"url\":\"https:\/\/www.oknobuild.com\/wp-content\/uploads\/2026\/SK0018978-CZ20260425-093351-0-1777080838-936324_ppm498271i737405v01-jpg.webp\",\"contentUrl\":\"https:\/\/www.oknobuild.com\/wp-content\/uploads\/2026\/SK0018978-CZ20260425-093351-0-1777080838-936324_ppm498271i737405v01-jpg.webp\",\"width\":1000,\"height\":750},{\"@type\":\"BreadcrumbList\",\"@id\":\"https:\/\/www.oknobuild.com\/index.php\/produkt\/advantix-rost-visign-er12-sprchoveho-zlabu-1000mm-model-4982-71-737-436-horka-nabidka-43711\/#breadcrumb\",\"itemListElement\":[{\"@type\":\"ListItem\",\"position\":1,\"name\":\"Home\",\"item\":\"https:\/\/www.oknobuild.com\/\"},{\"@type\":\"ListItem\",\"position\":2,\"name\":\"Products\",\"item\":\"https:\/\/www.oknobuild.com\/index.php\/products\/\"},{\"@type\":\"ListItem\",\"position\":3,\"name\":\"Advantix ro\u0161t Visign ER12 sprchov\u00e9ho \u017elabu 1000mm model 4982.71, 737 436 Hork\u00e1 Nab\u00eddka\"}]},{\"@type\":\"WebSite\",\"@id\":\"https:\/\/www.oknobuild.com\/#website\",\"url\":\"https:\/\/www.oknobuild.com\/\",\"name\":\"\",\"description\":\"\",\"potentialAction\":[{\"@type\":\"SearchAction\",\"target\":{\"@type\":\"EntryPoint\",\"urlTemplate\":\"https:\/\/www.oknobuild.com\/?s={search_term_string}\"},\"query-input\":{\"@type\":\"PropertyValueSpecification\",\"valueRequired\":true,\"valueName\":\"search_term_string\"}}],\"inLanguage\":\"cs\"}]}<\/script>\n<!-- \/ Yoast SEO plugin. -->","yoast_head_json":{"title":"Advantix ro\u0161t Visign ER12 sprchov\u00e9ho \u017elabu 1000mm model 4982.71, 737 436 Hork\u00e1 Nab\u00eddka -","robots":{"index":"index","follow":"follow","max-snippet":"max-snippet:-1","max-image-preview":"max-image-preview:large","max-video-preview":"max-video-preview:-1"},"canonical":"https:\/\/www.oknobuild.com\/index.php\/produkt\/advantix-rost-visign-er12-sprchoveho-zlabu-1000mm-model-4982-71-737-436-horka-nabidka-43711\/","og_locale":"cs_CZ","og_type":"article","og_title":"Advantix ro\u0161t Visign ER12 sprchov\u00e9ho \u017elabu 1000mm model 4982.71, 737 436 Hork\u00e1 Nab\u00eddka -","og_description":"Detailn\u00ed popis produktu Advantix ro\u0161t Visign ER12 sprchov\u00e9ho \u017elabu 1000mm model 4982.71, 737 436 Visign&nbsp;ER12 pro n\u00e1sleduj\u00edc\u00ed produkty a pou\u017eit\u00ed: lepen\u00ed obklad\u016f z&nbsp;dla\u017edic nebo p\u0159\u00edrodn\u00edho kamene v&nbsp;libovoln\u00e9 v\u00fd\u0161ce u\u0161lechtil\u00e1 ocel 1.4301 mo\u017enost nastaven\u00ed v\u00fd\u0161ky &nbsp; Vybaven\u00ed: sada nastaviteln\u00fdch podp\u011br, vlo\u017eka se&nbsp;s\u00edtkem, p\u00edskovan\u00e1 ut\u011bs\u0148ovac\u00ed p\u0159\u00edruba model 4982.71","og_url":"https:\/\/www.oknobuild.com\/index.php\/produkt\/advantix-rost-visign-er12-sprchoveho-zlabu-1000mm-model-4982-71-737-436-horka-nabidka-43711\/","og_image":[{"width":1000,"height":750,"url":"https:\/\/www.oknobuild.com\/wp-content\/uploads\/2026\/SK0018978-CZ20260425-093351-0-1777080838-936324_ppm498271i737405v01-jpg.webp","type":"image\/webp"}],"twitter_card":"summary_large_image","schema":{"@context":"https:\/\/schema.org","@graph":[{"@type":"WebPage","@id":"https:\/\/www.oknobuild.com\/index.php\/produkt\/advantix-rost-visign-er12-sprchoveho-zlabu-1000mm-model-4982-71-737-436-horka-nabidka-43711\/","url":"https:\/\/www.oknobuild.com\/index.php\/produkt\/advantix-rost-visign-er12-sprchoveho-zlabu-1000mm-model-4982-71-737-436-horka-nabidka-43711\/","name":"Advantix ro\u0161t Visign ER12 sprchov\u00e9ho \u017elabu 1000mm model 4982.71, 737 436 Hork\u00e1 Nab\u00eddka -","isPartOf":{"@id":"https:\/\/www.oknobuild.com\/#website"},"primaryImageOfPage":{"@id":"https:\/\/www.oknobuild.com\/index.php\/produkt\/advantix-rost-visign-er12-sprchoveho-zlabu-1000mm-model-4982-71-737-436-horka-nabidka-43711\/#primaryimage"},"image":{"@id":"https:\/\/www.oknobuild.com\/index.php\/produkt\/advantix-rost-visign-er12-sprchoveho-zlabu-1000mm-model-4982-71-737-436-horka-nabidka-43711\/#primaryimage"},"thumbnailUrl":"https:\/\/www.oknobuild.com\/wp-content\/uploads\/2026\/SK0018978-CZ20260425-093351-0-1777080838-936324_ppm498271i737405v01-jpg.webp","datePublished":"2026-04-27T04:42:29+00:00","breadcrumb":{"@id":"https:\/\/www.oknobuild.com\/index.php\/produkt\/advantix-rost-visign-er12-sprchoveho-zlabu-1000mm-model-4982-71-737-436-horka-nabidka-43711\/#breadcrumb"},"inLanguage":"cs","potentialAction":[{"@type":"ReadAction","target":["https:\/\/www.oknobuild.com\/index.php\/produkt\/advantix-rost-visign-er12-sprchoveho-zlabu-1000mm-model-4982-71-737-436-horka-nabidka-43711\/"]}]},{"@type":"ImageObject","inLanguage":"cs","@id":"https:\/\/www.oknobuild.com\/index.php\/produkt\/advantix-rost-visign-er12-sprchoveho-zlabu-1000mm-model-4982-71-737-436-horka-nabidka-43711\/#primaryimage","url":"https:\/\/www.oknobuild.com\/wp-content\/uploads\/2026\/SK0018978-CZ20260425-093351-0-1777080838-936324_ppm498271i737405v01-jpg.webp","contentUrl":"https:\/\/www.oknobuild.com\/wp-content\/uploads\/2026\/SK0018978-CZ20260425-093351-0-1777080838-936324_ppm498271i737405v01-jpg.webp","width":1000,"height":750},{"@type":"BreadcrumbList","@id":"https:\/\/www.oknobuild.com\/index.php\/produkt\/advantix-rost-visign-er12-sprchoveho-zlabu-1000mm-model-4982-71-737-436-horka-nabidka-43711\/#breadcrumb","itemListElement":[{"@type":"ListItem","position":1,"name":"Home","item":"https:\/\/www.oknobuild.com\/"},{"@type":"ListItem","position":2,"name":"Products","item":"https:\/\/www.oknobuild.com\/index.php\/products\/"},{"@type":"ListItem","position":3,"name":"Advantix ro\u0161t Visign ER12 sprchov\u00e9ho \u017elabu 1000mm model 4982.71, 737 436 Hork\u00e1 Nab\u00eddka"}]},{"@type":"WebSite","@id":"https:\/\/www.oknobuild.com\/#website","url":"https:\/\/www.oknobuild.com\/","name":"","description":"","potentialAction":[{"@type":"SearchAction","target":{"@type":"EntryPoint","urlTemplate":"https:\/\/www.oknobuild.com\/?s={search_term_string}"},"query-input":{"@type":"PropertyValueSpecification","valueRequired":true,"valueName":"search_term_string"}}],"inLanguage":"cs"}]}},"_links":{"self":[{"href":"https:\/\/www.oknobuild.com\/index.php\/wp-json\/wp\/v2\/product\/43711","targetHints":{"allow":["GET"]}}],"collection":[{"href":"https:\/\/www.oknobuild.com\/index.php\/wp-json\/wp\/v2\/product"}],"about":[{"href":"https:\/\/www.oknobuild.com\/index.php\/wp-json\/wp\/v2\/types\/product"}],"replies":[{"embeddable":true,"href":"https:\/\/www.oknobuild.com\/index.php\/wp-json\/wp\/v2\/comments?post=43711"}],"wp:featuredmedia":[{"embeddable":true,"href":"https:\/\/www.oknobuild.com\/index.php\/wp-json\/wp\/v2\/media\/43811"}],"wp:attachment":[{"href":"https:\/\/www.oknobuild.com\/index.php\/wp-json\/wp\/v2\/media?parent=43711"}],"wp:term":[{"taxonomy":"product_brand","embeddable":true,"href":"https:\/\/www.oknobuild.com\/index.php\/wp-json\/wp\/v2\/product_brand?post=43711"},{"taxonomy":"product_cat","embeddable":true,"href":"https:\/\/www.oknobuild.com\/index.php\/wp-json\/wp\/v2\/product_cat?post=43711"},{"taxonomy":"product_tag","embeddable":true,"href":"https:\/\/www.oknobuild.com\/index.php\/wp-json\/wp\/v2\/product_tag?post=43711"}],"curies":[{"name":"wp","href":"https:\/\/api.w.org\/{rel}","templated":true}]}}