{"id":43724,"date":"2026-04-27T04:42:29","date_gmt":"2026-04-27T04:42:29","guid":{"rendered":""},"modified":"2026-04-27T04:42:29","modified_gmt":"2026-04-27T04:42:29","slug":"advantix-izolacni-pas-delka-5m-s-125mm-619-121-finalni-vyprodej-43724","status":"publish","type":"product","link":"https:\/\/www.oknobuild.com\/index.php\/produkt\/advantix-izolacni-pas-delka-5m-s-125mm-619-121-finalni-vyprodej-43724\/","title":{"rendered":"Advantix izola\u010dn\u00ed p\u00e1s d\u00e9lka 5m, \u0161.125mm, 619 121 Fin\u00e1ln\u00ed V\u00fdprodej"},"content":{"rendered":"<div class=\"basic-description\">\n<h3>Detailn\u00ed popis produktu<\/h3>\n<p><span style=\"font-size: 14pt;\">Advantix izola\u010dn\u00ed p\u00e1s d\u00e9lka 5m, \u0161.125mm,&nbsp;619 121<\/span><\/p>\n<ul>\n<li>pro n\u00e1sleduj\u00edc\u00ed produkty a pou\u017eit\u00ed: sprchov\u00fd \u017el\u00e1bek Advantix z u\u0161lechtil\u00e9 oceli<\/li>\n<\/ul>\n<p><strong>model 4964.95<\/strong><\/p>\n<\/p><\/div>\n","protected":false},"excerpt":{"rendered":"<p>Detailn\u00ed popis produktu Advantix izola\u010dn\u00ed p\u00e1s d\u00e9lka 5m, \u0161.125mm,&nbsp;619 121 pro n\u00e1sleduj\u00edc\u00ed produkty a pou\u017eit\u00ed: sprchov\u00fd \u017el\u00e1bek Advantix z u\u0161lechtil\u00e9 oceli model 4964.95<\/p>\n","protected":false},"featured_media":43824,"comment_status":"open","ping_status":"open","template":"","meta":[],"product_brand":[],"product_cat":[72],"product_tag":[],"class_list":{"0":"post-43724","1":"product","2":"type-product","3":"status-publish","4":"has-post-thumbnail","6":"product_cat-koupelny-a-sanitarni-technika","8":"first","9":"instock","10":"sale","11":"shipping-taxable","12":"purchasable","13":"product-type-simple"},"yoast_head":"<!-- This site is optimized with the Yoast SEO plugin v26.8 - https:\/\/yoast.com\/product\/yoast-seo-wordpress\/ -->\n<title>Advantix izola\u010dn\u00ed p\u00e1s d\u00e9lka 5m, \u0161.125mm, 619 121 Fin\u00e1ln\u00ed V\u00fdprodej -<\/title>\n<meta name=\"robots\" content=\"index, follow, max-snippet:-1, max-image-preview:large, max-video-preview:-1\" \/>\n<link rel=\"canonical\" href=\"https:\/\/www.oknobuild.com\/index.php\/produkt\/advantix-izolacni-pas-delka-5m-s-125mm-619-121-finalni-vyprodej-43724\/\" \/>\n<meta property=\"og:locale\" content=\"cs_CZ\" \/>\n<meta property=\"og:type\" content=\"article\" \/>\n<meta property=\"og:title\" content=\"Advantix izola\u010dn\u00ed p\u00e1s d\u00e9lka 5m, \u0161.125mm, 619 121 Fin\u00e1ln\u00ed V\u00fdprodej -\" \/>\n<meta property=\"og:description\" content=\"Detailn\u00ed popis produktu Advantix izola\u010dn\u00ed p\u00e1s d\u00e9lka 5m, \u0161.125mm,&nbsp;619 121 pro n\u00e1sleduj\u00edc\u00ed produkty a pou\u017eit\u00ed: sprchov\u00fd \u017el\u00e1bek Advantix z u\u0161lechtil\u00e9 oceli model 4964.95\" \/>\n<meta property=\"og:url\" content=\"https:\/\/www.oknobuild.com\/index.php\/produkt\/advantix-izolacni-pas-delka-5m-s-125mm-619-121-finalni-vyprodej-43724\/\" \/>\n<meta property=\"og:image\" content=\"https:\/\/www.oknobuild.com\/wp-content\/uploads\/2026\/SK0018991-CZ20260425-093351-0-1777080838-936279_00-jpg.webp\" \/>\n\t<meta property=\"og:image:width\" content=\"1000\" \/>\n\t<meta property=\"og:image:height\" content=\"750\" \/>\n\t<meta property=\"og:image:type\" content=\"image\/webp\" \/>\n<meta name=\"twitter:card\" content=\"summary_large_image\" \/>\n<script type=\"application\/ld+json\" class=\"yoast-schema-graph\">{\"@context\":\"https:\/\/schema.org\",\"@graph\":[{\"@type\":\"WebPage\",\"@id\":\"https:\/\/www.oknobuild.com\/index.php\/produkt\/advantix-izolacni-pas-delka-5m-s-125mm-619-121-finalni-vyprodej-43724\/\",\"url\":\"https:\/\/www.oknobuild.com\/index.php\/produkt\/advantix-izolacni-pas-delka-5m-s-125mm-619-121-finalni-vyprodej-43724\/\",\"name\":\"Advantix izola\u010dn\u00ed p\u00e1s d\u00e9lka 5m, \u0161.125mm, 619 121 Fin\u00e1ln\u00ed V\u00fdprodej -\",\"isPartOf\":{\"@id\":\"https:\/\/www.oknobuild.com\/#website\"},\"primaryImageOfPage\":{\"@id\":\"https:\/\/www.oknobuild.com\/index.php\/produkt\/advantix-izolacni-pas-delka-5m-s-125mm-619-121-finalni-vyprodej-43724\/#primaryimage\"},\"image\":{\"@id\":\"https:\/\/www.oknobuild.com\/index.php\/produkt\/advantix-izolacni-pas-delka-5m-s-125mm-619-121-finalni-vyprodej-43724\/#primaryimage\"},\"thumbnailUrl\":\"https:\/\/www.oknobuild.com\/wp-content\/uploads\/2026\/SK0018991-CZ20260425-093351-0-1777080838-936279_00-jpg.webp\",\"datePublished\":\"2026-04-27T04:42:29+00:00\",\"breadcrumb\":{\"@id\":\"https:\/\/www.oknobuild.com\/index.php\/produkt\/advantix-izolacni-pas-delka-5m-s-125mm-619-121-finalni-vyprodej-43724\/#breadcrumb\"},\"inLanguage\":\"cs\",\"potentialAction\":[{\"@type\":\"ReadAction\",\"target\":[\"https:\/\/www.oknobuild.com\/index.php\/produkt\/advantix-izolacni-pas-delka-5m-s-125mm-619-121-finalni-vyprodej-43724\/\"]}]},{\"@type\":\"ImageObject\",\"inLanguage\":\"cs\",\"@id\":\"https:\/\/www.oknobuild.com\/index.php\/produkt\/advantix-izolacni-pas-delka-5m-s-125mm-619-121-finalni-vyprodej-43724\/#primaryimage\",\"url\":\"https:\/\/www.oknobuild.com\/wp-content\/uploads\/2026\/SK0018991-CZ20260425-093351-0-1777080838-936279_00-jpg.webp\",\"contentUrl\":\"https:\/\/www.oknobuild.com\/wp-content\/uploads\/2026\/SK0018991-CZ20260425-093351-0-1777080838-936279_00-jpg.webp\",\"width\":1000,\"height\":750},{\"@type\":\"BreadcrumbList\",\"@id\":\"https:\/\/www.oknobuild.com\/index.php\/produkt\/advantix-izolacni-pas-delka-5m-s-125mm-619-121-finalni-vyprodej-43724\/#breadcrumb\",\"itemListElement\":[{\"@type\":\"ListItem\",\"position\":1,\"name\":\"Home\",\"item\":\"https:\/\/www.oknobuild.com\/\"},{\"@type\":\"ListItem\",\"position\":2,\"name\":\"Products\",\"item\":\"https:\/\/www.oknobuild.com\/index.php\/products\/\"},{\"@type\":\"ListItem\",\"position\":3,\"name\":\"Advantix izola\u010dn\u00ed p\u00e1s d\u00e9lka 5m, \u0161.125mm, 619 121 Fin\u00e1ln\u00ed V\u00fdprodej\"}]},{\"@type\":\"WebSite\",\"@id\":\"https:\/\/www.oknobuild.com\/#website\",\"url\":\"https:\/\/www.oknobuild.com\/\",\"name\":\"\",\"description\":\"\",\"potentialAction\":[{\"@type\":\"SearchAction\",\"target\":{\"@type\":\"EntryPoint\",\"urlTemplate\":\"https:\/\/www.oknobuild.com\/?s={search_term_string}\"},\"query-input\":{\"@type\":\"PropertyValueSpecification\",\"valueRequired\":true,\"valueName\":\"search_term_string\"}}],\"inLanguage\":\"cs\"}]}<\/script>\n<!-- \/ Yoast SEO plugin. -->","yoast_head_json":{"title":"Advantix izola\u010dn\u00ed p\u00e1s d\u00e9lka 5m, \u0161.125mm, 619 121 Fin\u00e1ln\u00ed V\u00fdprodej -","robots":{"index":"index","follow":"follow","max-snippet":"max-snippet:-1","max-image-preview":"max-image-preview:large","max-video-preview":"max-video-preview:-1"},"canonical":"https:\/\/www.oknobuild.com\/index.php\/produkt\/advantix-izolacni-pas-delka-5m-s-125mm-619-121-finalni-vyprodej-43724\/","og_locale":"cs_CZ","og_type":"article","og_title":"Advantix izola\u010dn\u00ed p\u00e1s d\u00e9lka 5m, \u0161.125mm, 619 121 Fin\u00e1ln\u00ed V\u00fdprodej -","og_description":"Detailn\u00ed popis produktu Advantix izola\u010dn\u00ed p\u00e1s d\u00e9lka 5m, \u0161.125mm,&nbsp;619 121 pro n\u00e1sleduj\u00edc\u00ed produkty a pou\u017eit\u00ed: sprchov\u00fd \u017el\u00e1bek Advantix z u\u0161lechtil\u00e9 oceli model 4964.95","og_url":"https:\/\/www.oknobuild.com\/index.php\/produkt\/advantix-izolacni-pas-delka-5m-s-125mm-619-121-finalni-vyprodej-43724\/","og_image":[{"width":1000,"height":750,"url":"https:\/\/www.oknobuild.com\/wp-content\/uploads\/2026\/SK0018991-CZ20260425-093351-0-1777080838-936279_00-jpg.webp","type":"image\/webp"}],"twitter_card":"summary_large_image","schema":{"@context":"https:\/\/schema.org","@graph":[{"@type":"WebPage","@id":"https:\/\/www.oknobuild.com\/index.php\/produkt\/advantix-izolacni-pas-delka-5m-s-125mm-619-121-finalni-vyprodej-43724\/","url":"https:\/\/www.oknobuild.com\/index.php\/produkt\/advantix-izolacni-pas-delka-5m-s-125mm-619-121-finalni-vyprodej-43724\/","name":"Advantix izola\u010dn\u00ed p\u00e1s d\u00e9lka 5m, \u0161.125mm, 619 121 Fin\u00e1ln\u00ed V\u00fdprodej -","isPartOf":{"@id":"https:\/\/www.oknobuild.com\/#website"},"primaryImageOfPage":{"@id":"https:\/\/www.oknobuild.com\/index.php\/produkt\/advantix-izolacni-pas-delka-5m-s-125mm-619-121-finalni-vyprodej-43724\/#primaryimage"},"image":{"@id":"https:\/\/www.oknobuild.com\/index.php\/produkt\/advantix-izolacni-pas-delka-5m-s-125mm-619-121-finalni-vyprodej-43724\/#primaryimage"},"thumbnailUrl":"https:\/\/www.oknobuild.com\/wp-content\/uploads\/2026\/SK0018991-CZ20260425-093351-0-1777080838-936279_00-jpg.webp","datePublished":"2026-04-27T04:42:29+00:00","breadcrumb":{"@id":"https:\/\/www.oknobuild.com\/index.php\/produkt\/advantix-izolacni-pas-delka-5m-s-125mm-619-121-finalni-vyprodej-43724\/#breadcrumb"},"inLanguage":"cs","potentialAction":[{"@type":"ReadAction","target":["https:\/\/www.oknobuild.com\/index.php\/produkt\/advantix-izolacni-pas-delka-5m-s-125mm-619-121-finalni-vyprodej-43724\/"]}]},{"@type":"ImageObject","inLanguage":"cs","@id":"https:\/\/www.oknobuild.com\/index.php\/produkt\/advantix-izolacni-pas-delka-5m-s-125mm-619-121-finalni-vyprodej-43724\/#primaryimage","url":"https:\/\/www.oknobuild.com\/wp-content\/uploads\/2026\/SK0018991-CZ20260425-093351-0-1777080838-936279_00-jpg.webp","contentUrl":"https:\/\/www.oknobuild.com\/wp-content\/uploads\/2026\/SK0018991-CZ20260425-093351-0-1777080838-936279_00-jpg.webp","width":1000,"height":750},{"@type":"BreadcrumbList","@id":"https:\/\/www.oknobuild.com\/index.php\/produkt\/advantix-izolacni-pas-delka-5m-s-125mm-619-121-finalni-vyprodej-43724\/#breadcrumb","itemListElement":[{"@type":"ListItem","position":1,"name":"Home","item":"https:\/\/www.oknobuild.com\/"},{"@type":"ListItem","position":2,"name":"Products","item":"https:\/\/www.oknobuild.com\/index.php\/products\/"},{"@type":"ListItem","position":3,"name":"Advantix izola\u010dn\u00ed p\u00e1s d\u00e9lka 5m, \u0161.125mm, 619 121 Fin\u00e1ln\u00ed V\u00fdprodej"}]},{"@type":"WebSite","@id":"https:\/\/www.oknobuild.com\/#website","url":"https:\/\/www.oknobuild.com\/","name":"","description":"","potentialAction":[{"@type":"SearchAction","target":{"@type":"EntryPoint","urlTemplate":"https:\/\/www.oknobuild.com\/?s={search_term_string}"},"query-input":{"@type":"PropertyValueSpecification","valueRequired":true,"valueName":"search_term_string"}}],"inLanguage":"cs"}]}},"_links":{"self":[{"href":"https:\/\/www.oknobuild.com\/index.php\/wp-json\/wp\/v2\/product\/43724","targetHints":{"allow":["GET"]}}],"collection":[{"href":"https:\/\/www.oknobuild.com\/index.php\/wp-json\/wp\/v2\/product"}],"about":[{"href":"https:\/\/www.oknobuild.com\/index.php\/wp-json\/wp\/v2\/types\/product"}],"replies":[{"embeddable":true,"href":"https:\/\/www.oknobuild.com\/index.php\/wp-json\/wp\/v2\/comments?post=43724"}],"wp:featuredmedia":[{"embeddable":true,"href":"https:\/\/www.oknobuild.com\/index.php\/wp-json\/wp\/v2\/media\/43824"}],"wp:attachment":[{"href":"https:\/\/www.oknobuild.com\/index.php\/wp-json\/wp\/v2\/media?parent=43724"}],"wp:term":[{"taxonomy":"product_brand","embeddable":true,"href":"https:\/\/www.oknobuild.com\/index.php\/wp-json\/wp\/v2\/product_brand?post=43724"},{"taxonomy":"product_cat","embeddable":true,"href":"https:\/\/www.oknobuild.com\/index.php\/wp-json\/wp\/v2\/product_cat?post=43724"},{"taxonomy":"product_tag","embeddable":true,"href":"https:\/\/www.oknobuild.com\/index.php\/wp-json\/wp\/v2\/product_tag?post=43724"}],"curies":[{"name":"wp","href":"https:\/\/api.w.org\/{rel}","templated":true}]}}