{"id":43727,"date":"2026-04-27T04:42:29","date_gmt":"2026-04-27T04:42:29","guid":{"rendered":""},"modified":"2026-04-27T04:42:29","modified_gmt":"2026-04-27T04:42:29","slug":"advantix-nastavec-s-plast-ramem-a-nerez-rostem-100x100-model-4934-1-555-177-ihned-k-objednani-43727","status":"publish","type":"product","link":"https:\/\/www.oknobuild.com\/index.php\/produkt\/advantix-nastavec-s-plast-ramem-a-nerez-rostem-100x100-model-4934-1-555-177-ihned-k-objednani-43727\/","title":{"rendered":"Advantix n\u00e1stavec s plast. r\u00e1mem a nerez. ro\u0161tem 100&#215;100, model 4934.1, 555 177 Ihned K Objedn\u00e1n\u00ed"},"content":{"rendered":"<div class=\"basic-description\">\n<h3>Detailn\u00ed popis produktu<\/h3>\n<div class=\"c-headline c-headline--h2\" data-controller=\"c-headline\">\n<p><span style=\"font-family: 'Source Sans 3', sans-serif; font-size: 14pt;\">Advantix n\u00e1stavec s plast. r\u00e1mem a nerez. ro\u0161tem 100&#215;100, model 4934.1, 555 177<\/p>\n<p><\/span><\/p>\n<ul>\n<li class=\"a-headline a-headline--h2 c-headline__headline g-spacing-bottom--medium\" id=\"model\"><span style=\"font-family: 'Source Sans 3', sans-serif; font-size: 11pt;\">syst\u00e9mov\u00fd rozm\u011br 100<\/span><\/li>\n<\/ul>\n<\/div>\n<div class=\"m-richtext g-spacing-bottom--medium\"><\/p>\n<h3><span style=\"font-size: 11pt;\"><strong><span style=\"font-family: 'Source Sans 3', sans-serif;\">Vybaven\u00ed:<\/span><\/strong><\/span><\/h3>\n<p><span style=\"font-size: 11pt; font-family: 'Source Sans 3', sans-serif;\">r\u00e1m z&nbsp;plastu, ro\u0161t z&nbsp;ta\u017een\u00e9 u\u0161lechtil\u00e9 oceli 1.4301, t\u011bsn\u011bn\u00ed proti zp\u011btn\u00e9mu vzdut\u00ed<\/span><\/p>\n<h3><span style=\"font-size: 11pt;\"><strong><span style=\"font-family: 'Source Sans 3', sans-serif;\">Technick\u00e1 data:<\/span><\/strong><\/span><\/h3>\n<p><span style=\"font-size: 11pt; font-family: 'Source Sans 3', sans-serif;\">t\u0159\u00edda zat\u00ed\u017een\u00ed K&nbsp;= 300&nbsp;kg&nbsp;<\/span><\/p>\n<p><span style=\"font-size: 11pt; font-family: 'Source Sans 3', sans-serif;\"><strong><\/strong><\/span><\/div>\n<div class=\"m-richtext g-spacing-bottom--medium\"><span style=\"font-size: 11pt; font-family: 'Source Sans 3', sans-serif;\"><strong>&nbsp;<\/strong><\/span><\/div>\n<div class=\"m-richtext g-spacing-bottom--medium\"><span style=\"font-size: 11pt; font-family: 'Source Sans 3', sans-serif;\"><strong>model 4934.1<\/strong><\/span><\/div>\n<\/p><\/div>\n","protected":false},"excerpt":{"rendered":"<p>Detailn\u00ed popis produktu Advantix n\u00e1stavec s plast. r\u00e1mem a nerez. ro\u0161tem 100&#215;100, model 4934.1, 555 177 syst\u00e9mov\u00fd rozm\u011br 100 Vybaven\u00ed: r\u00e1m z&nbsp;plastu, ro\u0161t z&nbsp;ta\u017een\u00e9 u\u0161lechtil\u00e9 oceli 1.4301, t\u011bsn\u011bn\u00ed proti zp\u011btn\u00e9mu vzdut\u00ed Technick\u00e1 data: t\u0159\u00edda zat\u00ed\u017een\u00ed K&nbsp;= 300&nbsp;kg&nbsp; &nbsp; model 4934.1<\/p>\n","protected":false},"featured_media":43827,"comment_status":"open","ping_status":"open","template":"","meta":[],"product_brand":[],"product_cat":[72],"product_tag":[],"class_list":{"0":"post-43727","1":"product","2":"type-product","3":"status-publish","4":"has-post-thumbnail","6":"product_cat-koupelny-a-sanitarni-technika","8":"first","9":"instock","10":"sale","11":"shipping-taxable","12":"purchasable","13":"product-type-simple"},"yoast_head":"<!-- This site is optimized with the Yoast SEO plugin v26.8 - https:\/\/yoast.com\/product\/yoast-seo-wordpress\/ -->\n<title>Advantix n\u00e1stavec s plast. r\u00e1mem a nerez. ro\u0161tem 100x100, model 4934.1, 555 177 Ihned K Objedn\u00e1n\u00ed -<\/title>\n<meta name=\"robots\" content=\"index, follow, max-snippet:-1, max-image-preview:large, max-video-preview:-1\" \/>\n<link rel=\"canonical\" href=\"https:\/\/www.oknobuild.com\/index.php\/produkt\/advantix-nastavec-s-plast-ramem-a-nerez-rostem-100x100-model-4934-1-555-177-ihned-k-objednani-43727\/\" \/>\n<meta property=\"og:locale\" content=\"cs_CZ\" \/>\n<meta property=\"og:type\" content=\"article\" \/>\n<meta property=\"og:title\" content=\"Advantix n\u00e1stavec s plast. r\u00e1mem a nerez. ro\u0161tem 100x100, model 4934.1, 555 177 Ihned K Objedn\u00e1n\u00ed -\" \/>\n<meta property=\"og:description\" content=\"Detailn\u00ed popis produktu Advantix n\u00e1stavec s plast. r\u00e1mem a nerez. ro\u0161tem 100&#215;100, model 4934.1, 555 177 syst\u00e9mov\u00fd rozm\u011br 100 Vybaven\u00ed: r\u00e1m z&nbsp;plastu, ro\u0161t z&nbsp;ta\u017een\u00e9 u\u0161lechtil\u00e9 oceli 1.4301, t\u011bsn\u011bn\u00ed proti zp\u011btn\u00e9mu vzdut\u00ed Technick\u00e1 data: t\u0159\u00edda zat\u00ed\u017een\u00ed K&nbsp;= 300&nbsp;kg&nbsp; &nbsp; model 4934.1\" \/>\n<meta property=\"og:url\" content=\"https:\/\/www.oknobuild.com\/index.php\/produkt\/advantix-nastavec-s-plast-ramem-a-nerez-rostem-100x100-model-4934-1-555-177-ihned-k-objednani-43727\/\" \/>\n<meta property=\"og:image\" content=\"https:\/\/www.oknobuild.com\/wp-content\/uploads\/2026\/SK0018994-CZ20260425-093351-0-1777080838-936270_00-jpg.webp\" \/>\n\t<meta property=\"og:image:width\" content=\"1000\" \/>\n\t<meta property=\"og:image:height\" content=\"750\" \/>\n\t<meta property=\"og:image:type\" content=\"image\/webp\" \/>\n<meta name=\"twitter:card\" content=\"summary_large_image\" \/>\n<script type=\"application\/ld+json\" class=\"yoast-schema-graph\">{\"@context\":\"https:\/\/schema.org\",\"@graph\":[{\"@type\":\"WebPage\",\"@id\":\"https:\/\/www.oknobuild.com\/index.php\/produkt\/advantix-nastavec-s-plast-ramem-a-nerez-rostem-100x100-model-4934-1-555-177-ihned-k-objednani-43727\/\",\"url\":\"https:\/\/www.oknobuild.com\/index.php\/produkt\/advantix-nastavec-s-plast-ramem-a-nerez-rostem-100x100-model-4934-1-555-177-ihned-k-objednani-43727\/\",\"name\":\"Advantix n\u00e1stavec s plast. r\u00e1mem a nerez. ro\u0161tem 100x100, model 4934.1, 555 177 Ihned K Objedn\u00e1n\u00ed -\",\"isPartOf\":{\"@id\":\"https:\/\/www.oknobuild.com\/#website\"},\"primaryImageOfPage\":{\"@id\":\"https:\/\/www.oknobuild.com\/index.php\/produkt\/advantix-nastavec-s-plast-ramem-a-nerez-rostem-100x100-model-4934-1-555-177-ihned-k-objednani-43727\/#primaryimage\"},\"image\":{\"@id\":\"https:\/\/www.oknobuild.com\/index.php\/produkt\/advantix-nastavec-s-plast-ramem-a-nerez-rostem-100x100-model-4934-1-555-177-ihned-k-objednani-43727\/#primaryimage\"},\"thumbnailUrl\":\"https:\/\/www.oknobuild.com\/wp-content\/uploads\/2026\/SK0018994-CZ20260425-093351-0-1777080838-936270_00-jpg.webp\",\"datePublished\":\"2026-04-27T04:42:29+00:00\",\"breadcrumb\":{\"@id\":\"https:\/\/www.oknobuild.com\/index.php\/produkt\/advantix-nastavec-s-plast-ramem-a-nerez-rostem-100x100-model-4934-1-555-177-ihned-k-objednani-43727\/#breadcrumb\"},\"inLanguage\":\"cs\",\"potentialAction\":[{\"@type\":\"ReadAction\",\"target\":[\"https:\/\/www.oknobuild.com\/index.php\/produkt\/advantix-nastavec-s-plast-ramem-a-nerez-rostem-100x100-model-4934-1-555-177-ihned-k-objednani-43727\/\"]}]},{\"@type\":\"ImageObject\",\"inLanguage\":\"cs\",\"@id\":\"https:\/\/www.oknobuild.com\/index.php\/produkt\/advantix-nastavec-s-plast-ramem-a-nerez-rostem-100x100-model-4934-1-555-177-ihned-k-objednani-43727\/#primaryimage\",\"url\":\"https:\/\/www.oknobuild.com\/wp-content\/uploads\/2026\/SK0018994-CZ20260425-093351-0-1777080838-936270_00-jpg.webp\",\"contentUrl\":\"https:\/\/www.oknobuild.com\/wp-content\/uploads\/2026\/SK0018994-CZ20260425-093351-0-1777080838-936270_00-jpg.webp\",\"width\":1000,\"height\":750},{\"@type\":\"BreadcrumbList\",\"@id\":\"https:\/\/www.oknobuild.com\/index.php\/produkt\/advantix-nastavec-s-plast-ramem-a-nerez-rostem-100x100-model-4934-1-555-177-ihned-k-objednani-43727\/#breadcrumb\",\"itemListElement\":[{\"@type\":\"ListItem\",\"position\":1,\"name\":\"Home\",\"item\":\"https:\/\/www.oknobuild.com\/\"},{\"@type\":\"ListItem\",\"position\":2,\"name\":\"Products\",\"item\":\"https:\/\/www.oknobuild.com\/index.php\/products\/\"},{\"@type\":\"ListItem\",\"position\":3,\"name\":\"Advantix n\u00e1stavec s plast. r\u00e1mem a nerez. ro\u0161tem 100&#215;100, model 4934.1, 555 177 Ihned K Objedn\u00e1n\u00ed\"}]},{\"@type\":\"WebSite\",\"@id\":\"https:\/\/www.oknobuild.com\/#website\",\"url\":\"https:\/\/www.oknobuild.com\/\",\"name\":\"\",\"description\":\"\",\"potentialAction\":[{\"@type\":\"SearchAction\",\"target\":{\"@type\":\"EntryPoint\",\"urlTemplate\":\"https:\/\/www.oknobuild.com\/?s={search_term_string}\"},\"query-input\":{\"@type\":\"PropertyValueSpecification\",\"valueRequired\":true,\"valueName\":\"search_term_string\"}}],\"inLanguage\":\"cs\"}]}<\/script>\n<!-- \/ Yoast SEO plugin. -->","yoast_head_json":{"title":"Advantix n\u00e1stavec s plast. r\u00e1mem a nerez. ro\u0161tem 100x100, model 4934.1, 555 177 Ihned K Objedn\u00e1n\u00ed -","robots":{"index":"index","follow":"follow","max-snippet":"max-snippet:-1","max-image-preview":"max-image-preview:large","max-video-preview":"max-video-preview:-1"},"canonical":"https:\/\/www.oknobuild.com\/index.php\/produkt\/advantix-nastavec-s-plast-ramem-a-nerez-rostem-100x100-model-4934-1-555-177-ihned-k-objednani-43727\/","og_locale":"cs_CZ","og_type":"article","og_title":"Advantix n\u00e1stavec s plast. r\u00e1mem a nerez. ro\u0161tem 100x100, model 4934.1, 555 177 Ihned K Objedn\u00e1n\u00ed -","og_description":"Detailn\u00ed popis produktu Advantix n\u00e1stavec s plast. r\u00e1mem a nerez. ro\u0161tem 100&#215;100, model 4934.1, 555 177 syst\u00e9mov\u00fd rozm\u011br 100 Vybaven\u00ed: r\u00e1m z&nbsp;plastu, ro\u0161t z&nbsp;ta\u017een\u00e9 u\u0161lechtil\u00e9 oceli 1.4301, t\u011bsn\u011bn\u00ed proti zp\u011btn\u00e9mu vzdut\u00ed Technick\u00e1 data: t\u0159\u00edda zat\u00ed\u017een\u00ed K&nbsp;= 300&nbsp;kg&nbsp; &nbsp; model 4934.1","og_url":"https:\/\/www.oknobuild.com\/index.php\/produkt\/advantix-nastavec-s-plast-ramem-a-nerez-rostem-100x100-model-4934-1-555-177-ihned-k-objednani-43727\/","og_image":[{"width":1000,"height":750,"url":"https:\/\/www.oknobuild.com\/wp-content\/uploads\/2026\/SK0018994-CZ20260425-093351-0-1777080838-936270_00-jpg.webp","type":"image\/webp"}],"twitter_card":"summary_large_image","schema":{"@context":"https:\/\/schema.org","@graph":[{"@type":"WebPage","@id":"https:\/\/www.oknobuild.com\/index.php\/produkt\/advantix-nastavec-s-plast-ramem-a-nerez-rostem-100x100-model-4934-1-555-177-ihned-k-objednani-43727\/","url":"https:\/\/www.oknobuild.com\/index.php\/produkt\/advantix-nastavec-s-plast-ramem-a-nerez-rostem-100x100-model-4934-1-555-177-ihned-k-objednani-43727\/","name":"Advantix n\u00e1stavec s plast. r\u00e1mem a nerez. ro\u0161tem 100x100, model 4934.1, 555 177 Ihned K Objedn\u00e1n\u00ed -","isPartOf":{"@id":"https:\/\/www.oknobuild.com\/#website"},"primaryImageOfPage":{"@id":"https:\/\/www.oknobuild.com\/index.php\/produkt\/advantix-nastavec-s-plast-ramem-a-nerez-rostem-100x100-model-4934-1-555-177-ihned-k-objednani-43727\/#primaryimage"},"image":{"@id":"https:\/\/www.oknobuild.com\/index.php\/produkt\/advantix-nastavec-s-plast-ramem-a-nerez-rostem-100x100-model-4934-1-555-177-ihned-k-objednani-43727\/#primaryimage"},"thumbnailUrl":"https:\/\/www.oknobuild.com\/wp-content\/uploads\/2026\/SK0018994-CZ20260425-093351-0-1777080838-936270_00-jpg.webp","datePublished":"2026-04-27T04:42:29+00:00","breadcrumb":{"@id":"https:\/\/www.oknobuild.com\/index.php\/produkt\/advantix-nastavec-s-plast-ramem-a-nerez-rostem-100x100-model-4934-1-555-177-ihned-k-objednani-43727\/#breadcrumb"},"inLanguage":"cs","potentialAction":[{"@type":"ReadAction","target":["https:\/\/www.oknobuild.com\/index.php\/produkt\/advantix-nastavec-s-plast-ramem-a-nerez-rostem-100x100-model-4934-1-555-177-ihned-k-objednani-43727\/"]}]},{"@type":"ImageObject","inLanguage":"cs","@id":"https:\/\/www.oknobuild.com\/index.php\/produkt\/advantix-nastavec-s-plast-ramem-a-nerez-rostem-100x100-model-4934-1-555-177-ihned-k-objednani-43727\/#primaryimage","url":"https:\/\/www.oknobuild.com\/wp-content\/uploads\/2026\/SK0018994-CZ20260425-093351-0-1777080838-936270_00-jpg.webp","contentUrl":"https:\/\/www.oknobuild.com\/wp-content\/uploads\/2026\/SK0018994-CZ20260425-093351-0-1777080838-936270_00-jpg.webp","width":1000,"height":750},{"@type":"BreadcrumbList","@id":"https:\/\/www.oknobuild.com\/index.php\/produkt\/advantix-nastavec-s-plast-ramem-a-nerez-rostem-100x100-model-4934-1-555-177-ihned-k-objednani-43727\/#breadcrumb","itemListElement":[{"@type":"ListItem","position":1,"name":"Home","item":"https:\/\/www.oknobuild.com\/"},{"@type":"ListItem","position":2,"name":"Products","item":"https:\/\/www.oknobuild.com\/index.php\/products\/"},{"@type":"ListItem","position":3,"name":"Advantix n\u00e1stavec s plast. r\u00e1mem a nerez. ro\u0161tem 100&#215;100, model 4934.1, 555 177 Ihned K Objedn\u00e1n\u00ed"}]},{"@type":"WebSite","@id":"https:\/\/www.oknobuild.com\/#website","url":"https:\/\/www.oknobuild.com\/","name":"","description":"","potentialAction":[{"@type":"SearchAction","target":{"@type":"EntryPoint","urlTemplate":"https:\/\/www.oknobuild.com\/?s={search_term_string}"},"query-input":{"@type":"PropertyValueSpecification","valueRequired":true,"valueName":"search_term_string"}}],"inLanguage":"cs"}]}},"_links":{"self":[{"href":"https:\/\/www.oknobuild.com\/index.php\/wp-json\/wp\/v2\/product\/43727","targetHints":{"allow":["GET"]}}],"collection":[{"href":"https:\/\/www.oknobuild.com\/index.php\/wp-json\/wp\/v2\/product"}],"about":[{"href":"https:\/\/www.oknobuild.com\/index.php\/wp-json\/wp\/v2\/types\/product"}],"replies":[{"embeddable":true,"href":"https:\/\/www.oknobuild.com\/index.php\/wp-json\/wp\/v2\/comments?post=43727"}],"wp:featuredmedia":[{"embeddable":true,"href":"https:\/\/www.oknobuild.com\/index.php\/wp-json\/wp\/v2\/media\/43827"}],"wp:attachment":[{"href":"https:\/\/www.oknobuild.com\/index.php\/wp-json\/wp\/v2\/media?parent=43727"}],"wp:term":[{"taxonomy":"product_brand","embeddable":true,"href":"https:\/\/www.oknobuild.com\/index.php\/wp-json\/wp\/v2\/product_brand?post=43727"},{"taxonomy":"product_cat","embeddable":true,"href":"https:\/\/www.oknobuild.com\/index.php\/wp-json\/wp\/v2\/product_cat?post=43727"},{"taxonomy":"product_tag","embeddable":true,"href":"https:\/\/www.oknobuild.com\/index.php\/wp-json\/wp\/v2\/product_tag?post=43727"}],"curies":[{"name":"wp","href":"https:\/\/api.w.org\/{rel}","templated":true}]}}