{"id":43745,"date":"2026-04-27T04:42:29","date_gmt":"2026-04-27T04:42:29","guid":{"rendered":""},"modified":"2026-04-27T04:42:29","modified_gmt":"2026-04-27T04:42:29","slug":"advantix-plus-nastavbovy-prvek-100-vyska-130-110mm-471-057-oblibeny-43745","status":"publish","type":"product","link":"https:\/\/www.oknobuild.com\/index.php\/produkt\/advantix-plus-nastavbovy-prvek-100-vyska-130-110mm-471-057-oblibeny-43745\/","title":{"rendered":"Advantix Plus &#8211; n\u00e1stavbov\u00fd prvek 100 v\u00fd\u0161ka 130\/110mm, 471 057 Obl\u00edben\u00fd"},"content":{"rendered":"<div class=\"basic-description\">\n<h3>Detailn\u00ed popis produktu<\/h3>\n<p><span style=\"font-size: 14pt;\">Advantix Plus &#8211; n\u00e1stavbov\u00fd prvek 100 v\u00fd\u0161ka 130\/110mm, 471 057<\/span><\/p>\n<ul>\n<li>pro n\u00e1sleduj\u00edc\u00ed produkty a pou\u017eit\u00ed: izola\u010dn\u00ed st\u011brka (v&nbsp;oblo\u017een\u00fdch sprch\u00e1ch) s&nbsp;izola\u010dn\u00edm p\u00e1sem<\/li>\n<li>nen\u00ed vhodn\u00e9 pro<span>&nbsp;<\/span>Advantix Top-koupelnov\u00fd\/podlahov\u00fd odtok model 4914.2,<span>&nbsp;<\/span>Advantix-koupelnov\u00fd odtok model 4938,<span>&nbsp;<\/span>Advantix Top-koupelnov\u00fd odtok model 4914.20,<span>&nbsp;<\/span>Advantix-koupelnov\u00fd odtok model 4939<\/li>\n<li>plast<\/li>\n<li>syst\u00e9mov\u00fd rozm\u011br 100<\/li>\n<\/ul>\n<p>&nbsp;<\/p>\n<h3><span style=\"font-size: 11pt;\"><strong><span style=\"font-family: 'Source Sans 3', sans-serif;\">Vybaven\u00ed:<\/span><\/strong><\/span><\/h3>\n<p><span>ut\u011bs\u0148ovac\u00ed p\u0159\u00edruba, stavebn\u00ed ochrana, ut\u011bs\u0148ovac\u00ed man\u017eeta Schl\u00fcter-\u200bKERDI<\/span><\/p>\n<p><strong><br \/>model 4925<\/strong><\/p>\n<\/p><\/div>\n","protected":false},"excerpt":{"rendered":"<p>Detailn\u00ed popis produktu Advantix Plus &#8211; n\u00e1stavbov\u00fd prvek 100 v\u00fd\u0161ka 130\/110mm, 471 057 pro n\u00e1sleduj\u00edc\u00ed produkty a pou\u017eit\u00ed: izola\u010dn\u00ed st\u011brka (v&nbsp;oblo\u017een\u00fdch sprch\u00e1ch) s&nbsp;izola\u010dn\u00edm p\u00e1sem nen\u00ed vhodn\u00e9 pro&nbsp;Advantix Top-koupelnov\u00fd\/podlahov\u00fd odtok model 4914.2,&nbsp;Advantix-koupelnov\u00fd odtok model 4938,&nbsp;Advantix Top-koupelnov\u00fd odtok model 4914.20,&nbsp;Advantix-koupelnov\u00fd odtok model 4939 plast syst\u00e9mov\u00fd rozm\u011br 100 &nbsp; Vybaven\u00ed: ut\u011bs\u0148ovac\u00ed p\u0159\u00edruba, stavebn\u00ed ochrana, ut\u011bs\u0148ovac\u00ed man\u017eeta Schl\u00fcter-\u200bKERDI model [&hellip;]<\/p>\n","protected":false},"featured_media":43845,"comment_status":"open","ping_status":"open","template":"","meta":[],"product_brand":[],"product_cat":[72],"product_tag":[],"class_list":{"0":"post-43745","1":"product","2":"type-product","3":"status-publish","4":"has-post-thumbnail","6":"product_cat-koupelny-a-sanitarni-technika","8":"first","9":"instock","10":"sale","11":"shipping-taxable","12":"purchasable","13":"product-type-simple"},"yoast_head":"<!-- This site is optimized with the Yoast SEO plugin v26.8 - https:\/\/yoast.com\/product\/yoast-seo-wordpress\/ -->\n<title>Advantix Plus - n\u00e1stavbov\u00fd prvek 100 v\u00fd\u0161ka 130\/110mm, 471 057 Obl\u00edben\u00fd -<\/title>\n<meta name=\"robots\" content=\"index, follow, max-snippet:-1, max-image-preview:large, max-video-preview:-1\" \/>\n<link rel=\"canonical\" href=\"https:\/\/www.oknobuild.com\/index.php\/produkt\/advantix-plus-nastavbovy-prvek-100-vyska-130-110mm-471-057-oblibeny-43745\/\" \/>\n<meta property=\"og:locale\" content=\"cs_CZ\" \/>\n<meta property=\"og:type\" content=\"article\" \/>\n<meta property=\"og:title\" content=\"Advantix Plus - n\u00e1stavbov\u00fd prvek 100 v\u00fd\u0161ka 130\/110mm, 471 057 Obl\u00edben\u00fd -\" \/>\n<meta property=\"og:description\" content=\"Detailn\u00ed popis produktu Advantix Plus &#8211; n\u00e1stavbov\u00fd prvek 100 v\u00fd\u0161ka 130\/110mm, 471 057 pro n\u00e1sleduj\u00edc\u00ed produkty a pou\u017eit\u00ed: izola\u010dn\u00ed st\u011brka (v&nbsp;oblo\u017een\u00fdch sprch\u00e1ch) s&nbsp;izola\u010dn\u00edm p\u00e1sem nen\u00ed vhodn\u00e9 pro&nbsp;Advantix Top-koupelnov\u00fd\/podlahov\u00fd odtok model 4914.2,&nbsp;Advantix-koupelnov\u00fd odtok model 4938,&nbsp;Advantix Top-koupelnov\u00fd odtok model 4914.20,&nbsp;Advantix-koupelnov\u00fd odtok model 4939 plast syst\u00e9mov\u00fd rozm\u011br 100 &nbsp; Vybaven\u00ed: ut\u011bs\u0148ovac\u00ed p\u0159\u00edruba, stavebn\u00ed ochrana, ut\u011bs\u0148ovac\u00ed man\u017eeta Schl\u00fcter-\u200bKERDI model [&hellip;]\" \/>\n<meta property=\"og:url\" content=\"https:\/\/www.oknobuild.com\/index.php\/produkt\/advantix-plus-nastavbovy-prvek-100-vyska-130-110mm-471-057-oblibeny-43745\/\" \/>\n<meta property=\"og:image\" content=\"https:\/\/www.oknobuild.com\/wp-content\/uploads\/2026\/SK0019012-CZ20260425-093351-0-1777080838-936201_0ppm4925i471057v01-jpg.webp\" \/>\n\t<meta property=\"og:image:width\" content=\"1000\" \/>\n\t<meta property=\"og:image:height\" content=\"750\" \/>\n\t<meta property=\"og:image:type\" content=\"image\/webp\" \/>\n<meta name=\"twitter:card\" content=\"summary_large_image\" \/>\n<script type=\"application\/ld+json\" class=\"yoast-schema-graph\">{\"@context\":\"https:\/\/schema.org\",\"@graph\":[{\"@type\":\"WebPage\",\"@id\":\"https:\/\/www.oknobuild.com\/index.php\/produkt\/advantix-plus-nastavbovy-prvek-100-vyska-130-110mm-471-057-oblibeny-43745\/\",\"url\":\"https:\/\/www.oknobuild.com\/index.php\/produkt\/advantix-plus-nastavbovy-prvek-100-vyska-130-110mm-471-057-oblibeny-43745\/\",\"name\":\"Advantix Plus - n\u00e1stavbov\u00fd prvek 100 v\u00fd\u0161ka 130\/110mm, 471 057 Obl\u00edben\u00fd -\",\"isPartOf\":{\"@id\":\"https:\/\/www.oknobuild.com\/#website\"},\"primaryImageOfPage\":{\"@id\":\"https:\/\/www.oknobuild.com\/index.php\/produkt\/advantix-plus-nastavbovy-prvek-100-vyska-130-110mm-471-057-oblibeny-43745\/#primaryimage\"},\"image\":{\"@id\":\"https:\/\/www.oknobuild.com\/index.php\/produkt\/advantix-plus-nastavbovy-prvek-100-vyska-130-110mm-471-057-oblibeny-43745\/#primaryimage\"},\"thumbnailUrl\":\"https:\/\/www.oknobuild.com\/wp-content\/uploads\/2026\/SK0019012-CZ20260425-093351-0-1777080838-936201_0ppm4925i471057v01-jpg.webp\",\"datePublished\":\"2026-04-27T04:42:29+00:00\",\"breadcrumb\":{\"@id\":\"https:\/\/www.oknobuild.com\/index.php\/produkt\/advantix-plus-nastavbovy-prvek-100-vyska-130-110mm-471-057-oblibeny-43745\/#breadcrumb\"},\"inLanguage\":\"cs\",\"potentialAction\":[{\"@type\":\"ReadAction\",\"target\":[\"https:\/\/www.oknobuild.com\/index.php\/produkt\/advantix-plus-nastavbovy-prvek-100-vyska-130-110mm-471-057-oblibeny-43745\/\"]}]},{\"@type\":\"ImageObject\",\"inLanguage\":\"cs\",\"@id\":\"https:\/\/www.oknobuild.com\/index.php\/produkt\/advantix-plus-nastavbovy-prvek-100-vyska-130-110mm-471-057-oblibeny-43745\/#primaryimage\",\"url\":\"https:\/\/www.oknobuild.com\/wp-content\/uploads\/2026\/SK0019012-CZ20260425-093351-0-1777080838-936201_0ppm4925i471057v01-jpg.webp\",\"contentUrl\":\"https:\/\/www.oknobuild.com\/wp-content\/uploads\/2026\/SK0019012-CZ20260425-093351-0-1777080838-936201_0ppm4925i471057v01-jpg.webp\",\"width\":1000,\"height\":750},{\"@type\":\"BreadcrumbList\",\"@id\":\"https:\/\/www.oknobuild.com\/index.php\/produkt\/advantix-plus-nastavbovy-prvek-100-vyska-130-110mm-471-057-oblibeny-43745\/#breadcrumb\",\"itemListElement\":[{\"@type\":\"ListItem\",\"position\":1,\"name\":\"Home\",\"item\":\"https:\/\/www.oknobuild.com\/\"},{\"@type\":\"ListItem\",\"position\":2,\"name\":\"Products\",\"item\":\"https:\/\/www.oknobuild.com\/index.php\/products\/\"},{\"@type\":\"ListItem\",\"position\":3,\"name\":\"Advantix Plus &#8211; n\u00e1stavbov\u00fd prvek 100 v\u00fd\u0161ka 130\/110mm, 471 057 Obl\u00edben\u00fd\"}]},{\"@type\":\"WebSite\",\"@id\":\"https:\/\/www.oknobuild.com\/#website\",\"url\":\"https:\/\/www.oknobuild.com\/\",\"name\":\"\",\"description\":\"\",\"potentialAction\":[{\"@type\":\"SearchAction\",\"target\":{\"@type\":\"EntryPoint\",\"urlTemplate\":\"https:\/\/www.oknobuild.com\/?s={search_term_string}\"},\"query-input\":{\"@type\":\"PropertyValueSpecification\",\"valueRequired\":true,\"valueName\":\"search_term_string\"}}],\"inLanguage\":\"cs\"}]}<\/script>\n<!-- \/ Yoast SEO plugin. -->","yoast_head_json":{"title":"Advantix Plus - n\u00e1stavbov\u00fd prvek 100 v\u00fd\u0161ka 130\/110mm, 471 057 Obl\u00edben\u00fd -","robots":{"index":"index","follow":"follow","max-snippet":"max-snippet:-1","max-image-preview":"max-image-preview:large","max-video-preview":"max-video-preview:-1"},"canonical":"https:\/\/www.oknobuild.com\/index.php\/produkt\/advantix-plus-nastavbovy-prvek-100-vyska-130-110mm-471-057-oblibeny-43745\/","og_locale":"cs_CZ","og_type":"article","og_title":"Advantix Plus - n\u00e1stavbov\u00fd prvek 100 v\u00fd\u0161ka 130\/110mm, 471 057 Obl\u00edben\u00fd -","og_description":"Detailn\u00ed popis produktu Advantix Plus &#8211; n\u00e1stavbov\u00fd prvek 100 v\u00fd\u0161ka 130\/110mm, 471 057 pro n\u00e1sleduj\u00edc\u00ed produkty a pou\u017eit\u00ed: izola\u010dn\u00ed st\u011brka (v&nbsp;oblo\u017een\u00fdch sprch\u00e1ch) s&nbsp;izola\u010dn\u00edm p\u00e1sem nen\u00ed vhodn\u00e9 pro&nbsp;Advantix Top-koupelnov\u00fd\/podlahov\u00fd odtok model 4914.2,&nbsp;Advantix-koupelnov\u00fd odtok model 4938,&nbsp;Advantix Top-koupelnov\u00fd odtok model 4914.20,&nbsp;Advantix-koupelnov\u00fd odtok model 4939 plast syst\u00e9mov\u00fd rozm\u011br 100 &nbsp; Vybaven\u00ed: ut\u011bs\u0148ovac\u00ed p\u0159\u00edruba, stavebn\u00ed ochrana, ut\u011bs\u0148ovac\u00ed man\u017eeta Schl\u00fcter-\u200bKERDI model [&hellip;]","og_url":"https:\/\/www.oknobuild.com\/index.php\/produkt\/advantix-plus-nastavbovy-prvek-100-vyska-130-110mm-471-057-oblibeny-43745\/","og_image":[{"width":1000,"height":750,"url":"https:\/\/www.oknobuild.com\/wp-content\/uploads\/2026\/SK0019012-CZ20260425-093351-0-1777080838-936201_0ppm4925i471057v01-jpg.webp","type":"image\/webp"}],"twitter_card":"summary_large_image","schema":{"@context":"https:\/\/schema.org","@graph":[{"@type":"WebPage","@id":"https:\/\/www.oknobuild.com\/index.php\/produkt\/advantix-plus-nastavbovy-prvek-100-vyska-130-110mm-471-057-oblibeny-43745\/","url":"https:\/\/www.oknobuild.com\/index.php\/produkt\/advantix-plus-nastavbovy-prvek-100-vyska-130-110mm-471-057-oblibeny-43745\/","name":"Advantix Plus - n\u00e1stavbov\u00fd prvek 100 v\u00fd\u0161ka 130\/110mm, 471 057 Obl\u00edben\u00fd -","isPartOf":{"@id":"https:\/\/www.oknobuild.com\/#website"},"primaryImageOfPage":{"@id":"https:\/\/www.oknobuild.com\/index.php\/produkt\/advantix-plus-nastavbovy-prvek-100-vyska-130-110mm-471-057-oblibeny-43745\/#primaryimage"},"image":{"@id":"https:\/\/www.oknobuild.com\/index.php\/produkt\/advantix-plus-nastavbovy-prvek-100-vyska-130-110mm-471-057-oblibeny-43745\/#primaryimage"},"thumbnailUrl":"https:\/\/www.oknobuild.com\/wp-content\/uploads\/2026\/SK0019012-CZ20260425-093351-0-1777080838-936201_0ppm4925i471057v01-jpg.webp","datePublished":"2026-04-27T04:42:29+00:00","breadcrumb":{"@id":"https:\/\/www.oknobuild.com\/index.php\/produkt\/advantix-plus-nastavbovy-prvek-100-vyska-130-110mm-471-057-oblibeny-43745\/#breadcrumb"},"inLanguage":"cs","potentialAction":[{"@type":"ReadAction","target":["https:\/\/www.oknobuild.com\/index.php\/produkt\/advantix-plus-nastavbovy-prvek-100-vyska-130-110mm-471-057-oblibeny-43745\/"]}]},{"@type":"ImageObject","inLanguage":"cs","@id":"https:\/\/www.oknobuild.com\/index.php\/produkt\/advantix-plus-nastavbovy-prvek-100-vyska-130-110mm-471-057-oblibeny-43745\/#primaryimage","url":"https:\/\/www.oknobuild.com\/wp-content\/uploads\/2026\/SK0019012-CZ20260425-093351-0-1777080838-936201_0ppm4925i471057v01-jpg.webp","contentUrl":"https:\/\/www.oknobuild.com\/wp-content\/uploads\/2026\/SK0019012-CZ20260425-093351-0-1777080838-936201_0ppm4925i471057v01-jpg.webp","width":1000,"height":750},{"@type":"BreadcrumbList","@id":"https:\/\/www.oknobuild.com\/index.php\/produkt\/advantix-plus-nastavbovy-prvek-100-vyska-130-110mm-471-057-oblibeny-43745\/#breadcrumb","itemListElement":[{"@type":"ListItem","position":1,"name":"Home","item":"https:\/\/www.oknobuild.com\/"},{"@type":"ListItem","position":2,"name":"Products","item":"https:\/\/www.oknobuild.com\/index.php\/products\/"},{"@type":"ListItem","position":3,"name":"Advantix Plus &#8211; n\u00e1stavbov\u00fd prvek 100 v\u00fd\u0161ka 130\/110mm, 471 057 Obl\u00edben\u00fd"}]},{"@type":"WebSite","@id":"https:\/\/www.oknobuild.com\/#website","url":"https:\/\/www.oknobuild.com\/","name":"","description":"","potentialAction":[{"@type":"SearchAction","target":{"@type":"EntryPoint","urlTemplate":"https:\/\/www.oknobuild.com\/?s={search_term_string}"},"query-input":{"@type":"PropertyValueSpecification","valueRequired":true,"valueName":"search_term_string"}}],"inLanguage":"cs"}]}},"_links":{"self":[{"href":"https:\/\/www.oknobuild.com\/index.php\/wp-json\/wp\/v2\/product\/43745","targetHints":{"allow":["GET"]}}],"collection":[{"href":"https:\/\/www.oknobuild.com\/index.php\/wp-json\/wp\/v2\/product"}],"about":[{"href":"https:\/\/www.oknobuild.com\/index.php\/wp-json\/wp\/v2\/types\/product"}],"replies":[{"embeddable":true,"href":"https:\/\/www.oknobuild.com\/index.php\/wp-json\/wp\/v2\/comments?post=43745"}],"wp:featuredmedia":[{"embeddable":true,"href":"https:\/\/www.oknobuild.com\/index.php\/wp-json\/wp\/v2\/media\/43845"}],"wp:attachment":[{"href":"https:\/\/www.oknobuild.com\/index.php\/wp-json\/wp\/v2\/media?parent=43745"}],"wp:term":[{"taxonomy":"product_brand","embeddable":true,"href":"https:\/\/www.oknobuild.com\/index.php\/wp-json\/wp\/v2\/product_brand?post=43745"},{"taxonomy":"product_cat","embeddable":true,"href":"https:\/\/www.oknobuild.com\/index.php\/wp-json\/wp\/v2\/product_cat?post=43745"},{"taxonomy":"product_tag","embeddable":true,"href":"https:\/\/www.oknobuild.com\/index.php\/wp-json\/wp\/v2\/product_tag?post=43745"}],"curies":[{"name":"wp","href":"https:\/\/api.w.org\/{rel}","templated":true}]}}