{"id":43892,"date":"2026-04-27T04:42:30","date_gmt":"2026-04-27T04:42:30","guid":{"rendered":""},"modified":"2026-04-27T04:42:30","modified_gmt":"2026-04-27T04:42:30","slug":"akce-sablo-drzak-rucniku-450-mm-43892","status":"publish","type":"product","link":"https:\/\/www.oknobuild.com\/index.php\/produkt\/akce-sablo-drzak-rucniku-450-mm-43892\/","title":{"rendered":"Akce SABLO: Dr\u017e\u00e1k ru\u010dn\u00edk\u016f, 450 mm"},"content":{"rendered":"<div class=\"basic-description\">\n<h3>Detailn\u00ed popis produktu<\/h3>\n<p>                                    \u0158ada Sablo v\u00e1s sv\u00fdm p\u0159\u00edjemn\u00fdm p\u00edskov\u011b matn\u00fdm povrchem p\u0159esv\u011bd\u010d\u00ed o tom, \u017ee zlato nemus\u00ed b\u00fdt jen pomp\u00e9zn\u011b extravagantn\u00ed, ale dovede b\u00fdt i n\u011b\u017en\u00fdm a decentn\u00edm detailem, kter\u00fd z va\u0161\u00ed koupelny ud\u011bl\u00e1 m\u00edsto lahod\u00edc\u00ed oku i du\u0161i. V kombinaci se staror\u016f\u017eovou barvou a p\u0159\u00edrodn\u00edmi materi\u00e1ly doc\u00edl\u00edte trendy romantick\u00e9 atmosf\u00e9ry. A dobr\u00e1 zpr\u00e1va je, \u017ee Sablo dovede vy\u0161perkovat i modern\u00ed minimalistickou koupelnu.                            <\/p><\/div>\n","protected":false},"excerpt":{"rendered":"<p>Detailn\u00ed popis produktu \u0158ada Sablo v\u00e1s sv\u00fdm p\u0159\u00edjemn\u00fdm p\u00edskov\u011b matn\u00fdm povrchem p\u0159esv\u011bd\u010d\u00ed o tom, \u017ee zlato nemus\u00ed b\u00fdt jen pomp\u00e9zn\u011b extravagantn\u00ed, ale dovede b\u00fdt i n\u011b\u017en\u00fdm a decentn\u00edm detailem, kter\u00fd z va\u0161\u00ed koupelny ud\u011bl\u00e1 m\u00edsto lahod\u00edc\u00ed oku i du\u0161i. V kombinaci se staror\u016f\u017eovou barvou a p\u0159\u00edrodn\u00edmi materi\u00e1ly doc\u00edl\u00edte trendy romantick\u00e9 atmosf\u00e9ry. A dobr\u00e1 zpr\u00e1va je, [&hellip;]<\/p>\n","protected":false},"featured_media":43992,"comment_status":"open","ping_status":"open","template":"","meta":[],"product_brand":[],"product_cat":[72],"product_tag":[],"class_list":{"0":"post-43892","1":"product","2":"type-product","3":"status-publish","4":"has-post-thumbnail","6":"product_cat-koupelny-a-sanitarni-technika","8":"first","9":"instock","10":"sale","11":"shipping-taxable","12":"purchasable","13":"product-type-simple"},"yoast_head":"<!-- This site is optimized with the Yoast SEO plugin v26.8 - https:\/\/yoast.com\/product\/yoast-seo-wordpress\/ -->\n<title>Akce SABLO: Dr\u017e\u00e1k ru\u010dn\u00edk\u016f, 450 mm -<\/title>\n<meta name=\"robots\" content=\"index, follow, max-snippet:-1, max-image-preview:large, max-video-preview:-1\" \/>\n<link rel=\"canonical\" href=\"https:\/\/www.oknobuild.com\/index.php\/produkt\/akce-sablo-drzak-rucniku-450-mm-43892\/\" \/>\n<meta property=\"og:locale\" content=\"cs_CZ\" \/>\n<meta property=\"og:type\" content=\"article\" \/>\n<meta property=\"og:title\" content=\"Akce SABLO: Dr\u017e\u00e1k ru\u010dn\u00edk\u016f, 450 mm -\" \/>\n<meta property=\"og:description\" content=\"Detailn\u00ed popis produktu \u0158ada Sablo v\u00e1s sv\u00fdm p\u0159\u00edjemn\u00fdm p\u00edskov\u011b matn\u00fdm povrchem p\u0159esv\u011bd\u010d\u00ed o tom, \u017ee zlato nemus\u00ed b\u00fdt jen pomp\u00e9zn\u011b extravagantn\u00ed, ale dovede b\u00fdt i n\u011b\u017en\u00fdm a decentn\u00edm detailem, kter\u00fd z va\u0161\u00ed koupelny ud\u011bl\u00e1 m\u00edsto lahod\u00edc\u00ed oku i du\u0161i. V kombinaci se staror\u016f\u017eovou barvou a p\u0159\u00edrodn\u00edmi materi\u00e1ly doc\u00edl\u00edte trendy romantick\u00e9 atmosf\u00e9ry. A dobr\u00e1 zpr\u00e1va je, [&hellip;]\" \/>\n<meta property=\"og:url\" content=\"https:\/\/www.oknobuild.com\/index.php\/produkt\/akce-sablo-drzak-rucniku-450-mm-43892\/\" \/>\n<meta property=\"og:image\" content=\"https:\/\/www.oknobuild.com\/wp-content\/uploads\/2026\/SK0019064-CZ20260425-093351-0-1777080838-932631-1_sablo--drzak-rucniku--450-mm.webp\" \/>\n\t<meta property=\"og:image:width\" content=\"1000\" \/>\n\t<meta property=\"og:image:height\" content=\"750\" \/>\n\t<meta property=\"og:image:type\" content=\"image\/webp\" \/>\n<meta name=\"twitter:card\" content=\"summary_large_image\" \/>\n<script type=\"application\/ld+json\" class=\"yoast-schema-graph\">{\"@context\":\"https:\/\/schema.org\",\"@graph\":[{\"@type\":\"WebPage\",\"@id\":\"https:\/\/www.oknobuild.com\/index.php\/produkt\/akce-sablo-drzak-rucniku-450-mm-43892\/\",\"url\":\"https:\/\/www.oknobuild.com\/index.php\/produkt\/akce-sablo-drzak-rucniku-450-mm-43892\/\",\"name\":\"Akce SABLO: Dr\u017e\u00e1k ru\u010dn\u00edk\u016f, 450 mm -\",\"isPartOf\":{\"@id\":\"https:\/\/www.oknobuild.com\/#website\"},\"primaryImageOfPage\":{\"@id\":\"https:\/\/www.oknobuild.com\/index.php\/produkt\/akce-sablo-drzak-rucniku-450-mm-43892\/#primaryimage\"},\"image\":{\"@id\":\"https:\/\/www.oknobuild.com\/index.php\/produkt\/akce-sablo-drzak-rucniku-450-mm-43892\/#primaryimage\"},\"thumbnailUrl\":\"https:\/\/www.oknobuild.com\/wp-content\/uploads\/2026\/SK0019064-CZ20260425-093351-0-1777080838-932631-1_sablo--drzak-rucniku--450-mm.webp\",\"datePublished\":\"2026-04-27T04:42:30+00:00\",\"breadcrumb\":{\"@id\":\"https:\/\/www.oknobuild.com\/index.php\/produkt\/akce-sablo-drzak-rucniku-450-mm-43892\/#breadcrumb\"},\"inLanguage\":\"cs\",\"potentialAction\":[{\"@type\":\"ReadAction\",\"target\":[\"https:\/\/www.oknobuild.com\/index.php\/produkt\/akce-sablo-drzak-rucniku-450-mm-43892\/\"]}]},{\"@type\":\"ImageObject\",\"inLanguage\":\"cs\",\"@id\":\"https:\/\/www.oknobuild.com\/index.php\/produkt\/akce-sablo-drzak-rucniku-450-mm-43892\/#primaryimage\",\"url\":\"https:\/\/www.oknobuild.com\/wp-content\/uploads\/2026\/SK0019064-CZ20260425-093351-0-1777080838-932631-1_sablo--drzak-rucniku--450-mm.webp\",\"contentUrl\":\"https:\/\/www.oknobuild.com\/wp-content\/uploads\/2026\/SK0019064-CZ20260425-093351-0-1777080838-932631-1_sablo--drzak-rucniku--450-mm.webp\",\"width\":1000,\"height\":750},{\"@type\":\"BreadcrumbList\",\"@id\":\"https:\/\/www.oknobuild.com\/index.php\/produkt\/akce-sablo-drzak-rucniku-450-mm-43892\/#breadcrumb\",\"itemListElement\":[{\"@type\":\"ListItem\",\"position\":1,\"name\":\"Home\",\"item\":\"https:\/\/www.oknobuild.com\/\"},{\"@type\":\"ListItem\",\"position\":2,\"name\":\"Products\",\"item\":\"https:\/\/www.oknobuild.com\/index.php\/products\/\"},{\"@type\":\"ListItem\",\"position\":3,\"name\":\"Akce SABLO: Dr\u017e\u00e1k ru\u010dn\u00edk\u016f, 450 mm\"}]},{\"@type\":\"WebSite\",\"@id\":\"https:\/\/www.oknobuild.com\/#website\",\"url\":\"https:\/\/www.oknobuild.com\/\",\"name\":\"\",\"description\":\"\",\"potentialAction\":[{\"@type\":\"SearchAction\",\"target\":{\"@type\":\"EntryPoint\",\"urlTemplate\":\"https:\/\/www.oknobuild.com\/?s={search_term_string}\"},\"query-input\":{\"@type\":\"PropertyValueSpecification\",\"valueRequired\":true,\"valueName\":\"search_term_string\"}}],\"inLanguage\":\"cs\"}]}<\/script>\n<!-- \/ Yoast SEO plugin. -->","yoast_head_json":{"title":"Akce SABLO: Dr\u017e\u00e1k ru\u010dn\u00edk\u016f, 450 mm -","robots":{"index":"index","follow":"follow","max-snippet":"max-snippet:-1","max-image-preview":"max-image-preview:large","max-video-preview":"max-video-preview:-1"},"canonical":"https:\/\/www.oknobuild.com\/index.php\/produkt\/akce-sablo-drzak-rucniku-450-mm-43892\/","og_locale":"cs_CZ","og_type":"article","og_title":"Akce SABLO: Dr\u017e\u00e1k ru\u010dn\u00edk\u016f, 450 mm -","og_description":"Detailn\u00ed popis produktu \u0158ada Sablo v\u00e1s sv\u00fdm p\u0159\u00edjemn\u00fdm p\u00edskov\u011b matn\u00fdm povrchem p\u0159esv\u011bd\u010d\u00ed o tom, \u017ee zlato nemus\u00ed b\u00fdt jen pomp\u00e9zn\u011b extravagantn\u00ed, ale dovede b\u00fdt i n\u011b\u017en\u00fdm a decentn\u00edm detailem, kter\u00fd z va\u0161\u00ed koupelny ud\u011bl\u00e1 m\u00edsto lahod\u00edc\u00ed oku i du\u0161i. V kombinaci se staror\u016f\u017eovou barvou a p\u0159\u00edrodn\u00edmi materi\u00e1ly doc\u00edl\u00edte trendy romantick\u00e9 atmosf\u00e9ry. A dobr\u00e1 zpr\u00e1va je, [&hellip;]","og_url":"https:\/\/www.oknobuild.com\/index.php\/produkt\/akce-sablo-drzak-rucniku-450-mm-43892\/","og_image":[{"width":1000,"height":750,"url":"https:\/\/www.oknobuild.com\/wp-content\/uploads\/2026\/SK0019064-CZ20260425-093351-0-1777080838-932631-1_sablo--drzak-rucniku--450-mm.webp","type":"image\/webp"}],"twitter_card":"summary_large_image","schema":{"@context":"https:\/\/schema.org","@graph":[{"@type":"WebPage","@id":"https:\/\/www.oknobuild.com\/index.php\/produkt\/akce-sablo-drzak-rucniku-450-mm-43892\/","url":"https:\/\/www.oknobuild.com\/index.php\/produkt\/akce-sablo-drzak-rucniku-450-mm-43892\/","name":"Akce SABLO: Dr\u017e\u00e1k ru\u010dn\u00edk\u016f, 450 mm -","isPartOf":{"@id":"https:\/\/www.oknobuild.com\/#website"},"primaryImageOfPage":{"@id":"https:\/\/www.oknobuild.com\/index.php\/produkt\/akce-sablo-drzak-rucniku-450-mm-43892\/#primaryimage"},"image":{"@id":"https:\/\/www.oknobuild.com\/index.php\/produkt\/akce-sablo-drzak-rucniku-450-mm-43892\/#primaryimage"},"thumbnailUrl":"https:\/\/www.oknobuild.com\/wp-content\/uploads\/2026\/SK0019064-CZ20260425-093351-0-1777080838-932631-1_sablo--drzak-rucniku--450-mm.webp","datePublished":"2026-04-27T04:42:30+00:00","breadcrumb":{"@id":"https:\/\/www.oknobuild.com\/index.php\/produkt\/akce-sablo-drzak-rucniku-450-mm-43892\/#breadcrumb"},"inLanguage":"cs","potentialAction":[{"@type":"ReadAction","target":["https:\/\/www.oknobuild.com\/index.php\/produkt\/akce-sablo-drzak-rucniku-450-mm-43892\/"]}]},{"@type":"ImageObject","inLanguage":"cs","@id":"https:\/\/www.oknobuild.com\/index.php\/produkt\/akce-sablo-drzak-rucniku-450-mm-43892\/#primaryimage","url":"https:\/\/www.oknobuild.com\/wp-content\/uploads\/2026\/SK0019064-CZ20260425-093351-0-1777080838-932631-1_sablo--drzak-rucniku--450-mm.webp","contentUrl":"https:\/\/www.oknobuild.com\/wp-content\/uploads\/2026\/SK0019064-CZ20260425-093351-0-1777080838-932631-1_sablo--drzak-rucniku--450-mm.webp","width":1000,"height":750},{"@type":"BreadcrumbList","@id":"https:\/\/www.oknobuild.com\/index.php\/produkt\/akce-sablo-drzak-rucniku-450-mm-43892\/#breadcrumb","itemListElement":[{"@type":"ListItem","position":1,"name":"Home","item":"https:\/\/www.oknobuild.com\/"},{"@type":"ListItem","position":2,"name":"Products","item":"https:\/\/www.oknobuild.com\/index.php\/products\/"},{"@type":"ListItem","position":3,"name":"Akce SABLO: Dr\u017e\u00e1k ru\u010dn\u00edk\u016f, 450 mm"}]},{"@type":"WebSite","@id":"https:\/\/www.oknobuild.com\/#website","url":"https:\/\/www.oknobuild.com\/","name":"","description":"","potentialAction":[{"@type":"SearchAction","target":{"@type":"EntryPoint","urlTemplate":"https:\/\/www.oknobuild.com\/?s={search_term_string}"},"query-input":{"@type":"PropertyValueSpecification","valueRequired":true,"valueName":"search_term_string"}}],"inLanguage":"cs"}]}},"_links":{"self":[{"href":"https:\/\/www.oknobuild.com\/index.php\/wp-json\/wp\/v2\/product\/43892","targetHints":{"allow":["GET"]}}],"collection":[{"href":"https:\/\/www.oknobuild.com\/index.php\/wp-json\/wp\/v2\/product"}],"about":[{"href":"https:\/\/www.oknobuild.com\/index.php\/wp-json\/wp\/v2\/types\/product"}],"replies":[{"embeddable":true,"href":"https:\/\/www.oknobuild.com\/index.php\/wp-json\/wp\/v2\/comments?post=43892"}],"wp:featuredmedia":[{"embeddable":true,"href":"https:\/\/www.oknobuild.com\/index.php\/wp-json\/wp\/v2\/media\/43992"}],"wp:attachment":[{"href":"https:\/\/www.oknobuild.com\/index.php\/wp-json\/wp\/v2\/media?parent=43892"}],"wp:term":[{"taxonomy":"product_brand","embeddable":true,"href":"https:\/\/www.oknobuild.com\/index.php\/wp-json\/wp\/v2\/product_brand?post=43892"},{"taxonomy":"product_cat","embeddable":true,"href":"https:\/\/www.oknobuild.com\/index.php\/wp-json\/wp\/v2\/product_cat?post=43892"},{"taxonomy":"product_tag","embeddable":true,"href":"https:\/\/www.oknobuild.com\/index.php\/wp-json\/wp\/v2\/product_tag?post=43892"}],"curies":[{"name":"wp","href":"https:\/\/api.w.org\/{rel}","templated":true}]}}