{"id":43942,"date":"2026-04-27T04:42:30","date_gmt":"2026-04-27T04:42:30","guid":{"rendered":""},"modified":"2026-04-27T04:42:30","modified_gmt":"2026-04-27T04:42:30","slug":"zlevneny-cytro-policka-do-spar-lesk-43942","status":"publish","type":"product","link":"https:\/\/www.oknobuild.com\/index.php\/produkt\/zlevneny-cytro-policka-do-spar-lesk-43942\/","title":{"rendered":"Zlevn\u011bn\u00fd CYTRO: Poli\u010dka do sp\u00e1r, lesk"},"content":{"rendered":"<div class=\"basic-description\">\n<h3>Detailn\u00ed popis produktu<\/h3>\n<p>                                    Poli\u010dka do sp\u00e1r Police speci\u00e1ln\u011b uzp\u016fsoben\u00e9 pro obkladov\u00e9 st\u011bny p\u0159\u00edmo zapadnou do v\u0161ech rohov\u00fdch \u010d\u00e1st\u00ed nejenom Va\u0161\u00ed koupelny, ale sv\u00e9 uplatn\u011bn\u00ed naleznou nap\u0159\u00edklad tak\u00e9 v kuchyn\u00edch nebo v ostatn\u00edch za\u0159\u00edzen\u00edch. Nab\u00eddnout V\u00e1m m\u016f\u017eeme hned z n\u011bkolika tvar\u016f a velikost\u00ed, s d\u016frazem na vysokou kvalitu a funk\u010dnost. Je jen na V\u00e1s, kterou si vyberete.                            <\/p><\/div>\n","protected":false},"excerpt":{"rendered":"<p>Detailn\u00ed popis produktu Poli\u010dka do sp\u00e1r Police speci\u00e1ln\u011b uzp\u016fsoben\u00e9 pro obkladov\u00e9 st\u011bny p\u0159\u00edmo zapadnou do v\u0161ech rohov\u00fdch \u010d\u00e1st\u00ed nejenom Va\u0161\u00ed koupelny, ale sv\u00e9 uplatn\u011bn\u00ed naleznou nap\u0159\u00edklad tak\u00e9 v kuchyn\u00edch nebo v ostatn\u00edch za\u0159\u00edzen\u00edch. Nab\u00eddnout V\u00e1m m\u016f\u017eeme hned z n\u011bkolika tvar\u016f a velikost\u00ed, s d\u016frazem na vysokou kvalitu a funk\u010dnost. Je jen na V\u00e1s, kterou si [&hellip;]<\/p>\n","protected":false},"featured_media":44042,"comment_status":"open","ping_status":"open","template":"","meta":[],"product_brand":[],"product_cat":[72],"product_tag":[],"class_list":{"0":"post-43942","1":"product","2":"type-product","3":"status-publish","4":"has-post-thumbnail","6":"product_cat-koupelny-a-sanitarni-technika","8":"first","9":"instock","10":"sale","11":"shipping-taxable","12":"purchasable","13":"product-type-simple"},"yoast_head":"<!-- This site is optimized with the Yoast SEO plugin v26.8 - https:\/\/yoast.com\/product\/yoast-seo-wordpress\/ -->\n<title>Zlevn\u011bn\u00fd CYTRO: Poli\u010dka do sp\u00e1r, lesk -<\/title>\n<meta name=\"robots\" content=\"index, follow, max-snippet:-1, max-image-preview:large, max-video-preview:-1\" \/>\n<link rel=\"canonical\" href=\"https:\/\/www.oknobuild.com\/index.php\/produkt\/zlevneny-cytro-policka-do-spar-lesk-43942\/\" \/>\n<meta property=\"og:locale\" content=\"cs_CZ\" \/>\n<meta property=\"og:type\" content=\"article\" \/>\n<meta property=\"og:title\" content=\"Zlevn\u011bn\u00fd CYTRO: Poli\u010dka do sp\u00e1r, lesk -\" \/>\n<meta property=\"og:description\" content=\"Detailn\u00ed popis produktu Poli\u010dka do sp\u00e1r Police speci\u00e1ln\u011b uzp\u016fsoben\u00e9 pro obkladov\u00e9 st\u011bny p\u0159\u00edmo zapadnou do v\u0161ech rohov\u00fdch \u010d\u00e1st\u00ed nejenom Va\u0161\u00ed koupelny, ale sv\u00e9 uplatn\u011bn\u00ed naleznou nap\u0159\u00edklad tak\u00e9 v kuchyn\u00edch nebo v ostatn\u00edch za\u0159\u00edzen\u00edch. Nab\u00eddnout V\u00e1m m\u016f\u017eeme hned z n\u011bkolika tvar\u016f a velikost\u00ed, s d\u016frazem na vysokou kvalitu a funk\u010dnost. Je jen na V\u00e1s, kterou si [&hellip;]\" \/>\n<meta property=\"og:url\" content=\"https:\/\/www.oknobuild.com\/index.php\/produkt\/zlevneny-cytro-policka-do-spar-lesk-43942\/\" \/>\n<meta property=\"og:image\" content=\"https:\/\/www.oknobuild.com\/wp-content\/uploads\/2026\/SK0019114-CZ20260425-093351-0-1777080838-932346_cytro--policka-do-spar--lesk.webp\" \/>\n\t<meta property=\"og:image:width\" content=\"1000\" \/>\n\t<meta property=\"og:image:height\" content=\"750\" \/>\n\t<meta property=\"og:image:type\" content=\"image\/webp\" \/>\n<meta name=\"twitter:card\" content=\"summary_large_image\" \/>\n<script type=\"application\/ld+json\" class=\"yoast-schema-graph\">{\"@context\":\"https:\/\/schema.org\",\"@graph\":[{\"@type\":\"WebPage\",\"@id\":\"https:\/\/www.oknobuild.com\/index.php\/produkt\/zlevneny-cytro-policka-do-spar-lesk-43942\/\",\"url\":\"https:\/\/www.oknobuild.com\/index.php\/produkt\/zlevneny-cytro-policka-do-spar-lesk-43942\/\",\"name\":\"Zlevn\u011bn\u00fd CYTRO: Poli\u010dka do sp\u00e1r, lesk -\",\"isPartOf\":{\"@id\":\"https:\/\/www.oknobuild.com\/#website\"},\"primaryImageOfPage\":{\"@id\":\"https:\/\/www.oknobuild.com\/index.php\/produkt\/zlevneny-cytro-policka-do-spar-lesk-43942\/#primaryimage\"},\"image\":{\"@id\":\"https:\/\/www.oknobuild.com\/index.php\/produkt\/zlevneny-cytro-policka-do-spar-lesk-43942\/#primaryimage\"},\"thumbnailUrl\":\"https:\/\/www.oknobuild.com\/wp-content\/uploads\/2026\/SK0019114-CZ20260425-093351-0-1777080838-932346_cytro--policka-do-spar--lesk.webp\",\"datePublished\":\"2026-04-27T04:42:30+00:00\",\"breadcrumb\":{\"@id\":\"https:\/\/www.oknobuild.com\/index.php\/produkt\/zlevneny-cytro-policka-do-spar-lesk-43942\/#breadcrumb\"},\"inLanguage\":\"cs\",\"potentialAction\":[{\"@type\":\"ReadAction\",\"target\":[\"https:\/\/www.oknobuild.com\/index.php\/produkt\/zlevneny-cytro-policka-do-spar-lesk-43942\/\"]}]},{\"@type\":\"ImageObject\",\"inLanguage\":\"cs\",\"@id\":\"https:\/\/www.oknobuild.com\/index.php\/produkt\/zlevneny-cytro-policka-do-spar-lesk-43942\/#primaryimage\",\"url\":\"https:\/\/www.oknobuild.com\/wp-content\/uploads\/2026\/SK0019114-CZ20260425-093351-0-1777080838-932346_cytro--policka-do-spar--lesk.webp\",\"contentUrl\":\"https:\/\/www.oknobuild.com\/wp-content\/uploads\/2026\/SK0019114-CZ20260425-093351-0-1777080838-932346_cytro--policka-do-spar--lesk.webp\",\"width\":1000,\"height\":750},{\"@type\":\"BreadcrumbList\",\"@id\":\"https:\/\/www.oknobuild.com\/index.php\/produkt\/zlevneny-cytro-policka-do-spar-lesk-43942\/#breadcrumb\",\"itemListElement\":[{\"@type\":\"ListItem\",\"position\":1,\"name\":\"Home\",\"item\":\"https:\/\/www.oknobuild.com\/\"},{\"@type\":\"ListItem\",\"position\":2,\"name\":\"Products\",\"item\":\"https:\/\/www.oknobuild.com\/index.php\/products\/\"},{\"@type\":\"ListItem\",\"position\":3,\"name\":\"Zlevn\u011bn\u00fd CYTRO: Poli\u010dka do sp\u00e1r, lesk\"}]},{\"@type\":\"WebSite\",\"@id\":\"https:\/\/www.oknobuild.com\/#website\",\"url\":\"https:\/\/www.oknobuild.com\/\",\"name\":\"\",\"description\":\"\",\"potentialAction\":[{\"@type\":\"SearchAction\",\"target\":{\"@type\":\"EntryPoint\",\"urlTemplate\":\"https:\/\/www.oknobuild.com\/?s={search_term_string}\"},\"query-input\":{\"@type\":\"PropertyValueSpecification\",\"valueRequired\":true,\"valueName\":\"search_term_string\"}}],\"inLanguage\":\"cs\"}]}<\/script>\n<!-- \/ Yoast SEO plugin. -->","yoast_head_json":{"title":"Zlevn\u011bn\u00fd CYTRO: Poli\u010dka do sp\u00e1r, lesk -","robots":{"index":"index","follow":"follow","max-snippet":"max-snippet:-1","max-image-preview":"max-image-preview:large","max-video-preview":"max-video-preview:-1"},"canonical":"https:\/\/www.oknobuild.com\/index.php\/produkt\/zlevneny-cytro-policka-do-spar-lesk-43942\/","og_locale":"cs_CZ","og_type":"article","og_title":"Zlevn\u011bn\u00fd CYTRO: Poli\u010dka do sp\u00e1r, lesk -","og_description":"Detailn\u00ed popis produktu Poli\u010dka do sp\u00e1r Police speci\u00e1ln\u011b uzp\u016fsoben\u00e9 pro obkladov\u00e9 st\u011bny p\u0159\u00edmo zapadnou do v\u0161ech rohov\u00fdch \u010d\u00e1st\u00ed nejenom Va\u0161\u00ed koupelny, ale sv\u00e9 uplatn\u011bn\u00ed naleznou nap\u0159\u00edklad tak\u00e9 v kuchyn\u00edch nebo v ostatn\u00edch za\u0159\u00edzen\u00edch. Nab\u00eddnout V\u00e1m m\u016f\u017eeme hned z n\u011bkolika tvar\u016f a velikost\u00ed, s d\u016frazem na vysokou kvalitu a funk\u010dnost. Je jen na V\u00e1s, kterou si [&hellip;]","og_url":"https:\/\/www.oknobuild.com\/index.php\/produkt\/zlevneny-cytro-policka-do-spar-lesk-43942\/","og_image":[{"width":1000,"height":750,"url":"https:\/\/www.oknobuild.com\/wp-content\/uploads\/2026\/SK0019114-CZ20260425-093351-0-1777080838-932346_cytro--policka-do-spar--lesk.webp","type":"image\/webp"}],"twitter_card":"summary_large_image","schema":{"@context":"https:\/\/schema.org","@graph":[{"@type":"WebPage","@id":"https:\/\/www.oknobuild.com\/index.php\/produkt\/zlevneny-cytro-policka-do-spar-lesk-43942\/","url":"https:\/\/www.oknobuild.com\/index.php\/produkt\/zlevneny-cytro-policka-do-spar-lesk-43942\/","name":"Zlevn\u011bn\u00fd CYTRO: Poli\u010dka do sp\u00e1r, lesk -","isPartOf":{"@id":"https:\/\/www.oknobuild.com\/#website"},"primaryImageOfPage":{"@id":"https:\/\/www.oknobuild.com\/index.php\/produkt\/zlevneny-cytro-policka-do-spar-lesk-43942\/#primaryimage"},"image":{"@id":"https:\/\/www.oknobuild.com\/index.php\/produkt\/zlevneny-cytro-policka-do-spar-lesk-43942\/#primaryimage"},"thumbnailUrl":"https:\/\/www.oknobuild.com\/wp-content\/uploads\/2026\/SK0019114-CZ20260425-093351-0-1777080838-932346_cytro--policka-do-spar--lesk.webp","datePublished":"2026-04-27T04:42:30+00:00","breadcrumb":{"@id":"https:\/\/www.oknobuild.com\/index.php\/produkt\/zlevneny-cytro-policka-do-spar-lesk-43942\/#breadcrumb"},"inLanguage":"cs","potentialAction":[{"@type":"ReadAction","target":["https:\/\/www.oknobuild.com\/index.php\/produkt\/zlevneny-cytro-policka-do-spar-lesk-43942\/"]}]},{"@type":"ImageObject","inLanguage":"cs","@id":"https:\/\/www.oknobuild.com\/index.php\/produkt\/zlevneny-cytro-policka-do-spar-lesk-43942\/#primaryimage","url":"https:\/\/www.oknobuild.com\/wp-content\/uploads\/2026\/SK0019114-CZ20260425-093351-0-1777080838-932346_cytro--policka-do-spar--lesk.webp","contentUrl":"https:\/\/www.oknobuild.com\/wp-content\/uploads\/2026\/SK0019114-CZ20260425-093351-0-1777080838-932346_cytro--policka-do-spar--lesk.webp","width":1000,"height":750},{"@type":"BreadcrumbList","@id":"https:\/\/www.oknobuild.com\/index.php\/produkt\/zlevneny-cytro-policka-do-spar-lesk-43942\/#breadcrumb","itemListElement":[{"@type":"ListItem","position":1,"name":"Home","item":"https:\/\/www.oknobuild.com\/"},{"@type":"ListItem","position":2,"name":"Products","item":"https:\/\/www.oknobuild.com\/index.php\/products\/"},{"@type":"ListItem","position":3,"name":"Zlevn\u011bn\u00fd CYTRO: Poli\u010dka do sp\u00e1r, lesk"}]},{"@type":"WebSite","@id":"https:\/\/www.oknobuild.com\/#website","url":"https:\/\/www.oknobuild.com\/","name":"","description":"","potentialAction":[{"@type":"SearchAction","target":{"@type":"EntryPoint","urlTemplate":"https:\/\/www.oknobuild.com\/?s={search_term_string}"},"query-input":{"@type":"PropertyValueSpecification","valueRequired":true,"valueName":"search_term_string"}}],"inLanguage":"cs"}]}},"_links":{"self":[{"href":"https:\/\/www.oknobuild.com\/index.php\/wp-json\/wp\/v2\/product\/43942","targetHints":{"allow":["GET"]}}],"collection":[{"href":"https:\/\/www.oknobuild.com\/index.php\/wp-json\/wp\/v2\/product"}],"about":[{"href":"https:\/\/www.oknobuild.com\/index.php\/wp-json\/wp\/v2\/types\/product"}],"replies":[{"embeddable":true,"href":"https:\/\/www.oknobuild.com\/index.php\/wp-json\/wp\/v2\/comments?post=43942"}],"wp:featuredmedia":[{"embeddable":true,"href":"https:\/\/www.oknobuild.com\/index.php\/wp-json\/wp\/v2\/media\/44042"}],"wp:attachment":[{"href":"https:\/\/www.oknobuild.com\/index.php\/wp-json\/wp\/v2\/media?parent=43942"}],"wp:term":[{"taxonomy":"product_brand","embeddable":true,"href":"https:\/\/www.oknobuild.com\/index.php\/wp-json\/wp\/v2\/product_brand?post=43942"},{"taxonomy":"product_cat","embeddable":true,"href":"https:\/\/www.oknobuild.com\/index.php\/wp-json\/wp\/v2\/product_cat?post=43942"},{"taxonomy":"product_tag","embeddable":true,"href":"https:\/\/www.oknobuild.com\/index.php\/wp-json\/wp\/v2\/product_tag?post=43942"}],"curies":[{"name":"wp","href":"https:\/\/api.w.org\/{rel}","templated":true}]}}