{"id":45304,"date":"2026-04-27T04:42:34","date_gmt":"2026-04-27T04:42:34","guid":{"rendered":""},"modified":"2026-04-27T04:42:34","modified_gmt":"2026-04-27T04:42:34","slug":"akce-koupelnova-skrinka-project-szz2-60-ind-individual-uchytka-t02-ind-individual-45304","status":"publish","type":"product","link":"https:\/\/www.oknobuild.com\/index.php\/produkt\/akce-koupelnova-skrinka-project-szz2-60-ind-individual-uchytka-t02-ind-individual-45304\/","title":{"rendered":"Akce Koupelnov\u00e1 sk\u0159\u00ed\u0148ka PROJECT SZZ2 60 &#8211; IND Individual \/ \u00dachytka T02 \/ IND Individual"},"content":{"rendered":"<div class=\"basic-description\">\n<h3>Detailn\u00ed popis produktu<\/h3>\n<p>M\u00e1me \u0159e\u0161en\u00ed pro v\u00e1\u0161 projekt! A t\u00edm jsou koupelnov\u00e9 sk\u0159\u00ed\u0148ky \u0159ady PROJECT. Tyto sk\u0159\u00ed\u0148ky ocen\u00edte vy i host\u00e9 ve va\u0161em hotelu \u010di penzionu. <strong>Stejn\u011b tak ale najdou velk\u00e9 uplatn\u011bn\u00ed v dom\u00e1c\u00edch koupeln\u00e1ch<\/strong>. Jejich jednoduch\u00e9 linie podtrhnou ka\u017edou koupelnu a prostorn\u00e9 asymetrick\u00e9 z\u00e1suvky vytvo\u0159\u00ed dostatek \u00falo\u017en\u00e9ho m\u00edsta. Navrhn\u011bte si koupelnovou sk\u0159\u00ed\u0148ku PROJECT podle sv\u00fdch p\u0159edstav \u2013 zvolit m\u016f\u017eete mnoho barevn\u00fdch variant i \u00fachytek. <\/p>\n<h2><strong>Parametry sk\u0159\u00ed\u0148ky<\/strong><\/h2>\n<p>Koupelnov\u00e1 sk\u0159\u00ed\u0148ka PROJECT SZZ2 60 pat\u0159\u00ed mezi ty, kter\u00e9 jsou nejen klasicky kr\u00e1sn\u00e9, ale tak\u00e9 i praktick\u00e9. Z pohledu designu se jedn\u00e1 o jednoduch\u00e9 linie dopln\u011bn\u00e9 kvalitn\u00edm materi\u00e1lem. Tato kombinace bude v\u017edy trendy. 2 z\u00e1suvky se zna\u010dkov\u00fdm kov\u00e1n\u00edm Hettich s tlumen\u00fdm dov\u00edr\u00e1n\u00edm zp\u0159\u00edjemn\u00ed ka\u017ed\u00e9 r\u00e1no \u2013 jsou tich\u00e9 a je\u0161t\u011b dostate\u010dn\u011b prostorn\u00e9.<\/p>\n<p>Sk\u0159\u00ed\u0148ky kolekce PROJECT nav\u00edc nakoup\u00edte ji\u017e s <strong>prodlou\u017eenou 5letou z\u00e1rukou<\/strong>. M\u00e1te jasnou p\u0159edstavu o barevn\u00fdch kombinac\u00edch nebo odst\u00ednu d\u0159evodekoru? Koupelnovou sk\u0159\u00ed\u0148ku PROJECT SZZ2 60 si m\u016f\u017eete vybrat v mnoha variant\u00e1ch pro korpus i \u010delo. Krom\u011b dekor\u016f, d\u0159evodekor\u016f a lak\u016f lze navrhnout p\u0159\u00edmo v\u00e1\u0161 odst\u00edn z RAL\/NCS barevn\u00e9 \u0161k\u00e1ly. <\/p>\n<p>Koupelnov\u00e9 sk\u0159\u00ed\u0148ky PROJECT SZZ2 60 je\u0161t\u011b disponuj\u00ed \u0161irokou nab\u00eddkou <strong>5 r\u016fzn\u00fdch \u00fachytek<\/strong>, tak aby do va\u0161eho celkov\u00e9ho konceptu \u2013 a\u0165 u\u017e v hotelu nebo dom\u00e1cnosti \u2013 zcela zapadly. Mezi \u00fachytkami najdete i jednu v \u010dern\u00e9m matu. <\/p>\n<h3><strong>Kvalitn\u00ed koupelnov\u00e1 sk\u0159\u00ed\u0148ka pro umyvadla Laufen Pro S<\/strong><\/h3>\n<p>Pokud jste si koupili umyvadlo d\u0159\u00edve ne\u017e hlavn\u00ed koupelnovou sk\u0159\u00ed\u0148ku, nejsp\u00ed\u0161 u\u017e jste narazili na probl\u00e9m s instalac\u00ed a vhodn\u00fdmi rozm\u011bry. To v\u00e1s ale u sk\u0159\u00ed\u0148ky PROJECT SZZ2 60 nepotk\u00e1. Sk\u0159\u00ed\u0148ka je p\u0159ipravena pro obl\u00edben\u00e9 keramick\u00e9 umyvadlo Laufen Pro S 60. Nebojte se kombinace, kter\u00e1 d\u00edky elegantn\u00ed sk\u0159\u00ed\u0148ce spojuje design a prakti\u010dnost. Sk\u0159\u00ed\u0148ku dod\u00e1v\u00e1me bez umyvadla, m\u016f\u017eete si ho ale zakoupit samostatn\u011b v na\u0161\u00ed nab\u00eddce.<\/p>\n<h2><strong>Pro\u010d si zamilujete tuto sk\u0159\u00ed\u0148ku:<\/strong><\/h2>\n<ul>\n<li>prodlou\u017een\u00e1 z\u00e1ruka 5 let<\/li>\n<li>mo\u017enost v\u00fdb\u011bru z 5 r\u016fzn\u00fdch \u00fachytek<\/li>\n<li> 2 z\u00e1suvky s velk\u00fdm \u00falo\u017en\u00fdm prostorem<\/li>\n<li>navr\u017eena pro obl\u00edben\u00e9 keramick\u00e9 umyvadlo Laufen Pro S 60<\/li>\n<li>do\u017eivotn\u00ed z\u00e1ruka na kov\u00e1n\u00ed a tlumen\u00e9 dov\u00edr\u00e1n\u00ed Hettich<\/li>\n<\/ul>\n<h3><strong>Kvalita D\u0159evojas<\/strong><\/h3>\n<p>Spolehn\u011bte se na \u010deskou kvalitu ze Svitav. N\u00e1\u0161 koupelnov\u00fd n\u00e1bytek vyr\u00e1b\u00edme z kvalitn\u00edch materi\u00e1lu a dov\u00e1\u017e\u00edme ho ji\u017e smontovan\u00fd. Na v\u00e1s, \u010di \u0159emesln\u00edc\u00edch, u\u017e bude ho jen bezpe\u010dn\u011b zav\u011bsit. Pokud p\u0159em\u00fd\u0161l\u00edte, zda do hotelu \u010di penzionu zvolit kvalitn\u00ed n\u00e1bytek do koupelny, uvid\u00edte, \u017ee se v\u00e1m investice vyplat\u00ed. A\u0165 u\u017e to bude jednodu\u0161\u0161\u00ed pravideln\u00fd \u00faklid, dlouh\u00e1 v\u00fddr\u017e \u010di pravideln\u00ed spokojen\u00ed host\u00e9.<\/p>\n<h3><strong>Porad\u00edme. V koupeln\u00e1ch se vyzn\u00e1me<\/strong><\/h3>\n<p>Pokud si nejste jisti v\u00fdb\u011brem nebo m\u00e1te n\u011bjak\u00e9 ot\u00e1zky, obra\u0165te se na n\u00e1s. Spoustu informac\u00ed i zaj\u00edmavost\u00ed z trend\u016f a novinek z koupelen se dozv\u00edte ve \u010dl\u00e1nc\u00edch na na\u0161em blogu. A pokud m\u00e1te cestu kolem, r\u00e1di v\u00e1s potk\u00e1me v na\u0161em showroomu ve Svitav\u00e1ch \u010di dal\u0161\u00edch partnersk\u00fdch prodejn\u00edch m\u00edstech po cel\u00e9 \u010cR.<\/p>\n<\/p><\/div>\n","protected":false},"excerpt":{"rendered":"<p>Detailn\u00ed popis produktu M\u00e1me \u0159e\u0161en\u00ed pro v\u00e1\u0161 projekt! A t\u00edm jsou koupelnov\u00e9 sk\u0159\u00ed\u0148ky \u0159ady PROJECT. Tyto sk\u0159\u00ed\u0148ky ocen\u00edte vy i host\u00e9 ve va\u0161em hotelu \u010di penzionu. Stejn\u011b tak ale najdou velk\u00e9 uplatn\u011bn\u00ed v dom\u00e1c\u00edch koupeln\u00e1ch. Jejich jednoduch\u00e9 linie podtrhnou ka\u017edou koupelnu a prostorn\u00e9 asymetrick\u00e9 z\u00e1suvky vytvo\u0159\u00ed dostatek \u00falo\u017en\u00e9ho m\u00edsta. Navrhn\u011bte si koupelnovou sk\u0159\u00ed\u0148ku PROJECT podle [&hellip;]<\/p>\n","protected":false},"featured_media":45404,"comment_status":"open","ping_status":"open","template":"","meta":[],"product_brand":[],"product_cat":[72],"product_tag":[],"class_list":{"0":"post-45304","1":"product","2":"type-product","3":"status-publish","4":"has-post-thumbnail","6":"product_cat-koupelny-a-sanitarni-technika","8":"first","9":"instock","10":"sale","11":"shipping-taxable","12":"purchasable","13":"product-type-simple"},"yoast_head":"<!-- This site is optimized with the Yoast SEO plugin v26.8 - https:\/\/yoast.com\/product\/yoast-seo-wordpress\/ -->\n<title>Akce Koupelnov\u00e1 sk\u0159\u00ed\u0148ka PROJECT SZZ2 60 - IND Individual \/ \u00dachytka T02 \/ IND Individual -<\/title>\n<meta name=\"robots\" content=\"index, follow, max-snippet:-1, max-image-preview:large, max-video-preview:-1\" \/>\n<link rel=\"canonical\" href=\"https:\/\/www.oknobuild.com\/index.php\/produkt\/akce-koupelnova-skrinka-project-szz2-60-ind-individual-uchytka-t02-ind-individual-45304\/\" \/>\n<meta property=\"og:locale\" content=\"cs_CZ\" \/>\n<meta property=\"og:type\" content=\"article\" \/>\n<meta property=\"og:title\" content=\"Akce Koupelnov\u00e1 sk\u0159\u00ed\u0148ka PROJECT SZZ2 60 - IND Individual \/ \u00dachytka T02 \/ IND Individual -\" \/>\n<meta property=\"og:description\" content=\"Detailn\u00ed popis produktu M\u00e1me \u0159e\u0161en\u00ed pro v\u00e1\u0161 projekt! A t\u00edm jsou koupelnov\u00e9 sk\u0159\u00ed\u0148ky \u0159ady PROJECT. Tyto sk\u0159\u00ed\u0148ky ocen\u00edte vy i host\u00e9 ve va\u0161em hotelu \u010di penzionu. Stejn\u011b tak ale najdou velk\u00e9 uplatn\u011bn\u00ed v dom\u00e1c\u00edch koupeln\u00e1ch. Jejich jednoduch\u00e9 linie podtrhnou ka\u017edou koupelnu a prostorn\u00e9 asymetrick\u00e9 z\u00e1suvky vytvo\u0159\u00ed dostatek \u00falo\u017en\u00e9ho m\u00edsta. Navrhn\u011bte si koupelnovou sk\u0159\u00ed\u0148ku PROJECT podle [&hellip;]\" \/>\n<meta property=\"og:url\" content=\"https:\/\/www.oknobuild.com\/index.php\/produkt\/akce-koupelnova-skrinka-project-szz2-60-ind-individual-uchytka-t02-ind-individual-45304\/\" \/>\n<meta property=\"og:image\" content=\"https:\/\/www.oknobuild.com\/wp-content\/uploads\/2026\/SK0020652-CZ20260425-093351-0-1777080838-926811_koupelnova-skrinka-project-szz2-60-ind-individual-uc.webp\" \/>\n\t<meta property=\"og:image:width\" content=\"1000\" \/>\n\t<meta property=\"og:image:height\" content=\"750\" \/>\n\t<meta property=\"og:image:type\" content=\"image\/webp\" \/>\n<meta name=\"twitter:card\" content=\"summary_large_image\" \/>\n<meta name=\"twitter:label1\" content=\"Odhadovan\u00e1 doba \u010dten\u00ed\" \/>\n\t<meta name=\"twitter:data1\" content=\"3 minuty\" \/>\n<script type=\"application\/ld+json\" class=\"yoast-schema-graph\">{\"@context\":\"https:\/\/schema.org\",\"@graph\":[{\"@type\":\"WebPage\",\"@id\":\"https:\/\/www.oknobuild.com\/index.php\/produkt\/akce-koupelnova-skrinka-project-szz2-60-ind-individual-uchytka-t02-ind-individual-45304\/\",\"url\":\"https:\/\/www.oknobuild.com\/index.php\/produkt\/akce-koupelnova-skrinka-project-szz2-60-ind-individual-uchytka-t02-ind-individual-45304\/\",\"name\":\"Akce Koupelnov\u00e1 sk\u0159\u00ed\u0148ka PROJECT SZZ2 60 - IND Individual \/ \u00dachytka T02 \/ IND Individual -\",\"isPartOf\":{\"@id\":\"https:\/\/www.oknobuild.com\/#website\"},\"primaryImageOfPage\":{\"@id\":\"https:\/\/www.oknobuild.com\/index.php\/produkt\/akce-koupelnova-skrinka-project-szz2-60-ind-individual-uchytka-t02-ind-individual-45304\/#primaryimage\"},\"image\":{\"@id\":\"https:\/\/www.oknobuild.com\/index.php\/produkt\/akce-koupelnova-skrinka-project-szz2-60-ind-individual-uchytka-t02-ind-individual-45304\/#primaryimage\"},\"thumbnailUrl\":\"https:\/\/www.oknobuild.com\/wp-content\/uploads\/2026\/SK0020652-CZ20260425-093351-0-1777080838-926811_koupelnova-skrinka-project-szz2-60-ind-individual-uc.webp\",\"datePublished\":\"2026-04-27T04:42:34+00:00\",\"breadcrumb\":{\"@id\":\"https:\/\/www.oknobuild.com\/index.php\/produkt\/akce-koupelnova-skrinka-project-szz2-60-ind-individual-uchytka-t02-ind-individual-45304\/#breadcrumb\"},\"inLanguage\":\"cs\",\"potentialAction\":[{\"@type\":\"ReadAction\",\"target\":[\"https:\/\/www.oknobuild.com\/index.php\/produkt\/akce-koupelnova-skrinka-project-szz2-60-ind-individual-uchytka-t02-ind-individual-45304\/\"]}]},{\"@type\":\"ImageObject\",\"inLanguage\":\"cs\",\"@id\":\"https:\/\/www.oknobuild.com\/index.php\/produkt\/akce-koupelnova-skrinka-project-szz2-60-ind-individual-uchytka-t02-ind-individual-45304\/#primaryimage\",\"url\":\"https:\/\/www.oknobuild.com\/wp-content\/uploads\/2026\/SK0020652-CZ20260425-093351-0-1777080838-926811_koupelnova-skrinka-project-szz2-60-ind-individual-uc.webp\",\"contentUrl\":\"https:\/\/www.oknobuild.com\/wp-content\/uploads\/2026\/SK0020652-CZ20260425-093351-0-1777080838-926811_koupelnova-skrinka-project-szz2-60-ind-individual-uc.webp\",\"width\":1000,\"height\":750},{\"@type\":\"BreadcrumbList\",\"@id\":\"https:\/\/www.oknobuild.com\/index.php\/produkt\/akce-koupelnova-skrinka-project-szz2-60-ind-individual-uchytka-t02-ind-individual-45304\/#breadcrumb\",\"itemListElement\":[{\"@type\":\"ListItem\",\"position\":1,\"name\":\"Home\",\"item\":\"https:\/\/www.oknobuild.com\/\"},{\"@type\":\"ListItem\",\"position\":2,\"name\":\"Products\",\"item\":\"https:\/\/www.oknobuild.com\/index.php\/products\/\"},{\"@type\":\"ListItem\",\"position\":3,\"name\":\"Akce Koupelnov\u00e1 sk\u0159\u00ed\u0148ka PROJECT SZZ2 60 &#8211; IND Individual \/ \u00dachytka T02 \/ IND Individual\"}]},{\"@type\":\"WebSite\",\"@id\":\"https:\/\/www.oknobuild.com\/#website\",\"url\":\"https:\/\/www.oknobuild.com\/\",\"name\":\"\",\"description\":\"\",\"potentialAction\":[{\"@type\":\"SearchAction\",\"target\":{\"@type\":\"EntryPoint\",\"urlTemplate\":\"https:\/\/www.oknobuild.com\/?s={search_term_string}\"},\"query-input\":{\"@type\":\"PropertyValueSpecification\",\"valueRequired\":true,\"valueName\":\"search_term_string\"}}],\"inLanguage\":\"cs\"}]}<\/script>\n<!-- \/ Yoast SEO plugin. -->","yoast_head_json":{"title":"Akce Koupelnov\u00e1 sk\u0159\u00ed\u0148ka PROJECT SZZ2 60 - IND Individual \/ \u00dachytka T02 \/ IND Individual -","robots":{"index":"index","follow":"follow","max-snippet":"max-snippet:-1","max-image-preview":"max-image-preview:large","max-video-preview":"max-video-preview:-1"},"canonical":"https:\/\/www.oknobuild.com\/index.php\/produkt\/akce-koupelnova-skrinka-project-szz2-60-ind-individual-uchytka-t02-ind-individual-45304\/","og_locale":"cs_CZ","og_type":"article","og_title":"Akce Koupelnov\u00e1 sk\u0159\u00ed\u0148ka PROJECT SZZ2 60 - IND Individual \/ \u00dachytka T02 \/ IND Individual -","og_description":"Detailn\u00ed popis produktu M\u00e1me \u0159e\u0161en\u00ed pro v\u00e1\u0161 projekt! A t\u00edm jsou koupelnov\u00e9 sk\u0159\u00ed\u0148ky \u0159ady PROJECT. Tyto sk\u0159\u00ed\u0148ky ocen\u00edte vy i host\u00e9 ve va\u0161em hotelu \u010di penzionu. Stejn\u011b tak ale najdou velk\u00e9 uplatn\u011bn\u00ed v dom\u00e1c\u00edch koupeln\u00e1ch. Jejich jednoduch\u00e9 linie podtrhnou ka\u017edou koupelnu a prostorn\u00e9 asymetrick\u00e9 z\u00e1suvky vytvo\u0159\u00ed dostatek \u00falo\u017en\u00e9ho m\u00edsta. Navrhn\u011bte si koupelnovou sk\u0159\u00ed\u0148ku PROJECT podle [&hellip;]","og_url":"https:\/\/www.oknobuild.com\/index.php\/produkt\/akce-koupelnova-skrinka-project-szz2-60-ind-individual-uchytka-t02-ind-individual-45304\/","og_image":[{"width":1000,"height":750,"url":"https:\/\/www.oknobuild.com\/wp-content\/uploads\/2026\/SK0020652-CZ20260425-093351-0-1777080838-926811_koupelnova-skrinka-project-szz2-60-ind-individual-uc.webp","type":"image\/webp"}],"twitter_card":"summary_large_image","twitter_misc":{"Odhadovan\u00e1 doba \u010dten\u00ed":"3 minuty"},"schema":{"@context":"https:\/\/schema.org","@graph":[{"@type":"WebPage","@id":"https:\/\/www.oknobuild.com\/index.php\/produkt\/akce-koupelnova-skrinka-project-szz2-60-ind-individual-uchytka-t02-ind-individual-45304\/","url":"https:\/\/www.oknobuild.com\/index.php\/produkt\/akce-koupelnova-skrinka-project-szz2-60-ind-individual-uchytka-t02-ind-individual-45304\/","name":"Akce Koupelnov\u00e1 sk\u0159\u00ed\u0148ka PROJECT SZZ2 60 - IND Individual \/ \u00dachytka T02 \/ IND Individual -","isPartOf":{"@id":"https:\/\/www.oknobuild.com\/#website"},"primaryImageOfPage":{"@id":"https:\/\/www.oknobuild.com\/index.php\/produkt\/akce-koupelnova-skrinka-project-szz2-60-ind-individual-uchytka-t02-ind-individual-45304\/#primaryimage"},"image":{"@id":"https:\/\/www.oknobuild.com\/index.php\/produkt\/akce-koupelnova-skrinka-project-szz2-60-ind-individual-uchytka-t02-ind-individual-45304\/#primaryimage"},"thumbnailUrl":"https:\/\/www.oknobuild.com\/wp-content\/uploads\/2026\/SK0020652-CZ20260425-093351-0-1777080838-926811_koupelnova-skrinka-project-szz2-60-ind-individual-uc.webp","datePublished":"2026-04-27T04:42:34+00:00","breadcrumb":{"@id":"https:\/\/www.oknobuild.com\/index.php\/produkt\/akce-koupelnova-skrinka-project-szz2-60-ind-individual-uchytka-t02-ind-individual-45304\/#breadcrumb"},"inLanguage":"cs","potentialAction":[{"@type":"ReadAction","target":["https:\/\/www.oknobuild.com\/index.php\/produkt\/akce-koupelnova-skrinka-project-szz2-60-ind-individual-uchytka-t02-ind-individual-45304\/"]}]},{"@type":"ImageObject","inLanguage":"cs","@id":"https:\/\/www.oknobuild.com\/index.php\/produkt\/akce-koupelnova-skrinka-project-szz2-60-ind-individual-uchytka-t02-ind-individual-45304\/#primaryimage","url":"https:\/\/www.oknobuild.com\/wp-content\/uploads\/2026\/SK0020652-CZ20260425-093351-0-1777080838-926811_koupelnova-skrinka-project-szz2-60-ind-individual-uc.webp","contentUrl":"https:\/\/www.oknobuild.com\/wp-content\/uploads\/2026\/SK0020652-CZ20260425-093351-0-1777080838-926811_koupelnova-skrinka-project-szz2-60-ind-individual-uc.webp","width":1000,"height":750},{"@type":"BreadcrumbList","@id":"https:\/\/www.oknobuild.com\/index.php\/produkt\/akce-koupelnova-skrinka-project-szz2-60-ind-individual-uchytka-t02-ind-individual-45304\/#breadcrumb","itemListElement":[{"@type":"ListItem","position":1,"name":"Home","item":"https:\/\/www.oknobuild.com\/"},{"@type":"ListItem","position":2,"name":"Products","item":"https:\/\/www.oknobuild.com\/index.php\/products\/"},{"@type":"ListItem","position":3,"name":"Akce Koupelnov\u00e1 sk\u0159\u00ed\u0148ka PROJECT SZZ2 60 &#8211; IND Individual \/ \u00dachytka T02 \/ IND Individual"}]},{"@type":"WebSite","@id":"https:\/\/www.oknobuild.com\/#website","url":"https:\/\/www.oknobuild.com\/","name":"","description":"","potentialAction":[{"@type":"SearchAction","target":{"@type":"EntryPoint","urlTemplate":"https:\/\/www.oknobuild.com\/?s={search_term_string}"},"query-input":{"@type":"PropertyValueSpecification","valueRequired":true,"valueName":"search_term_string"}}],"inLanguage":"cs"}]}},"_links":{"self":[{"href":"https:\/\/www.oknobuild.com\/index.php\/wp-json\/wp\/v2\/product\/45304","targetHints":{"allow":["GET"]}}],"collection":[{"href":"https:\/\/www.oknobuild.com\/index.php\/wp-json\/wp\/v2\/product"}],"about":[{"href":"https:\/\/www.oknobuild.com\/index.php\/wp-json\/wp\/v2\/types\/product"}],"replies":[{"embeddable":true,"href":"https:\/\/www.oknobuild.com\/index.php\/wp-json\/wp\/v2\/comments?post=45304"}],"wp:featuredmedia":[{"embeddable":true,"href":"https:\/\/www.oknobuild.com\/index.php\/wp-json\/wp\/v2\/media\/45404"}],"wp:attachment":[{"href":"https:\/\/www.oknobuild.com\/index.php\/wp-json\/wp\/v2\/media?parent=45304"}],"wp:term":[{"taxonomy":"product_brand","embeddable":true,"href":"https:\/\/www.oknobuild.com\/index.php\/wp-json\/wp\/v2\/product_brand?post=45304"},{"taxonomy":"product_cat","embeddable":true,"href":"https:\/\/www.oknobuild.com\/index.php\/wp-json\/wp\/v2\/product_cat?post=45304"},{"taxonomy":"product_tag","embeddable":true,"href":"https:\/\/www.oknobuild.com\/index.php\/wp-json\/wp\/v2\/product_tag?post=45304"}],"curies":[{"name":"wp","href":"https:\/\/api.w.org\/{rel}","templated":true}]}}