{"id":45933,"date":"2026-04-27T04:42:35","date_gmt":"2026-04-27T04:42:35","guid":{"rendered":""},"modified":"2026-04-27T04:42:35","modified_gmt":"2026-04-27T04:42:35","slug":"zrcadlo-moreto-zcot-60-originalni-45933","status":"publish","type":"product","link":"https:\/\/www.oknobuild.com\/index.php\/produkt\/zrcadlo-moreto-zcot-60-originalni-45933\/","title":{"rendered":"Zrcadlo MORETO ZCOT 60 Origin\u00e1ln\u00ed"},"content":{"rendered":"<div class=\"basic-description\">\n<h3>Detailn\u00ed popis produktu<\/h3>\n<p>Koupelnov\u00e9 zrcadlo <strong>MORETO ZCOT 60<\/strong> v\u00e1s zaujme p\u0159edev\u0161\u00edm sv\u00fdm \u0159e\u0161en\u00edm um\u00edst\u011bn\u00ed LED osv\u011btlen\u00ed a funkcemi, d\u00edky kter\u00fdm bude zrcadlo opravdov\u00fdm p\u0159\u00ednosem pro va\u0161i koupelnu.<\/p>\n<h2><strong>Parametry<\/strong><\/h2>\n<p>Zrcadlo <strong>MORETO ZCOT 60<\/strong> je po stran\u00e1ch vybaveno <strong>LED osv\u011btlen\u00edm o v\u00fdkonu 32,4 W<\/strong> a teplot\u011b <strong>4 000 K<\/strong>. Intenzitu osv\u011btlen\u00ed lze regulovat pomoc\u00ed dotykov\u00e9ho vyp\u00edna\u010de. Zrcadlo spl\u0148uje stupe\u0148 kryt\u00ed IP 44. Konstrukce r\u00e1mu je z lakovan\u00e9 oceli.<\/p>\n<h3><strong>Topn\u00e1 folie<\/strong><\/h3>\n<p>Velkou p\u0159ednost\u00ed zrcadla je <strong>topn\u00e1 folie<\/strong>, d\u00edky kter\u00e9 se zrcadlo p\u0159i koupeli <strong>nezaml\u017e\u00ed<\/strong> a bude st\u00e1le k dispozici. Konec ot\u00edr\u00e1n\u00ed zrcadla ru\u010dn\u00edkem.<\/p>\n<\/p><\/div>\n","protected":false},"excerpt":{"rendered":"<p>Detailn\u00ed popis produktu Koupelnov\u00e9 zrcadlo MORETO ZCOT 60 v\u00e1s zaujme p\u0159edev\u0161\u00edm sv\u00fdm \u0159e\u0161en\u00edm um\u00edst\u011bn\u00ed LED osv\u011btlen\u00ed a funkcemi, d\u00edky kter\u00fdm bude zrcadlo opravdov\u00fdm p\u0159\u00ednosem pro va\u0161i koupelnu. Parametry Zrcadlo MORETO ZCOT 60 je po stran\u00e1ch vybaveno LED osv\u011btlen\u00edm o v\u00fdkonu 32,4 W a teplot\u011b 4 000 K. Intenzitu osv\u011btlen\u00ed lze regulovat pomoc\u00ed dotykov\u00e9ho vyp\u00edna\u010de. Zrcadlo [&hellip;]<\/p>\n","protected":false},"featured_media":46033,"comment_status":"open","ping_status":"open","template":"","meta":[],"product_brand":[],"product_cat":[72],"product_tag":[],"class_list":{"0":"post-45933","1":"product","2":"type-product","3":"status-publish","4":"has-post-thumbnail","6":"product_cat-koupelny-a-sanitarni-technika","8":"first","9":"instock","10":"sale","11":"shipping-taxable","12":"purchasable","13":"product-type-simple"},"yoast_head":"<!-- This site is optimized with the Yoast SEO plugin v26.8 - https:\/\/yoast.com\/product\/yoast-seo-wordpress\/ -->\n<title>Zrcadlo MORETO ZCOT 60 Origin\u00e1ln\u00ed -<\/title>\n<meta name=\"robots\" content=\"index, follow, max-snippet:-1, max-image-preview:large, max-video-preview:-1\" \/>\n<link rel=\"canonical\" href=\"https:\/\/www.oknobuild.com\/index.php\/produkt\/zrcadlo-moreto-zcot-60-originalni-45933\/\" \/>\n<meta property=\"og:locale\" content=\"cs_CZ\" \/>\n<meta property=\"og:type\" content=\"article\" \/>\n<meta property=\"og:title\" content=\"Zrcadlo MORETO ZCOT 60 Origin\u00e1ln\u00ed -\" \/>\n<meta property=\"og:description\" content=\"Detailn\u00ed popis produktu Koupelnov\u00e9 zrcadlo MORETO ZCOT 60 v\u00e1s zaujme p\u0159edev\u0161\u00edm sv\u00fdm \u0159e\u0161en\u00edm um\u00edst\u011bn\u00ed LED osv\u011btlen\u00ed a funkcemi, d\u00edky kter\u00fdm bude zrcadlo opravdov\u00fdm p\u0159\u00ednosem pro va\u0161i koupelnu. Parametry Zrcadlo MORETO ZCOT 60 je po stran\u00e1ch vybaveno LED osv\u011btlen\u00edm o v\u00fdkonu 32,4 W a teplot\u011b 4 000 K. Intenzitu osv\u011btlen\u00ed lze regulovat pomoc\u00ed dotykov\u00e9ho vyp\u00edna\u010de. Zrcadlo [&hellip;]\" \/>\n<meta property=\"og:url\" content=\"https:\/\/www.oknobuild.com\/index.php\/produkt\/zrcadlo-moreto-zcot-60-originalni-45933\/\" \/>\n<meta property=\"og:image\" content=\"https:\/\/www.oknobuild.com\/wp-content\/uploads\/2026\/SK0021857-CZ20260425-093351-0-1777080838-916101_zrcadlo-moreto-zcot-60.webp\" \/>\n\t<meta property=\"og:image:width\" content=\"1000\" \/>\n\t<meta property=\"og:image:height\" content=\"750\" \/>\n\t<meta property=\"og:image:type\" content=\"image\/webp\" \/>\n<meta name=\"twitter:card\" content=\"summary_large_image\" \/>\n<meta name=\"twitter:label1\" content=\"Odhadovan\u00e1 doba \u010dten\u00ed\" \/>\n\t<meta name=\"twitter:data1\" content=\"1 minuta\" \/>\n<script type=\"application\/ld+json\" class=\"yoast-schema-graph\">{\"@context\":\"https:\/\/schema.org\",\"@graph\":[{\"@type\":\"WebPage\",\"@id\":\"https:\/\/www.oknobuild.com\/index.php\/produkt\/zrcadlo-moreto-zcot-60-originalni-45933\/\",\"url\":\"https:\/\/www.oknobuild.com\/index.php\/produkt\/zrcadlo-moreto-zcot-60-originalni-45933\/\",\"name\":\"Zrcadlo MORETO ZCOT 60 Origin\u00e1ln\u00ed -\",\"isPartOf\":{\"@id\":\"https:\/\/www.oknobuild.com\/#website\"},\"primaryImageOfPage\":{\"@id\":\"https:\/\/www.oknobuild.com\/index.php\/produkt\/zrcadlo-moreto-zcot-60-originalni-45933\/#primaryimage\"},\"image\":{\"@id\":\"https:\/\/www.oknobuild.com\/index.php\/produkt\/zrcadlo-moreto-zcot-60-originalni-45933\/#primaryimage\"},\"thumbnailUrl\":\"https:\/\/www.oknobuild.com\/wp-content\/uploads\/2026\/SK0021857-CZ20260425-093351-0-1777080838-916101_zrcadlo-moreto-zcot-60.webp\",\"datePublished\":\"2026-04-27T04:42:35+00:00\",\"breadcrumb\":{\"@id\":\"https:\/\/www.oknobuild.com\/index.php\/produkt\/zrcadlo-moreto-zcot-60-originalni-45933\/#breadcrumb\"},\"inLanguage\":\"cs\",\"potentialAction\":[{\"@type\":\"ReadAction\",\"target\":[\"https:\/\/www.oknobuild.com\/index.php\/produkt\/zrcadlo-moreto-zcot-60-originalni-45933\/\"]}]},{\"@type\":\"ImageObject\",\"inLanguage\":\"cs\",\"@id\":\"https:\/\/www.oknobuild.com\/index.php\/produkt\/zrcadlo-moreto-zcot-60-originalni-45933\/#primaryimage\",\"url\":\"https:\/\/www.oknobuild.com\/wp-content\/uploads\/2026\/SK0021857-CZ20260425-093351-0-1777080838-916101_zrcadlo-moreto-zcot-60.webp\",\"contentUrl\":\"https:\/\/www.oknobuild.com\/wp-content\/uploads\/2026\/SK0021857-CZ20260425-093351-0-1777080838-916101_zrcadlo-moreto-zcot-60.webp\",\"width\":1000,\"height\":750},{\"@type\":\"BreadcrumbList\",\"@id\":\"https:\/\/www.oknobuild.com\/index.php\/produkt\/zrcadlo-moreto-zcot-60-originalni-45933\/#breadcrumb\",\"itemListElement\":[{\"@type\":\"ListItem\",\"position\":1,\"name\":\"Home\",\"item\":\"https:\/\/www.oknobuild.com\/\"},{\"@type\":\"ListItem\",\"position\":2,\"name\":\"Products\",\"item\":\"https:\/\/www.oknobuild.com\/index.php\/products\/\"},{\"@type\":\"ListItem\",\"position\":3,\"name\":\"Zrcadlo MORETO ZCOT 60 Origin\u00e1ln\u00ed\"}]},{\"@type\":\"WebSite\",\"@id\":\"https:\/\/www.oknobuild.com\/#website\",\"url\":\"https:\/\/www.oknobuild.com\/\",\"name\":\"\",\"description\":\"\",\"potentialAction\":[{\"@type\":\"SearchAction\",\"target\":{\"@type\":\"EntryPoint\",\"urlTemplate\":\"https:\/\/www.oknobuild.com\/?s={search_term_string}\"},\"query-input\":{\"@type\":\"PropertyValueSpecification\",\"valueRequired\":true,\"valueName\":\"search_term_string\"}}],\"inLanguage\":\"cs\"}]}<\/script>\n<!-- \/ Yoast SEO plugin. -->","yoast_head_json":{"title":"Zrcadlo MORETO ZCOT 60 Origin\u00e1ln\u00ed -","robots":{"index":"index","follow":"follow","max-snippet":"max-snippet:-1","max-image-preview":"max-image-preview:large","max-video-preview":"max-video-preview:-1"},"canonical":"https:\/\/www.oknobuild.com\/index.php\/produkt\/zrcadlo-moreto-zcot-60-originalni-45933\/","og_locale":"cs_CZ","og_type":"article","og_title":"Zrcadlo MORETO ZCOT 60 Origin\u00e1ln\u00ed -","og_description":"Detailn\u00ed popis produktu Koupelnov\u00e9 zrcadlo MORETO ZCOT 60 v\u00e1s zaujme p\u0159edev\u0161\u00edm sv\u00fdm \u0159e\u0161en\u00edm um\u00edst\u011bn\u00ed LED osv\u011btlen\u00ed a funkcemi, d\u00edky kter\u00fdm bude zrcadlo opravdov\u00fdm p\u0159\u00ednosem pro va\u0161i koupelnu. Parametry Zrcadlo MORETO ZCOT 60 je po stran\u00e1ch vybaveno LED osv\u011btlen\u00edm o v\u00fdkonu 32,4 W a teplot\u011b 4 000 K. Intenzitu osv\u011btlen\u00ed lze regulovat pomoc\u00ed dotykov\u00e9ho vyp\u00edna\u010de. Zrcadlo [&hellip;]","og_url":"https:\/\/www.oknobuild.com\/index.php\/produkt\/zrcadlo-moreto-zcot-60-originalni-45933\/","og_image":[{"width":1000,"height":750,"url":"https:\/\/www.oknobuild.com\/wp-content\/uploads\/2026\/SK0021857-CZ20260425-093351-0-1777080838-916101_zrcadlo-moreto-zcot-60.webp","type":"image\/webp"}],"twitter_card":"summary_large_image","twitter_misc":{"Odhadovan\u00e1 doba \u010dten\u00ed":"1 minuta"},"schema":{"@context":"https:\/\/schema.org","@graph":[{"@type":"WebPage","@id":"https:\/\/www.oknobuild.com\/index.php\/produkt\/zrcadlo-moreto-zcot-60-originalni-45933\/","url":"https:\/\/www.oknobuild.com\/index.php\/produkt\/zrcadlo-moreto-zcot-60-originalni-45933\/","name":"Zrcadlo MORETO ZCOT 60 Origin\u00e1ln\u00ed -","isPartOf":{"@id":"https:\/\/www.oknobuild.com\/#website"},"primaryImageOfPage":{"@id":"https:\/\/www.oknobuild.com\/index.php\/produkt\/zrcadlo-moreto-zcot-60-originalni-45933\/#primaryimage"},"image":{"@id":"https:\/\/www.oknobuild.com\/index.php\/produkt\/zrcadlo-moreto-zcot-60-originalni-45933\/#primaryimage"},"thumbnailUrl":"https:\/\/www.oknobuild.com\/wp-content\/uploads\/2026\/SK0021857-CZ20260425-093351-0-1777080838-916101_zrcadlo-moreto-zcot-60.webp","datePublished":"2026-04-27T04:42:35+00:00","breadcrumb":{"@id":"https:\/\/www.oknobuild.com\/index.php\/produkt\/zrcadlo-moreto-zcot-60-originalni-45933\/#breadcrumb"},"inLanguage":"cs","potentialAction":[{"@type":"ReadAction","target":["https:\/\/www.oknobuild.com\/index.php\/produkt\/zrcadlo-moreto-zcot-60-originalni-45933\/"]}]},{"@type":"ImageObject","inLanguage":"cs","@id":"https:\/\/www.oknobuild.com\/index.php\/produkt\/zrcadlo-moreto-zcot-60-originalni-45933\/#primaryimage","url":"https:\/\/www.oknobuild.com\/wp-content\/uploads\/2026\/SK0021857-CZ20260425-093351-0-1777080838-916101_zrcadlo-moreto-zcot-60.webp","contentUrl":"https:\/\/www.oknobuild.com\/wp-content\/uploads\/2026\/SK0021857-CZ20260425-093351-0-1777080838-916101_zrcadlo-moreto-zcot-60.webp","width":1000,"height":750},{"@type":"BreadcrumbList","@id":"https:\/\/www.oknobuild.com\/index.php\/produkt\/zrcadlo-moreto-zcot-60-originalni-45933\/#breadcrumb","itemListElement":[{"@type":"ListItem","position":1,"name":"Home","item":"https:\/\/www.oknobuild.com\/"},{"@type":"ListItem","position":2,"name":"Products","item":"https:\/\/www.oknobuild.com\/index.php\/products\/"},{"@type":"ListItem","position":3,"name":"Zrcadlo MORETO ZCOT 60 Origin\u00e1ln\u00ed"}]},{"@type":"WebSite","@id":"https:\/\/www.oknobuild.com\/#website","url":"https:\/\/www.oknobuild.com\/","name":"","description":"","potentialAction":[{"@type":"SearchAction","target":{"@type":"EntryPoint","urlTemplate":"https:\/\/www.oknobuild.com\/?s={search_term_string}"},"query-input":{"@type":"PropertyValueSpecification","valueRequired":true,"valueName":"search_term_string"}}],"inLanguage":"cs"}]}},"_links":{"self":[{"href":"https:\/\/www.oknobuild.com\/index.php\/wp-json\/wp\/v2\/product\/45933","targetHints":{"allow":["GET"]}}],"collection":[{"href":"https:\/\/www.oknobuild.com\/index.php\/wp-json\/wp\/v2\/product"}],"about":[{"href":"https:\/\/www.oknobuild.com\/index.php\/wp-json\/wp\/v2\/types\/product"}],"replies":[{"embeddable":true,"href":"https:\/\/www.oknobuild.com\/index.php\/wp-json\/wp\/v2\/comments?post=45933"}],"wp:featuredmedia":[{"embeddable":true,"href":"https:\/\/www.oknobuild.com\/index.php\/wp-json\/wp\/v2\/media\/46033"}],"wp:attachment":[{"href":"https:\/\/www.oknobuild.com\/index.php\/wp-json\/wp\/v2\/media?parent=45933"}],"wp:term":[{"taxonomy":"product_brand","embeddable":true,"href":"https:\/\/www.oknobuild.com\/index.php\/wp-json\/wp\/v2\/product_brand?post=45933"},{"taxonomy":"product_cat","embeddable":true,"href":"https:\/\/www.oknobuild.com\/index.php\/wp-json\/wp\/v2\/product_cat?post=45933"},{"taxonomy":"product_tag","embeddable":true,"href":"https:\/\/www.oknobuild.com\/index.php\/wp-json\/wp\/v2\/product_tag?post=45933"}],"curies":[{"name":"wp","href":"https:\/\/api.w.org\/{rel}","templated":true}]}}