{"id":48108,"date":"2026-04-27T04:42:41","date_gmt":"2026-04-27T04:42:41","guid":{"rendered":""},"modified":"2026-04-27T04:42:41","modified_gmt":"2026-04-27T04:42:41","slug":"akce-bgs-klic-plochy-razovy-30-mm-48108","status":"publish","type":"product","link":"https:\/\/www.oknobuild.com\/index.php\/produkt\/akce-bgs-klic-plochy-razovy-30-mm-48108\/","title":{"rendered":"Akce BGS Kl\u00ed\u010d ploch\u00fd r\u00e1zov\u00fd, 30 mm"},"content":{"rendered":"<div id=\"e2236520\" class=\"pages\">\n<div>\n<div id=\"PDDescription\" class=\"UserContentView userContent v1a v1 bs-view dcon dc164 PDDescription\" ><dc-con><dc-con><bs-empty><\/bs-empty><\/dc-con><dc-con>        <\/p>\n<div class=\"customDescription\">                    <\/div>\n<p><\/dc-con><dc-con><\/p>\n<ul>\n<li>typ pro vysok\u00e9 zat\u00ed\u017een\u00ed<\/li>\n<li>kovan\u00fd za tepla<\/li>\n<\/ul>\n<h2>Technick\u00e9 informace<\/h2>\n<p>Norma DIN: 133 , Velikost kl\u00ed\u010de 1: 30 mm, Balen\u00ed vhodn\u00e9 k zav\u011b\u0161en\u00ed na st\u011bnu: Ano, D\u00e9lka: 190 mm, Povrchov\u00e1 \u00faprava: \u010cern\u011b le\u0161t\u011bn\u00e1, Hrub\u00e1 hmotnost: 650 g, Materi\u00e1l: chromvanadiov\u00e1 ocel<\/p>\n<h2>Vyu\u017eit\u00ed<\/h2>\n<ul>\n<li>utahov\u00e1n\u00ed a povolov\u00e1n\u00ed \u0161roub\u016f a matic<\/li>\n<li>servisn\u00ed a mont\u00e1\u017en\u00ed pr\u00e1ce v d\u00edln\u011b<\/li>\n<li>autoservis, pr\u016fmysl i dom\u00e1c\u00ed pou\u017eit\u00ed<\/li>\n<\/ul>\n<h2>V\u00fdhody<\/h2>\n<ul>\n<li>pevn\u00fd \u00fachop a p\u0159esn\u00e9 dosednut\u00ed na matici<\/li>\n<li>odoln\u00e1 konstrukce pro ka\u017edodenn\u00ed z\u00e1t\u011b\u017e<\/li>\n<li>praktick\u00fd kl\u00ed\u010d do z\u00e1kladn\u00ed v\u00fdbavy<\/li>\n<\/ul>\n<h2>Tip<\/h2>\n<p>Vyber spr\u00e1vnou velikost kl\u00ed\u010de podle rozm\u011bru matice\/\u0161roubu \u2013 p\u0159\u00edli\u0161 voln\u00fd kl\u00ed\u010d m\u016f\u017ee po\u0161kodit hrany a zt\u00ed\u017eit povolen\u00ed.<\/p>\n<p><\/dc-con><\/dc-con><\/div>\n<div id=\"PDDescription2\" class=\"UserContentView userContent v1a v1 bs-view dcon dc165 PDDescription2\" >V\u00dd\u0160KA BALEN\u00cd<\/div>\n<\/p><\/div>\n<div id=\"PDTable3\" class=\"ProductDetailTableView v3a v3 bs-view dcon dc185 PDTable3\" >\n<table>\n<thead><\/thead>\n<tbody>\n<tr class=\"attribute attr_typ\">\n<td class=\"caption\">Typ<\/td>\n<td class=\"value\">nad 32 mm<\/td>\n<\/tr>\n<tr class=\"attribute attr_bsshop_maker\">\n<td class=\"caption\">V\u00fdrobce<\/td>\n<td class=\"value\">BGS Technic<\/td>\n<\/tr>\n<\/tbody>\n<\/table>\n<\/div>\n<div id=\"PdProductGpsr\" class=\"ProductGpsrView v1a v1 bs-view dcon dc217 PdProductGpsr\" >\n<div class=\"subject\"><dc-root class=\"dcon dc219\"><span class=\"title\">Zodpov\u011bdn&#253; subjekt:<\/span><dc-con><dc-con><span class=\"company\">BGS technik KG<\/span><span class=\"name\">BGS Technic<\/span><\/dc-con><dc-con><span class=\"street\">Bandwirkerstr. 3<\/span><span class=\"city\">Wermelskirchen<\/span><span class=\"zip\">429 29<\/span><span class=\"country\">N\u011bmecko<\/span><\/dc-con><span class=\"email\">mail@bgs-technic.de<\/span><span class=\"phone\">+49 2196-720480<\/span><bs-empty><\/bs-empty><a href=\"https:\/\/www.bgstechnic.com\/\" class=\"link\" target=\"_blank\">https:\/\/www.bgstechnic.com\/<\/a><\/dc-con><bs-empty><\/bs-empty><\/dc-root><\/div>\n<p><bs-empty><\/bs-empty><\/div>\n<\/div>\n<div id=\"e2236521\" class=\"tabs\">\n","protected":false},"excerpt":{"rendered":"<p>typ pro vysok\u00e9 zat\u00ed\u017een\u00ed kovan\u00fd za tepla Technick\u00e9 informace Norma DIN: 133 , Velikost kl\u00ed\u010de 1: 30 mm, Balen\u00ed vhodn\u00e9 k zav\u011b\u0161en\u00ed na st\u011bnu: Ano, D\u00e9lka: 190 mm, Povrchov\u00e1 \u00faprava: \u010cern\u011b le\u0161t\u011bn\u00e1, Hrub\u00e1 hmotnost: 650 g, Materi\u00e1l: chromvanadiov\u00e1 ocel Vyu\u017eit\u00ed utahov\u00e1n\u00ed a povolov\u00e1n\u00ed \u0161roub\u016f a matic servisn\u00ed a mont\u00e1\u017en\u00ed pr\u00e1ce v d\u00edln\u011b autoservis, pr\u016fmysl i [&hellip;]<\/p>\n","protected":false},"featured_media":48208,"comment_status":"open","ping_status":"open","template":"","meta":[],"product_brand":[],"product_cat":[73],"product_tag":[],"class_list":{"0":"post-48108","1":"product","2":"type-product","3":"status-publish","4":"has-post-thumbnail","6":"product_cat-rucn-237-n-225-rad-237-a-d-237-lna","8":"first","9":"instock","10":"sale","11":"shipping-taxable","12":"purchasable","13":"product-type-simple"},"yoast_head":"<!-- This site is optimized with the Yoast SEO plugin v26.8 - https:\/\/yoast.com\/product\/yoast-seo-wordpress\/ -->\n<title>Akce BGS Kl\u00ed\u010d ploch\u00fd r\u00e1zov\u00fd, 30 mm -<\/title>\n<meta name=\"robots\" content=\"index, follow, max-snippet:-1, max-image-preview:large, max-video-preview:-1\" \/>\n<link rel=\"canonical\" href=\"https:\/\/www.oknobuild.com\/index.php\/produkt\/akce-bgs-klic-plochy-razovy-30-mm-48108\/\" \/>\n<meta property=\"og:locale\" content=\"cs_CZ\" \/>\n<meta property=\"og:type\" content=\"article\" \/>\n<meta property=\"og:title\" content=\"Akce BGS Kl\u00ed\u010d ploch\u00fd r\u00e1zov\u00fd, 30 mm -\" \/>\n<meta property=\"og:description\" content=\"typ pro vysok\u00e9 zat\u00ed\u017een\u00ed kovan\u00fd za tepla Technick\u00e9 informace Norma DIN: 133 , Velikost kl\u00ed\u010de 1: 30 mm, Balen\u00ed vhodn\u00e9 k zav\u011b\u0161en\u00ed na st\u011bnu: Ano, D\u00e9lka: 190 mm, Povrchov\u00e1 \u00faprava: \u010cern\u011b le\u0161t\u011bn\u00e1, Hrub\u00e1 hmotnost: 650 g, Materi\u00e1l: chromvanadiov\u00e1 ocel Vyu\u017eit\u00ed utahov\u00e1n\u00ed a povolov\u00e1n\u00ed \u0161roub\u016f a matic servisn\u00ed a mont\u00e1\u017en\u00ed pr\u00e1ce v d\u00edln\u011b autoservis, pr\u016fmysl i [&hellip;]\" \/>\n<meta property=\"og:url\" content=\"https:\/\/www.oknobuild.com\/index.php\/produkt\/akce-bgs-klic-plochy-razovy-30-mm-48108\/\" \/>\n<meta property=\"og:image\" content=\"https:\/\/www.oknobuild.com\/wp-content\/uploads\/2026\/SK0016517-CZ20260425-093449-0-1777080896-bgs-klic-plochy-razovy-30-mm.webp\" \/>\n\t<meta property=\"og:image:width\" content=\"1000\" \/>\n\t<meta property=\"og:image:height\" content=\"525\" \/>\n\t<meta property=\"og:image:type\" content=\"image\/webp\" \/>\n<meta name=\"twitter:card\" content=\"summary_large_image\" \/>\n<meta name=\"twitter:label1\" content=\"Odhadovan\u00e1 doba \u010dten\u00ed\" \/>\n\t<meta name=\"twitter:data1\" content=\"1 minuta\" \/>\n<script type=\"application\/ld+json\" class=\"yoast-schema-graph\">{\"@context\":\"https:\/\/schema.org\",\"@graph\":[{\"@type\":\"WebPage\",\"@id\":\"https:\/\/www.oknobuild.com\/index.php\/produkt\/akce-bgs-klic-plochy-razovy-30-mm-48108\/\",\"url\":\"https:\/\/www.oknobuild.com\/index.php\/produkt\/akce-bgs-klic-plochy-razovy-30-mm-48108\/\",\"name\":\"Akce BGS Kl\u00ed\u010d ploch\u00fd r\u00e1zov\u00fd, 30 mm -\",\"isPartOf\":{\"@id\":\"https:\/\/www.oknobuild.com\/#website\"},\"primaryImageOfPage\":{\"@id\":\"https:\/\/www.oknobuild.com\/index.php\/produkt\/akce-bgs-klic-plochy-razovy-30-mm-48108\/#primaryimage\"},\"image\":{\"@id\":\"https:\/\/www.oknobuild.com\/index.php\/produkt\/akce-bgs-klic-plochy-razovy-30-mm-48108\/#primaryimage\"},\"thumbnailUrl\":\"https:\/\/www.oknobuild.com\/wp-content\/uploads\/2026\/SK0016517-CZ20260425-093449-0-1777080896-bgs-klic-plochy-razovy-30-mm.webp\",\"datePublished\":\"2026-04-27T04:42:41+00:00\",\"breadcrumb\":{\"@id\":\"https:\/\/www.oknobuild.com\/index.php\/produkt\/akce-bgs-klic-plochy-razovy-30-mm-48108\/#breadcrumb\"},\"inLanguage\":\"cs\",\"potentialAction\":[{\"@type\":\"ReadAction\",\"target\":[\"https:\/\/www.oknobuild.com\/index.php\/produkt\/akce-bgs-klic-plochy-razovy-30-mm-48108\/\"]}]},{\"@type\":\"ImageObject\",\"inLanguage\":\"cs\",\"@id\":\"https:\/\/www.oknobuild.com\/index.php\/produkt\/akce-bgs-klic-plochy-razovy-30-mm-48108\/#primaryimage\",\"url\":\"https:\/\/www.oknobuild.com\/wp-content\/uploads\/2026\/SK0016517-CZ20260425-093449-0-1777080896-bgs-klic-plochy-razovy-30-mm.webp\",\"contentUrl\":\"https:\/\/www.oknobuild.com\/wp-content\/uploads\/2026\/SK0016517-CZ20260425-093449-0-1777080896-bgs-klic-plochy-razovy-30-mm.webp\",\"width\":1000,\"height\":525},{\"@type\":\"BreadcrumbList\",\"@id\":\"https:\/\/www.oknobuild.com\/index.php\/produkt\/akce-bgs-klic-plochy-razovy-30-mm-48108\/#breadcrumb\",\"itemListElement\":[{\"@type\":\"ListItem\",\"position\":1,\"name\":\"Home\",\"item\":\"https:\/\/www.oknobuild.com\/\"},{\"@type\":\"ListItem\",\"position\":2,\"name\":\"Products\",\"item\":\"https:\/\/www.oknobuild.com\/index.php\/products\/\"},{\"@type\":\"ListItem\",\"position\":3,\"name\":\"Akce BGS Kl\u00ed\u010d ploch\u00fd r\u00e1zov\u00fd, 30 mm\"}]},{\"@type\":\"WebSite\",\"@id\":\"https:\/\/www.oknobuild.com\/#website\",\"url\":\"https:\/\/www.oknobuild.com\/\",\"name\":\"\",\"description\":\"\",\"potentialAction\":[{\"@type\":\"SearchAction\",\"target\":{\"@type\":\"EntryPoint\",\"urlTemplate\":\"https:\/\/www.oknobuild.com\/?s={search_term_string}\"},\"query-input\":{\"@type\":\"PropertyValueSpecification\",\"valueRequired\":true,\"valueName\":\"search_term_string\"}}],\"inLanguage\":\"cs\"}]}<\/script>\n<!-- \/ Yoast SEO plugin. -->","yoast_head_json":{"title":"Akce BGS Kl\u00ed\u010d ploch\u00fd r\u00e1zov\u00fd, 30 mm -","robots":{"index":"index","follow":"follow","max-snippet":"max-snippet:-1","max-image-preview":"max-image-preview:large","max-video-preview":"max-video-preview:-1"},"canonical":"https:\/\/www.oknobuild.com\/index.php\/produkt\/akce-bgs-klic-plochy-razovy-30-mm-48108\/","og_locale":"cs_CZ","og_type":"article","og_title":"Akce BGS Kl\u00ed\u010d ploch\u00fd r\u00e1zov\u00fd, 30 mm -","og_description":"typ pro vysok\u00e9 zat\u00ed\u017een\u00ed kovan\u00fd za tepla Technick\u00e9 informace Norma DIN: 133 , Velikost kl\u00ed\u010de 1: 30 mm, Balen\u00ed vhodn\u00e9 k zav\u011b\u0161en\u00ed na st\u011bnu: Ano, D\u00e9lka: 190 mm, Povrchov\u00e1 \u00faprava: \u010cern\u011b le\u0161t\u011bn\u00e1, Hrub\u00e1 hmotnost: 650 g, Materi\u00e1l: chromvanadiov\u00e1 ocel Vyu\u017eit\u00ed utahov\u00e1n\u00ed a povolov\u00e1n\u00ed \u0161roub\u016f a matic servisn\u00ed a mont\u00e1\u017en\u00ed pr\u00e1ce v d\u00edln\u011b autoservis, pr\u016fmysl i [&hellip;]","og_url":"https:\/\/www.oknobuild.com\/index.php\/produkt\/akce-bgs-klic-plochy-razovy-30-mm-48108\/","og_image":[{"width":1000,"height":525,"url":"https:\/\/www.oknobuild.com\/wp-content\/uploads\/2026\/SK0016517-CZ20260425-093449-0-1777080896-bgs-klic-plochy-razovy-30-mm.webp","type":"image\/webp"}],"twitter_card":"summary_large_image","twitter_misc":{"Odhadovan\u00e1 doba \u010dten\u00ed":"1 minuta"},"schema":{"@context":"https:\/\/schema.org","@graph":[{"@type":"WebPage","@id":"https:\/\/www.oknobuild.com\/index.php\/produkt\/akce-bgs-klic-plochy-razovy-30-mm-48108\/","url":"https:\/\/www.oknobuild.com\/index.php\/produkt\/akce-bgs-klic-plochy-razovy-30-mm-48108\/","name":"Akce BGS Kl\u00ed\u010d ploch\u00fd r\u00e1zov\u00fd, 30 mm -","isPartOf":{"@id":"https:\/\/www.oknobuild.com\/#website"},"primaryImageOfPage":{"@id":"https:\/\/www.oknobuild.com\/index.php\/produkt\/akce-bgs-klic-plochy-razovy-30-mm-48108\/#primaryimage"},"image":{"@id":"https:\/\/www.oknobuild.com\/index.php\/produkt\/akce-bgs-klic-plochy-razovy-30-mm-48108\/#primaryimage"},"thumbnailUrl":"https:\/\/www.oknobuild.com\/wp-content\/uploads\/2026\/SK0016517-CZ20260425-093449-0-1777080896-bgs-klic-plochy-razovy-30-mm.webp","datePublished":"2026-04-27T04:42:41+00:00","breadcrumb":{"@id":"https:\/\/www.oknobuild.com\/index.php\/produkt\/akce-bgs-klic-plochy-razovy-30-mm-48108\/#breadcrumb"},"inLanguage":"cs","potentialAction":[{"@type":"ReadAction","target":["https:\/\/www.oknobuild.com\/index.php\/produkt\/akce-bgs-klic-plochy-razovy-30-mm-48108\/"]}]},{"@type":"ImageObject","inLanguage":"cs","@id":"https:\/\/www.oknobuild.com\/index.php\/produkt\/akce-bgs-klic-plochy-razovy-30-mm-48108\/#primaryimage","url":"https:\/\/www.oknobuild.com\/wp-content\/uploads\/2026\/SK0016517-CZ20260425-093449-0-1777080896-bgs-klic-plochy-razovy-30-mm.webp","contentUrl":"https:\/\/www.oknobuild.com\/wp-content\/uploads\/2026\/SK0016517-CZ20260425-093449-0-1777080896-bgs-klic-plochy-razovy-30-mm.webp","width":1000,"height":525},{"@type":"BreadcrumbList","@id":"https:\/\/www.oknobuild.com\/index.php\/produkt\/akce-bgs-klic-plochy-razovy-30-mm-48108\/#breadcrumb","itemListElement":[{"@type":"ListItem","position":1,"name":"Home","item":"https:\/\/www.oknobuild.com\/"},{"@type":"ListItem","position":2,"name":"Products","item":"https:\/\/www.oknobuild.com\/index.php\/products\/"},{"@type":"ListItem","position":3,"name":"Akce BGS Kl\u00ed\u010d ploch\u00fd r\u00e1zov\u00fd, 30 mm"}]},{"@type":"WebSite","@id":"https:\/\/www.oknobuild.com\/#website","url":"https:\/\/www.oknobuild.com\/","name":"","description":"","potentialAction":[{"@type":"SearchAction","target":{"@type":"EntryPoint","urlTemplate":"https:\/\/www.oknobuild.com\/?s={search_term_string}"},"query-input":{"@type":"PropertyValueSpecification","valueRequired":true,"valueName":"search_term_string"}}],"inLanguage":"cs"}]}},"_links":{"self":[{"href":"https:\/\/www.oknobuild.com\/index.php\/wp-json\/wp\/v2\/product\/48108","targetHints":{"allow":["GET"]}}],"collection":[{"href":"https:\/\/www.oknobuild.com\/index.php\/wp-json\/wp\/v2\/product"}],"about":[{"href":"https:\/\/www.oknobuild.com\/index.php\/wp-json\/wp\/v2\/types\/product"}],"replies":[{"embeddable":true,"href":"https:\/\/www.oknobuild.com\/index.php\/wp-json\/wp\/v2\/comments?post=48108"}],"wp:featuredmedia":[{"embeddable":true,"href":"https:\/\/www.oknobuild.com\/index.php\/wp-json\/wp\/v2\/media\/48208"}],"wp:attachment":[{"href":"https:\/\/www.oknobuild.com\/index.php\/wp-json\/wp\/v2\/media?parent=48108"}],"wp:term":[{"taxonomy":"product_brand","embeddable":true,"href":"https:\/\/www.oknobuild.com\/index.php\/wp-json\/wp\/v2\/product_brand?post=48108"},{"taxonomy":"product_cat","embeddable":true,"href":"https:\/\/www.oknobuild.com\/index.php\/wp-json\/wp\/v2\/product_cat?post=48108"},{"taxonomy":"product_tag","embeddable":true,"href":"https:\/\/www.oknobuild.com\/index.php\/wp-json\/wp\/v2\/product_tag?post=48108"}],"curies":[{"name":"wp","href":"https:\/\/api.w.org\/{rel}","templated":true}]}}