{"id":48742,"date":"2026-04-27T04:42:43","date_gmt":"2026-04-27T04:42:43","guid":{"rendered":""},"modified":"2026-04-27T04:42:43","modified_gmt":"2026-04-27T04:42:43","slug":"akcni-cena-bgs-vlozka-do-dilenskeho-voziku-1-3-sada-nastrcnych-hlavic-vnitrni-tisicihran-pro-xzn-2-48742","status":"publish","type":"product","link":"https:\/\/www.oknobuild.com\/index.php\/produkt\/akcni-cena-bgs-vlozka-do-dilenskeho-voziku-1-3-sada-nastrcnych-hlavic-vnitrni-tisicihran-pro-xzn-2-48742\/","title":{"rendered":"Ak\u010dn\u00ed Cena BGS Vlo\u017eka do d\u00edlensk\u00e9ho voz\u00edku 1\/3: sada n\u00e1str\u010dn\u00fdch hlavic, vnit\u0159n\u00ed tis\u00edcihran (pro XZN), 2"},"content":{"rendered":"<div id=\"e2380496\" class=\"pages\">\n<div>\n<div id=\"PDDescription\" class=\"UserContentView userContent v1a v1 bs-view dcon dc164 PDDescription\" ><dc-con><dc-con><bs-empty><\/bs-empty><\/dc-con><dc-con>        <\/p>\n<div class=\"customDescription\">                    <\/div>\n<p><\/dc-con><dc-con><\/p>\n<ul>\n<li>vroubkovan\u00fd<\/li>\n<li>\n<p><strong>Rozsah dod\u00e1vky:<\/strong><\/p>\n<ul>\n<li>8bitov\u00e9 patice, d\u00e9lka 55 mm, 12,5 mm ( 1\/2&#8243;) pohon, Spline (pro XZN) M5 &#8211; M6 &#8211; M8 &#8211; M9 &#8211; M10 &#8211; M12 &#8211; M14 &#8211; M16<\/li>\n<li>7 bitov\u00e9 patice, d\u00e9lka 100 mm, 12,5 mm (1\/2&#8243;) pohon, Spline (pro XZN) M5 &#8211; M6 &#8211; M8 &#8211; M9 &#8211; M10 &#8211; M12 &#8211; M14<\/li>\n<li>7 bitov\u00e9 patice, d\u00e9lka 140 mm, 12,5 mm (1\/2&#8243;) pohon, Spline (pro XZN) M5 \u2013 M6 \u2013 M8 \u2013 M9 \u2013 M10 \u2013 M12 \u2013 M14<\/li>\n<li>Hrub\u00e1 hmotnost: 2600 g, Velikost hnac\u00edho profilu, palec: 1\/2&#8243;, Hnac\u00ed profil: Vnit\u0159n\u00ed \u010dtverec, Materi\u00e1l: Chromvanadiov\u00e1 ocel (S2), Velikost hnac\u00edho profilu, metrick\u00fd: 12,5 mm<br \/>\n<h2>Technick\u00e9 informace<\/h2>\n<p>Hrub\u00e1 hmotnost: 2600 g, Velikost hnac\u00edho profilu, palec: 1\/2&quot;, Hnac\u00ed profil: Vnit\u0159n\u00ed \u010dtverec, Materi\u00e1l: Chromvanadiov\u00e1 ocel (S2), Velikost hnac\u00edho profilu, metrick\u00fd: 12,5 mm<\/p>\n<h2>Vyu\u017eit\u00ed v autoservisu<\/h2>\n<ul>\n<li>organizace n\u00e1\u0159ad\u00ed v d\u00edlensk\u00e9m voz\u00edku<\/li>\n<li>vytvo\u0159en\u00ed vlastn\u00ed sestavy n\u00e1\u0159ad\u00ed podle typu pr\u00e1ce<\/li>\n<li>odd\u011blen\u00ed gola sad, kl\u00ed\u010d\u016f, r\u00e1\u010den a speci\u00e1ln\u00edch p\u0159\u00edpravk\u016f<\/li>\n<\/ul>\n<h2>Pro\u010d pou\u017e\u00edvat p\u011bnov\u00fd modul<\/h2>\n<ul>\n<li>rychl\u00e1 orientace v n\u00e1\u0159ad\u00ed p\u0159i servisn\u00edm z\u00e1sahu<\/li>\n<li>ochrana n\u00e1\u0159ad\u00ed p\u0159ed po\u0161kozen\u00edm a pohybem v \u0161upl\u00edku<\/li>\n<li>profesion\u00e1ln\u00ed a p\u0159ehledn\u00e9 uspo\u0159\u00e1d\u00e1n\u00ed d\u00edlny<\/li>\n<\/ul>\n<h2>Tip z praxe<\/h2>\n<p>Rozd\u011bl si voz\u00edk podle typu pr\u00e1ce \u2013 samostatn\u00fd modul pro motor, podvozek nebo brzdy v\u00fdrazn\u011b zrychl\u00ed servis. Pr\u00e1zdn\u00fd modul ti d\u00e1v\u00e1 volnost sestavit si vlastn\u00ed profi v\u00fdbavu p\u0159esn\u011b podle toho, co v d\u00edln\u011b skute\u010dn\u011b pou\u017e\u00edv\u00e1\u0161.<\/p>\n<p><\/dc-con><\/dc-con><\/div>\n<div id=\"PDDescription2\" class=\"UserContentView userContent v1a v1 bs-view dcon dc165 PDDescription2\" >V\u00dd\u0160KA BALEN\u00cd<\/div>\n<\/p><\/div>\n<div id=\"PDTable3\" class=\"ProductDetailTableView v3a v3 bs-view dcon dc185 PDTable3\" >\n<table>\n<thead><\/thead>\n<tbody>\n<tr class=\"attribute attr_typ\">\n<td class=\"caption\">Typ<\/td>\n<td class=\"value\">Osazen\u00e9<\/td>\n<\/tr>\n<tr class=\"attribute attr_bsshop_maker\">\n<td class=\"caption\">V\u00fdrobce<\/td>\n<td class=\"value\">BGS Technic<\/td>\n<\/tr>\n<\/tbody>\n<\/table>\n<\/div>\n<div id=\"PdProductGpsr\" class=\"ProductGpsrView v1a v1 bs-view dcon dc217 PdProductGpsr\" >\n<div class=\"subject\"><dc-root class=\"dcon dc219\"><span class=\"title\">Zodpov\u011bdn&#253; subjekt:<\/span><dc-con><dc-con><span class=\"company\">BGS technik KG<\/span><span class=\"name\">BGS Technic<\/span><\/dc-con><dc-con><span class=\"street\">Bandwirkerstr. 3<\/span><span class=\"city\">Wermelskirchen<\/span><span class=\"zip\">429 29<\/span><span class=\"country\">N\u011bmecko<\/span><\/dc-con><span class=\"email\">mail@bgs-technic.de<\/span><span class=\"phone\">+49 2196-720480<\/span><bs-empty><\/bs-empty><a href=\"https:\/\/www.bgstechnic.com\/\" class=\"link\" target=\"_blank\">https:\/\/www.bgstechnic.com\/<\/a><\/dc-con><bs-empty><\/bs-empty><\/dc-root><\/div>\n<p><bs-empty><\/bs-empty><\/div>\n<\/div>\n<div id=\"e2380497\" class=\"tabs\">\n","protected":false},"excerpt":{"rendered":"<p>vroubkovan\u00fd Rozsah dod\u00e1vky: 8bitov\u00e9 patice, d\u00e9lka 55 mm, 12,5 mm ( 1\/2&#8243;) pohon, Spline (pro XZN) M5 &#8211; M6 &#8211; M8 &#8211; M9 &#8211; M10 &#8211; M12 &#8211; M14 &#8211; M16 7 bitov\u00e9 patice, d\u00e9lka 100 mm, 12,5 mm (1\/2&#8243;) pohon, Spline (pro XZN) M5 &#8211; M6 &#8211; M8 &#8211; M9 &#8211; M10 &#8211; M12 [&hellip;]<\/p>\n","protected":false},"featured_media":48842,"comment_status":"open","ping_status":"open","template":"","meta":[],"product_brand":[],"product_cat":[73],"product_tag":[],"class_list":{"0":"post-48742","1":"product","2":"type-product","3":"status-publish","4":"has-post-thumbnail","6":"product_cat-rucn-237-n-225-rad-237-a-d-237-lna","8":"first","9":"instock","10":"sale","11":"shipping-taxable","12":"purchasable","13":"product-type-simple"},"yoast_head":"<!-- This site is optimized with the Yoast SEO plugin v26.8 - https:\/\/yoast.com\/product\/yoast-seo-wordpress\/ -->\n<title>Ak\u010dn\u00ed Cena BGS Vlo\u017eka do d\u00edlensk\u00e9ho voz\u00edku 1\/3: sada n\u00e1str\u010dn\u00fdch hlavic, vnit\u0159n\u00ed tis\u00edcihran (pro XZN), 2 -<\/title>\n<meta name=\"robots\" content=\"index, follow, max-snippet:-1, max-image-preview:large, max-video-preview:-1\" \/>\n<link rel=\"canonical\" href=\"https:\/\/www.oknobuild.com\/index.php\/produkt\/akcni-cena-bgs-vlozka-do-dilenskeho-voziku-1-3-sada-nastrcnych-hlavic-vnitrni-tisicihran-pro-xzn-2-48742\/\" \/>\n<meta property=\"og:locale\" content=\"cs_CZ\" \/>\n<meta property=\"og:type\" content=\"article\" \/>\n<meta property=\"og:title\" content=\"Ak\u010dn\u00ed Cena BGS Vlo\u017eka do d\u00edlensk\u00e9ho voz\u00edku 1\/3: sada n\u00e1str\u010dn\u00fdch hlavic, vnit\u0159n\u00ed tis\u00edcihran (pro XZN), 2 -\" \/>\n<meta property=\"og:description\" content=\"vroubkovan\u00fd Rozsah dod\u00e1vky: 8bitov\u00e9 patice, d\u00e9lka 55 mm, 12,5 mm ( 1\/2&#8243;) pohon, Spline (pro XZN) M5 &#8211; M6 &#8211; M8 &#8211; M9 &#8211; M10 &#8211; M12 &#8211; M14 &#8211; M16 7 bitov\u00e9 patice, d\u00e9lka 100 mm, 12,5 mm (1\/2&#8243;) pohon, Spline (pro XZN) M5 &#8211; M6 &#8211; M8 &#8211; M9 &#8211; M10 &#8211; M12 [&hellip;]\" \/>\n<meta property=\"og:url\" content=\"https:\/\/www.oknobuild.com\/index.php\/produkt\/akcni-cena-bgs-vlozka-do-dilenskeho-voziku-1-3-sada-nastrcnych-hlavic-vnitrni-tisicihran-pro-xzn-2-48742\/\" \/>\n<meta property=\"og:image\" content=\"https:\/\/www.oknobuild.com\/wp-content\/uploads\/2026\/SK0016854-CZ20260425-093449-0-1777080896-bgs-vlozka-do-dilenskeho-voziku-1-3-sada-nastrcnych-hlavic-.webp\" \/>\n\t<meta property=\"og:image:width\" content=\"1000\" \/>\n\t<meta property=\"og:image:height\" content=\"525\" \/>\n\t<meta property=\"og:image:type\" content=\"image\/webp\" \/>\n<meta name=\"twitter:card\" content=\"summary_large_image\" \/>\n<meta name=\"twitter:label1\" content=\"Odhadovan\u00e1 doba \u010dten\u00ed\" \/>\n\t<meta name=\"twitter:data1\" content=\"1 minuta\" \/>\n<script type=\"application\/ld+json\" class=\"yoast-schema-graph\">{\"@context\":\"https:\/\/schema.org\",\"@graph\":[{\"@type\":\"WebPage\",\"@id\":\"https:\/\/www.oknobuild.com\/index.php\/produkt\/akcni-cena-bgs-vlozka-do-dilenskeho-voziku-1-3-sada-nastrcnych-hlavic-vnitrni-tisicihran-pro-xzn-2-48742\/\",\"url\":\"https:\/\/www.oknobuild.com\/index.php\/produkt\/akcni-cena-bgs-vlozka-do-dilenskeho-voziku-1-3-sada-nastrcnych-hlavic-vnitrni-tisicihran-pro-xzn-2-48742\/\",\"name\":\"Ak\u010dn\u00ed Cena BGS Vlo\u017eka do d\u00edlensk\u00e9ho voz\u00edku 1\/3: sada n\u00e1str\u010dn\u00fdch hlavic, vnit\u0159n\u00ed tis\u00edcihran (pro XZN), 2 -\",\"isPartOf\":{\"@id\":\"https:\/\/www.oknobuild.com\/#website\"},\"primaryImageOfPage\":{\"@id\":\"https:\/\/www.oknobuild.com\/index.php\/produkt\/akcni-cena-bgs-vlozka-do-dilenskeho-voziku-1-3-sada-nastrcnych-hlavic-vnitrni-tisicihran-pro-xzn-2-48742\/#primaryimage\"},\"image\":{\"@id\":\"https:\/\/www.oknobuild.com\/index.php\/produkt\/akcni-cena-bgs-vlozka-do-dilenskeho-voziku-1-3-sada-nastrcnych-hlavic-vnitrni-tisicihran-pro-xzn-2-48742\/#primaryimage\"},\"thumbnailUrl\":\"https:\/\/www.oknobuild.com\/wp-content\/uploads\/2026\/SK0016854-CZ20260425-093449-0-1777080896-bgs-vlozka-do-dilenskeho-voziku-1-3-sada-nastrcnych-hlavic-.webp\",\"datePublished\":\"2026-04-27T04:42:43+00:00\",\"breadcrumb\":{\"@id\":\"https:\/\/www.oknobuild.com\/index.php\/produkt\/akcni-cena-bgs-vlozka-do-dilenskeho-voziku-1-3-sada-nastrcnych-hlavic-vnitrni-tisicihran-pro-xzn-2-48742\/#breadcrumb\"},\"inLanguage\":\"cs\",\"potentialAction\":[{\"@type\":\"ReadAction\",\"target\":[\"https:\/\/www.oknobuild.com\/index.php\/produkt\/akcni-cena-bgs-vlozka-do-dilenskeho-voziku-1-3-sada-nastrcnych-hlavic-vnitrni-tisicihran-pro-xzn-2-48742\/\"]}]},{\"@type\":\"ImageObject\",\"inLanguage\":\"cs\",\"@id\":\"https:\/\/www.oknobuild.com\/index.php\/produkt\/akcni-cena-bgs-vlozka-do-dilenskeho-voziku-1-3-sada-nastrcnych-hlavic-vnitrni-tisicihran-pro-xzn-2-48742\/#primaryimage\",\"url\":\"https:\/\/www.oknobuild.com\/wp-content\/uploads\/2026\/SK0016854-CZ20260425-093449-0-1777080896-bgs-vlozka-do-dilenskeho-voziku-1-3-sada-nastrcnych-hlavic-.webp\",\"contentUrl\":\"https:\/\/www.oknobuild.com\/wp-content\/uploads\/2026\/SK0016854-CZ20260425-093449-0-1777080896-bgs-vlozka-do-dilenskeho-voziku-1-3-sada-nastrcnych-hlavic-.webp\",\"width\":1000,\"height\":525},{\"@type\":\"BreadcrumbList\",\"@id\":\"https:\/\/www.oknobuild.com\/index.php\/produkt\/akcni-cena-bgs-vlozka-do-dilenskeho-voziku-1-3-sada-nastrcnych-hlavic-vnitrni-tisicihran-pro-xzn-2-48742\/#breadcrumb\",\"itemListElement\":[{\"@type\":\"ListItem\",\"position\":1,\"name\":\"Home\",\"item\":\"https:\/\/www.oknobuild.com\/\"},{\"@type\":\"ListItem\",\"position\":2,\"name\":\"Products\",\"item\":\"https:\/\/www.oknobuild.com\/index.php\/products\/\"},{\"@type\":\"ListItem\",\"position\":3,\"name\":\"Ak\u010dn\u00ed Cena BGS Vlo\u017eka do d\u00edlensk\u00e9ho voz\u00edku 1\/3: sada n\u00e1str\u010dn\u00fdch hlavic, vnit\u0159n\u00ed tis\u00edcihran (pro XZN), 2\"}]},{\"@type\":\"WebSite\",\"@id\":\"https:\/\/www.oknobuild.com\/#website\",\"url\":\"https:\/\/www.oknobuild.com\/\",\"name\":\"\",\"description\":\"\",\"potentialAction\":[{\"@type\":\"SearchAction\",\"target\":{\"@type\":\"EntryPoint\",\"urlTemplate\":\"https:\/\/www.oknobuild.com\/?s={search_term_string}\"},\"query-input\":{\"@type\":\"PropertyValueSpecification\",\"valueRequired\":true,\"valueName\":\"search_term_string\"}}],\"inLanguage\":\"cs\"}]}<\/script>\n<!-- \/ Yoast SEO plugin. -->","yoast_head_json":{"title":"Ak\u010dn\u00ed Cena BGS Vlo\u017eka do d\u00edlensk\u00e9ho voz\u00edku 1\/3: sada n\u00e1str\u010dn\u00fdch hlavic, vnit\u0159n\u00ed tis\u00edcihran (pro XZN), 2 -","robots":{"index":"index","follow":"follow","max-snippet":"max-snippet:-1","max-image-preview":"max-image-preview:large","max-video-preview":"max-video-preview:-1"},"canonical":"https:\/\/www.oknobuild.com\/index.php\/produkt\/akcni-cena-bgs-vlozka-do-dilenskeho-voziku-1-3-sada-nastrcnych-hlavic-vnitrni-tisicihran-pro-xzn-2-48742\/","og_locale":"cs_CZ","og_type":"article","og_title":"Ak\u010dn\u00ed Cena BGS Vlo\u017eka do d\u00edlensk\u00e9ho voz\u00edku 1\/3: sada n\u00e1str\u010dn\u00fdch hlavic, vnit\u0159n\u00ed tis\u00edcihran (pro XZN), 2 -","og_description":"vroubkovan\u00fd Rozsah dod\u00e1vky: 8bitov\u00e9 patice, d\u00e9lka 55 mm, 12,5 mm ( 1\/2&#8243;) pohon, Spline (pro XZN) M5 &#8211; M6 &#8211; M8 &#8211; M9 &#8211; M10 &#8211; M12 &#8211; M14 &#8211; M16 7 bitov\u00e9 patice, d\u00e9lka 100 mm, 12,5 mm (1\/2&#8243;) pohon, Spline (pro XZN) M5 &#8211; M6 &#8211; M8 &#8211; M9 &#8211; M10 &#8211; M12 [&hellip;]","og_url":"https:\/\/www.oknobuild.com\/index.php\/produkt\/akcni-cena-bgs-vlozka-do-dilenskeho-voziku-1-3-sada-nastrcnych-hlavic-vnitrni-tisicihran-pro-xzn-2-48742\/","og_image":[{"width":1000,"height":525,"url":"https:\/\/www.oknobuild.com\/wp-content\/uploads\/2026\/SK0016854-CZ20260425-093449-0-1777080896-bgs-vlozka-do-dilenskeho-voziku-1-3-sada-nastrcnych-hlavic-.webp","type":"image\/webp"}],"twitter_card":"summary_large_image","twitter_misc":{"Odhadovan\u00e1 doba \u010dten\u00ed":"1 minuta"},"schema":{"@context":"https:\/\/schema.org","@graph":[{"@type":"WebPage","@id":"https:\/\/www.oknobuild.com\/index.php\/produkt\/akcni-cena-bgs-vlozka-do-dilenskeho-voziku-1-3-sada-nastrcnych-hlavic-vnitrni-tisicihran-pro-xzn-2-48742\/","url":"https:\/\/www.oknobuild.com\/index.php\/produkt\/akcni-cena-bgs-vlozka-do-dilenskeho-voziku-1-3-sada-nastrcnych-hlavic-vnitrni-tisicihran-pro-xzn-2-48742\/","name":"Ak\u010dn\u00ed Cena BGS Vlo\u017eka do d\u00edlensk\u00e9ho voz\u00edku 1\/3: sada n\u00e1str\u010dn\u00fdch hlavic, vnit\u0159n\u00ed tis\u00edcihran (pro XZN), 2 -","isPartOf":{"@id":"https:\/\/www.oknobuild.com\/#website"},"primaryImageOfPage":{"@id":"https:\/\/www.oknobuild.com\/index.php\/produkt\/akcni-cena-bgs-vlozka-do-dilenskeho-voziku-1-3-sada-nastrcnych-hlavic-vnitrni-tisicihran-pro-xzn-2-48742\/#primaryimage"},"image":{"@id":"https:\/\/www.oknobuild.com\/index.php\/produkt\/akcni-cena-bgs-vlozka-do-dilenskeho-voziku-1-3-sada-nastrcnych-hlavic-vnitrni-tisicihran-pro-xzn-2-48742\/#primaryimage"},"thumbnailUrl":"https:\/\/www.oknobuild.com\/wp-content\/uploads\/2026\/SK0016854-CZ20260425-093449-0-1777080896-bgs-vlozka-do-dilenskeho-voziku-1-3-sada-nastrcnych-hlavic-.webp","datePublished":"2026-04-27T04:42:43+00:00","breadcrumb":{"@id":"https:\/\/www.oknobuild.com\/index.php\/produkt\/akcni-cena-bgs-vlozka-do-dilenskeho-voziku-1-3-sada-nastrcnych-hlavic-vnitrni-tisicihran-pro-xzn-2-48742\/#breadcrumb"},"inLanguage":"cs","potentialAction":[{"@type":"ReadAction","target":["https:\/\/www.oknobuild.com\/index.php\/produkt\/akcni-cena-bgs-vlozka-do-dilenskeho-voziku-1-3-sada-nastrcnych-hlavic-vnitrni-tisicihran-pro-xzn-2-48742\/"]}]},{"@type":"ImageObject","inLanguage":"cs","@id":"https:\/\/www.oknobuild.com\/index.php\/produkt\/akcni-cena-bgs-vlozka-do-dilenskeho-voziku-1-3-sada-nastrcnych-hlavic-vnitrni-tisicihran-pro-xzn-2-48742\/#primaryimage","url":"https:\/\/www.oknobuild.com\/wp-content\/uploads\/2026\/SK0016854-CZ20260425-093449-0-1777080896-bgs-vlozka-do-dilenskeho-voziku-1-3-sada-nastrcnych-hlavic-.webp","contentUrl":"https:\/\/www.oknobuild.com\/wp-content\/uploads\/2026\/SK0016854-CZ20260425-093449-0-1777080896-bgs-vlozka-do-dilenskeho-voziku-1-3-sada-nastrcnych-hlavic-.webp","width":1000,"height":525},{"@type":"BreadcrumbList","@id":"https:\/\/www.oknobuild.com\/index.php\/produkt\/akcni-cena-bgs-vlozka-do-dilenskeho-voziku-1-3-sada-nastrcnych-hlavic-vnitrni-tisicihran-pro-xzn-2-48742\/#breadcrumb","itemListElement":[{"@type":"ListItem","position":1,"name":"Home","item":"https:\/\/www.oknobuild.com\/"},{"@type":"ListItem","position":2,"name":"Products","item":"https:\/\/www.oknobuild.com\/index.php\/products\/"},{"@type":"ListItem","position":3,"name":"Ak\u010dn\u00ed Cena BGS Vlo\u017eka do d\u00edlensk\u00e9ho voz\u00edku 1\/3: sada n\u00e1str\u010dn\u00fdch hlavic, vnit\u0159n\u00ed tis\u00edcihran (pro XZN), 2"}]},{"@type":"WebSite","@id":"https:\/\/www.oknobuild.com\/#website","url":"https:\/\/www.oknobuild.com\/","name":"","description":"","potentialAction":[{"@type":"SearchAction","target":{"@type":"EntryPoint","urlTemplate":"https:\/\/www.oknobuild.com\/?s={search_term_string}"},"query-input":{"@type":"PropertyValueSpecification","valueRequired":true,"valueName":"search_term_string"}}],"inLanguage":"cs"}]}},"_links":{"self":[{"href":"https:\/\/www.oknobuild.com\/index.php\/wp-json\/wp\/v2\/product\/48742","targetHints":{"allow":["GET"]}}],"collection":[{"href":"https:\/\/www.oknobuild.com\/index.php\/wp-json\/wp\/v2\/product"}],"about":[{"href":"https:\/\/www.oknobuild.com\/index.php\/wp-json\/wp\/v2\/types\/product"}],"replies":[{"embeddable":true,"href":"https:\/\/www.oknobuild.com\/index.php\/wp-json\/wp\/v2\/comments?post=48742"}],"wp:featuredmedia":[{"embeddable":true,"href":"https:\/\/www.oknobuild.com\/index.php\/wp-json\/wp\/v2\/media\/48842"}],"wp:attachment":[{"href":"https:\/\/www.oknobuild.com\/index.php\/wp-json\/wp\/v2\/media?parent=48742"}],"wp:term":[{"taxonomy":"product_brand","embeddable":true,"href":"https:\/\/www.oknobuild.com\/index.php\/wp-json\/wp\/v2\/product_brand?post=48742"},{"taxonomy":"product_cat","embeddable":true,"href":"https:\/\/www.oknobuild.com\/index.php\/wp-json\/wp\/v2\/product_cat?post=48742"},{"taxonomy":"product_tag","embeddable":true,"href":"https:\/\/www.oknobuild.com\/index.php\/wp-json\/wp\/v2\/product_tag?post=48742"}],"curies":[{"name":"wp","href":"https:\/\/api.w.org\/{rel}","templated":true}]}}