{"id":48923,"date":"2026-04-27T04:42:43","date_gmt":"2026-04-27T04:42:43","guid":{"rendered":""},"modified":"2026-04-27T04:42:43","modified_gmt":"2026-04-27T04:42:43","slug":"znackovy-sapho-iconic-podomitkova-bidetova-baterie-se-stop-sprskou-kulata-cerna-mat-af040b-48923","status":"publish","type":"product","link":"https:\/\/www.oknobuild.com\/index.php\/produkt\/znackovy-sapho-iconic-podomitkova-bidetova-baterie-se-stop-sprskou-kulata-cerna-mat-af040b-48923\/","title":{"rendered":"Zna\u010dkov\u00fd Sapho ICONIC podom\u00edtkov\u00e1 bidetov\u00e1 baterie se Stop spr\u0161kou, kulat\u00e1, \u010dern\u00e1 mat AF040B"},"content":{"rendered":"<div class=\"basic-description\">\n<h3>Detailn\u00ed popis produktu<\/h3>\n<p><\/p>\n<p style=\"text-align: justify;\">Vodovodn\u00ed baterie ICONIC v legend\u00e1rn\u00edm trubkov\u00e9m designu. \u0160t\u00edhl\u00e9 t\u011blo podtrhuje nad\u010dasovost, \u010distotu a minimalismus t\u011bchto sm\u011b\u0161ovac\u00edch bateri\u00ed.<\/p>\n<h2 class=\"props-title\">Vlastnosti<\/h2>\n<table>\n<tr>\n<th>Zna\u010dka<\/th>\n<td>SAPHO<\/td>\n<\/tr>\n<tr>\n<th>S\u00e9rie<\/th>\n<td>ICONIC<\/td>\n<\/tr>\n<tr>\n<th>3D model<\/th>\n<td>ANO<\/td>\n<\/tr>\n<tr>\n<th>V\u00fd\u0161ka<\/th>\n<td>60&nbsp;mm<\/td>\n<\/tr>\n<tr>\n<th>Hloubka<\/th>\n<td>103&nbsp;mm<\/td>\n<\/tr>\n<tr>\n<th>Barva<\/th>\n<td>\u010cern\u00e1 mat<\/td>\n<\/tr>\n<tr>\n<th>Materi\u00e1l<\/th>\n<td>Mosaz<\/td>\n<\/tr>\n<tr>\n<th>Tvar<\/th>\n<td>Kruhov\u00e9<\/td>\n<\/tr>\n<tr>\n<th>Instalace<\/th>\n<td>Podom\u00edtkov\u00e1<\/td>\n<\/tr>\n<tr>\n<th>Druh ovl\u00e1d\u00e1n\u00ed<\/th>\n<td>P\u00e1ka<\/td>\n<\/tr>\n<tr>\n<th>Pr\u016fm\u011br kartu\u0161e<\/th>\n<td>25&nbsp;mm<\/td>\n<\/tr>\n<tr>\n<th>D\u00e9lka hadice<\/th>\n<td>1200&nbsp;mm<\/td>\n<\/tr>\n<tr>\n<th>Hmotnost \/ ks<\/th>\n<td>3.2300&nbsp;kg<\/td>\n<\/tr>\n<tr>\n<th>Balen\u00ed<\/th>\n<td>1&nbsp;ks<\/td>\n<\/tr>\n<tr>\n<th>EAN<\/th>\n<td>8590913961816<\/td>\n<\/tr>\n<tr>\n<th>Taric<\/th>\n<td>84818011<\/td>\n<\/tr>\n<tr>\n<th>Z\u00e1ruka<\/th>\n<td>6 let<\/td>\n<\/tr>\n<\/table><\/div>\n","protected":false},"excerpt":{"rendered":"<p>Detailn\u00ed popis produktu Vodovodn\u00ed baterie ICONIC v legend\u00e1rn\u00edm trubkov\u00e9m designu. \u0160t\u00edhl\u00e9 t\u011blo podtrhuje nad\u010dasovost, \u010distotu a minimalismus t\u011bchto sm\u011b\u0161ovac\u00edch bateri\u00ed. Vlastnosti Zna\u010dka SAPHO S\u00e9rie ICONIC 3D model ANO V\u00fd\u0161ka 60&nbsp;mm Hloubka 103&nbsp;mm Barva \u010cern\u00e1 mat Materi\u00e1l Mosaz Tvar Kruhov\u00e9 Instalace Podom\u00edtkov\u00e1 Druh ovl\u00e1d\u00e1n\u00ed P\u00e1ka Pr\u016fm\u011br kartu\u0161e 25&nbsp;mm D\u00e9lka hadice 1200&nbsp;mm Hmotnost \/ ks 3.2300&nbsp;kg Balen\u00ed [&hellip;]<\/p>\n","protected":false},"featured_media":49023,"comment_status":"open","ping_status":"open","template":"","meta":[],"product_brand":[],"product_cat":[54],"product_tag":[],"class_list":{"0":"post-48923","1":"product","2":"type-product","3":"status-publish","4":"has-post-thumbnail","6":"product_cat-vodovodni-baterie","8":"first","9":"instock","10":"sale","11":"shipping-taxable","12":"purchasable","13":"product-type-simple"},"yoast_head":"<!-- This site is optimized with the Yoast SEO plugin v26.8 - https:\/\/yoast.com\/product\/yoast-seo-wordpress\/ -->\n<title>Zna\u010dkov\u00fd Sapho ICONIC podom\u00edtkov\u00e1 bidetov\u00e1 baterie se Stop spr\u0161kou, kulat\u00e1, \u010dern\u00e1 mat AF040B -<\/title>\n<meta name=\"robots\" content=\"index, follow, max-snippet:-1, max-image-preview:large, max-video-preview:-1\" \/>\n<link rel=\"canonical\" href=\"https:\/\/www.oknobuild.com\/index.php\/produkt\/znackovy-sapho-iconic-podomitkova-bidetova-baterie-se-stop-sprskou-kulata-cerna-mat-af040b-48923\/\" \/>\n<meta property=\"og:locale\" content=\"cs_CZ\" \/>\n<meta property=\"og:type\" content=\"article\" \/>\n<meta property=\"og:title\" content=\"Zna\u010dkov\u00fd Sapho ICONIC podom\u00edtkov\u00e1 bidetov\u00e1 baterie se Stop spr\u0161kou, kulat\u00e1, \u010dern\u00e1 mat AF040B -\" \/>\n<meta property=\"og:description\" content=\"Detailn\u00ed popis produktu Vodovodn\u00ed baterie ICONIC v legend\u00e1rn\u00edm trubkov\u00e9m designu. \u0160t\u00edhl\u00e9 t\u011blo podtrhuje nad\u010dasovost, \u010distotu a minimalismus t\u011bchto sm\u011b\u0161ovac\u00edch bateri\u00ed. Vlastnosti Zna\u010dka SAPHO S\u00e9rie ICONIC 3D model ANO V\u00fd\u0161ka 60&nbsp;mm Hloubka 103&nbsp;mm Barva \u010cern\u00e1 mat Materi\u00e1l Mosaz Tvar Kruhov\u00e9 Instalace Podom\u00edtkov\u00e1 Druh ovl\u00e1d\u00e1n\u00ed P\u00e1ka Pr\u016fm\u011br kartu\u0161e 25&nbsp;mm D\u00e9lka hadice 1200&nbsp;mm Hmotnost \/ ks 3.2300&nbsp;kg Balen\u00ed [&hellip;]\" \/>\n<meta property=\"og:url\" content=\"https:\/\/www.oknobuild.com\/index.php\/produkt\/znackovy-sapho-iconic-podomitkova-bidetova-baterie-se-stop-sprskou-kulata-cerna-mat-af040b-48923\/\" \/>\n<meta property=\"og:image\" content=\"https:\/\/www.oknobuild.com\/wp-content\/uploads\/2026\/SK0016372-CZ20260425-093631-0-1777080994-313386-2_af040b-240754391809257.webp\" \/>\n\t<meta property=\"og:image:width\" content=\"1000\" \/>\n\t<meta property=\"og:image:height\" content=\"750\" \/>\n\t<meta property=\"og:image:type\" content=\"image\/webp\" \/>\n<meta name=\"twitter:card\" content=\"summary_large_image\" \/>\n<script type=\"application\/ld+json\" class=\"yoast-schema-graph\">{\"@context\":\"https:\/\/schema.org\",\"@graph\":[{\"@type\":\"WebPage\",\"@id\":\"https:\/\/www.oknobuild.com\/index.php\/produkt\/znackovy-sapho-iconic-podomitkova-bidetova-baterie-se-stop-sprskou-kulata-cerna-mat-af040b-48923\/\",\"url\":\"https:\/\/www.oknobuild.com\/index.php\/produkt\/znackovy-sapho-iconic-podomitkova-bidetova-baterie-se-stop-sprskou-kulata-cerna-mat-af040b-48923\/\",\"name\":\"Zna\u010dkov\u00fd Sapho ICONIC podom\u00edtkov\u00e1 bidetov\u00e1 baterie se Stop spr\u0161kou, kulat\u00e1, \u010dern\u00e1 mat AF040B -\",\"isPartOf\":{\"@id\":\"https:\/\/www.oknobuild.com\/#website\"},\"primaryImageOfPage\":{\"@id\":\"https:\/\/www.oknobuild.com\/index.php\/produkt\/znackovy-sapho-iconic-podomitkova-bidetova-baterie-se-stop-sprskou-kulata-cerna-mat-af040b-48923\/#primaryimage\"},\"image\":{\"@id\":\"https:\/\/www.oknobuild.com\/index.php\/produkt\/znackovy-sapho-iconic-podomitkova-bidetova-baterie-se-stop-sprskou-kulata-cerna-mat-af040b-48923\/#primaryimage\"},\"thumbnailUrl\":\"https:\/\/www.oknobuild.com\/wp-content\/uploads\/2026\/SK0016372-CZ20260425-093631-0-1777080994-313386-2_af040b-240754391809257.webp\",\"datePublished\":\"2026-04-27T04:42:43+00:00\",\"breadcrumb\":{\"@id\":\"https:\/\/www.oknobuild.com\/index.php\/produkt\/znackovy-sapho-iconic-podomitkova-bidetova-baterie-se-stop-sprskou-kulata-cerna-mat-af040b-48923\/#breadcrumb\"},\"inLanguage\":\"cs\",\"potentialAction\":[{\"@type\":\"ReadAction\",\"target\":[\"https:\/\/www.oknobuild.com\/index.php\/produkt\/znackovy-sapho-iconic-podomitkova-bidetova-baterie-se-stop-sprskou-kulata-cerna-mat-af040b-48923\/\"]}]},{\"@type\":\"ImageObject\",\"inLanguage\":\"cs\",\"@id\":\"https:\/\/www.oknobuild.com\/index.php\/produkt\/znackovy-sapho-iconic-podomitkova-bidetova-baterie-se-stop-sprskou-kulata-cerna-mat-af040b-48923\/#primaryimage\",\"url\":\"https:\/\/www.oknobuild.com\/wp-content\/uploads\/2026\/SK0016372-CZ20260425-093631-0-1777080994-313386-2_af040b-240754391809257.webp\",\"contentUrl\":\"https:\/\/www.oknobuild.com\/wp-content\/uploads\/2026\/SK0016372-CZ20260425-093631-0-1777080994-313386-2_af040b-240754391809257.webp\",\"width\":1000,\"height\":750},{\"@type\":\"BreadcrumbList\",\"@id\":\"https:\/\/www.oknobuild.com\/index.php\/produkt\/znackovy-sapho-iconic-podomitkova-bidetova-baterie-se-stop-sprskou-kulata-cerna-mat-af040b-48923\/#breadcrumb\",\"itemListElement\":[{\"@type\":\"ListItem\",\"position\":1,\"name\":\"Home\",\"item\":\"https:\/\/www.oknobuild.com\/\"},{\"@type\":\"ListItem\",\"position\":2,\"name\":\"Products\",\"item\":\"https:\/\/www.oknobuild.com\/index.php\/products\/\"},{\"@type\":\"ListItem\",\"position\":3,\"name\":\"Zna\u010dkov\u00fd Sapho ICONIC podom\u00edtkov\u00e1 bidetov\u00e1 baterie se Stop spr\u0161kou, kulat\u00e1, \u010dern\u00e1 mat AF040B\"}]},{\"@type\":\"WebSite\",\"@id\":\"https:\/\/www.oknobuild.com\/#website\",\"url\":\"https:\/\/www.oknobuild.com\/\",\"name\":\"\",\"description\":\"\",\"potentialAction\":[{\"@type\":\"SearchAction\",\"target\":{\"@type\":\"EntryPoint\",\"urlTemplate\":\"https:\/\/www.oknobuild.com\/?s={search_term_string}\"},\"query-input\":{\"@type\":\"PropertyValueSpecification\",\"valueRequired\":true,\"valueName\":\"search_term_string\"}}],\"inLanguage\":\"cs\"}]}<\/script>\n<!-- \/ Yoast SEO plugin. -->","yoast_head_json":{"title":"Zna\u010dkov\u00fd Sapho ICONIC podom\u00edtkov\u00e1 bidetov\u00e1 baterie se Stop spr\u0161kou, kulat\u00e1, \u010dern\u00e1 mat AF040B -","robots":{"index":"index","follow":"follow","max-snippet":"max-snippet:-1","max-image-preview":"max-image-preview:large","max-video-preview":"max-video-preview:-1"},"canonical":"https:\/\/www.oknobuild.com\/index.php\/produkt\/znackovy-sapho-iconic-podomitkova-bidetova-baterie-se-stop-sprskou-kulata-cerna-mat-af040b-48923\/","og_locale":"cs_CZ","og_type":"article","og_title":"Zna\u010dkov\u00fd Sapho ICONIC podom\u00edtkov\u00e1 bidetov\u00e1 baterie se Stop spr\u0161kou, kulat\u00e1, \u010dern\u00e1 mat AF040B -","og_description":"Detailn\u00ed popis produktu Vodovodn\u00ed baterie ICONIC v legend\u00e1rn\u00edm trubkov\u00e9m designu. \u0160t\u00edhl\u00e9 t\u011blo podtrhuje nad\u010dasovost, \u010distotu a minimalismus t\u011bchto sm\u011b\u0161ovac\u00edch bateri\u00ed. Vlastnosti Zna\u010dka SAPHO S\u00e9rie ICONIC 3D model ANO V\u00fd\u0161ka 60&nbsp;mm Hloubka 103&nbsp;mm Barva \u010cern\u00e1 mat Materi\u00e1l Mosaz Tvar Kruhov\u00e9 Instalace Podom\u00edtkov\u00e1 Druh ovl\u00e1d\u00e1n\u00ed P\u00e1ka Pr\u016fm\u011br kartu\u0161e 25&nbsp;mm D\u00e9lka hadice 1200&nbsp;mm Hmotnost \/ ks 3.2300&nbsp;kg Balen\u00ed [&hellip;]","og_url":"https:\/\/www.oknobuild.com\/index.php\/produkt\/znackovy-sapho-iconic-podomitkova-bidetova-baterie-se-stop-sprskou-kulata-cerna-mat-af040b-48923\/","og_image":[{"width":1000,"height":750,"url":"https:\/\/www.oknobuild.com\/wp-content\/uploads\/2026\/SK0016372-CZ20260425-093631-0-1777080994-313386-2_af040b-240754391809257.webp","type":"image\/webp"}],"twitter_card":"summary_large_image","schema":{"@context":"https:\/\/schema.org","@graph":[{"@type":"WebPage","@id":"https:\/\/www.oknobuild.com\/index.php\/produkt\/znackovy-sapho-iconic-podomitkova-bidetova-baterie-se-stop-sprskou-kulata-cerna-mat-af040b-48923\/","url":"https:\/\/www.oknobuild.com\/index.php\/produkt\/znackovy-sapho-iconic-podomitkova-bidetova-baterie-se-stop-sprskou-kulata-cerna-mat-af040b-48923\/","name":"Zna\u010dkov\u00fd Sapho ICONIC podom\u00edtkov\u00e1 bidetov\u00e1 baterie se Stop spr\u0161kou, kulat\u00e1, \u010dern\u00e1 mat AF040B -","isPartOf":{"@id":"https:\/\/www.oknobuild.com\/#website"},"primaryImageOfPage":{"@id":"https:\/\/www.oknobuild.com\/index.php\/produkt\/znackovy-sapho-iconic-podomitkova-bidetova-baterie-se-stop-sprskou-kulata-cerna-mat-af040b-48923\/#primaryimage"},"image":{"@id":"https:\/\/www.oknobuild.com\/index.php\/produkt\/znackovy-sapho-iconic-podomitkova-bidetova-baterie-se-stop-sprskou-kulata-cerna-mat-af040b-48923\/#primaryimage"},"thumbnailUrl":"https:\/\/www.oknobuild.com\/wp-content\/uploads\/2026\/SK0016372-CZ20260425-093631-0-1777080994-313386-2_af040b-240754391809257.webp","datePublished":"2026-04-27T04:42:43+00:00","breadcrumb":{"@id":"https:\/\/www.oknobuild.com\/index.php\/produkt\/znackovy-sapho-iconic-podomitkova-bidetova-baterie-se-stop-sprskou-kulata-cerna-mat-af040b-48923\/#breadcrumb"},"inLanguage":"cs","potentialAction":[{"@type":"ReadAction","target":["https:\/\/www.oknobuild.com\/index.php\/produkt\/znackovy-sapho-iconic-podomitkova-bidetova-baterie-se-stop-sprskou-kulata-cerna-mat-af040b-48923\/"]}]},{"@type":"ImageObject","inLanguage":"cs","@id":"https:\/\/www.oknobuild.com\/index.php\/produkt\/znackovy-sapho-iconic-podomitkova-bidetova-baterie-se-stop-sprskou-kulata-cerna-mat-af040b-48923\/#primaryimage","url":"https:\/\/www.oknobuild.com\/wp-content\/uploads\/2026\/SK0016372-CZ20260425-093631-0-1777080994-313386-2_af040b-240754391809257.webp","contentUrl":"https:\/\/www.oknobuild.com\/wp-content\/uploads\/2026\/SK0016372-CZ20260425-093631-0-1777080994-313386-2_af040b-240754391809257.webp","width":1000,"height":750},{"@type":"BreadcrumbList","@id":"https:\/\/www.oknobuild.com\/index.php\/produkt\/znackovy-sapho-iconic-podomitkova-bidetova-baterie-se-stop-sprskou-kulata-cerna-mat-af040b-48923\/#breadcrumb","itemListElement":[{"@type":"ListItem","position":1,"name":"Home","item":"https:\/\/www.oknobuild.com\/"},{"@type":"ListItem","position":2,"name":"Products","item":"https:\/\/www.oknobuild.com\/index.php\/products\/"},{"@type":"ListItem","position":3,"name":"Zna\u010dkov\u00fd Sapho ICONIC podom\u00edtkov\u00e1 bidetov\u00e1 baterie se Stop spr\u0161kou, kulat\u00e1, \u010dern\u00e1 mat AF040B"}]},{"@type":"WebSite","@id":"https:\/\/www.oknobuild.com\/#website","url":"https:\/\/www.oknobuild.com\/","name":"","description":"","potentialAction":[{"@type":"SearchAction","target":{"@type":"EntryPoint","urlTemplate":"https:\/\/www.oknobuild.com\/?s={search_term_string}"},"query-input":{"@type":"PropertyValueSpecification","valueRequired":true,"valueName":"search_term_string"}}],"inLanguage":"cs"}]}},"_links":{"self":[{"href":"https:\/\/www.oknobuild.com\/index.php\/wp-json\/wp\/v2\/product\/48923","targetHints":{"allow":["GET"]}}],"collection":[{"href":"https:\/\/www.oknobuild.com\/index.php\/wp-json\/wp\/v2\/product"}],"about":[{"href":"https:\/\/www.oknobuild.com\/index.php\/wp-json\/wp\/v2\/types\/product"}],"replies":[{"embeddable":true,"href":"https:\/\/www.oknobuild.com\/index.php\/wp-json\/wp\/v2\/comments?post=48923"}],"wp:featuredmedia":[{"embeddable":true,"href":"https:\/\/www.oknobuild.com\/index.php\/wp-json\/wp\/v2\/media\/49023"}],"wp:attachment":[{"href":"https:\/\/www.oknobuild.com\/index.php\/wp-json\/wp\/v2\/media?parent=48923"}],"wp:term":[{"taxonomy":"product_brand","embeddable":true,"href":"https:\/\/www.oknobuild.com\/index.php\/wp-json\/wp\/v2\/product_brand?post=48923"},{"taxonomy":"product_cat","embeddable":true,"href":"https:\/\/www.oknobuild.com\/index.php\/wp-json\/wp\/v2\/product_cat?post=48923"},{"taxonomy":"product_tag","embeddable":true,"href":"https:\/\/www.oknobuild.com\/index.php\/wp-json\/wp\/v2\/product_tag?post=48923"}],"curies":[{"name":"wp","href":"https:\/\/api.w.org\/{rel}","templated":true}]}}