{"id":48926,"date":"2026-04-27T04:42:43","date_gmt":"2026-04-27T04:42:43","guid":{"rendered":""},"modified":"2026-04-27T04:42:43","modified_gmt":"2026-04-27T04:42:43","slug":"zlevneny-sapho-iconic-podomitkova-sprchova-baterie-2-vystupy-cerna-mat-af042b-48926","status":"publish","type":"product","link":"https:\/\/www.oknobuild.com\/index.php\/produkt\/zlevneny-sapho-iconic-podomitkova-sprchova-baterie-2-vystupy-cerna-mat-af042b-48926\/","title":{"rendered":"Zlevn\u011bn\u00fd Sapho ICONIC podom\u00edtkov\u00e1 sprchov\u00e1 baterie, 2 v\u00fdstupy, \u010dern\u00e1 mat AF042B"},"content":{"rendered":"<div class=\"basic-description\">\n<h3>Detailn\u00ed popis produktu<\/h3>\n<p><\/p>\n<p style=\"text-align: justify;\">Vodovodn\u00ed baterie ICONIC v legend\u00e1rn\u00edm trubkov\u00e9m designu. \u0160t\u00edhl\u00e9 t\u011blo podtrhuje nad\u010dasovost, \u010distotu a minimalismus t\u011bchto sm\u011b\u0161ovac\u00edch bateri\u00ed.<\/p>\n<h2 class=\"props-title\">Vlastnosti<\/h2>\n<table>\n<tr>\n<th>Zna\u010dka<\/th>\n<td>SAPHO<\/td>\n<\/tr>\n<tr>\n<th>S\u00e9rie<\/th>\n<td>ICONIC<\/td>\n<\/tr>\n<tr>\n<th>3D model<\/th>\n<td>ANO<\/td>\n<\/tr>\n<tr>\n<th>\u0160\u00ed\u0159ka<\/th>\n<td>150&nbsp;mm<\/td>\n<\/tr>\n<tr>\n<th>V\u00fd\u0161ka<\/th>\n<td>150&nbsp;mm<\/td>\n<\/tr>\n<tr>\n<th>Barva<\/th>\n<td>\u010cern\u00e1 mat<\/td>\n<\/tr>\n<tr>\n<th>Materi\u00e1l<\/th>\n<td>Mosaz<\/td>\n<\/tr>\n<tr>\n<th>Tvar<\/th>\n<td>Kruhov\u00e9<\/td>\n<\/tr>\n<tr>\n<th>Instalace<\/th>\n<td>Podom\u00edtkov\u00e1<\/td>\n<\/tr>\n<tr>\n<th>Druh ovl\u00e1d\u00e1n\u00ed<\/th>\n<td>P\u00e1ka<\/td>\n<\/tr>\n<tr>\n<th>P\u0159ep\u00edna\u010d na sprchu<\/th>\n<td>Oto\u010dn\u00fd<\/td>\n<\/tr>\n<tr>\n<th>Pr\u016fm\u011br kartu\u0161e<\/th>\n<td>35&nbsp;mm<\/td>\n<\/tr>\n<tr>\n<th>Ostatn\u00ed<\/th>\n<td>2 v\u00fdstupy<\/td>\n<\/tr>\n<tr>\n<th>Hmotnost \/ ks<\/th>\n<td>2.0000&nbsp;kg<\/td>\n<\/tr>\n<tr>\n<th>Balen\u00ed<\/th>\n<td>1&nbsp;ks<\/td>\n<\/tr>\n<tr>\n<th>EAN<\/th>\n<td>8590913961847<\/td>\n<\/tr>\n<tr>\n<th>Taric<\/th>\n<td>84818011<\/td>\n<\/tr>\n<tr>\n<th>Z\u00e1ruka<\/th>\n<td>6 let<\/td>\n<\/tr>\n<\/table><\/div>\n","protected":false},"excerpt":{"rendered":"<p>Detailn\u00ed popis produktu Vodovodn\u00ed baterie ICONIC v legend\u00e1rn\u00edm trubkov\u00e9m designu. \u0160t\u00edhl\u00e9 t\u011blo podtrhuje nad\u010dasovost, \u010distotu a minimalismus t\u011bchto sm\u011b\u0161ovac\u00edch bateri\u00ed. Vlastnosti Zna\u010dka SAPHO S\u00e9rie ICONIC 3D model ANO \u0160\u00ed\u0159ka 150&nbsp;mm V\u00fd\u0161ka 150&nbsp;mm Barva \u010cern\u00e1 mat Materi\u00e1l Mosaz Tvar Kruhov\u00e9 Instalace Podom\u00edtkov\u00e1 Druh ovl\u00e1d\u00e1n\u00ed P\u00e1ka P\u0159ep\u00edna\u010d na sprchu Oto\u010dn\u00fd Pr\u016fm\u011br kartu\u0161e 35&nbsp;mm Ostatn\u00ed 2 v\u00fdstupy Hmotnost [&hellip;]<\/p>\n","protected":false},"featured_media":49026,"comment_status":"open","ping_status":"open","template":"","meta":[],"product_brand":[],"product_cat":[54],"product_tag":[],"class_list":{"0":"post-48926","1":"product","2":"type-product","3":"status-publish","4":"has-post-thumbnail","6":"product_cat-vodovodni-baterie","8":"first","9":"instock","10":"sale","11":"shipping-taxable","12":"purchasable","13":"product-type-simple"},"yoast_head":"<!-- This site is optimized with the Yoast SEO plugin v26.8 - https:\/\/yoast.com\/product\/yoast-seo-wordpress\/ -->\n<title>Zlevn\u011bn\u00fd Sapho ICONIC podom\u00edtkov\u00e1 sprchov\u00e1 baterie, 2 v\u00fdstupy, \u010dern\u00e1 mat AF042B -<\/title>\n<meta name=\"robots\" content=\"index, follow, max-snippet:-1, max-image-preview:large, max-video-preview:-1\" \/>\n<link rel=\"canonical\" href=\"https:\/\/www.oknobuild.com\/index.php\/produkt\/zlevneny-sapho-iconic-podomitkova-sprchova-baterie-2-vystupy-cerna-mat-af042b-48926\/\" \/>\n<meta property=\"og:locale\" content=\"cs_CZ\" \/>\n<meta property=\"og:type\" content=\"article\" \/>\n<meta property=\"og:title\" content=\"Zlevn\u011bn\u00fd Sapho ICONIC podom\u00edtkov\u00e1 sprchov\u00e1 baterie, 2 v\u00fdstupy, \u010dern\u00e1 mat AF042B -\" \/>\n<meta property=\"og:description\" content=\"Detailn\u00ed popis produktu Vodovodn\u00ed baterie ICONIC v legend\u00e1rn\u00edm trubkov\u00e9m designu. \u0160t\u00edhl\u00e9 t\u011blo podtrhuje nad\u010dasovost, \u010distotu a minimalismus t\u011bchto sm\u011b\u0161ovac\u00edch bateri\u00ed. Vlastnosti Zna\u010dka SAPHO S\u00e9rie ICONIC 3D model ANO \u0160\u00ed\u0159ka 150&nbsp;mm V\u00fd\u0161ka 150&nbsp;mm Barva \u010cern\u00e1 mat Materi\u00e1l Mosaz Tvar Kruhov\u00e9 Instalace Podom\u00edtkov\u00e1 Druh ovl\u00e1d\u00e1n\u00ed P\u00e1ka P\u0159ep\u00edna\u010d na sprchu Oto\u010dn\u00fd Pr\u016fm\u011br kartu\u0161e 35&nbsp;mm Ostatn\u00ed 2 v\u00fdstupy Hmotnost [&hellip;]\" \/>\n<meta property=\"og:url\" content=\"https:\/\/www.oknobuild.com\/index.php\/produkt\/zlevneny-sapho-iconic-podomitkova-sprchova-baterie-2-vystupy-cerna-mat-af042b-48926\/\" \/>\n<meta property=\"og:image\" content=\"https:\/\/www.oknobuild.com\/wp-content\/uploads\/2026\/SK0016375-CZ20260425-093631-0-1777080994-313395_af042b-275805619879990.webp\" \/>\n\t<meta property=\"og:image:width\" content=\"1000\" \/>\n\t<meta property=\"og:image:height\" content=\"750\" \/>\n\t<meta property=\"og:image:type\" content=\"image\/webp\" \/>\n<meta name=\"twitter:card\" content=\"summary_large_image\" \/>\n<script type=\"application\/ld+json\" class=\"yoast-schema-graph\">{\"@context\":\"https:\/\/schema.org\",\"@graph\":[{\"@type\":\"WebPage\",\"@id\":\"https:\/\/www.oknobuild.com\/index.php\/produkt\/zlevneny-sapho-iconic-podomitkova-sprchova-baterie-2-vystupy-cerna-mat-af042b-48926\/\",\"url\":\"https:\/\/www.oknobuild.com\/index.php\/produkt\/zlevneny-sapho-iconic-podomitkova-sprchova-baterie-2-vystupy-cerna-mat-af042b-48926\/\",\"name\":\"Zlevn\u011bn\u00fd Sapho ICONIC podom\u00edtkov\u00e1 sprchov\u00e1 baterie, 2 v\u00fdstupy, \u010dern\u00e1 mat AF042B -\",\"isPartOf\":{\"@id\":\"https:\/\/www.oknobuild.com\/#website\"},\"primaryImageOfPage\":{\"@id\":\"https:\/\/www.oknobuild.com\/index.php\/produkt\/zlevneny-sapho-iconic-podomitkova-sprchova-baterie-2-vystupy-cerna-mat-af042b-48926\/#primaryimage\"},\"image\":{\"@id\":\"https:\/\/www.oknobuild.com\/index.php\/produkt\/zlevneny-sapho-iconic-podomitkova-sprchova-baterie-2-vystupy-cerna-mat-af042b-48926\/#primaryimage\"},\"thumbnailUrl\":\"https:\/\/www.oknobuild.com\/wp-content\/uploads\/2026\/SK0016375-CZ20260425-093631-0-1777080994-313395_af042b-275805619879990.webp\",\"datePublished\":\"2026-04-27T04:42:43+00:00\",\"breadcrumb\":{\"@id\":\"https:\/\/www.oknobuild.com\/index.php\/produkt\/zlevneny-sapho-iconic-podomitkova-sprchova-baterie-2-vystupy-cerna-mat-af042b-48926\/#breadcrumb\"},\"inLanguage\":\"cs\",\"potentialAction\":[{\"@type\":\"ReadAction\",\"target\":[\"https:\/\/www.oknobuild.com\/index.php\/produkt\/zlevneny-sapho-iconic-podomitkova-sprchova-baterie-2-vystupy-cerna-mat-af042b-48926\/\"]}]},{\"@type\":\"ImageObject\",\"inLanguage\":\"cs\",\"@id\":\"https:\/\/www.oknobuild.com\/index.php\/produkt\/zlevneny-sapho-iconic-podomitkova-sprchova-baterie-2-vystupy-cerna-mat-af042b-48926\/#primaryimage\",\"url\":\"https:\/\/www.oknobuild.com\/wp-content\/uploads\/2026\/SK0016375-CZ20260425-093631-0-1777080994-313395_af042b-275805619879990.webp\",\"contentUrl\":\"https:\/\/www.oknobuild.com\/wp-content\/uploads\/2026\/SK0016375-CZ20260425-093631-0-1777080994-313395_af042b-275805619879990.webp\",\"width\":1000,\"height\":750},{\"@type\":\"BreadcrumbList\",\"@id\":\"https:\/\/www.oknobuild.com\/index.php\/produkt\/zlevneny-sapho-iconic-podomitkova-sprchova-baterie-2-vystupy-cerna-mat-af042b-48926\/#breadcrumb\",\"itemListElement\":[{\"@type\":\"ListItem\",\"position\":1,\"name\":\"Home\",\"item\":\"https:\/\/www.oknobuild.com\/\"},{\"@type\":\"ListItem\",\"position\":2,\"name\":\"Products\",\"item\":\"https:\/\/www.oknobuild.com\/index.php\/products\/\"},{\"@type\":\"ListItem\",\"position\":3,\"name\":\"Zlevn\u011bn\u00fd Sapho ICONIC podom\u00edtkov\u00e1 sprchov\u00e1 baterie, 2 v\u00fdstupy, \u010dern\u00e1 mat AF042B\"}]},{\"@type\":\"WebSite\",\"@id\":\"https:\/\/www.oknobuild.com\/#website\",\"url\":\"https:\/\/www.oknobuild.com\/\",\"name\":\"\",\"description\":\"\",\"potentialAction\":[{\"@type\":\"SearchAction\",\"target\":{\"@type\":\"EntryPoint\",\"urlTemplate\":\"https:\/\/www.oknobuild.com\/?s={search_term_string}\"},\"query-input\":{\"@type\":\"PropertyValueSpecification\",\"valueRequired\":true,\"valueName\":\"search_term_string\"}}],\"inLanguage\":\"cs\"}]}<\/script>\n<!-- \/ Yoast SEO plugin. -->","yoast_head_json":{"title":"Zlevn\u011bn\u00fd Sapho ICONIC podom\u00edtkov\u00e1 sprchov\u00e1 baterie, 2 v\u00fdstupy, \u010dern\u00e1 mat AF042B -","robots":{"index":"index","follow":"follow","max-snippet":"max-snippet:-1","max-image-preview":"max-image-preview:large","max-video-preview":"max-video-preview:-1"},"canonical":"https:\/\/www.oknobuild.com\/index.php\/produkt\/zlevneny-sapho-iconic-podomitkova-sprchova-baterie-2-vystupy-cerna-mat-af042b-48926\/","og_locale":"cs_CZ","og_type":"article","og_title":"Zlevn\u011bn\u00fd Sapho ICONIC podom\u00edtkov\u00e1 sprchov\u00e1 baterie, 2 v\u00fdstupy, \u010dern\u00e1 mat AF042B -","og_description":"Detailn\u00ed popis produktu Vodovodn\u00ed baterie ICONIC v legend\u00e1rn\u00edm trubkov\u00e9m designu. \u0160t\u00edhl\u00e9 t\u011blo podtrhuje nad\u010dasovost, \u010distotu a minimalismus t\u011bchto sm\u011b\u0161ovac\u00edch bateri\u00ed. Vlastnosti Zna\u010dka SAPHO S\u00e9rie ICONIC 3D model ANO \u0160\u00ed\u0159ka 150&nbsp;mm V\u00fd\u0161ka 150&nbsp;mm Barva \u010cern\u00e1 mat Materi\u00e1l Mosaz Tvar Kruhov\u00e9 Instalace Podom\u00edtkov\u00e1 Druh ovl\u00e1d\u00e1n\u00ed P\u00e1ka P\u0159ep\u00edna\u010d na sprchu Oto\u010dn\u00fd Pr\u016fm\u011br kartu\u0161e 35&nbsp;mm Ostatn\u00ed 2 v\u00fdstupy Hmotnost [&hellip;]","og_url":"https:\/\/www.oknobuild.com\/index.php\/produkt\/zlevneny-sapho-iconic-podomitkova-sprchova-baterie-2-vystupy-cerna-mat-af042b-48926\/","og_image":[{"width":1000,"height":750,"url":"https:\/\/www.oknobuild.com\/wp-content\/uploads\/2026\/SK0016375-CZ20260425-093631-0-1777080994-313395_af042b-275805619879990.webp","type":"image\/webp"}],"twitter_card":"summary_large_image","schema":{"@context":"https:\/\/schema.org","@graph":[{"@type":"WebPage","@id":"https:\/\/www.oknobuild.com\/index.php\/produkt\/zlevneny-sapho-iconic-podomitkova-sprchova-baterie-2-vystupy-cerna-mat-af042b-48926\/","url":"https:\/\/www.oknobuild.com\/index.php\/produkt\/zlevneny-sapho-iconic-podomitkova-sprchova-baterie-2-vystupy-cerna-mat-af042b-48926\/","name":"Zlevn\u011bn\u00fd Sapho ICONIC podom\u00edtkov\u00e1 sprchov\u00e1 baterie, 2 v\u00fdstupy, \u010dern\u00e1 mat AF042B -","isPartOf":{"@id":"https:\/\/www.oknobuild.com\/#website"},"primaryImageOfPage":{"@id":"https:\/\/www.oknobuild.com\/index.php\/produkt\/zlevneny-sapho-iconic-podomitkova-sprchova-baterie-2-vystupy-cerna-mat-af042b-48926\/#primaryimage"},"image":{"@id":"https:\/\/www.oknobuild.com\/index.php\/produkt\/zlevneny-sapho-iconic-podomitkova-sprchova-baterie-2-vystupy-cerna-mat-af042b-48926\/#primaryimage"},"thumbnailUrl":"https:\/\/www.oknobuild.com\/wp-content\/uploads\/2026\/SK0016375-CZ20260425-093631-0-1777080994-313395_af042b-275805619879990.webp","datePublished":"2026-04-27T04:42:43+00:00","breadcrumb":{"@id":"https:\/\/www.oknobuild.com\/index.php\/produkt\/zlevneny-sapho-iconic-podomitkova-sprchova-baterie-2-vystupy-cerna-mat-af042b-48926\/#breadcrumb"},"inLanguage":"cs","potentialAction":[{"@type":"ReadAction","target":["https:\/\/www.oknobuild.com\/index.php\/produkt\/zlevneny-sapho-iconic-podomitkova-sprchova-baterie-2-vystupy-cerna-mat-af042b-48926\/"]}]},{"@type":"ImageObject","inLanguage":"cs","@id":"https:\/\/www.oknobuild.com\/index.php\/produkt\/zlevneny-sapho-iconic-podomitkova-sprchova-baterie-2-vystupy-cerna-mat-af042b-48926\/#primaryimage","url":"https:\/\/www.oknobuild.com\/wp-content\/uploads\/2026\/SK0016375-CZ20260425-093631-0-1777080994-313395_af042b-275805619879990.webp","contentUrl":"https:\/\/www.oknobuild.com\/wp-content\/uploads\/2026\/SK0016375-CZ20260425-093631-0-1777080994-313395_af042b-275805619879990.webp","width":1000,"height":750},{"@type":"BreadcrumbList","@id":"https:\/\/www.oknobuild.com\/index.php\/produkt\/zlevneny-sapho-iconic-podomitkova-sprchova-baterie-2-vystupy-cerna-mat-af042b-48926\/#breadcrumb","itemListElement":[{"@type":"ListItem","position":1,"name":"Home","item":"https:\/\/www.oknobuild.com\/"},{"@type":"ListItem","position":2,"name":"Products","item":"https:\/\/www.oknobuild.com\/index.php\/products\/"},{"@type":"ListItem","position":3,"name":"Zlevn\u011bn\u00fd Sapho ICONIC podom\u00edtkov\u00e1 sprchov\u00e1 baterie, 2 v\u00fdstupy, \u010dern\u00e1 mat AF042B"}]},{"@type":"WebSite","@id":"https:\/\/www.oknobuild.com\/#website","url":"https:\/\/www.oknobuild.com\/","name":"","description":"","potentialAction":[{"@type":"SearchAction","target":{"@type":"EntryPoint","urlTemplate":"https:\/\/www.oknobuild.com\/?s={search_term_string}"},"query-input":{"@type":"PropertyValueSpecification","valueRequired":true,"valueName":"search_term_string"}}],"inLanguage":"cs"}]}},"_links":{"self":[{"href":"https:\/\/www.oknobuild.com\/index.php\/wp-json\/wp\/v2\/product\/48926","targetHints":{"allow":["GET"]}}],"collection":[{"href":"https:\/\/www.oknobuild.com\/index.php\/wp-json\/wp\/v2\/product"}],"about":[{"href":"https:\/\/www.oknobuild.com\/index.php\/wp-json\/wp\/v2\/types\/product"}],"replies":[{"embeddable":true,"href":"https:\/\/www.oknobuild.com\/index.php\/wp-json\/wp\/v2\/comments?post=48926"}],"wp:featuredmedia":[{"embeddable":true,"href":"https:\/\/www.oknobuild.com\/index.php\/wp-json\/wp\/v2\/media\/49026"}],"wp:attachment":[{"href":"https:\/\/www.oknobuild.com\/index.php\/wp-json\/wp\/v2\/media?parent=48926"}],"wp:term":[{"taxonomy":"product_brand","embeddable":true,"href":"https:\/\/www.oknobuild.com\/index.php\/wp-json\/wp\/v2\/product_brand?post=48926"},{"taxonomy":"product_cat","embeddable":true,"href":"https:\/\/www.oknobuild.com\/index.php\/wp-json\/wp\/v2\/product_cat?post=48926"},{"taxonomy":"product_tag","embeddable":true,"href":"https:\/\/www.oknobuild.com\/index.php\/wp-json\/wp\/v2\/product_tag?post=48926"}],"curies":[{"name":"wp","href":"https:\/\/api.w.org\/{rel}","templated":true}]}}