{"id":48928,"date":"2026-04-27T04:42:43","date_gmt":"2026-04-27T04:42:43","guid":{"rendered":""},"modified":"2026-04-27T04:42:43","modified_gmt":"2026-04-27T04:42:43","slug":"sapho-iconic-sprchovy-sloup-s-pakovou-baterii-chrom-af139-levny-48928","status":"publish","type":"product","link":"https:\/\/www.oknobuild.com\/index.php\/produkt\/sapho-iconic-sprchovy-sloup-s-pakovou-baterii-chrom-af139-levny-48928\/","title":{"rendered":"Sapho ICONIC sprchov\u00fd sloup s p\u00e1kovou bateri\u00ed, chrom AF139 Levn\u00fd"},"content":{"rendered":"<div class=\"basic-description\">\n<h3>Detailn\u00ed popis produktu<\/h3>\n<p><\/p>\n<p style=\"text-align: justify;\">Vodovodn\u00ed baterie ICONIC v legend\u00e1rn\u00edm trubkov\u00e9m designu. \u0160t\u00edhl\u00e9 t\u011blo podtrhuje nad\u010dasovost, \u010distotu a minimalismus t\u011bchto sm\u011b\u0161ovac\u00edch bateri\u00ed.<\/p>\n<h2 class=\"props-title\">Vlastnosti<\/h2>\n<table>\n<tr>\n<th>Zna\u010dka<\/th>\n<td>SAPHO<\/td>\n<\/tr>\n<tr>\n<th>S\u00e9rie<\/th>\n<td>ICONIC<\/td>\n<\/tr>\n<tr>\n<th>3D model<\/th>\n<td>ANO<\/td>\n<\/tr>\n<tr>\n<th>\u0160\u00ed\u0159ka<\/th>\n<td>313&nbsp;mm<\/td>\n<\/tr>\n<tr>\n<th>V\u00fd\u0161ka<\/th>\n<td>1181&nbsp;mm<\/td>\n<\/tr>\n<tr>\n<th>Barva<\/th>\n<td>Chrom<\/td>\n<\/tr>\n<tr>\n<th>Materi\u00e1l<\/th>\n<td>Mosaz<\/td>\n<\/tr>\n<tr>\n<th>Tvar<\/th>\n<td>Kruhov\u00e9<\/td>\n<\/tr>\n<tr>\n<th>Instalace<\/th>\n<td>N\u00e1st\u011bnn\u00e1 150 mm<\/td>\n<\/tr>\n<tr>\n<th>Druh ovl\u00e1d\u00e1n\u00ed<\/th>\n<td>P\u00e1ka<\/td>\n<\/tr>\n<tr>\n<th>D\u00e9lka hadice<\/th>\n<td>1500&nbsp;mm<\/td>\n<\/tr>\n<tr>\n<th>Sprchov\u00e9 sloupy<\/th>\n<td>S bateri\u00ed<\/td>\n<\/tr>\n<tr>\n<th>Funkce sprchy<\/th>\n<td>D\u00e9\u0161\u0165, Mlha, D\u00e9\u0161\u0165\/Mlha<\/td>\n<\/tr>\n<tr>\n<th>Rozm\u011br pr\u016f\u0159ezu ty\u010de<\/th>\n<td>Pr\u016fm\u011br 23 mm<\/td>\n<\/tr>\n<tr>\n<th>Ostatn\u00ed<\/th>\n<td>Nastaviteln\u00e1 v\u00fd\u0161ka sloupu, AntiCalc<\/td>\n<\/tr>\n<tr>\n<th>Hmotnost \/ ks<\/th>\n<td>5.6775&nbsp;kg<\/td>\n<\/tr>\n<tr>\n<th>Balen\u00ed<\/th>\n<td>1&nbsp;ks<\/td>\n<\/tr>\n<tr>\n<th>EAN<\/th>\n<td>8590913961908<\/td>\n<\/tr>\n<tr>\n<th>Taric<\/th>\n<td>84818011<\/td>\n<\/tr>\n<tr>\n<th>Z\u00e1ruka<\/th>\n<td>6 let<\/td>\n<\/tr>\n<\/table>\n<div class=\"product-explanation-item\">\n<h3>AntiCalc<\/h3>\n<p style=\"text-align: justify;\">Odolnost v\u016f\u010di usazov\u00e1n\u00ed vodn\u00edho kamene a snadn\u00e9 \u010di\u0161t\u011bn\u00ed.<\/p>\n<\/div><\/div>\n","protected":false},"excerpt":{"rendered":"<p>Detailn\u00ed popis produktu Vodovodn\u00ed baterie ICONIC v legend\u00e1rn\u00edm trubkov\u00e9m designu. \u0160t\u00edhl\u00e9 t\u011blo podtrhuje nad\u010dasovost, \u010distotu a minimalismus t\u011bchto sm\u011b\u0161ovac\u00edch bateri\u00ed. Vlastnosti Zna\u010dka SAPHO S\u00e9rie ICONIC 3D model ANO \u0160\u00ed\u0159ka 313&nbsp;mm V\u00fd\u0161ka 1181&nbsp;mm Barva Chrom Materi\u00e1l Mosaz Tvar Kruhov\u00e9 Instalace N\u00e1st\u011bnn\u00e1 150 mm Druh ovl\u00e1d\u00e1n\u00ed P\u00e1ka D\u00e9lka hadice 1500&nbsp;mm Sprchov\u00e9 sloupy S bateri\u00ed Funkce sprchy D\u00e9\u0161\u0165, [&hellip;]<\/p>\n","protected":false},"featured_media":49028,"comment_status":"open","ping_status":"open","template":"","meta":[],"product_brand":[],"product_cat":[80],"product_tag":[],"class_list":{"0":"post-48928","1":"product","2":"type-product","3":"status-publish","4":"has-post-thumbnail","6":"product_cat-sprchovy-program","8":"first","9":"instock","10":"sale","11":"shipping-taxable","12":"purchasable","13":"product-type-simple"},"yoast_head":"<!-- This site is optimized with the Yoast SEO plugin v26.8 - https:\/\/yoast.com\/product\/yoast-seo-wordpress\/ -->\n<title>Sapho ICONIC sprchov\u00fd sloup s p\u00e1kovou bateri\u00ed, chrom AF139 Levn\u00fd -<\/title>\n<meta name=\"robots\" content=\"index, follow, max-snippet:-1, max-image-preview:large, max-video-preview:-1\" \/>\n<link rel=\"canonical\" href=\"https:\/\/www.oknobuild.com\/index.php\/produkt\/sapho-iconic-sprchovy-sloup-s-pakovou-baterii-chrom-af139-levny-48928\/\" \/>\n<meta property=\"og:locale\" content=\"cs_CZ\" \/>\n<meta property=\"og:type\" content=\"article\" \/>\n<meta property=\"og:title\" content=\"Sapho ICONIC sprchov\u00fd sloup s p\u00e1kovou bateri\u00ed, chrom AF139 Levn\u00fd -\" \/>\n<meta property=\"og:description\" content=\"Detailn\u00ed popis produktu Vodovodn\u00ed baterie ICONIC v legend\u00e1rn\u00edm trubkov\u00e9m designu. \u0160t\u00edhl\u00e9 t\u011blo podtrhuje nad\u010dasovost, \u010distotu a minimalismus t\u011bchto sm\u011b\u0161ovac\u00edch bateri\u00ed. Vlastnosti Zna\u010dka SAPHO S\u00e9rie ICONIC 3D model ANO \u0160\u00ed\u0159ka 313&nbsp;mm V\u00fd\u0161ka 1181&nbsp;mm Barva Chrom Materi\u00e1l Mosaz Tvar Kruhov\u00e9 Instalace N\u00e1st\u011bnn\u00e1 150 mm Druh ovl\u00e1d\u00e1n\u00ed P\u00e1ka D\u00e9lka hadice 1500&nbsp;mm Sprchov\u00e9 sloupy S bateri\u00ed Funkce sprchy D\u00e9\u0161\u0165, [&hellip;]\" \/>\n<meta property=\"og:url\" content=\"https:\/\/www.oknobuild.com\/index.php\/produkt\/sapho-iconic-sprchovy-sloup-s-pakovou-baterii-chrom-af139-levny-48928\/\" \/>\n<meta property=\"og:image\" content=\"https:\/\/www.oknobuild.com\/wp-content\/uploads\/2026\/SK0016377-CZ20260425-093631-0-1777080994-313401-3_af139-268873542664439.webp\" \/>\n\t<meta property=\"og:image:width\" content=\"1000\" \/>\n\t<meta property=\"og:image:height\" content=\"750\" \/>\n\t<meta property=\"og:image:type\" content=\"image\/webp\" \/>\n<meta name=\"twitter:card\" content=\"summary_large_image\" \/>\n<script type=\"application\/ld+json\" class=\"yoast-schema-graph\">{\"@context\":\"https:\/\/schema.org\",\"@graph\":[{\"@type\":\"WebPage\",\"@id\":\"https:\/\/www.oknobuild.com\/index.php\/produkt\/sapho-iconic-sprchovy-sloup-s-pakovou-baterii-chrom-af139-levny-48928\/\",\"url\":\"https:\/\/www.oknobuild.com\/index.php\/produkt\/sapho-iconic-sprchovy-sloup-s-pakovou-baterii-chrom-af139-levny-48928\/\",\"name\":\"Sapho ICONIC sprchov\u00fd sloup s p\u00e1kovou bateri\u00ed, chrom AF139 Levn\u00fd -\",\"isPartOf\":{\"@id\":\"https:\/\/www.oknobuild.com\/#website\"},\"primaryImageOfPage\":{\"@id\":\"https:\/\/www.oknobuild.com\/index.php\/produkt\/sapho-iconic-sprchovy-sloup-s-pakovou-baterii-chrom-af139-levny-48928\/#primaryimage\"},\"image\":{\"@id\":\"https:\/\/www.oknobuild.com\/index.php\/produkt\/sapho-iconic-sprchovy-sloup-s-pakovou-baterii-chrom-af139-levny-48928\/#primaryimage\"},\"thumbnailUrl\":\"https:\/\/www.oknobuild.com\/wp-content\/uploads\/2026\/SK0016377-CZ20260425-093631-0-1777080994-313401-3_af139-268873542664439.webp\",\"datePublished\":\"2026-04-27T04:42:43+00:00\",\"breadcrumb\":{\"@id\":\"https:\/\/www.oknobuild.com\/index.php\/produkt\/sapho-iconic-sprchovy-sloup-s-pakovou-baterii-chrom-af139-levny-48928\/#breadcrumb\"},\"inLanguage\":\"cs\",\"potentialAction\":[{\"@type\":\"ReadAction\",\"target\":[\"https:\/\/www.oknobuild.com\/index.php\/produkt\/sapho-iconic-sprchovy-sloup-s-pakovou-baterii-chrom-af139-levny-48928\/\"]}]},{\"@type\":\"ImageObject\",\"inLanguage\":\"cs\",\"@id\":\"https:\/\/www.oknobuild.com\/index.php\/produkt\/sapho-iconic-sprchovy-sloup-s-pakovou-baterii-chrom-af139-levny-48928\/#primaryimage\",\"url\":\"https:\/\/www.oknobuild.com\/wp-content\/uploads\/2026\/SK0016377-CZ20260425-093631-0-1777080994-313401-3_af139-268873542664439.webp\",\"contentUrl\":\"https:\/\/www.oknobuild.com\/wp-content\/uploads\/2026\/SK0016377-CZ20260425-093631-0-1777080994-313401-3_af139-268873542664439.webp\",\"width\":1000,\"height\":750},{\"@type\":\"BreadcrumbList\",\"@id\":\"https:\/\/www.oknobuild.com\/index.php\/produkt\/sapho-iconic-sprchovy-sloup-s-pakovou-baterii-chrom-af139-levny-48928\/#breadcrumb\",\"itemListElement\":[{\"@type\":\"ListItem\",\"position\":1,\"name\":\"Home\",\"item\":\"https:\/\/www.oknobuild.com\/\"},{\"@type\":\"ListItem\",\"position\":2,\"name\":\"Products\",\"item\":\"https:\/\/www.oknobuild.com\/index.php\/products\/\"},{\"@type\":\"ListItem\",\"position\":3,\"name\":\"Sapho ICONIC sprchov\u00fd sloup s p\u00e1kovou bateri\u00ed, chrom AF139 Levn\u00fd\"}]},{\"@type\":\"WebSite\",\"@id\":\"https:\/\/www.oknobuild.com\/#website\",\"url\":\"https:\/\/www.oknobuild.com\/\",\"name\":\"\",\"description\":\"\",\"potentialAction\":[{\"@type\":\"SearchAction\",\"target\":{\"@type\":\"EntryPoint\",\"urlTemplate\":\"https:\/\/www.oknobuild.com\/?s={search_term_string}\"},\"query-input\":{\"@type\":\"PropertyValueSpecification\",\"valueRequired\":true,\"valueName\":\"search_term_string\"}}],\"inLanguage\":\"cs\"}]}<\/script>\n<!-- \/ Yoast SEO plugin. -->","yoast_head_json":{"title":"Sapho ICONIC sprchov\u00fd sloup s p\u00e1kovou bateri\u00ed, chrom AF139 Levn\u00fd -","robots":{"index":"index","follow":"follow","max-snippet":"max-snippet:-1","max-image-preview":"max-image-preview:large","max-video-preview":"max-video-preview:-1"},"canonical":"https:\/\/www.oknobuild.com\/index.php\/produkt\/sapho-iconic-sprchovy-sloup-s-pakovou-baterii-chrom-af139-levny-48928\/","og_locale":"cs_CZ","og_type":"article","og_title":"Sapho ICONIC sprchov\u00fd sloup s p\u00e1kovou bateri\u00ed, chrom AF139 Levn\u00fd -","og_description":"Detailn\u00ed popis produktu Vodovodn\u00ed baterie ICONIC v legend\u00e1rn\u00edm trubkov\u00e9m designu. \u0160t\u00edhl\u00e9 t\u011blo podtrhuje nad\u010dasovost, \u010distotu a minimalismus t\u011bchto sm\u011b\u0161ovac\u00edch bateri\u00ed. Vlastnosti Zna\u010dka SAPHO S\u00e9rie ICONIC 3D model ANO \u0160\u00ed\u0159ka 313&nbsp;mm V\u00fd\u0161ka 1181&nbsp;mm Barva Chrom Materi\u00e1l Mosaz Tvar Kruhov\u00e9 Instalace N\u00e1st\u011bnn\u00e1 150 mm Druh ovl\u00e1d\u00e1n\u00ed P\u00e1ka D\u00e9lka hadice 1500&nbsp;mm Sprchov\u00e9 sloupy S bateri\u00ed Funkce sprchy D\u00e9\u0161\u0165, [&hellip;]","og_url":"https:\/\/www.oknobuild.com\/index.php\/produkt\/sapho-iconic-sprchovy-sloup-s-pakovou-baterii-chrom-af139-levny-48928\/","og_image":[{"width":1000,"height":750,"url":"https:\/\/www.oknobuild.com\/wp-content\/uploads\/2026\/SK0016377-CZ20260425-093631-0-1777080994-313401-3_af139-268873542664439.webp","type":"image\/webp"}],"twitter_card":"summary_large_image","schema":{"@context":"https:\/\/schema.org","@graph":[{"@type":"WebPage","@id":"https:\/\/www.oknobuild.com\/index.php\/produkt\/sapho-iconic-sprchovy-sloup-s-pakovou-baterii-chrom-af139-levny-48928\/","url":"https:\/\/www.oknobuild.com\/index.php\/produkt\/sapho-iconic-sprchovy-sloup-s-pakovou-baterii-chrom-af139-levny-48928\/","name":"Sapho ICONIC sprchov\u00fd sloup s p\u00e1kovou bateri\u00ed, chrom AF139 Levn\u00fd -","isPartOf":{"@id":"https:\/\/www.oknobuild.com\/#website"},"primaryImageOfPage":{"@id":"https:\/\/www.oknobuild.com\/index.php\/produkt\/sapho-iconic-sprchovy-sloup-s-pakovou-baterii-chrom-af139-levny-48928\/#primaryimage"},"image":{"@id":"https:\/\/www.oknobuild.com\/index.php\/produkt\/sapho-iconic-sprchovy-sloup-s-pakovou-baterii-chrom-af139-levny-48928\/#primaryimage"},"thumbnailUrl":"https:\/\/www.oknobuild.com\/wp-content\/uploads\/2026\/SK0016377-CZ20260425-093631-0-1777080994-313401-3_af139-268873542664439.webp","datePublished":"2026-04-27T04:42:43+00:00","breadcrumb":{"@id":"https:\/\/www.oknobuild.com\/index.php\/produkt\/sapho-iconic-sprchovy-sloup-s-pakovou-baterii-chrom-af139-levny-48928\/#breadcrumb"},"inLanguage":"cs","potentialAction":[{"@type":"ReadAction","target":["https:\/\/www.oknobuild.com\/index.php\/produkt\/sapho-iconic-sprchovy-sloup-s-pakovou-baterii-chrom-af139-levny-48928\/"]}]},{"@type":"ImageObject","inLanguage":"cs","@id":"https:\/\/www.oknobuild.com\/index.php\/produkt\/sapho-iconic-sprchovy-sloup-s-pakovou-baterii-chrom-af139-levny-48928\/#primaryimage","url":"https:\/\/www.oknobuild.com\/wp-content\/uploads\/2026\/SK0016377-CZ20260425-093631-0-1777080994-313401-3_af139-268873542664439.webp","contentUrl":"https:\/\/www.oknobuild.com\/wp-content\/uploads\/2026\/SK0016377-CZ20260425-093631-0-1777080994-313401-3_af139-268873542664439.webp","width":1000,"height":750},{"@type":"BreadcrumbList","@id":"https:\/\/www.oknobuild.com\/index.php\/produkt\/sapho-iconic-sprchovy-sloup-s-pakovou-baterii-chrom-af139-levny-48928\/#breadcrumb","itemListElement":[{"@type":"ListItem","position":1,"name":"Home","item":"https:\/\/www.oknobuild.com\/"},{"@type":"ListItem","position":2,"name":"Products","item":"https:\/\/www.oknobuild.com\/index.php\/products\/"},{"@type":"ListItem","position":3,"name":"Sapho ICONIC sprchov\u00fd sloup s p\u00e1kovou bateri\u00ed, chrom AF139 Levn\u00fd"}]},{"@type":"WebSite","@id":"https:\/\/www.oknobuild.com\/#website","url":"https:\/\/www.oknobuild.com\/","name":"","description":"","potentialAction":[{"@type":"SearchAction","target":{"@type":"EntryPoint","urlTemplate":"https:\/\/www.oknobuild.com\/?s={search_term_string}"},"query-input":{"@type":"PropertyValueSpecification","valueRequired":true,"valueName":"search_term_string"}}],"inLanguage":"cs"}]}},"_links":{"self":[{"href":"https:\/\/www.oknobuild.com\/index.php\/wp-json\/wp\/v2\/product\/48928","targetHints":{"allow":["GET"]}}],"collection":[{"href":"https:\/\/www.oknobuild.com\/index.php\/wp-json\/wp\/v2\/product"}],"about":[{"href":"https:\/\/www.oknobuild.com\/index.php\/wp-json\/wp\/v2\/types\/product"}],"replies":[{"embeddable":true,"href":"https:\/\/www.oknobuild.com\/index.php\/wp-json\/wp\/v2\/comments?post=48928"}],"wp:featuredmedia":[{"embeddable":true,"href":"https:\/\/www.oknobuild.com\/index.php\/wp-json\/wp\/v2\/media\/49028"}],"wp:attachment":[{"href":"https:\/\/www.oknobuild.com\/index.php\/wp-json\/wp\/v2\/media?parent=48928"}],"wp:term":[{"taxonomy":"product_brand","embeddable":true,"href":"https:\/\/www.oknobuild.com\/index.php\/wp-json\/wp\/v2\/product_brand?post=48928"},{"taxonomy":"product_cat","embeddable":true,"href":"https:\/\/www.oknobuild.com\/index.php\/wp-json\/wp\/v2\/product_cat?post=48928"},{"taxonomy":"product_tag","embeddable":true,"href":"https:\/\/www.oknobuild.com\/index.php\/wp-json\/wp\/v2\/product_tag?post=48928"}],"curies":[{"name":"wp","href":"https:\/\/api.w.org\/{rel}","templated":true}]}}