{"id":49188,"date":"2026-04-27T04:42:44","date_gmt":"2026-04-27T04:42:44","guid":{"rendered":""},"modified":"2026-04-27T04:42:44","modified_gmt":"2026-04-27T04:42:44","slug":"omezena-nabidka-isan-rytmo-s-hacky-1215x600-kombinovany-topny-zebrik-558-w-drth12150600-49188","status":"publish","type":"product","link":"https:\/\/www.oknobuild.com\/index.php\/produkt\/omezena-nabidka-isan-rytmo-s-hacky-1215x600-kombinovany-topny-zebrik-558-w-drth12150600-49188\/","title":{"rendered":"Omezen\u00e1 Nab\u00eddka Isan Rytmo s h\u00e1\u010dky 1215&#215;600 kombinovan\u00fd topn\u00fd \u017eeb\u0159\u00edk 558 W, DRTH12150600"},"content":{"rendered":"<div class=\"basic-description\">\n<h3>Detailn\u00ed popis produktu<\/h3>\n<p><meta charset=\"utf-8\" \/><span>Koupelnov\u00fd radi\u00e1tor Rytmo otev\u00edr\u00e1 t\u0159et\u00ed prostorovou osu pro su\u0161en\u00ed. Hork\u00e1 voda proh\u0159\u00edv\u00e1 cel\u00e9 t\u011bleso v\u010detn\u011b praktick\u00fdch sklopn\u00fdch polic s magnetickou fixac\u00ed. Radi\u00e1tor pracuje, jak p\u0159i napojen\u00ed na centr\u00e1ln\u00ed otopnou soustavu, tak p\u0159i osazen\u00ed elektrickou topnou patronou. Na p\u0159\u00e1n\u00ed m\u016f\u017ee b\u00fdt vybaven h\u00e1\u010dky a&nbsp;kryty p\u0159ipojovac\u00edch armatur. V\u00fdkonn\u00fd pomocn\u00edk do dom\u00e1cnosti je dod\u00e1v\u00e1n ve \u010dty\u0159ech z\u00e1kladn\u00edch rozm\u011brech a cel\u00e9 \u0161k\u00e1le barev dle vzorn\u00edku ISAN.<\/span><\/p>\n<\/p>\n<p>&nbsp;<\/p>\n<\/p>\n<div class=\"page\" title=\"Page 46\">\n<div class=\"section\">\n<div class=\"layoutArea\">\n<div class=\"column\">\n<p><span><\/span><meta charset=\"utf-8\" \/><\/p>\n<\/div>\n<\/div>\n<\/div>\n<\/div>\n<p><strong>P\u0159\u00edslu\u0161enstv\u00ed zobrazen\u00e9 na fotografii produktu nen\u00ed sou\u010d\u00e1st\u00ed dod\u00e1vky radi\u00e1toru.<\/strong><\/p>\n<h2><strong>\u017dEB\u0158\u00cdK JE MO\u017dN\u00c9 SI OBJEDNAT V JIN\u00c9 NE\u017d B\u00cdL\u00c9 BARV\u011a ZA P\u0158\u00cdPLATEK 25%<\/strong><\/h2>\n<h1 style=\"text-align: center;\"><span style=\"font-size: 18pt;\"><strong><span style=\"color: #ff0000;\">V\u00fdb\u011br barevn\u00fdch proveden\u00ed koupelnov\u00fdch radi\u00e1tor\u016f Isan<\/span><\/strong><\/span><\/h1>\n<p style=\"text-align: center;\"><span style=\"font-size: 11pt;\">Kliknut\u00edm na barvu si zv\u011bt\u0161\u00edte n\u00e1hledov\u00fd obr\u00e1zek, pro lep\u0161\u00ed p\u0159edstavu o v\u00fdsledn\u00e9 barv\u011b.<\/span><\/p>\n<div class=\"plus-gallery-wrap\" style=\"text-align: left;\">\n<div class=\"plus-gallery-wrap\" style=\"text-align: left;\">\n<div class=\"plus-gallery-wrap\">\n<div class=\"plus-gallery-item\" style=\"height: 100px; width: 100px;\"><\/div>\n<div class=\"plus-gallery-item\" style=\"height: 100px; width: 100px;\"><\/div>\n<div class=\"plus-gallery-item\" style=\"height: 100px; width: 100px;\"><\/div>\n<div class=\"plus-gallery-item\" style=\"height: 100px; width: 100px;\"><\/div>\n<div class=\"plus-gallery-item\" style=\"height: 100px; width: 100px;\"><\/div>\n<div class=\"plus-gallery-item\" style=\"height: 100px; width: 100px;\"><\/div>\n<div class=\"plus-gallery-item\" style=\"height: 100px; width: 100px;\"><\/div>\n<div class=\"plus-gallery-item\" style=\"height: 100px; width: 100px;\"><\/div>\n<div class=\"plus-gallery-item\" style=\"height: 100px; width: 100px;\"><\/div>\n<div class=\"plus-gallery-item\" style=\"height: 100px; width: 100px;\"><\/div>\n<div class=\"plus-gallery-item\" style=\"height: 100px; width: 100px;\"><\/div>\n<div class=\"plus-gallery-item\" style=\"height: 100px; width: 100px;\"><\/div>\n<div class=\"plus-gallery-item\" style=\"height: 100px; width: 100px;\"><\/div>\n<div class=\"plus-gallery-item\" style=\"height: 100px; width: 100px;\"><\/div>\n<div class=\"plus-gallery-item\" style=\"height: 100px; width: 100px;\"><\/div>\n<div class=\"plus-gallery-item\" style=\"height: 100px; width: 100px;\"><\/div>\n<div class=\"plus-gallery-item\" style=\"height: 100px; width: 100px;\"><\/div>\n<div class=\"plus-gallery-item\" style=\"height: 100px; width: 100px;\"><\/div>\n<div class=\"plus-gallery-item\" style=\"height: 100px; width: 100px;\"><\/div>\n<div class=\"plus-gallery-item\" style=\"height: 100px; width: 100px;\"><\/div>\n<div class=\"plus-gallery-item\" style=\"height: 100px; width: 100px;\"><\/div>\n<div class=\"plus-gallery-item\" style=\"height: 100px; width: 100px;\"><\/div>\n<div class=\"plus-gallery-item\" style=\"height: 100px; width: 100px;\"><\/div>\n<div class=\"plus-gallery-item\" style=\"height: 100px; width: 100px;\"><\/div>\n<div class=\"plus-gallery-item\" style=\"height: 100px; width: 100px;\"><\/div>\n<div class=\"plus-gallery-item\" style=\"height: 100px; width: 100px;\"><\/div>\n<div class=\"plus-gallery-item\" style=\"height: 100px; width: 100px;\"><\/div>\n<div class=\"plus-gallery-item\" style=\"height: 100px; width: 100px;\"><\/div>\n<div class=\"plus-gallery-item\" style=\"height: 100px; width: 100px;\"><\/div>\n<div class=\"plus-gallery-item\" style=\"height: 100px; width: 100px;\"><\/div>\n<div class=\"plus-gallery-item\" style=\"height: 100px; width: 100px;\"><\/div>\n<div class=\"plus-gallery-item\" style=\"height: 100px; width: 100px;\"><\/div>\n<div class=\"plus-gallery-item\" style=\"height: 100px; width: 100px;\"><\/div>\n<div class=\"plus-gallery-item\" style=\"height: 100px; width: 100px;\"><\/div>\n<div class=\"plus-gallery-item\" style=\"height: 100px; width: 100px;\"><\/div>\n<div class=\"plus-gallery-item\" style=\"height: 100px; width: 100px;\"><\/div>\n<div class=\"plus-gallery-item\" style=\"height: 100px; width: 100px;\"><\/div>\n<\/div>\n<\/div>\n<\/div>\n<div class=\"plus-gallery-wrap\">&nbsp;<\/div>\n<div class=\"plus-gallery-wrap\">&nbsp;<\/div>\n<p><strong>Upozorn\u011bn\u00ed pro z\u00e1kazn\u00edky ke koupi produkt\u016f na objedn\u00e1n\u00ed:<\/strong> Toto zbo\u017e\u00ed nen\u00ed standardn\u00edm s\u00e9riov\u00fdm v\u00fdrobkem. Bude vyrobeno na p\u0159\u00e1n\u00ed z\u00e1kazn\u00edka a proto jej <strong>nelze dodavateli v z\u00e1konn\u00e9 lh\u016ft\u011b vr\u00e1tit<\/strong>. (viz \u00a71837 odst.d, ob\u010dansk\u00e9ho z\u00e1kon\u00edku). V tomto p\u0159\u00edpad\u011b m\u016f\u017eeme po\u017eadovat nevratnou z\u00e1lohu a\u017e do v\u00fd\u0161e 100% z ceny v\u00fdrobku.&nbsp;<\/p>\n<\/p><\/div>\n","protected":false},"excerpt":{"rendered":"<p>Detailn\u00ed popis produktu Koupelnov\u00fd radi\u00e1tor Rytmo otev\u00edr\u00e1 t\u0159et\u00ed prostorovou osu pro su\u0161en\u00ed. Hork\u00e1 voda proh\u0159\u00edv\u00e1 cel\u00e9 t\u011bleso v\u010detn\u011b praktick\u00fdch sklopn\u00fdch polic s magnetickou fixac\u00ed. Radi\u00e1tor pracuje, jak p\u0159i napojen\u00ed na centr\u00e1ln\u00ed otopnou soustavu, tak p\u0159i osazen\u00ed elektrickou topnou patronou. Na p\u0159\u00e1n\u00ed m\u016f\u017ee b\u00fdt vybaven h\u00e1\u010dky a&nbsp;kryty p\u0159ipojovac\u00edch armatur. V\u00fdkonn\u00fd pomocn\u00edk do dom\u00e1cnosti je dod\u00e1v\u00e1n ve [&hellip;]<\/p>\n","protected":false},"featured_media":49288,"comment_status":"open","ping_status":"open","template":"","meta":[],"product_brand":[],"product_cat":[79],"product_tag":[],"class_list":{"0":"post-49188","1":"product","2":"type-product","3":"status-publish","4":"has-post-thumbnail","6":"product_cat-vytapeni","8":"first","9":"instock","10":"sale","11":"shipping-taxable","12":"purchasable","13":"product-type-simple"},"yoast_head":"<!-- This site is optimized with the Yoast SEO plugin v26.8 - https:\/\/yoast.com\/product\/yoast-seo-wordpress\/ -->\n<title>Omezen\u00e1 Nab\u00eddka Isan Rytmo s h\u00e1\u010dky 1215x600 kombinovan\u00fd topn\u00fd \u017eeb\u0159\u00edk 558 W, DRTH12150600 -<\/title>\n<meta name=\"robots\" content=\"index, follow, max-snippet:-1, max-image-preview:large, max-video-preview:-1\" \/>\n<link rel=\"canonical\" href=\"https:\/\/www.oknobuild.com\/index.php\/produkt\/omezena-nabidka-isan-rytmo-s-hacky-1215x600-kombinovany-topny-zebrik-558-w-drth12150600-49188\/\" \/>\n<meta property=\"og:locale\" content=\"cs_CZ\" \/>\n<meta property=\"og:type\" content=\"article\" \/>\n<meta property=\"og:title\" content=\"Omezen\u00e1 Nab\u00eddka Isan Rytmo s h\u00e1\u010dky 1215x600 kombinovan\u00fd topn\u00fd \u017eeb\u0159\u00edk 558 W, DRTH12150600 -\" \/>\n<meta property=\"og:description\" content=\"Detailn\u00ed popis produktu Koupelnov\u00fd radi\u00e1tor Rytmo otev\u00edr\u00e1 t\u0159et\u00ed prostorovou osu pro su\u0161en\u00ed. Hork\u00e1 voda proh\u0159\u00edv\u00e1 cel\u00e9 t\u011bleso v\u010detn\u011b praktick\u00fdch sklopn\u00fdch polic s magnetickou fixac\u00ed. Radi\u00e1tor pracuje, jak p\u0159i napojen\u00ed na centr\u00e1ln\u00ed otopnou soustavu, tak p\u0159i osazen\u00ed elektrickou topnou patronou. Na p\u0159\u00e1n\u00ed m\u016f\u017ee b\u00fdt vybaven h\u00e1\u010dky a&nbsp;kryty p\u0159ipojovac\u00edch armatur. V\u00fdkonn\u00fd pomocn\u00edk do dom\u00e1cnosti je dod\u00e1v\u00e1n ve [&hellip;]\" \/>\n<meta property=\"og:url\" content=\"https:\/\/www.oknobuild.com\/index.php\/produkt\/omezena-nabidka-isan-rytmo-s-hacky-1215x600-kombinovany-topny-zebrik-558-w-drth12150600-49188\/\" \/>\n<meta property=\"og:image\" content=\"https:\/\/www.oknobuild.com\/wp-content\/uploads\/2026\/SK0017049-CZ20260425-093631-0-1777080994-315659-5_rytmo-s-hacky-1215.webp\" \/>\n\t<meta property=\"og:image:width\" content=\"1000\" \/>\n\t<meta property=\"og:image:height\" content=\"750\" \/>\n\t<meta property=\"og:image:type\" content=\"image\/webp\" \/>\n<meta name=\"twitter:card\" content=\"summary_large_image\" \/>\n<meta name=\"twitter:label1\" content=\"Odhadovan\u00e1 doba \u010dten\u00ed\" \/>\n\t<meta name=\"twitter:data1\" content=\"1 minuta\" \/>\n<script type=\"application\/ld+json\" class=\"yoast-schema-graph\">{\"@context\":\"https:\/\/schema.org\",\"@graph\":[{\"@type\":\"WebPage\",\"@id\":\"https:\/\/www.oknobuild.com\/index.php\/produkt\/omezena-nabidka-isan-rytmo-s-hacky-1215x600-kombinovany-topny-zebrik-558-w-drth12150600-49188\/\",\"url\":\"https:\/\/www.oknobuild.com\/index.php\/produkt\/omezena-nabidka-isan-rytmo-s-hacky-1215x600-kombinovany-topny-zebrik-558-w-drth12150600-49188\/\",\"name\":\"Omezen\u00e1 Nab\u00eddka Isan Rytmo s h\u00e1\u010dky 1215x600 kombinovan\u00fd topn\u00fd \u017eeb\u0159\u00edk 558 W, DRTH12150600 -\",\"isPartOf\":{\"@id\":\"https:\/\/www.oknobuild.com\/#website\"},\"primaryImageOfPage\":{\"@id\":\"https:\/\/www.oknobuild.com\/index.php\/produkt\/omezena-nabidka-isan-rytmo-s-hacky-1215x600-kombinovany-topny-zebrik-558-w-drth12150600-49188\/#primaryimage\"},\"image\":{\"@id\":\"https:\/\/www.oknobuild.com\/index.php\/produkt\/omezena-nabidka-isan-rytmo-s-hacky-1215x600-kombinovany-topny-zebrik-558-w-drth12150600-49188\/#primaryimage\"},\"thumbnailUrl\":\"https:\/\/www.oknobuild.com\/wp-content\/uploads\/2026\/SK0017049-CZ20260425-093631-0-1777080994-315659-5_rytmo-s-hacky-1215.webp\",\"datePublished\":\"2026-04-27T04:42:44+00:00\",\"breadcrumb\":{\"@id\":\"https:\/\/www.oknobuild.com\/index.php\/produkt\/omezena-nabidka-isan-rytmo-s-hacky-1215x600-kombinovany-topny-zebrik-558-w-drth12150600-49188\/#breadcrumb\"},\"inLanguage\":\"cs\",\"potentialAction\":[{\"@type\":\"ReadAction\",\"target\":[\"https:\/\/www.oknobuild.com\/index.php\/produkt\/omezena-nabidka-isan-rytmo-s-hacky-1215x600-kombinovany-topny-zebrik-558-w-drth12150600-49188\/\"]}]},{\"@type\":\"ImageObject\",\"inLanguage\":\"cs\",\"@id\":\"https:\/\/www.oknobuild.com\/index.php\/produkt\/omezena-nabidka-isan-rytmo-s-hacky-1215x600-kombinovany-topny-zebrik-558-w-drth12150600-49188\/#primaryimage\",\"url\":\"https:\/\/www.oknobuild.com\/wp-content\/uploads\/2026\/SK0017049-CZ20260425-093631-0-1777080994-315659-5_rytmo-s-hacky-1215.webp\",\"contentUrl\":\"https:\/\/www.oknobuild.com\/wp-content\/uploads\/2026\/SK0017049-CZ20260425-093631-0-1777080994-315659-5_rytmo-s-hacky-1215.webp\",\"width\":1000,\"height\":750},{\"@type\":\"BreadcrumbList\",\"@id\":\"https:\/\/www.oknobuild.com\/index.php\/produkt\/omezena-nabidka-isan-rytmo-s-hacky-1215x600-kombinovany-topny-zebrik-558-w-drth12150600-49188\/#breadcrumb\",\"itemListElement\":[{\"@type\":\"ListItem\",\"position\":1,\"name\":\"Home\",\"item\":\"https:\/\/www.oknobuild.com\/\"},{\"@type\":\"ListItem\",\"position\":2,\"name\":\"Products\",\"item\":\"https:\/\/www.oknobuild.com\/index.php\/products\/\"},{\"@type\":\"ListItem\",\"position\":3,\"name\":\"Omezen\u00e1 Nab\u00eddka Isan Rytmo s h\u00e1\u010dky 1215&#215;600 kombinovan\u00fd topn\u00fd \u017eeb\u0159\u00edk 558 W, DRTH12150600\"}]},{\"@type\":\"WebSite\",\"@id\":\"https:\/\/www.oknobuild.com\/#website\",\"url\":\"https:\/\/www.oknobuild.com\/\",\"name\":\"\",\"description\":\"\",\"potentialAction\":[{\"@type\":\"SearchAction\",\"target\":{\"@type\":\"EntryPoint\",\"urlTemplate\":\"https:\/\/www.oknobuild.com\/?s={search_term_string}\"},\"query-input\":{\"@type\":\"PropertyValueSpecification\",\"valueRequired\":true,\"valueName\":\"search_term_string\"}}],\"inLanguage\":\"cs\"}]}<\/script>\n<!-- \/ Yoast SEO plugin. -->","yoast_head_json":{"title":"Omezen\u00e1 Nab\u00eddka Isan Rytmo s h\u00e1\u010dky 1215x600 kombinovan\u00fd topn\u00fd \u017eeb\u0159\u00edk 558 W, DRTH12150600 -","robots":{"index":"index","follow":"follow","max-snippet":"max-snippet:-1","max-image-preview":"max-image-preview:large","max-video-preview":"max-video-preview:-1"},"canonical":"https:\/\/www.oknobuild.com\/index.php\/produkt\/omezena-nabidka-isan-rytmo-s-hacky-1215x600-kombinovany-topny-zebrik-558-w-drth12150600-49188\/","og_locale":"cs_CZ","og_type":"article","og_title":"Omezen\u00e1 Nab\u00eddka Isan Rytmo s h\u00e1\u010dky 1215x600 kombinovan\u00fd topn\u00fd \u017eeb\u0159\u00edk 558 W, DRTH12150600 -","og_description":"Detailn\u00ed popis produktu Koupelnov\u00fd radi\u00e1tor Rytmo otev\u00edr\u00e1 t\u0159et\u00ed prostorovou osu pro su\u0161en\u00ed. Hork\u00e1 voda proh\u0159\u00edv\u00e1 cel\u00e9 t\u011bleso v\u010detn\u011b praktick\u00fdch sklopn\u00fdch polic s magnetickou fixac\u00ed. Radi\u00e1tor pracuje, jak p\u0159i napojen\u00ed na centr\u00e1ln\u00ed otopnou soustavu, tak p\u0159i osazen\u00ed elektrickou topnou patronou. Na p\u0159\u00e1n\u00ed m\u016f\u017ee b\u00fdt vybaven h\u00e1\u010dky a&nbsp;kryty p\u0159ipojovac\u00edch armatur. V\u00fdkonn\u00fd pomocn\u00edk do dom\u00e1cnosti je dod\u00e1v\u00e1n ve [&hellip;]","og_url":"https:\/\/www.oknobuild.com\/index.php\/produkt\/omezena-nabidka-isan-rytmo-s-hacky-1215x600-kombinovany-topny-zebrik-558-w-drth12150600-49188\/","og_image":[{"width":1000,"height":750,"url":"https:\/\/www.oknobuild.com\/wp-content\/uploads\/2026\/SK0017049-CZ20260425-093631-0-1777080994-315659-5_rytmo-s-hacky-1215.webp","type":"image\/webp"}],"twitter_card":"summary_large_image","twitter_misc":{"Odhadovan\u00e1 doba \u010dten\u00ed":"1 minuta"},"schema":{"@context":"https:\/\/schema.org","@graph":[{"@type":"WebPage","@id":"https:\/\/www.oknobuild.com\/index.php\/produkt\/omezena-nabidka-isan-rytmo-s-hacky-1215x600-kombinovany-topny-zebrik-558-w-drth12150600-49188\/","url":"https:\/\/www.oknobuild.com\/index.php\/produkt\/omezena-nabidka-isan-rytmo-s-hacky-1215x600-kombinovany-topny-zebrik-558-w-drth12150600-49188\/","name":"Omezen\u00e1 Nab\u00eddka Isan Rytmo s h\u00e1\u010dky 1215x600 kombinovan\u00fd topn\u00fd \u017eeb\u0159\u00edk 558 W, DRTH12150600 -","isPartOf":{"@id":"https:\/\/www.oknobuild.com\/#website"},"primaryImageOfPage":{"@id":"https:\/\/www.oknobuild.com\/index.php\/produkt\/omezena-nabidka-isan-rytmo-s-hacky-1215x600-kombinovany-topny-zebrik-558-w-drth12150600-49188\/#primaryimage"},"image":{"@id":"https:\/\/www.oknobuild.com\/index.php\/produkt\/omezena-nabidka-isan-rytmo-s-hacky-1215x600-kombinovany-topny-zebrik-558-w-drth12150600-49188\/#primaryimage"},"thumbnailUrl":"https:\/\/www.oknobuild.com\/wp-content\/uploads\/2026\/SK0017049-CZ20260425-093631-0-1777080994-315659-5_rytmo-s-hacky-1215.webp","datePublished":"2026-04-27T04:42:44+00:00","breadcrumb":{"@id":"https:\/\/www.oknobuild.com\/index.php\/produkt\/omezena-nabidka-isan-rytmo-s-hacky-1215x600-kombinovany-topny-zebrik-558-w-drth12150600-49188\/#breadcrumb"},"inLanguage":"cs","potentialAction":[{"@type":"ReadAction","target":["https:\/\/www.oknobuild.com\/index.php\/produkt\/omezena-nabidka-isan-rytmo-s-hacky-1215x600-kombinovany-topny-zebrik-558-w-drth12150600-49188\/"]}]},{"@type":"ImageObject","inLanguage":"cs","@id":"https:\/\/www.oknobuild.com\/index.php\/produkt\/omezena-nabidka-isan-rytmo-s-hacky-1215x600-kombinovany-topny-zebrik-558-w-drth12150600-49188\/#primaryimage","url":"https:\/\/www.oknobuild.com\/wp-content\/uploads\/2026\/SK0017049-CZ20260425-093631-0-1777080994-315659-5_rytmo-s-hacky-1215.webp","contentUrl":"https:\/\/www.oknobuild.com\/wp-content\/uploads\/2026\/SK0017049-CZ20260425-093631-0-1777080994-315659-5_rytmo-s-hacky-1215.webp","width":1000,"height":750},{"@type":"BreadcrumbList","@id":"https:\/\/www.oknobuild.com\/index.php\/produkt\/omezena-nabidka-isan-rytmo-s-hacky-1215x600-kombinovany-topny-zebrik-558-w-drth12150600-49188\/#breadcrumb","itemListElement":[{"@type":"ListItem","position":1,"name":"Home","item":"https:\/\/www.oknobuild.com\/"},{"@type":"ListItem","position":2,"name":"Products","item":"https:\/\/www.oknobuild.com\/index.php\/products\/"},{"@type":"ListItem","position":3,"name":"Omezen\u00e1 Nab\u00eddka Isan Rytmo s h\u00e1\u010dky 1215&#215;600 kombinovan\u00fd topn\u00fd \u017eeb\u0159\u00edk 558 W, DRTH12150600"}]},{"@type":"WebSite","@id":"https:\/\/www.oknobuild.com\/#website","url":"https:\/\/www.oknobuild.com\/","name":"","description":"","potentialAction":[{"@type":"SearchAction","target":{"@type":"EntryPoint","urlTemplate":"https:\/\/www.oknobuild.com\/?s={search_term_string}"},"query-input":{"@type":"PropertyValueSpecification","valueRequired":true,"valueName":"search_term_string"}}],"inLanguage":"cs"}]}},"_links":{"self":[{"href":"https:\/\/www.oknobuild.com\/index.php\/wp-json\/wp\/v2\/product\/49188","targetHints":{"allow":["GET"]}}],"collection":[{"href":"https:\/\/www.oknobuild.com\/index.php\/wp-json\/wp\/v2\/product"}],"about":[{"href":"https:\/\/www.oknobuild.com\/index.php\/wp-json\/wp\/v2\/types\/product"}],"replies":[{"embeddable":true,"href":"https:\/\/www.oknobuild.com\/index.php\/wp-json\/wp\/v2\/comments?post=49188"}],"wp:featuredmedia":[{"embeddable":true,"href":"https:\/\/www.oknobuild.com\/index.php\/wp-json\/wp\/v2\/media\/49288"}],"wp:attachment":[{"href":"https:\/\/www.oknobuild.com\/index.php\/wp-json\/wp\/v2\/media?parent=49188"}],"wp:term":[{"taxonomy":"product_brand","embeddable":true,"href":"https:\/\/www.oknobuild.com\/index.php\/wp-json\/wp\/v2\/product_brand?post=49188"},{"taxonomy":"product_cat","embeddable":true,"href":"https:\/\/www.oknobuild.com\/index.php\/wp-json\/wp\/v2\/product_cat?post=49188"},{"taxonomy":"product_tag","embeddable":true,"href":"https:\/\/www.oknobuild.com\/index.php\/wp-json\/wp\/v2\/product_tag?post=49188"}],"curies":[{"name":"wp","href":"https:\/\/api.w.org\/{rel}","templated":true}]}}