{"id":49497,"date":"2026-04-27T04:42:45","date_gmt":"2026-04-27T04:42:45","guid":{"rendered":""},"modified":"2026-04-27T04:42:45","modified_gmt":"2026-04-27T04:42:45","slug":"znackovy-sapho-brilla-zavesna-wc-misa-rimless-36-5x53cm-zelena-mat-100614-128-49497","status":"publish","type":"product","link":"https:\/\/www.oknobuild.com\/index.php\/produkt\/znackovy-sapho-brilla-zavesna-wc-misa-rimless-36-5x53cm-zelena-mat-100614-128-49497\/","title":{"rendered":"Zna\u010dkov\u00fd Sapho BRILLA z\u00e1v\u011bsn\u00e1 WC m\u00edsa, Rimless, 36,5x53cm, zelen\u00e1 mat 100614-128"},"content":{"rendered":"<div class=\"basic-description\">\n<h3>Detailn\u00ed popis produktu<\/h3>\n<p><\/p>\n<h2 class=\"props-title\">Vlastnosti<\/h2>\n<table>\n<tr>\n<th>Zna\u010dka<\/th>\n<td>SAPHO<\/td>\n<\/tr>\n<tr>\n<th>3D model<\/th>\n<td>ANO<\/td>\n<\/tr>\n<tr>\n<th>Rozm\u011br<\/th>\n<td>35,5&#215;53 cm<\/td>\n<\/tr>\n<tr>\n<th>\u0160\u00ed\u0159ka<\/th>\n<td>355&nbsp;mm<\/td>\n<\/tr>\n<tr>\n<th>Hloubka<\/th>\n<td>530&nbsp;mm<\/td>\n<\/tr>\n<tr>\n<th>Barva<\/th>\n<td>Zelen\u00e1<\/td>\n<\/tr>\n<tr>\n<th>Materi\u00e1l<\/th>\n<td>Keramika<\/td>\n<\/tr>\n<tr>\n<th>Technologie splachov\u00e1n\u00ed<\/th>\n<td>Rimless<\/td>\n<\/tr>\n<tr>\n<th>Objem splachovac\u00ed vody<\/th>\n<td>3,5 l \/ 5 l<\/td>\n<\/tr>\n<tr>\n<th>Tvar<\/th>\n<td>Klasik<\/td>\n<\/tr>\n<tr>\n<th>Balen\u00ed neobsahuje<\/th>\n<td>WC sed\u00e1tko<\/td>\n<\/tr>\n<tr>\n<th>Hmotnost \/ ks<\/th>\n<td>25.8000&nbsp;kg<\/td>\n<\/tr>\n<tr>\n<th>Balen\u00ed<\/th>\n<td>1&nbsp;ks<\/td>\n<\/tr>\n<tr>\n<th>EAN<\/th>\n<td>8590913982521<\/td>\n<\/tr>\n<tr>\n<th>Taric<\/th>\n<td>69109000<\/td>\n<\/tr>\n<\/table>\n<div class=\"product-explanation-item\">\n<h3>Technologie splachov\u00e1n\u00ed Rimless<\/h3>\n<p style=\"text-align: justify;\">Rimless (NoRim) \u2013 toalety bez tradi\u010dn\u00edho oplachov\u00e9ho kruhu. Hladk\u00fd povrch bez dutin a z\u00e1hyb\u016f. Oplachov\u00e1 voda vyt\u00e9k\u00e1 rozd\u011blova\u010dem vody pouze ze zadn\u00ed \u010d\u00e1sti WC m\u00edsy a d\u00edky speci\u00e1ln\u00edmu tvaru keramiky dokonale opl\u00e1chne vnit\u0159n\u00ed prostor. V\u00fdhodou je snadn\u00e1 \u00fadr\u017eba a \u010di\u0161t\u011bn\u00ed WC m\u00edsy. <\/p>\n<\/div>\n<div class=\"product-explanation-item\">\n<h3>Water saving &#8211; \u00fasporn\u00e9 splachov\u00e1n\u00ed<\/h3>\n<p style=\"text-align: justify;\">Tvar m\u00edsy umo\u017e\u0148uje efektivn\u00ed a \u00fa\u010dinn\u00e9 spl\u00e1chnut\u00ed s men\u0161\u00edm objemem vody a t\u00edm \u0161et\u0159\u00ed \u017eivotn\u00ed prost\u0159ed\u00ed a n\u00e1klady za vodu.<br \/>\u00dasporn\u00e9 splachov\u00e1n\u00ed je mo\u017en\u00e9 pou\u017e\u00edt s n\u00e1dr\u017ekou s du\u00e1ln\u00edm splachov\u00e1n\u00edm, jej\u00ed\u017e vypou\u0161t\u011bc\u00ed ventil umo\u017e\u0148uje nastaven\u00ed objemu vody od 2 litr\u016f u mal\u00e9ho splachov\u00e1n\u00ed a od 4 litr\u016f u velk\u00e9ho splachov\u00e1n\u00ed.<\/p>\n<\/div><\/div>\n","protected":false},"excerpt":{"rendered":"<p>Detailn\u00ed popis produktu Vlastnosti Zna\u010dka SAPHO 3D model ANO Rozm\u011br 35,5&#215;53 cm \u0160\u00ed\u0159ka 355&nbsp;mm Hloubka 530&nbsp;mm Barva Zelen\u00e1 Materi\u00e1l Keramika Technologie splachov\u00e1n\u00ed Rimless Objem splachovac\u00ed vody 3,5 l \/ 5 l Tvar Klasik Balen\u00ed neobsahuje WC sed\u00e1tko Hmotnost \/ ks 25.8000&nbsp;kg Balen\u00ed 1&nbsp;ks EAN 8590913982521 Taric 69109000 Technologie splachov\u00e1n\u00ed Rimless Rimless (NoRim) \u2013 toalety bez [&hellip;]<\/p>\n","protected":false},"featured_media":49597,"comment_status":"open","ping_status":"open","template":"","meta":[],"product_brand":[],"product_cat":[76],"product_tag":[],"class_list":{"0":"post-49497","1":"product","2":"type-product","3":"status-publish","4":"has-post-thumbnail","6":"product_cat-wc","8":"first","9":"instock","10":"sale","11":"shipping-taxable","12":"purchasable","13":"product-type-simple"},"yoast_head":"<!-- This site is optimized with the Yoast SEO plugin v26.8 - https:\/\/yoast.com\/product\/yoast-seo-wordpress\/ -->\n<title>Zna\u010dkov\u00fd Sapho BRILLA z\u00e1v\u011bsn\u00e1 WC m\u00edsa, Rimless, 36,5x53cm, zelen\u00e1 mat 100614-128 -<\/title>\n<meta name=\"robots\" content=\"index, follow, max-snippet:-1, max-image-preview:large, max-video-preview:-1\" \/>\n<link rel=\"canonical\" href=\"https:\/\/www.oknobuild.com\/index.php\/produkt\/znackovy-sapho-brilla-zavesna-wc-misa-rimless-36-5x53cm-zelena-mat-100614-128-49497\/\" \/>\n<meta property=\"og:locale\" content=\"cs_CZ\" \/>\n<meta property=\"og:type\" content=\"article\" \/>\n<meta property=\"og:title\" content=\"Zna\u010dkov\u00fd Sapho BRILLA z\u00e1v\u011bsn\u00e1 WC m\u00edsa, Rimless, 36,5x53cm, zelen\u00e1 mat 100614-128 -\" \/>\n<meta property=\"og:description\" content=\"Detailn\u00ed popis produktu Vlastnosti Zna\u010dka SAPHO 3D model ANO Rozm\u011br 35,5&#215;53 cm \u0160\u00ed\u0159ka 355&nbsp;mm Hloubka 530&nbsp;mm Barva Zelen\u00e1 Materi\u00e1l Keramika Technologie splachov\u00e1n\u00ed Rimless Objem splachovac\u00ed vody 3,5 l \/ 5 l Tvar Klasik Balen\u00ed neobsahuje WC sed\u00e1tko Hmotnost \/ ks 25.8000&nbsp;kg Balen\u00ed 1&nbsp;ks EAN 8590913982521 Taric 69109000 Technologie splachov\u00e1n\u00ed Rimless Rimless (NoRim) \u2013 toalety bez [&hellip;]\" \/>\n<meta property=\"og:url\" content=\"https:\/\/www.oknobuild.com\/index.php\/produkt\/znackovy-sapho-brilla-zavesna-wc-misa-rimless-36-5x53cm-zelena-mat-100614-128-49497\/\" \/>\n<meta property=\"og:image\" content=\"https:\/\/www.oknobuild.com\/wp-content\/uploads\/2026\/SK0017158-CZ20260425-093631-0-1777080994-316049_sapho-brilla-zavesna-wc-misa--rimless--36-5x53cm--ze.webp\" \/>\n\t<meta property=\"og:image:width\" content=\"1000\" \/>\n\t<meta property=\"og:image:height\" content=\"750\" \/>\n\t<meta property=\"og:image:type\" content=\"image\/webp\" \/>\n<meta name=\"twitter:card\" content=\"summary_large_image\" \/>\n<meta name=\"twitter:label1\" content=\"Odhadovan\u00e1 doba \u010dten\u00ed\" \/>\n\t<meta name=\"twitter:data1\" content=\"1 minuta\" \/>\n<script type=\"application\/ld+json\" class=\"yoast-schema-graph\">{\"@context\":\"https:\/\/schema.org\",\"@graph\":[{\"@type\":\"WebPage\",\"@id\":\"https:\/\/www.oknobuild.com\/index.php\/produkt\/znackovy-sapho-brilla-zavesna-wc-misa-rimless-36-5x53cm-zelena-mat-100614-128-49497\/\",\"url\":\"https:\/\/www.oknobuild.com\/index.php\/produkt\/znackovy-sapho-brilla-zavesna-wc-misa-rimless-36-5x53cm-zelena-mat-100614-128-49497\/\",\"name\":\"Zna\u010dkov\u00fd Sapho BRILLA z\u00e1v\u011bsn\u00e1 WC m\u00edsa, Rimless, 36,5x53cm, zelen\u00e1 mat 100614-128 -\",\"isPartOf\":{\"@id\":\"https:\/\/www.oknobuild.com\/#website\"},\"primaryImageOfPage\":{\"@id\":\"https:\/\/www.oknobuild.com\/index.php\/produkt\/znackovy-sapho-brilla-zavesna-wc-misa-rimless-36-5x53cm-zelena-mat-100614-128-49497\/#primaryimage\"},\"image\":{\"@id\":\"https:\/\/www.oknobuild.com\/index.php\/produkt\/znackovy-sapho-brilla-zavesna-wc-misa-rimless-36-5x53cm-zelena-mat-100614-128-49497\/#primaryimage\"},\"thumbnailUrl\":\"https:\/\/www.oknobuild.com\/wp-content\/uploads\/2026\/SK0017158-CZ20260425-093631-0-1777080994-316049_sapho-brilla-zavesna-wc-misa--rimless--36-5x53cm--ze.webp\",\"datePublished\":\"2026-04-27T04:42:45+00:00\",\"breadcrumb\":{\"@id\":\"https:\/\/www.oknobuild.com\/index.php\/produkt\/znackovy-sapho-brilla-zavesna-wc-misa-rimless-36-5x53cm-zelena-mat-100614-128-49497\/#breadcrumb\"},\"inLanguage\":\"cs\",\"potentialAction\":[{\"@type\":\"ReadAction\",\"target\":[\"https:\/\/www.oknobuild.com\/index.php\/produkt\/znackovy-sapho-brilla-zavesna-wc-misa-rimless-36-5x53cm-zelena-mat-100614-128-49497\/\"]}]},{\"@type\":\"ImageObject\",\"inLanguage\":\"cs\",\"@id\":\"https:\/\/www.oknobuild.com\/index.php\/produkt\/znackovy-sapho-brilla-zavesna-wc-misa-rimless-36-5x53cm-zelena-mat-100614-128-49497\/#primaryimage\",\"url\":\"https:\/\/www.oknobuild.com\/wp-content\/uploads\/2026\/SK0017158-CZ20260425-093631-0-1777080994-316049_sapho-brilla-zavesna-wc-misa--rimless--36-5x53cm--ze.webp\",\"contentUrl\":\"https:\/\/www.oknobuild.com\/wp-content\/uploads\/2026\/SK0017158-CZ20260425-093631-0-1777080994-316049_sapho-brilla-zavesna-wc-misa--rimless--36-5x53cm--ze.webp\",\"width\":1000,\"height\":750},{\"@type\":\"BreadcrumbList\",\"@id\":\"https:\/\/www.oknobuild.com\/index.php\/produkt\/znackovy-sapho-brilla-zavesna-wc-misa-rimless-36-5x53cm-zelena-mat-100614-128-49497\/#breadcrumb\",\"itemListElement\":[{\"@type\":\"ListItem\",\"position\":1,\"name\":\"Home\",\"item\":\"https:\/\/www.oknobuild.com\/\"},{\"@type\":\"ListItem\",\"position\":2,\"name\":\"Products\",\"item\":\"https:\/\/www.oknobuild.com\/index.php\/products\/\"},{\"@type\":\"ListItem\",\"position\":3,\"name\":\"Zna\u010dkov\u00fd Sapho BRILLA z\u00e1v\u011bsn\u00e1 WC m\u00edsa, Rimless, 36,5x53cm, zelen\u00e1 mat 100614-128\"}]},{\"@type\":\"WebSite\",\"@id\":\"https:\/\/www.oknobuild.com\/#website\",\"url\":\"https:\/\/www.oknobuild.com\/\",\"name\":\"\",\"description\":\"\",\"potentialAction\":[{\"@type\":\"SearchAction\",\"target\":{\"@type\":\"EntryPoint\",\"urlTemplate\":\"https:\/\/www.oknobuild.com\/?s={search_term_string}\"},\"query-input\":{\"@type\":\"PropertyValueSpecification\",\"valueRequired\":true,\"valueName\":\"search_term_string\"}}],\"inLanguage\":\"cs\"}]}<\/script>\n<!-- \/ Yoast SEO plugin. -->","yoast_head_json":{"title":"Zna\u010dkov\u00fd Sapho BRILLA z\u00e1v\u011bsn\u00e1 WC m\u00edsa, Rimless, 36,5x53cm, zelen\u00e1 mat 100614-128 -","robots":{"index":"index","follow":"follow","max-snippet":"max-snippet:-1","max-image-preview":"max-image-preview:large","max-video-preview":"max-video-preview:-1"},"canonical":"https:\/\/www.oknobuild.com\/index.php\/produkt\/znackovy-sapho-brilla-zavesna-wc-misa-rimless-36-5x53cm-zelena-mat-100614-128-49497\/","og_locale":"cs_CZ","og_type":"article","og_title":"Zna\u010dkov\u00fd Sapho BRILLA z\u00e1v\u011bsn\u00e1 WC m\u00edsa, Rimless, 36,5x53cm, zelen\u00e1 mat 100614-128 -","og_description":"Detailn\u00ed popis produktu Vlastnosti Zna\u010dka SAPHO 3D model ANO Rozm\u011br 35,5&#215;53 cm \u0160\u00ed\u0159ka 355&nbsp;mm Hloubka 530&nbsp;mm Barva Zelen\u00e1 Materi\u00e1l Keramika Technologie splachov\u00e1n\u00ed Rimless Objem splachovac\u00ed vody 3,5 l \/ 5 l Tvar Klasik Balen\u00ed neobsahuje WC sed\u00e1tko Hmotnost \/ ks 25.8000&nbsp;kg Balen\u00ed 1&nbsp;ks EAN 8590913982521 Taric 69109000 Technologie splachov\u00e1n\u00ed Rimless Rimless (NoRim) \u2013 toalety bez [&hellip;]","og_url":"https:\/\/www.oknobuild.com\/index.php\/produkt\/znackovy-sapho-brilla-zavesna-wc-misa-rimless-36-5x53cm-zelena-mat-100614-128-49497\/","og_image":[{"width":1000,"height":750,"url":"https:\/\/www.oknobuild.com\/wp-content\/uploads\/2026\/SK0017158-CZ20260425-093631-0-1777080994-316049_sapho-brilla-zavesna-wc-misa--rimless--36-5x53cm--ze.webp","type":"image\/webp"}],"twitter_card":"summary_large_image","twitter_misc":{"Odhadovan\u00e1 doba \u010dten\u00ed":"1 minuta"},"schema":{"@context":"https:\/\/schema.org","@graph":[{"@type":"WebPage","@id":"https:\/\/www.oknobuild.com\/index.php\/produkt\/znackovy-sapho-brilla-zavesna-wc-misa-rimless-36-5x53cm-zelena-mat-100614-128-49497\/","url":"https:\/\/www.oknobuild.com\/index.php\/produkt\/znackovy-sapho-brilla-zavesna-wc-misa-rimless-36-5x53cm-zelena-mat-100614-128-49497\/","name":"Zna\u010dkov\u00fd Sapho BRILLA z\u00e1v\u011bsn\u00e1 WC m\u00edsa, Rimless, 36,5x53cm, zelen\u00e1 mat 100614-128 -","isPartOf":{"@id":"https:\/\/www.oknobuild.com\/#website"},"primaryImageOfPage":{"@id":"https:\/\/www.oknobuild.com\/index.php\/produkt\/znackovy-sapho-brilla-zavesna-wc-misa-rimless-36-5x53cm-zelena-mat-100614-128-49497\/#primaryimage"},"image":{"@id":"https:\/\/www.oknobuild.com\/index.php\/produkt\/znackovy-sapho-brilla-zavesna-wc-misa-rimless-36-5x53cm-zelena-mat-100614-128-49497\/#primaryimage"},"thumbnailUrl":"https:\/\/www.oknobuild.com\/wp-content\/uploads\/2026\/SK0017158-CZ20260425-093631-0-1777080994-316049_sapho-brilla-zavesna-wc-misa--rimless--36-5x53cm--ze.webp","datePublished":"2026-04-27T04:42:45+00:00","breadcrumb":{"@id":"https:\/\/www.oknobuild.com\/index.php\/produkt\/znackovy-sapho-brilla-zavesna-wc-misa-rimless-36-5x53cm-zelena-mat-100614-128-49497\/#breadcrumb"},"inLanguage":"cs","potentialAction":[{"@type":"ReadAction","target":["https:\/\/www.oknobuild.com\/index.php\/produkt\/znackovy-sapho-brilla-zavesna-wc-misa-rimless-36-5x53cm-zelena-mat-100614-128-49497\/"]}]},{"@type":"ImageObject","inLanguage":"cs","@id":"https:\/\/www.oknobuild.com\/index.php\/produkt\/znackovy-sapho-brilla-zavesna-wc-misa-rimless-36-5x53cm-zelena-mat-100614-128-49497\/#primaryimage","url":"https:\/\/www.oknobuild.com\/wp-content\/uploads\/2026\/SK0017158-CZ20260425-093631-0-1777080994-316049_sapho-brilla-zavesna-wc-misa--rimless--36-5x53cm--ze.webp","contentUrl":"https:\/\/www.oknobuild.com\/wp-content\/uploads\/2026\/SK0017158-CZ20260425-093631-0-1777080994-316049_sapho-brilla-zavesna-wc-misa--rimless--36-5x53cm--ze.webp","width":1000,"height":750},{"@type":"BreadcrumbList","@id":"https:\/\/www.oknobuild.com\/index.php\/produkt\/znackovy-sapho-brilla-zavesna-wc-misa-rimless-36-5x53cm-zelena-mat-100614-128-49497\/#breadcrumb","itemListElement":[{"@type":"ListItem","position":1,"name":"Home","item":"https:\/\/www.oknobuild.com\/"},{"@type":"ListItem","position":2,"name":"Products","item":"https:\/\/www.oknobuild.com\/index.php\/products\/"},{"@type":"ListItem","position":3,"name":"Zna\u010dkov\u00fd Sapho BRILLA z\u00e1v\u011bsn\u00e1 WC m\u00edsa, Rimless, 36,5x53cm, zelen\u00e1 mat 100614-128"}]},{"@type":"WebSite","@id":"https:\/\/www.oknobuild.com\/#website","url":"https:\/\/www.oknobuild.com\/","name":"","description":"","potentialAction":[{"@type":"SearchAction","target":{"@type":"EntryPoint","urlTemplate":"https:\/\/www.oknobuild.com\/?s={search_term_string}"},"query-input":{"@type":"PropertyValueSpecification","valueRequired":true,"valueName":"search_term_string"}}],"inLanguage":"cs"}]}},"_links":{"self":[{"href":"https:\/\/www.oknobuild.com\/index.php\/wp-json\/wp\/v2\/product\/49497","targetHints":{"allow":["GET"]}}],"collection":[{"href":"https:\/\/www.oknobuild.com\/index.php\/wp-json\/wp\/v2\/product"}],"about":[{"href":"https:\/\/www.oknobuild.com\/index.php\/wp-json\/wp\/v2\/types\/product"}],"replies":[{"embeddable":true,"href":"https:\/\/www.oknobuild.com\/index.php\/wp-json\/wp\/v2\/comments?post=49497"}],"wp:featuredmedia":[{"embeddable":true,"href":"https:\/\/www.oknobuild.com\/index.php\/wp-json\/wp\/v2\/media\/49597"}],"wp:attachment":[{"href":"https:\/\/www.oknobuild.com\/index.php\/wp-json\/wp\/v2\/media?parent=49497"}],"wp:term":[{"taxonomy":"product_brand","embeddable":true,"href":"https:\/\/www.oknobuild.com\/index.php\/wp-json\/wp\/v2\/product_brand?post=49497"},{"taxonomy":"product_cat","embeddable":true,"href":"https:\/\/www.oknobuild.com\/index.php\/wp-json\/wp\/v2\/product_cat?post=49497"},{"taxonomy":"product_tag","embeddable":true,"href":"https:\/\/www.oknobuild.com\/index.php\/wp-json\/wp\/v2\/product_tag?post=49497"}],"curies":[{"name":"wp","href":"https:\/\/api.w.org\/{rel}","templated":true}]}}