{"id":49903,"date":"2026-04-27T04:42:46","date_gmt":"2026-04-27T04:42:46","guid":{"rendered":""},"modified":"2026-04-27T04:42:46","modified_gmt":"2026-04-27T04:42:46","slug":"akce-aqualine-paneda-umyvadlova-skrinka-69-5x55x45-2cm-bila-pn270-49903","status":"publish","type":"product","link":"https:\/\/www.oknobuild.com\/index.php\/produkt\/akce-aqualine-paneda-umyvadlova-skrinka-69-5x55x45-2cm-bila-pn270-49903\/","title":{"rendered":"Akce Aqualine PANEDA umyvadlov\u00e1 sk\u0159\u00ed\u0148ka 69,5x55x45,2cm, b\u00edl\u00e1 PN270"},"content":{"rendered":"<div class=\"basic-description\">\n<h3>Detailn\u00ed popis produktu<\/h3>\n<p><\/p>\n<p style=\"text-align: justify;\">Kolekce PANEDA je minimalistick\u00fd modern\u00ed koupelnov\u00fd n\u00e1bytek s bez\u00fachytkov\u00fdm otev\u00edr\u00e1n\u00edm. Sk\u0159\u00ed\u0148ky jsou ve variant\u011b b\u00edl\u00e1 lesk a v kombinaci b\u00edl\u00e9ho korpusu a \u010del v dub emporio, proveden\u00ed strip. V nab\u00eddce jsou nej\u017e\u00e1dan\u011bj\u0161\u00ed rozm\u011bry umyvadlov\u00fdch sk\u0159\u00edn\u011bk 60 &#8211; 120 cm s obl\u00edben\u00fdmi keramick\u00fdmi umyvadly SLIM, kter\u00e9 dopl\u0148uje vysok\u00e1 dopl\u0148kov\u00e1 sk\u0159\u00ed\u0148ka s dv\u00ed\u0159ky a 2 praktick\u00fdmi z\u00e1suvkami. Umyvadlov\u00e9 sk\u0159\u00ed\u0148ky jsou vybaveny zpomalovac\u00edmi v\u00fdsuvy s dotahem od firmy Hettich. <br \/>N\u00e1bytek je dod\u00e1v\u00e1n ve smontovan\u00e9m stavu, p\u0159ipraven k okam\u017eit\u00e9 instalaci. N\u00e1bytek instalujte na rovnou st\u011bnu. Nevystavujte n\u00e1bytek trval\u00e9 vlhkosti a styku s vodou. Koupelnu v\u017edy \u0159\u00e1dn\u011b odv\u011btrejte. P\u0159i zkroucen\u00ed korpusu sk\u0159\u00ed\u0148ky m\u016f\u017ee doj\u00edt k poru\u0161e funkce dov\u00edrac\u00edch mechanism\u016f. Proti p\u0159\u00edpadn\u00e9mu zat\u00e9k\u00e1n\u00ed vody do umyvadlov\u00e9 sk\u0159\u00ed\u0148ky pou\u017eijte silikonov\u00fd tmel.<\/p>\n<h2 class=\"props-title\">Vlastnosti<\/h2>\n<table>\n<tr>\n<th>Zna\u010dka<\/th>\n<td>AQUALINE<\/td>\n<\/tr>\n<tr>\n<th>S\u00e9rie<\/th>\n<td>PANEDA<\/td>\n<\/tr>\n<tr>\n<th>3D model<\/th>\n<td>ANO<\/td>\n<\/tr>\n<tr>\n<th>Rozm\u011br<\/th>\n<td>69,5x55x45,2 cm<\/td>\n<\/tr>\n<tr>\n<th>\u0160\u00ed\u0159ka<\/th>\n<td>695&nbsp;mm<\/td>\n<\/tr>\n<tr>\n<th>V\u00fd\u0161ka<\/th>\n<td>550&nbsp;mm<\/td>\n<\/tr>\n<tr>\n<th>Hloubka<\/th>\n<td>452&nbsp;mm<\/td>\n<\/tr>\n<tr>\n<th>Barva<\/th>\n<td>B\u00edl\u00e1<\/td>\n<\/tr>\n<tr>\n<th>Materi\u00e1l<\/th>\n<td>MDF\/lamino<\/td>\n<\/tr>\n<tr>\n<th>Instalace<\/th>\n<td>Z\u00e1v\u011bsn\u00e9 na st\u011bnu<\/td>\n<\/tr>\n<tr>\n<th>Typ sk\u0159\u00ed\u0148ky<\/th>\n<td>Z\u00e1suvky<\/td>\n<\/tr>\n<tr>\n<th>Typ umyvadla<\/th>\n<td>Klasick\u00e9 umyvadlo<\/td>\n<\/tr>\n<tr>\n<th>V\u00fdbava<\/th>\n<td>Tich\u00e9 a plynul\u00e9 zav\u00edr\u00e1n\u00ed<\/td>\n<\/tr>\n<tr>\n<th>Balen\u00ed neobsahuje<\/th>\n<td>Umyvadlo<\/td>\n<\/tr>\n<tr>\n<th>Hmotnost \/ ks<\/th>\n<td>32.6000&nbsp;kg<\/td>\n<\/tr>\n<tr>\n<th>Balen\u00ed<\/th>\n<td>1&nbsp;ks<\/td>\n<\/tr>\n<tr>\n<th>EAN<\/th>\n<td>8590913987380<\/td>\n<\/tr>\n<tr>\n<th>Taric<\/th>\n<td>94036090<\/td>\n<\/tr>\n<tr>\n<th>Z\u00e1ruka<\/th>\n<td>2 roky<\/td>\n<\/tr>\n<\/table>\n<div class=\"product-explanation-item\">\n<h3>Tich\u00e9 a plynul\u00e9 zav\u00edr\u00e1n\u00ed<\/h3>\n<p style=\"text-align: justify;\">N\u00e1bytek je vybaven pojezdy z\u00e1suvek s pomal\u00fdm dojezdem a syst\u00e9mem automatick\u00e9ho dov\u0159en\u00ed z\u00e1suvek. Ji\u017e \u017e\u00e1dn\u00e9 hlu\u010dn\u00e9 dov\u00edr\u00e1n\u00ed.<\/p>\n<\/div><\/div>\n","protected":false},"excerpt":{"rendered":"<p>Detailn\u00ed popis produktu Kolekce PANEDA je minimalistick\u00fd modern\u00ed koupelnov\u00fd n\u00e1bytek s bez\u00fachytkov\u00fdm otev\u00edr\u00e1n\u00edm. Sk\u0159\u00ed\u0148ky jsou ve variant\u011b b\u00edl\u00e1 lesk a v kombinaci b\u00edl\u00e9ho korpusu a \u010del v dub emporio, proveden\u00ed strip. V nab\u00eddce jsou nej\u017e\u00e1dan\u011bj\u0161\u00ed rozm\u011bry umyvadlov\u00fdch sk\u0159\u00edn\u011bk 60 &#8211; 120 cm s obl\u00edben\u00fdmi keramick\u00fdmi umyvadly SLIM, kter\u00e9 dopl\u0148uje vysok\u00e1 dopl\u0148kov\u00e1 sk\u0159\u00ed\u0148ka s dv\u00ed\u0159ky a [&hellip;]<\/p>\n","protected":false},"featured_media":50003,"comment_status":"open","ping_status":"open","template":"","meta":[],"product_brand":[],"product_cat":[78],"product_tag":[],"class_list":{"0":"post-49903","1":"product","2":"type-product","3":"status-publish","4":"has-post-thumbnail","6":"product_cat-koupelnovy-nabytek","8":"first","9":"instock","10":"sale","11":"shipping-taxable","12":"purchasable","13":"product-type-simple"},"yoast_head":"<!-- This site is optimized with the Yoast SEO plugin v26.8 - https:\/\/yoast.com\/product\/yoast-seo-wordpress\/ -->\n<title>Akce Aqualine PANEDA umyvadlov\u00e1 sk\u0159\u00ed\u0148ka 69,5x55x45,2cm, b\u00edl\u00e1 PN270 -<\/title>\n<meta name=\"robots\" content=\"index, follow, max-snippet:-1, max-image-preview:large, max-video-preview:-1\" \/>\n<link rel=\"canonical\" href=\"https:\/\/www.oknobuild.com\/index.php\/produkt\/akce-aqualine-paneda-umyvadlova-skrinka-69-5x55x45-2cm-bila-pn270-49903\/\" \/>\n<meta property=\"og:locale\" content=\"cs_CZ\" \/>\n<meta property=\"og:type\" content=\"article\" \/>\n<meta property=\"og:title\" content=\"Akce Aqualine PANEDA umyvadlov\u00e1 sk\u0159\u00ed\u0148ka 69,5x55x45,2cm, b\u00edl\u00e1 PN270 -\" \/>\n<meta property=\"og:description\" content=\"Detailn\u00ed popis produktu Kolekce PANEDA je minimalistick\u00fd modern\u00ed koupelnov\u00fd n\u00e1bytek s bez\u00fachytkov\u00fdm otev\u00edr\u00e1n\u00edm. Sk\u0159\u00ed\u0148ky jsou ve variant\u011b b\u00edl\u00e1 lesk a v kombinaci b\u00edl\u00e9ho korpusu a \u010del v dub emporio, proveden\u00ed strip. V nab\u00eddce jsou nej\u017e\u00e1dan\u011bj\u0161\u00ed rozm\u011bry umyvadlov\u00fdch sk\u0159\u00edn\u011bk 60 &#8211; 120 cm s obl\u00edben\u00fdmi keramick\u00fdmi umyvadly SLIM, kter\u00e9 dopl\u0148uje vysok\u00e1 dopl\u0148kov\u00e1 sk\u0159\u00ed\u0148ka s dv\u00ed\u0159ky a [&hellip;]\" \/>\n<meta property=\"og:url\" content=\"https:\/\/www.oknobuild.com\/index.php\/produkt\/akce-aqualine-paneda-umyvadlova-skrinka-69-5x55x45-2cm-bila-pn270-49903\/\" \/>\n<meta property=\"og:image\" content=\"https:\/\/www.oknobuild.com\/wp-content\/uploads\/2026\/SK0017387-CZ20260425-093631-0-1777080994-316781_pn270-240986320011349.webp\" \/>\n\t<meta property=\"og:image:width\" content=\"1000\" \/>\n\t<meta property=\"og:image:height\" content=\"750\" \/>\n\t<meta property=\"og:image:type\" content=\"image\/webp\" \/>\n<meta name=\"twitter:card\" content=\"summary_large_image\" \/>\n<meta name=\"twitter:label1\" content=\"Odhadovan\u00e1 doba \u010dten\u00ed\" \/>\n\t<meta name=\"twitter:data1\" content=\"1 minuta\" \/>\n<script type=\"application\/ld+json\" class=\"yoast-schema-graph\">{\"@context\":\"https:\/\/schema.org\",\"@graph\":[{\"@type\":\"WebPage\",\"@id\":\"https:\/\/www.oknobuild.com\/index.php\/produkt\/akce-aqualine-paneda-umyvadlova-skrinka-69-5x55x45-2cm-bila-pn270-49903\/\",\"url\":\"https:\/\/www.oknobuild.com\/index.php\/produkt\/akce-aqualine-paneda-umyvadlova-skrinka-69-5x55x45-2cm-bila-pn270-49903\/\",\"name\":\"Akce Aqualine PANEDA umyvadlov\u00e1 sk\u0159\u00ed\u0148ka 69,5x55x45,2cm, b\u00edl\u00e1 PN270 -\",\"isPartOf\":{\"@id\":\"https:\/\/www.oknobuild.com\/#website\"},\"primaryImageOfPage\":{\"@id\":\"https:\/\/www.oknobuild.com\/index.php\/produkt\/akce-aqualine-paneda-umyvadlova-skrinka-69-5x55x45-2cm-bila-pn270-49903\/#primaryimage\"},\"image\":{\"@id\":\"https:\/\/www.oknobuild.com\/index.php\/produkt\/akce-aqualine-paneda-umyvadlova-skrinka-69-5x55x45-2cm-bila-pn270-49903\/#primaryimage\"},\"thumbnailUrl\":\"https:\/\/www.oknobuild.com\/wp-content\/uploads\/2026\/SK0017387-CZ20260425-093631-0-1777080994-316781_pn270-240986320011349.webp\",\"datePublished\":\"2026-04-27T04:42:46+00:00\",\"breadcrumb\":{\"@id\":\"https:\/\/www.oknobuild.com\/index.php\/produkt\/akce-aqualine-paneda-umyvadlova-skrinka-69-5x55x45-2cm-bila-pn270-49903\/#breadcrumb\"},\"inLanguage\":\"cs\",\"potentialAction\":[{\"@type\":\"ReadAction\",\"target\":[\"https:\/\/www.oknobuild.com\/index.php\/produkt\/akce-aqualine-paneda-umyvadlova-skrinka-69-5x55x45-2cm-bila-pn270-49903\/\"]}]},{\"@type\":\"ImageObject\",\"inLanguage\":\"cs\",\"@id\":\"https:\/\/www.oknobuild.com\/index.php\/produkt\/akce-aqualine-paneda-umyvadlova-skrinka-69-5x55x45-2cm-bila-pn270-49903\/#primaryimage\",\"url\":\"https:\/\/www.oknobuild.com\/wp-content\/uploads\/2026\/SK0017387-CZ20260425-093631-0-1777080994-316781_pn270-240986320011349.webp\",\"contentUrl\":\"https:\/\/www.oknobuild.com\/wp-content\/uploads\/2026\/SK0017387-CZ20260425-093631-0-1777080994-316781_pn270-240986320011349.webp\",\"width\":1000,\"height\":750},{\"@type\":\"BreadcrumbList\",\"@id\":\"https:\/\/www.oknobuild.com\/index.php\/produkt\/akce-aqualine-paneda-umyvadlova-skrinka-69-5x55x45-2cm-bila-pn270-49903\/#breadcrumb\",\"itemListElement\":[{\"@type\":\"ListItem\",\"position\":1,\"name\":\"Home\",\"item\":\"https:\/\/www.oknobuild.com\/\"},{\"@type\":\"ListItem\",\"position\":2,\"name\":\"Products\",\"item\":\"https:\/\/www.oknobuild.com\/index.php\/products\/\"},{\"@type\":\"ListItem\",\"position\":3,\"name\":\"Akce Aqualine PANEDA umyvadlov\u00e1 sk\u0159\u00ed\u0148ka 69,5x55x45,2cm, b\u00edl\u00e1 PN270\"}]},{\"@type\":\"WebSite\",\"@id\":\"https:\/\/www.oknobuild.com\/#website\",\"url\":\"https:\/\/www.oknobuild.com\/\",\"name\":\"\",\"description\":\"\",\"potentialAction\":[{\"@type\":\"SearchAction\",\"target\":{\"@type\":\"EntryPoint\",\"urlTemplate\":\"https:\/\/www.oknobuild.com\/?s={search_term_string}\"},\"query-input\":{\"@type\":\"PropertyValueSpecification\",\"valueRequired\":true,\"valueName\":\"search_term_string\"}}],\"inLanguage\":\"cs\"}]}<\/script>\n<!-- \/ Yoast SEO plugin. -->","yoast_head_json":{"title":"Akce Aqualine PANEDA umyvadlov\u00e1 sk\u0159\u00ed\u0148ka 69,5x55x45,2cm, b\u00edl\u00e1 PN270 -","robots":{"index":"index","follow":"follow","max-snippet":"max-snippet:-1","max-image-preview":"max-image-preview:large","max-video-preview":"max-video-preview:-1"},"canonical":"https:\/\/www.oknobuild.com\/index.php\/produkt\/akce-aqualine-paneda-umyvadlova-skrinka-69-5x55x45-2cm-bila-pn270-49903\/","og_locale":"cs_CZ","og_type":"article","og_title":"Akce Aqualine PANEDA umyvadlov\u00e1 sk\u0159\u00ed\u0148ka 69,5x55x45,2cm, b\u00edl\u00e1 PN270 -","og_description":"Detailn\u00ed popis produktu Kolekce PANEDA je minimalistick\u00fd modern\u00ed koupelnov\u00fd n\u00e1bytek s bez\u00fachytkov\u00fdm otev\u00edr\u00e1n\u00edm. Sk\u0159\u00ed\u0148ky jsou ve variant\u011b b\u00edl\u00e1 lesk a v kombinaci b\u00edl\u00e9ho korpusu a \u010del v dub emporio, proveden\u00ed strip. V nab\u00eddce jsou nej\u017e\u00e1dan\u011bj\u0161\u00ed rozm\u011bry umyvadlov\u00fdch sk\u0159\u00edn\u011bk 60 &#8211; 120 cm s obl\u00edben\u00fdmi keramick\u00fdmi umyvadly SLIM, kter\u00e9 dopl\u0148uje vysok\u00e1 dopl\u0148kov\u00e1 sk\u0159\u00ed\u0148ka s dv\u00ed\u0159ky a [&hellip;]","og_url":"https:\/\/www.oknobuild.com\/index.php\/produkt\/akce-aqualine-paneda-umyvadlova-skrinka-69-5x55x45-2cm-bila-pn270-49903\/","og_image":[{"width":1000,"height":750,"url":"https:\/\/www.oknobuild.com\/wp-content\/uploads\/2026\/SK0017387-CZ20260425-093631-0-1777080994-316781_pn270-240986320011349.webp","type":"image\/webp"}],"twitter_card":"summary_large_image","twitter_misc":{"Odhadovan\u00e1 doba \u010dten\u00ed":"1 minuta"},"schema":{"@context":"https:\/\/schema.org","@graph":[{"@type":"WebPage","@id":"https:\/\/www.oknobuild.com\/index.php\/produkt\/akce-aqualine-paneda-umyvadlova-skrinka-69-5x55x45-2cm-bila-pn270-49903\/","url":"https:\/\/www.oknobuild.com\/index.php\/produkt\/akce-aqualine-paneda-umyvadlova-skrinka-69-5x55x45-2cm-bila-pn270-49903\/","name":"Akce Aqualine PANEDA umyvadlov\u00e1 sk\u0159\u00ed\u0148ka 69,5x55x45,2cm, b\u00edl\u00e1 PN270 -","isPartOf":{"@id":"https:\/\/www.oknobuild.com\/#website"},"primaryImageOfPage":{"@id":"https:\/\/www.oknobuild.com\/index.php\/produkt\/akce-aqualine-paneda-umyvadlova-skrinka-69-5x55x45-2cm-bila-pn270-49903\/#primaryimage"},"image":{"@id":"https:\/\/www.oknobuild.com\/index.php\/produkt\/akce-aqualine-paneda-umyvadlova-skrinka-69-5x55x45-2cm-bila-pn270-49903\/#primaryimage"},"thumbnailUrl":"https:\/\/www.oknobuild.com\/wp-content\/uploads\/2026\/SK0017387-CZ20260425-093631-0-1777080994-316781_pn270-240986320011349.webp","datePublished":"2026-04-27T04:42:46+00:00","breadcrumb":{"@id":"https:\/\/www.oknobuild.com\/index.php\/produkt\/akce-aqualine-paneda-umyvadlova-skrinka-69-5x55x45-2cm-bila-pn270-49903\/#breadcrumb"},"inLanguage":"cs","potentialAction":[{"@type":"ReadAction","target":["https:\/\/www.oknobuild.com\/index.php\/produkt\/akce-aqualine-paneda-umyvadlova-skrinka-69-5x55x45-2cm-bila-pn270-49903\/"]}]},{"@type":"ImageObject","inLanguage":"cs","@id":"https:\/\/www.oknobuild.com\/index.php\/produkt\/akce-aqualine-paneda-umyvadlova-skrinka-69-5x55x45-2cm-bila-pn270-49903\/#primaryimage","url":"https:\/\/www.oknobuild.com\/wp-content\/uploads\/2026\/SK0017387-CZ20260425-093631-0-1777080994-316781_pn270-240986320011349.webp","contentUrl":"https:\/\/www.oknobuild.com\/wp-content\/uploads\/2026\/SK0017387-CZ20260425-093631-0-1777080994-316781_pn270-240986320011349.webp","width":1000,"height":750},{"@type":"BreadcrumbList","@id":"https:\/\/www.oknobuild.com\/index.php\/produkt\/akce-aqualine-paneda-umyvadlova-skrinka-69-5x55x45-2cm-bila-pn270-49903\/#breadcrumb","itemListElement":[{"@type":"ListItem","position":1,"name":"Home","item":"https:\/\/www.oknobuild.com\/"},{"@type":"ListItem","position":2,"name":"Products","item":"https:\/\/www.oknobuild.com\/index.php\/products\/"},{"@type":"ListItem","position":3,"name":"Akce Aqualine PANEDA umyvadlov\u00e1 sk\u0159\u00ed\u0148ka 69,5x55x45,2cm, b\u00edl\u00e1 PN270"}]},{"@type":"WebSite","@id":"https:\/\/www.oknobuild.com\/#website","url":"https:\/\/www.oknobuild.com\/","name":"","description":"","potentialAction":[{"@type":"SearchAction","target":{"@type":"EntryPoint","urlTemplate":"https:\/\/www.oknobuild.com\/?s={search_term_string}"},"query-input":{"@type":"PropertyValueSpecification","valueRequired":true,"valueName":"search_term_string"}}],"inLanguage":"cs"}]}},"_links":{"self":[{"href":"https:\/\/www.oknobuild.com\/index.php\/wp-json\/wp\/v2\/product\/49903","targetHints":{"allow":["GET"]}}],"collection":[{"href":"https:\/\/www.oknobuild.com\/index.php\/wp-json\/wp\/v2\/product"}],"about":[{"href":"https:\/\/www.oknobuild.com\/index.php\/wp-json\/wp\/v2\/types\/product"}],"replies":[{"embeddable":true,"href":"https:\/\/www.oknobuild.com\/index.php\/wp-json\/wp\/v2\/comments?post=49903"}],"wp:featuredmedia":[{"embeddable":true,"href":"https:\/\/www.oknobuild.com\/index.php\/wp-json\/wp\/v2\/media\/50003"}],"wp:attachment":[{"href":"https:\/\/www.oknobuild.com\/index.php\/wp-json\/wp\/v2\/media?parent=49903"}],"wp:term":[{"taxonomy":"product_brand","embeddable":true,"href":"https:\/\/www.oknobuild.com\/index.php\/wp-json\/wp\/v2\/product_brand?post=49903"},{"taxonomy":"product_cat","embeddable":true,"href":"https:\/\/www.oknobuild.com\/index.php\/wp-json\/wp\/v2\/product_cat?post=49903"},{"taxonomy":"product_tag","embeddable":true,"href":"https:\/\/www.oknobuild.com\/index.php\/wp-json\/wp\/v2\/product_tag?post=49903"}],"curies":[{"name":"wp","href":"https:\/\/api.w.org\/{rel}","templated":true}]}}