{"id":49913,"date":"2026-04-27T04:42:46","date_gmt":"2026-04-27T04:42:46","guid":{"rendered":""},"modified":"2026-04-27T04:42:46","modified_gmt":"2026-04-27T04:42:46","slug":"znackovy-thermal-trend-kq-750-x-1320-kombinovany-topny-zebrik-kq-750-1320-49913","status":"publish","type":"product","link":"https:\/\/www.oknobuild.com\/index.php\/produkt\/znackovy-thermal-trend-kq-750-x-1320-kombinovany-topny-zebrik-kq-750-1320-49913\/","title":{"rendered":"Zna\u010dkov\u00fd Thermal Trend KQ 750 x 1320 kombinovan\u00fd topn\u00fd \u017eeb\u0159\u00edk KQ 750\/1320"},"content":{"rendered":"<div class=\"basic-description\">\n<h3>Detailn\u00ed popis produktu<\/h3>\n<p><span>Radi\u00e1tor typ KQ je nov\u00fd model v geometrick\u00e9m \u010dty\u0159hrann\u00e9m stylu, kter\u00fd m\u00e1 sv\u016fj osobit\u00fd celohranat\u00fd design. Vyberte si z mnoha rozm\u011br\u016f tohoto \u00fachvatn\u00e9ho modelu hod\u00edc\u00edho se do modern\u00edch dom\u00e1cnost\u00ed a dal\u0161\u00edch interi\u00e9r\u016f. V p\u0159\u00edpad\u011b objedn\u00e1n\u00ed radi\u00e1toru v jin\u00e9 ne\u017e b\u00edl\u00e9 barv\u011b, budou dod\u00e1ny dr\u017e\u00e1ky se zadn\u00edm uchycen\u00edm.<\/span><\/p>\n<p>Radi\u00e1tory jsou dod\u00e1v\u00e1ny ve dvou z\u00e1kladn\u00edch barv\u00e1ch \u2013 B\u00cdL\u00c1 a ANTRACIT. Na vy\u017e\u00e1d\u00e1n\u00ed jsou dod\u00e1v\u00e1ny v jak\u00e9koliv barv\u011b ze vzorkovnice barev RAL.<\/p>\n<p><meta charset=\"utf-8\" \/><\/p>\n<p>Radi\u00e1tory jsou ur\u010deny do jak\u00e9hokoliv prost\u0159ed\u00ed. Slou\u017e\u00ed k vyt\u00e1p\u011bn\u00ed koupelen, chodeb i jin\u00fdch m\u00edstnost\u00ed, su\u0161en\u00ed ru\u010dn\u00edk\u016f v prostor\u00e1ch koupelen, WC, fitness, baz\u00e9n\u016f atd. V koupeln\u00e1ch je lze um\u00edstit v z\u00f3n\u00e1ch dle typu termostatu \u2013 viz. obr\u00e1zek \u2013 dle normy \u010cSN 33 200-7-701. Elektrick\u00fd provoz zaji\u0161\u0165uje nah\u0159\u00e1t\u00e9 ru\u010dn\u00edky a tepl\u00e9 prostory po cel\u00fd rok, p\u0159i vysok\u00e9 energetick\u00e9 \u00fa\u010dinnosti.<\/p>\n<p><strong>POU\u017dIT\u00cd RADI\u00c1TOR\u016e<\/strong><\/p>\n<\/p>\n<p>Radi\u00e1tory jsou ur\u010deny do jak\u00e9hokoliv prost\u0159ed\u00ed. Slou\u017e\u00ed&nbsp;k vyt\u00e1p\u011bn\u00ed koupelen, chodeb i jin\u00fdch m\u00edstnost\u00ed,&nbsp;su\u0161en\u00ed ru\u010dn\u00edk\u016f v prostor\u00e1ch koupelen, WC, fitness,&nbsp;baz\u00e9n\u016f atd. V koupeln\u00e1ch je lze um\u00edstit v z\u00f3n\u00e1ch dle&nbsp;typu termostatu &#8211; viz. obr\u00e1zek &#8211; dle normy \u010cSN 33&nbsp;200-7-701. Elektrick\u00fd provoz zaji\u0161\u0165uje nah\u0159\u00e1t\u00e9 ru\u010dn\u00edky&nbsp;a tepl\u00e9 prostory po cel\u00fd rok, p\u0159i vysok\u00e9 energetick\u00e9&nbsp;\u00fa\u010dinnosti.<\/p>\n<h2><\/h2>\n<p>Upozorn\u011bn\u00ed pro z\u00e1kazn\u00edky ke koupi produkt\u016f na objedn\u00e1n\u00ed: Toto zbo\u017e\u00ed nen\u00ed standardn\u00edm s\u00e9riov\u00fdm v\u00fdrobkem. Bude vyrobeno na p\u0159\u00e1n\u00ed z\u00e1kazn\u00edka a proto jej nelze dodavateli v z\u00e1konn\u00e9 lh\u016ft\u011b vr\u00e1tit. (viz \u00a71837 odst.d, ob\u010dansk\u00e9ho z\u00e1kon\u00edku). V tomto p\u0159\u00edpad\u011b m\u016f\u017eeme po\u017eadovat nevratnou z\u00e1lohu a\u017e do v\u00fd\u0161e 100 % z ceny v\u00fdrobku.<\/p>\n<\/p><\/div>\n","protected":false},"excerpt":{"rendered":"<p>Detailn\u00ed popis produktu Radi\u00e1tor typ KQ je nov\u00fd model v geometrick\u00e9m \u010dty\u0159hrann\u00e9m stylu, kter\u00fd m\u00e1 sv\u016fj osobit\u00fd celohranat\u00fd design. Vyberte si z mnoha rozm\u011br\u016f tohoto \u00fachvatn\u00e9ho modelu hod\u00edc\u00edho se do modern\u00edch dom\u00e1cnost\u00ed a dal\u0161\u00edch interi\u00e9r\u016f. V p\u0159\u00edpad\u011b objedn\u00e1n\u00ed radi\u00e1toru v jin\u00e9 ne\u017e b\u00edl\u00e9 barv\u011b, budou dod\u00e1ny dr\u017e\u00e1ky se zadn\u00edm uchycen\u00edm. Radi\u00e1tory jsou dod\u00e1v\u00e1ny ve dvou [&hellip;]<\/p>\n","protected":false},"featured_media":50013,"comment_status":"open","ping_status":"open","template":"","meta":[],"product_brand":[],"product_cat":[79],"product_tag":[],"class_list":{"0":"post-49913","1":"product","2":"type-product","3":"status-publish","4":"has-post-thumbnail","6":"product_cat-vytapeni","8":"first","9":"instock","10":"sale","11":"shipping-taxable","12":"purchasable","13":"product-type-simple"},"yoast_head":"<!-- This site is optimized with the Yoast SEO plugin v26.8 - https:\/\/yoast.com\/product\/yoast-seo-wordpress\/ -->\n<title>Zna\u010dkov\u00fd Thermal Trend KQ 750 x 1320 kombinovan\u00fd topn\u00fd \u017eeb\u0159\u00edk KQ 750\/1320 -<\/title>\n<meta name=\"robots\" content=\"index, follow, max-snippet:-1, max-image-preview:large, max-video-preview:-1\" \/>\n<link rel=\"canonical\" href=\"https:\/\/www.oknobuild.com\/index.php\/produkt\/znackovy-thermal-trend-kq-750-x-1320-kombinovany-topny-zebrik-kq-750-1320-49913\/\" \/>\n<meta property=\"og:locale\" content=\"cs_CZ\" \/>\n<meta property=\"og:type\" content=\"article\" \/>\n<meta property=\"og:title\" content=\"Zna\u010dkov\u00fd Thermal Trend KQ 750 x 1320 kombinovan\u00fd topn\u00fd \u017eeb\u0159\u00edk KQ 750\/1320 -\" \/>\n<meta property=\"og:description\" content=\"Detailn\u00ed popis produktu Radi\u00e1tor typ KQ je nov\u00fd model v geometrick\u00e9m \u010dty\u0159hrann\u00e9m stylu, kter\u00fd m\u00e1 sv\u016fj osobit\u00fd celohranat\u00fd design. Vyberte si z mnoha rozm\u011br\u016f tohoto \u00fachvatn\u00e9ho modelu hod\u00edc\u00edho se do modern\u00edch dom\u00e1cnost\u00ed a dal\u0161\u00edch interi\u00e9r\u016f. V p\u0159\u00edpad\u011b objedn\u00e1n\u00ed radi\u00e1toru v jin\u00e9 ne\u017e b\u00edl\u00e9 barv\u011b, budou dod\u00e1ny dr\u017e\u00e1ky se zadn\u00edm uchycen\u00edm. Radi\u00e1tory jsou dod\u00e1v\u00e1ny ve dvou [&hellip;]\" \/>\n<meta property=\"og:url\" content=\"https:\/\/www.oknobuild.com\/index.php\/produkt\/znackovy-thermal-trend-kq-750-x-1320-kombinovany-topny-zebrik-kq-750-1320-49913\/\" \/>\n<meta property=\"og:image\" content=\"https:\/\/www.oknobuild.com\/wp-content\/uploads\/2026\/SK0017397-CZ20260425-093631-0-1777080994-316829-1_thermal-trend-kq-750-x-1320-elektricky-topny-zebri.webp\" \/>\n\t<meta property=\"og:image:width\" content=\"1000\" \/>\n\t<meta property=\"og:image:height\" content=\"750\" \/>\n\t<meta property=\"og:image:type\" content=\"image\/webp\" \/>\n<meta name=\"twitter:card\" content=\"summary_large_image\" \/>\n<meta name=\"twitter:label1\" content=\"Odhadovan\u00e1 doba \u010dten\u00ed\" \/>\n\t<meta name=\"twitter:data1\" content=\"2 minuty\" \/>\n<script type=\"application\/ld+json\" class=\"yoast-schema-graph\">{\"@context\":\"https:\/\/schema.org\",\"@graph\":[{\"@type\":\"WebPage\",\"@id\":\"https:\/\/www.oknobuild.com\/index.php\/produkt\/znackovy-thermal-trend-kq-750-x-1320-kombinovany-topny-zebrik-kq-750-1320-49913\/\",\"url\":\"https:\/\/www.oknobuild.com\/index.php\/produkt\/znackovy-thermal-trend-kq-750-x-1320-kombinovany-topny-zebrik-kq-750-1320-49913\/\",\"name\":\"Zna\u010dkov\u00fd Thermal Trend KQ 750 x 1320 kombinovan\u00fd topn\u00fd \u017eeb\u0159\u00edk KQ 750\/1320 -\",\"isPartOf\":{\"@id\":\"https:\/\/www.oknobuild.com\/#website\"},\"primaryImageOfPage\":{\"@id\":\"https:\/\/www.oknobuild.com\/index.php\/produkt\/znackovy-thermal-trend-kq-750-x-1320-kombinovany-topny-zebrik-kq-750-1320-49913\/#primaryimage\"},\"image\":{\"@id\":\"https:\/\/www.oknobuild.com\/index.php\/produkt\/znackovy-thermal-trend-kq-750-x-1320-kombinovany-topny-zebrik-kq-750-1320-49913\/#primaryimage\"},\"thumbnailUrl\":\"https:\/\/www.oknobuild.com\/wp-content\/uploads\/2026\/SK0017397-CZ20260425-093631-0-1777080994-316829-1_thermal-trend-kq-750-x-1320-elektricky-topny-zebri.webp\",\"datePublished\":\"2026-04-27T04:42:46+00:00\",\"breadcrumb\":{\"@id\":\"https:\/\/www.oknobuild.com\/index.php\/produkt\/znackovy-thermal-trend-kq-750-x-1320-kombinovany-topny-zebrik-kq-750-1320-49913\/#breadcrumb\"},\"inLanguage\":\"cs\",\"potentialAction\":[{\"@type\":\"ReadAction\",\"target\":[\"https:\/\/www.oknobuild.com\/index.php\/produkt\/znackovy-thermal-trend-kq-750-x-1320-kombinovany-topny-zebrik-kq-750-1320-49913\/\"]}]},{\"@type\":\"ImageObject\",\"inLanguage\":\"cs\",\"@id\":\"https:\/\/www.oknobuild.com\/index.php\/produkt\/znackovy-thermal-trend-kq-750-x-1320-kombinovany-topny-zebrik-kq-750-1320-49913\/#primaryimage\",\"url\":\"https:\/\/www.oknobuild.com\/wp-content\/uploads\/2026\/SK0017397-CZ20260425-093631-0-1777080994-316829-1_thermal-trend-kq-750-x-1320-elektricky-topny-zebri.webp\",\"contentUrl\":\"https:\/\/www.oknobuild.com\/wp-content\/uploads\/2026\/SK0017397-CZ20260425-093631-0-1777080994-316829-1_thermal-trend-kq-750-x-1320-elektricky-topny-zebri.webp\",\"width\":1000,\"height\":750},{\"@type\":\"BreadcrumbList\",\"@id\":\"https:\/\/www.oknobuild.com\/index.php\/produkt\/znackovy-thermal-trend-kq-750-x-1320-kombinovany-topny-zebrik-kq-750-1320-49913\/#breadcrumb\",\"itemListElement\":[{\"@type\":\"ListItem\",\"position\":1,\"name\":\"Home\",\"item\":\"https:\/\/www.oknobuild.com\/\"},{\"@type\":\"ListItem\",\"position\":2,\"name\":\"Products\",\"item\":\"https:\/\/www.oknobuild.com\/index.php\/products\/\"},{\"@type\":\"ListItem\",\"position\":3,\"name\":\"Zna\u010dkov\u00fd Thermal Trend KQ 750 x 1320 kombinovan\u00fd topn\u00fd \u017eeb\u0159\u00edk KQ 750\/1320\"}]},{\"@type\":\"WebSite\",\"@id\":\"https:\/\/www.oknobuild.com\/#website\",\"url\":\"https:\/\/www.oknobuild.com\/\",\"name\":\"\",\"description\":\"\",\"potentialAction\":[{\"@type\":\"SearchAction\",\"target\":{\"@type\":\"EntryPoint\",\"urlTemplate\":\"https:\/\/www.oknobuild.com\/?s={search_term_string}\"},\"query-input\":{\"@type\":\"PropertyValueSpecification\",\"valueRequired\":true,\"valueName\":\"search_term_string\"}}],\"inLanguage\":\"cs\"}]}<\/script>\n<!-- \/ Yoast SEO plugin. -->","yoast_head_json":{"title":"Zna\u010dkov\u00fd Thermal Trend KQ 750 x 1320 kombinovan\u00fd topn\u00fd \u017eeb\u0159\u00edk KQ 750\/1320 -","robots":{"index":"index","follow":"follow","max-snippet":"max-snippet:-1","max-image-preview":"max-image-preview:large","max-video-preview":"max-video-preview:-1"},"canonical":"https:\/\/www.oknobuild.com\/index.php\/produkt\/znackovy-thermal-trend-kq-750-x-1320-kombinovany-topny-zebrik-kq-750-1320-49913\/","og_locale":"cs_CZ","og_type":"article","og_title":"Zna\u010dkov\u00fd Thermal Trend KQ 750 x 1320 kombinovan\u00fd topn\u00fd \u017eeb\u0159\u00edk KQ 750\/1320 -","og_description":"Detailn\u00ed popis produktu Radi\u00e1tor typ KQ je nov\u00fd model v geometrick\u00e9m \u010dty\u0159hrann\u00e9m stylu, kter\u00fd m\u00e1 sv\u016fj osobit\u00fd celohranat\u00fd design. Vyberte si z mnoha rozm\u011br\u016f tohoto \u00fachvatn\u00e9ho modelu hod\u00edc\u00edho se do modern\u00edch dom\u00e1cnost\u00ed a dal\u0161\u00edch interi\u00e9r\u016f. V p\u0159\u00edpad\u011b objedn\u00e1n\u00ed radi\u00e1toru v jin\u00e9 ne\u017e b\u00edl\u00e9 barv\u011b, budou dod\u00e1ny dr\u017e\u00e1ky se zadn\u00edm uchycen\u00edm. Radi\u00e1tory jsou dod\u00e1v\u00e1ny ve dvou [&hellip;]","og_url":"https:\/\/www.oknobuild.com\/index.php\/produkt\/znackovy-thermal-trend-kq-750-x-1320-kombinovany-topny-zebrik-kq-750-1320-49913\/","og_image":[{"width":1000,"height":750,"url":"https:\/\/www.oknobuild.com\/wp-content\/uploads\/2026\/SK0017397-CZ20260425-093631-0-1777080994-316829-1_thermal-trend-kq-750-x-1320-elektricky-topny-zebri.webp","type":"image\/webp"}],"twitter_card":"summary_large_image","twitter_misc":{"Odhadovan\u00e1 doba \u010dten\u00ed":"2 minuty"},"schema":{"@context":"https:\/\/schema.org","@graph":[{"@type":"WebPage","@id":"https:\/\/www.oknobuild.com\/index.php\/produkt\/znackovy-thermal-trend-kq-750-x-1320-kombinovany-topny-zebrik-kq-750-1320-49913\/","url":"https:\/\/www.oknobuild.com\/index.php\/produkt\/znackovy-thermal-trend-kq-750-x-1320-kombinovany-topny-zebrik-kq-750-1320-49913\/","name":"Zna\u010dkov\u00fd Thermal Trend KQ 750 x 1320 kombinovan\u00fd topn\u00fd \u017eeb\u0159\u00edk KQ 750\/1320 -","isPartOf":{"@id":"https:\/\/www.oknobuild.com\/#website"},"primaryImageOfPage":{"@id":"https:\/\/www.oknobuild.com\/index.php\/produkt\/znackovy-thermal-trend-kq-750-x-1320-kombinovany-topny-zebrik-kq-750-1320-49913\/#primaryimage"},"image":{"@id":"https:\/\/www.oknobuild.com\/index.php\/produkt\/znackovy-thermal-trend-kq-750-x-1320-kombinovany-topny-zebrik-kq-750-1320-49913\/#primaryimage"},"thumbnailUrl":"https:\/\/www.oknobuild.com\/wp-content\/uploads\/2026\/SK0017397-CZ20260425-093631-0-1777080994-316829-1_thermal-trend-kq-750-x-1320-elektricky-topny-zebri.webp","datePublished":"2026-04-27T04:42:46+00:00","breadcrumb":{"@id":"https:\/\/www.oknobuild.com\/index.php\/produkt\/znackovy-thermal-trend-kq-750-x-1320-kombinovany-topny-zebrik-kq-750-1320-49913\/#breadcrumb"},"inLanguage":"cs","potentialAction":[{"@type":"ReadAction","target":["https:\/\/www.oknobuild.com\/index.php\/produkt\/znackovy-thermal-trend-kq-750-x-1320-kombinovany-topny-zebrik-kq-750-1320-49913\/"]}]},{"@type":"ImageObject","inLanguage":"cs","@id":"https:\/\/www.oknobuild.com\/index.php\/produkt\/znackovy-thermal-trend-kq-750-x-1320-kombinovany-topny-zebrik-kq-750-1320-49913\/#primaryimage","url":"https:\/\/www.oknobuild.com\/wp-content\/uploads\/2026\/SK0017397-CZ20260425-093631-0-1777080994-316829-1_thermal-trend-kq-750-x-1320-elektricky-topny-zebri.webp","contentUrl":"https:\/\/www.oknobuild.com\/wp-content\/uploads\/2026\/SK0017397-CZ20260425-093631-0-1777080994-316829-1_thermal-trend-kq-750-x-1320-elektricky-topny-zebri.webp","width":1000,"height":750},{"@type":"BreadcrumbList","@id":"https:\/\/www.oknobuild.com\/index.php\/produkt\/znackovy-thermal-trend-kq-750-x-1320-kombinovany-topny-zebrik-kq-750-1320-49913\/#breadcrumb","itemListElement":[{"@type":"ListItem","position":1,"name":"Home","item":"https:\/\/www.oknobuild.com\/"},{"@type":"ListItem","position":2,"name":"Products","item":"https:\/\/www.oknobuild.com\/index.php\/products\/"},{"@type":"ListItem","position":3,"name":"Zna\u010dkov\u00fd Thermal Trend KQ 750 x 1320 kombinovan\u00fd topn\u00fd \u017eeb\u0159\u00edk KQ 750\/1320"}]},{"@type":"WebSite","@id":"https:\/\/www.oknobuild.com\/#website","url":"https:\/\/www.oknobuild.com\/","name":"","description":"","potentialAction":[{"@type":"SearchAction","target":{"@type":"EntryPoint","urlTemplate":"https:\/\/www.oknobuild.com\/?s={search_term_string}"},"query-input":{"@type":"PropertyValueSpecification","valueRequired":true,"valueName":"search_term_string"}}],"inLanguage":"cs"}]}},"_links":{"self":[{"href":"https:\/\/www.oknobuild.com\/index.php\/wp-json\/wp\/v2\/product\/49913","targetHints":{"allow":["GET"]}}],"collection":[{"href":"https:\/\/www.oknobuild.com\/index.php\/wp-json\/wp\/v2\/product"}],"about":[{"href":"https:\/\/www.oknobuild.com\/index.php\/wp-json\/wp\/v2\/types\/product"}],"replies":[{"embeddable":true,"href":"https:\/\/www.oknobuild.com\/index.php\/wp-json\/wp\/v2\/comments?post=49913"}],"wp:featuredmedia":[{"embeddable":true,"href":"https:\/\/www.oknobuild.com\/index.php\/wp-json\/wp\/v2\/media\/50013"}],"wp:attachment":[{"href":"https:\/\/www.oknobuild.com\/index.php\/wp-json\/wp\/v2\/media?parent=49913"}],"wp:term":[{"taxonomy":"product_brand","embeddable":true,"href":"https:\/\/www.oknobuild.com\/index.php\/wp-json\/wp\/v2\/product_brand?post=49913"},{"taxonomy":"product_cat","embeddable":true,"href":"https:\/\/www.oknobuild.com\/index.php\/wp-json\/wp\/v2\/product_cat?post=49913"},{"taxonomy":"product_tag","embeddable":true,"href":"https:\/\/www.oknobuild.com\/index.php\/wp-json\/wp\/v2\/product_tag?post=49913"}],"curies":[{"name":"wp","href":"https:\/\/api.w.org\/{rel}","templated":true}]}}