{"id":49978,"date":"2026-04-27T04:42:46","date_gmt":"2026-04-27T04:42:46","guid":{"rendered":""},"modified":"2026-04-27T04:42:46","modified_gmt":"2026-04-27T04:42:46","slug":"akce-isan-aura-chrom-topny-zebrik-1380-400-bocni-pripojeni-49978","status":"publish","type":"product","link":"https:\/\/www.oknobuild.com\/index.php\/produkt\/akce-isan-aura-chrom-topny-zebrik-1380-400-bocni-pripojeni-49978\/","title":{"rendered":"Akce Isan Aura chrom topn\u00fd \u017eeb\u0159\u00edk 1380\/400 bo\u010dn\u00ed p\u0159ipojen\u00ed"},"content":{"rendered":"<div class=\"basic-description\">\n<h3>Detailn\u00ed popis produktu<\/h3>\n<p>S\u00edla jednoduchosti a sou\u010dasn\u011b elegance p\u0159edur\u010den\u00e1 v\u0161em, kte\u0159\u00ed maj\u00ed r\u00e1di klasiku. Symetrick\u00e1 linie vnese neot\u0159el\u00fd styl p\u0159edev\u0161\u00edm do kuchyn\u00ed a koupelen.<\/p>\n<p><strong>P\u0159\u00edslu\u0161enstv\u00ed zobrazen\u00e9 na fotografii produktu nen\u00ed sou\u010d\u00e1st\u00ed dod\u00e1vky radi\u00e1toru.<\/strong><\/p>\n<\/p>\n<p>&nbsp;<\/p>\n<\/p>\n<\/p>\n<h2><strong><\/strong><\/h2>\n<div class=\"plus-gallery-wrap\">&nbsp;<\/div>\n<p>&nbsp;<\/p>\n<p><strong>Upozorn\u011bn\u00ed pro z\u00e1kazn\u00edky ke koupi produkt\u016f na objedn\u00e1n\u00ed:<\/strong> Toto zbo\u017e\u00ed nen\u00ed standardn\u00edm s\u00e9riov\u00fdm v\u00fdrobkem. Bude vyrobeno na p\u0159\u00e1n\u00ed z\u00e1kazn\u00edka a proto jej <strong>nelze dodavateli v z\u00e1konn\u00e9 lh\u016ft\u011b vr\u00e1tit<\/strong>. (viz \u00a71837 odst.d, ob\u010dansk\u00e9ho z\u00e1kon\u00edku). V tomto p\u0159\u00edpad\u011b m\u016f\u017eeme po\u017eadovat nevratnou z\u00e1lohu a\u017e do v\u00fd\u0161e 100% z ceny v\u00fdrobku.<\/p>\n<div class=\"plus-gallery-wrap\">&nbsp;<\/div>\n<\/p><\/div>\n","protected":false},"excerpt":{"rendered":"<p>Detailn\u00ed popis produktu S\u00edla jednoduchosti a sou\u010dasn\u011b elegance p\u0159edur\u010den\u00e1 v\u0161em, kte\u0159\u00ed maj\u00ed r\u00e1di klasiku. Symetrick\u00e1 linie vnese neot\u0159el\u00fd styl p\u0159edev\u0161\u00edm do kuchyn\u00ed a koupelen. P\u0159\u00edslu\u0161enstv\u00ed zobrazen\u00e9 na fotografii produktu nen\u00ed sou\u010d\u00e1st\u00ed dod\u00e1vky radi\u00e1toru. &nbsp; &nbsp; &nbsp; Upozorn\u011bn\u00ed pro z\u00e1kazn\u00edky ke koupi produkt\u016f na objedn\u00e1n\u00ed: Toto zbo\u017e\u00ed nen\u00ed standardn\u00edm s\u00e9riov\u00fdm v\u00fdrobkem. Bude vyrobeno na p\u0159\u00e1n\u00ed z\u00e1kazn\u00edka [&hellip;]<\/p>\n","protected":false},"featured_media":50078,"comment_status":"open","ping_status":"open","template":"","meta":[],"product_brand":[],"product_cat":[79],"product_tag":[],"class_list":{"0":"post-49978","1":"product","2":"type-product","3":"status-publish","4":"has-post-thumbnail","6":"product_cat-vytapeni","8":"first","9":"instock","10":"sale","11":"shipping-taxable","12":"purchasable","13":"product-type-simple"},"yoast_head":"<!-- This site is optimized with the Yoast SEO plugin v26.8 - https:\/\/yoast.com\/product\/yoast-seo-wordpress\/ -->\n<title>Akce Isan Aura chrom topn\u00fd \u017eeb\u0159\u00edk 1380\/400 bo\u010dn\u00ed p\u0159ipojen\u00ed -<\/title>\n<meta name=\"robots\" content=\"index, follow, max-snippet:-1, max-image-preview:large, max-video-preview:-1\" \/>\n<link rel=\"canonical\" href=\"https:\/\/www.oknobuild.com\/index.php\/produkt\/akce-isan-aura-chrom-topny-zebrik-1380-400-bocni-pripojeni-49978\/\" \/>\n<meta property=\"og:locale\" content=\"cs_CZ\" \/>\n<meta property=\"og:type\" content=\"article\" \/>\n<meta property=\"og:title\" content=\"Akce Isan Aura chrom topn\u00fd \u017eeb\u0159\u00edk 1380\/400 bo\u010dn\u00ed p\u0159ipojen\u00ed -\" \/>\n<meta property=\"og:description\" content=\"Detailn\u00ed popis produktu S\u00edla jednoduchosti a sou\u010dasn\u011b elegance p\u0159edur\u010den\u00e1 v\u0161em, kte\u0159\u00ed maj\u00ed r\u00e1di klasiku. Symetrick\u00e1 linie vnese neot\u0159el\u00fd styl p\u0159edev\u0161\u00edm do kuchyn\u00ed a koupelen. P\u0159\u00edslu\u0161enstv\u00ed zobrazen\u00e9 na fotografii produktu nen\u00ed sou\u010d\u00e1st\u00ed dod\u00e1vky radi\u00e1toru. &nbsp; &nbsp; &nbsp; Upozorn\u011bn\u00ed pro z\u00e1kazn\u00edky ke koupi produkt\u016f na objedn\u00e1n\u00ed: Toto zbo\u017e\u00ed nen\u00ed standardn\u00edm s\u00e9riov\u00fdm v\u00fdrobkem. Bude vyrobeno na p\u0159\u00e1n\u00ed z\u00e1kazn\u00edka [&hellip;]\" \/>\n<meta property=\"og:url\" content=\"https:\/\/www.oknobuild.com\/index.php\/produkt\/akce-isan-aura-chrom-topny-zebrik-1380-400-bocni-pripojeni-49978\/\" \/>\n<meta property=\"og:image\" content=\"https:\/\/www.oknobuild.com\/wp-content\/uploads\/2026\/SK0017463-CZ20260425-093631-0-1777080994-317033_aura-chrom.webp\" \/>\n\t<meta property=\"og:image:width\" content=\"1000\" \/>\n\t<meta property=\"og:image:height\" content=\"750\" \/>\n\t<meta property=\"og:image:type\" content=\"image\/webp\" \/>\n<meta name=\"twitter:card\" content=\"summary_large_image\" \/>\n<meta name=\"twitter:label1\" content=\"Odhadovan\u00e1 doba \u010dten\u00ed\" \/>\n\t<meta name=\"twitter:data1\" content=\"1 minuta\" \/>\n<script type=\"application\/ld+json\" class=\"yoast-schema-graph\">{\"@context\":\"https:\/\/schema.org\",\"@graph\":[{\"@type\":\"WebPage\",\"@id\":\"https:\/\/www.oknobuild.com\/index.php\/produkt\/akce-isan-aura-chrom-topny-zebrik-1380-400-bocni-pripojeni-49978\/\",\"url\":\"https:\/\/www.oknobuild.com\/index.php\/produkt\/akce-isan-aura-chrom-topny-zebrik-1380-400-bocni-pripojeni-49978\/\",\"name\":\"Akce Isan Aura chrom topn\u00fd \u017eeb\u0159\u00edk 1380\/400 bo\u010dn\u00ed p\u0159ipojen\u00ed -\",\"isPartOf\":{\"@id\":\"https:\/\/www.oknobuild.com\/#website\"},\"primaryImageOfPage\":{\"@id\":\"https:\/\/www.oknobuild.com\/index.php\/produkt\/akce-isan-aura-chrom-topny-zebrik-1380-400-bocni-pripojeni-49978\/#primaryimage\"},\"image\":{\"@id\":\"https:\/\/www.oknobuild.com\/index.php\/produkt\/akce-isan-aura-chrom-topny-zebrik-1380-400-bocni-pripojeni-49978\/#primaryimage\"},\"thumbnailUrl\":\"https:\/\/www.oknobuild.com\/wp-content\/uploads\/2026\/SK0017463-CZ20260425-093631-0-1777080994-317033_aura-chrom.webp\",\"datePublished\":\"2026-04-27T04:42:46+00:00\",\"breadcrumb\":{\"@id\":\"https:\/\/www.oknobuild.com\/index.php\/produkt\/akce-isan-aura-chrom-topny-zebrik-1380-400-bocni-pripojeni-49978\/#breadcrumb\"},\"inLanguage\":\"cs\",\"potentialAction\":[{\"@type\":\"ReadAction\",\"target\":[\"https:\/\/www.oknobuild.com\/index.php\/produkt\/akce-isan-aura-chrom-topny-zebrik-1380-400-bocni-pripojeni-49978\/\"]}]},{\"@type\":\"ImageObject\",\"inLanguage\":\"cs\",\"@id\":\"https:\/\/www.oknobuild.com\/index.php\/produkt\/akce-isan-aura-chrom-topny-zebrik-1380-400-bocni-pripojeni-49978\/#primaryimage\",\"url\":\"https:\/\/www.oknobuild.com\/wp-content\/uploads\/2026\/SK0017463-CZ20260425-093631-0-1777080994-317033_aura-chrom.webp\",\"contentUrl\":\"https:\/\/www.oknobuild.com\/wp-content\/uploads\/2026\/SK0017463-CZ20260425-093631-0-1777080994-317033_aura-chrom.webp\",\"width\":1000,\"height\":750},{\"@type\":\"BreadcrumbList\",\"@id\":\"https:\/\/www.oknobuild.com\/index.php\/produkt\/akce-isan-aura-chrom-topny-zebrik-1380-400-bocni-pripojeni-49978\/#breadcrumb\",\"itemListElement\":[{\"@type\":\"ListItem\",\"position\":1,\"name\":\"Home\",\"item\":\"https:\/\/www.oknobuild.com\/\"},{\"@type\":\"ListItem\",\"position\":2,\"name\":\"Products\",\"item\":\"https:\/\/www.oknobuild.com\/index.php\/products\/\"},{\"@type\":\"ListItem\",\"position\":3,\"name\":\"Akce Isan Aura chrom topn\u00fd \u017eeb\u0159\u00edk 1380\/400 bo\u010dn\u00ed p\u0159ipojen\u00ed\"}]},{\"@type\":\"WebSite\",\"@id\":\"https:\/\/www.oknobuild.com\/#website\",\"url\":\"https:\/\/www.oknobuild.com\/\",\"name\":\"\",\"description\":\"\",\"potentialAction\":[{\"@type\":\"SearchAction\",\"target\":{\"@type\":\"EntryPoint\",\"urlTemplate\":\"https:\/\/www.oknobuild.com\/?s={search_term_string}\"},\"query-input\":{\"@type\":\"PropertyValueSpecification\",\"valueRequired\":true,\"valueName\":\"search_term_string\"}}],\"inLanguage\":\"cs\"}]}<\/script>\n<!-- \/ Yoast SEO plugin. -->","yoast_head_json":{"title":"Akce Isan Aura chrom topn\u00fd \u017eeb\u0159\u00edk 1380\/400 bo\u010dn\u00ed p\u0159ipojen\u00ed -","robots":{"index":"index","follow":"follow","max-snippet":"max-snippet:-1","max-image-preview":"max-image-preview:large","max-video-preview":"max-video-preview:-1"},"canonical":"https:\/\/www.oknobuild.com\/index.php\/produkt\/akce-isan-aura-chrom-topny-zebrik-1380-400-bocni-pripojeni-49978\/","og_locale":"cs_CZ","og_type":"article","og_title":"Akce Isan Aura chrom topn\u00fd \u017eeb\u0159\u00edk 1380\/400 bo\u010dn\u00ed p\u0159ipojen\u00ed -","og_description":"Detailn\u00ed popis produktu S\u00edla jednoduchosti a sou\u010dasn\u011b elegance p\u0159edur\u010den\u00e1 v\u0161em, kte\u0159\u00ed maj\u00ed r\u00e1di klasiku. Symetrick\u00e1 linie vnese neot\u0159el\u00fd styl p\u0159edev\u0161\u00edm do kuchyn\u00ed a koupelen. P\u0159\u00edslu\u0161enstv\u00ed zobrazen\u00e9 na fotografii produktu nen\u00ed sou\u010d\u00e1st\u00ed dod\u00e1vky radi\u00e1toru. &nbsp; &nbsp; &nbsp; Upozorn\u011bn\u00ed pro z\u00e1kazn\u00edky ke koupi produkt\u016f na objedn\u00e1n\u00ed: Toto zbo\u017e\u00ed nen\u00ed standardn\u00edm s\u00e9riov\u00fdm v\u00fdrobkem. Bude vyrobeno na p\u0159\u00e1n\u00ed z\u00e1kazn\u00edka [&hellip;]","og_url":"https:\/\/www.oknobuild.com\/index.php\/produkt\/akce-isan-aura-chrom-topny-zebrik-1380-400-bocni-pripojeni-49978\/","og_image":[{"width":1000,"height":750,"url":"https:\/\/www.oknobuild.com\/wp-content\/uploads\/2026\/SK0017463-CZ20260425-093631-0-1777080994-317033_aura-chrom.webp","type":"image\/webp"}],"twitter_card":"summary_large_image","twitter_misc":{"Odhadovan\u00e1 doba \u010dten\u00ed":"1 minuta"},"schema":{"@context":"https:\/\/schema.org","@graph":[{"@type":"WebPage","@id":"https:\/\/www.oknobuild.com\/index.php\/produkt\/akce-isan-aura-chrom-topny-zebrik-1380-400-bocni-pripojeni-49978\/","url":"https:\/\/www.oknobuild.com\/index.php\/produkt\/akce-isan-aura-chrom-topny-zebrik-1380-400-bocni-pripojeni-49978\/","name":"Akce Isan Aura chrom topn\u00fd \u017eeb\u0159\u00edk 1380\/400 bo\u010dn\u00ed p\u0159ipojen\u00ed -","isPartOf":{"@id":"https:\/\/www.oknobuild.com\/#website"},"primaryImageOfPage":{"@id":"https:\/\/www.oknobuild.com\/index.php\/produkt\/akce-isan-aura-chrom-topny-zebrik-1380-400-bocni-pripojeni-49978\/#primaryimage"},"image":{"@id":"https:\/\/www.oknobuild.com\/index.php\/produkt\/akce-isan-aura-chrom-topny-zebrik-1380-400-bocni-pripojeni-49978\/#primaryimage"},"thumbnailUrl":"https:\/\/www.oknobuild.com\/wp-content\/uploads\/2026\/SK0017463-CZ20260425-093631-0-1777080994-317033_aura-chrom.webp","datePublished":"2026-04-27T04:42:46+00:00","breadcrumb":{"@id":"https:\/\/www.oknobuild.com\/index.php\/produkt\/akce-isan-aura-chrom-topny-zebrik-1380-400-bocni-pripojeni-49978\/#breadcrumb"},"inLanguage":"cs","potentialAction":[{"@type":"ReadAction","target":["https:\/\/www.oknobuild.com\/index.php\/produkt\/akce-isan-aura-chrom-topny-zebrik-1380-400-bocni-pripojeni-49978\/"]}]},{"@type":"ImageObject","inLanguage":"cs","@id":"https:\/\/www.oknobuild.com\/index.php\/produkt\/akce-isan-aura-chrom-topny-zebrik-1380-400-bocni-pripojeni-49978\/#primaryimage","url":"https:\/\/www.oknobuild.com\/wp-content\/uploads\/2026\/SK0017463-CZ20260425-093631-0-1777080994-317033_aura-chrom.webp","contentUrl":"https:\/\/www.oknobuild.com\/wp-content\/uploads\/2026\/SK0017463-CZ20260425-093631-0-1777080994-317033_aura-chrom.webp","width":1000,"height":750},{"@type":"BreadcrumbList","@id":"https:\/\/www.oknobuild.com\/index.php\/produkt\/akce-isan-aura-chrom-topny-zebrik-1380-400-bocni-pripojeni-49978\/#breadcrumb","itemListElement":[{"@type":"ListItem","position":1,"name":"Home","item":"https:\/\/www.oknobuild.com\/"},{"@type":"ListItem","position":2,"name":"Products","item":"https:\/\/www.oknobuild.com\/index.php\/products\/"},{"@type":"ListItem","position":3,"name":"Akce Isan Aura chrom topn\u00fd \u017eeb\u0159\u00edk 1380\/400 bo\u010dn\u00ed p\u0159ipojen\u00ed"}]},{"@type":"WebSite","@id":"https:\/\/www.oknobuild.com\/#website","url":"https:\/\/www.oknobuild.com\/","name":"","description":"","potentialAction":[{"@type":"SearchAction","target":{"@type":"EntryPoint","urlTemplate":"https:\/\/www.oknobuild.com\/?s={search_term_string}"},"query-input":{"@type":"PropertyValueSpecification","valueRequired":true,"valueName":"search_term_string"}}],"inLanguage":"cs"}]}},"_links":{"self":[{"href":"https:\/\/www.oknobuild.com\/index.php\/wp-json\/wp\/v2\/product\/49978","targetHints":{"allow":["GET"]}}],"collection":[{"href":"https:\/\/www.oknobuild.com\/index.php\/wp-json\/wp\/v2\/product"}],"about":[{"href":"https:\/\/www.oknobuild.com\/index.php\/wp-json\/wp\/v2\/types\/product"}],"replies":[{"embeddable":true,"href":"https:\/\/www.oknobuild.com\/index.php\/wp-json\/wp\/v2\/comments?post=49978"}],"wp:featuredmedia":[{"embeddable":true,"href":"https:\/\/www.oknobuild.com\/index.php\/wp-json\/wp\/v2\/media\/50078"}],"wp:attachment":[{"href":"https:\/\/www.oknobuild.com\/index.php\/wp-json\/wp\/v2\/media?parent=49978"}],"wp:term":[{"taxonomy":"product_brand","embeddable":true,"href":"https:\/\/www.oknobuild.com\/index.php\/wp-json\/wp\/v2\/product_brand?post=49978"},{"taxonomy":"product_cat","embeddable":true,"href":"https:\/\/www.oknobuild.com\/index.php\/wp-json\/wp\/v2\/product_cat?post=49978"},{"taxonomy":"product_tag","embeddable":true,"href":"https:\/\/www.oknobuild.com\/index.php\/wp-json\/wp\/v2\/product_tag?post=49978"}],"curies":[{"name":"wp","href":"https:\/\/api.w.org\/{rel}","templated":true}]}}