{"id":50126,"date":"2026-04-27T04:42:47","date_gmt":"2026-04-27T04:42:47","guid":{"rendered":""},"modified":"2026-04-27T04:42:47","modified_gmt":"2026-04-27T04:42:47","slug":"akce-terma-stand-designovy-koupelnovy-radiator-50126","status":"publish","type":"product","link":"https:\/\/www.oknobuild.com\/index.php\/produkt\/akce-terma-stand-designovy-koupelnovy-radiator-50126\/","title":{"rendered":"Akce Terma Stand designov\u00fd koupelnov\u00fd radi\u00e1tor"},"content":{"rendered":"<div class=\"basic-description\">\n<h3>Detailn\u00ed popis produktu<\/h3>\n<div class=\"upperInfo\">\n<div class=\"upperInfo\">\n<div class=\"upperInfo\">\n<div class=\"upperInfo\">\n<div class=\"upperInfo\">\n<div class=\"upperInfo\">\n<div class=\"upperInfo\">\n<div class=\"upperInfo\">\n<div class=\"upperInfo\">\n<div class=\"upperInfo\">\n<div class=\"upperInfo\">\n<div class=\"upperInfo\">\n<div class=\"upperInfo\">\n<h1>Radi\u00e1tor Stand<\/h1>\n<div class=\"header-lead clerafix node-5097-product-field-product-version \">Radi\u00e1tor Stand<\/div>\n<\/div>\n<div class=\"description\">\n<div class=\"field-description\">\n<div class=\"field-items\">\n<div class=\"field-item even\">\n<p>Radi\u00e1tor ve stylu modern\u00ed skandin\u00e1vsk\u00e9 jednoduchosti. D\u0159ev\u011bn\u00e9 poli\u010dky, kter\u00e9 lze libovoln\u011b pokl\u00e1dat na p\u0159\u00ed\u010dky radi\u00e1toru, jej prom\u011bn\u00ed na multifunk\u010dn\u00ed prvek koupelny nebo n\u00e1bytek. Police z d\u0159ev\u011bn\u00e9ho masivu jsou k dispozici v proveden\u00edch z dubu, buku a teaku.<\/p>\n<\/div>\n<\/div>\n<\/div>\n<\/div>\n<\/div>\n<\/div>\n<\/div>\n<\/div>\n<\/div>\n<\/div>\n<\/div>\n<\/div>\n<\/div>\n<h4>V\u00fdhody<\/h4>\n<ul>\n<li>\n<div class=\"field-item\">L\u00edcov\u00e1n\u00ed profil\u016f p\u016fsob\u00ed jako modern\u00ed tvar s rovn\u00fdm povrchem<\/div>\n<\/li>\n<li>\n<div class=\"field-item\">Mont\u00e1\u017en\u00ed \u00fachyty MKP umo\u017e\u0148uj\u00ed nastaven\u00ed vzd\u00e1lenosti radi\u00e1toru od st\u011bny<\/div>\n<\/li>\n<li>\n<div class=\"field-item\">D\u0159ev\u011bn\u00e9 police ur\u010den\u00e9 pro tento radi\u00e1tor<\/div>\n<\/li>\n<li>\n<div class=\"field-item\">\u0160irok\u00e1 \u0161k\u00e1la povrchov\u00fdch \u00faprav: 66 speci\u00e1ln\u00edch barev a 191 barev RAL v leskl\u00e9, polomatn\u00e9 nebo matn\u00e9 verzi<\/div>\n<\/li>\n<\/ul>\n<\/div>\n<div class=\"description\">\n<div class=\"field-description\">\n<div class=\"field-items\">\n<div class=\"field-item even\">\n<div>\n<div class=\"upperInfo\">\n<div class=\"upperInfo\">\n<div class=\"upperInfo\">\n<div class=\"description\">\n<div class=\"field-description\">\n<div class=\"field-items\">\n<div class=\"field-item even\">\n<h4>SADA OBSAHUJE<\/h4>\n<ul>\n<li>\n<div class=\"field-item \">Odvzdu\u0161\u0148ovac\u00ed ventil<\/div>\n<\/li>\n<li>\n<div class=\"field-item \">Sada mont\u00e1\u017en\u00edch \u00fachyt\u016f<\/div>\n<\/li>\n<\/ul>\n<p>&nbsp;<\/p>\n<p>&nbsp;<\/p>\n<\/div>\n<\/div>\n<\/div>\n<\/div>\n<\/div>\n<\/div>\n<\/div>\n<\/div>\n<div>\n<\/p>\n<div>&nbsp;<\/div>\n<div class=\"plus-gallery-item\" style=\"height: 100px; width: 100px;\"><\/div>\n<div class=\"plus-gallery-item\" style=\"height: 100px; width: 100px;\"><\/div>\n<div class=\"plus-gallery-item\" style=\"height: 100px; width: 100px;\"><\/div>\n<div class=\"plus-gallery-item\" style=\"height: 100px; width: 100px;\"><\/div>\n<div class=\"plus-gallery-item\" style=\"height: 100px; width: 100px;\"><\/div>\n<div class=\"plus-gallery-item\" style=\"height: 100px; width: 100px;\"><\/div>\n<div class=\"plus-gallery-item\" style=\"height: 100px; width: 100px;\"><\/div>\n<div class=\"plus-gallery-item\" style=\"height: 100px; width: 100px;\"><\/div>\n<div class=\"plus-gallery-item\" style=\"height: 100px; width: 100px;\"><\/div>\n<div class=\"plus-gallery-item\" style=\"height: 100px; width: 100px;\"><\/div>\n<div class=\"plus-gallery-item\" style=\"height: 100px; width: 100px;\"><\/div>\n<div class=\"plus-gallery-item\" style=\"height: 100px; width: 100px;\"><\/div>\n<div class=\"plus-gallery-item\" style=\"height: 100px; width: 100px;\"><\/div>\n<div class=\"plus-gallery-item\" style=\"height: 100px; width: 100px;\"><\/div>\n<div class=\"plus-gallery-item\" style=\"height: 100px; width: 100px;\"><\/div>\n<div class=\"plus-gallery-item\" style=\"height: 100px; width: 100px;\"><\/div>\n<div class=\"plus-gallery-item\" style=\"height: 100px; width: 100px;\"><\/div>\n<div class=\"plus-gallery-item\" style=\"height: 100px; width: 100px;\"><\/div>\n<div class=\"plus-gallery-item\" style=\"height: 100px; width: 100px;\"><\/div>\n<div class=\"plus-gallery-item\" style=\"height: 100px; width: 100px;\"><\/div>\n<div class=\"plus-gallery-item\" style=\"height: 100px; width: 100px;\"><\/div>\n<div class=\"plus-gallery-item\" style=\"height: 100px; width: 100px;\"><\/div>\n<div class=\"plus-gallery-item\" style=\"height: 100px; width: 100px;\"><\/div>\n<div class=\"plus-gallery-item\" style=\"height: 100px; width: 100px;\"><\/div>\n<div class=\"plus-gallery-item\" style=\"height: 100px; width: 100px;\"><\/div>\n<div class=\"plus-gallery-item\" style=\"height: 100px; width: 100px;\"><\/div>\n<div class=\"plus-gallery-item\" style=\"height: 100px; width: 100px;\"><\/div>\n<div class=\"plus-gallery-item\" style=\"height: 100px; width: 100px;\"><\/div>\n<div class=\"plus-gallery-item\" style=\"height: 100px; width: 100px;\"><\/div>\n<div class=\"plus-gallery-item\" style=\"height: 100px; width: 100px;\"><\/div>\n<div class=\"plus-gallery-item\" style=\"height: 100px; width: 100px;\"><\/div>\n<div class=\"plus-gallery-item\" style=\"height: 100px; width: 100px;\"><\/div>\n<div class=\"plus-gallery-item\" style=\"height: 100px; width: 100px;\"><\/div>\n<div class=\"plus-gallery-item\" style=\"height: 100px; width: 100px;\"><\/div>\n<div class=\"plus-gallery-item\" style=\"height: 100px; width: 100px;\"><\/div>\n<div class=\"plus-gallery-item\" style=\"height: 100px; width: 100px;\"><\/div>\n<div class=\"plus-gallery-item\" style=\"height: 100px; width: 100px;\"><\/div>\n<div class=\"plus-gallery-item\" style=\"height: 100px; width: 100px;\"><\/div>\n<div class=\"plus-gallery-item\" style=\"height: 100px; width: 100px;\"><\/div>\n<div class=\"plus-gallery-item\" style=\"height: 100px; width: 100px;\"><\/div>\n<div class=\"plus-gallery-item\" style=\"height: 100px; width: 100px;\"><\/div>\n<div class=\"plus-gallery-item\" style=\"height: 100px; width: 100px;\"><\/div>\n<div class=\"plus-gallery-item\" style=\"height: 100px; width: 100px;\"><\/div>\n<div class=\"plus-gallery-item\" style=\"height: 100px; width: 100px;\"><\/div>\n<div class=\"plus-gallery-item\" style=\"height: 100px; width: 100px;\"><\/div>\n<div class=\"plus-gallery-item\" style=\"height: 100px; width: 100px;\"><\/div>\n<div class=\"plus-gallery-item\" style=\"height: 100px; width: 100px;\"><\/div>\n<div class=\"plus-gallery-item\" style=\"height: 100px; width: 100px;\"><\/div>\n<div class=\"plus-gallery-item\" style=\"height: 100px; width: 100px;\"><\/div>\n<div class=\"plus-gallery-item\" style=\"height: 100px; width: 100px;\"><\/div>\n<div class=\"plus-gallery-item\" style=\"height: 100px; width: 100px;\"><\/div>\n<div class=\"plus-gallery-item\" style=\"height: 100px; width: 100px;\"><\/div>\n<div class=\"plus-gallery-item\" style=\"height: 100px; width: 100px;\"><\/div>\n<div class=\"plus-gallery-item\" style=\"height: 100px; width: 100px;\"><\/div>\n<\/div>\n<\/div>\n<div>&nbsp;<span style=\"text-align: center; font-family: var(--template-font),sans-serif;\">&nbsp;<\/span><\/div>\n<div>\n<h4 style=\"text-align: center;\"><span style=\"color: #3366ff;\"><strong>Premium barvy <\/strong><\/span><\/h4>\n<h4 style=\"text-align: center;\"><span style=\"font-size: 10pt;\"><strong>(jsou s p\u0159\u00edplatkem 25% z d\u016fvodu dra\u017e\u0161\u00ed technologie lakov\u00e1n\u00ed)<\/strong>&nbsp;<\/span><\/h4>\n<div class=\"plus-gallery-wrap\">\n<div class=\"plus-gallery-item\" style=\"height: 100px; width: 100px;\"><\/div>\n<div class=\"plus-gallery-item\" style=\"height: 100px; width: 100px;\"><\/div>\n<div class=\"plus-gallery-item\" style=\"height: 100px; width: 100px;\"><\/div>\n<div class=\"plus-gallery-item\" style=\"height: 100px; width: 100px;\"><\/div>\n<div class=\"plus-gallery-item\" style=\"height: 100px; width: 100px;\"><\/div>\n<div class=\"plus-gallery-item\" style=\"height: 100px; width: 100px;\"><\/div>\n<div class=\"plus-gallery-item\" style=\"height: 100px; width: 100px;\"><\/div>\n<div class=\"plus-gallery-item\" style=\"height: 100px; width: 100px;\"><\/div>\n<div class=\"plus-gallery-item\" style=\"height: 100px; width: 100px;\"><\/div>\n<div class=\"plus-gallery-item\" style=\"height: 100px; width: 100px;\"><\/div>\n<div class=\"plus-gallery-item\" style=\"height: 100px; width: 100px;\"><\/div>\n<div class=\"plus-gallery-item\" style=\"height: 100px; width: 100px;\"><\/div>\n<div class=\"plus-gallery-item\" style=\"height: 100px; width: 100px;\"><\/div>\n<\/div>\n<div class=\"plus-gallery-wrap\">&nbsp;<\/div>\n<h4 style=\"text-align: center;\"><span style=\"color: #3366ff;\"><strong>RAL Barvy<\/strong><\/span><\/h4>\n<p><span><\/span><\/p>\n<h4><span><strong><\/strong><\/span><\/h4>\n<h4><span class=\"big\"><\/span><\/h4>\n<p>&nbsp;<\/p>\n<div class=\"sketchfab-embed-wrapper\">\n<div class=\"sketchfab-embed-wrapper\">\n<div class=\"sketchfab-embed-wrapper\">\n<div class=\"embed-container\">\n<div class=\"embed-container\">\n<div class=\"embed-container\">\n<div class=\"embed-container\">\n<div class=\"embed-container\">\n<div class=\"embed-container\">\n<div class=\"embed-container\">\n<div class=\"embed-container\">\n<div class=\"embed-container\">\n<div class=\"embed-container\">\n<div class=\"embed-container\">\n<div class=\"embed-container\">\n<div class=\"embed-container\" style=\"position: relative; padding-bottom: 56.25%; height: 0; overflow: hidden; max-width: 100%;\"><\/div>\n<\/div>\n<\/div>\n<\/div>\n<\/div>\n<\/div>\n<\/div>\n<\/div>\n<\/div>\n<\/div>\n<\/div>\n<\/div>\n<\/div>\n<p>&nbsp;<\/p>\n<\/div>\n<p><span style=\"font-family: var(--template-font),sans-serif;\">Upozorn\u011bn\u00ed pro z\u00e1kazn\u00edky ke koupi produkt\u016f na objedn\u00e1n\u00ed: Toto zbo\u017e\u00ed nen\u00ed standardn\u00edm s\u00e9riov\u00fdm v\u00fdrobkem. Bude vyrobeno na p\u0159\u00e1n\u00ed z\u00e1kazn\u00edka a proto jej nelze dodavateli v z\u00e1konn\u00e9 lh\u016ft\u011b vr\u00e1tit. (viz \u00a71837 odst.d, ob\u010dansk\u00e9ho z\u00e1kon\u00edku). V tomto p\u0159\u00edpad\u011b m\u016f\u017eeme po\u017eadovat nevratnou z\u00e1lohu a\u017e do v\u00fd\u0161e 100 % z ceny v\u00fdrobku.<\/span><\/p>\n<\/div>\n<\/div>\n<\/div>\n<\/div>\n<\/div>\n<\/div>\n<\/div>\n<\/div>\n<\/div>\n<\/div><\/div>\n","protected":false},"excerpt":{"rendered":"<p>Detailn\u00ed popis produktu Radi\u00e1tor Stand Radi\u00e1tor Stand Radi\u00e1tor ve stylu modern\u00ed skandin\u00e1vsk\u00e9 jednoduchosti. D\u0159ev\u011bn\u00e9 poli\u010dky, kter\u00e9 lze libovoln\u011b pokl\u00e1dat na p\u0159\u00ed\u010dky radi\u00e1toru, jej prom\u011bn\u00ed na multifunk\u010dn\u00ed prvek koupelny nebo n\u00e1bytek. Police z d\u0159ev\u011bn\u00e9ho masivu jsou k dispozici v proveden\u00edch z dubu, buku a teaku. V\u00fdhody L\u00edcov\u00e1n\u00ed profil\u016f p\u016fsob\u00ed jako modern\u00ed tvar s rovn\u00fdm povrchem Mont\u00e1\u017en\u00ed [&hellip;]<\/p>\n","protected":false},"featured_media":50226,"comment_status":"open","ping_status":"open","template":"","meta":[],"product_brand":[],"product_cat":[79],"product_tag":[],"class_list":{"0":"post-50126","1":"product","2":"type-product","3":"status-publish","4":"has-post-thumbnail","6":"product_cat-vytapeni","8":"first","9":"instock","10":"sale","11":"shipping-taxable","12":"purchasable","13":"product-type-simple"},"yoast_head":"<!-- This site is optimized with the Yoast SEO plugin v26.8 - https:\/\/yoast.com\/product\/yoast-seo-wordpress\/ -->\n<title>Akce Terma Stand designov\u00fd koupelnov\u00fd radi\u00e1tor -<\/title>\n<meta name=\"robots\" content=\"index, follow, max-snippet:-1, max-image-preview:large, max-video-preview:-1\" \/>\n<link rel=\"canonical\" href=\"https:\/\/www.oknobuild.com\/index.php\/produkt\/akce-terma-stand-designovy-koupelnovy-radiator-50126\/\" \/>\n<meta property=\"og:locale\" content=\"cs_CZ\" \/>\n<meta property=\"og:type\" content=\"article\" \/>\n<meta property=\"og:title\" content=\"Akce Terma Stand designov\u00fd koupelnov\u00fd radi\u00e1tor -\" \/>\n<meta property=\"og:description\" content=\"Detailn\u00ed popis produktu Radi\u00e1tor Stand Radi\u00e1tor Stand Radi\u00e1tor ve stylu modern\u00ed skandin\u00e1vsk\u00e9 jednoduchosti. D\u0159ev\u011bn\u00e9 poli\u010dky, kter\u00e9 lze libovoln\u011b pokl\u00e1dat na p\u0159\u00ed\u010dky radi\u00e1toru, jej prom\u011bn\u00ed na multifunk\u010dn\u00ed prvek koupelny nebo n\u00e1bytek. Police z d\u0159ev\u011bn\u00e9ho masivu jsou k dispozici v proveden\u00edch z dubu, buku a teaku. V\u00fdhody L\u00edcov\u00e1n\u00ed profil\u016f p\u016fsob\u00ed jako modern\u00ed tvar s rovn\u00fdm povrchem Mont\u00e1\u017en\u00ed [&hellip;]\" \/>\n<meta property=\"og:url\" content=\"https:\/\/www.oknobuild.com\/index.php\/produkt\/akce-terma-stand-designovy-koupelnovy-radiator-50126\/\" \/>\n<meta property=\"og:image\" content=\"https:\/\/www.oknobuild.com\/wp-content\/uploads\/2026\/SK0017536-CZ20260425-093631-0-1777080994-317258_stand-1150-400-modern-grey.webp\" \/>\n\t<meta property=\"og:image:width\" content=\"1000\" \/>\n\t<meta property=\"og:image:height\" content=\"750\" \/>\n\t<meta property=\"og:image:type\" content=\"image\/webp\" \/>\n<meta name=\"twitter:card\" content=\"summary_large_image\" \/>\n<meta name=\"twitter:label1\" content=\"Odhadovan\u00e1 doba \u010dten\u00ed\" \/>\n\t<meta name=\"twitter:data1\" content=\"1 minuta\" \/>\n<script type=\"application\/ld+json\" class=\"yoast-schema-graph\">{\"@context\":\"https:\/\/schema.org\",\"@graph\":[{\"@type\":\"WebPage\",\"@id\":\"https:\/\/www.oknobuild.com\/index.php\/produkt\/akce-terma-stand-designovy-koupelnovy-radiator-50126\/\",\"url\":\"https:\/\/www.oknobuild.com\/index.php\/produkt\/akce-terma-stand-designovy-koupelnovy-radiator-50126\/\",\"name\":\"Akce Terma Stand designov\u00fd koupelnov\u00fd radi\u00e1tor -\",\"isPartOf\":{\"@id\":\"https:\/\/www.oknobuild.com\/#website\"},\"primaryImageOfPage\":{\"@id\":\"https:\/\/www.oknobuild.com\/index.php\/produkt\/akce-terma-stand-designovy-koupelnovy-radiator-50126\/#primaryimage\"},\"image\":{\"@id\":\"https:\/\/www.oknobuild.com\/index.php\/produkt\/akce-terma-stand-designovy-koupelnovy-radiator-50126\/#primaryimage\"},\"thumbnailUrl\":\"https:\/\/www.oknobuild.com\/wp-content\/uploads\/2026\/SK0017536-CZ20260425-093631-0-1777080994-317258_stand-1150-400-modern-grey.webp\",\"datePublished\":\"2026-04-27T04:42:47+00:00\",\"breadcrumb\":{\"@id\":\"https:\/\/www.oknobuild.com\/index.php\/produkt\/akce-terma-stand-designovy-koupelnovy-radiator-50126\/#breadcrumb\"},\"inLanguage\":\"cs\",\"potentialAction\":[{\"@type\":\"ReadAction\",\"target\":[\"https:\/\/www.oknobuild.com\/index.php\/produkt\/akce-terma-stand-designovy-koupelnovy-radiator-50126\/\"]}]},{\"@type\":\"ImageObject\",\"inLanguage\":\"cs\",\"@id\":\"https:\/\/www.oknobuild.com\/index.php\/produkt\/akce-terma-stand-designovy-koupelnovy-radiator-50126\/#primaryimage\",\"url\":\"https:\/\/www.oknobuild.com\/wp-content\/uploads\/2026\/SK0017536-CZ20260425-093631-0-1777080994-317258_stand-1150-400-modern-grey.webp\",\"contentUrl\":\"https:\/\/www.oknobuild.com\/wp-content\/uploads\/2026\/SK0017536-CZ20260425-093631-0-1777080994-317258_stand-1150-400-modern-grey.webp\",\"width\":1000,\"height\":750},{\"@type\":\"BreadcrumbList\",\"@id\":\"https:\/\/www.oknobuild.com\/index.php\/produkt\/akce-terma-stand-designovy-koupelnovy-radiator-50126\/#breadcrumb\",\"itemListElement\":[{\"@type\":\"ListItem\",\"position\":1,\"name\":\"Home\",\"item\":\"https:\/\/www.oknobuild.com\/\"},{\"@type\":\"ListItem\",\"position\":2,\"name\":\"Products\",\"item\":\"https:\/\/www.oknobuild.com\/index.php\/products\/\"},{\"@type\":\"ListItem\",\"position\":3,\"name\":\"Akce Terma Stand designov\u00fd koupelnov\u00fd radi\u00e1tor\"}]},{\"@type\":\"WebSite\",\"@id\":\"https:\/\/www.oknobuild.com\/#website\",\"url\":\"https:\/\/www.oknobuild.com\/\",\"name\":\"\",\"description\":\"\",\"potentialAction\":[{\"@type\":\"SearchAction\",\"target\":{\"@type\":\"EntryPoint\",\"urlTemplate\":\"https:\/\/www.oknobuild.com\/?s={search_term_string}\"},\"query-input\":{\"@type\":\"PropertyValueSpecification\",\"valueRequired\":true,\"valueName\":\"search_term_string\"}}],\"inLanguage\":\"cs\"}]}<\/script>\n<!-- \/ Yoast SEO plugin. -->","yoast_head_json":{"title":"Akce Terma Stand designov\u00fd koupelnov\u00fd radi\u00e1tor -","robots":{"index":"index","follow":"follow","max-snippet":"max-snippet:-1","max-image-preview":"max-image-preview:large","max-video-preview":"max-video-preview:-1"},"canonical":"https:\/\/www.oknobuild.com\/index.php\/produkt\/akce-terma-stand-designovy-koupelnovy-radiator-50126\/","og_locale":"cs_CZ","og_type":"article","og_title":"Akce Terma Stand designov\u00fd koupelnov\u00fd radi\u00e1tor -","og_description":"Detailn\u00ed popis produktu Radi\u00e1tor Stand Radi\u00e1tor Stand Radi\u00e1tor ve stylu modern\u00ed skandin\u00e1vsk\u00e9 jednoduchosti. D\u0159ev\u011bn\u00e9 poli\u010dky, kter\u00e9 lze libovoln\u011b pokl\u00e1dat na p\u0159\u00ed\u010dky radi\u00e1toru, jej prom\u011bn\u00ed na multifunk\u010dn\u00ed prvek koupelny nebo n\u00e1bytek. Police z d\u0159ev\u011bn\u00e9ho masivu jsou k dispozici v proveden\u00edch z dubu, buku a teaku. V\u00fdhody L\u00edcov\u00e1n\u00ed profil\u016f p\u016fsob\u00ed jako modern\u00ed tvar s rovn\u00fdm povrchem Mont\u00e1\u017en\u00ed [&hellip;]","og_url":"https:\/\/www.oknobuild.com\/index.php\/produkt\/akce-terma-stand-designovy-koupelnovy-radiator-50126\/","og_image":[{"width":1000,"height":750,"url":"https:\/\/www.oknobuild.com\/wp-content\/uploads\/2026\/SK0017536-CZ20260425-093631-0-1777080994-317258_stand-1150-400-modern-grey.webp","type":"image\/webp"}],"twitter_card":"summary_large_image","twitter_misc":{"Odhadovan\u00e1 doba \u010dten\u00ed":"1 minuta"},"schema":{"@context":"https:\/\/schema.org","@graph":[{"@type":"WebPage","@id":"https:\/\/www.oknobuild.com\/index.php\/produkt\/akce-terma-stand-designovy-koupelnovy-radiator-50126\/","url":"https:\/\/www.oknobuild.com\/index.php\/produkt\/akce-terma-stand-designovy-koupelnovy-radiator-50126\/","name":"Akce Terma Stand designov\u00fd koupelnov\u00fd radi\u00e1tor -","isPartOf":{"@id":"https:\/\/www.oknobuild.com\/#website"},"primaryImageOfPage":{"@id":"https:\/\/www.oknobuild.com\/index.php\/produkt\/akce-terma-stand-designovy-koupelnovy-radiator-50126\/#primaryimage"},"image":{"@id":"https:\/\/www.oknobuild.com\/index.php\/produkt\/akce-terma-stand-designovy-koupelnovy-radiator-50126\/#primaryimage"},"thumbnailUrl":"https:\/\/www.oknobuild.com\/wp-content\/uploads\/2026\/SK0017536-CZ20260425-093631-0-1777080994-317258_stand-1150-400-modern-grey.webp","datePublished":"2026-04-27T04:42:47+00:00","breadcrumb":{"@id":"https:\/\/www.oknobuild.com\/index.php\/produkt\/akce-terma-stand-designovy-koupelnovy-radiator-50126\/#breadcrumb"},"inLanguage":"cs","potentialAction":[{"@type":"ReadAction","target":["https:\/\/www.oknobuild.com\/index.php\/produkt\/akce-terma-stand-designovy-koupelnovy-radiator-50126\/"]}]},{"@type":"ImageObject","inLanguage":"cs","@id":"https:\/\/www.oknobuild.com\/index.php\/produkt\/akce-terma-stand-designovy-koupelnovy-radiator-50126\/#primaryimage","url":"https:\/\/www.oknobuild.com\/wp-content\/uploads\/2026\/SK0017536-CZ20260425-093631-0-1777080994-317258_stand-1150-400-modern-grey.webp","contentUrl":"https:\/\/www.oknobuild.com\/wp-content\/uploads\/2026\/SK0017536-CZ20260425-093631-0-1777080994-317258_stand-1150-400-modern-grey.webp","width":1000,"height":750},{"@type":"BreadcrumbList","@id":"https:\/\/www.oknobuild.com\/index.php\/produkt\/akce-terma-stand-designovy-koupelnovy-radiator-50126\/#breadcrumb","itemListElement":[{"@type":"ListItem","position":1,"name":"Home","item":"https:\/\/www.oknobuild.com\/"},{"@type":"ListItem","position":2,"name":"Products","item":"https:\/\/www.oknobuild.com\/index.php\/products\/"},{"@type":"ListItem","position":3,"name":"Akce Terma Stand designov\u00fd koupelnov\u00fd radi\u00e1tor"}]},{"@type":"WebSite","@id":"https:\/\/www.oknobuild.com\/#website","url":"https:\/\/www.oknobuild.com\/","name":"","description":"","potentialAction":[{"@type":"SearchAction","target":{"@type":"EntryPoint","urlTemplate":"https:\/\/www.oknobuild.com\/?s={search_term_string}"},"query-input":{"@type":"PropertyValueSpecification","valueRequired":true,"valueName":"search_term_string"}}],"inLanguage":"cs"}]}},"_links":{"self":[{"href":"https:\/\/www.oknobuild.com\/index.php\/wp-json\/wp\/v2\/product\/50126","targetHints":{"allow":["GET"]}}],"collection":[{"href":"https:\/\/www.oknobuild.com\/index.php\/wp-json\/wp\/v2\/product"}],"about":[{"href":"https:\/\/www.oknobuild.com\/index.php\/wp-json\/wp\/v2\/types\/product"}],"replies":[{"embeddable":true,"href":"https:\/\/www.oknobuild.com\/index.php\/wp-json\/wp\/v2\/comments?post=50126"}],"wp:featuredmedia":[{"embeddable":true,"href":"https:\/\/www.oknobuild.com\/index.php\/wp-json\/wp\/v2\/media\/50226"}],"wp:attachment":[{"href":"https:\/\/www.oknobuild.com\/index.php\/wp-json\/wp\/v2\/media?parent=50126"}],"wp:term":[{"taxonomy":"product_brand","embeddable":true,"href":"https:\/\/www.oknobuild.com\/index.php\/wp-json\/wp\/v2\/product_brand?post=50126"},{"taxonomy":"product_cat","embeddable":true,"href":"https:\/\/www.oknobuild.com\/index.php\/wp-json\/wp\/v2\/product_cat?post=50126"},{"taxonomy":"product_tag","embeddable":true,"href":"https:\/\/www.oknobuild.com\/index.php\/wp-json\/wp\/v2\/product_tag?post=50126"}],"curies":[{"name":"wp","href":"https:\/\/api.w.org\/{rel}","templated":true}]}}