{"id":50169,"date":"2026-04-27T04:42:47","date_gmt":"2026-04-27T04:42:47","guid":{"rendered":""},"modified":"2026-04-27T04:42:47","modified_gmt":"2026-04-27T04:42:47","slug":"znackovy-sapho-wicher-topna-tyc-s-termostatem-400-w-chrom-600-203-1-50169","status":"publish","type":"product","link":"https:\/\/www.oknobuild.com\/index.php\/produkt\/znackovy-sapho-wicher-topna-tyc-s-termostatem-400-w-chrom-600-203-1-50169\/","title":{"rendered":"Zna\u010dkov\u00fd Sapho WICHER topn\u00e1 ty\u010d s termostatem, 400 W, chrom 600.203.1"},"content":{"rendered":"<div class=\"basic-description\">\n<h3>Detailn\u00ed popis produktu<\/h3>\n<p><\/p>\n<p><strong>WICHER&nbsp;<\/strong>elektrick\u00e1 topn\u00e1 ty\u010d s&nbsp;designov\u00fdm termostatem v obl\u00e9m proveden\u00ed.<\/p>\n<ul>\n<li>Funkce ANTIFREEZE, ochrana proti poklesu teploty radi\u00e1toru pod 5-7\u00b0C<\/li>\n<li>3stup\u0148ov\u00fd teplotn\u00ed rozsah<\/li>\n<li>Automatick\u00fd \u010dasova\u010d 60 &#8211; 180 min<\/li>\n<li>Zm\u011bny nastaven\u00ed potvrzen\u00e9 zvukov\u00fdm sign\u00e1lem<\/li>\n<li>Teplotn\u00ed \u010didlo um\u00edst\u011bn\u00e9 v topn\u00e9m elementu<\/li>\n<li>N\u00edzk\u00e1 spot\u0159eba energie v pohotovostn\u00edm re\u017eimu<\/li>\n<li>Ochrana proti provozu topn\u00e9 ty\u010de v such\u00e9m radi\u00e1toru<\/li>\n<li>Dvojit\u00e1 ochrana proti p\u0159eh\u0159\u00e1t\u00ed<\/li>\n<li>P\u0159ipojovac\u00ed kabel: spir\u00e1lov\u00fd v barv\u011b topn\u00e9 ty\u010de, d\u00e9lka 1,5 m<\/li>\n<\/ul>\n<p>V p\u0159\u00edpad\u011b p\u0159ipojen\u00ed topn\u00e9 ty\u010de do otopn\u00e9ho t\u011blesa&nbsp;<strong>pouze na elektrick\u00e9 vyt\u00e1p\u011bn\u00ed<\/strong> je pot\u0159eba do druh\u00e9 stojny dokoupit z\u00e1slepku.<\/p>\n<h2 class=\"props-title\">Vlastnosti<\/h2>\n<table>\n<tr>\n<th>Zna\u010dka<\/th>\n<td>BRUCKNER<\/td>\n<\/tr>\n<tr>\n<th>S\u00e9rie<\/th>\n<td>WICHER<\/td>\n<\/tr>\n<tr>\n<th>Barva<\/th>\n<td>Chrom<\/td>\n<\/tr>\n<tr>\n<th>V\u00fdkon<\/th>\n<td>400&nbsp;W<\/td>\n<\/tr>\n<tr>\n<th>Stupe\u0148 kryt\u00ed<\/th>\n<td>IPx5<\/td>\n<\/tr>\n<tr>\n<th>V\u00fdbava<\/th>\n<td>Termostat<\/td>\n<\/tr>\n<tr>\n<th>Hmotnost \/ ks<\/th>\n<td>0.7370&nbsp;kg<\/td>\n<\/tr>\n<tr>\n<th>Balen\u00ed<\/th>\n<td>1&nbsp;ks<\/td>\n<\/tr>\n<tr>\n<th>EAN<\/th>\n<td>8590913992186<\/td>\n<\/tr>\n<tr>\n<th>Taric<\/th>\n<td>85168080<\/td>\n<\/tr>\n<tr>\n<th>Z\u00e1ruka<\/th>\n<td>2 roky<\/td>\n<\/tr>\n<\/table><\/div>\n","protected":false},"excerpt":{"rendered":"<p>Detailn\u00ed popis produktu WICHER&nbsp;elektrick\u00e1 topn\u00e1 ty\u010d s&nbsp;designov\u00fdm termostatem v obl\u00e9m proveden\u00ed. Funkce ANTIFREEZE, ochrana proti poklesu teploty radi\u00e1toru pod 5-7\u00b0C 3stup\u0148ov\u00fd teplotn\u00ed rozsah Automatick\u00fd \u010dasova\u010d 60 &#8211; 180 min Zm\u011bny nastaven\u00ed potvrzen\u00e9 zvukov\u00fdm sign\u00e1lem Teplotn\u00ed \u010didlo um\u00edst\u011bn\u00e9 v topn\u00e9m elementu N\u00edzk\u00e1 spot\u0159eba energie v pohotovostn\u00edm re\u017eimu Ochrana proti provozu topn\u00e9 ty\u010de v such\u00e9m radi\u00e1toru Dvojit\u00e1 [&hellip;]<\/p>\n","protected":false},"featured_media":50269,"comment_status":"open","ping_status":"open","template":"","meta":[],"product_brand":[],"product_cat":[79],"product_tag":[],"class_list":{"0":"post-50169","1":"product","2":"type-product","3":"status-publish","4":"has-post-thumbnail","6":"product_cat-vytapeni","8":"first","9":"instock","10":"sale","11":"shipping-taxable","12":"purchasable","13":"product-type-simple"},"yoast_head":"<!-- This site is optimized with the Yoast SEO plugin v26.8 - https:\/\/yoast.com\/product\/yoast-seo-wordpress\/ -->\n<title>Zna\u010dkov\u00fd Sapho WICHER topn\u00e1 ty\u010d s termostatem, 400 W, chrom 600.203.1 -<\/title>\n<meta name=\"robots\" content=\"index, follow, max-snippet:-1, max-image-preview:large, max-video-preview:-1\" \/>\n<link rel=\"canonical\" href=\"https:\/\/www.oknobuild.com\/index.php\/produkt\/znackovy-sapho-wicher-topna-tyc-s-termostatem-400-w-chrom-600-203-1-50169\/\" \/>\n<meta property=\"og:locale\" content=\"cs_CZ\" \/>\n<meta property=\"og:type\" content=\"article\" \/>\n<meta property=\"og:title\" content=\"Zna\u010dkov\u00fd Sapho WICHER topn\u00e1 ty\u010d s termostatem, 400 W, chrom 600.203.1 -\" \/>\n<meta property=\"og:description\" content=\"Detailn\u00ed popis produktu WICHER&nbsp;elektrick\u00e1 topn\u00e1 ty\u010d s&nbsp;designov\u00fdm termostatem v obl\u00e9m proveden\u00ed. Funkce ANTIFREEZE, ochrana proti poklesu teploty radi\u00e1toru pod 5-7\u00b0C 3stup\u0148ov\u00fd teplotn\u00ed rozsah Automatick\u00fd \u010dasova\u010d 60 &#8211; 180 min Zm\u011bny nastaven\u00ed potvrzen\u00e9 zvukov\u00fdm sign\u00e1lem Teplotn\u00ed \u010didlo um\u00edst\u011bn\u00e9 v topn\u00e9m elementu N\u00edzk\u00e1 spot\u0159eba energie v pohotovostn\u00edm re\u017eimu Ochrana proti provozu topn\u00e9 ty\u010de v such\u00e9m radi\u00e1toru Dvojit\u00e1 [&hellip;]\" \/>\n<meta property=\"og:url\" content=\"https:\/\/www.oknobuild.com\/index.php\/produkt\/znackovy-sapho-wicher-topna-tyc-s-termostatem-400-w-chrom-600-203-1-50169\/\" \/>\n<meta property=\"og:image\" content=\"https:\/\/www.oknobuild.com\/wp-content\/uploads\/2026\/SK0017593-CZ20260425-093631-0-1777080994-317474-1_sapho-wicher-topna-tyc-s-termostatem--400-w--chrom.webp\" \/>\n\t<meta property=\"og:image:width\" content=\"1000\" \/>\n\t<meta property=\"og:image:height\" content=\"750\" \/>\n\t<meta property=\"og:image:type\" content=\"image\/webp\" \/>\n<meta name=\"twitter:card\" content=\"summary_large_image\" \/>\n<meta name=\"twitter:label1\" content=\"Odhadovan\u00e1 doba \u010dten\u00ed\" \/>\n\t<meta name=\"twitter:data1\" content=\"1 minuta\" \/>\n<script type=\"application\/ld+json\" class=\"yoast-schema-graph\">{\"@context\":\"https:\/\/schema.org\",\"@graph\":[{\"@type\":\"WebPage\",\"@id\":\"https:\/\/www.oknobuild.com\/index.php\/produkt\/znackovy-sapho-wicher-topna-tyc-s-termostatem-400-w-chrom-600-203-1-50169\/\",\"url\":\"https:\/\/www.oknobuild.com\/index.php\/produkt\/znackovy-sapho-wicher-topna-tyc-s-termostatem-400-w-chrom-600-203-1-50169\/\",\"name\":\"Zna\u010dkov\u00fd Sapho WICHER topn\u00e1 ty\u010d s termostatem, 400 W, chrom 600.203.1 -\",\"isPartOf\":{\"@id\":\"https:\/\/www.oknobuild.com\/#website\"},\"primaryImageOfPage\":{\"@id\":\"https:\/\/www.oknobuild.com\/index.php\/produkt\/znackovy-sapho-wicher-topna-tyc-s-termostatem-400-w-chrom-600-203-1-50169\/#primaryimage\"},\"image\":{\"@id\":\"https:\/\/www.oknobuild.com\/index.php\/produkt\/znackovy-sapho-wicher-topna-tyc-s-termostatem-400-w-chrom-600-203-1-50169\/#primaryimage\"},\"thumbnailUrl\":\"https:\/\/www.oknobuild.com\/wp-content\/uploads\/2026\/SK0017593-CZ20260425-093631-0-1777080994-317474-1_sapho-wicher-topna-tyc-s-termostatem--400-w--chrom.webp\",\"datePublished\":\"2026-04-27T04:42:47+00:00\",\"breadcrumb\":{\"@id\":\"https:\/\/www.oknobuild.com\/index.php\/produkt\/znackovy-sapho-wicher-topna-tyc-s-termostatem-400-w-chrom-600-203-1-50169\/#breadcrumb\"},\"inLanguage\":\"cs\",\"potentialAction\":[{\"@type\":\"ReadAction\",\"target\":[\"https:\/\/www.oknobuild.com\/index.php\/produkt\/znackovy-sapho-wicher-topna-tyc-s-termostatem-400-w-chrom-600-203-1-50169\/\"]}]},{\"@type\":\"ImageObject\",\"inLanguage\":\"cs\",\"@id\":\"https:\/\/www.oknobuild.com\/index.php\/produkt\/znackovy-sapho-wicher-topna-tyc-s-termostatem-400-w-chrom-600-203-1-50169\/#primaryimage\",\"url\":\"https:\/\/www.oknobuild.com\/wp-content\/uploads\/2026\/SK0017593-CZ20260425-093631-0-1777080994-317474-1_sapho-wicher-topna-tyc-s-termostatem--400-w--chrom.webp\",\"contentUrl\":\"https:\/\/www.oknobuild.com\/wp-content\/uploads\/2026\/SK0017593-CZ20260425-093631-0-1777080994-317474-1_sapho-wicher-topna-tyc-s-termostatem--400-w--chrom.webp\",\"width\":1000,\"height\":750},{\"@type\":\"BreadcrumbList\",\"@id\":\"https:\/\/www.oknobuild.com\/index.php\/produkt\/znackovy-sapho-wicher-topna-tyc-s-termostatem-400-w-chrom-600-203-1-50169\/#breadcrumb\",\"itemListElement\":[{\"@type\":\"ListItem\",\"position\":1,\"name\":\"Home\",\"item\":\"https:\/\/www.oknobuild.com\/\"},{\"@type\":\"ListItem\",\"position\":2,\"name\":\"Products\",\"item\":\"https:\/\/www.oknobuild.com\/index.php\/products\/\"},{\"@type\":\"ListItem\",\"position\":3,\"name\":\"Zna\u010dkov\u00fd Sapho WICHER topn\u00e1 ty\u010d s termostatem, 400 W, chrom 600.203.1\"}]},{\"@type\":\"WebSite\",\"@id\":\"https:\/\/www.oknobuild.com\/#website\",\"url\":\"https:\/\/www.oknobuild.com\/\",\"name\":\"\",\"description\":\"\",\"potentialAction\":[{\"@type\":\"SearchAction\",\"target\":{\"@type\":\"EntryPoint\",\"urlTemplate\":\"https:\/\/www.oknobuild.com\/?s={search_term_string}\"},\"query-input\":{\"@type\":\"PropertyValueSpecification\",\"valueRequired\":true,\"valueName\":\"search_term_string\"}}],\"inLanguage\":\"cs\"}]}<\/script>\n<!-- \/ Yoast SEO plugin. -->","yoast_head_json":{"title":"Zna\u010dkov\u00fd Sapho WICHER topn\u00e1 ty\u010d s termostatem, 400 W, chrom 600.203.1 -","robots":{"index":"index","follow":"follow","max-snippet":"max-snippet:-1","max-image-preview":"max-image-preview:large","max-video-preview":"max-video-preview:-1"},"canonical":"https:\/\/www.oknobuild.com\/index.php\/produkt\/znackovy-sapho-wicher-topna-tyc-s-termostatem-400-w-chrom-600-203-1-50169\/","og_locale":"cs_CZ","og_type":"article","og_title":"Zna\u010dkov\u00fd Sapho WICHER topn\u00e1 ty\u010d s termostatem, 400 W, chrom 600.203.1 -","og_description":"Detailn\u00ed popis produktu WICHER&nbsp;elektrick\u00e1 topn\u00e1 ty\u010d s&nbsp;designov\u00fdm termostatem v obl\u00e9m proveden\u00ed. Funkce ANTIFREEZE, ochrana proti poklesu teploty radi\u00e1toru pod 5-7\u00b0C 3stup\u0148ov\u00fd teplotn\u00ed rozsah Automatick\u00fd \u010dasova\u010d 60 &#8211; 180 min Zm\u011bny nastaven\u00ed potvrzen\u00e9 zvukov\u00fdm sign\u00e1lem Teplotn\u00ed \u010didlo um\u00edst\u011bn\u00e9 v topn\u00e9m elementu N\u00edzk\u00e1 spot\u0159eba energie v pohotovostn\u00edm re\u017eimu Ochrana proti provozu topn\u00e9 ty\u010de v such\u00e9m radi\u00e1toru Dvojit\u00e1 [&hellip;]","og_url":"https:\/\/www.oknobuild.com\/index.php\/produkt\/znackovy-sapho-wicher-topna-tyc-s-termostatem-400-w-chrom-600-203-1-50169\/","og_image":[{"width":1000,"height":750,"url":"https:\/\/www.oknobuild.com\/wp-content\/uploads\/2026\/SK0017593-CZ20260425-093631-0-1777080994-317474-1_sapho-wicher-topna-tyc-s-termostatem--400-w--chrom.webp","type":"image\/webp"}],"twitter_card":"summary_large_image","twitter_misc":{"Odhadovan\u00e1 doba \u010dten\u00ed":"1 minuta"},"schema":{"@context":"https:\/\/schema.org","@graph":[{"@type":"WebPage","@id":"https:\/\/www.oknobuild.com\/index.php\/produkt\/znackovy-sapho-wicher-topna-tyc-s-termostatem-400-w-chrom-600-203-1-50169\/","url":"https:\/\/www.oknobuild.com\/index.php\/produkt\/znackovy-sapho-wicher-topna-tyc-s-termostatem-400-w-chrom-600-203-1-50169\/","name":"Zna\u010dkov\u00fd Sapho WICHER topn\u00e1 ty\u010d s termostatem, 400 W, chrom 600.203.1 -","isPartOf":{"@id":"https:\/\/www.oknobuild.com\/#website"},"primaryImageOfPage":{"@id":"https:\/\/www.oknobuild.com\/index.php\/produkt\/znackovy-sapho-wicher-topna-tyc-s-termostatem-400-w-chrom-600-203-1-50169\/#primaryimage"},"image":{"@id":"https:\/\/www.oknobuild.com\/index.php\/produkt\/znackovy-sapho-wicher-topna-tyc-s-termostatem-400-w-chrom-600-203-1-50169\/#primaryimage"},"thumbnailUrl":"https:\/\/www.oknobuild.com\/wp-content\/uploads\/2026\/SK0017593-CZ20260425-093631-0-1777080994-317474-1_sapho-wicher-topna-tyc-s-termostatem--400-w--chrom.webp","datePublished":"2026-04-27T04:42:47+00:00","breadcrumb":{"@id":"https:\/\/www.oknobuild.com\/index.php\/produkt\/znackovy-sapho-wicher-topna-tyc-s-termostatem-400-w-chrom-600-203-1-50169\/#breadcrumb"},"inLanguage":"cs","potentialAction":[{"@type":"ReadAction","target":["https:\/\/www.oknobuild.com\/index.php\/produkt\/znackovy-sapho-wicher-topna-tyc-s-termostatem-400-w-chrom-600-203-1-50169\/"]}]},{"@type":"ImageObject","inLanguage":"cs","@id":"https:\/\/www.oknobuild.com\/index.php\/produkt\/znackovy-sapho-wicher-topna-tyc-s-termostatem-400-w-chrom-600-203-1-50169\/#primaryimage","url":"https:\/\/www.oknobuild.com\/wp-content\/uploads\/2026\/SK0017593-CZ20260425-093631-0-1777080994-317474-1_sapho-wicher-topna-tyc-s-termostatem--400-w--chrom.webp","contentUrl":"https:\/\/www.oknobuild.com\/wp-content\/uploads\/2026\/SK0017593-CZ20260425-093631-0-1777080994-317474-1_sapho-wicher-topna-tyc-s-termostatem--400-w--chrom.webp","width":1000,"height":750},{"@type":"BreadcrumbList","@id":"https:\/\/www.oknobuild.com\/index.php\/produkt\/znackovy-sapho-wicher-topna-tyc-s-termostatem-400-w-chrom-600-203-1-50169\/#breadcrumb","itemListElement":[{"@type":"ListItem","position":1,"name":"Home","item":"https:\/\/www.oknobuild.com\/"},{"@type":"ListItem","position":2,"name":"Products","item":"https:\/\/www.oknobuild.com\/index.php\/products\/"},{"@type":"ListItem","position":3,"name":"Zna\u010dkov\u00fd Sapho WICHER topn\u00e1 ty\u010d s termostatem, 400 W, chrom 600.203.1"}]},{"@type":"WebSite","@id":"https:\/\/www.oknobuild.com\/#website","url":"https:\/\/www.oknobuild.com\/","name":"","description":"","potentialAction":[{"@type":"SearchAction","target":{"@type":"EntryPoint","urlTemplate":"https:\/\/www.oknobuild.com\/?s={search_term_string}"},"query-input":{"@type":"PropertyValueSpecification","valueRequired":true,"valueName":"search_term_string"}}],"inLanguage":"cs"}]}},"_links":{"self":[{"href":"https:\/\/www.oknobuild.com\/index.php\/wp-json\/wp\/v2\/product\/50169","targetHints":{"allow":["GET"]}}],"collection":[{"href":"https:\/\/www.oknobuild.com\/index.php\/wp-json\/wp\/v2\/product"}],"about":[{"href":"https:\/\/www.oknobuild.com\/index.php\/wp-json\/wp\/v2\/types\/product"}],"replies":[{"embeddable":true,"href":"https:\/\/www.oknobuild.com\/index.php\/wp-json\/wp\/v2\/comments?post=50169"}],"wp:featuredmedia":[{"embeddable":true,"href":"https:\/\/www.oknobuild.com\/index.php\/wp-json\/wp\/v2\/media\/50269"}],"wp:attachment":[{"href":"https:\/\/www.oknobuild.com\/index.php\/wp-json\/wp\/v2\/media?parent=50169"}],"wp:term":[{"taxonomy":"product_brand","embeddable":true,"href":"https:\/\/www.oknobuild.com\/index.php\/wp-json\/wp\/v2\/product_brand?post=50169"},{"taxonomy":"product_cat","embeddable":true,"href":"https:\/\/www.oknobuild.com\/index.php\/wp-json\/wp\/v2\/product_cat?post=50169"},{"taxonomy":"product_tag","embeddable":true,"href":"https:\/\/www.oknobuild.com\/index.php\/wp-json\/wp\/v2\/product_tag?post=50169"}],"curies":[{"name":"wp","href":"https:\/\/api.w.org\/{rel}","templated":true}]}}