{"id":50180,"date":"2026-04-27T04:42:47","date_gmt":"2026-04-27T04:42:47","guid":{"rendered":""},"modified":"2026-04-27T04:42:47","modified_gmt":"2026-04-27T04:42:47","slug":"akce-aqualine-topna-tyc-s-termostatem-300-w-bila-mat-tmg300-50180","status":"publish","type":"product","link":"https:\/\/www.oknobuild.com\/index.php\/produkt\/akce-aqualine-topna-tyc-s-termostatem-300-w-bila-mat-tmg300-50180\/","title":{"rendered":"Akce Aqualine Topn\u00e1 ty\u010d s termostatem, 300 W, b\u00edl\u00e1 mat TMG300"},"content":{"rendered":"<div class=\"basic-description\">\n<h3>Detailn\u00ed popis produktu<\/h3>\n<p><\/p>\n<p>Elektrick\u00e1 topn\u00e1 ty\u010d s termostatem pro p\u0159\u00edm\u00e9 zapojen\u00ed do z\u00e1suvky elektrick\u00e9 s\u00edt\u011b 230 V. Vhodn\u00e1 pro oh\u0159ev koupelnov\u00fdch radi\u00e1tor\u016f, kter\u00e9 nejsou zapojeny do syst\u00e9mu \u00fast\u0159edn\u00edho vyt\u00e1p\u011bn\u00ed nebo maj\u00ed kombinovan\u00e9 p\u0159ipojen\u00ed \u00fast\u0159edn\u00edho a&nbsp;elektrick\u00e9ho vyt\u00e1p\u011bn\u00ed, umo\u017e\u0148uje zah\u0159\u00e1t\u00ed radi\u00e1toru i&nbsp;mimo topnou sez\u00f3nu.<\/p>\n<ul>\n<li>Funkce ANTIFREEZE, ochrana proti poklesu teploty radi\u00e1toru pod 5-7\u00b0C<\/li>\n<li>Klasick\u00fd vzhled<\/li>\n<li>Dvojit\u00e1 ochrana proti p\u0159eh\u0159\u00e1t\u00ed<\/li>\n<li>Regulace teploty radi\u00e1toru v rozsahu 30 &#8211; 60 \u00b0C<\/li>\n<li>Signalizace provozn\u00edch stav\u016f<\/li>\n<li>Signalizace aktu\u00e1ln\u00ed a nastaven\u00e9 teploty<\/li>\n<li>Symetrick\u00fd tvar (mont\u00e1\u017e libovoln\u011b na levou nebo pravou stranu)<\/li>\n<li>Exkluzivn\u00ed ergonomie &#8211; velk\u00e9, dob\u0159e \u010diteln\u00e9 kl\u00e1vesy<\/li>\n<li>Ochrana proti provozu topn\u00e9 ty\u010de v such\u00e9m radi\u00e1toru<\/li>\n<li>P\u0159ipojovac\u00ed kabel: spir\u00e1lov\u00fd, b\u00edl\u00e1<span face=\"Arial\" size=\"2\">&nbsp;barva, d\u00e9lka 1,5 m<\/span><\/li>\n<\/ul>\n<p>V p\u0159\u00edpad\u011b p\u0159ipojen\u00ed topn\u00e9 ty\u010de do otopn\u00e9ho t\u011blesa&nbsp;<strong>pouze na elektrick\u00e9 vyt\u00e1p\u011bn\u00ed<\/strong>&nbsp;je pot\u0159eba do druh\u00e9 stojny dokoupit z\u00e1slepku.<\/p>\n<h2 class=\"props-title\">Vlastnosti<\/h2>\n<table>\n<tr>\n<th>Zna\u010dka<\/th>\n<td>AQUALINE<\/td>\n<\/tr>\n<tr>\n<th>S\u00e9rie<\/th>\n<td>TMG<\/td>\n<\/tr>\n<tr>\n<th>Barva<\/th>\n<td>B\u00edl\u00e1<\/td>\n<\/tr>\n<tr>\n<th>V\u00fdkon<\/th>\n<td>300&nbsp;W<\/td>\n<\/tr>\n<tr>\n<th>Stupe\u0148 kryt\u00ed<\/th>\n<td>IPx4<\/td>\n<\/tr>\n<tr>\n<th>V\u00fdbava<\/th>\n<td>Termostat<\/td>\n<\/tr>\n<tr>\n<th>Hmotnost \/ ks<\/th>\n<td>0.6000&nbsp;kg<\/td>\n<\/tr>\n<tr>\n<th>Balen\u00ed<\/th>\n<td>1&nbsp;ks<\/td>\n<\/tr>\n<tr>\n<th>EAN<\/th>\n<td>8590913992322<\/td>\n<\/tr>\n<tr>\n<th>Taric<\/th>\n<td>85168080<\/td>\n<\/tr>\n<tr>\n<th>Z\u00e1ruka<\/th>\n<td>2 roky<\/td>\n<\/tr>\n<\/table><\/div>\n","protected":false},"excerpt":{"rendered":"<p>Detailn\u00ed popis produktu Elektrick\u00e1 topn\u00e1 ty\u010d s termostatem pro p\u0159\u00edm\u00e9 zapojen\u00ed do z\u00e1suvky elektrick\u00e9 s\u00edt\u011b 230 V. Vhodn\u00e1 pro oh\u0159ev koupelnov\u00fdch radi\u00e1tor\u016f, kter\u00e9 nejsou zapojeny do syst\u00e9mu \u00fast\u0159edn\u00edho vyt\u00e1p\u011bn\u00ed nebo maj\u00ed kombinovan\u00e9 p\u0159ipojen\u00ed \u00fast\u0159edn\u00edho a&nbsp;elektrick\u00e9ho vyt\u00e1p\u011bn\u00ed, umo\u017e\u0148uje zah\u0159\u00e1t\u00ed radi\u00e1toru i&nbsp;mimo topnou sez\u00f3nu. Funkce ANTIFREEZE, ochrana proti poklesu teploty radi\u00e1toru pod 5-7\u00b0C Klasick\u00fd vzhled Dvojit\u00e1 ochrana [&hellip;]<\/p>\n","protected":false},"featured_media":50280,"comment_status":"open","ping_status":"open","template":"","meta":[],"product_brand":[],"product_cat":[79],"product_tag":[],"class_list":{"0":"post-50180","1":"product","2":"type-product","3":"status-publish","4":"has-post-thumbnail","6":"product_cat-vytapeni","8":"first","9":"instock","10":"sale","11":"shipping-taxable","12":"purchasable","13":"product-type-simple"},"yoast_head":"<!-- This site is optimized with the Yoast SEO plugin v26.8 - https:\/\/yoast.com\/product\/yoast-seo-wordpress\/ -->\n<title>Akce Aqualine Topn\u00e1 ty\u010d s termostatem, 300 W, b\u00edl\u00e1 mat TMG300 -<\/title>\n<meta name=\"robots\" content=\"index, follow, max-snippet:-1, max-image-preview:large, max-video-preview:-1\" \/>\n<link rel=\"canonical\" href=\"https:\/\/www.oknobuild.com\/index.php\/produkt\/akce-aqualine-topna-tyc-s-termostatem-300-w-bila-mat-tmg300-50180\/\" \/>\n<meta property=\"og:locale\" content=\"cs_CZ\" \/>\n<meta property=\"og:type\" content=\"article\" \/>\n<meta property=\"og:title\" content=\"Akce Aqualine Topn\u00e1 ty\u010d s termostatem, 300 W, b\u00edl\u00e1 mat TMG300 -\" \/>\n<meta property=\"og:description\" content=\"Detailn\u00ed popis produktu Elektrick\u00e1 topn\u00e1 ty\u010d s termostatem pro p\u0159\u00edm\u00e9 zapojen\u00ed do z\u00e1suvky elektrick\u00e9 s\u00edt\u011b 230 V. Vhodn\u00e1 pro oh\u0159ev koupelnov\u00fdch radi\u00e1tor\u016f, kter\u00e9 nejsou zapojeny do syst\u00e9mu \u00fast\u0159edn\u00edho vyt\u00e1p\u011bn\u00ed nebo maj\u00ed kombinovan\u00e9 p\u0159ipojen\u00ed \u00fast\u0159edn\u00edho a&nbsp;elektrick\u00e9ho vyt\u00e1p\u011bn\u00ed, umo\u017e\u0148uje zah\u0159\u00e1t\u00ed radi\u00e1toru i&nbsp;mimo topnou sez\u00f3nu. Funkce ANTIFREEZE, ochrana proti poklesu teploty radi\u00e1toru pod 5-7\u00b0C Klasick\u00fd vzhled Dvojit\u00e1 ochrana [&hellip;]\" \/>\n<meta property=\"og:url\" content=\"https:\/\/www.oknobuild.com\/index.php\/produkt\/akce-aqualine-topna-tyc-s-termostatem-300-w-bila-mat-tmg300-50180\/\" \/>\n<meta property=\"og:image\" content=\"https:\/\/www.oknobuild.com\/wp-content\/uploads\/2026\/SK0017604-CZ20260425-093631-0-1777080994-317507_tmg300-241952687656443.webp\" \/>\n\t<meta property=\"og:image:width\" content=\"1000\" \/>\n\t<meta property=\"og:image:height\" content=\"750\" \/>\n\t<meta property=\"og:image:type\" content=\"image\/webp\" \/>\n<meta name=\"twitter:card\" content=\"summary_large_image\" \/>\n<meta name=\"twitter:label1\" content=\"Odhadovan\u00e1 doba \u010dten\u00ed\" \/>\n\t<meta name=\"twitter:data1\" content=\"1 minuta\" \/>\n<script type=\"application\/ld+json\" class=\"yoast-schema-graph\">{\"@context\":\"https:\/\/schema.org\",\"@graph\":[{\"@type\":\"WebPage\",\"@id\":\"https:\/\/www.oknobuild.com\/index.php\/produkt\/akce-aqualine-topna-tyc-s-termostatem-300-w-bila-mat-tmg300-50180\/\",\"url\":\"https:\/\/www.oknobuild.com\/index.php\/produkt\/akce-aqualine-topna-tyc-s-termostatem-300-w-bila-mat-tmg300-50180\/\",\"name\":\"Akce Aqualine Topn\u00e1 ty\u010d s termostatem, 300 W, b\u00edl\u00e1 mat TMG300 -\",\"isPartOf\":{\"@id\":\"https:\/\/www.oknobuild.com\/#website\"},\"primaryImageOfPage\":{\"@id\":\"https:\/\/www.oknobuild.com\/index.php\/produkt\/akce-aqualine-topna-tyc-s-termostatem-300-w-bila-mat-tmg300-50180\/#primaryimage\"},\"image\":{\"@id\":\"https:\/\/www.oknobuild.com\/index.php\/produkt\/akce-aqualine-topna-tyc-s-termostatem-300-w-bila-mat-tmg300-50180\/#primaryimage\"},\"thumbnailUrl\":\"https:\/\/www.oknobuild.com\/wp-content\/uploads\/2026\/SK0017604-CZ20260425-093631-0-1777080994-317507_tmg300-241952687656443.webp\",\"datePublished\":\"2026-04-27T04:42:47+00:00\",\"breadcrumb\":{\"@id\":\"https:\/\/www.oknobuild.com\/index.php\/produkt\/akce-aqualine-topna-tyc-s-termostatem-300-w-bila-mat-tmg300-50180\/#breadcrumb\"},\"inLanguage\":\"cs\",\"potentialAction\":[{\"@type\":\"ReadAction\",\"target\":[\"https:\/\/www.oknobuild.com\/index.php\/produkt\/akce-aqualine-topna-tyc-s-termostatem-300-w-bila-mat-tmg300-50180\/\"]}]},{\"@type\":\"ImageObject\",\"inLanguage\":\"cs\",\"@id\":\"https:\/\/www.oknobuild.com\/index.php\/produkt\/akce-aqualine-topna-tyc-s-termostatem-300-w-bila-mat-tmg300-50180\/#primaryimage\",\"url\":\"https:\/\/www.oknobuild.com\/wp-content\/uploads\/2026\/SK0017604-CZ20260425-093631-0-1777080994-317507_tmg300-241952687656443.webp\",\"contentUrl\":\"https:\/\/www.oknobuild.com\/wp-content\/uploads\/2026\/SK0017604-CZ20260425-093631-0-1777080994-317507_tmg300-241952687656443.webp\",\"width\":1000,\"height\":750},{\"@type\":\"BreadcrumbList\",\"@id\":\"https:\/\/www.oknobuild.com\/index.php\/produkt\/akce-aqualine-topna-tyc-s-termostatem-300-w-bila-mat-tmg300-50180\/#breadcrumb\",\"itemListElement\":[{\"@type\":\"ListItem\",\"position\":1,\"name\":\"Home\",\"item\":\"https:\/\/www.oknobuild.com\/\"},{\"@type\":\"ListItem\",\"position\":2,\"name\":\"Products\",\"item\":\"https:\/\/www.oknobuild.com\/index.php\/products\/\"},{\"@type\":\"ListItem\",\"position\":3,\"name\":\"Akce Aqualine Topn\u00e1 ty\u010d s termostatem, 300 W, b\u00edl\u00e1 mat TMG300\"}]},{\"@type\":\"WebSite\",\"@id\":\"https:\/\/www.oknobuild.com\/#website\",\"url\":\"https:\/\/www.oknobuild.com\/\",\"name\":\"\",\"description\":\"\",\"potentialAction\":[{\"@type\":\"SearchAction\",\"target\":{\"@type\":\"EntryPoint\",\"urlTemplate\":\"https:\/\/www.oknobuild.com\/?s={search_term_string}\"},\"query-input\":{\"@type\":\"PropertyValueSpecification\",\"valueRequired\":true,\"valueName\":\"search_term_string\"}}],\"inLanguage\":\"cs\"}]}<\/script>\n<!-- \/ Yoast SEO plugin. -->","yoast_head_json":{"title":"Akce Aqualine Topn\u00e1 ty\u010d s termostatem, 300 W, b\u00edl\u00e1 mat TMG300 -","robots":{"index":"index","follow":"follow","max-snippet":"max-snippet:-1","max-image-preview":"max-image-preview:large","max-video-preview":"max-video-preview:-1"},"canonical":"https:\/\/www.oknobuild.com\/index.php\/produkt\/akce-aqualine-topna-tyc-s-termostatem-300-w-bila-mat-tmg300-50180\/","og_locale":"cs_CZ","og_type":"article","og_title":"Akce Aqualine Topn\u00e1 ty\u010d s termostatem, 300 W, b\u00edl\u00e1 mat TMG300 -","og_description":"Detailn\u00ed popis produktu Elektrick\u00e1 topn\u00e1 ty\u010d s termostatem pro p\u0159\u00edm\u00e9 zapojen\u00ed do z\u00e1suvky elektrick\u00e9 s\u00edt\u011b 230 V. Vhodn\u00e1 pro oh\u0159ev koupelnov\u00fdch radi\u00e1tor\u016f, kter\u00e9 nejsou zapojeny do syst\u00e9mu \u00fast\u0159edn\u00edho vyt\u00e1p\u011bn\u00ed nebo maj\u00ed kombinovan\u00e9 p\u0159ipojen\u00ed \u00fast\u0159edn\u00edho a&nbsp;elektrick\u00e9ho vyt\u00e1p\u011bn\u00ed, umo\u017e\u0148uje zah\u0159\u00e1t\u00ed radi\u00e1toru i&nbsp;mimo topnou sez\u00f3nu. Funkce ANTIFREEZE, ochrana proti poklesu teploty radi\u00e1toru pod 5-7\u00b0C Klasick\u00fd vzhled Dvojit\u00e1 ochrana [&hellip;]","og_url":"https:\/\/www.oknobuild.com\/index.php\/produkt\/akce-aqualine-topna-tyc-s-termostatem-300-w-bila-mat-tmg300-50180\/","og_image":[{"width":1000,"height":750,"url":"https:\/\/www.oknobuild.com\/wp-content\/uploads\/2026\/SK0017604-CZ20260425-093631-0-1777080994-317507_tmg300-241952687656443.webp","type":"image\/webp"}],"twitter_card":"summary_large_image","twitter_misc":{"Odhadovan\u00e1 doba \u010dten\u00ed":"1 minuta"},"schema":{"@context":"https:\/\/schema.org","@graph":[{"@type":"WebPage","@id":"https:\/\/www.oknobuild.com\/index.php\/produkt\/akce-aqualine-topna-tyc-s-termostatem-300-w-bila-mat-tmg300-50180\/","url":"https:\/\/www.oknobuild.com\/index.php\/produkt\/akce-aqualine-topna-tyc-s-termostatem-300-w-bila-mat-tmg300-50180\/","name":"Akce Aqualine Topn\u00e1 ty\u010d s termostatem, 300 W, b\u00edl\u00e1 mat TMG300 -","isPartOf":{"@id":"https:\/\/www.oknobuild.com\/#website"},"primaryImageOfPage":{"@id":"https:\/\/www.oknobuild.com\/index.php\/produkt\/akce-aqualine-topna-tyc-s-termostatem-300-w-bila-mat-tmg300-50180\/#primaryimage"},"image":{"@id":"https:\/\/www.oknobuild.com\/index.php\/produkt\/akce-aqualine-topna-tyc-s-termostatem-300-w-bila-mat-tmg300-50180\/#primaryimage"},"thumbnailUrl":"https:\/\/www.oknobuild.com\/wp-content\/uploads\/2026\/SK0017604-CZ20260425-093631-0-1777080994-317507_tmg300-241952687656443.webp","datePublished":"2026-04-27T04:42:47+00:00","breadcrumb":{"@id":"https:\/\/www.oknobuild.com\/index.php\/produkt\/akce-aqualine-topna-tyc-s-termostatem-300-w-bila-mat-tmg300-50180\/#breadcrumb"},"inLanguage":"cs","potentialAction":[{"@type":"ReadAction","target":["https:\/\/www.oknobuild.com\/index.php\/produkt\/akce-aqualine-topna-tyc-s-termostatem-300-w-bila-mat-tmg300-50180\/"]}]},{"@type":"ImageObject","inLanguage":"cs","@id":"https:\/\/www.oknobuild.com\/index.php\/produkt\/akce-aqualine-topna-tyc-s-termostatem-300-w-bila-mat-tmg300-50180\/#primaryimage","url":"https:\/\/www.oknobuild.com\/wp-content\/uploads\/2026\/SK0017604-CZ20260425-093631-0-1777080994-317507_tmg300-241952687656443.webp","contentUrl":"https:\/\/www.oknobuild.com\/wp-content\/uploads\/2026\/SK0017604-CZ20260425-093631-0-1777080994-317507_tmg300-241952687656443.webp","width":1000,"height":750},{"@type":"BreadcrumbList","@id":"https:\/\/www.oknobuild.com\/index.php\/produkt\/akce-aqualine-topna-tyc-s-termostatem-300-w-bila-mat-tmg300-50180\/#breadcrumb","itemListElement":[{"@type":"ListItem","position":1,"name":"Home","item":"https:\/\/www.oknobuild.com\/"},{"@type":"ListItem","position":2,"name":"Products","item":"https:\/\/www.oknobuild.com\/index.php\/products\/"},{"@type":"ListItem","position":3,"name":"Akce Aqualine Topn\u00e1 ty\u010d s termostatem, 300 W, b\u00edl\u00e1 mat TMG300"}]},{"@type":"WebSite","@id":"https:\/\/www.oknobuild.com\/#website","url":"https:\/\/www.oknobuild.com\/","name":"","description":"","potentialAction":[{"@type":"SearchAction","target":{"@type":"EntryPoint","urlTemplate":"https:\/\/www.oknobuild.com\/?s={search_term_string}"},"query-input":{"@type":"PropertyValueSpecification","valueRequired":true,"valueName":"search_term_string"}}],"inLanguage":"cs"}]}},"_links":{"self":[{"href":"https:\/\/www.oknobuild.com\/index.php\/wp-json\/wp\/v2\/product\/50180","targetHints":{"allow":["GET"]}}],"collection":[{"href":"https:\/\/www.oknobuild.com\/index.php\/wp-json\/wp\/v2\/product"}],"about":[{"href":"https:\/\/www.oknobuild.com\/index.php\/wp-json\/wp\/v2\/types\/product"}],"replies":[{"embeddable":true,"href":"https:\/\/www.oknobuild.com\/index.php\/wp-json\/wp\/v2\/comments?post=50180"}],"wp:featuredmedia":[{"embeddable":true,"href":"https:\/\/www.oknobuild.com\/index.php\/wp-json\/wp\/v2\/media\/50280"}],"wp:attachment":[{"href":"https:\/\/www.oknobuild.com\/index.php\/wp-json\/wp\/v2\/media?parent=50180"}],"wp:term":[{"taxonomy":"product_brand","embeddable":true,"href":"https:\/\/www.oknobuild.com\/index.php\/wp-json\/wp\/v2\/product_brand?post=50180"},{"taxonomy":"product_cat","embeddable":true,"href":"https:\/\/www.oknobuild.com\/index.php\/wp-json\/wp\/v2\/product_cat?post=50180"},{"taxonomy":"product_tag","embeddable":true,"href":"https:\/\/www.oknobuild.com\/index.php\/wp-json\/wp\/v2\/product_tag?post=50180"}],"curies":[{"name":"wp","href":"https:\/\/api.w.org\/{rel}","templated":true}]}}