{"id":50189,"date":"2026-04-27T04:42:47","date_gmt":"2026-04-27T04:42:47","guid":{"rendered":""},"modified":"2026-04-27T04:42:47","modified_gmt":"2026-04-27T04:42:47","slug":"akce-sapho-brahea-umyvadlo-146-6x51-5cm-110-35-rockstone-leve-bila-mat-bt147l-50189","status":"publish","type":"product","link":"https:\/\/www.oknobuild.com\/index.php\/produkt\/akce-sapho-brahea-umyvadlo-146-6x51-5cm-110-35-rockstone-leve-bila-mat-bt147l-50189\/","title":{"rendered":"Akce Sapho BRAHEA umyvadlo 146,6&#215;51,5cm (110+35), rockstone, lev\u00e9, b\u00edl\u00e1 mat BT147L"},"content":{"rendered":"<div class=\"basic-description\">\n<h3>Detailn\u00ed popis produktu<\/h3>\n<p><\/p>\n<h2 class=\"props-title\">Vlastnosti<\/h2>\n<table>\n<tr>\n<th>Zna\u010dka<\/th>\n<td>SAPHO<\/td>\n<\/tr>\n<tr>\n<th>3D model<\/th>\n<td>ANO<\/td>\n<\/tr>\n<tr>\n<th>Rozm\u011br<\/th>\n<td>146,6&#215;12,7&#215;51,5 cm<\/td>\n<\/tr>\n<tr>\n<th>\u0160\u00ed\u0159ka<\/th>\n<td>1466&nbsp;mm<\/td>\n<\/tr>\n<tr>\n<th>V\u00fd\u0161ka<\/th>\n<td>127&nbsp;mm<\/td>\n<\/tr>\n<tr>\n<th>Hloubka<\/th>\n<td>515&nbsp;mm<\/td>\n<\/tr>\n<tr>\n<th>Barva<\/th>\n<td>B\u00edl\u00e1 mat<\/td>\n<\/tr>\n<tr>\n<th>Jin\u00e9 barevn\u00e9 proveden\u00ed<\/th>\n<td>Dle vzorn\u00edku<\/td>\n<\/tr>\n<tr>\n<th>Materi\u00e1l<\/th>\n<td>Solid Surface<\/td>\n<\/tr>\n<tr>\n<th>Instalace<\/th>\n<td>Z\u00e1pustn\u00e9<\/td>\n<\/tr>\n<tr>\n<th>Typ umyvadla<\/th>\n<td>Z\u00e1pustn\u00e9 umyvadlo<\/td>\n<\/tr>\n<tr>\n<th>Otvor pro baterii<\/th>\n<td>1 otvor<\/td>\n<\/tr>\n<tr>\n<th>P\u0159epad<\/th>\n<td>NE<\/td>\n<\/tr>\n<tr>\n<th>Tvar<\/th>\n<td>Obd\u00e9ln\u00edk<\/td>\n<\/tr>\n<tr>\n<th>Hmotnost \/ ks<\/th>\n<td>22.2000&nbsp;kg<\/td>\n<\/tr>\n<tr>\n<th>Balen\u00ed<\/th>\n<td>2&nbsp;ks<\/td>\n<\/tr>\n<tr>\n<th>EAN<\/th>\n<td>8590913979101<\/td>\n<\/tr>\n<tr>\n<th>Taric<\/th>\n<td>39221000<\/td>\n<\/tr>\n<tr>\n<th>Z\u00e1ruka<\/th>\n<td>2 roky<\/td>\n<\/tr>\n<\/table>\n<div class=\"product-explanation-item\">\n<h3>Desky lze vyrobit v tomto barevn\u00e9m proveden\u00ed:<\/h3>\n<div class=\"vzorniky-list\">\n<div class=\"vzorniky-item\">0101 Glacier white<\/div>\n<div class=\"vzorniky-item\">0854 Monsoon<\/div>\n<div class=\"vzorniky-item\">4033 Concrete<\/div>\n<div class=\"vzorniky-item\">0598 Black Attica<\/div>\n<div class=\"vzorniky-item\">0826 Riverbed<\/div>\n<div class=\"vzorniky-item\">0798 Jasmine white<\/div>\n<div class=\"vzorniky-item\">0816 Cachet<\/div>\n<p><!-- DO\u010cAS\n\n<div class=\"vzorniky-item\">A821 Chardonnay<\/div>\n\n<\/div>\n\n--><\/p>\n<p><strong>Pro objedn\u00e1n\u00ed vybran\u00e9ho dekoru kontaktujte prodejn\u00ed odd\u011blen\u00ed.<\/strong><\/p>\n<\/div>\n<\/div>\n<div class=\"product-explanation-item\">\n<h3>Solid Surface (Rockstone, um\u011bl\u00fd k\u00e1men, technick\u00fd mramor)<\/h3>\n<p style=\"text-align: justify;\">Solid Surface je masivn\u00ed nepor\u00e9zn\u00ed materi\u00e1l vyroben\u00fd ze sm\u011bsi p\u0159\u00edrodn\u00edho kamene a akryl\u00e1tu. M\u00e1 homogenn\u00ed pevn\u00fd povrch a pou\u017e\u00edv\u00e1 se p\u0159edev\u0161\u00edm pro v\u00fdrobu pracovn\u00edch desek. D\u00edky rozmanitosti barev a textur se dob\u0159e kombinuje s jin\u00fdmi materi\u00e1ly. P\u00e9\u010de o n\u011bj je snadn\u00e1: \u0161kr\u00e1bance lze snadno odstranit pomoc\u00ed m\u011bkk\u00fdch \u010distic\u00edch prost\u0159edk\u016f a znovu tak obnovit lesk povrchu. Nav\u00edc vynik\u00e1 odolnost\u00ed proti skvrn\u00e1m a je nenas\u00e1kav\u00fd.<\/p>\n<\/div>\n<p>   Upozorn\u011bn\u00ed pro z\u00e1kazn\u00edky ke koupi produkt\u016f na objedn\u00e1n\u00ed: Toto zbo\u017e\u00ed nen\u00ed standardn\u00edm s\u00e9riov\u00fdm v\u00fdrobkem. Bude vyrobeno na p\u0159\u00e1n\u00ed z\u00e1kazn\u00edka a proto jej nelze dodavateli v z\u00e1konn\u00e9 lh\u016ft\u011b vr\u00e1tit. (viz \u00a71837 odst.d, ob\u010dansk\u00e9ho z\u00e1kon\u00edku). V tomto p\u0159\u00edpad\u011b m\u016f\u017eeme po\u017eadovat nevratnou z\u00e1lohu a\u017e do v\u00fd\u0161e 100 % z ceny v\u00fdrobku.                            <\/p><\/div>\n","protected":false},"excerpt":{"rendered":"<p>Detailn\u00ed popis produktu Vlastnosti Zna\u010dka SAPHO 3D model ANO Rozm\u011br 146,6&#215;12,7&#215;51,5 cm \u0160\u00ed\u0159ka 1466&nbsp;mm V\u00fd\u0161ka 127&nbsp;mm Hloubka 515&nbsp;mm Barva B\u00edl\u00e1 mat Jin\u00e9 barevn\u00e9 proveden\u00ed Dle vzorn\u00edku Materi\u00e1l Solid Surface Instalace Z\u00e1pustn\u00e9 Typ umyvadla Z\u00e1pustn\u00e9 umyvadlo Otvor pro baterii 1 otvor P\u0159epad NE Tvar Obd\u00e9ln\u00edk Hmotnost \/ ks 22.2000&nbsp;kg Balen\u00ed 2&nbsp;ks EAN 8590913979101 Taric 39221000 Z\u00e1ruka [&hellip;]<\/p>\n","protected":false},"featured_media":50289,"comment_status":"open","ping_status":"open","template":"","meta":[],"product_brand":[],"product_cat":[75],"product_tag":[],"class_list":{"0":"post-50189","1":"product","2":"type-product","3":"status-publish","4":"has-post-thumbnail","6":"product_cat-koupelnove-vybaveni","8":"first","9":"instock","10":"sale","11":"shipping-taxable","12":"purchasable","13":"product-type-simple"},"yoast_head":"<!-- This site is optimized with the Yoast SEO plugin v26.8 - https:\/\/yoast.com\/product\/yoast-seo-wordpress\/ -->\n<title>Akce Sapho BRAHEA umyvadlo 146,6x51,5cm (110+35), rockstone, lev\u00e9, b\u00edl\u00e1 mat BT147L -<\/title>\n<meta name=\"robots\" content=\"index, follow, max-snippet:-1, max-image-preview:large, max-video-preview:-1\" \/>\n<link rel=\"canonical\" href=\"https:\/\/www.oknobuild.com\/index.php\/produkt\/akce-sapho-brahea-umyvadlo-146-6x51-5cm-110-35-rockstone-leve-bila-mat-bt147l-50189\/\" \/>\n<meta property=\"og:locale\" content=\"cs_CZ\" \/>\n<meta property=\"og:type\" content=\"article\" \/>\n<meta property=\"og:title\" content=\"Akce Sapho BRAHEA umyvadlo 146,6x51,5cm (110+35), rockstone, lev\u00e9, b\u00edl\u00e1 mat BT147L -\" \/>\n<meta property=\"og:description\" content=\"Detailn\u00ed popis produktu Vlastnosti Zna\u010dka SAPHO 3D model ANO Rozm\u011br 146,6&#215;12,7&#215;51,5 cm \u0160\u00ed\u0159ka 1466&nbsp;mm V\u00fd\u0161ka 127&nbsp;mm Hloubka 515&nbsp;mm Barva B\u00edl\u00e1 mat Jin\u00e9 barevn\u00e9 proveden\u00ed Dle vzorn\u00edku Materi\u00e1l Solid Surface Instalace Z\u00e1pustn\u00e9 Typ umyvadla Z\u00e1pustn\u00e9 umyvadlo Otvor pro baterii 1 otvor P\u0159epad NE Tvar Obd\u00e9ln\u00edk Hmotnost \/ ks 22.2000&nbsp;kg Balen\u00ed 2&nbsp;ks EAN 8590913979101 Taric 39221000 Z\u00e1ruka [&hellip;]\" \/>\n<meta property=\"og:url\" content=\"https:\/\/www.oknobuild.com\/index.php\/produkt\/akce-sapho-brahea-umyvadlo-146-6x51-5cm-110-35-rockstone-leve-bila-mat-bt147l-50189\/\" \/>\n<meta property=\"og:image\" content=\"https:\/\/www.oknobuild.com\/wp-content\/uploads\/2026\/SK0017613-CZ20260425-093631-0-1777080994-317534_bt147l-244486718359205.webp\" \/>\n\t<meta property=\"og:image:width\" content=\"1000\" \/>\n\t<meta property=\"og:image:height\" content=\"750\" \/>\n\t<meta property=\"og:image:type\" content=\"image\/webp\" \/>\n<meta name=\"twitter:card\" content=\"summary_large_image\" \/>\n<meta name=\"twitter:label1\" content=\"Odhadovan\u00e1 doba \u010dten\u00ed\" \/>\n\t<meta name=\"twitter:data1\" content=\"1 minuta\" \/>\n<script type=\"application\/ld+json\" class=\"yoast-schema-graph\">{\"@context\":\"https:\/\/schema.org\",\"@graph\":[{\"@type\":\"WebPage\",\"@id\":\"https:\/\/www.oknobuild.com\/index.php\/produkt\/akce-sapho-brahea-umyvadlo-146-6x51-5cm-110-35-rockstone-leve-bila-mat-bt147l-50189\/\",\"url\":\"https:\/\/www.oknobuild.com\/index.php\/produkt\/akce-sapho-brahea-umyvadlo-146-6x51-5cm-110-35-rockstone-leve-bila-mat-bt147l-50189\/\",\"name\":\"Akce Sapho BRAHEA umyvadlo 146,6x51,5cm (110+35), rockstone, lev\u00e9, b\u00edl\u00e1 mat BT147L -\",\"isPartOf\":{\"@id\":\"https:\/\/www.oknobuild.com\/#website\"},\"primaryImageOfPage\":{\"@id\":\"https:\/\/www.oknobuild.com\/index.php\/produkt\/akce-sapho-brahea-umyvadlo-146-6x51-5cm-110-35-rockstone-leve-bila-mat-bt147l-50189\/#primaryimage\"},\"image\":{\"@id\":\"https:\/\/www.oknobuild.com\/index.php\/produkt\/akce-sapho-brahea-umyvadlo-146-6x51-5cm-110-35-rockstone-leve-bila-mat-bt147l-50189\/#primaryimage\"},\"thumbnailUrl\":\"https:\/\/www.oknobuild.com\/wp-content\/uploads\/2026\/SK0017613-CZ20260425-093631-0-1777080994-317534_bt147l-244486718359205.webp\",\"datePublished\":\"2026-04-27T04:42:47+00:00\",\"breadcrumb\":{\"@id\":\"https:\/\/www.oknobuild.com\/index.php\/produkt\/akce-sapho-brahea-umyvadlo-146-6x51-5cm-110-35-rockstone-leve-bila-mat-bt147l-50189\/#breadcrumb\"},\"inLanguage\":\"cs\",\"potentialAction\":[{\"@type\":\"ReadAction\",\"target\":[\"https:\/\/www.oknobuild.com\/index.php\/produkt\/akce-sapho-brahea-umyvadlo-146-6x51-5cm-110-35-rockstone-leve-bila-mat-bt147l-50189\/\"]}]},{\"@type\":\"ImageObject\",\"inLanguage\":\"cs\",\"@id\":\"https:\/\/www.oknobuild.com\/index.php\/produkt\/akce-sapho-brahea-umyvadlo-146-6x51-5cm-110-35-rockstone-leve-bila-mat-bt147l-50189\/#primaryimage\",\"url\":\"https:\/\/www.oknobuild.com\/wp-content\/uploads\/2026\/SK0017613-CZ20260425-093631-0-1777080994-317534_bt147l-244486718359205.webp\",\"contentUrl\":\"https:\/\/www.oknobuild.com\/wp-content\/uploads\/2026\/SK0017613-CZ20260425-093631-0-1777080994-317534_bt147l-244486718359205.webp\",\"width\":1000,\"height\":750},{\"@type\":\"BreadcrumbList\",\"@id\":\"https:\/\/www.oknobuild.com\/index.php\/produkt\/akce-sapho-brahea-umyvadlo-146-6x51-5cm-110-35-rockstone-leve-bila-mat-bt147l-50189\/#breadcrumb\",\"itemListElement\":[{\"@type\":\"ListItem\",\"position\":1,\"name\":\"Home\",\"item\":\"https:\/\/www.oknobuild.com\/\"},{\"@type\":\"ListItem\",\"position\":2,\"name\":\"Products\",\"item\":\"https:\/\/www.oknobuild.com\/index.php\/products\/\"},{\"@type\":\"ListItem\",\"position\":3,\"name\":\"Akce Sapho BRAHEA umyvadlo 146,6&#215;51,5cm (110+35), rockstone, lev\u00e9, b\u00edl\u00e1 mat BT147L\"}]},{\"@type\":\"WebSite\",\"@id\":\"https:\/\/www.oknobuild.com\/#website\",\"url\":\"https:\/\/www.oknobuild.com\/\",\"name\":\"\",\"description\":\"\",\"potentialAction\":[{\"@type\":\"SearchAction\",\"target\":{\"@type\":\"EntryPoint\",\"urlTemplate\":\"https:\/\/www.oknobuild.com\/?s={search_term_string}\"},\"query-input\":{\"@type\":\"PropertyValueSpecification\",\"valueRequired\":true,\"valueName\":\"search_term_string\"}}],\"inLanguage\":\"cs\"}]}<\/script>\n<!-- \/ Yoast SEO plugin. -->","yoast_head_json":{"title":"Akce Sapho BRAHEA umyvadlo 146,6x51,5cm (110+35), rockstone, lev\u00e9, b\u00edl\u00e1 mat BT147L -","robots":{"index":"index","follow":"follow","max-snippet":"max-snippet:-1","max-image-preview":"max-image-preview:large","max-video-preview":"max-video-preview:-1"},"canonical":"https:\/\/www.oknobuild.com\/index.php\/produkt\/akce-sapho-brahea-umyvadlo-146-6x51-5cm-110-35-rockstone-leve-bila-mat-bt147l-50189\/","og_locale":"cs_CZ","og_type":"article","og_title":"Akce Sapho BRAHEA umyvadlo 146,6x51,5cm (110+35), rockstone, lev\u00e9, b\u00edl\u00e1 mat BT147L -","og_description":"Detailn\u00ed popis produktu Vlastnosti Zna\u010dka SAPHO 3D model ANO Rozm\u011br 146,6&#215;12,7&#215;51,5 cm \u0160\u00ed\u0159ka 1466&nbsp;mm V\u00fd\u0161ka 127&nbsp;mm Hloubka 515&nbsp;mm Barva B\u00edl\u00e1 mat Jin\u00e9 barevn\u00e9 proveden\u00ed Dle vzorn\u00edku Materi\u00e1l Solid Surface Instalace Z\u00e1pustn\u00e9 Typ umyvadla Z\u00e1pustn\u00e9 umyvadlo Otvor pro baterii 1 otvor P\u0159epad NE Tvar Obd\u00e9ln\u00edk Hmotnost \/ ks 22.2000&nbsp;kg Balen\u00ed 2&nbsp;ks EAN 8590913979101 Taric 39221000 Z\u00e1ruka [&hellip;]","og_url":"https:\/\/www.oknobuild.com\/index.php\/produkt\/akce-sapho-brahea-umyvadlo-146-6x51-5cm-110-35-rockstone-leve-bila-mat-bt147l-50189\/","og_image":[{"width":1000,"height":750,"url":"https:\/\/www.oknobuild.com\/wp-content\/uploads\/2026\/SK0017613-CZ20260425-093631-0-1777080994-317534_bt147l-244486718359205.webp","type":"image\/webp"}],"twitter_card":"summary_large_image","twitter_misc":{"Odhadovan\u00e1 doba \u010dten\u00ed":"1 minuta"},"schema":{"@context":"https:\/\/schema.org","@graph":[{"@type":"WebPage","@id":"https:\/\/www.oknobuild.com\/index.php\/produkt\/akce-sapho-brahea-umyvadlo-146-6x51-5cm-110-35-rockstone-leve-bila-mat-bt147l-50189\/","url":"https:\/\/www.oknobuild.com\/index.php\/produkt\/akce-sapho-brahea-umyvadlo-146-6x51-5cm-110-35-rockstone-leve-bila-mat-bt147l-50189\/","name":"Akce Sapho BRAHEA umyvadlo 146,6x51,5cm (110+35), rockstone, lev\u00e9, b\u00edl\u00e1 mat BT147L -","isPartOf":{"@id":"https:\/\/www.oknobuild.com\/#website"},"primaryImageOfPage":{"@id":"https:\/\/www.oknobuild.com\/index.php\/produkt\/akce-sapho-brahea-umyvadlo-146-6x51-5cm-110-35-rockstone-leve-bila-mat-bt147l-50189\/#primaryimage"},"image":{"@id":"https:\/\/www.oknobuild.com\/index.php\/produkt\/akce-sapho-brahea-umyvadlo-146-6x51-5cm-110-35-rockstone-leve-bila-mat-bt147l-50189\/#primaryimage"},"thumbnailUrl":"https:\/\/www.oknobuild.com\/wp-content\/uploads\/2026\/SK0017613-CZ20260425-093631-0-1777080994-317534_bt147l-244486718359205.webp","datePublished":"2026-04-27T04:42:47+00:00","breadcrumb":{"@id":"https:\/\/www.oknobuild.com\/index.php\/produkt\/akce-sapho-brahea-umyvadlo-146-6x51-5cm-110-35-rockstone-leve-bila-mat-bt147l-50189\/#breadcrumb"},"inLanguage":"cs","potentialAction":[{"@type":"ReadAction","target":["https:\/\/www.oknobuild.com\/index.php\/produkt\/akce-sapho-brahea-umyvadlo-146-6x51-5cm-110-35-rockstone-leve-bila-mat-bt147l-50189\/"]}]},{"@type":"ImageObject","inLanguage":"cs","@id":"https:\/\/www.oknobuild.com\/index.php\/produkt\/akce-sapho-brahea-umyvadlo-146-6x51-5cm-110-35-rockstone-leve-bila-mat-bt147l-50189\/#primaryimage","url":"https:\/\/www.oknobuild.com\/wp-content\/uploads\/2026\/SK0017613-CZ20260425-093631-0-1777080994-317534_bt147l-244486718359205.webp","contentUrl":"https:\/\/www.oknobuild.com\/wp-content\/uploads\/2026\/SK0017613-CZ20260425-093631-0-1777080994-317534_bt147l-244486718359205.webp","width":1000,"height":750},{"@type":"BreadcrumbList","@id":"https:\/\/www.oknobuild.com\/index.php\/produkt\/akce-sapho-brahea-umyvadlo-146-6x51-5cm-110-35-rockstone-leve-bila-mat-bt147l-50189\/#breadcrumb","itemListElement":[{"@type":"ListItem","position":1,"name":"Home","item":"https:\/\/www.oknobuild.com\/"},{"@type":"ListItem","position":2,"name":"Products","item":"https:\/\/www.oknobuild.com\/index.php\/products\/"},{"@type":"ListItem","position":3,"name":"Akce Sapho BRAHEA umyvadlo 146,6&#215;51,5cm (110+35), rockstone, lev\u00e9, b\u00edl\u00e1 mat BT147L"}]},{"@type":"WebSite","@id":"https:\/\/www.oknobuild.com\/#website","url":"https:\/\/www.oknobuild.com\/","name":"","description":"","potentialAction":[{"@type":"SearchAction","target":{"@type":"EntryPoint","urlTemplate":"https:\/\/www.oknobuild.com\/?s={search_term_string}"},"query-input":{"@type":"PropertyValueSpecification","valueRequired":true,"valueName":"search_term_string"}}],"inLanguage":"cs"}]}},"_links":{"self":[{"href":"https:\/\/www.oknobuild.com\/index.php\/wp-json\/wp\/v2\/product\/50189","targetHints":{"allow":["GET"]}}],"collection":[{"href":"https:\/\/www.oknobuild.com\/index.php\/wp-json\/wp\/v2\/product"}],"about":[{"href":"https:\/\/www.oknobuild.com\/index.php\/wp-json\/wp\/v2\/types\/product"}],"replies":[{"embeddable":true,"href":"https:\/\/www.oknobuild.com\/index.php\/wp-json\/wp\/v2\/comments?post=50189"}],"wp:featuredmedia":[{"embeddable":true,"href":"https:\/\/www.oknobuild.com\/index.php\/wp-json\/wp\/v2\/media\/50289"}],"wp:attachment":[{"href":"https:\/\/www.oknobuild.com\/index.php\/wp-json\/wp\/v2\/media?parent=50189"}],"wp:term":[{"taxonomy":"product_brand","embeddable":true,"href":"https:\/\/www.oknobuild.com\/index.php\/wp-json\/wp\/v2\/product_brand?post=50189"},{"taxonomy":"product_cat","embeddable":true,"href":"https:\/\/www.oknobuild.com\/index.php\/wp-json\/wp\/v2\/product_cat?post=50189"},{"taxonomy":"product_tag","embeddable":true,"href":"https:\/\/www.oknobuild.com\/index.php\/wp-json\/wp\/v2\/product_tag?post=50189"}],"curies":[{"name":"wp","href":"https:\/\/api.w.org\/{rel}","templated":true}]}}