{"id":50578,"date":"2026-04-27T04:42:48","date_gmt":"2026-04-27T04:42:48","guid":{"rendered":""},"modified":"2026-04-27T04:42:48","modified_gmt":"2026-04-27T04:42:48","slug":"akce-sapho-spectre-podomitkova-sprchova-baterie-1-vystup-cerna-mat-1102-76b-50578","status":"publish","type":"product","link":"https:\/\/www.oknobuild.com\/index.php\/produkt\/akce-sapho-spectre-podomitkova-sprchova-baterie-1-vystup-cerna-mat-1102-76b-50578\/","title":{"rendered":"Akce Sapho SPECTRE podom\u00edtkov\u00e1 sprchov\u00e1 baterie, 1 v\u00fdstup, \u010dern\u00e1 mat 1102-76B"},"content":{"rendered":"<div class=\"basic-description\">\n<h3>Detailn\u00ed popis produktu<\/h3>\n<p><\/p>\n<p style=\"text-align: justify;\">SPECTRE je ucelen\u00e1 kolekce bateri\u00ed v kubistick\u00e9m stylu, kter\u00e1 se dr\u017e\u00ed p\u0159\u00edm\u00fdch lini\u00ed. Pot\u011b\u0161\u00ed oko bytov\u00e9ho architekta i koncov\u00e9ho klienta.<\/p>\n<h2 class=\"props-title\">Vlastnosti<\/h2>\n<table>\n<tr>\n<th>Zna\u010dka<\/th>\n<td>SAPHO<\/td>\n<\/tr>\n<tr>\n<th>S\u00e9rie<\/th>\n<td>SPECTRE<\/td>\n<\/tr>\n<tr>\n<th>3D model<\/th>\n<td>ANO<\/td>\n<\/tr>\n<tr>\n<th>\u0160\u00ed\u0159ka<\/th>\n<td>106&nbsp;mm<\/td>\n<\/tr>\n<tr>\n<th>V\u00fd\u0161ka<\/th>\n<td>106&nbsp;mm<\/td>\n<\/tr>\n<tr>\n<th>Barva<\/th>\n<td>\u010cern\u00e1 mat<\/td>\n<\/tr>\n<tr>\n<th>Materi\u00e1l<\/th>\n<td>Mosaz<\/td>\n<\/tr>\n<tr>\n<th>Tvar<\/th>\n<td>Hranat\u00e9<\/td>\n<\/tr>\n<tr>\n<th>Instalace<\/th>\n<td>Podom\u00edtkov\u00e1<\/td>\n<\/tr>\n<tr>\n<th>Druh ovl\u00e1d\u00e1n\u00ed<\/th>\n<td>P\u00e1ka<\/td>\n<\/tr>\n<tr>\n<th>Pr\u016fm\u011br kartu\u0161e<\/th>\n<td>42&nbsp;mm<\/td>\n<\/tr>\n<tr>\n<th>Ostatn\u00ed<\/th>\n<td>1 v\u00fdstup<\/td>\n<\/tr>\n<tr>\n<th>Hmotnost \/ ks<\/th>\n<td>0.8700&nbsp;kg<\/td>\n<\/tr>\n<tr>\n<th>Balen\u00ed<\/th>\n<td>1&nbsp;ks<\/td>\n<\/tr>\n<tr>\n<th>EAN<\/th>\n<td>8590913987519<\/td>\n<\/tr>\n<tr>\n<th>Taric<\/th>\n<td>84818011<\/td>\n<\/tr>\n<tr>\n<th>Z\u00e1ruka<\/th>\n<td>6 let<\/td>\n<\/tr>\n<\/table><\/div>\n","protected":false},"excerpt":{"rendered":"<p>Detailn\u00ed popis produktu SPECTRE je ucelen\u00e1 kolekce bateri\u00ed v kubistick\u00e9m stylu, kter\u00e1 se dr\u017e\u00ed p\u0159\u00edm\u00fdch lini\u00ed. Pot\u011b\u0161\u00ed oko bytov\u00e9ho architekta i koncov\u00e9ho klienta. Vlastnosti Zna\u010dka SAPHO S\u00e9rie SPECTRE 3D model ANO \u0160\u00ed\u0159ka 106&nbsp;mm V\u00fd\u0161ka 106&nbsp;mm Barva \u010cern\u00e1 mat Materi\u00e1l Mosaz Tvar Hranat\u00e9 Instalace Podom\u00edtkov\u00e1 Druh ovl\u00e1d\u00e1n\u00ed P\u00e1ka Pr\u016fm\u011br kartu\u0161e 42&nbsp;mm Ostatn\u00ed 1 v\u00fdstup Hmotnost \/ [&hellip;]<\/p>\n","protected":false},"featured_media":50678,"comment_status":"open","ping_status":"open","template":"","meta":[],"product_brand":[],"product_cat":[54],"product_tag":[],"class_list":{"0":"post-50578","1":"product","2":"type-product","3":"status-publish","4":"has-post-thumbnail","6":"product_cat-vodovodni-baterie","8":"first","9":"instock","10":"sale","11":"shipping-taxable","12":"purchasable","13":"product-type-simple"},"yoast_head":"<!-- This site is optimized with the Yoast SEO plugin v26.8 - https:\/\/yoast.com\/product\/yoast-seo-wordpress\/ -->\n<title>Akce Sapho SPECTRE podom\u00edtkov\u00e1 sprchov\u00e1 baterie, 1 v\u00fdstup, \u010dern\u00e1 mat 1102-76B -<\/title>\n<meta name=\"robots\" content=\"index, follow, max-snippet:-1, max-image-preview:large, max-video-preview:-1\" \/>\n<link rel=\"canonical\" href=\"https:\/\/www.oknobuild.com\/index.php\/produkt\/akce-sapho-spectre-podomitkova-sprchova-baterie-1-vystup-cerna-mat-1102-76b-50578\/\" \/>\n<meta property=\"og:locale\" content=\"cs_CZ\" \/>\n<meta property=\"og:type\" content=\"article\" \/>\n<meta property=\"og:title\" content=\"Akce Sapho SPECTRE podom\u00edtkov\u00e1 sprchov\u00e1 baterie, 1 v\u00fdstup, \u010dern\u00e1 mat 1102-76B -\" \/>\n<meta property=\"og:description\" content=\"Detailn\u00ed popis produktu SPECTRE je ucelen\u00e1 kolekce bateri\u00ed v kubistick\u00e9m stylu, kter\u00e1 se dr\u017e\u00ed p\u0159\u00edm\u00fdch lini\u00ed. Pot\u011b\u0161\u00ed oko bytov\u00e9ho architekta i koncov\u00e9ho klienta. Vlastnosti Zna\u010dka SAPHO S\u00e9rie SPECTRE 3D model ANO \u0160\u00ed\u0159ka 106&nbsp;mm V\u00fd\u0161ka 106&nbsp;mm Barva \u010cern\u00e1 mat Materi\u00e1l Mosaz Tvar Hranat\u00e9 Instalace Podom\u00edtkov\u00e1 Druh ovl\u00e1d\u00e1n\u00ed P\u00e1ka Pr\u016fm\u011br kartu\u0161e 42&nbsp;mm Ostatn\u00ed 1 v\u00fdstup Hmotnost \/ [&hellip;]\" \/>\n<meta property=\"og:url\" content=\"https:\/\/www.oknobuild.com\/index.php\/produkt\/akce-sapho-spectre-podomitkova-sprchova-baterie-1-vystup-cerna-mat-1102-76b-50578\/\" \/>\n<meta property=\"og:image\" content=\"https:\/\/www.oknobuild.com\/wp-content\/uploads\/2026\/SK0017823-CZ20260425-093631-0-1777080994-318452-1_1102-76b-247411591087438.webp\" \/>\n\t<meta property=\"og:image:width\" content=\"1000\" \/>\n\t<meta property=\"og:image:height\" content=\"750\" \/>\n\t<meta property=\"og:image:type\" content=\"image\/webp\" \/>\n<meta name=\"twitter:card\" content=\"summary_large_image\" \/>\n<script type=\"application\/ld+json\" class=\"yoast-schema-graph\">{\"@context\":\"https:\/\/schema.org\",\"@graph\":[{\"@type\":\"WebPage\",\"@id\":\"https:\/\/www.oknobuild.com\/index.php\/produkt\/akce-sapho-spectre-podomitkova-sprchova-baterie-1-vystup-cerna-mat-1102-76b-50578\/\",\"url\":\"https:\/\/www.oknobuild.com\/index.php\/produkt\/akce-sapho-spectre-podomitkova-sprchova-baterie-1-vystup-cerna-mat-1102-76b-50578\/\",\"name\":\"Akce Sapho SPECTRE podom\u00edtkov\u00e1 sprchov\u00e1 baterie, 1 v\u00fdstup, \u010dern\u00e1 mat 1102-76B -\",\"isPartOf\":{\"@id\":\"https:\/\/www.oknobuild.com\/#website\"},\"primaryImageOfPage\":{\"@id\":\"https:\/\/www.oknobuild.com\/index.php\/produkt\/akce-sapho-spectre-podomitkova-sprchova-baterie-1-vystup-cerna-mat-1102-76b-50578\/#primaryimage\"},\"image\":{\"@id\":\"https:\/\/www.oknobuild.com\/index.php\/produkt\/akce-sapho-spectre-podomitkova-sprchova-baterie-1-vystup-cerna-mat-1102-76b-50578\/#primaryimage\"},\"thumbnailUrl\":\"https:\/\/www.oknobuild.com\/wp-content\/uploads\/2026\/SK0017823-CZ20260425-093631-0-1777080994-318452-1_1102-76b-247411591087438.webp\",\"datePublished\":\"2026-04-27T04:42:48+00:00\",\"breadcrumb\":{\"@id\":\"https:\/\/www.oknobuild.com\/index.php\/produkt\/akce-sapho-spectre-podomitkova-sprchova-baterie-1-vystup-cerna-mat-1102-76b-50578\/#breadcrumb\"},\"inLanguage\":\"cs\",\"potentialAction\":[{\"@type\":\"ReadAction\",\"target\":[\"https:\/\/www.oknobuild.com\/index.php\/produkt\/akce-sapho-spectre-podomitkova-sprchova-baterie-1-vystup-cerna-mat-1102-76b-50578\/\"]}]},{\"@type\":\"ImageObject\",\"inLanguage\":\"cs\",\"@id\":\"https:\/\/www.oknobuild.com\/index.php\/produkt\/akce-sapho-spectre-podomitkova-sprchova-baterie-1-vystup-cerna-mat-1102-76b-50578\/#primaryimage\",\"url\":\"https:\/\/www.oknobuild.com\/wp-content\/uploads\/2026\/SK0017823-CZ20260425-093631-0-1777080994-318452-1_1102-76b-247411591087438.webp\",\"contentUrl\":\"https:\/\/www.oknobuild.com\/wp-content\/uploads\/2026\/SK0017823-CZ20260425-093631-0-1777080994-318452-1_1102-76b-247411591087438.webp\",\"width\":1000,\"height\":750},{\"@type\":\"BreadcrumbList\",\"@id\":\"https:\/\/www.oknobuild.com\/index.php\/produkt\/akce-sapho-spectre-podomitkova-sprchova-baterie-1-vystup-cerna-mat-1102-76b-50578\/#breadcrumb\",\"itemListElement\":[{\"@type\":\"ListItem\",\"position\":1,\"name\":\"Home\",\"item\":\"https:\/\/www.oknobuild.com\/\"},{\"@type\":\"ListItem\",\"position\":2,\"name\":\"Products\",\"item\":\"https:\/\/www.oknobuild.com\/index.php\/products\/\"},{\"@type\":\"ListItem\",\"position\":3,\"name\":\"Akce Sapho SPECTRE podom\u00edtkov\u00e1 sprchov\u00e1 baterie, 1 v\u00fdstup, \u010dern\u00e1 mat 1102-76B\"}]},{\"@type\":\"WebSite\",\"@id\":\"https:\/\/www.oknobuild.com\/#website\",\"url\":\"https:\/\/www.oknobuild.com\/\",\"name\":\"\",\"description\":\"\",\"potentialAction\":[{\"@type\":\"SearchAction\",\"target\":{\"@type\":\"EntryPoint\",\"urlTemplate\":\"https:\/\/www.oknobuild.com\/?s={search_term_string}\"},\"query-input\":{\"@type\":\"PropertyValueSpecification\",\"valueRequired\":true,\"valueName\":\"search_term_string\"}}],\"inLanguage\":\"cs\"}]}<\/script>\n<!-- \/ Yoast SEO plugin. -->","yoast_head_json":{"title":"Akce Sapho SPECTRE podom\u00edtkov\u00e1 sprchov\u00e1 baterie, 1 v\u00fdstup, \u010dern\u00e1 mat 1102-76B -","robots":{"index":"index","follow":"follow","max-snippet":"max-snippet:-1","max-image-preview":"max-image-preview:large","max-video-preview":"max-video-preview:-1"},"canonical":"https:\/\/www.oknobuild.com\/index.php\/produkt\/akce-sapho-spectre-podomitkova-sprchova-baterie-1-vystup-cerna-mat-1102-76b-50578\/","og_locale":"cs_CZ","og_type":"article","og_title":"Akce Sapho SPECTRE podom\u00edtkov\u00e1 sprchov\u00e1 baterie, 1 v\u00fdstup, \u010dern\u00e1 mat 1102-76B -","og_description":"Detailn\u00ed popis produktu SPECTRE je ucelen\u00e1 kolekce bateri\u00ed v kubistick\u00e9m stylu, kter\u00e1 se dr\u017e\u00ed p\u0159\u00edm\u00fdch lini\u00ed. Pot\u011b\u0161\u00ed oko bytov\u00e9ho architekta i koncov\u00e9ho klienta. Vlastnosti Zna\u010dka SAPHO S\u00e9rie SPECTRE 3D model ANO \u0160\u00ed\u0159ka 106&nbsp;mm V\u00fd\u0161ka 106&nbsp;mm Barva \u010cern\u00e1 mat Materi\u00e1l Mosaz Tvar Hranat\u00e9 Instalace Podom\u00edtkov\u00e1 Druh ovl\u00e1d\u00e1n\u00ed P\u00e1ka Pr\u016fm\u011br kartu\u0161e 42&nbsp;mm Ostatn\u00ed 1 v\u00fdstup Hmotnost \/ [&hellip;]","og_url":"https:\/\/www.oknobuild.com\/index.php\/produkt\/akce-sapho-spectre-podomitkova-sprchova-baterie-1-vystup-cerna-mat-1102-76b-50578\/","og_image":[{"width":1000,"height":750,"url":"https:\/\/www.oknobuild.com\/wp-content\/uploads\/2026\/SK0017823-CZ20260425-093631-0-1777080994-318452-1_1102-76b-247411591087438.webp","type":"image\/webp"}],"twitter_card":"summary_large_image","schema":{"@context":"https:\/\/schema.org","@graph":[{"@type":"WebPage","@id":"https:\/\/www.oknobuild.com\/index.php\/produkt\/akce-sapho-spectre-podomitkova-sprchova-baterie-1-vystup-cerna-mat-1102-76b-50578\/","url":"https:\/\/www.oknobuild.com\/index.php\/produkt\/akce-sapho-spectre-podomitkova-sprchova-baterie-1-vystup-cerna-mat-1102-76b-50578\/","name":"Akce Sapho SPECTRE podom\u00edtkov\u00e1 sprchov\u00e1 baterie, 1 v\u00fdstup, \u010dern\u00e1 mat 1102-76B -","isPartOf":{"@id":"https:\/\/www.oknobuild.com\/#website"},"primaryImageOfPage":{"@id":"https:\/\/www.oknobuild.com\/index.php\/produkt\/akce-sapho-spectre-podomitkova-sprchova-baterie-1-vystup-cerna-mat-1102-76b-50578\/#primaryimage"},"image":{"@id":"https:\/\/www.oknobuild.com\/index.php\/produkt\/akce-sapho-spectre-podomitkova-sprchova-baterie-1-vystup-cerna-mat-1102-76b-50578\/#primaryimage"},"thumbnailUrl":"https:\/\/www.oknobuild.com\/wp-content\/uploads\/2026\/SK0017823-CZ20260425-093631-0-1777080994-318452-1_1102-76b-247411591087438.webp","datePublished":"2026-04-27T04:42:48+00:00","breadcrumb":{"@id":"https:\/\/www.oknobuild.com\/index.php\/produkt\/akce-sapho-spectre-podomitkova-sprchova-baterie-1-vystup-cerna-mat-1102-76b-50578\/#breadcrumb"},"inLanguage":"cs","potentialAction":[{"@type":"ReadAction","target":["https:\/\/www.oknobuild.com\/index.php\/produkt\/akce-sapho-spectre-podomitkova-sprchova-baterie-1-vystup-cerna-mat-1102-76b-50578\/"]}]},{"@type":"ImageObject","inLanguage":"cs","@id":"https:\/\/www.oknobuild.com\/index.php\/produkt\/akce-sapho-spectre-podomitkova-sprchova-baterie-1-vystup-cerna-mat-1102-76b-50578\/#primaryimage","url":"https:\/\/www.oknobuild.com\/wp-content\/uploads\/2026\/SK0017823-CZ20260425-093631-0-1777080994-318452-1_1102-76b-247411591087438.webp","contentUrl":"https:\/\/www.oknobuild.com\/wp-content\/uploads\/2026\/SK0017823-CZ20260425-093631-0-1777080994-318452-1_1102-76b-247411591087438.webp","width":1000,"height":750},{"@type":"BreadcrumbList","@id":"https:\/\/www.oknobuild.com\/index.php\/produkt\/akce-sapho-spectre-podomitkova-sprchova-baterie-1-vystup-cerna-mat-1102-76b-50578\/#breadcrumb","itemListElement":[{"@type":"ListItem","position":1,"name":"Home","item":"https:\/\/www.oknobuild.com\/"},{"@type":"ListItem","position":2,"name":"Products","item":"https:\/\/www.oknobuild.com\/index.php\/products\/"},{"@type":"ListItem","position":3,"name":"Akce Sapho SPECTRE podom\u00edtkov\u00e1 sprchov\u00e1 baterie, 1 v\u00fdstup, \u010dern\u00e1 mat 1102-76B"}]},{"@type":"WebSite","@id":"https:\/\/www.oknobuild.com\/#website","url":"https:\/\/www.oknobuild.com\/","name":"","description":"","potentialAction":[{"@type":"SearchAction","target":{"@type":"EntryPoint","urlTemplate":"https:\/\/www.oknobuild.com\/?s={search_term_string}"},"query-input":{"@type":"PropertyValueSpecification","valueRequired":true,"valueName":"search_term_string"}}],"inLanguage":"cs"}]}},"_links":{"self":[{"href":"https:\/\/www.oknobuild.com\/index.php\/wp-json\/wp\/v2\/product\/50578","targetHints":{"allow":["GET"]}}],"collection":[{"href":"https:\/\/www.oknobuild.com\/index.php\/wp-json\/wp\/v2\/product"}],"about":[{"href":"https:\/\/www.oknobuild.com\/index.php\/wp-json\/wp\/v2\/types\/product"}],"replies":[{"embeddable":true,"href":"https:\/\/www.oknobuild.com\/index.php\/wp-json\/wp\/v2\/comments?post=50578"}],"wp:featuredmedia":[{"embeddable":true,"href":"https:\/\/www.oknobuild.com\/index.php\/wp-json\/wp\/v2\/media\/50678"}],"wp:attachment":[{"href":"https:\/\/www.oknobuild.com\/index.php\/wp-json\/wp\/v2\/media?parent=50578"}],"wp:term":[{"taxonomy":"product_brand","embeddable":true,"href":"https:\/\/www.oknobuild.com\/index.php\/wp-json\/wp\/v2\/product_brand?post=50578"},{"taxonomy":"product_cat","embeddable":true,"href":"https:\/\/www.oknobuild.com\/index.php\/wp-json\/wp\/v2\/product_cat?post=50578"},{"taxonomy":"product_tag","embeddable":true,"href":"https:\/\/www.oknobuild.com\/index.php\/wp-json\/wp\/v2\/product_tag?post=50578"}],"curies":[{"name":"wp","href":"https:\/\/api.w.org\/{rel}","templated":true}]}}