{"id":50721,"date":"2026-04-27T04:42:49","date_gmt":"2026-04-27T04:42:49","guid":{"rendered":""},"modified":"2026-04-27T04:42:49","modified_gmt":"2026-04-27T04:42:49","slug":"znackovy-sapho-espace-strip-skrinka-35x172x32cm-2x-dvirka-leva-prava-bila-mat-esc230-3131s-50721","status":"publish","type":"product","link":"https:\/\/www.oknobuild.com\/index.php\/produkt\/znackovy-sapho-espace-strip-skrinka-35x172x32cm-2x-dvirka-leva-prava-bila-mat-esc230-3131s-50721\/","title":{"rendered":"Zna\u010dkov\u00fd Sapho ESPACE STRIP sk\u0159\u00ed\u0148ka 35x172x32cm, 2x dv\u00ed\u0159ka, lev\u00e1\/prav\u00e1, b\u00edl\u00e1 mat ESC230-3131S"},"content":{"rendered":"<div class=\"basic-description\">\n<h3>Detailn\u00ed popis produktu<\/h3>\n<p><\/p>\n<p style=\"text-align: justify;\">Charakteristick\u00fdm rysem s\u00e9rie <strong>dopl\u0148kov\u00fdch sk\u0159\u00edn\u011bk ESPACE<\/strong> je variabilita d\u00edky \u0161irok\u00e9 nab\u00eddce rozm\u011br\u016f jak dv\u00ed\u0159kov\u00fdch, tak otev\u0159en\u00fdch sk\u0159\u00edn\u011bk. S\u00e9rie ESPACE byla navr\u017eena pro kombinaci s v\u011bt\u0161inou umyvadlov\u00fdch sk\u0159\u00edn\u011bk z na\u0161\u00ed nab\u00eddky, av\u0161ak sk\u0159\u00ed\u0148ky naleznou vyu\u017eit\u00ed i v jin\u00fdch prostor\u00e1ch ne\u017e je koupelna (ob\u00fdvac\u00ed pokoj, p\u0159eds\u00ed\u0148 apod.).<br \/>Sk\u0159\u00ed\u0148ky nab\u00edz\u00edme v&nbsp;barevn\u00e9m proveden\u00ed a dekorech lamina se strukturou dle vzorn\u00edku. K n\u011bkter\u00fdm sk\u0159\u00ed\u0148k\u00e1m lze dokoupit samostatnou vnit\u0159n\u00ed z\u00e1suvku, p\u0159\u00edpadn\u011b vyj\u00edmateln\u00fd a prateln\u00fd l\u00e1tkov\u00fd pr\u00e1deln\u00ed ko\u0161 na such\u00fd zip. Sk\u0159\u00ed\u0148ky lze instalovat jak s lev\u00fdm, tak s prav\u00fdm otv\u00edr\u00e1n\u00edm dv\u00ed\u0159ek \u2013 pouh\u00fdm oto\u010den\u00edm dv\u00ed\u0159ek o 180\u00b0 z\u00edsk\u00e1me pot\u0159ebnou variantu.<br \/>Sk\u0159\u00ed\u0148ky jsou vybaveny syst\u00e9mem bez\u00fachytkov\u00e9ho otev\u00edr\u00e1n\u00ed BLUM&reg; TIP-ON. P\u0159i pou\u017eit\u00ed \u00fachytky se pouze neinstaluje syst\u00e9m TIP-ON uvnit\u0159 sk\u0159\u00ed\u0148ky. \u00dachytky jsou v p\u0159\u00edpad\u011b z\u00e1jmu k dokoupen\u00ed.<\/p>\n<h2 class=\"props-title\">Vlastnosti<\/h2>\n<table>\n<tr>\n<th>Zna\u010dka<\/th>\n<td>SAPHO<\/td>\n<\/tr>\n<tr>\n<th>S\u00e9rie<\/th>\n<td>ESPACE<\/td>\n<\/tr>\n<tr>\n<th>3D model<\/th>\n<td>ANO<\/td>\n<\/tr>\n<tr>\n<th>Rozm\u011br<\/th>\n<td>35x172x32 cm<\/td>\n<\/tr>\n<tr>\n<th>\u0160\u00ed\u0159ka<\/th>\n<td>350&nbsp;mm<\/td>\n<\/tr>\n<tr>\n<th>V\u00fd\u0161ka<\/th>\n<td>1720&nbsp;mm<\/td>\n<\/tr>\n<tr>\n<th>Hloubka<\/th>\n<td>320&nbsp;mm<\/td>\n<\/tr>\n<tr>\n<th>Barva<\/th>\n<td>B\u00edl\u00e1 mat<\/td>\n<\/tr>\n<tr>\n<th>Jin\u00e9 barevn\u00e9 proveden\u00ed<\/th>\n<td>Dle vzorn\u00edku<\/td>\n<\/tr>\n<tr>\n<th>Materi\u00e1l<\/th>\n<td>MDF\/lamino<\/td>\n<\/tr>\n<tr>\n<th>Instalace<\/th>\n<td>Z\u00e1v\u011bsn\u00e9 na st\u011bnu<\/td>\n<\/tr>\n<tr>\n<th>Typ sk\u0159\u00ed\u0148ky<\/th>\n<td>Dv\u00ed\u0159ka<\/td>\n<\/tr>\n<tr>\n<th>Sm\u011br otev\u00edr\u00e1n\u00ed<\/th>\n<td>Univerz\u00e1ln\u00ed<\/td>\n<\/tr>\n<tr>\n<th>V\u00fdbava<\/th>\n<td>Ko\u0161 na pr\u00e1dlo: dopl\u0148kov\u00e1 v\u00fdbava, Bez\u00fachytkov\u00e9 otv\u00edr\u00e1n\u00ed<\/td>\n<\/tr>\n<tr>\n<th>Hmotnost \/ ks<\/th>\n<td>24.7000&nbsp;kg<\/td>\n<\/tr>\n<tr>\n<th>Balen\u00ed<\/th>\n<td>1&nbsp;ks<\/td>\n<\/tr>\n<tr>\n<th>EAN<\/th>\n<td>8590913992049<\/td>\n<\/tr>\n<tr>\n<th>Taric<\/th>\n<td>94036090<\/td>\n<\/tr>\n<tr>\n<th>Z\u00e1ruka<\/th>\n<td>2 roky<\/td>\n<\/tr>\n<\/table>\n<div class=\"product-explanation-item\">\n<h3>Lze vyrobit v tomto barevn\u00e9m proveden\u00ed:<\/h3>\n<p><strong>Cenov\u00e1 skupina A  <\/strong>p\u0159\u00edplatek 0%<\/p>\n<div class=\"vzorniky-list\">\n<div class=\"vzorniky-item\">30 B\u00edl\u00e1 lesk<\/div>\n<div class=\"vzorniky-item\">11 Dub st\u0159\u00edbrn\u00fd<\/div>\n<div class=\"vzorniky-item\">16 Borovice rustik<\/div>\n<div class=\"vzorniky-item\">22 Dub alabama<\/div>\n<div class=\"vzorniky-item\">25 Dub cuneo<\/div>\n<\/div>\n<p><strong>Cenov\u00e1 skupina B:<\/strong>  p\u0159\u00edplatek 30%<\/p>\n<div class=\"vzorniky-list\">\n<div class=\"vzorniky-item\">10 Dub polar<\/div>\n<div class=\"vzorniky-item\">12 Dub mocca<\/div>\n<div class=\"vzorniky-item\">20 Dub texas<\/div>\n<div class=\"vzorniky-item\">15 Dub sherwood<\/div>\n<div class=\"vzorniky-item\">13 Jilm bardini<\/div>\n<div class=\"vzorniky-item\">21 Mali wenge<\/div>\n<div class=\"vzorniky-item\">17 O\u0159ech yosemite<\/div>\n<div class=\"vzorniky-item\">18 Dub \u010dern\u00fd<\/div>\n<div class=\"vzorniky-item\">31 B\u00edl\u00e1 mat<\/div>\n<div class=\"vzorniky-item\">32 Ka\u0161m\u00edrov\u00e1 matn\u00e1<\/div>\n<div class=\"vzorniky-item\">33 \u0160ed\u00e1 matn\u00e1<\/div>\n<div class=\"vzorniky-item\">34 Antracit matn\u00fd<\/div>\n<div class=\"vzorniky-item\">35 \u010cern\u00e1 matn\u00e1<\/div>\n<\/div>\n<p><strong>Cenov\u00e1 skupina C:<\/strong> p\u0159\u00edplatek 50%<\/p>\n<div class=\"vzorniky-list\">\n<div class=\"vzorniky-item\">23 Dub alabama strip<br \/>(pouze dv\u00ed\u0159ka\/\u010delo)<\/div>\n<div class=\"vzorniky-item\">41 Carina<br \/>41S Carina strip<br \/>(pouze dv\u00ed\u0159ka\/\u010delo)<\/div>\n<div class=\"vzorniky-item\">42 Siena<br \/>42S Siena strip<br \/>(pouze dv\u00ed\u0159ka\/\u010delo)<\/div>\n<div class=\"vzorniky-item\">43 Agila<br \/>43S Agila strip<br \/>(pouze dv\u00ed\u0159ka\/\u010delo)<\/div>\n<div class=\"vzorniky-item\">44 Verde<br \/>44S Verde strip<br \/>(pouze dv\u00ed\u0159ka\/\u010delo)<\/div>\n<\/div>\n<p>jak\u00e1koliv barva dle vzorn\u00edku RAL nebo NCS v leskl\u00e9m nebo matn\u00e9m proveden\u00ed<\/p>\n<div class=\"vzorniky-list\">\n<div class=\"vzorniky-item\">RAL1019 \u0160edob\u00e9\u017eov\u00e1<\/div>\n<div class=\"vzorniky-item\">RAL3004 Bord\u00f3<\/div>\n<div class=\"vzorniky-item\">RAL6004 Modrozelen\u00e1<\/div>\n<div class=\"vzorniky-item\">RAL7031 \u0160edomodr\u00e1<\/div>\n<\/div>\n<p>Dodac\u00ed lh\u016fta cenov\u00fdch skupin B a C je 6 t\u00fddn\u016f.<\/p>\n<\/div>\n<div class=\"product-explanation-item\">\n<h3>Sm\u011br otev\u00edr\u00e1n\u00ed &#8211; univerz\u00e1ln\u00ed<\/h3>\n<p style=\"text-align: justify;\">Instalace je mo\u017en\u00e1 s lev\u00fdm nebo prav\u00fdm otev\u00edr\u00e1n\u00edm dve\u0159\u00ed.<\/p>\n<\/div>\n<div class=\"product-explanation-item\">\n<h3><span>Bez\u00fachytkov\u00e9 otv\u00edr\u00e1n\u00ed<\/span><\/h3>\n<p style=\"text-align: justify;\">N\u00e1bytek je vybaven syst\u00e9mem &#8222;Push to open&#8220; firmy Hettich nebo syst\u00e9mem TIP-ON firmy Blum &#8211; bez\u00fachytkov\u00e1 \u010dela a dv\u00ed\u0159ka pro komfortn\u00ed otev\u00edr\u00e1n\u00ed bez \u00fachytky. S<span>ta\u010d\u00ed na n\u011b jen kr\u00e1tce zlehka \u0165uknout. Pro zav\u0159en\u00ed na \u010delo nebo dve\u0159e lehounce zatla\u010dte.<\/span><\/p>\n<\/div><\/div>\n","protected":false},"excerpt":{"rendered":"<p>Detailn\u00ed popis produktu Charakteristick\u00fdm rysem s\u00e9rie dopl\u0148kov\u00fdch sk\u0159\u00edn\u011bk ESPACE je variabilita d\u00edky \u0161irok\u00e9 nab\u00eddce rozm\u011br\u016f jak dv\u00ed\u0159kov\u00fdch, tak otev\u0159en\u00fdch sk\u0159\u00edn\u011bk. S\u00e9rie ESPACE byla navr\u017eena pro kombinaci s v\u011bt\u0161inou umyvadlov\u00fdch sk\u0159\u00edn\u011bk z na\u0161\u00ed nab\u00eddky, av\u0161ak sk\u0159\u00ed\u0148ky naleznou vyu\u017eit\u00ed i v jin\u00fdch prostor\u00e1ch ne\u017e je koupelna (ob\u00fdvac\u00ed pokoj, p\u0159eds\u00ed\u0148 apod.).Sk\u0159\u00ed\u0148ky nab\u00edz\u00edme v&nbsp;barevn\u00e9m proveden\u00ed a dekorech lamina se [&hellip;]<\/p>\n","protected":false},"featured_media":50821,"comment_status":"open","ping_status":"open","template":"","meta":[],"product_brand":[],"product_cat":[78],"product_tag":[],"class_list":{"0":"post-50721","1":"product","2":"type-product","3":"status-publish","4":"has-post-thumbnail","6":"product_cat-koupelnovy-nabytek","8":"first","9":"instock","10":"sale","11":"shipping-taxable","12":"purchasable","13":"product-type-simple"},"yoast_head":"<!-- This site is optimized with the Yoast SEO plugin v26.8 - https:\/\/yoast.com\/product\/yoast-seo-wordpress\/ -->\n<title>Zna\u010dkov\u00fd Sapho ESPACE STRIP sk\u0159\u00ed\u0148ka 35x172x32cm, 2x dv\u00ed\u0159ka, lev\u00e1\/prav\u00e1, b\u00edl\u00e1 mat ESC230-3131S -<\/title>\n<meta name=\"robots\" content=\"index, follow, max-snippet:-1, max-image-preview:large, max-video-preview:-1\" \/>\n<link rel=\"canonical\" href=\"https:\/\/www.oknobuild.com\/index.php\/produkt\/znackovy-sapho-espace-strip-skrinka-35x172x32cm-2x-dvirka-leva-prava-bila-mat-esc230-3131s-50721\/\" \/>\n<meta property=\"og:locale\" content=\"cs_CZ\" \/>\n<meta property=\"og:type\" content=\"article\" \/>\n<meta property=\"og:title\" content=\"Zna\u010dkov\u00fd Sapho ESPACE STRIP sk\u0159\u00ed\u0148ka 35x172x32cm, 2x dv\u00ed\u0159ka, lev\u00e1\/prav\u00e1, b\u00edl\u00e1 mat ESC230-3131S -\" \/>\n<meta property=\"og:description\" content=\"Detailn\u00ed popis produktu Charakteristick\u00fdm rysem s\u00e9rie dopl\u0148kov\u00fdch sk\u0159\u00edn\u011bk ESPACE je variabilita d\u00edky \u0161irok\u00e9 nab\u00eddce rozm\u011br\u016f jak dv\u00ed\u0159kov\u00fdch, tak otev\u0159en\u00fdch sk\u0159\u00edn\u011bk. S\u00e9rie ESPACE byla navr\u017eena pro kombinaci s v\u011bt\u0161inou umyvadlov\u00fdch sk\u0159\u00edn\u011bk z na\u0161\u00ed nab\u00eddky, av\u0161ak sk\u0159\u00ed\u0148ky naleznou vyu\u017eit\u00ed i v jin\u00fdch prostor\u00e1ch ne\u017e je koupelna (ob\u00fdvac\u00ed pokoj, p\u0159eds\u00ed\u0148 apod.).Sk\u0159\u00ed\u0148ky nab\u00edz\u00edme v&nbsp;barevn\u00e9m proveden\u00ed a dekorech lamina se [&hellip;]\" \/>\n<meta property=\"og:url\" content=\"https:\/\/www.oknobuild.com\/index.php\/produkt\/znackovy-sapho-espace-strip-skrinka-35x172x32cm-2x-dvirka-leva-prava-bila-mat-esc230-3131s-50721\/\" \/>\n<meta property=\"og:image\" content=\"https:\/\/www.oknobuild.com\/wp-content\/uploads\/2026\/SK0017889-CZ20260425-093631-0-1777080994-318662_esc230-3131s-244027156863633.webp\" \/>\n\t<meta property=\"og:image:width\" content=\"1000\" \/>\n\t<meta property=\"og:image:height\" content=\"750\" \/>\n\t<meta property=\"og:image:type\" content=\"image\/webp\" \/>\n<meta name=\"twitter:card\" content=\"summary_large_image\" \/>\n<meta name=\"twitter:label1\" content=\"Odhadovan\u00e1 doba \u010dten\u00ed\" \/>\n\t<meta name=\"twitter:data1\" content=\"2 minuty\" \/>\n<script type=\"application\/ld+json\" class=\"yoast-schema-graph\">{\"@context\":\"https:\/\/schema.org\",\"@graph\":[{\"@type\":\"WebPage\",\"@id\":\"https:\/\/www.oknobuild.com\/index.php\/produkt\/znackovy-sapho-espace-strip-skrinka-35x172x32cm-2x-dvirka-leva-prava-bila-mat-esc230-3131s-50721\/\",\"url\":\"https:\/\/www.oknobuild.com\/index.php\/produkt\/znackovy-sapho-espace-strip-skrinka-35x172x32cm-2x-dvirka-leva-prava-bila-mat-esc230-3131s-50721\/\",\"name\":\"Zna\u010dkov\u00fd Sapho ESPACE STRIP sk\u0159\u00ed\u0148ka 35x172x32cm, 2x dv\u00ed\u0159ka, lev\u00e1\/prav\u00e1, b\u00edl\u00e1 mat ESC230-3131S -\",\"isPartOf\":{\"@id\":\"https:\/\/www.oknobuild.com\/#website\"},\"primaryImageOfPage\":{\"@id\":\"https:\/\/www.oknobuild.com\/index.php\/produkt\/znackovy-sapho-espace-strip-skrinka-35x172x32cm-2x-dvirka-leva-prava-bila-mat-esc230-3131s-50721\/#primaryimage\"},\"image\":{\"@id\":\"https:\/\/www.oknobuild.com\/index.php\/produkt\/znackovy-sapho-espace-strip-skrinka-35x172x32cm-2x-dvirka-leva-prava-bila-mat-esc230-3131s-50721\/#primaryimage\"},\"thumbnailUrl\":\"https:\/\/www.oknobuild.com\/wp-content\/uploads\/2026\/SK0017889-CZ20260425-093631-0-1777080994-318662_esc230-3131s-244027156863633.webp\",\"datePublished\":\"2026-04-27T04:42:49+00:00\",\"breadcrumb\":{\"@id\":\"https:\/\/www.oknobuild.com\/index.php\/produkt\/znackovy-sapho-espace-strip-skrinka-35x172x32cm-2x-dvirka-leva-prava-bila-mat-esc230-3131s-50721\/#breadcrumb\"},\"inLanguage\":\"cs\",\"potentialAction\":[{\"@type\":\"ReadAction\",\"target\":[\"https:\/\/www.oknobuild.com\/index.php\/produkt\/znackovy-sapho-espace-strip-skrinka-35x172x32cm-2x-dvirka-leva-prava-bila-mat-esc230-3131s-50721\/\"]}]},{\"@type\":\"ImageObject\",\"inLanguage\":\"cs\",\"@id\":\"https:\/\/www.oknobuild.com\/index.php\/produkt\/znackovy-sapho-espace-strip-skrinka-35x172x32cm-2x-dvirka-leva-prava-bila-mat-esc230-3131s-50721\/#primaryimage\",\"url\":\"https:\/\/www.oknobuild.com\/wp-content\/uploads\/2026\/SK0017889-CZ20260425-093631-0-1777080994-318662_esc230-3131s-244027156863633.webp\",\"contentUrl\":\"https:\/\/www.oknobuild.com\/wp-content\/uploads\/2026\/SK0017889-CZ20260425-093631-0-1777080994-318662_esc230-3131s-244027156863633.webp\",\"width\":1000,\"height\":750},{\"@type\":\"BreadcrumbList\",\"@id\":\"https:\/\/www.oknobuild.com\/index.php\/produkt\/znackovy-sapho-espace-strip-skrinka-35x172x32cm-2x-dvirka-leva-prava-bila-mat-esc230-3131s-50721\/#breadcrumb\",\"itemListElement\":[{\"@type\":\"ListItem\",\"position\":1,\"name\":\"Home\",\"item\":\"https:\/\/www.oknobuild.com\/\"},{\"@type\":\"ListItem\",\"position\":2,\"name\":\"Products\",\"item\":\"https:\/\/www.oknobuild.com\/index.php\/products\/\"},{\"@type\":\"ListItem\",\"position\":3,\"name\":\"Zna\u010dkov\u00fd Sapho ESPACE STRIP sk\u0159\u00ed\u0148ka 35x172x32cm, 2x dv\u00ed\u0159ka, lev\u00e1\/prav\u00e1, b\u00edl\u00e1 mat ESC230-3131S\"}]},{\"@type\":\"WebSite\",\"@id\":\"https:\/\/www.oknobuild.com\/#website\",\"url\":\"https:\/\/www.oknobuild.com\/\",\"name\":\"\",\"description\":\"\",\"potentialAction\":[{\"@type\":\"SearchAction\",\"target\":{\"@type\":\"EntryPoint\",\"urlTemplate\":\"https:\/\/www.oknobuild.com\/?s={search_term_string}\"},\"query-input\":{\"@type\":\"PropertyValueSpecification\",\"valueRequired\":true,\"valueName\":\"search_term_string\"}}],\"inLanguage\":\"cs\"}]}<\/script>\n<!-- \/ Yoast SEO plugin. -->","yoast_head_json":{"title":"Zna\u010dkov\u00fd Sapho ESPACE STRIP sk\u0159\u00ed\u0148ka 35x172x32cm, 2x dv\u00ed\u0159ka, lev\u00e1\/prav\u00e1, b\u00edl\u00e1 mat ESC230-3131S -","robots":{"index":"index","follow":"follow","max-snippet":"max-snippet:-1","max-image-preview":"max-image-preview:large","max-video-preview":"max-video-preview:-1"},"canonical":"https:\/\/www.oknobuild.com\/index.php\/produkt\/znackovy-sapho-espace-strip-skrinka-35x172x32cm-2x-dvirka-leva-prava-bila-mat-esc230-3131s-50721\/","og_locale":"cs_CZ","og_type":"article","og_title":"Zna\u010dkov\u00fd Sapho ESPACE STRIP sk\u0159\u00ed\u0148ka 35x172x32cm, 2x dv\u00ed\u0159ka, lev\u00e1\/prav\u00e1, b\u00edl\u00e1 mat ESC230-3131S -","og_description":"Detailn\u00ed popis produktu Charakteristick\u00fdm rysem s\u00e9rie dopl\u0148kov\u00fdch sk\u0159\u00edn\u011bk ESPACE je variabilita d\u00edky \u0161irok\u00e9 nab\u00eddce rozm\u011br\u016f jak dv\u00ed\u0159kov\u00fdch, tak otev\u0159en\u00fdch sk\u0159\u00edn\u011bk. S\u00e9rie ESPACE byla navr\u017eena pro kombinaci s v\u011bt\u0161inou umyvadlov\u00fdch sk\u0159\u00edn\u011bk z na\u0161\u00ed nab\u00eddky, av\u0161ak sk\u0159\u00ed\u0148ky naleznou vyu\u017eit\u00ed i v jin\u00fdch prostor\u00e1ch ne\u017e je koupelna (ob\u00fdvac\u00ed pokoj, p\u0159eds\u00ed\u0148 apod.).Sk\u0159\u00ed\u0148ky nab\u00edz\u00edme v&nbsp;barevn\u00e9m proveden\u00ed a dekorech lamina se [&hellip;]","og_url":"https:\/\/www.oknobuild.com\/index.php\/produkt\/znackovy-sapho-espace-strip-skrinka-35x172x32cm-2x-dvirka-leva-prava-bila-mat-esc230-3131s-50721\/","og_image":[{"width":1000,"height":750,"url":"https:\/\/www.oknobuild.com\/wp-content\/uploads\/2026\/SK0017889-CZ20260425-093631-0-1777080994-318662_esc230-3131s-244027156863633.webp","type":"image\/webp"}],"twitter_card":"summary_large_image","twitter_misc":{"Odhadovan\u00e1 doba \u010dten\u00ed":"2 minuty"},"schema":{"@context":"https:\/\/schema.org","@graph":[{"@type":"WebPage","@id":"https:\/\/www.oknobuild.com\/index.php\/produkt\/znackovy-sapho-espace-strip-skrinka-35x172x32cm-2x-dvirka-leva-prava-bila-mat-esc230-3131s-50721\/","url":"https:\/\/www.oknobuild.com\/index.php\/produkt\/znackovy-sapho-espace-strip-skrinka-35x172x32cm-2x-dvirka-leva-prava-bila-mat-esc230-3131s-50721\/","name":"Zna\u010dkov\u00fd Sapho ESPACE STRIP sk\u0159\u00ed\u0148ka 35x172x32cm, 2x dv\u00ed\u0159ka, lev\u00e1\/prav\u00e1, b\u00edl\u00e1 mat ESC230-3131S -","isPartOf":{"@id":"https:\/\/www.oknobuild.com\/#website"},"primaryImageOfPage":{"@id":"https:\/\/www.oknobuild.com\/index.php\/produkt\/znackovy-sapho-espace-strip-skrinka-35x172x32cm-2x-dvirka-leva-prava-bila-mat-esc230-3131s-50721\/#primaryimage"},"image":{"@id":"https:\/\/www.oknobuild.com\/index.php\/produkt\/znackovy-sapho-espace-strip-skrinka-35x172x32cm-2x-dvirka-leva-prava-bila-mat-esc230-3131s-50721\/#primaryimage"},"thumbnailUrl":"https:\/\/www.oknobuild.com\/wp-content\/uploads\/2026\/SK0017889-CZ20260425-093631-0-1777080994-318662_esc230-3131s-244027156863633.webp","datePublished":"2026-04-27T04:42:49+00:00","breadcrumb":{"@id":"https:\/\/www.oknobuild.com\/index.php\/produkt\/znackovy-sapho-espace-strip-skrinka-35x172x32cm-2x-dvirka-leva-prava-bila-mat-esc230-3131s-50721\/#breadcrumb"},"inLanguage":"cs","potentialAction":[{"@type":"ReadAction","target":["https:\/\/www.oknobuild.com\/index.php\/produkt\/znackovy-sapho-espace-strip-skrinka-35x172x32cm-2x-dvirka-leva-prava-bila-mat-esc230-3131s-50721\/"]}]},{"@type":"ImageObject","inLanguage":"cs","@id":"https:\/\/www.oknobuild.com\/index.php\/produkt\/znackovy-sapho-espace-strip-skrinka-35x172x32cm-2x-dvirka-leva-prava-bila-mat-esc230-3131s-50721\/#primaryimage","url":"https:\/\/www.oknobuild.com\/wp-content\/uploads\/2026\/SK0017889-CZ20260425-093631-0-1777080994-318662_esc230-3131s-244027156863633.webp","contentUrl":"https:\/\/www.oknobuild.com\/wp-content\/uploads\/2026\/SK0017889-CZ20260425-093631-0-1777080994-318662_esc230-3131s-244027156863633.webp","width":1000,"height":750},{"@type":"BreadcrumbList","@id":"https:\/\/www.oknobuild.com\/index.php\/produkt\/znackovy-sapho-espace-strip-skrinka-35x172x32cm-2x-dvirka-leva-prava-bila-mat-esc230-3131s-50721\/#breadcrumb","itemListElement":[{"@type":"ListItem","position":1,"name":"Home","item":"https:\/\/www.oknobuild.com\/"},{"@type":"ListItem","position":2,"name":"Products","item":"https:\/\/www.oknobuild.com\/index.php\/products\/"},{"@type":"ListItem","position":3,"name":"Zna\u010dkov\u00fd Sapho ESPACE STRIP sk\u0159\u00ed\u0148ka 35x172x32cm, 2x dv\u00ed\u0159ka, lev\u00e1\/prav\u00e1, b\u00edl\u00e1 mat ESC230-3131S"}]},{"@type":"WebSite","@id":"https:\/\/www.oknobuild.com\/#website","url":"https:\/\/www.oknobuild.com\/","name":"","description":"","potentialAction":[{"@type":"SearchAction","target":{"@type":"EntryPoint","urlTemplate":"https:\/\/www.oknobuild.com\/?s={search_term_string}"},"query-input":{"@type":"PropertyValueSpecification","valueRequired":true,"valueName":"search_term_string"}}],"inLanguage":"cs"}]}},"_links":{"self":[{"href":"https:\/\/www.oknobuild.com\/index.php\/wp-json\/wp\/v2\/product\/50721","targetHints":{"allow":["GET"]}}],"collection":[{"href":"https:\/\/www.oknobuild.com\/index.php\/wp-json\/wp\/v2\/product"}],"about":[{"href":"https:\/\/www.oknobuild.com\/index.php\/wp-json\/wp\/v2\/types\/product"}],"replies":[{"embeddable":true,"href":"https:\/\/www.oknobuild.com\/index.php\/wp-json\/wp\/v2\/comments?post=50721"}],"wp:featuredmedia":[{"embeddable":true,"href":"https:\/\/www.oknobuild.com\/index.php\/wp-json\/wp\/v2\/media\/50821"}],"wp:attachment":[{"href":"https:\/\/www.oknobuild.com\/index.php\/wp-json\/wp\/v2\/media?parent=50721"}],"wp:term":[{"taxonomy":"product_brand","embeddable":true,"href":"https:\/\/www.oknobuild.com\/index.php\/wp-json\/wp\/v2\/product_brand?post=50721"},{"taxonomy":"product_cat","embeddable":true,"href":"https:\/\/www.oknobuild.com\/index.php\/wp-json\/wp\/v2\/product_cat?post=50721"},{"taxonomy":"product_tag","embeddable":true,"href":"https:\/\/www.oknobuild.com\/index.php\/wp-json\/wp\/v2\/product_tag?post=50721"}],"curies":[{"name":"wp","href":"https:\/\/api.w.org\/{rel}","templated":true}]}}