{"id":50897,"date":"2026-04-27T04:42:49","date_gmt":"2026-04-27T04:42:49","guid":{"rendered":""},"modified":"2026-04-27T04:42:49","modified_gmt":"2026-04-27T04:42:49","slug":"akce-thermal-trend-koupelnove-otopne-teleso-oble-bko-750-x-730-mm-602w-elvl0640-50897","status":"publish","type":"product","link":"https:\/\/www.oknobuild.com\/index.php\/produkt\/akce-thermal-trend-koupelnove-otopne-teleso-oble-bko-750-x-730-mm-602w-elvl0640-50897\/","title":{"rendered":"Akce Thermal Trend koupelnov\u00e9 otopn\u00e9 t\u011bleso obl\u00e9 BKO 750 x 730 mm, 602W ELVL0640"},"content":{"rendered":"<div class=\"basic-description\">\n<h3>Detailn\u00ed popis produktu<\/h3>\n<p>Koupelnov\u00e9 otopn\u00e9 t\u011bleso BKO vych\u00e1z\u00ed ze z\u00e1kladn\u00edho typu otopn\u00e9ho t\u011blasa typu BK, kdy p\u0159\u00ed\u010dn\u00e1 trubkovnice je v&nbsp;cel\u00e9 sv\u00e9 d\u00e9lce zaoblen\u00e1 a vytv\u00e1\u0159\u00ed tak symetrick\u00fd prostorov\u00fd oblouk. Koupelnov\u00e1 otopn\u00e1 t\u011blesa BKO jsou standardn\u011b dod\u00e1v\u00e1na s povrchovou \u00fapravou b\u00edl\u00e9 komaxitov\u00e9 barvy RAL 9016. Koupelnov\u00e9 otopn\u00e9 t\u011bleso BKO je vyrobeno z p\u0159\u00ed\u010dn\u00fdch ocelov\u00fdch trubek \u00f8 20 mm a dvou vertik\u00e1ln\u00edch ocelov\u00fdch stojin ve tvaru D o rozm\u011bru 30 x 40 mm. Rozm\u011bry: d\u00e9lka 450mm, v\u00fd\u0161ka 1320mm, hloubka 70mm. Radi\u00e1tor je ur\u010den pro teplovodn\u00ed nebo kombinovan\u00e9 vyt\u00e1p\u011bn\u00ed.<\/p>\n<\/p>\n<h2><\/h2>\n<p>&nbsp;<\/p>\n<p>Koupelnov\u00e9 otopn\u00e9 t\u011bleso do oblouku se p\u0159ipojuje do syst\u00e9mu \u00fast\u0159edn\u00edho vyt\u00e1p\u011bn\u00ed s&nbsp;jedn\u00edm centr\u00e1ln\u00edm zdrojem tepla.<\/p>\n<p>P\u0159\u00ed\u010dn\u00e1 trubkovnice radi\u00e1toru do koupelny BKO je v&nbsp;cel\u00e9 sv\u00e9 d\u00e9lce zaoblen\u00e1 \u010d\u00edm\u017e vytv\u00e1\u0159\u00ed symetrick\u00fd prostorov\u00fd oblouk. Je vyrobeno z&nbsp;p\u0159\u00ed\u010dn\u00fdch ocelov\u00fdch trubek o pr\u016fm\u011bru 20 mm a dvou vertik\u00e1ln\u00edch ocelov\u00fdch stojin ve tvaru D o rozm\u011bru 30 x 40 mm. Rozm\u011brov\u00e1 \u0159ada je toto\u017en\u00e1 s&nbsp;koupelnov\u00fdm otopn\u00fdm t\u011blesem BK a za\u010d\u00edn\u00e1 d\u00e9lkou 450 mm, maxim\u00e1ln\u00ed d\u00e9lka je 750 mm, v\u00fd\u0161ka od 730 mm a\u017e 1850 mm. Trubkov\u00e9 otopn\u00e9 t\u011bleso BKO je dod\u00e1v\u00e1no v&nbsp;b\u00edl\u00e9 komaxitov\u00e9 barv\u011b RAL 9016. Sou\u010d\u00e1st\u00ed dod\u00e1vky je i sada pro upevn\u011bn\u00ed na st\u011bnu a odvzdu\u0161\u0148ovac\u00ed a zaslepovac\u00ed z\u00e1tka.<\/p>\n<p>Zak\u00e1zkov\u011b je mo\u017en\u00e9 vyrobit obloukov\u00fd radi\u00e1tor BKO i v&nbsp;jin\u00e9 barv\u011b RAL nebo i v&nbsp;atypick\u00e9m rozm\u011bru. Je mo\u017en\u00e9 jej dodat i se st\u0159edov\u00fdm p\u0159ipojen\u00edm.<\/p>\n<h2><\/h2>\n<\/p>\n<h2><\/h2>\n<p>Mont\u00e1\u017en\u00ed konzole jsou sou\u010d\u00e1st\u00ed ceny radi\u00e1toru.<\/p>\n<p>Sou\u010d\u00e1st\u00ed ceny je recykla\u010dn\u00ed poplatek.<\/p>\n<\/p><\/div>\n","protected":false},"excerpt":{"rendered":"<p>Detailn\u00ed popis produktu Koupelnov\u00e9 otopn\u00e9 t\u011bleso BKO vych\u00e1z\u00ed ze z\u00e1kladn\u00edho typu otopn\u00e9ho t\u011blasa typu BK, kdy p\u0159\u00ed\u010dn\u00e1 trubkovnice je v&nbsp;cel\u00e9 sv\u00e9 d\u00e9lce zaoblen\u00e1 a vytv\u00e1\u0159\u00ed tak symetrick\u00fd prostorov\u00fd oblouk. Koupelnov\u00e1 otopn\u00e1 t\u011blesa BKO jsou standardn\u011b dod\u00e1v\u00e1na s povrchovou \u00fapravou b\u00edl\u00e9 komaxitov\u00e9 barvy RAL 9016. Koupelnov\u00e9 otopn\u00e9 t\u011bleso BKO je vyrobeno z p\u0159\u00ed\u010dn\u00fdch ocelov\u00fdch trubek \u00f8 [&hellip;]<\/p>\n","protected":false},"featured_media":50997,"comment_status":"open","ping_status":"open","template":"","meta":[],"product_brand":[],"product_cat":[79],"product_tag":[],"class_list":{"0":"post-50897","1":"product","2":"type-product","3":"status-publish","4":"has-post-thumbnail","6":"product_cat-vytapeni","8":"first","9":"instock","10":"sale","11":"shipping-taxable","12":"purchasable","13":"product-type-simple"},"yoast_head":"<!-- This site is optimized with the Yoast SEO plugin v26.8 - https:\/\/yoast.com\/product\/yoast-seo-wordpress\/ -->\n<title>Akce Thermal Trend koupelnov\u00e9 otopn\u00e9 t\u011bleso obl\u00e9 BKO 750 x 730 mm, 602W ELVL0640 -<\/title>\n<meta name=\"robots\" content=\"index, follow, max-snippet:-1, max-image-preview:large, max-video-preview:-1\" \/>\n<link rel=\"canonical\" href=\"https:\/\/www.oknobuild.com\/index.php\/produkt\/akce-thermal-trend-koupelnove-otopne-teleso-oble-bko-750-x-730-mm-602w-elvl0640-50897\/\" \/>\n<meta property=\"og:locale\" content=\"cs_CZ\" \/>\n<meta property=\"og:type\" content=\"article\" \/>\n<meta property=\"og:title\" content=\"Akce Thermal Trend koupelnov\u00e9 otopn\u00e9 t\u011bleso obl\u00e9 BKO 750 x 730 mm, 602W ELVL0640 -\" \/>\n<meta property=\"og:description\" content=\"Detailn\u00ed popis produktu Koupelnov\u00e9 otopn\u00e9 t\u011bleso BKO vych\u00e1z\u00ed ze z\u00e1kladn\u00edho typu otopn\u00e9ho t\u011blasa typu BK, kdy p\u0159\u00ed\u010dn\u00e1 trubkovnice je v&nbsp;cel\u00e9 sv\u00e9 d\u00e9lce zaoblen\u00e1 a vytv\u00e1\u0159\u00ed tak symetrick\u00fd prostorov\u00fd oblouk. Koupelnov\u00e1 otopn\u00e1 t\u011blesa BKO jsou standardn\u011b dod\u00e1v\u00e1na s povrchovou \u00fapravou b\u00edl\u00e9 komaxitov\u00e9 barvy RAL 9016. Koupelnov\u00e9 otopn\u00e9 t\u011bleso BKO je vyrobeno z p\u0159\u00ed\u010dn\u00fdch ocelov\u00fdch trubek \u00f8 [&hellip;]\" \/>\n<meta property=\"og:url\" content=\"https:\/\/www.oknobuild.com\/index.php\/produkt\/akce-thermal-trend-koupelnove-otopne-teleso-oble-bko-750-x-730-mm-602w-elvl0640-50897\/\" \/>\n<meta property=\"og:image\" content=\"https:\/\/www.oknobuild.com\/wp-content\/uploads\/2026\/SK0017967-CZ20260425-093631-0-1777080994-321290-3_elvl-bitherm-koupelnove-otopne-teleso-bko-750-x-73.webp\" \/>\n\t<meta property=\"og:image:width\" content=\"1000\" \/>\n\t<meta property=\"og:image:height\" content=\"750\" \/>\n\t<meta property=\"og:image:type\" content=\"image\/webp\" \/>\n<meta name=\"twitter:card\" content=\"summary_large_image\" \/>\n<meta name=\"twitter:label1\" content=\"Odhadovan\u00e1 doba \u010dten\u00ed\" \/>\n\t<meta name=\"twitter:data1\" content=\"2 minuty\" \/>\n<script type=\"application\/ld+json\" class=\"yoast-schema-graph\">{\"@context\":\"https:\/\/schema.org\",\"@graph\":[{\"@type\":\"WebPage\",\"@id\":\"https:\/\/www.oknobuild.com\/index.php\/produkt\/akce-thermal-trend-koupelnove-otopne-teleso-oble-bko-750-x-730-mm-602w-elvl0640-50897\/\",\"url\":\"https:\/\/www.oknobuild.com\/index.php\/produkt\/akce-thermal-trend-koupelnove-otopne-teleso-oble-bko-750-x-730-mm-602w-elvl0640-50897\/\",\"name\":\"Akce Thermal Trend koupelnov\u00e9 otopn\u00e9 t\u011bleso obl\u00e9 BKO 750 x 730 mm, 602W ELVL0640 -\",\"isPartOf\":{\"@id\":\"https:\/\/www.oknobuild.com\/#website\"},\"primaryImageOfPage\":{\"@id\":\"https:\/\/www.oknobuild.com\/index.php\/produkt\/akce-thermal-trend-koupelnove-otopne-teleso-oble-bko-750-x-730-mm-602w-elvl0640-50897\/#primaryimage\"},\"image\":{\"@id\":\"https:\/\/www.oknobuild.com\/index.php\/produkt\/akce-thermal-trend-koupelnove-otopne-teleso-oble-bko-750-x-730-mm-602w-elvl0640-50897\/#primaryimage\"},\"thumbnailUrl\":\"https:\/\/www.oknobuild.com\/wp-content\/uploads\/2026\/SK0017967-CZ20260425-093631-0-1777080994-321290-3_elvl-bitherm-koupelnove-otopne-teleso-bko-750-x-73.webp\",\"datePublished\":\"2026-04-27T04:42:49+00:00\",\"breadcrumb\":{\"@id\":\"https:\/\/www.oknobuild.com\/index.php\/produkt\/akce-thermal-trend-koupelnove-otopne-teleso-oble-bko-750-x-730-mm-602w-elvl0640-50897\/#breadcrumb\"},\"inLanguage\":\"cs\",\"potentialAction\":[{\"@type\":\"ReadAction\",\"target\":[\"https:\/\/www.oknobuild.com\/index.php\/produkt\/akce-thermal-trend-koupelnove-otopne-teleso-oble-bko-750-x-730-mm-602w-elvl0640-50897\/\"]}]},{\"@type\":\"ImageObject\",\"inLanguage\":\"cs\",\"@id\":\"https:\/\/www.oknobuild.com\/index.php\/produkt\/akce-thermal-trend-koupelnove-otopne-teleso-oble-bko-750-x-730-mm-602w-elvl0640-50897\/#primaryimage\",\"url\":\"https:\/\/www.oknobuild.com\/wp-content\/uploads\/2026\/SK0017967-CZ20260425-093631-0-1777080994-321290-3_elvl-bitherm-koupelnove-otopne-teleso-bko-750-x-73.webp\",\"contentUrl\":\"https:\/\/www.oknobuild.com\/wp-content\/uploads\/2026\/SK0017967-CZ20260425-093631-0-1777080994-321290-3_elvl-bitherm-koupelnove-otopne-teleso-bko-750-x-73.webp\",\"width\":1000,\"height\":750},{\"@type\":\"BreadcrumbList\",\"@id\":\"https:\/\/www.oknobuild.com\/index.php\/produkt\/akce-thermal-trend-koupelnove-otopne-teleso-oble-bko-750-x-730-mm-602w-elvl0640-50897\/#breadcrumb\",\"itemListElement\":[{\"@type\":\"ListItem\",\"position\":1,\"name\":\"Home\",\"item\":\"https:\/\/www.oknobuild.com\/\"},{\"@type\":\"ListItem\",\"position\":2,\"name\":\"Products\",\"item\":\"https:\/\/www.oknobuild.com\/index.php\/products\/\"},{\"@type\":\"ListItem\",\"position\":3,\"name\":\"Akce Thermal Trend koupelnov\u00e9 otopn\u00e9 t\u011bleso obl\u00e9 BKO 750 x 730 mm, 602W ELVL0640\"}]},{\"@type\":\"WebSite\",\"@id\":\"https:\/\/www.oknobuild.com\/#website\",\"url\":\"https:\/\/www.oknobuild.com\/\",\"name\":\"\",\"description\":\"\",\"potentialAction\":[{\"@type\":\"SearchAction\",\"target\":{\"@type\":\"EntryPoint\",\"urlTemplate\":\"https:\/\/www.oknobuild.com\/?s={search_term_string}\"},\"query-input\":{\"@type\":\"PropertyValueSpecification\",\"valueRequired\":true,\"valueName\":\"search_term_string\"}}],\"inLanguage\":\"cs\"}]}<\/script>\n<!-- \/ Yoast SEO plugin. -->","yoast_head_json":{"title":"Akce Thermal Trend koupelnov\u00e9 otopn\u00e9 t\u011bleso obl\u00e9 BKO 750 x 730 mm, 602W ELVL0640 -","robots":{"index":"index","follow":"follow","max-snippet":"max-snippet:-1","max-image-preview":"max-image-preview:large","max-video-preview":"max-video-preview:-1"},"canonical":"https:\/\/www.oknobuild.com\/index.php\/produkt\/akce-thermal-trend-koupelnove-otopne-teleso-oble-bko-750-x-730-mm-602w-elvl0640-50897\/","og_locale":"cs_CZ","og_type":"article","og_title":"Akce Thermal Trend koupelnov\u00e9 otopn\u00e9 t\u011bleso obl\u00e9 BKO 750 x 730 mm, 602W ELVL0640 -","og_description":"Detailn\u00ed popis produktu Koupelnov\u00e9 otopn\u00e9 t\u011bleso BKO vych\u00e1z\u00ed ze z\u00e1kladn\u00edho typu otopn\u00e9ho t\u011blasa typu BK, kdy p\u0159\u00ed\u010dn\u00e1 trubkovnice je v&nbsp;cel\u00e9 sv\u00e9 d\u00e9lce zaoblen\u00e1 a vytv\u00e1\u0159\u00ed tak symetrick\u00fd prostorov\u00fd oblouk. Koupelnov\u00e1 otopn\u00e1 t\u011blesa BKO jsou standardn\u011b dod\u00e1v\u00e1na s povrchovou \u00fapravou b\u00edl\u00e9 komaxitov\u00e9 barvy RAL 9016. Koupelnov\u00e9 otopn\u00e9 t\u011bleso BKO je vyrobeno z p\u0159\u00ed\u010dn\u00fdch ocelov\u00fdch trubek \u00f8 [&hellip;]","og_url":"https:\/\/www.oknobuild.com\/index.php\/produkt\/akce-thermal-trend-koupelnove-otopne-teleso-oble-bko-750-x-730-mm-602w-elvl0640-50897\/","og_image":[{"width":1000,"height":750,"url":"https:\/\/www.oknobuild.com\/wp-content\/uploads\/2026\/SK0017967-CZ20260425-093631-0-1777080994-321290-3_elvl-bitherm-koupelnove-otopne-teleso-bko-750-x-73.webp","type":"image\/webp"}],"twitter_card":"summary_large_image","twitter_misc":{"Odhadovan\u00e1 doba \u010dten\u00ed":"2 minuty"},"schema":{"@context":"https:\/\/schema.org","@graph":[{"@type":"WebPage","@id":"https:\/\/www.oknobuild.com\/index.php\/produkt\/akce-thermal-trend-koupelnove-otopne-teleso-oble-bko-750-x-730-mm-602w-elvl0640-50897\/","url":"https:\/\/www.oknobuild.com\/index.php\/produkt\/akce-thermal-trend-koupelnove-otopne-teleso-oble-bko-750-x-730-mm-602w-elvl0640-50897\/","name":"Akce Thermal Trend koupelnov\u00e9 otopn\u00e9 t\u011bleso obl\u00e9 BKO 750 x 730 mm, 602W ELVL0640 -","isPartOf":{"@id":"https:\/\/www.oknobuild.com\/#website"},"primaryImageOfPage":{"@id":"https:\/\/www.oknobuild.com\/index.php\/produkt\/akce-thermal-trend-koupelnove-otopne-teleso-oble-bko-750-x-730-mm-602w-elvl0640-50897\/#primaryimage"},"image":{"@id":"https:\/\/www.oknobuild.com\/index.php\/produkt\/akce-thermal-trend-koupelnove-otopne-teleso-oble-bko-750-x-730-mm-602w-elvl0640-50897\/#primaryimage"},"thumbnailUrl":"https:\/\/www.oknobuild.com\/wp-content\/uploads\/2026\/SK0017967-CZ20260425-093631-0-1777080994-321290-3_elvl-bitherm-koupelnove-otopne-teleso-bko-750-x-73.webp","datePublished":"2026-04-27T04:42:49+00:00","breadcrumb":{"@id":"https:\/\/www.oknobuild.com\/index.php\/produkt\/akce-thermal-trend-koupelnove-otopne-teleso-oble-bko-750-x-730-mm-602w-elvl0640-50897\/#breadcrumb"},"inLanguage":"cs","potentialAction":[{"@type":"ReadAction","target":["https:\/\/www.oknobuild.com\/index.php\/produkt\/akce-thermal-trend-koupelnove-otopne-teleso-oble-bko-750-x-730-mm-602w-elvl0640-50897\/"]}]},{"@type":"ImageObject","inLanguage":"cs","@id":"https:\/\/www.oknobuild.com\/index.php\/produkt\/akce-thermal-trend-koupelnove-otopne-teleso-oble-bko-750-x-730-mm-602w-elvl0640-50897\/#primaryimage","url":"https:\/\/www.oknobuild.com\/wp-content\/uploads\/2026\/SK0017967-CZ20260425-093631-0-1777080994-321290-3_elvl-bitherm-koupelnove-otopne-teleso-bko-750-x-73.webp","contentUrl":"https:\/\/www.oknobuild.com\/wp-content\/uploads\/2026\/SK0017967-CZ20260425-093631-0-1777080994-321290-3_elvl-bitherm-koupelnove-otopne-teleso-bko-750-x-73.webp","width":1000,"height":750},{"@type":"BreadcrumbList","@id":"https:\/\/www.oknobuild.com\/index.php\/produkt\/akce-thermal-trend-koupelnove-otopne-teleso-oble-bko-750-x-730-mm-602w-elvl0640-50897\/#breadcrumb","itemListElement":[{"@type":"ListItem","position":1,"name":"Home","item":"https:\/\/www.oknobuild.com\/"},{"@type":"ListItem","position":2,"name":"Products","item":"https:\/\/www.oknobuild.com\/index.php\/products\/"},{"@type":"ListItem","position":3,"name":"Akce Thermal Trend koupelnov\u00e9 otopn\u00e9 t\u011bleso obl\u00e9 BKO 750 x 730 mm, 602W ELVL0640"}]},{"@type":"WebSite","@id":"https:\/\/www.oknobuild.com\/#website","url":"https:\/\/www.oknobuild.com\/","name":"","description":"","potentialAction":[{"@type":"SearchAction","target":{"@type":"EntryPoint","urlTemplate":"https:\/\/www.oknobuild.com\/?s={search_term_string}"},"query-input":{"@type":"PropertyValueSpecification","valueRequired":true,"valueName":"search_term_string"}}],"inLanguage":"cs"}]}},"_links":{"self":[{"href":"https:\/\/www.oknobuild.com\/index.php\/wp-json\/wp\/v2\/product\/50897","targetHints":{"allow":["GET"]}}],"collection":[{"href":"https:\/\/www.oknobuild.com\/index.php\/wp-json\/wp\/v2\/product"}],"about":[{"href":"https:\/\/www.oknobuild.com\/index.php\/wp-json\/wp\/v2\/types\/product"}],"replies":[{"embeddable":true,"href":"https:\/\/www.oknobuild.com\/index.php\/wp-json\/wp\/v2\/comments?post=50897"}],"wp:featuredmedia":[{"embeddable":true,"href":"https:\/\/www.oknobuild.com\/index.php\/wp-json\/wp\/v2\/media\/50997"}],"wp:attachment":[{"href":"https:\/\/www.oknobuild.com\/index.php\/wp-json\/wp\/v2\/media?parent=50897"}],"wp:term":[{"taxonomy":"product_brand","embeddable":true,"href":"https:\/\/www.oknobuild.com\/index.php\/wp-json\/wp\/v2\/product_brand?post=50897"},{"taxonomy":"product_cat","embeddable":true,"href":"https:\/\/www.oknobuild.com\/index.php\/wp-json\/wp\/v2\/product_cat?post=50897"},{"taxonomy":"product_tag","embeddable":true,"href":"https:\/\/www.oknobuild.com\/index.php\/wp-json\/wp\/v2\/product_tag?post=50897"}],"curies":[{"name":"wp","href":"https:\/\/api.w.org\/{rel}","templated":true}]}}