{"id":50962,"date":"2026-04-27T04:42:49","date_gmt":"2026-04-27T04:42:49","guid":{"rendered":""},"modified":"2026-04-27T04:42:49","modified_gmt":"2026-04-27T04:42:49","slug":"zlevneny-thermal-trend-elektricky-radiator-obly-bkm-e-750-x-1815-mm-900w-elvl0279-50962","status":"publish","type":"product","link":"https:\/\/www.oknobuild.com\/index.php\/produkt\/zlevneny-thermal-trend-elektricky-radiator-obly-bkm-e-750-x-1815-mm-900w-elvl0279-50962\/","title":{"rendered":"Zlevn\u011bn\u00fd Thermal Trend elektrick\u00fd radi\u00e1tor obl\u00fd BKM.E 750 x 1815 mm, 900W ELVL0279"},"content":{"rendered":"<div class=\"basic-description\">\n<h3>Detailn\u00ed popis produktu<\/h3>\n<p>Elektrick\u00fd radi\u00e1tor BKM vych\u00e1z\u00ed ze z\u00e1kladn\u00edho typu BK. Zaujme sv\u00fdmi p\u0159\u00ed\u010dn\u00fdmi plochoov\u00e1ln\u00fdmi profily tvarovan\u00fdmi do oblouk\u016f, kter\u00e9 vytv\u00e1\u0159ej\u00ed symetrii ploch s p\u016fsobiv\u00fdm ztv\u00e1rn\u011bn\u00edm hmoty. Elektrick\u00fd radi\u00e1tor \u0159ady BKM.E je tvo\u0159en z ocelov\u00fdch, m\u00edrn\u011b prohnut\u00fdch ov\u00e1ln\u00fdch profil\u016f o rozm\u011brech 30 x 15 mm a dvou vertik\u00e1ln\u00edch stojin ve tvaru D o rozm\u011bru 35 x 41 mm. Je pln\u011bn nemrznouc\u00ed sm\u011bs\u00ed do -7 \u00b0C. Radi\u00e1tor nab\u00edz\u00ed v\u00fdjime\u010dnou kombinaci esteti\u010dnosti, funk\u010dnosti a komfortu pro vytvo\u0159en\u00ed harmonizuj\u00edc\u00ed atmosf\u00e9ry ve Va\u0161\u00ed koupeln\u011b. Z\u00e1kladn\u00ed proveden\u00ed b\u00edl\u00e1 barva RAL 9016. K pevn\u00e9 elektrick\u00e9 s\u00edti se p\u0159ipojuje prost\u0159ednictv\u00edm instala\u010dn\u00ed krabice s p\u0159ed\u0159azen\u00fdm regul\u00e1torem prostorov\u00e9 teploty nebo \u010dasova\u010dem. Rozm\u011bry: d\u00e9lka 450 mm, v\u00fd\u0161ka 1233 mm, hloubka 70 mm, hmotnost 16kg, provozn\u00ed nap\u011bt\u00ed 230V, el. p\u0159\u00edkon 400W, el. t\u0159\u00edda I, kryt\u00ed IP44.<\/p>\n<p>Mont\u00e1\u017en\u00ed konzole jsou sou\u010d\u00e1st\u00ed ceny radi\u00e1toru.<\/p>\n<\/p>\n<h2><\/h2>\n<p>&nbsp;<\/p>\n<p><strong>Elektrick\u00fd radi\u00e1tor<\/strong><span>&nbsp;<\/span>&#8211; su\u0161\u00e1k je ur\u010den\u00fd do koupelny k&nbsp;odkl\u00e1d\u00e1n\u00ed a su\u0161en\u00ed vlhk\u00fdch ru\u010dn\u00edk\u016f a osu\u0161ek. Elektrick\u00fd koupelnov\u00fd radi\u00e1tor ELVL je dod\u00e1v\u00e1n jako celek, kter\u00fd sta\u010d\u00ed jen upevnit ke zdi (mont\u00e1\u017en\u00ed konzole jsou sou\u010d\u00e1st\u00ed dod\u00e1vky) a p\u0159ipojit do s\u00edt\u011b. Elektrick\u00fd trubkov\u00fd radi\u00e1tor je napln\u011bn\u00fd p\u0159esn\u00fdm mno\u017estv\u00edm nemrznouc\u00ed kapaliny za&nbsp;p\u0159\u00edsn\u011b stanoven\u00fdch podm\u00ednek a osazen\u00fd elektrick\u00fdm topn\u00fdm t\u011blesem s&nbsp;p\u0159ipojen\u00edm k&nbsp;elektrick\u00e9 s\u00edti p\u0159es instala\u010dn\u00ed krabici pevn\u00e9ho elektrick\u00e9ho rozvodu nebo do z\u00e1suvky s&nbsp;mo\u017enost\u00ed regulace nebo bez regulace.<\/p>\n<table class=\"varianta\">\n<tbody>\n<tr>\n<td>\n<h3>BKM.E bez regulace<\/h3>\n<p>Elektrick\u00fd koupelnov\u00fd radi\u00e1tor \u2013 su\u0161\u00e1k BKM.E je dod\u00e1v\u00e1n osazen\u00fd elektrick\u00fdm topn\u00fdm t\u011blesem EL.05&nbsp;E vybaven\u00fdm omezova\u010dem teploty, kter\u00fd zamezuje p\u0159eh\u0159\u00e1t\u00ed radi\u00e1toru. V&nbsp;tomto proveden\u00ed je&nbsp;elektrick\u00fd trubkov\u00fd radi\u00e1tor bez mo\u017enosti regulace v\u00fdkonu. Koupelnov\u00fd radi\u00e1tor s&nbsp;topnou ty\u010d\u00ed a&nbsp;n\u00e1pln\u00ed BKM.E je nab\u00edzen s&nbsp;rovn\u00fdm p\u0159\u00edvodn\u00edm kabelem pro p\u0159ipojen\u00ed k&nbsp;elektrick\u00e9 s\u00edti p\u0159es instala\u010dn\u00ed krabici pevn\u00e9ho elektrick\u00e9ho rozvodu. P\u0159\u00edvod lze opat\u0159it s\u00ed\u0165ovou vidlic\u00ed se sp\u00edna\u010dem VS1 nebo el. regul\u00e1torem teploty. BKM.E je&nbsp;v&nbsp;nab\u00eddce i s&nbsp;kroucen\u00fdm p\u0159\u00edvodn\u00edm kabelem opat\u0159en\u00fdm s\u00ed\u0165ovou vidlic\u00ed.<\/td>\n<td><\/td>\n<\/tr>\n<tr>\n<td><\/td>\n<td><\/td>\n<\/tr>\n<tr>\n<td><\/td>\n<td><\/td>\n<\/tr>\n<tr>\n<td><\/td>\n<td><\/td>\n<\/tr>\n<tr>\n<td><\/td>\n<td><\/td>\n<\/tr>\n<\/tbody>\n<\/table>\n<h2><\/h2>\n<\/p><\/div>\n","protected":false},"excerpt":{"rendered":"<p>Detailn\u00ed popis produktu Elektrick\u00fd radi\u00e1tor BKM vych\u00e1z\u00ed ze z\u00e1kladn\u00edho typu BK. Zaujme sv\u00fdmi p\u0159\u00ed\u010dn\u00fdmi plochoov\u00e1ln\u00fdmi profily tvarovan\u00fdmi do oblouk\u016f, kter\u00e9 vytv\u00e1\u0159ej\u00ed symetrii ploch s p\u016fsobiv\u00fdm ztv\u00e1rn\u011bn\u00edm hmoty. Elektrick\u00fd radi\u00e1tor \u0159ady BKM.E je tvo\u0159en z ocelov\u00fdch, m\u00edrn\u011b prohnut\u00fdch ov\u00e1ln\u00fdch profil\u016f o rozm\u011brech 30 x 15 mm a dvou vertik\u00e1ln\u00edch stojin ve tvaru D o rozm\u011bru 35 [&hellip;]<\/p>\n","protected":false},"featured_media":51062,"comment_status":"open","ping_status":"open","template":"","meta":[],"product_brand":[],"product_cat":[79],"product_tag":[],"class_list":{"0":"post-50962","1":"product","2":"type-product","3":"status-publish","4":"has-post-thumbnail","6":"product_cat-vytapeni","8":"first","9":"instock","10":"sale","11":"shipping-taxable","12":"purchasable","13":"product-type-simple"},"yoast_head":"<!-- This site is optimized with the Yoast SEO plugin v26.8 - https:\/\/yoast.com\/product\/yoast-seo-wordpress\/ -->\n<title>Zlevn\u011bn\u00fd Thermal Trend elektrick\u00fd radi\u00e1tor obl\u00fd BKM.E 750 x 1815 mm, 900W ELVL0279 -<\/title>\n<meta name=\"robots\" content=\"index, follow, max-snippet:-1, max-image-preview:large, max-video-preview:-1\" \/>\n<link rel=\"canonical\" href=\"https:\/\/www.oknobuild.com\/index.php\/produkt\/zlevneny-thermal-trend-elektricky-radiator-obly-bkm-e-750-x-1815-mm-900w-elvl0279-50962\/\" \/>\n<meta property=\"og:locale\" content=\"cs_CZ\" \/>\n<meta property=\"og:type\" content=\"article\" \/>\n<meta property=\"og:title\" content=\"Zlevn\u011bn\u00fd Thermal Trend elektrick\u00fd radi\u00e1tor obl\u00fd BKM.E 750 x 1815 mm, 900W ELVL0279 -\" \/>\n<meta property=\"og:description\" content=\"Detailn\u00ed popis produktu Elektrick\u00fd radi\u00e1tor BKM vych\u00e1z\u00ed ze z\u00e1kladn\u00edho typu BK. Zaujme sv\u00fdmi p\u0159\u00ed\u010dn\u00fdmi plochoov\u00e1ln\u00fdmi profily tvarovan\u00fdmi do oblouk\u016f, kter\u00e9 vytv\u00e1\u0159ej\u00ed symetrii ploch s p\u016fsobiv\u00fdm ztv\u00e1rn\u011bn\u00edm hmoty. Elektrick\u00fd radi\u00e1tor \u0159ady BKM.E je tvo\u0159en z ocelov\u00fdch, m\u00edrn\u011b prohnut\u00fdch ov\u00e1ln\u00fdch profil\u016f o rozm\u011brech 30 x 15 mm a dvou vertik\u00e1ln\u00edch stojin ve tvaru D o rozm\u011bru 35 [&hellip;]\" \/>\n<meta property=\"og:url\" content=\"https:\/\/www.oknobuild.com\/index.php\/produkt\/zlevneny-thermal-trend-elektricky-radiator-obly-bkm-e-750-x-1815-mm-900w-elvl0279-50962\/\" \/>\n<meta property=\"og:image\" content=\"https:\/\/www.oknobuild.com\/wp-content\/uploads\/2026\/SK0018032-CZ20260425-093631-0-1777080994-321575-5_elvl-bitherm-elektricky-radiator-bkm-e-750-x-1815-.webp\" \/>\n\t<meta property=\"og:image:width\" content=\"1000\" \/>\n\t<meta property=\"og:image:height\" content=\"750\" \/>\n\t<meta property=\"og:image:type\" content=\"image\/webp\" \/>\n<meta name=\"twitter:card\" content=\"summary_large_image\" \/>\n<meta name=\"twitter:label1\" content=\"Odhadovan\u00e1 doba \u010dten\u00ed\" \/>\n\t<meta name=\"twitter:data1\" content=\"2 minuty\" \/>\n<script type=\"application\/ld+json\" class=\"yoast-schema-graph\">{\"@context\":\"https:\/\/schema.org\",\"@graph\":[{\"@type\":\"WebPage\",\"@id\":\"https:\/\/www.oknobuild.com\/index.php\/produkt\/zlevneny-thermal-trend-elektricky-radiator-obly-bkm-e-750-x-1815-mm-900w-elvl0279-50962\/\",\"url\":\"https:\/\/www.oknobuild.com\/index.php\/produkt\/zlevneny-thermal-trend-elektricky-radiator-obly-bkm-e-750-x-1815-mm-900w-elvl0279-50962\/\",\"name\":\"Zlevn\u011bn\u00fd Thermal Trend elektrick\u00fd radi\u00e1tor obl\u00fd BKM.E 750 x 1815 mm, 900W ELVL0279 -\",\"isPartOf\":{\"@id\":\"https:\/\/www.oknobuild.com\/#website\"},\"primaryImageOfPage\":{\"@id\":\"https:\/\/www.oknobuild.com\/index.php\/produkt\/zlevneny-thermal-trend-elektricky-radiator-obly-bkm-e-750-x-1815-mm-900w-elvl0279-50962\/#primaryimage\"},\"image\":{\"@id\":\"https:\/\/www.oknobuild.com\/index.php\/produkt\/zlevneny-thermal-trend-elektricky-radiator-obly-bkm-e-750-x-1815-mm-900w-elvl0279-50962\/#primaryimage\"},\"thumbnailUrl\":\"https:\/\/www.oknobuild.com\/wp-content\/uploads\/2026\/SK0018032-CZ20260425-093631-0-1777080994-321575-5_elvl-bitherm-elektricky-radiator-bkm-e-750-x-1815-.webp\",\"datePublished\":\"2026-04-27T04:42:49+00:00\",\"breadcrumb\":{\"@id\":\"https:\/\/www.oknobuild.com\/index.php\/produkt\/zlevneny-thermal-trend-elektricky-radiator-obly-bkm-e-750-x-1815-mm-900w-elvl0279-50962\/#breadcrumb\"},\"inLanguage\":\"cs\",\"potentialAction\":[{\"@type\":\"ReadAction\",\"target\":[\"https:\/\/www.oknobuild.com\/index.php\/produkt\/zlevneny-thermal-trend-elektricky-radiator-obly-bkm-e-750-x-1815-mm-900w-elvl0279-50962\/\"]}]},{\"@type\":\"ImageObject\",\"inLanguage\":\"cs\",\"@id\":\"https:\/\/www.oknobuild.com\/index.php\/produkt\/zlevneny-thermal-trend-elektricky-radiator-obly-bkm-e-750-x-1815-mm-900w-elvl0279-50962\/#primaryimage\",\"url\":\"https:\/\/www.oknobuild.com\/wp-content\/uploads\/2026\/SK0018032-CZ20260425-093631-0-1777080994-321575-5_elvl-bitherm-elektricky-radiator-bkm-e-750-x-1815-.webp\",\"contentUrl\":\"https:\/\/www.oknobuild.com\/wp-content\/uploads\/2026\/SK0018032-CZ20260425-093631-0-1777080994-321575-5_elvl-bitherm-elektricky-radiator-bkm-e-750-x-1815-.webp\",\"width\":1000,\"height\":750},{\"@type\":\"BreadcrumbList\",\"@id\":\"https:\/\/www.oknobuild.com\/index.php\/produkt\/zlevneny-thermal-trend-elektricky-radiator-obly-bkm-e-750-x-1815-mm-900w-elvl0279-50962\/#breadcrumb\",\"itemListElement\":[{\"@type\":\"ListItem\",\"position\":1,\"name\":\"Home\",\"item\":\"https:\/\/www.oknobuild.com\/\"},{\"@type\":\"ListItem\",\"position\":2,\"name\":\"Products\",\"item\":\"https:\/\/www.oknobuild.com\/index.php\/products\/\"},{\"@type\":\"ListItem\",\"position\":3,\"name\":\"Zlevn\u011bn\u00fd Thermal Trend elektrick\u00fd radi\u00e1tor obl\u00fd BKM.E 750 x 1815 mm, 900W ELVL0279\"}]},{\"@type\":\"WebSite\",\"@id\":\"https:\/\/www.oknobuild.com\/#website\",\"url\":\"https:\/\/www.oknobuild.com\/\",\"name\":\"\",\"description\":\"\",\"potentialAction\":[{\"@type\":\"SearchAction\",\"target\":{\"@type\":\"EntryPoint\",\"urlTemplate\":\"https:\/\/www.oknobuild.com\/?s={search_term_string}\"},\"query-input\":{\"@type\":\"PropertyValueSpecification\",\"valueRequired\":true,\"valueName\":\"search_term_string\"}}],\"inLanguage\":\"cs\"}]}<\/script>\n<!-- \/ Yoast SEO plugin. -->","yoast_head_json":{"title":"Zlevn\u011bn\u00fd Thermal Trend elektrick\u00fd radi\u00e1tor obl\u00fd BKM.E 750 x 1815 mm, 900W ELVL0279 -","robots":{"index":"index","follow":"follow","max-snippet":"max-snippet:-1","max-image-preview":"max-image-preview:large","max-video-preview":"max-video-preview:-1"},"canonical":"https:\/\/www.oknobuild.com\/index.php\/produkt\/zlevneny-thermal-trend-elektricky-radiator-obly-bkm-e-750-x-1815-mm-900w-elvl0279-50962\/","og_locale":"cs_CZ","og_type":"article","og_title":"Zlevn\u011bn\u00fd Thermal Trend elektrick\u00fd radi\u00e1tor obl\u00fd BKM.E 750 x 1815 mm, 900W ELVL0279 -","og_description":"Detailn\u00ed popis produktu Elektrick\u00fd radi\u00e1tor BKM vych\u00e1z\u00ed ze z\u00e1kladn\u00edho typu BK. Zaujme sv\u00fdmi p\u0159\u00ed\u010dn\u00fdmi plochoov\u00e1ln\u00fdmi profily tvarovan\u00fdmi do oblouk\u016f, kter\u00e9 vytv\u00e1\u0159ej\u00ed symetrii ploch s p\u016fsobiv\u00fdm ztv\u00e1rn\u011bn\u00edm hmoty. Elektrick\u00fd radi\u00e1tor \u0159ady BKM.E je tvo\u0159en z ocelov\u00fdch, m\u00edrn\u011b prohnut\u00fdch ov\u00e1ln\u00fdch profil\u016f o rozm\u011brech 30 x 15 mm a dvou vertik\u00e1ln\u00edch stojin ve tvaru D o rozm\u011bru 35 [&hellip;]","og_url":"https:\/\/www.oknobuild.com\/index.php\/produkt\/zlevneny-thermal-trend-elektricky-radiator-obly-bkm-e-750-x-1815-mm-900w-elvl0279-50962\/","og_image":[{"width":1000,"height":750,"url":"https:\/\/www.oknobuild.com\/wp-content\/uploads\/2026\/SK0018032-CZ20260425-093631-0-1777080994-321575-5_elvl-bitherm-elektricky-radiator-bkm-e-750-x-1815-.webp","type":"image\/webp"}],"twitter_card":"summary_large_image","twitter_misc":{"Odhadovan\u00e1 doba \u010dten\u00ed":"2 minuty"},"schema":{"@context":"https:\/\/schema.org","@graph":[{"@type":"WebPage","@id":"https:\/\/www.oknobuild.com\/index.php\/produkt\/zlevneny-thermal-trend-elektricky-radiator-obly-bkm-e-750-x-1815-mm-900w-elvl0279-50962\/","url":"https:\/\/www.oknobuild.com\/index.php\/produkt\/zlevneny-thermal-trend-elektricky-radiator-obly-bkm-e-750-x-1815-mm-900w-elvl0279-50962\/","name":"Zlevn\u011bn\u00fd Thermal Trend elektrick\u00fd radi\u00e1tor obl\u00fd BKM.E 750 x 1815 mm, 900W ELVL0279 -","isPartOf":{"@id":"https:\/\/www.oknobuild.com\/#website"},"primaryImageOfPage":{"@id":"https:\/\/www.oknobuild.com\/index.php\/produkt\/zlevneny-thermal-trend-elektricky-radiator-obly-bkm-e-750-x-1815-mm-900w-elvl0279-50962\/#primaryimage"},"image":{"@id":"https:\/\/www.oknobuild.com\/index.php\/produkt\/zlevneny-thermal-trend-elektricky-radiator-obly-bkm-e-750-x-1815-mm-900w-elvl0279-50962\/#primaryimage"},"thumbnailUrl":"https:\/\/www.oknobuild.com\/wp-content\/uploads\/2026\/SK0018032-CZ20260425-093631-0-1777080994-321575-5_elvl-bitherm-elektricky-radiator-bkm-e-750-x-1815-.webp","datePublished":"2026-04-27T04:42:49+00:00","breadcrumb":{"@id":"https:\/\/www.oknobuild.com\/index.php\/produkt\/zlevneny-thermal-trend-elektricky-radiator-obly-bkm-e-750-x-1815-mm-900w-elvl0279-50962\/#breadcrumb"},"inLanguage":"cs","potentialAction":[{"@type":"ReadAction","target":["https:\/\/www.oknobuild.com\/index.php\/produkt\/zlevneny-thermal-trend-elektricky-radiator-obly-bkm-e-750-x-1815-mm-900w-elvl0279-50962\/"]}]},{"@type":"ImageObject","inLanguage":"cs","@id":"https:\/\/www.oknobuild.com\/index.php\/produkt\/zlevneny-thermal-trend-elektricky-radiator-obly-bkm-e-750-x-1815-mm-900w-elvl0279-50962\/#primaryimage","url":"https:\/\/www.oknobuild.com\/wp-content\/uploads\/2026\/SK0018032-CZ20260425-093631-0-1777080994-321575-5_elvl-bitherm-elektricky-radiator-bkm-e-750-x-1815-.webp","contentUrl":"https:\/\/www.oknobuild.com\/wp-content\/uploads\/2026\/SK0018032-CZ20260425-093631-0-1777080994-321575-5_elvl-bitherm-elektricky-radiator-bkm-e-750-x-1815-.webp","width":1000,"height":750},{"@type":"BreadcrumbList","@id":"https:\/\/www.oknobuild.com\/index.php\/produkt\/zlevneny-thermal-trend-elektricky-radiator-obly-bkm-e-750-x-1815-mm-900w-elvl0279-50962\/#breadcrumb","itemListElement":[{"@type":"ListItem","position":1,"name":"Home","item":"https:\/\/www.oknobuild.com\/"},{"@type":"ListItem","position":2,"name":"Products","item":"https:\/\/www.oknobuild.com\/index.php\/products\/"},{"@type":"ListItem","position":3,"name":"Zlevn\u011bn\u00fd Thermal Trend elektrick\u00fd radi\u00e1tor obl\u00fd BKM.E 750 x 1815 mm, 900W ELVL0279"}]},{"@type":"WebSite","@id":"https:\/\/www.oknobuild.com\/#website","url":"https:\/\/www.oknobuild.com\/","name":"","description":"","potentialAction":[{"@type":"SearchAction","target":{"@type":"EntryPoint","urlTemplate":"https:\/\/www.oknobuild.com\/?s={search_term_string}"},"query-input":{"@type":"PropertyValueSpecification","valueRequired":true,"valueName":"search_term_string"}}],"inLanguage":"cs"}]}},"_links":{"self":[{"href":"https:\/\/www.oknobuild.com\/index.php\/wp-json\/wp\/v2\/product\/50962","targetHints":{"allow":["GET"]}}],"collection":[{"href":"https:\/\/www.oknobuild.com\/index.php\/wp-json\/wp\/v2\/product"}],"about":[{"href":"https:\/\/www.oknobuild.com\/index.php\/wp-json\/wp\/v2\/types\/product"}],"replies":[{"embeddable":true,"href":"https:\/\/www.oknobuild.com\/index.php\/wp-json\/wp\/v2\/comments?post=50962"}],"wp:featuredmedia":[{"embeddable":true,"href":"https:\/\/www.oknobuild.com\/index.php\/wp-json\/wp\/v2\/media\/51062"}],"wp:attachment":[{"href":"https:\/\/www.oknobuild.com\/index.php\/wp-json\/wp\/v2\/media?parent=50962"}],"wp:term":[{"taxonomy":"product_brand","embeddable":true,"href":"https:\/\/www.oknobuild.com\/index.php\/wp-json\/wp\/v2\/product_brand?post=50962"},{"taxonomy":"product_cat","embeddable":true,"href":"https:\/\/www.oknobuild.com\/index.php\/wp-json\/wp\/v2\/product_cat?post=50962"},{"taxonomy":"product_tag","embeddable":true,"href":"https:\/\/www.oknobuild.com\/index.php\/wp-json\/wp\/v2\/product_tag?post=50962"}],"curies":[{"name":"wp","href":"https:\/\/api.w.org\/{rel}","templated":true}]}}