{"id":51125,"date":"2026-04-27T04:42:50","date_gmt":"2026-04-27T04:42:50","guid":{"rendered":""},"modified":"2026-04-27T04:42:50","modified_gmt":"2026-04-27T04:42:50","slug":"znackovy-polysan-flexia-vanicka-z-liteho-mramoru-s-moznosti-upravy-rozmeru-120x80cm-seda-mat-77922-31-51125","status":"publish","type":"product","link":"https:\/\/www.oknobuild.com\/index.php\/produkt\/znackovy-polysan-flexia-vanicka-z-liteho-mramoru-s-moznosti-upravy-rozmeru-120x80cm-seda-mat-77922-31-51125\/","title":{"rendered":"Zna\u010dkov\u00fd Polysan FLEXIA vani\u010dka z lit\u00e9ho mramoru s mo\u017enost\u00ed \u00fapravy rozm\u011bru, 120x80cm, \u0161ed\u00e1 mat 77922.31"},"content":{"rendered":"<div class=\"basic-description\">\n<h3>Detailn\u00ed popis produktu<\/h3>\n<p><\/p>\n<p style=\"text-align: justify;\"><strong>UNITY CONCEPT<\/strong> je unik\u00e1tn\u00ed kolekce, kter\u00e1 p\u0159in\u00e1\u0161\u00ed harmonii a eleganci do Va\u0161\u00ed koupelny d\u00edky sjednocen\u00ed materi\u00e1l\u016f ve \u010dty\u0159ech p\u0159\u00edjemn\u00fdch zemit\u00fdch barv\u00e1ch. Tato kolekce, navr\u017eena pro maxim\u00e1ln\u00ed estetickou a funk\u010dn\u00ed integraci, umo\u017en\u00ed vytvo\u0159it dokonale slad\u011bn\u00fd prostor, kter\u00fd spojuje modern\u00ed design s p\u0159\u00edrodn\u00edmi t\u00f3ny pro relaxa\u010dn\u00ed a vyv\u00e1\u017een\u00fd z\u00e1\u017eitek. U umyvadel a van je na v\u00fdb\u011br stylov\u00e1 celobarevn\u00e1 varianta MONOCOLOR nebo praktick\u00e1 dvoubarevn\u00e1 verze DUALCOLOR.<\/p>\n<ul>\n<li style=\"text-align: justify;\">MONOCOLOR \u2013 matn\u00e1 barva, design, styl<\/li>\n<li style=\"text-align: justify;\">DUALCOLOR \u2013 matn\u00fd vn\u011bj\u0161\u00ed pl\u00e1\u0161\u0165, leskl\u00fd vnit\u0159n\u00ed prostor, prakti\u010dnost, \u00fadr\u017eba<\/li>\n<\/ul>\n<p style=\"text-align: justify;\">V\u0161echny produkty jsou vyrobeny z lit\u00e9ho mramoru s povrchem Gelcoat, kter\u00fd kombinuje p\u0159\u00edjemn\u00fd vzhled s vysokou odolnost\u00ed a nab\u00edz\u00ed matn\u00e9 nebo leskl\u00e9 proveden\u00ed.<\/p>\n<h2 class=\"props-title\">Vlastnosti<\/h2>\n<table>\n<tr>\n<th>Zna\u010dka<\/th>\n<td>POLYSAN<\/td>\n<\/tr>\n<tr>\n<th>S\u00e9rie<\/th>\n<td>UNITY CONCEPT<\/td>\n<\/tr>\n<tr>\n<th>Rozm\u011br<\/th>\n<td>120x80x3 cm<\/td>\n<\/tr>\n<tr>\n<th>D\u00e9lka<\/th>\n<td>1200&nbsp;mm<\/td>\n<\/tr>\n<tr>\n<th>\u0160\u00ed\u0159ka<\/th>\n<td>800&nbsp;mm<\/td>\n<\/tr>\n<tr>\n<th>V\u00fd\u0161ka<\/th>\n<td>30&nbsp;mm<\/td>\n<\/tr>\n<tr>\n<th>Barva<\/th>\n<td>\u0160ed\u00e1<\/td>\n<\/tr>\n<tr>\n<th>Materi\u00e1l<\/th>\n<td>Lit\u00fd mramor<\/td>\n<\/tr>\n<tr>\n<th>Tvar<\/th>\n<td>Obd\u00e9ln\u00edkov\u00e9<\/td>\n<\/tr>\n<tr>\n<th>Pr\u016fm\u011br odpadu<\/th>\n<td>90&nbsp;mm<\/td>\n<\/tr>\n<tr>\n<th>Hmotnost \/ ks<\/th>\n<td>55.0000&nbsp;kg<\/td>\n<\/tr>\n<tr>\n<th>Balen\u00ed<\/th>\n<td>1&nbsp;ks<\/td>\n<\/tr>\n<tr>\n<th>EAN<\/th>\n<td>8590729015666<\/td>\n<\/tr>\n<tr>\n<th>Taric<\/th>\n<td>39221000<\/td>\n<\/tr>\n<tr>\n<th>Z\u00e1ruka<\/th>\n<td>2 roky<\/td>\n<\/tr>\n<\/table>\n<div class=\"product-explanation-item\">\n<h3><strong>Lit\u00fd mramor &#8211; materi\u00e1l s tepeln\u011b-izola\u010dn\u00edmi vlastnostmi, kter\u00e9 ocen\u00edte p\u0159i ka\u017ed\u00e9m doteku<\/strong><\/h3>\n<p style=\"text-align: justify;\">Pou\u017e\u00edv\u00e1 se pro v\u00fdrobu sprchov\u00fdch vani\u010dek, van, umyvadel i dal\u0161\u00edch produkt\u016f. Vyr\u00e1b\u00ed se ze sm\u011bsi mlet\u00e9ho v\u00e1pence, skl\u00e1\u0159sk\u00e9ho p\u00edsku, polyesterov\u00e9 prysky\u0159ice a barviv. V\u00fdrobky z lit\u00e9ho mramoru se vyzna\u010duj\u00ed vysokou pevnost\u00ed, nulov\u00fdm pr\u016fhybem, stabilitou a elegantn\u00edm designem.<\/p>\n<\/div>\n<p>   Upozorn\u011bn\u00ed pro z\u00e1kazn\u00edky ke koupi produkt\u016f na objedn\u00e1n\u00ed: Toto zbo\u017e\u00ed nen\u00ed standardn\u00edm s\u00e9riov\u00fdm v\u00fdrobkem. Bude vyrobeno na p\u0159\u00e1n\u00ed z\u00e1kazn\u00edka a proto jej nelze dodavateli v z\u00e1konn\u00e9 lh\u016ft\u011b vr\u00e1tit. (viz \u00a71837 odst.d, ob\u010dansk\u00e9ho z\u00e1kon\u00edku). V tomto p\u0159\u00edpad\u011b m\u016f\u017eeme po\u017eadovat nevratnou z\u00e1lohu a\u017e do v\u00fd\u0161e 100 % z ceny v\u00fdrobku.                            <\/p><\/div>\n","protected":false},"excerpt":{"rendered":"<p>Detailn\u00ed popis produktu UNITY CONCEPT je unik\u00e1tn\u00ed kolekce, kter\u00e1 p\u0159in\u00e1\u0161\u00ed harmonii a eleganci do Va\u0161\u00ed koupelny d\u00edky sjednocen\u00ed materi\u00e1l\u016f ve \u010dty\u0159ech p\u0159\u00edjemn\u00fdch zemit\u00fdch barv\u00e1ch. Tato kolekce, navr\u017eena pro maxim\u00e1ln\u00ed estetickou a funk\u010dn\u00ed integraci, umo\u017en\u00ed vytvo\u0159it dokonale slad\u011bn\u00fd prostor, kter\u00fd spojuje modern\u00ed design s p\u0159\u00edrodn\u00edmi t\u00f3ny pro relaxa\u010dn\u00ed a vyv\u00e1\u017een\u00fd z\u00e1\u017eitek. U umyvadel a van je [&hellip;]<\/p>\n","protected":false},"featured_media":51225,"comment_status":"open","ping_status":"open","template":"","meta":[],"product_brand":[],"product_cat":[56],"product_tag":[],"class_list":{"0":"post-51125","1":"product","2":"type-product","3":"status-publish","4":"has-post-thumbnail","6":"product_cat-sprchove-kouty","8":"first","9":"instock","10":"sale","11":"shipping-taxable","12":"purchasable","13":"product-type-simple"},"yoast_head":"<!-- This site is optimized with the Yoast SEO plugin v26.8 - https:\/\/yoast.com\/product\/yoast-seo-wordpress\/ -->\n<title>Zna\u010dkov\u00fd Polysan FLEXIA vani\u010dka z lit\u00e9ho mramoru s mo\u017enost\u00ed \u00fapravy rozm\u011bru, 120x80cm, \u0161ed\u00e1 mat 77922.31 -<\/title>\n<meta name=\"robots\" content=\"index, follow, max-snippet:-1, max-image-preview:large, max-video-preview:-1\" \/>\n<link rel=\"canonical\" href=\"https:\/\/www.oknobuild.com\/index.php\/produkt\/znackovy-polysan-flexia-vanicka-z-liteho-mramoru-s-moznosti-upravy-rozmeru-120x80cm-seda-mat-77922-31-51125\/\" \/>\n<meta property=\"og:locale\" content=\"cs_CZ\" \/>\n<meta property=\"og:type\" content=\"article\" \/>\n<meta property=\"og:title\" content=\"Zna\u010dkov\u00fd Polysan FLEXIA vani\u010dka z lit\u00e9ho mramoru s mo\u017enost\u00ed \u00fapravy rozm\u011bru, 120x80cm, \u0161ed\u00e1 mat 77922.31 -\" \/>\n<meta property=\"og:description\" content=\"Detailn\u00ed popis produktu UNITY CONCEPT je unik\u00e1tn\u00ed kolekce, kter\u00e1 p\u0159in\u00e1\u0161\u00ed harmonii a eleganci do Va\u0161\u00ed koupelny d\u00edky sjednocen\u00ed materi\u00e1l\u016f ve \u010dty\u0159ech p\u0159\u00edjemn\u00fdch zemit\u00fdch barv\u00e1ch. Tato kolekce, navr\u017eena pro maxim\u00e1ln\u00ed estetickou a funk\u010dn\u00ed integraci, umo\u017en\u00ed vytvo\u0159it dokonale slad\u011bn\u00fd prostor, kter\u00fd spojuje modern\u00ed design s p\u0159\u00edrodn\u00edmi t\u00f3ny pro relaxa\u010dn\u00ed a vyv\u00e1\u017een\u00fd z\u00e1\u017eitek. U umyvadel a van je [&hellip;]\" \/>\n<meta property=\"og:url\" content=\"https:\/\/www.oknobuild.com\/index.php\/produkt\/znackovy-polysan-flexia-vanicka-z-liteho-mramoru-s-moznosti-upravy-rozmeru-120x80cm-seda-mat-77922-31-51125\/\" \/>\n<meta property=\"og:image\" content=\"https:\/\/www.oknobuild.com\/wp-content\/uploads\/2026\/SK0018097-CZ20260425-093631-0-1777080994-324779-1_polysan-flexia-vanicka-z-liteho-mramoru-s-moznosti.webp\" \/>\n\t<meta property=\"og:image:width\" content=\"1000\" \/>\n\t<meta property=\"og:image:height\" content=\"750\" \/>\n\t<meta property=\"og:image:type\" content=\"image\/webp\" \/>\n<meta name=\"twitter:card\" content=\"summary_large_image\" \/>\n<meta name=\"twitter:label1\" content=\"Odhadovan\u00e1 doba \u010dten\u00ed\" \/>\n\t<meta name=\"twitter:data1\" content=\"2 minuty\" \/>\n<script type=\"application\/ld+json\" class=\"yoast-schema-graph\">{\"@context\":\"https:\/\/schema.org\",\"@graph\":[{\"@type\":\"WebPage\",\"@id\":\"https:\/\/www.oknobuild.com\/index.php\/produkt\/znackovy-polysan-flexia-vanicka-z-liteho-mramoru-s-moznosti-upravy-rozmeru-120x80cm-seda-mat-77922-31-51125\/\",\"url\":\"https:\/\/www.oknobuild.com\/index.php\/produkt\/znackovy-polysan-flexia-vanicka-z-liteho-mramoru-s-moznosti-upravy-rozmeru-120x80cm-seda-mat-77922-31-51125\/\",\"name\":\"Zna\u010dkov\u00fd Polysan FLEXIA vani\u010dka z lit\u00e9ho mramoru s mo\u017enost\u00ed \u00fapravy rozm\u011bru, 120x80cm, \u0161ed\u00e1 mat 77922.31 -\",\"isPartOf\":{\"@id\":\"https:\/\/www.oknobuild.com\/#website\"},\"primaryImageOfPage\":{\"@id\":\"https:\/\/www.oknobuild.com\/index.php\/produkt\/znackovy-polysan-flexia-vanicka-z-liteho-mramoru-s-moznosti-upravy-rozmeru-120x80cm-seda-mat-77922-31-51125\/#primaryimage\"},\"image\":{\"@id\":\"https:\/\/www.oknobuild.com\/index.php\/produkt\/znackovy-polysan-flexia-vanicka-z-liteho-mramoru-s-moznosti-upravy-rozmeru-120x80cm-seda-mat-77922-31-51125\/#primaryimage\"},\"thumbnailUrl\":\"https:\/\/www.oknobuild.com\/wp-content\/uploads\/2026\/SK0018097-CZ20260425-093631-0-1777080994-324779-1_polysan-flexia-vanicka-z-liteho-mramoru-s-moznosti.webp\",\"datePublished\":\"2026-04-27T04:42:50+00:00\",\"breadcrumb\":{\"@id\":\"https:\/\/www.oknobuild.com\/index.php\/produkt\/znackovy-polysan-flexia-vanicka-z-liteho-mramoru-s-moznosti-upravy-rozmeru-120x80cm-seda-mat-77922-31-51125\/#breadcrumb\"},\"inLanguage\":\"cs\",\"potentialAction\":[{\"@type\":\"ReadAction\",\"target\":[\"https:\/\/www.oknobuild.com\/index.php\/produkt\/znackovy-polysan-flexia-vanicka-z-liteho-mramoru-s-moznosti-upravy-rozmeru-120x80cm-seda-mat-77922-31-51125\/\"]}]},{\"@type\":\"ImageObject\",\"inLanguage\":\"cs\",\"@id\":\"https:\/\/www.oknobuild.com\/index.php\/produkt\/znackovy-polysan-flexia-vanicka-z-liteho-mramoru-s-moznosti-upravy-rozmeru-120x80cm-seda-mat-77922-31-51125\/#primaryimage\",\"url\":\"https:\/\/www.oknobuild.com\/wp-content\/uploads\/2026\/SK0018097-CZ20260425-093631-0-1777080994-324779-1_polysan-flexia-vanicka-z-liteho-mramoru-s-moznosti.webp\",\"contentUrl\":\"https:\/\/www.oknobuild.com\/wp-content\/uploads\/2026\/SK0018097-CZ20260425-093631-0-1777080994-324779-1_polysan-flexia-vanicka-z-liteho-mramoru-s-moznosti.webp\",\"width\":1000,\"height\":750},{\"@type\":\"BreadcrumbList\",\"@id\":\"https:\/\/www.oknobuild.com\/index.php\/produkt\/znackovy-polysan-flexia-vanicka-z-liteho-mramoru-s-moznosti-upravy-rozmeru-120x80cm-seda-mat-77922-31-51125\/#breadcrumb\",\"itemListElement\":[{\"@type\":\"ListItem\",\"position\":1,\"name\":\"Home\",\"item\":\"https:\/\/www.oknobuild.com\/\"},{\"@type\":\"ListItem\",\"position\":2,\"name\":\"Products\",\"item\":\"https:\/\/www.oknobuild.com\/index.php\/products\/\"},{\"@type\":\"ListItem\",\"position\":3,\"name\":\"Zna\u010dkov\u00fd Polysan FLEXIA vani\u010dka z lit\u00e9ho mramoru s mo\u017enost\u00ed \u00fapravy rozm\u011bru, 120x80cm, \u0161ed\u00e1 mat 77922.31\"}]},{\"@type\":\"WebSite\",\"@id\":\"https:\/\/www.oknobuild.com\/#website\",\"url\":\"https:\/\/www.oknobuild.com\/\",\"name\":\"\",\"description\":\"\",\"potentialAction\":[{\"@type\":\"SearchAction\",\"target\":{\"@type\":\"EntryPoint\",\"urlTemplate\":\"https:\/\/www.oknobuild.com\/?s={search_term_string}\"},\"query-input\":{\"@type\":\"PropertyValueSpecification\",\"valueRequired\":true,\"valueName\":\"search_term_string\"}}],\"inLanguage\":\"cs\"}]}<\/script>\n<!-- \/ Yoast SEO plugin. -->","yoast_head_json":{"title":"Zna\u010dkov\u00fd Polysan FLEXIA vani\u010dka z lit\u00e9ho mramoru s mo\u017enost\u00ed \u00fapravy rozm\u011bru, 120x80cm, \u0161ed\u00e1 mat 77922.31 -","robots":{"index":"index","follow":"follow","max-snippet":"max-snippet:-1","max-image-preview":"max-image-preview:large","max-video-preview":"max-video-preview:-1"},"canonical":"https:\/\/www.oknobuild.com\/index.php\/produkt\/znackovy-polysan-flexia-vanicka-z-liteho-mramoru-s-moznosti-upravy-rozmeru-120x80cm-seda-mat-77922-31-51125\/","og_locale":"cs_CZ","og_type":"article","og_title":"Zna\u010dkov\u00fd Polysan FLEXIA vani\u010dka z lit\u00e9ho mramoru s mo\u017enost\u00ed \u00fapravy rozm\u011bru, 120x80cm, \u0161ed\u00e1 mat 77922.31 -","og_description":"Detailn\u00ed popis produktu UNITY CONCEPT je unik\u00e1tn\u00ed kolekce, kter\u00e1 p\u0159in\u00e1\u0161\u00ed harmonii a eleganci do Va\u0161\u00ed koupelny d\u00edky sjednocen\u00ed materi\u00e1l\u016f ve \u010dty\u0159ech p\u0159\u00edjemn\u00fdch zemit\u00fdch barv\u00e1ch. Tato kolekce, navr\u017eena pro maxim\u00e1ln\u00ed estetickou a funk\u010dn\u00ed integraci, umo\u017en\u00ed vytvo\u0159it dokonale slad\u011bn\u00fd prostor, kter\u00fd spojuje modern\u00ed design s p\u0159\u00edrodn\u00edmi t\u00f3ny pro relaxa\u010dn\u00ed a vyv\u00e1\u017een\u00fd z\u00e1\u017eitek. U umyvadel a van je [&hellip;]","og_url":"https:\/\/www.oknobuild.com\/index.php\/produkt\/znackovy-polysan-flexia-vanicka-z-liteho-mramoru-s-moznosti-upravy-rozmeru-120x80cm-seda-mat-77922-31-51125\/","og_image":[{"width":1000,"height":750,"url":"https:\/\/www.oknobuild.com\/wp-content\/uploads\/2026\/SK0018097-CZ20260425-093631-0-1777080994-324779-1_polysan-flexia-vanicka-z-liteho-mramoru-s-moznosti.webp","type":"image\/webp"}],"twitter_card":"summary_large_image","twitter_misc":{"Odhadovan\u00e1 doba \u010dten\u00ed":"2 minuty"},"schema":{"@context":"https:\/\/schema.org","@graph":[{"@type":"WebPage","@id":"https:\/\/www.oknobuild.com\/index.php\/produkt\/znackovy-polysan-flexia-vanicka-z-liteho-mramoru-s-moznosti-upravy-rozmeru-120x80cm-seda-mat-77922-31-51125\/","url":"https:\/\/www.oknobuild.com\/index.php\/produkt\/znackovy-polysan-flexia-vanicka-z-liteho-mramoru-s-moznosti-upravy-rozmeru-120x80cm-seda-mat-77922-31-51125\/","name":"Zna\u010dkov\u00fd Polysan FLEXIA vani\u010dka z lit\u00e9ho mramoru s mo\u017enost\u00ed \u00fapravy rozm\u011bru, 120x80cm, \u0161ed\u00e1 mat 77922.31 -","isPartOf":{"@id":"https:\/\/www.oknobuild.com\/#website"},"primaryImageOfPage":{"@id":"https:\/\/www.oknobuild.com\/index.php\/produkt\/znackovy-polysan-flexia-vanicka-z-liteho-mramoru-s-moznosti-upravy-rozmeru-120x80cm-seda-mat-77922-31-51125\/#primaryimage"},"image":{"@id":"https:\/\/www.oknobuild.com\/index.php\/produkt\/znackovy-polysan-flexia-vanicka-z-liteho-mramoru-s-moznosti-upravy-rozmeru-120x80cm-seda-mat-77922-31-51125\/#primaryimage"},"thumbnailUrl":"https:\/\/www.oknobuild.com\/wp-content\/uploads\/2026\/SK0018097-CZ20260425-093631-0-1777080994-324779-1_polysan-flexia-vanicka-z-liteho-mramoru-s-moznosti.webp","datePublished":"2026-04-27T04:42:50+00:00","breadcrumb":{"@id":"https:\/\/www.oknobuild.com\/index.php\/produkt\/znackovy-polysan-flexia-vanicka-z-liteho-mramoru-s-moznosti-upravy-rozmeru-120x80cm-seda-mat-77922-31-51125\/#breadcrumb"},"inLanguage":"cs","potentialAction":[{"@type":"ReadAction","target":["https:\/\/www.oknobuild.com\/index.php\/produkt\/znackovy-polysan-flexia-vanicka-z-liteho-mramoru-s-moznosti-upravy-rozmeru-120x80cm-seda-mat-77922-31-51125\/"]}]},{"@type":"ImageObject","inLanguage":"cs","@id":"https:\/\/www.oknobuild.com\/index.php\/produkt\/znackovy-polysan-flexia-vanicka-z-liteho-mramoru-s-moznosti-upravy-rozmeru-120x80cm-seda-mat-77922-31-51125\/#primaryimage","url":"https:\/\/www.oknobuild.com\/wp-content\/uploads\/2026\/SK0018097-CZ20260425-093631-0-1777080994-324779-1_polysan-flexia-vanicka-z-liteho-mramoru-s-moznosti.webp","contentUrl":"https:\/\/www.oknobuild.com\/wp-content\/uploads\/2026\/SK0018097-CZ20260425-093631-0-1777080994-324779-1_polysan-flexia-vanicka-z-liteho-mramoru-s-moznosti.webp","width":1000,"height":750},{"@type":"BreadcrumbList","@id":"https:\/\/www.oknobuild.com\/index.php\/produkt\/znackovy-polysan-flexia-vanicka-z-liteho-mramoru-s-moznosti-upravy-rozmeru-120x80cm-seda-mat-77922-31-51125\/#breadcrumb","itemListElement":[{"@type":"ListItem","position":1,"name":"Home","item":"https:\/\/www.oknobuild.com\/"},{"@type":"ListItem","position":2,"name":"Products","item":"https:\/\/www.oknobuild.com\/index.php\/products\/"},{"@type":"ListItem","position":3,"name":"Zna\u010dkov\u00fd Polysan FLEXIA vani\u010dka z lit\u00e9ho mramoru s mo\u017enost\u00ed \u00fapravy rozm\u011bru, 120x80cm, \u0161ed\u00e1 mat 77922.31"}]},{"@type":"WebSite","@id":"https:\/\/www.oknobuild.com\/#website","url":"https:\/\/www.oknobuild.com\/","name":"","description":"","potentialAction":[{"@type":"SearchAction","target":{"@type":"EntryPoint","urlTemplate":"https:\/\/www.oknobuild.com\/?s={search_term_string}"},"query-input":{"@type":"PropertyValueSpecification","valueRequired":true,"valueName":"search_term_string"}}],"inLanguage":"cs"}]}},"_links":{"self":[{"href":"https:\/\/www.oknobuild.com\/index.php\/wp-json\/wp\/v2\/product\/51125","targetHints":{"allow":["GET"]}}],"collection":[{"href":"https:\/\/www.oknobuild.com\/index.php\/wp-json\/wp\/v2\/product"}],"about":[{"href":"https:\/\/www.oknobuild.com\/index.php\/wp-json\/wp\/v2\/types\/product"}],"replies":[{"embeddable":true,"href":"https:\/\/www.oknobuild.com\/index.php\/wp-json\/wp\/v2\/comments?post=51125"}],"wp:featuredmedia":[{"embeddable":true,"href":"https:\/\/www.oknobuild.com\/index.php\/wp-json\/wp\/v2\/media\/51225"}],"wp:attachment":[{"href":"https:\/\/www.oknobuild.com\/index.php\/wp-json\/wp\/v2\/media?parent=51125"}],"wp:term":[{"taxonomy":"product_brand","embeddable":true,"href":"https:\/\/www.oknobuild.com\/index.php\/wp-json\/wp\/v2\/product_brand?post=51125"},{"taxonomy":"product_cat","embeddable":true,"href":"https:\/\/www.oknobuild.com\/index.php\/wp-json\/wp\/v2\/product_cat?post=51125"},{"taxonomy":"product_tag","embeddable":true,"href":"https:\/\/www.oknobuild.com\/index.php\/wp-json\/wp\/v2\/product_tag?post=51125"}],"curies":[{"name":"wp","href":"https:\/\/api.w.org\/{rel}","templated":true}]}}