{"id":51370,"date":"2026-04-27T04:42:50","date_gmt":"2026-04-27T04:42:50","guid":{"rendered":""},"modified":"2026-04-27T04:42:50","modified_gmt":"2026-04-27T04:42:50","slug":"akce-sapho-ultramix-dvouprvkova-stojankova-umyvadlova-baterie-cerna-mat-ut019b-51370","status":"publish","type":"product","link":"https:\/\/www.oknobuild.com\/index.php\/produkt\/akce-sapho-ultramix-dvouprvkova-stojankova-umyvadlova-baterie-cerna-mat-ut019b-51370\/","title":{"rendered":"Akce Sapho ULTRAMIX dvouprvkov\u00e1 stoj\u00e1nkov\u00e1 umyvadlov\u00e1 baterie, \u010dern\u00e1 mat UT019B"},"content":{"rendered":"<div class=\"basic-description\">\n<h3>Detailn\u00ed popis produktu<\/h3>\n<p><\/p>\n<p style=\"text-align: justify;\">S\u00e9rie ULTRAMIX vynik\u00e1 univerz\u00e1ln\u00edm designem v\u00e1lcov\u00e9ho tvaru, kter\u00fd je dopln\u011bn decentn\u00ed hranou a \u00fazkou p\u00e1\u010dkou \u2013 kombinace, kter\u00e1 je nejen esteticky p\u0159ita\u017eliv\u00e1, ale p\u0159edev\u0161\u00edm praktick\u00e1. V\u00e1lcov\u00fd tvar umo\u017e\u0148uje snadn\u00e9 \u010di\u0161t\u011bn\u00ed a t\u00edm baterie neztr\u00e1c\u00ed sv\u016fj elegantn\u00ed vzhled ani p\u0159i ka\u017edodenn\u00edm pou\u017e\u00edv\u00e1n\u00ed. Decentn\u00ed hrana poskytuje baterii pevn\u00fd a stabiln\u00ed dojem a \u00fazk\u00e1 p\u00e1\u010dka zaji\u0161\u0165uje lehk\u00e9 a p\u0159esn\u00e9 ovl\u00e1d\u00e1n\u00ed pr\u016ftoku i teploty vody. Minimalistick\u00fd vzhled a ergonomie d\u011blaj\u00ed z t\u00e9to kolekce vodovodn\u00edch bateri\u00ed perfektn\u00ed volbu pro modern\u00ed koupelnu, kde je kladen d\u016fraz na jednoduchost a funk\u010dnost bez kompromis\u016f.<br \/>S\u00e9rie ULTRAMIX zahrnuje baterie stoj\u00e1nkov\u00e9, n\u00e1st\u011bnn\u00e9, podom\u00edtkov\u00e9, do podlahy, na okraj vany i sprchov\u00e9 sloupy.<\/p>\n<h2 class=\"props-title\">Vlastnosti<\/h2>\n<table>\n<tr>\n<th>Zna\u010dka<\/th>\n<td>SAPHO<\/td>\n<\/tr>\n<tr>\n<th>S\u00e9rie<\/th>\n<td>ULTRAMIX<\/td>\n<\/tr>\n<tr>\n<th>3D model<\/th>\n<td>ANO<\/td>\n<\/tr>\n<tr>\n<th>V\u00fd\u0161ka<\/th>\n<td>240&nbsp;mm<\/td>\n<\/tr>\n<tr>\n<th>Hloubka<\/th>\n<td>220&nbsp;mm<\/td>\n<\/tr>\n<tr>\n<th>Barva<\/th>\n<td>\u010cern\u00e1 mat<\/td>\n<\/tr>\n<tr>\n<th>Materi\u00e1l<\/th>\n<td>Mosaz<\/td>\n<\/tr>\n<tr>\n<th>Tvar<\/th>\n<td>Kruhov\u00e9<\/td>\n<\/tr>\n<tr>\n<th>Instalace<\/th>\n<td>Stoj\u00e1nkov\u00e1<\/td>\n<\/tr>\n<tr>\n<th>Druh ovl\u00e1d\u00e1n\u00ed<\/th>\n<td>P\u00e1ka<\/td>\n<\/tr>\n<tr>\n<th>V\u00fd\u0161ka v\u00fdtoku<\/th>\n<td>120&nbsp;mm<\/td>\n<\/tr>\n<tr>\n<th>Hmotnost \/ ks<\/th>\n<td>1.9210&nbsp;kg<\/td>\n<\/tr>\n<tr>\n<th>Balen\u00ed<\/th>\n<td>3&nbsp;ks<\/td>\n<\/tr>\n<tr>\n<th>EAN<\/th>\n<td>8590913988066<\/td>\n<\/tr>\n<tr>\n<th>Z\u00e1ruka<\/th>\n<td>6 let<\/td>\n<\/tr>\n<\/table>\n<p>   Upozorn\u011bn\u00ed pro z\u00e1kazn\u00edky ke koupi produkt\u016f na objedn\u00e1n\u00ed: Toto zbo\u017e\u00ed nen\u00ed standardn\u00edm s\u00e9riov\u00fdm v\u00fdrobkem. Bude vyrobeno na p\u0159\u00e1n\u00ed z\u00e1kazn\u00edka a proto jej nelze dodavateli v z\u00e1konn\u00e9 lh\u016ft\u011b vr\u00e1tit. (viz \u00a71837 odst.d, ob\u010dansk\u00e9ho z\u00e1kon\u00edku). V tomto p\u0159\u00edpad\u011b m\u016f\u017eeme po\u017eadovat nevratnou z\u00e1lohu a\u017e do v\u00fd\u0161e 100 % z ceny v\u00fdrobku.                            <\/p><\/div>\n","protected":false},"excerpt":{"rendered":"<p>Detailn\u00ed popis produktu S\u00e9rie ULTRAMIX vynik\u00e1 univerz\u00e1ln\u00edm designem v\u00e1lcov\u00e9ho tvaru, kter\u00fd je dopln\u011bn decentn\u00ed hranou a \u00fazkou p\u00e1\u010dkou \u2013 kombinace, kter\u00e1 je nejen esteticky p\u0159ita\u017eliv\u00e1, ale p\u0159edev\u0161\u00edm praktick\u00e1. V\u00e1lcov\u00fd tvar umo\u017e\u0148uje snadn\u00e9 \u010di\u0161t\u011bn\u00ed a t\u00edm baterie neztr\u00e1c\u00ed sv\u016fj elegantn\u00ed vzhled ani p\u0159i ka\u017edodenn\u00edm pou\u017e\u00edv\u00e1n\u00ed. Decentn\u00ed hrana poskytuje baterii pevn\u00fd a stabiln\u00ed dojem a \u00fazk\u00e1 p\u00e1\u010dka [&hellip;]<\/p>\n","protected":false},"featured_media":51470,"comment_status":"open","ping_status":"open","template":"","meta":[],"product_brand":[],"product_cat":[54],"product_tag":[],"class_list":{"0":"post-51370","1":"product","2":"type-product","3":"status-publish","4":"has-post-thumbnail","6":"product_cat-vodovodni-baterie","8":"first","9":"instock","10":"sale","11":"shipping-taxable","12":"purchasable","13":"product-type-simple"},"yoast_head":"<!-- This site is optimized with the Yoast SEO plugin v26.8 - https:\/\/yoast.com\/product\/yoast-seo-wordpress\/ -->\n<title>Akce Sapho ULTRAMIX dvouprvkov\u00e1 stoj\u00e1nkov\u00e1 umyvadlov\u00e1 baterie, \u010dern\u00e1 mat UT019B -<\/title>\n<meta name=\"robots\" content=\"index, follow, max-snippet:-1, max-image-preview:large, max-video-preview:-1\" \/>\n<link rel=\"canonical\" href=\"https:\/\/www.oknobuild.com\/index.php\/produkt\/akce-sapho-ultramix-dvouprvkova-stojankova-umyvadlova-baterie-cerna-mat-ut019b-51370\/\" \/>\n<meta property=\"og:locale\" content=\"cs_CZ\" \/>\n<meta property=\"og:type\" content=\"article\" \/>\n<meta property=\"og:title\" content=\"Akce Sapho ULTRAMIX dvouprvkov\u00e1 stoj\u00e1nkov\u00e1 umyvadlov\u00e1 baterie, \u010dern\u00e1 mat UT019B -\" \/>\n<meta property=\"og:description\" content=\"Detailn\u00ed popis produktu S\u00e9rie ULTRAMIX vynik\u00e1 univerz\u00e1ln\u00edm designem v\u00e1lcov\u00e9ho tvaru, kter\u00fd je dopln\u011bn decentn\u00ed hranou a \u00fazkou p\u00e1\u010dkou \u2013 kombinace, kter\u00e1 je nejen esteticky p\u0159ita\u017eliv\u00e1, ale p\u0159edev\u0161\u00edm praktick\u00e1. V\u00e1lcov\u00fd tvar umo\u017e\u0148uje snadn\u00e9 \u010di\u0161t\u011bn\u00ed a t\u00edm baterie neztr\u00e1c\u00ed sv\u016fj elegantn\u00ed vzhled ani p\u0159i ka\u017edodenn\u00edm pou\u017e\u00edv\u00e1n\u00ed. Decentn\u00ed hrana poskytuje baterii pevn\u00fd a stabiln\u00ed dojem a \u00fazk\u00e1 p\u00e1\u010dka [&hellip;]\" \/>\n<meta property=\"og:url\" content=\"https:\/\/www.oknobuild.com\/index.php\/produkt\/akce-sapho-ultramix-dvouprvkova-stojankova-umyvadlova-baterie-cerna-mat-ut019b-51370\/\" \/>\n<meta property=\"og:image\" content=\"https:\/\/www.oknobuild.com\/wp-content\/uploads\/2026\/SK0018304-CZ20260425-093631-0-1777080994-325901_ut019b-242992069884809.webp\" \/>\n\t<meta property=\"og:image:width\" content=\"1000\" \/>\n\t<meta property=\"og:image:height\" content=\"750\" \/>\n\t<meta property=\"og:image:type\" content=\"image\/webp\" \/>\n<meta name=\"twitter:card\" content=\"summary_large_image\" \/>\n<meta name=\"twitter:label1\" content=\"Odhadovan\u00e1 doba \u010dten\u00ed\" \/>\n\t<meta name=\"twitter:data1\" content=\"1 minuta\" \/>\n<script type=\"application\/ld+json\" class=\"yoast-schema-graph\">{\"@context\":\"https:\/\/schema.org\",\"@graph\":[{\"@type\":\"WebPage\",\"@id\":\"https:\/\/www.oknobuild.com\/index.php\/produkt\/akce-sapho-ultramix-dvouprvkova-stojankova-umyvadlova-baterie-cerna-mat-ut019b-51370\/\",\"url\":\"https:\/\/www.oknobuild.com\/index.php\/produkt\/akce-sapho-ultramix-dvouprvkova-stojankova-umyvadlova-baterie-cerna-mat-ut019b-51370\/\",\"name\":\"Akce Sapho ULTRAMIX dvouprvkov\u00e1 stoj\u00e1nkov\u00e1 umyvadlov\u00e1 baterie, \u010dern\u00e1 mat UT019B -\",\"isPartOf\":{\"@id\":\"https:\/\/www.oknobuild.com\/#website\"},\"primaryImageOfPage\":{\"@id\":\"https:\/\/www.oknobuild.com\/index.php\/produkt\/akce-sapho-ultramix-dvouprvkova-stojankova-umyvadlova-baterie-cerna-mat-ut019b-51370\/#primaryimage\"},\"image\":{\"@id\":\"https:\/\/www.oknobuild.com\/index.php\/produkt\/akce-sapho-ultramix-dvouprvkova-stojankova-umyvadlova-baterie-cerna-mat-ut019b-51370\/#primaryimage\"},\"thumbnailUrl\":\"https:\/\/www.oknobuild.com\/wp-content\/uploads\/2026\/SK0018304-CZ20260425-093631-0-1777080994-325901_ut019b-242992069884809.webp\",\"datePublished\":\"2026-04-27T04:42:50+00:00\",\"breadcrumb\":{\"@id\":\"https:\/\/www.oknobuild.com\/index.php\/produkt\/akce-sapho-ultramix-dvouprvkova-stojankova-umyvadlova-baterie-cerna-mat-ut019b-51370\/#breadcrumb\"},\"inLanguage\":\"cs\",\"potentialAction\":[{\"@type\":\"ReadAction\",\"target\":[\"https:\/\/www.oknobuild.com\/index.php\/produkt\/akce-sapho-ultramix-dvouprvkova-stojankova-umyvadlova-baterie-cerna-mat-ut019b-51370\/\"]}]},{\"@type\":\"ImageObject\",\"inLanguage\":\"cs\",\"@id\":\"https:\/\/www.oknobuild.com\/index.php\/produkt\/akce-sapho-ultramix-dvouprvkova-stojankova-umyvadlova-baterie-cerna-mat-ut019b-51370\/#primaryimage\",\"url\":\"https:\/\/www.oknobuild.com\/wp-content\/uploads\/2026\/SK0018304-CZ20260425-093631-0-1777080994-325901_ut019b-242992069884809.webp\",\"contentUrl\":\"https:\/\/www.oknobuild.com\/wp-content\/uploads\/2026\/SK0018304-CZ20260425-093631-0-1777080994-325901_ut019b-242992069884809.webp\",\"width\":1000,\"height\":750},{\"@type\":\"BreadcrumbList\",\"@id\":\"https:\/\/www.oknobuild.com\/index.php\/produkt\/akce-sapho-ultramix-dvouprvkova-stojankova-umyvadlova-baterie-cerna-mat-ut019b-51370\/#breadcrumb\",\"itemListElement\":[{\"@type\":\"ListItem\",\"position\":1,\"name\":\"Home\",\"item\":\"https:\/\/www.oknobuild.com\/\"},{\"@type\":\"ListItem\",\"position\":2,\"name\":\"Products\",\"item\":\"https:\/\/www.oknobuild.com\/index.php\/products\/\"},{\"@type\":\"ListItem\",\"position\":3,\"name\":\"Akce Sapho ULTRAMIX dvouprvkov\u00e1 stoj\u00e1nkov\u00e1 umyvadlov\u00e1 baterie, \u010dern\u00e1 mat UT019B\"}]},{\"@type\":\"WebSite\",\"@id\":\"https:\/\/www.oknobuild.com\/#website\",\"url\":\"https:\/\/www.oknobuild.com\/\",\"name\":\"\",\"description\":\"\",\"potentialAction\":[{\"@type\":\"SearchAction\",\"target\":{\"@type\":\"EntryPoint\",\"urlTemplate\":\"https:\/\/www.oknobuild.com\/?s={search_term_string}\"},\"query-input\":{\"@type\":\"PropertyValueSpecification\",\"valueRequired\":true,\"valueName\":\"search_term_string\"}}],\"inLanguage\":\"cs\"}]}<\/script>\n<!-- \/ Yoast SEO plugin. -->","yoast_head_json":{"title":"Akce Sapho ULTRAMIX dvouprvkov\u00e1 stoj\u00e1nkov\u00e1 umyvadlov\u00e1 baterie, \u010dern\u00e1 mat UT019B -","robots":{"index":"index","follow":"follow","max-snippet":"max-snippet:-1","max-image-preview":"max-image-preview:large","max-video-preview":"max-video-preview:-1"},"canonical":"https:\/\/www.oknobuild.com\/index.php\/produkt\/akce-sapho-ultramix-dvouprvkova-stojankova-umyvadlova-baterie-cerna-mat-ut019b-51370\/","og_locale":"cs_CZ","og_type":"article","og_title":"Akce Sapho ULTRAMIX dvouprvkov\u00e1 stoj\u00e1nkov\u00e1 umyvadlov\u00e1 baterie, \u010dern\u00e1 mat UT019B -","og_description":"Detailn\u00ed popis produktu S\u00e9rie ULTRAMIX vynik\u00e1 univerz\u00e1ln\u00edm designem v\u00e1lcov\u00e9ho tvaru, kter\u00fd je dopln\u011bn decentn\u00ed hranou a \u00fazkou p\u00e1\u010dkou \u2013 kombinace, kter\u00e1 je nejen esteticky p\u0159ita\u017eliv\u00e1, ale p\u0159edev\u0161\u00edm praktick\u00e1. V\u00e1lcov\u00fd tvar umo\u017e\u0148uje snadn\u00e9 \u010di\u0161t\u011bn\u00ed a t\u00edm baterie neztr\u00e1c\u00ed sv\u016fj elegantn\u00ed vzhled ani p\u0159i ka\u017edodenn\u00edm pou\u017e\u00edv\u00e1n\u00ed. Decentn\u00ed hrana poskytuje baterii pevn\u00fd a stabiln\u00ed dojem a \u00fazk\u00e1 p\u00e1\u010dka [&hellip;]","og_url":"https:\/\/www.oknobuild.com\/index.php\/produkt\/akce-sapho-ultramix-dvouprvkova-stojankova-umyvadlova-baterie-cerna-mat-ut019b-51370\/","og_image":[{"width":1000,"height":750,"url":"https:\/\/www.oknobuild.com\/wp-content\/uploads\/2026\/SK0018304-CZ20260425-093631-0-1777080994-325901_ut019b-242992069884809.webp","type":"image\/webp"}],"twitter_card":"summary_large_image","twitter_misc":{"Odhadovan\u00e1 doba \u010dten\u00ed":"1 minuta"},"schema":{"@context":"https:\/\/schema.org","@graph":[{"@type":"WebPage","@id":"https:\/\/www.oknobuild.com\/index.php\/produkt\/akce-sapho-ultramix-dvouprvkova-stojankova-umyvadlova-baterie-cerna-mat-ut019b-51370\/","url":"https:\/\/www.oknobuild.com\/index.php\/produkt\/akce-sapho-ultramix-dvouprvkova-stojankova-umyvadlova-baterie-cerna-mat-ut019b-51370\/","name":"Akce Sapho ULTRAMIX dvouprvkov\u00e1 stoj\u00e1nkov\u00e1 umyvadlov\u00e1 baterie, \u010dern\u00e1 mat UT019B -","isPartOf":{"@id":"https:\/\/www.oknobuild.com\/#website"},"primaryImageOfPage":{"@id":"https:\/\/www.oknobuild.com\/index.php\/produkt\/akce-sapho-ultramix-dvouprvkova-stojankova-umyvadlova-baterie-cerna-mat-ut019b-51370\/#primaryimage"},"image":{"@id":"https:\/\/www.oknobuild.com\/index.php\/produkt\/akce-sapho-ultramix-dvouprvkova-stojankova-umyvadlova-baterie-cerna-mat-ut019b-51370\/#primaryimage"},"thumbnailUrl":"https:\/\/www.oknobuild.com\/wp-content\/uploads\/2026\/SK0018304-CZ20260425-093631-0-1777080994-325901_ut019b-242992069884809.webp","datePublished":"2026-04-27T04:42:50+00:00","breadcrumb":{"@id":"https:\/\/www.oknobuild.com\/index.php\/produkt\/akce-sapho-ultramix-dvouprvkova-stojankova-umyvadlova-baterie-cerna-mat-ut019b-51370\/#breadcrumb"},"inLanguage":"cs","potentialAction":[{"@type":"ReadAction","target":["https:\/\/www.oknobuild.com\/index.php\/produkt\/akce-sapho-ultramix-dvouprvkova-stojankova-umyvadlova-baterie-cerna-mat-ut019b-51370\/"]}]},{"@type":"ImageObject","inLanguage":"cs","@id":"https:\/\/www.oknobuild.com\/index.php\/produkt\/akce-sapho-ultramix-dvouprvkova-stojankova-umyvadlova-baterie-cerna-mat-ut019b-51370\/#primaryimage","url":"https:\/\/www.oknobuild.com\/wp-content\/uploads\/2026\/SK0018304-CZ20260425-093631-0-1777080994-325901_ut019b-242992069884809.webp","contentUrl":"https:\/\/www.oknobuild.com\/wp-content\/uploads\/2026\/SK0018304-CZ20260425-093631-0-1777080994-325901_ut019b-242992069884809.webp","width":1000,"height":750},{"@type":"BreadcrumbList","@id":"https:\/\/www.oknobuild.com\/index.php\/produkt\/akce-sapho-ultramix-dvouprvkova-stojankova-umyvadlova-baterie-cerna-mat-ut019b-51370\/#breadcrumb","itemListElement":[{"@type":"ListItem","position":1,"name":"Home","item":"https:\/\/www.oknobuild.com\/"},{"@type":"ListItem","position":2,"name":"Products","item":"https:\/\/www.oknobuild.com\/index.php\/products\/"},{"@type":"ListItem","position":3,"name":"Akce Sapho ULTRAMIX dvouprvkov\u00e1 stoj\u00e1nkov\u00e1 umyvadlov\u00e1 baterie, \u010dern\u00e1 mat UT019B"}]},{"@type":"WebSite","@id":"https:\/\/www.oknobuild.com\/#website","url":"https:\/\/www.oknobuild.com\/","name":"","description":"","potentialAction":[{"@type":"SearchAction","target":{"@type":"EntryPoint","urlTemplate":"https:\/\/www.oknobuild.com\/?s={search_term_string}"},"query-input":{"@type":"PropertyValueSpecification","valueRequired":true,"valueName":"search_term_string"}}],"inLanguage":"cs"}]}},"_links":{"self":[{"href":"https:\/\/www.oknobuild.com\/index.php\/wp-json\/wp\/v2\/product\/51370","targetHints":{"allow":["GET"]}}],"collection":[{"href":"https:\/\/www.oknobuild.com\/index.php\/wp-json\/wp\/v2\/product"}],"about":[{"href":"https:\/\/www.oknobuild.com\/index.php\/wp-json\/wp\/v2\/types\/product"}],"replies":[{"embeddable":true,"href":"https:\/\/www.oknobuild.com\/index.php\/wp-json\/wp\/v2\/comments?post=51370"}],"wp:featuredmedia":[{"embeddable":true,"href":"https:\/\/www.oknobuild.com\/index.php\/wp-json\/wp\/v2\/media\/51470"}],"wp:attachment":[{"href":"https:\/\/www.oknobuild.com\/index.php\/wp-json\/wp\/v2\/media?parent=51370"}],"wp:term":[{"taxonomy":"product_brand","embeddable":true,"href":"https:\/\/www.oknobuild.com\/index.php\/wp-json\/wp\/v2\/product_brand?post=51370"},{"taxonomy":"product_cat","embeddable":true,"href":"https:\/\/www.oknobuild.com\/index.php\/wp-json\/wp\/v2\/product_cat?post=51370"},{"taxonomy":"product_tag","embeddable":true,"href":"https:\/\/www.oknobuild.com\/index.php\/wp-json\/wp\/v2\/product_tag?post=51370"}],"curies":[{"name":"wp","href":"https:\/\/api.w.org\/{rel}","templated":true}]}}