{"id":51578,"date":"2026-04-27T04:42:51","date_gmt":"2026-04-27T04:42:51","guid":{"rendered":""},"modified":"2026-04-27T04:42:51","modified_gmt":"2026-04-27T04:42:51","slug":"znackovy-ukoncena-vyroba-martha-54008-3s-stojaci-lampa-globo-51578","status":"publish","type":"product","link":"https:\/\/www.oknobuild.com\/index.php\/produkt\/znackovy-ukoncena-vyroba-martha-54008-3s-stojaci-lampa-globo-51578\/","title":{"rendered":"Zna\u010dkov\u00fd UKON\u010cENA V\u00ddROBA MARTHA 54008-3S Stojac\u00ed lampa &#8211; GLOBO"},"content":{"rendered":"<h3 class=\"product-h3\">Popis produktu<\/h3>\n<p><p>Stojac\u00ed sv\u00edtidlo, \u010dern\u00fd kov, bez st\u00edn\u00edtka, kabel: 1.8m, vyp\u00edna\u010d, \u00f8250, V: 1400, bez \u017e\u00e1rovek 3xE27, max. 60W 230V<\/p>\n<p>Stojanov\u00e9 sv\u00edtidlo s v\u00fd\u0161kou 1,4 m dokonale zapadne do modern\u00edho designu bydlen\u00ed. Sv\u00edtidlo je bez st\u00edn\u00edtek. D\u00e9lka kabelu je 1,8 m. S obj\u00edmkami E27 si m\u016f\u017eete zvolit libovoln\u00fd sv\u011bteln\u00fd zdroj (max. 60W) a ur\u010dit si intenzitu a barvu sv\u011btla. Doporu\u010dujeme LED zdroje pro \u00fasporu energie a dlouhou \u017eivotnost. S jin\u00fdmi modely stejn\u00e9 s\u00e9rie m\u016f\u017eete doplnit vzhled va\u0161eho interi\u00e9ru.<\/p>\n<\/p><\/div>\n<\/p><\/div>\n<p><\/p>\n<div class=\"top-params\">\n<h3 class=\"product-h3 collapse-header \" data-toggle=\"collapse\" data-target=\"#collapseOne\" aria-expanded=\"true\" aria-controls=\"collapseOne\">Parametry<\/h3>\n<div id=\"collapseOne\" class=\"collapse show\" aria-labelledby=\"headingOne\" data-parent=\"#product-info-accordion1\">\n<table class=\"table-striped\">\n<tr>\n<td>                V\u00fd\u0161ka v mm            <\/td>\n<td>                1400            <\/td>\n<\/tr>\n<tr>\n<td>                Pr\u016fm\u011br v mm            <\/td>\n<td>                250            <\/td>\n<\/tr>\n<tr>\n<td>                Ochrana IP            <\/td>\n<td>                IP20            <\/td>\n<\/tr>\n<tr>\n<td>                Max. p\u0159\u00edkon sv\u011bteln\u00e9ho zdroje            <\/td>\n<td>                60W            <\/td>\n<\/tr>\n<tr>\n<td>                V\u00fdkon            <\/td>\n<td>                180W            <\/td>\n<\/tr>\n<tr>\n<td>                Nap\u00e1jec\u00ed nap\u011bt\u00ed            <\/td>\n<td>                230V            <\/td>\n<\/tr>\n<tr>\n<td>                Patice            <\/td>\n<td>                E27            <\/td>\n<\/tr>\n<tr>\n<td>                V\u010detn\u011b sv\u011bteln\u00e9ho zdroje            <\/td>\n<td>                ne            <\/td>\n<\/tr>\n<tr>\n<td>                Materi\u00e1l            <\/td>\n<td>                kov            <\/td>\n<\/tr>\n<tr>\n<td>                Barva            <\/td>\n<td>                \u010dern\u00e1            <\/td>\n<\/tr>\n<tr>\n<td>                Kolekce            <\/td>\n<td>                MARTHA            <\/td>\n<\/tr>\n<tr>\n<td>                Po\u010det sv\u011bteln\u00fdch zdroj\u016f            <\/td>\n<td>                3            <\/td>\n<\/tr>\n<tr>\n<td>                V\u00fdrobce            <\/td>\n<td>                GLOBO            <\/td>\n<\/tr>\n<tr>\n<td>                U v\u00fdrobce dostupn\u00fdch            <\/td>\n<td>                0                    ks            <\/td>\n<\/tr>\n<\/table>\n<\/div><\/div>\n<\/div>\n<div class=\"accordion\" id=\"product-info-accordion2\">\n","protected":false},"excerpt":{"rendered":"<p>Popis produktu Stojac\u00ed sv\u00edtidlo, \u010dern\u00fd kov, bez st\u00edn\u00edtka, kabel: 1.8m, vyp\u00edna\u010d, \u00f8250, V: 1400, bez \u017e\u00e1rovek 3xE27, max. 60W 230V Stojanov\u00e9 sv\u00edtidlo s v\u00fd\u0161kou 1,4 m dokonale zapadne do modern\u00edho designu bydlen\u00ed. Sv\u00edtidlo je bez st\u00edn\u00edtek. D\u00e9lka kabelu je 1,8 m. S obj\u00edmkami E27 si m\u016f\u017eete zvolit libovoln\u00fd sv\u011bteln\u00fd zdroj (max. 60W) a ur\u010dit si [&hellip;]<\/p>\n","protected":false},"featured_media":51678,"comment_status":"open","ping_status":"open","template":"","meta":[],"product_brand":[],"product_cat":[32],"product_tag":[],"class_list":{"0":"post-51578","1":"product","2":"type-product","3":"status-publish","4":"has-post-thumbnail","6":"product_cat-interierova-svitidla","8":"first","9":"instock","10":"sale","11":"shipping-taxable","12":"purchasable","13":"product-type-simple"},"yoast_head":"<!-- This site is optimized with the Yoast SEO plugin v26.8 - https:\/\/yoast.com\/product\/yoast-seo-wordpress\/ -->\n<title>Zna\u010dkov\u00fd UKON\u010cENA V\u00ddROBA MARTHA 54008-3S Stojac\u00ed lampa - GLOBO -<\/title>\n<meta name=\"robots\" content=\"index, follow, max-snippet:-1, max-image-preview:large, max-video-preview:-1\" \/>\n<link rel=\"canonical\" href=\"https:\/\/www.oknobuild.com\/index.php\/produkt\/znackovy-ukoncena-vyroba-martha-54008-3s-stojaci-lampa-globo-51578\/\" \/>\n<meta property=\"og:locale\" content=\"cs_CZ\" \/>\n<meta property=\"og:type\" content=\"article\" \/>\n<meta property=\"og:title\" content=\"Zna\u010dkov\u00fd UKON\u010cENA V\u00ddROBA MARTHA 54008-3S Stojac\u00ed lampa - GLOBO -\" \/>\n<meta property=\"og:description\" content=\"Popis produktu Stojac\u00ed sv\u00edtidlo, \u010dern\u00fd kov, bez st\u00edn\u00edtka, kabel: 1.8m, vyp\u00edna\u010d, \u00f8250, V: 1400, bez \u017e\u00e1rovek 3xE27, max. 60W 230V Stojanov\u00e9 sv\u00edtidlo s v\u00fd\u0161kou 1,4 m dokonale zapadne do modern\u00edho designu bydlen\u00ed. Sv\u00edtidlo je bez st\u00edn\u00edtek. D\u00e9lka kabelu je 1,8 m. S obj\u00edmkami E27 si m\u016f\u017eete zvolit libovoln\u00fd sv\u011bteln\u00fd zdroj (max. 60W) a ur\u010dit si [&hellip;]\" \/>\n<meta property=\"og:url\" content=\"https:\/\/www.oknobuild.com\/index.php\/produkt\/znackovy-ukoncena-vyroba-martha-54008-3s-stojaci-lampa-globo-51578\/\" \/>\n<meta property=\"og:image\" content=\"https:\/\/www.oknobuild.com\/wp-content\/uploads\/2026\/SK0013979-CZ20260425-091535-0-1777079743-GLO-54008-3S.webp\" \/>\n\t<meta property=\"og:image:width\" content=\"800\" \/>\n\t<meta property=\"og:image:height\" content=\"800\" \/>\n\t<meta property=\"og:image:type\" content=\"image\/webp\" \/>\n<meta name=\"twitter:card\" content=\"summary_large_image\" \/>\n<meta name=\"twitter:label1\" content=\"Odhadovan\u00e1 doba \u010dten\u00ed\" \/>\n\t<meta name=\"twitter:data1\" content=\"1 minuta\" \/>\n<script type=\"application\/ld+json\" class=\"yoast-schema-graph\">{\"@context\":\"https:\/\/schema.org\",\"@graph\":[{\"@type\":\"WebPage\",\"@id\":\"https:\/\/www.oknobuild.com\/index.php\/produkt\/znackovy-ukoncena-vyroba-martha-54008-3s-stojaci-lampa-globo-51578\/\",\"url\":\"https:\/\/www.oknobuild.com\/index.php\/produkt\/znackovy-ukoncena-vyroba-martha-54008-3s-stojaci-lampa-globo-51578\/\",\"name\":\"Zna\u010dkov\u00fd UKON\u010cENA V\u00ddROBA MARTHA 54008-3S Stojac\u00ed lampa - GLOBO -\",\"isPartOf\":{\"@id\":\"https:\/\/www.oknobuild.com\/#website\"},\"primaryImageOfPage\":{\"@id\":\"https:\/\/www.oknobuild.com\/index.php\/produkt\/znackovy-ukoncena-vyroba-martha-54008-3s-stojaci-lampa-globo-51578\/#primaryimage\"},\"image\":{\"@id\":\"https:\/\/www.oknobuild.com\/index.php\/produkt\/znackovy-ukoncena-vyroba-martha-54008-3s-stojaci-lampa-globo-51578\/#primaryimage\"},\"thumbnailUrl\":\"https:\/\/www.oknobuild.com\/wp-content\/uploads\/2026\/SK0013979-CZ20260425-091535-0-1777079743-GLO-54008-3S.webp\",\"datePublished\":\"2026-04-27T04:42:51+00:00\",\"breadcrumb\":{\"@id\":\"https:\/\/www.oknobuild.com\/index.php\/produkt\/znackovy-ukoncena-vyroba-martha-54008-3s-stojaci-lampa-globo-51578\/#breadcrumb\"},\"inLanguage\":\"cs\",\"potentialAction\":[{\"@type\":\"ReadAction\",\"target\":[\"https:\/\/www.oknobuild.com\/index.php\/produkt\/znackovy-ukoncena-vyroba-martha-54008-3s-stojaci-lampa-globo-51578\/\"]}]},{\"@type\":\"ImageObject\",\"inLanguage\":\"cs\",\"@id\":\"https:\/\/www.oknobuild.com\/index.php\/produkt\/znackovy-ukoncena-vyroba-martha-54008-3s-stojaci-lampa-globo-51578\/#primaryimage\",\"url\":\"https:\/\/www.oknobuild.com\/wp-content\/uploads\/2026\/SK0013979-CZ20260425-091535-0-1777079743-GLO-54008-3S.webp\",\"contentUrl\":\"https:\/\/www.oknobuild.com\/wp-content\/uploads\/2026\/SK0013979-CZ20260425-091535-0-1777079743-GLO-54008-3S.webp\",\"width\":800,\"height\":800},{\"@type\":\"BreadcrumbList\",\"@id\":\"https:\/\/www.oknobuild.com\/index.php\/produkt\/znackovy-ukoncena-vyroba-martha-54008-3s-stojaci-lampa-globo-51578\/#breadcrumb\",\"itemListElement\":[{\"@type\":\"ListItem\",\"position\":1,\"name\":\"Home\",\"item\":\"https:\/\/www.oknobuild.com\/\"},{\"@type\":\"ListItem\",\"position\":2,\"name\":\"Products\",\"item\":\"https:\/\/www.oknobuild.com\/index.php\/products\/\"},{\"@type\":\"ListItem\",\"position\":3,\"name\":\"Zna\u010dkov\u00fd UKON\u010cENA V\u00ddROBA MARTHA 54008-3S Stojac\u00ed lampa &#8211; GLOBO\"}]},{\"@type\":\"WebSite\",\"@id\":\"https:\/\/www.oknobuild.com\/#website\",\"url\":\"https:\/\/www.oknobuild.com\/\",\"name\":\"\",\"description\":\"\",\"potentialAction\":[{\"@type\":\"SearchAction\",\"target\":{\"@type\":\"EntryPoint\",\"urlTemplate\":\"https:\/\/www.oknobuild.com\/?s={search_term_string}\"},\"query-input\":{\"@type\":\"PropertyValueSpecification\",\"valueRequired\":true,\"valueName\":\"search_term_string\"}}],\"inLanguage\":\"cs\"}]}<\/script>\n<!-- \/ Yoast SEO plugin. -->","yoast_head_json":{"title":"Zna\u010dkov\u00fd UKON\u010cENA V\u00ddROBA MARTHA 54008-3S Stojac\u00ed lampa - GLOBO -","robots":{"index":"index","follow":"follow","max-snippet":"max-snippet:-1","max-image-preview":"max-image-preview:large","max-video-preview":"max-video-preview:-1"},"canonical":"https:\/\/www.oknobuild.com\/index.php\/produkt\/znackovy-ukoncena-vyroba-martha-54008-3s-stojaci-lampa-globo-51578\/","og_locale":"cs_CZ","og_type":"article","og_title":"Zna\u010dkov\u00fd UKON\u010cENA V\u00ddROBA MARTHA 54008-3S Stojac\u00ed lampa - GLOBO -","og_description":"Popis produktu Stojac\u00ed sv\u00edtidlo, \u010dern\u00fd kov, bez st\u00edn\u00edtka, kabel: 1.8m, vyp\u00edna\u010d, \u00f8250, V: 1400, bez \u017e\u00e1rovek 3xE27, max. 60W 230V Stojanov\u00e9 sv\u00edtidlo s v\u00fd\u0161kou 1,4 m dokonale zapadne do modern\u00edho designu bydlen\u00ed. Sv\u00edtidlo je bez st\u00edn\u00edtek. D\u00e9lka kabelu je 1,8 m. S obj\u00edmkami E27 si m\u016f\u017eete zvolit libovoln\u00fd sv\u011bteln\u00fd zdroj (max. 60W) a ur\u010dit si [&hellip;]","og_url":"https:\/\/www.oknobuild.com\/index.php\/produkt\/znackovy-ukoncena-vyroba-martha-54008-3s-stojaci-lampa-globo-51578\/","og_image":[{"width":800,"height":800,"url":"https:\/\/www.oknobuild.com\/wp-content\/uploads\/2026\/SK0013979-CZ20260425-091535-0-1777079743-GLO-54008-3S.webp","type":"image\/webp"}],"twitter_card":"summary_large_image","twitter_misc":{"Odhadovan\u00e1 doba \u010dten\u00ed":"1 minuta"},"schema":{"@context":"https:\/\/schema.org","@graph":[{"@type":"WebPage","@id":"https:\/\/www.oknobuild.com\/index.php\/produkt\/znackovy-ukoncena-vyroba-martha-54008-3s-stojaci-lampa-globo-51578\/","url":"https:\/\/www.oknobuild.com\/index.php\/produkt\/znackovy-ukoncena-vyroba-martha-54008-3s-stojaci-lampa-globo-51578\/","name":"Zna\u010dkov\u00fd UKON\u010cENA V\u00ddROBA MARTHA 54008-3S Stojac\u00ed lampa - GLOBO -","isPartOf":{"@id":"https:\/\/www.oknobuild.com\/#website"},"primaryImageOfPage":{"@id":"https:\/\/www.oknobuild.com\/index.php\/produkt\/znackovy-ukoncena-vyroba-martha-54008-3s-stojaci-lampa-globo-51578\/#primaryimage"},"image":{"@id":"https:\/\/www.oknobuild.com\/index.php\/produkt\/znackovy-ukoncena-vyroba-martha-54008-3s-stojaci-lampa-globo-51578\/#primaryimage"},"thumbnailUrl":"https:\/\/www.oknobuild.com\/wp-content\/uploads\/2026\/SK0013979-CZ20260425-091535-0-1777079743-GLO-54008-3S.webp","datePublished":"2026-04-27T04:42:51+00:00","breadcrumb":{"@id":"https:\/\/www.oknobuild.com\/index.php\/produkt\/znackovy-ukoncena-vyroba-martha-54008-3s-stojaci-lampa-globo-51578\/#breadcrumb"},"inLanguage":"cs","potentialAction":[{"@type":"ReadAction","target":["https:\/\/www.oknobuild.com\/index.php\/produkt\/znackovy-ukoncena-vyroba-martha-54008-3s-stojaci-lampa-globo-51578\/"]}]},{"@type":"ImageObject","inLanguage":"cs","@id":"https:\/\/www.oknobuild.com\/index.php\/produkt\/znackovy-ukoncena-vyroba-martha-54008-3s-stojaci-lampa-globo-51578\/#primaryimage","url":"https:\/\/www.oknobuild.com\/wp-content\/uploads\/2026\/SK0013979-CZ20260425-091535-0-1777079743-GLO-54008-3S.webp","contentUrl":"https:\/\/www.oknobuild.com\/wp-content\/uploads\/2026\/SK0013979-CZ20260425-091535-0-1777079743-GLO-54008-3S.webp","width":800,"height":800},{"@type":"BreadcrumbList","@id":"https:\/\/www.oknobuild.com\/index.php\/produkt\/znackovy-ukoncena-vyroba-martha-54008-3s-stojaci-lampa-globo-51578\/#breadcrumb","itemListElement":[{"@type":"ListItem","position":1,"name":"Home","item":"https:\/\/www.oknobuild.com\/"},{"@type":"ListItem","position":2,"name":"Products","item":"https:\/\/www.oknobuild.com\/index.php\/products\/"},{"@type":"ListItem","position":3,"name":"Zna\u010dkov\u00fd UKON\u010cENA V\u00ddROBA MARTHA 54008-3S Stojac\u00ed lampa &#8211; GLOBO"}]},{"@type":"WebSite","@id":"https:\/\/www.oknobuild.com\/#website","url":"https:\/\/www.oknobuild.com\/","name":"","description":"","potentialAction":[{"@type":"SearchAction","target":{"@type":"EntryPoint","urlTemplate":"https:\/\/www.oknobuild.com\/?s={search_term_string}"},"query-input":{"@type":"PropertyValueSpecification","valueRequired":true,"valueName":"search_term_string"}}],"inLanguage":"cs"}]}},"_links":{"self":[{"href":"https:\/\/www.oknobuild.com\/index.php\/wp-json\/wp\/v2\/product\/51578","targetHints":{"allow":["GET"]}}],"collection":[{"href":"https:\/\/www.oknobuild.com\/index.php\/wp-json\/wp\/v2\/product"}],"about":[{"href":"https:\/\/www.oknobuild.com\/index.php\/wp-json\/wp\/v2\/types\/product"}],"replies":[{"embeddable":true,"href":"https:\/\/www.oknobuild.com\/index.php\/wp-json\/wp\/v2\/comments?post=51578"}],"wp:featuredmedia":[{"embeddable":true,"href":"https:\/\/www.oknobuild.com\/index.php\/wp-json\/wp\/v2\/media\/51678"}],"wp:attachment":[{"href":"https:\/\/www.oknobuild.com\/index.php\/wp-json\/wp\/v2\/media?parent=51578"}],"wp:term":[{"taxonomy":"product_brand","embeddable":true,"href":"https:\/\/www.oknobuild.com\/index.php\/wp-json\/wp\/v2\/product_brand?post=51578"},{"taxonomy":"product_cat","embeddable":true,"href":"https:\/\/www.oknobuild.com\/index.php\/wp-json\/wp\/v2\/product_cat?post=51578"},{"taxonomy":"product_tag","embeddable":true,"href":"https:\/\/www.oknobuild.com\/index.php\/wp-json\/wp\/v2\/product_tag?post=51578"}],"curies":[{"name":"wp","href":"https:\/\/api.w.org\/{rel}","templated":true}]}}