{"id":51694,"date":"2026-04-27T04:42:51","date_gmt":"2026-04-27T04:42:51","guid":{"rendered":""},"modified":"2026-04-27T04:42:51","modified_gmt":"2026-04-27T04:42:51","slug":"akce-priska-54017w-1-nastenne-svitidlo-globo-51694","status":"publish","type":"product","link":"https:\/\/www.oknobuild.com\/index.php\/produkt\/akce-priska-54017w-1-nastenne-svitidlo-globo-51694\/","title":{"rendered":"Akce PRISKA 54017W-1 N\u00e1st\u011bnn\u00e9 sv\u00edtidlo &#8211; GLOBO"},"content":{"rendered":"<h3 class=\"product-h3\">Popis produktu<\/h3>\n<p><p>N\u00e1st\u011bnn\u00e9 sv\u00edtidlo, kov \u010dern\u00fd, plast vzhled d\u0159eva, kovov\u00e1 m\u0159\u00ed\u017eka, \u0160xV: 13x19cm, H:20cm, bez \u017e\u00e1rovky 1xE27, max. 60W 230V<\/p>\n<p>Pokud m\u00e1te r\u00e1di p\u0159\u00edrodn\u00ed materi\u00e1ly, pak jsou spotov\u00e1 sv\u00edtidla ze s\u00e9rie Priska pro v\u00e1s tou pravou volbou. Design n\u00e1st\u011bnn\u00e9ho sv\u00edtidla Priska je tvo\u0159en d\u0159ev\u011bnou platformou a v\u00fdrazn\u00fdm dr\u00e1t\u011bn\u00fdm st\u00edn\u00edtkem ve tvaru diamantu. Obj\u00edmka je vhodn\u00e1 pro \u017e\u00e1rovky E27 o maxim\u00e1ln\u00edm v\u00fdkonu 60W. Sv\u00edtilnu m\u016f\u017eete kombinovat is dal\u0161\u00edmi prvky z t\u00e9to s\u00e9rie.<\/p>\n<\/p><\/div>\n<\/p><\/div>\n<p><\/p>\n<div class=\"top-params\">\n<h3 class=\"product-h3 collapse-header \" data-toggle=\"collapse\" data-target=\"#collapseOne\" aria-expanded=\"true\" aria-controls=\"collapseOne\">Parametry<\/h3>\n<div id=\"collapseOne\" class=\"collapse show\" aria-labelledby=\"headingOne\" data-parent=\"#product-info-accordion1\">\n<table class=\"table-striped\">\n<tr>\n<td>                V\u00fd\u0161ka v mm            <\/td>\n<td>                190            <\/td>\n<\/tr>\n<tr>\n<td>                \u0160\u00ed\u0159ka v mm            <\/td>\n<td>                130            <\/td>\n<\/tr>\n<tr>\n<td>                Hloubka v mm            <\/td>\n<td>                200            <\/td>\n<\/tr>\n<tr>\n<td>                Ochrana IP            <\/td>\n<td>                IP20            <\/td>\n<\/tr>\n<tr>\n<td>                Max. p\u0159\u00edkon sv\u011bteln\u00e9ho zdroje            <\/td>\n<td>                60W            <\/td>\n<\/tr>\n<tr>\n<td>                V\u00fdkon            <\/td>\n<td>                60W            <\/td>\n<\/tr>\n<tr>\n<td>                Nap\u00e1jec\u00ed nap\u011bt\u00ed            <\/td>\n<td>                230V            <\/td>\n<\/tr>\n<tr>\n<td>                Patice            <\/td>\n<td>                E27            <\/td>\n<\/tr>\n<tr>\n<td>                V\u010detn\u011b sv\u011bteln\u00e9ho zdroje            <\/td>\n<td>                ne            <\/td>\n<\/tr>\n<tr>\n<td>                Materi\u00e1l            <\/td>\n<td>                kov \/ kov            <\/td>\n<\/tr>\n<tr>\n<td>                Barva            <\/td>\n<td>                \u010dern\u00e1 \/ \u010dern\u00e1            <\/td>\n<\/tr>\n<tr>\n<td>                Kolekce            <\/td>\n<td>                PRISKA            <\/td>\n<\/tr>\n<tr>\n<td>                Po\u010det sv\u011bteln\u00fdch zdroj\u016f            <\/td>\n<td>                1            <\/td>\n<\/tr>\n<tr>\n<td>                V\u00fdrobce            <\/td>\n<td>                GLOBO            <\/td>\n<\/tr>\n<tr>\n<td>                U v\u00fdrobce dostupn\u00fdch            <\/td>\n<td>                v\u00edce ne\u017e 50                    ks            <\/td>\n<\/tr>\n<\/table>\n<\/div><\/div>\n<\/div>\n<div class=\"accordion\" id=\"product-info-accordion2\">\n","protected":false},"excerpt":{"rendered":"<p>Popis produktu N\u00e1st\u011bnn\u00e9 sv\u00edtidlo, kov \u010dern\u00fd, plast vzhled d\u0159eva, kovov\u00e1 m\u0159\u00ed\u017eka, \u0160xV: 13x19cm, H:20cm, bez \u017e\u00e1rovky 1xE27, max. 60W 230V Pokud m\u00e1te r\u00e1di p\u0159\u00edrodn\u00ed materi\u00e1ly, pak jsou spotov\u00e1 sv\u00edtidla ze s\u00e9rie Priska pro v\u00e1s tou pravou volbou. Design n\u00e1st\u011bnn\u00e9ho sv\u00edtidla Priska je tvo\u0159en d\u0159ev\u011bnou platformou a v\u00fdrazn\u00fdm dr\u00e1t\u011bn\u00fdm st\u00edn\u00edtkem ve tvaru diamantu. Obj\u00edmka je vhodn\u00e1 [&hellip;]<\/p>\n","protected":false},"featured_media":51794,"comment_status":"open","ping_status":"open","template":"","meta":[],"product_brand":[],"product_cat":[32],"product_tag":[],"class_list":{"0":"post-51694","1":"product","2":"type-product","3":"status-publish","4":"has-post-thumbnail","6":"product_cat-interierova-svitidla","8":"first","9":"instock","10":"sale","11":"shipping-taxable","12":"purchasable","13":"product-type-simple"},"yoast_head":"<!-- This site is optimized with the Yoast SEO plugin v26.8 - https:\/\/yoast.com\/product\/yoast-seo-wordpress\/ -->\n<title>Akce PRISKA 54017W-1 N\u00e1st\u011bnn\u00e9 sv\u00edtidlo - GLOBO -<\/title>\n<meta name=\"robots\" content=\"index, follow, max-snippet:-1, max-image-preview:large, max-video-preview:-1\" \/>\n<link rel=\"canonical\" href=\"https:\/\/www.oknobuild.com\/index.php\/produkt\/akce-priska-54017w-1-nastenne-svitidlo-globo-51694\/\" \/>\n<meta property=\"og:locale\" content=\"cs_CZ\" \/>\n<meta property=\"og:type\" content=\"article\" \/>\n<meta property=\"og:title\" content=\"Akce PRISKA 54017W-1 N\u00e1st\u011bnn\u00e9 sv\u00edtidlo - GLOBO -\" \/>\n<meta property=\"og:description\" content=\"Popis produktu N\u00e1st\u011bnn\u00e9 sv\u00edtidlo, kov \u010dern\u00fd, plast vzhled d\u0159eva, kovov\u00e1 m\u0159\u00ed\u017eka, \u0160xV: 13x19cm, H:20cm, bez \u017e\u00e1rovky 1xE27, max. 60W 230V Pokud m\u00e1te r\u00e1di p\u0159\u00edrodn\u00ed materi\u00e1ly, pak jsou spotov\u00e1 sv\u00edtidla ze s\u00e9rie Priska pro v\u00e1s tou pravou volbou. Design n\u00e1st\u011bnn\u00e9ho sv\u00edtidla Priska je tvo\u0159en d\u0159ev\u011bnou platformou a v\u00fdrazn\u00fdm dr\u00e1t\u011bn\u00fdm st\u00edn\u00edtkem ve tvaru diamantu. Obj\u00edmka je vhodn\u00e1 [&hellip;]\" \/>\n<meta property=\"og:url\" content=\"https:\/\/www.oknobuild.com\/index.php\/produkt\/akce-priska-54017w-1-nastenne-svitidlo-globo-51694\/\" \/>\n<meta property=\"og:image\" content=\"https:\/\/www.oknobuild.com\/wp-content\/uploads\/2026\/SK0013995-CZ20260425-091535-0-1777079743-GLO-54017W-1.webp\" \/>\n\t<meta property=\"og:image:width\" content=\"800\" \/>\n\t<meta property=\"og:image:height\" content=\"800\" \/>\n\t<meta property=\"og:image:type\" content=\"image\/webp\" \/>\n<meta name=\"twitter:card\" content=\"summary_large_image\" \/>\n<meta name=\"twitter:label1\" content=\"Odhadovan\u00e1 doba \u010dten\u00ed\" \/>\n\t<meta name=\"twitter:data1\" content=\"1 minuta\" \/>\n<script type=\"application\/ld+json\" class=\"yoast-schema-graph\">{\"@context\":\"https:\/\/schema.org\",\"@graph\":[{\"@type\":\"WebPage\",\"@id\":\"https:\/\/www.oknobuild.com\/index.php\/produkt\/akce-priska-54017w-1-nastenne-svitidlo-globo-51694\/\",\"url\":\"https:\/\/www.oknobuild.com\/index.php\/produkt\/akce-priska-54017w-1-nastenne-svitidlo-globo-51694\/\",\"name\":\"Akce PRISKA 54017W-1 N\u00e1st\u011bnn\u00e9 sv\u00edtidlo - GLOBO -\",\"isPartOf\":{\"@id\":\"https:\/\/www.oknobuild.com\/#website\"},\"primaryImageOfPage\":{\"@id\":\"https:\/\/www.oknobuild.com\/index.php\/produkt\/akce-priska-54017w-1-nastenne-svitidlo-globo-51694\/#primaryimage\"},\"image\":{\"@id\":\"https:\/\/www.oknobuild.com\/index.php\/produkt\/akce-priska-54017w-1-nastenne-svitidlo-globo-51694\/#primaryimage\"},\"thumbnailUrl\":\"https:\/\/www.oknobuild.com\/wp-content\/uploads\/2026\/SK0013995-CZ20260425-091535-0-1777079743-GLO-54017W-1.webp\",\"datePublished\":\"2026-04-27T04:42:51+00:00\",\"breadcrumb\":{\"@id\":\"https:\/\/www.oknobuild.com\/index.php\/produkt\/akce-priska-54017w-1-nastenne-svitidlo-globo-51694\/#breadcrumb\"},\"inLanguage\":\"cs\",\"potentialAction\":[{\"@type\":\"ReadAction\",\"target\":[\"https:\/\/www.oknobuild.com\/index.php\/produkt\/akce-priska-54017w-1-nastenne-svitidlo-globo-51694\/\"]}]},{\"@type\":\"ImageObject\",\"inLanguage\":\"cs\",\"@id\":\"https:\/\/www.oknobuild.com\/index.php\/produkt\/akce-priska-54017w-1-nastenne-svitidlo-globo-51694\/#primaryimage\",\"url\":\"https:\/\/www.oknobuild.com\/wp-content\/uploads\/2026\/SK0013995-CZ20260425-091535-0-1777079743-GLO-54017W-1.webp\",\"contentUrl\":\"https:\/\/www.oknobuild.com\/wp-content\/uploads\/2026\/SK0013995-CZ20260425-091535-0-1777079743-GLO-54017W-1.webp\",\"width\":800,\"height\":800},{\"@type\":\"BreadcrumbList\",\"@id\":\"https:\/\/www.oknobuild.com\/index.php\/produkt\/akce-priska-54017w-1-nastenne-svitidlo-globo-51694\/#breadcrumb\",\"itemListElement\":[{\"@type\":\"ListItem\",\"position\":1,\"name\":\"Home\",\"item\":\"https:\/\/www.oknobuild.com\/\"},{\"@type\":\"ListItem\",\"position\":2,\"name\":\"Products\",\"item\":\"https:\/\/www.oknobuild.com\/index.php\/products\/\"},{\"@type\":\"ListItem\",\"position\":3,\"name\":\"Akce PRISKA 54017W-1 N\u00e1st\u011bnn\u00e9 sv\u00edtidlo &#8211; GLOBO\"}]},{\"@type\":\"WebSite\",\"@id\":\"https:\/\/www.oknobuild.com\/#website\",\"url\":\"https:\/\/www.oknobuild.com\/\",\"name\":\"\",\"description\":\"\",\"potentialAction\":[{\"@type\":\"SearchAction\",\"target\":{\"@type\":\"EntryPoint\",\"urlTemplate\":\"https:\/\/www.oknobuild.com\/?s={search_term_string}\"},\"query-input\":{\"@type\":\"PropertyValueSpecification\",\"valueRequired\":true,\"valueName\":\"search_term_string\"}}],\"inLanguage\":\"cs\"}]}<\/script>\n<!-- \/ Yoast SEO plugin. -->","yoast_head_json":{"title":"Akce PRISKA 54017W-1 N\u00e1st\u011bnn\u00e9 sv\u00edtidlo - GLOBO -","robots":{"index":"index","follow":"follow","max-snippet":"max-snippet:-1","max-image-preview":"max-image-preview:large","max-video-preview":"max-video-preview:-1"},"canonical":"https:\/\/www.oknobuild.com\/index.php\/produkt\/akce-priska-54017w-1-nastenne-svitidlo-globo-51694\/","og_locale":"cs_CZ","og_type":"article","og_title":"Akce PRISKA 54017W-1 N\u00e1st\u011bnn\u00e9 sv\u00edtidlo - GLOBO -","og_description":"Popis produktu N\u00e1st\u011bnn\u00e9 sv\u00edtidlo, kov \u010dern\u00fd, plast vzhled d\u0159eva, kovov\u00e1 m\u0159\u00ed\u017eka, \u0160xV: 13x19cm, H:20cm, bez \u017e\u00e1rovky 1xE27, max. 60W 230V Pokud m\u00e1te r\u00e1di p\u0159\u00edrodn\u00ed materi\u00e1ly, pak jsou spotov\u00e1 sv\u00edtidla ze s\u00e9rie Priska pro v\u00e1s tou pravou volbou. Design n\u00e1st\u011bnn\u00e9ho sv\u00edtidla Priska je tvo\u0159en d\u0159ev\u011bnou platformou a v\u00fdrazn\u00fdm dr\u00e1t\u011bn\u00fdm st\u00edn\u00edtkem ve tvaru diamantu. Obj\u00edmka je vhodn\u00e1 [&hellip;]","og_url":"https:\/\/www.oknobuild.com\/index.php\/produkt\/akce-priska-54017w-1-nastenne-svitidlo-globo-51694\/","og_image":[{"width":800,"height":800,"url":"https:\/\/www.oknobuild.com\/wp-content\/uploads\/2026\/SK0013995-CZ20260425-091535-0-1777079743-GLO-54017W-1.webp","type":"image\/webp"}],"twitter_card":"summary_large_image","twitter_misc":{"Odhadovan\u00e1 doba \u010dten\u00ed":"1 minuta"},"schema":{"@context":"https:\/\/schema.org","@graph":[{"@type":"WebPage","@id":"https:\/\/www.oknobuild.com\/index.php\/produkt\/akce-priska-54017w-1-nastenne-svitidlo-globo-51694\/","url":"https:\/\/www.oknobuild.com\/index.php\/produkt\/akce-priska-54017w-1-nastenne-svitidlo-globo-51694\/","name":"Akce PRISKA 54017W-1 N\u00e1st\u011bnn\u00e9 sv\u00edtidlo - GLOBO -","isPartOf":{"@id":"https:\/\/www.oknobuild.com\/#website"},"primaryImageOfPage":{"@id":"https:\/\/www.oknobuild.com\/index.php\/produkt\/akce-priska-54017w-1-nastenne-svitidlo-globo-51694\/#primaryimage"},"image":{"@id":"https:\/\/www.oknobuild.com\/index.php\/produkt\/akce-priska-54017w-1-nastenne-svitidlo-globo-51694\/#primaryimage"},"thumbnailUrl":"https:\/\/www.oknobuild.com\/wp-content\/uploads\/2026\/SK0013995-CZ20260425-091535-0-1777079743-GLO-54017W-1.webp","datePublished":"2026-04-27T04:42:51+00:00","breadcrumb":{"@id":"https:\/\/www.oknobuild.com\/index.php\/produkt\/akce-priska-54017w-1-nastenne-svitidlo-globo-51694\/#breadcrumb"},"inLanguage":"cs","potentialAction":[{"@type":"ReadAction","target":["https:\/\/www.oknobuild.com\/index.php\/produkt\/akce-priska-54017w-1-nastenne-svitidlo-globo-51694\/"]}]},{"@type":"ImageObject","inLanguage":"cs","@id":"https:\/\/www.oknobuild.com\/index.php\/produkt\/akce-priska-54017w-1-nastenne-svitidlo-globo-51694\/#primaryimage","url":"https:\/\/www.oknobuild.com\/wp-content\/uploads\/2026\/SK0013995-CZ20260425-091535-0-1777079743-GLO-54017W-1.webp","contentUrl":"https:\/\/www.oknobuild.com\/wp-content\/uploads\/2026\/SK0013995-CZ20260425-091535-0-1777079743-GLO-54017W-1.webp","width":800,"height":800},{"@type":"BreadcrumbList","@id":"https:\/\/www.oknobuild.com\/index.php\/produkt\/akce-priska-54017w-1-nastenne-svitidlo-globo-51694\/#breadcrumb","itemListElement":[{"@type":"ListItem","position":1,"name":"Home","item":"https:\/\/www.oknobuild.com\/"},{"@type":"ListItem","position":2,"name":"Products","item":"https:\/\/www.oknobuild.com\/index.php\/products\/"},{"@type":"ListItem","position":3,"name":"Akce PRISKA 54017W-1 N\u00e1st\u011bnn\u00e9 sv\u00edtidlo &#8211; GLOBO"}]},{"@type":"WebSite","@id":"https:\/\/www.oknobuild.com\/#website","url":"https:\/\/www.oknobuild.com\/","name":"","description":"","potentialAction":[{"@type":"SearchAction","target":{"@type":"EntryPoint","urlTemplate":"https:\/\/www.oknobuild.com\/?s={search_term_string}"},"query-input":{"@type":"PropertyValueSpecification","valueRequired":true,"valueName":"search_term_string"}}],"inLanguage":"cs"}]}},"_links":{"self":[{"href":"https:\/\/www.oknobuild.com\/index.php\/wp-json\/wp\/v2\/product\/51694","targetHints":{"allow":["GET"]}}],"collection":[{"href":"https:\/\/www.oknobuild.com\/index.php\/wp-json\/wp\/v2\/product"}],"about":[{"href":"https:\/\/www.oknobuild.com\/index.php\/wp-json\/wp\/v2\/types\/product"}],"replies":[{"embeddable":true,"href":"https:\/\/www.oknobuild.com\/index.php\/wp-json\/wp\/v2\/comments?post=51694"}],"wp:featuredmedia":[{"embeddable":true,"href":"https:\/\/www.oknobuild.com\/index.php\/wp-json\/wp\/v2\/media\/51794"}],"wp:attachment":[{"href":"https:\/\/www.oknobuild.com\/index.php\/wp-json\/wp\/v2\/media?parent=51694"}],"wp:term":[{"taxonomy":"product_brand","embeddable":true,"href":"https:\/\/www.oknobuild.com\/index.php\/wp-json\/wp\/v2\/product_brand?post=51694"},{"taxonomy":"product_cat","embeddable":true,"href":"https:\/\/www.oknobuild.com\/index.php\/wp-json\/wp\/v2\/product_cat?post=51694"},{"taxonomy":"product_tag","embeddable":true,"href":"https:\/\/www.oknobuild.com\/index.php\/wp-json\/wp\/v2\/product_tag?post=51694"}],"curies":[{"name":"wp","href":"https:\/\/api.w.org\/{rel}","templated":true}]}}