{"id":51712,"date":"2026-04-27T04:42:51","date_gmt":"2026-04-27T04:42:51","guid":{"rendered":""},"modified":"2026-04-27T04:42:51","modified_gmt":"2026-04-27T04:42:51","slug":"akcni-cena-fiastra-54028-4-stropni-svitidlo-globo-51712","status":"publish","type":"product","link":"https:\/\/www.oknobuild.com\/index.php\/produkt\/akcni-cena-fiastra-54028-4-stropni-svitidlo-globo-51712\/","title":{"rendered":"Ak\u010dn\u00ed Cena FIASTRA 54028-4 Stropn\u00ed sv\u00edtidlo &#8211; GLOBO"},"content":{"rendered":"<h3 class=\"product-h3\">Popis produktu<\/h3>\n<p><p>Stropn\u00ed sv\u00edtidlo, kov \u010dern\u00fd, mosaz, st\u00edn\u00edtko &#8211; kovov\u00e1 m\u0159\u00ed\u017eka, nastaviteln\u00e9, Dx\u0160xV: 60x80x150, bez \u017e\u00e1rovek 4xE14, max. 40W 230V<\/p>\n<p>Toto stropn\u00ed bodov\u00e9 sv\u00edtidlo ze s\u00e9rie Fiastra zaujme elegantn\u00edm designem z \u010dern\u00e9ho matn\u00e9ho kovu a staro\u017eitn\u00e9 mosazi. \u010cty\u0159i kovov\u00e1 m\u0159\u00ed\u017ekov\u00e1 st\u00edn\u00edtka mohou b\u00fdt ka\u017ed\u00e1 vybavena \u017e\u00e1rovkou E14 dle va\u0161eho v\u00fdb\u011bru, kter\u00e1 je pot\u00e9 um\u00edst\u011bna do obj\u00edmek or\u00e1movan\u00fdch kr\u00e1snou staro\u017eitnou mosaz\u00ed. To v\u00e1m d\u00e1v\u00e1 p\u0159\u00edle\u017eitost ur\u010dit si barvu sv\u011btla a jas, jak si p\u0159ejete, a vytvo\u0159it stylov\u00e9 prost\u0159ed\u00ed ve va\u0161em interi\u00e9ru.<\/p>\n<\/p><\/div>\n<\/p><\/div>\n<p><\/p>\n<div class=\"top-params\">\n<h3 class=\"product-h3 collapse-header \" data-toggle=\"collapse\" data-target=\"#collapseOne\" aria-expanded=\"true\" aria-controls=\"collapseOne\">Parametry<\/h3>\n<div id=\"collapseOne\" class=\"collapse show\" aria-labelledby=\"headingOne\" data-parent=\"#product-info-accordion1\">\n<table class=\"table-striped\">\n<tr>\n<td>                V\u00fd\u0161ka v mm            <\/td>\n<td>                150            <\/td>\n<\/tr>\n<tr>\n<td>                \u0160\u00ed\u0159ka v mm            <\/td>\n<td>                80            <\/td>\n<\/tr>\n<tr>\n<td>                D\u00e9lka v mm            <\/td>\n<td>                60            <\/td>\n<\/tr>\n<tr>\n<td>                Ochrana IP            <\/td>\n<td>                IP20            <\/td>\n<\/tr>\n<tr>\n<td>                Max. p\u0159\u00edkon sv\u011bteln\u00e9ho zdroje            <\/td>\n<td>                40W            <\/td>\n<\/tr>\n<tr>\n<td>                V\u00fdkon            <\/td>\n<td>                160W            <\/td>\n<\/tr>\n<tr>\n<td>                Nap\u00e1jec\u00ed nap\u011bt\u00ed            <\/td>\n<td>                230V            <\/td>\n<\/tr>\n<tr>\n<td>                Patice            <\/td>\n<td>                E14            <\/td>\n<\/tr>\n<tr>\n<td>                V\u010detn\u011b sv\u011bteln\u00e9ho zdroje            <\/td>\n<td>                ne            <\/td>\n<\/tr>\n<tr>\n<td>                Kolekce            <\/td>\n<td>                FIASTRA            <\/td>\n<\/tr>\n<tr>\n<td>                Po\u010det sv\u011bteln\u00fdch zdroj\u016f            <\/td>\n<td>                4            <\/td>\n<\/tr>\n<tr>\n<td>                V\u00fdrobce            <\/td>\n<td>                GLOBO            <\/td>\n<\/tr>\n<tr>\n<td>                Materi\u00e1l            <\/td>\n<td>                kov            <\/td>\n<\/tr>\n<tr>\n<td>                Barva            <\/td>\n<td>                \u010dern\u00e1            <\/td>\n<\/tr>\n<tr>\n<td>                U v\u00fdrobce dostupn\u00fdch            <\/td>\n<td>                1                    ks            <\/td>\n<\/tr>\n<\/table>\n<\/div><\/div>\n<\/div>\n<div class=\"accordion\" id=\"product-info-accordion2\">\n","protected":false},"excerpt":{"rendered":"<p>Popis produktu Stropn\u00ed sv\u00edtidlo, kov \u010dern\u00fd, mosaz, st\u00edn\u00edtko &#8211; kovov\u00e1 m\u0159\u00ed\u017eka, nastaviteln\u00e9, Dx\u0160xV: 60x80x150, bez \u017e\u00e1rovek 4xE14, max. 40W 230V Toto stropn\u00ed bodov\u00e9 sv\u00edtidlo ze s\u00e9rie Fiastra zaujme elegantn\u00edm designem z \u010dern\u00e9ho matn\u00e9ho kovu a staro\u017eitn\u00e9 mosazi. \u010cty\u0159i kovov\u00e1 m\u0159\u00ed\u017ekov\u00e1 st\u00edn\u00edtka mohou b\u00fdt ka\u017ed\u00e1 vybavena \u017e\u00e1rovkou E14 dle va\u0161eho v\u00fdb\u011bru, kter\u00e1 je pot\u00e9 um\u00edst\u011bna do [&hellip;]<\/p>\n","protected":false},"featured_media":51812,"comment_status":"open","ping_status":"open","template":"","meta":[],"product_brand":[],"product_cat":[32],"product_tag":[],"class_list":{"0":"post-51712","1":"product","2":"type-product","3":"status-publish","4":"has-post-thumbnail","6":"product_cat-interierova-svitidla","8":"first","9":"instock","10":"sale","11":"shipping-taxable","12":"purchasable","13":"product-type-simple"},"yoast_head":"<!-- This site is optimized with the Yoast SEO plugin v26.8 - https:\/\/yoast.com\/product\/yoast-seo-wordpress\/ -->\n<title>Ak\u010dn\u00ed Cena FIASTRA 54028-4 Stropn\u00ed sv\u00edtidlo - GLOBO -<\/title>\n<meta name=\"robots\" content=\"index, follow, max-snippet:-1, max-image-preview:large, max-video-preview:-1\" \/>\n<link rel=\"canonical\" href=\"https:\/\/www.oknobuild.com\/index.php\/produkt\/akcni-cena-fiastra-54028-4-stropni-svitidlo-globo-51712\/\" \/>\n<meta property=\"og:locale\" content=\"cs_CZ\" \/>\n<meta property=\"og:type\" content=\"article\" \/>\n<meta property=\"og:title\" content=\"Ak\u010dn\u00ed Cena FIASTRA 54028-4 Stropn\u00ed sv\u00edtidlo - GLOBO -\" \/>\n<meta property=\"og:description\" content=\"Popis produktu Stropn\u00ed sv\u00edtidlo, kov \u010dern\u00fd, mosaz, st\u00edn\u00edtko &#8211; kovov\u00e1 m\u0159\u00ed\u017eka, nastaviteln\u00e9, Dx\u0160xV: 60x80x150, bez \u017e\u00e1rovek 4xE14, max. 40W 230V Toto stropn\u00ed bodov\u00e9 sv\u00edtidlo ze s\u00e9rie Fiastra zaujme elegantn\u00edm designem z \u010dern\u00e9ho matn\u00e9ho kovu a staro\u017eitn\u00e9 mosazi. \u010cty\u0159i kovov\u00e1 m\u0159\u00ed\u017ekov\u00e1 st\u00edn\u00edtka mohou b\u00fdt ka\u017ed\u00e1 vybavena \u017e\u00e1rovkou E14 dle va\u0161eho v\u00fdb\u011bru, kter\u00e1 je pot\u00e9 um\u00edst\u011bna do [&hellip;]\" \/>\n<meta property=\"og:url\" content=\"https:\/\/www.oknobuild.com\/index.php\/produkt\/akcni-cena-fiastra-54028-4-stropni-svitidlo-globo-51712\/\" \/>\n<meta property=\"og:image\" content=\"https:\/\/www.oknobuild.com\/wp-content\/uploads\/2026\/SK0014013-CZ20260425-091535-0-1777079743-GLO-54028-4.webp\" \/>\n\t<meta property=\"og:image:width\" content=\"800\" \/>\n\t<meta property=\"og:image:height\" content=\"800\" \/>\n\t<meta property=\"og:image:type\" content=\"image\/webp\" \/>\n<meta name=\"twitter:card\" content=\"summary_large_image\" \/>\n<meta name=\"twitter:label1\" content=\"Odhadovan\u00e1 doba \u010dten\u00ed\" \/>\n\t<meta name=\"twitter:data1\" content=\"1 minuta\" \/>\n<script type=\"application\/ld+json\" class=\"yoast-schema-graph\">{\"@context\":\"https:\/\/schema.org\",\"@graph\":[{\"@type\":\"WebPage\",\"@id\":\"https:\/\/www.oknobuild.com\/index.php\/produkt\/akcni-cena-fiastra-54028-4-stropni-svitidlo-globo-51712\/\",\"url\":\"https:\/\/www.oknobuild.com\/index.php\/produkt\/akcni-cena-fiastra-54028-4-stropni-svitidlo-globo-51712\/\",\"name\":\"Ak\u010dn\u00ed Cena FIASTRA 54028-4 Stropn\u00ed sv\u00edtidlo - GLOBO -\",\"isPartOf\":{\"@id\":\"https:\/\/www.oknobuild.com\/#website\"},\"primaryImageOfPage\":{\"@id\":\"https:\/\/www.oknobuild.com\/index.php\/produkt\/akcni-cena-fiastra-54028-4-stropni-svitidlo-globo-51712\/#primaryimage\"},\"image\":{\"@id\":\"https:\/\/www.oknobuild.com\/index.php\/produkt\/akcni-cena-fiastra-54028-4-stropni-svitidlo-globo-51712\/#primaryimage\"},\"thumbnailUrl\":\"https:\/\/www.oknobuild.com\/wp-content\/uploads\/2026\/SK0014013-CZ20260425-091535-0-1777079743-GLO-54028-4.webp\",\"datePublished\":\"2026-04-27T04:42:51+00:00\",\"breadcrumb\":{\"@id\":\"https:\/\/www.oknobuild.com\/index.php\/produkt\/akcni-cena-fiastra-54028-4-stropni-svitidlo-globo-51712\/#breadcrumb\"},\"inLanguage\":\"cs\",\"potentialAction\":[{\"@type\":\"ReadAction\",\"target\":[\"https:\/\/www.oknobuild.com\/index.php\/produkt\/akcni-cena-fiastra-54028-4-stropni-svitidlo-globo-51712\/\"]}]},{\"@type\":\"ImageObject\",\"inLanguage\":\"cs\",\"@id\":\"https:\/\/www.oknobuild.com\/index.php\/produkt\/akcni-cena-fiastra-54028-4-stropni-svitidlo-globo-51712\/#primaryimage\",\"url\":\"https:\/\/www.oknobuild.com\/wp-content\/uploads\/2026\/SK0014013-CZ20260425-091535-0-1777079743-GLO-54028-4.webp\",\"contentUrl\":\"https:\/\/www.oknobuild.com\/wp-content\/uploads\/2026\/SK0014013-CZ20260425-091535-0-1777079743-GLO-54028-4.webp\",\"width\":800,\"height\":800},{\"@type\":\"BreadcrumbList\",\"@id\":\"https:\/\/www.oknobuild.com\/index.php\/produkt\/akcni-cena-fiastra-54028-4-stropni-svitidlo-globo-51712\/#breadcrumb\",\"itemListElement\":[{\"@type\":\"ListItem\",\"position\":1,\"name\":\"Home\",\"item\":\"https:\/\/www.oknobuild.com\/\"},{\"@type\":\"ListItem\",\"position\":2,\"name\":\"Products\",\"item\":\"https:\/\/www.oknobuild.com\/index.php\/products\/\"},{\"@type\":\"ListItem\",\"position\":3,\"name\":\"Ak\u010dn\u00ed Cena FIASTRA 54028-4 Stropn\u00ed sv\u00edtidlo &#8211; GLOBO\"}]},{\"@type\":\"WebSite\",\"@id\":\"https:\/\/www.oknobuild.com\/#website\",\"url\":\"https:\/\/www.oknobuild.com\/\",\"name\":\"\",\"description\":\"\",\"potentialAction\":[{\"@type\":\"SearchAction\",\"target\":{\"@type\":\"EntryPoint\",\"urlTemplate\":\"https:\/\/www.oknobuild.com\/?s={search_term_string}\"},\"query-input\":{\"@type\":\"PropertyValueSpecification\",\"valueRequired\":true,\"valueName\":\"search_term_string\"}}],\"inLanguage\":\"cs\"}]}<\/script>\n<!-- \/ Yoast SEO plugin. -->","yoast_head_json":{"title":"Ak\u010dn\u00ed Cena FIASTRA 54028-4 Stropn\u00ed sv\u00edtidlo - GLOBO -","robots":{"index":"index","follow":"follow","max-snippet":"max-snippet:-1","max-image-preview":"max-image-preview:large","max-video-preview":"max-video-preview:-1"},"canonical":"https:\/\/www.oknobuild.com\/index.php\/produkt\/akcni-cena-fiastra-54028-4-stropni-svitidlo-globo-51712\/","og_locale":"cs_CZ","og_type":"article","og_title":"Ak\u010dn\u00ed Cena FIASTRA 54028-4 Stropn\u00ed sv\u00edtidlo - GLOBO -","og_description":"Popis produktu Stropn\u00ed sv\u00edtidlo, kov \u010dern\u00fd, mosaz, st\u00edn\u00edtko &#8211; kovov\u00e1 m\u0159\u00ed\u017eka, nastaviteln\u00e9, Dx\u0160xV: 60x80x150, bez \u017e\u00e1rovek 4xE14, max. 40W 230V Toto stropn\u00ed bodov\u00e9 sv\u00edtidlo ze s\u00e9rie Fiastra zaujme elegantn\u00edm designem z \u010dern\u00e9ho matn\u00e9ho kovu a staro\u017eitn\u00e9 mosazi. \u010cty\u0159i kovov\u00e1 m\u0159\u00ed\u017ekov\u00e1 st\u00edn\u00edtka mohou b\u00fdt ka\u017ed\u00e1 vybavena \u017e\u00e1rovkou E14 dle va\u0161eho v\u00fdb\u011bru, kter\u00e1 je pot\u00e9 um\u00edst\u011bna do [&hellip;]","og_url":"https:\/\/www.oknobuild.com\/index.php\/produkt\/akcni-cena-fiastra-54028-4-stropni-svitidlo-globo-51712\/","og_image":[{"width":800,"height":800,"url":"https:\/\/www.oknobuild.com\/wp-content\/uploads\/2026\/SK0014013-CZ20260425-091535-0-1777079743-GLO-54028-4.webp","type":"image\/webp"}],"twitter_card":"summary_large_image","twitter_misc":{"Odhadovan\u00e1 doba \u010dten\u00ed":"1 minuta"},"schema":{"@context":"https:\/\/schema.org","@graph":[{"@type":"WebPage","@id":"https:\/\/www.oknobuild.com\/index.php\/produkt\/akcni-cena-fiastra-54028-4-stropni-svitidlo-globo-51712\/","url":"https:\/\/www.oknobuild.com\/index.php\/produkt\/akcni-cena-fiastra-54028-4-stropni-svitidlo-globo-51712\/","name":"Ak\u010dn\u00ed Cena FIASTRA 54028-4 Stropn\u00ed sv\u00edtidlo - GLOBO -","isPartOf":{"@id":"https:\/\/www.oknobuild.com\/#website"},"primaryImageOfPage":{"@id":"https:\/\/www.oknobuild.com\/index.php\/produkt\/akcni-cena-fiastra-54028-4-stropni-svitidlo-globo-51712\/#primaryimage"},"image":{"@id":"https:\/\/www.oknobuild.com\/index.php\/produkt\/akcni-cena-fiastra-54028-4-stropni-svitidlo-globo-51712\/#primaryimage"},"thumbnailUrl":"https:\/\/www.oknobuild.com\/wp-content\/uploads\/2026\/SK0014013-CZ20260425-091535-0-1777079743-GLO-54028-4.webp","datePublished":"2026-04-27T04:42:51+00:00","breadcrumb":{"@id":"https:\/\/www.oknobuild.com\/index.php\/produkt\/akcni-cena-fiastra-54028-4-stropni-svitidlo-globo-51712\/#breadcrumb"},"inLanguage":"cs","potentialAction":[{"@type":"ReadAction","target":["https:\/\/www.oknobuild.com\/index.php\/produkt\/akcni-cena-fiastra-54028-4-stropni-svitidlo-globo-51712\/"]}]},{"@type":"ImageObject","inLanguage":"cs","@id":"https:\/\/www.oknobuild.com\/index.php\/produkt\/akcni-cena-fiastra-54028-4-stropni-svitidlo-globo-51712\/#primaryimage","url":"https:\/\/www.oknobuild.com\/wp-content\/uploads\/2026\/SK0014013-CZ20260425-091535-0-1777079743-GLO-54028-4.webp","contentUrl":"https:\/\/www.oknobuild.com\/wp-content\/uploads\/2026\/SK0014013-CZ20260425-091535-0-1777079743-GLO-54028-4.webp","width":800,"height":800},{"@type":"BreadcrumbList","@id":"https:\/\/www.oknobuild.com\/index.php\/produkt\/akcni-cena-fiastra-54028-4-stropni-svitidlo-globo-51712\/#breadcrumb","itemListElement":[{"@type":"ListItem","position":1,"name":"Home","item":"https:\/\/www.oknobuild.com\/"},{"@type":"ListItem","position":2,"name":"Products","item":"https:\/\/www.oknobuild.com\/index.php\/products\/"},{"@type":"ListItem","position":3,"name":"Ak\u010dn\u00ed Cena FIASTRA 54028-4 Stropn\u00ed sv\u00edtidlo &#8211; GLOBO"}]},{"@type":"WebSite","@id":"https:\/\/www.oknobuild.com\/#website","url":"https:\/\/www.oknobuild.com\/","name":"","description":"","potentialAction":[{"@type":"SearchAction","target":{"@type":"EntryPoint","urlTemplate":"https:\/\/www.oknobuild.com\/?s={search_term_string}"},"query-input":{"@type":"PropertyValueSpecification","valueRequired":true,"valueName":"search_term_string"}}],"inLanguage":"cs"}]}},"_links":{"self":[{"href":"https:\/\/www.oknobuild.com\/index.php\/wp-json\/wp\/v2\/product\/51712","targetHints":{"allow":["GET"]}}],"collection":[{"href":"https:\/\/www.oknobuild.com\/index.php\/wp-json\/wp\/v2\/product"}],"about":[{"href":"https:\/\/www.oknobuild.com\/index.php\/wp-json\/wp\/v2\/types\/product"}],"replies":[{"embeddable":true,"href":"https:\/\/www.oknobuild.com\/index.php\/wp-json\/wp\/v2\/comments?post=51712"}],"wp:featuredmedia":[{"embeddable":true,"href":"https:\/\/www.oknobuild.com\/index.php\/wp-json\/wp\/v2\/media\/51812"}],"wp:attachment":[{"href":"https:\/\/www.oknobuild.com\/index.php\/wp-json\/wp\/v2\/media?parent=51712"}],"wp:term":[{"taxonomy":"product_brand","embeddable":true,"href":"https:\/\/www.oknobuild.com\/index.php\/wp-json\/wp\/v2\/product_brand?post=51712"},{"taxonomy":"product_cat","embeddable":true,"href":"https:\/\/www.oknobuild.com\/index.php\/wp-json\/wp\/v2\/product_cat?post=51712"},{"taxonomy":"product_tag","embeddable":true,"href":"https:\/\/www.oknobuild.com\/index.php\/wp-json\/wp\/v2\/product_tag?post=51712"}],"curies":[{"name":"wp","href":"https:\/\/api.w.org\/{rel}","templated":true}]}}