{"id":51741,"date":"2026-04-27T04:42:51","date_gmt":"2026-04-27T04:42:51","guid":{"rendered":""},"modified":"2026-04-27T04:42:51","modified_gmt":"2026-04-27T04:42:51","slug":"akce-svitidlo-stropni-jowita-54050-3-globo-51741","status":"publish","type":"product","link":"https:\/\/www.oknobuild.com\/index.php\/produkt\/akce-svitidlo-stropni-jowita-54050-3-globo-51741\/","title":{"rendered":"Akce Sv\u00edtidlo stropn\u00ed JOWITA 54050-3  &#8211; GLOBO"},"content":{"rendered":"<h3 class=\"product-h3\">Popis produktu<\/h3>\n<p><p>Stropn\u00ed sv\u00edtidlo, kov b\u00edl\u00fd a \u010dern\u00fd, keramika b\u00edl\u00e1 a \u010dern\u00e1, \u00d8290, V: 250, bez \u017e\u00e1rovek 3xE27, max. 40W 230V<\/p>\n<p>Toto stropn\u00ed bodov\u00e9 sv\u00edtidlo ze s\u00e9rie Jowita \u00d829cm je d\u00edky sv\u00e9mu jednoduch\u00e9mu designu z b\u00edl\u00e9ho kovu a keramiky n\u00e1dhern\u00fdm dopl\u0148kem va\u0161eho vnit\u0159n\u00edho prostoru. Do st\u00edn\u00edtek lze pou\u017e\u00edt \u017e\u00e1rovky E27 dle va\u0161eho v\u00fdb\u011bru, kter\u00e9 se vejdou do obj\u00edmek oto\u010dn\u00fdch st\u00edn\u00edtek. To v\u00e1m d\u00e1v\u00e1 mo\u017enost ur\u010dit barvu sv\u011btla a jas individu\u00e1ln\u011b. S n\u011bkolika modely ze s\u00e9rie Jowita m\u016f\u017eete ve sv\u00e9m interi\u00e9ru vytvo\u0159it \u00fatuln\u00e9 a stylov\u00e9 prost\u0159ed\u00ed a dotvo\u0159it celkov\u00fd obraz.<\/p>\n<\/p><\/div>\n<\/p><\/div>\n<p><\/p>\n<div class=\"top-params\">\n<h3 class=\"product-h3 collapse-header \" data-toggle=\"collapse\" data-target=\"#collapseOne\" aria-expanded=\"true\" aria-controls=\"collapseOne\">Parametry<\/h3>\n<div id=\"collapseOne\" class=\"collapse show\" aria-labelledby=\"headingOne\" data-parent=\"#product-info-accordion1\">\n<table class=\"table-striped\">\n<tr>\n<td>                V\u00fd\u0161ka v mm            <\/td>\n<td>                250            <\/td>\n<\/tr>\n<tr>\n<td>                Pr\u016fm\u011br v mm            <\/td>\n<td>                290            <\/td>\n<\/tr>\n<tr>\n<td>                Ochrana IP            <\/td>\n<td>                IP20            <\/td>\n<\/tr>\n<tr>\n<td>                Max. p\u0159\u00edkon sv\u011bteln\u00e9ho zdroje            <\/td>\n<td>                40W            <\/td>\n<\/tr>\n<tr>\n<td>                V\u00fdkon            <\/td>\n<td>                120W            <\/td>\n<\/tr>\n<tr>\n<td>                Nap\u00e1jec\u00ed nap\u011bt\u00ed            <\/td>\n<td>                230V            <\/td>\n<\/tr>\n<tr>\n<td>                Patice            <\/td>\n<td>                E27            <\/td>\n<\/tr>\n<tr>\n<td>                V\u010detn\u011b sv\u011bteln\u00e9ho zdroje            <\/td>\n<td>                ne            <\/td>\n<\/tr>\n<tr>\n<td>                Materi\u00e1l            <\/td>\n<td>                kov \/ porcel\u00e1n            <\/td>\n<\/tr>\n<tr>\n<td>                Kolekce            <\/td>\n<td>                JOWITA            <\/td>\n<\/tr>\n<tr>\n<td>                Po\u010det sv\u011bteln\u00fdch zdroj\u016f            <\/td>\n<td>                3            <\/td>\n<\/tr>\n<tr>\n<td>                V\u00fdrobce            <\/td>\n<td>                GLOBO            <\/td>\n<\/tr>\n<tr>\n<td>                Barva            <\/td>\n<td>                b\u00edl\u00e1            <\/td>\n<\/tr>\n<tr>\n<td>                U v\u00fdrobce dostupn\u00fdch            <\/td>\n<td>                v\u00edce ne\u017e 50                    ks            <\/td>\n<\/tr>\n<\/table>\n<\/div><\/div>\n<\/div>\n<div class=\"accordion\" id=\"product-info-accordion2\">\n","protected":false},"excerpt":{"rendered":"<p>Popis produktu Stropn\u00ed sv\u00edtidlo, kov b\u00edl\u00fd a \u010dern\u00fd, keramika b\u00edl\u00e1 a \u010dern\u00e1, \u00d8290, V: 250, bez \u017e\u00e1rovek 3xE27, max. 40W 230V Toto stropn\u00ed bodov\u00e9 sv\u00edtidlo ze s\u00e9rie Jowita \u00d829cm je d\u00edky sv\u00e9mu jednoduch\u00e9mu designu z b\u00edl\u00e9ho kovu a keramiky n\u00e1dhern\u00fdm dopl\u0148kem va\u0161eho vnit\u0159n\u00edho prostoru. Do st\u00edn\u00edtek lze pou\u017e\u00edt \u017e\u00e1rovky E27 dle va\u0161eho v\u00fdb\u011bru, kter\u00e9 se [&hellip;]<\/p>\n","protected":false},"featured_media":51841,"comment_status":"open","ping_status":"open","template":"","meta":[],"product_brand":[],"product_cat":[32],"product_tag":[],"class_list":{"0":"post-51741","1":"product","2":"type-product","3":"status-publish","4":"has-post-thumbnail","6":"product_cat-interierova-svitidla","8":"first","9":"instock","10":"sale","11":"shipping-taxable","12":"purchasable","13":"product-type-simple"},"yoast_head":"<!-- This site is optimized with the Yoast SEO plugin v26.8 - https:\/\/yoast.com\/product\/yoast-seo-wordpress\/ -->\n<title>Akce Sv\u00edtidlo stropn\u00ed JOWITA 54050-3 - GLOBO -<\/title>\n<meta name=\"robots\" content=\"index, follow, max-snippet:-1, max-image-preview:large, max-video-preview:-1\" \/>\n<link rel=\"canonical\" href=\"https:\/\/www.oknobuild.com\/index.php\/produkt\/akce-svitidlo-stropni-jowita-54050-3-globo-51741\/\" \/>\n<meta property=\"og:locale\" content=\"cs_CZ\" \/>\n<meta property=\"og:type\" content=\"article\" \/>\n<meta property=\"og:title\" content=\"Akce Sv\u00edtidlo stropn\u00ed JOWITA 54050-3 - GLOBO -\" \/>\n<meta property=\"og:description\" content=\"Popis produktu Stropn\u00ed sv\u00edtidlo, kov b\u00edl\u00fd a \u010dern\u00fd, keramika b\u00edl\u00e1 a \u010dern\u00e1, \u00d8290, V: 250, bez \u017e\u00e1rovek 3xE27, max. 40W 230V Toto stropn\u00ed bodov\u00e9 sv\u00edtidlo ze s\u00e9rie Jowita \u00d829cm je d\u00edky sv\u00e9mu jednoduch\u00e9mu designu z b\u00edl\u00e9ho kovu a keramiky n\u00e1dhern\u00fdm dopl\u0148kem va\u0161eho vnit\u0159n\u00edho prostoru. Do st\u00edn\u00edtek lze pou\u017e\u00edt \u017e\u00e1rovky E27 dle va\u0161eho v\u00fdb\u011bru, kter\u00e9 se [&hellip;]\" \/>\n<meta property=\"og:url\" content=\"https:\/\/www.oknobuild.com\/index.php\/produkt\/akce-svitidlo-stropni-jowita-54050-3-globo-51741\/\" \/>\n<meta property=\"og:image\" content=\"https:\/\/www.oknobuild.com\/wp-content\/uploads\/2026\/SK0014042-CZ20260425-091535-0-1777079743-GLO-54050-3.webp\" \/>\n\t<meta property=\"og:image:width\" content=\"800\" \/>\n\t<meta property=\"og:image:height\" content=\"800\" \/>\n\t<meta property=\"og:image:type\" content=\"image\/webp\" \/>\n<meta name=\"twitter:card\" content=\"summary_large_image\" \/>\n<meta name=\"twitter:label1\" content=\"Odhadovan\u00e1 doba \u010dten\u00ed\" \/>\n\t<meta name=\"twitter:data1\" content=\"1 minuta\" \/>\n<script type=\"application\/ld+json\" class=\"yoast-schema-graph\">{\"@context\":\"https:\/\/schema.org\",\"@graph\":[{\"@type\":\"WebPage\",\"@id\":\"https:\/\/www.oknobuild.com\/index.php\/produkt\/akce-svitidlo-stropni-jowita-54050-3-globo-51741\/\",\"url\":\"https:\/\/www.oknobuild.com\/index.php\/produkt\/akce-svitidlo-stropni-jowita-54050-3-globo-51741\/\",\"name\":\"Akce Sv\u00edtidlo stropn\u00ed JOWITA 54050-3 - GLOBO -\",\"isPartOf\":{\"@id\":\"https:\/\/www.oknobuild.com\/#website\"},\"primaryImageOfPage\":{\"@id\":\"https:\/\/www.oknobuild.com\/index.php\/produkt\/akce-svitidlo-stropni-jowita-54050-3-globo-51741\/#primaryimage\"},\"image\":{\"@id\":\"https:\/\/www.oknobuild.com\/index.php\/produkt\/akce-svitidlo-stropni-jowita-54050-3-globo-51741\/#primaryimage\"},\"thumbnailUrl\":\"https:\/\/www.oknobuild.com\/wp-content\/uploads\/2026\/SK0014042-CZ20260425-091535-0-1777079743-GLO-54050-3.webp\",\"datePublished\":\"2026-04-27T04:42:51+00:00\",\"breadcrumb\":{\"@id\":\"https:\/\/www.oknobuild.com\/index.php\/produkt\/akce-svitidlo-stropni-jowita-54050-3-globo-51741\/#breadcrumb\"},\"inLanguage\":\"cs\",\"potentialAction\":[{\"@type\":\"ReadAction\",\"target\":[\"https:\/\/www.oknobuild.com\/index.php\/produkt\/akce-svitidlo-stropni-jowita-54050-3-globo-51741\/\"]}]},{\"@type\":\"ImageObject\",\"inLanguage\":\"cs\",\"@id\":\"https:\/\/www.oknobuild.com\/index.php\/produkt\/akce-svitidlo-stropni-jowita-54050-3-globo-51741\/#primaryimage\",\"url\":\"https:\/\/www.oknobuild.com\/wp-content\/uploads\/2026\/SK0014042-CZ20260425-091535-0-1777079743-GLO-54050-3.webp\",\"contentUrl\":\"https:\/\/www.oknobuild.com\/wp-content\/uploads\/2026\/SK0014042-CZ20260425-091535-0-1777079743-GLO-54050-3.webp\",\"width\":800,\"height\":800},{\"@type\":\"BreadcrumbList\",\"@id\":\"https:\/\/www.oknobuild.com\/index.php\/produkt\/akce-svitidlo-stropni-jowita-54050-3-globo-51741\/#breadcrumb\",\"itemListElement\":[{\"@type\":\"ListItem\",\"position\":1,\"name\":\"Home\",\"item\":\"https:\/\/www.oknobuild.com\/\"},{\"@type\":\"ListItem\",\"position\":2,\"name\":\"Products\",\"item\":\"https:\/\/www.oknobuild.com\/index.php\/products\/\"},{\"@type\":\"ListItem\",\"position\":3,\"name\":\"Akce Sv\u00edtidlo stropn\u00ed JOWITA 54050-3 &#8211; GLOBO\"}]},{\"@type\":\"WebSite\",\"@id\":\"https:\/\/www.oknobuild.com\/#website\",\"url\":\"https:\/\/www.oknobuild.com\/\",\"name\":\"\",\"description\":\"\",\"potentialAction\":[{\"@type\":\"SearchAction\",\"target\":{\"@type\":\"EntryPoint\",\"urlTemplate\":\"https:\/\/www.oknobuild.com\/?s={search_term_string}\"},\"query-input\":{\"@type\":\"PropertyValueSpecification\",\"valueRequired\":true,\"valueName\":\"search_term_string\"}}],\"inLanguage\":\"cs\"}]}<\/script>\n<!-- \/ Yoast SEO plugin. -->","yoast_head_json":{"title":"Akce Sv\u00edtidlo stropn\u00ed JOWITA 54050-3 - GLOBO -","robots":{"index":"index","follow":"follow","max-snippet":"max-snippet:-1","max-image-preview":"max-image-preview:large","max-video-preview":"max-video-preview:-1"},"canonical":"https:\/\/www.oknobuild.com\/index.php\/produkt\/akce-svitidlo-stropni-jowita-54050-3-globo-51741\/","og_locale":"cs_CZ","og_type":"article","og_title":"Akce Sv\u00edtidlo stropn\u00ed JOWITA 54050-3 - GLOBO -","og_description":"Popis produktu Stropn\u00ed sv\u00edtidlo, kov b\u00edl\u00fd a \u010dern\u00fd, keramika b\u00edl\u00e1 a \u010dern\u00e1, \u00d8290, V: 250, bez \u017e\u00e1rovek 3xE27, max. 40W 230V Toto stropn\u00ed bodov\u00e9 sv\u00edtidlo ze s\u00e9rie Jowita \u00d829cm je d\u00edky sv\u00e9mu jednoduch\u00e9mu designu z b\u00edl\u00e9ho kovu a keramiky n\u00e1dhern\u00fdm dopl\u0148kem va\u0161eho vnit\u0159n\u00edho prostoru. Do st\u00edn\u00edtek lze pou\u017e\u00edt \u017e\u00e1rovky E27 dle va\u0161eho v\u00fdb\u011bru, kter\u00e9 se [&hellip;]","og_url":"https:\/\/www.oknobuild.com\/index.php\/produkt\/akce-svitidlo-stropni-jowita-54050-3-globo-51741\/","og_image":[{"width":800,"height":800,"url":"https:\/\/www.oknobuild.com\/wp-content\/uploads\/2026\/SK0014042-CZ20260425-091535-0-1777079743-GLO-54050-3.webp","type":"image\/webp"}],"twitter_card":"summary_large_image","twitter_misc":{"Odhadovan\u00e1 doba \u010dten\u00ed":"1 minuta"},"schema":{"@context":"https:\/\/schema.org","@graph":[{"@type":"WebPage","@id":"https:\/\/www.oknobuild.com\/index.php\/produkt\/akce-svitidlo-stropni-jowita-54050-3-globo-51741\/","url":"https:\/\/www.oknobuild.com\/index.php\/produkt\/akce-svitidlo-stropni-jowita-54050-3-globo-51741\/","name":"Akce Sv\u00edtidlo stropn\u00ed JOWITA 54050-3 - GLOBO -","isPartOf":{"@id":"https:\/\/www.oknobuild.com\/#website"},"primaryImageOfPage":{"@id":"https:\/\/www.oknobuild.com\/index.php\/produkt\/akce-svitidlo-stropni-jowita-54050-3-globo-51741\/#primaryimage"},"image":{"@id":"https:\/\/www.oknobuild.com\/index.php\/produkt\/akce-svitidlo-stropni-jowita-54050-3-globo-51741\/#primaryimage"},"thumbnailUrl":"https:\/\/www.oknobuild.com\/wp-content\/uploads\/2026\/SK0014042-CZ20260425-091535-0-1777079743-GLO-54050-3.webp","datePublished":"2026-04-27T04:42:51+00:00","breadcrumb":{"@id":"https:\/\/www.oknobuild.com\/index.php\/produkt\/akce-svitidlo-stropni-jowita-54050-3-globo-51741\/#breadcrumb"},"inLanguage":"cs","potentialAction":[{"@type":"ReadAction","target":["https:\/\/www.oknobuild.com\/index.php\/produkt\/akce-svitidlo-stropni-jowita-54050-3-globo-51741\/"]}]},{"@type":"ImageObject","inLanguage":"cs","@id":"https:\/\/www.oknobuild.com\/index.php\/produkt\/akce-svitidlo-stropni-jowita-54050-3-globo-51741\/#primaryimage","url":"https:\/\/www.oknobuild.com\/wp-content\/uploads\/2026\/SK0014042-CZ20260425-091535-0-1777079743-GLO-54050-3.webp","contentUrl":"https:\/\/www.oknobuild.com\/wp-content\/uploads\/2026\/SK0014042-CZ20260425-091535-0-1777079743-GLO-54050-3.webp","width":800,"height":800},{"@type":"BreadcrumbList","@id":"https:\/\/www.oknobuild.com\/index.php\/produkt\/akce-svitidlo-stropni-jowita-54050-3-globo-51741\/#breadcrumb","itemListElement":[{"@type":"ListItem","position":1,"name":"Home","item":"https:\/\/www.oknobuild.com\/"},{"@type":"ListItem","position":2,"name":"Products","item":"https:\/\/www.oknobuild.com\/index.php\/products\/"},{"@type":"ListItem","position":3,"name":"Akce Sv\u00edtidlo stropn\u00ed JOWITA 54050-3 &#8211; GLOBO"}]},{"@type":"WebSite","@id":"https:\/\/www.oknobuild.com\/#website","url":"https:\/\/www.oknobuild.com\/","name":"","description":"","potentialAction":[{"@type":"SearchAction","target":{"@type":"EntryPoint","urlTemplate":"https:\/\/www.oknobuild.com\/?s={search_term_string}"},"query-input":{"@type":"PropertyValueSpecification","valueRequired":true,"valueName":"search_term_string"}}],"inLanguage":"cs"}]}},"_links":{"self":[{"href":"https:\/\/www.oknobuild.com\/index.php\/wp-json\/wp\/v2\/product\/51741","targetHints":{"allow":["GET"]}}],"collection":[{"href":"https:\/\/www.oknobuild.com\/index.php\/wp-json\/wp\/v2\/product"}],"about":[{"href":"https:\/\/www.oknobuild.com\/index.php\/wp-json\/wp\/v2\/types\/product"}],"replies":[{"embeddable":true,"href":"https:\/\/www.oknobuild.com\/index.php\/wp-json\/wp\/v2\/comments?post=51741"}],"wp:featuredmedia":[{"embeddable":true,"href":"https:\/\/www.oknobuild.com\/index.php\/wp-json\/wp\/v2\/media\/51841"}],"wp:attachment":[{"href":"https:\/\/www.oknobuild.com\/index.php\/wp-json\/wp\/v2\/media?parent=51741"}],"wp:term":[{"taxonomy":"product_brand","embeddable":true,"href":"https:\/\/www.oknobuild.com\/index.php\/wp-json\/wp\/v2\/product_brand?post=51741"},{"taxonomy":"product_cat","embeddable":true,"href":"https:\/\/www.oknobuild.com\/index.php\/wp-json\/wp\/v2\/product_cat?post=51741"},{"taxonomy":"product_tag","embeddable":true,"href":"https:\/\/www.oknobuild.com\/index.php\/wp-json\/wp\/v2\/product_tag?post=51741"}],"curies":[{"name":"wp","href":"https:\/\/api.w.org\/{rel}","templated":true}]}}