{"id":52102,"date":"2026-04-27T04:42:53","date_gmt":"2026-04-27T04:42:53","guid":{"rendered":""},"modified":"2026-04-27T04:42:53","modified_gmt":"2026-04-27T04:42:53","slug":"akce-robby-57911hb-zavesne-svitidlo-globo-52102","status":"publish","type":"product","link":"https:\/\/www.oknobuild.com\/index.php\/produkt\/akce-robby-57911hb-zavesne-svitidlo-globo-52102\/","title":{"rendered":"Akce ROBBY 57911HB Z\u00e1v\u011bsn\u00e9 sv\u00edtidlo &#8211; GLOBO"},"content":{"rendered":"<h3 class=\"product-h3\">Popis produktu<\/h3>\n<p><p>Z\u00e1v\u011bsn\u00e9 sv\u00edtidlo, kov \u010dern\u00fd, \u010dern\u00fd PVC kabel, Dx\u0160xV: 9x9x120cm, bez \u017e\u00e1rovky 1xGU10, max. 35W 230V<\/p>\n<p>\u010cist\u00fd design z\u00e1v\u011bsn\u00e9ho sv\u00edtidla Robby tvo\u0159\u00ed jednoduch\u00e1 svisl\u00e1 linie a decentn\u00ed barevnost. Na konci kabelu o d\u00e9lce 120cm je matn\u00e9 \u010dern\u00e9 st\u00edn\u00edtko, kter\u00e9 ukr\u00fdv\u00e1 patici GU10. To V\u00e1m d\u00e1v\u00e1 mo\u017enost osadit si \u017e\u00e1rovku s r\u016fznou teplotou sv\u011btla as maxim\u00e1ln\u00edm v\u00fdkonem 35W. Z\u00e1v\u011bsn\u00e9 sv\u00edtidlo m\u016f\u017eete kombinovat s dal\u0161\u00edmi lampami z t\u00e9to s\u00e9rie.<\/p>\n<\/p><\/div>\n<\/p><\/div>\n<p><\/p>\n<div class=\"top-params\">\n<h3 class=\"product-h3 collapse-header \" data-toggle=\"collapse\" data-target=\"#collapseOne\" aria-expanded=\"true\" aria-controls=\"collapseOne\">Parametry<\/h3>\n<div id=\"collapseOne\" class=\"collapse show\" aria-labelledby=\"headingOne\" data-parent=\"#product-info-accordion1\">\n<table class=\"table-striped\">\n<tr>\n<td>                V\u00fd\u0161ka v mm            <\/td>\n<td>                1200            <\/td>\n<\/tr>\n<tr>\n<td>                \u0160\u00ed\u0159ka v mm            <\/td>\n<td>                90            <\/td>\n<\/tr>\n<tr>\n<td>                D\u00e9lka v mm            <\/td>\n<td>                90            <\/td>\n<\/tr>\n<tr>\n<td>                Ochrana IP            <\/td>\n<td>                IP20            <\/td>\n<\/tr>\n<tr>\n<td>                Max. p\u0159\u00edkon sv\u011bteln\u00e9ho zdroje            <\/td>\n<td>                35W            <\/td>\n<\/tr>\n<tr>\n<td>                V\u00fdkon            <\/td>\n<td>                35W            <\/td>\n<\/tr>\n<tr>\n<td>                Nap\u00e1jec\u00ed nap\u011bt\u00ed            <\/td>\n<td>                230V            <\/td>\n<\/tr>\n<tr>\n<td>                Patice            <\/td>\n<td>                GU10            <\/td>\n<\/tr>\n<tr>\n<td>                V\u010detn\u011b sv\u011bteln\u00e9ho zdroje            <\/td>\n<td>                ne            <\/td>\n<\/tr>\n<tr>\n<td>                Materi\u00e1l            <\/td>\n<td>                kov \/ kov            <\/td>\n<\/tr>\n<tr>\n<td>                Barva            <\/td>\n<td>                \u010dern\u00e1 matn\u00e1 \/ \u010dern\u00e1 matn\u00e1            <\/td>\n<\/tr>\n<tr>\n<td>                Kolekce            <\/td>\n<td>                ROBBY            <\/td>\n<\/tr>\n<tr>\n<td>                Po\u010det sv\u011bteln\u00fdch zdroj\u016f            <\/td>\n<td>                1            <\/td>\n<\/tr>\n<tr>\n<td>                V\u00fdrobce            <\/td>\n<td>                GLOBO            <\/td>\n<\/tr>\n<tr>\n<td>                U v\u00fdrobce dostupn\u00fdch            <\/td>\n<td>                v\u00edce ne\u017e 50                    ks            <\/td>\n<\/tr>\n<\/table>\n<\/div><\/div>\n<\/div>\n<div class=\"accordion\" id=\"product-info-accordion2\">\n","protected":false},"excerpt":{"rendered":"<p>Popis produktu Z\u00e1v\u011bsn\u00e9 sv\u00edtidlo, kov \u010dern\u00fd, \u010dern\u00fd PVC kabel, Dx\u0160xV: 9x9x120cm, bez \u017e\u00e1rovky 1xGU10, max. 35W 230V \u010cist\u00fd design z\u00e1v\u011bsn\u00e9ho sv\u00edtidla Robby tvo\u0159\u00ed jednoduch\u00e1 svisl\u00e1 linie a decentn\u00ed barevnost. Na konci kabelu o d\u00e9lce 120cm je matn\u00e9 \u010dern\u00e9 st\u00edn\u00edtko, kter\u00e9 ukr\u00fdv\u00e1 patici GU10. To V\u00e1m d\u00e1v\u00e1 mo\u017enost osadit si \u017e\u00e1rovku s r\u016fznou teplotou sv\u011btla as [&hellip;]<\/p>\n","protected":false},"featured_media":52202,"comment_status":"open","ping_status":"open","template":"","meta":[],"product_brand":[],"product_cat":[32],"product_tag":[],"class_list":{"0":"post-52102","1":"product","2":"type-product","3":"status-publish","4":"has-post-thumbnail","6":"product_cat-interierova-svitidla","8":"first","9":"instock","10":"sale","11":"shipping-taxable","12":"purchasable","13":"product-type-simple"},"yoast_head":"<!-- This site is optimized with the Yoast SEO plugin v26.8 - https:\/\/yoast.com\/product\/yoast-seo-wordpress\/ -->\n<title>Akce ROBBY 57911HB Z\u00e1v\u011bsn\u00e9 sv\u00edtidlo - GLOBO -<\/title>\n<meta name=\"robots\" content=\"index, follow, max-snippet:-1, max-image-preview:large, max-video-preview:-1\" \/>\n<link rel=\"canonical\" href=\"https:\/\/www.oknobuild.com\/index.php\/produkt\/akce-robby-57911hb-zavesne-svitidlo-globo-52102\/\" \/>\n<meta property=\"og:locale\" content=\"cs_CZ\" \/>\n<meta property=\"og:type\" content=\"article\" \/>\n<meta property=\"og:title\" content=\"Akce ROBBY 57911HB Z\u00e1v\u011bsn\u00e9 sv\u00edtidlo - GLOBO -\" \/>\n<meta property=\"og:description\" content=\"Popis produktu Z\u00e1v\u011bsn\u00e9 sv\u00edtidlo, kov \u010dern\u00fd, \u010dern\u00fd PVC kabel, Dx\u0160xV: 9x9x120cm, bez \u017e\u00e1rovky 1xGU10, max. 35W 230V \u010cist\u00fd design z\u00e1v\u011bsn\u00e9ho sv\u00edtidla Robby tvo\u0159\u00ed jednoduch\u00e1 svisl\u00e1 linie a decentn\u00ed barevnost. Na konci kabelu o d\u00e9lce 120cm je matn\u00e9 \u010dern\u00e9 st\u00edn\u00edtko, kter\u00e9 ukr\u00fdv\u00e1 patici GU10. To V\u00e1m d\u00e1v\u00e1 mo\u017enost osadit si \u017e\u00e1rovku s r\u016fznou teplotou sv\u011btla as [&hellip;]\" \/>\n<meta property=\"og:url\" content=\"https:\/\/www.oknobuild.com\/index.php\/produkt\/akce-robby-57911hb-zavesne-svitidlo-globo-52102\/\" \/>\n<meta property=\"og:image\" content=\"https:\/\/www.oknobuild.com\/wp-content\/uploads\/2026\/SK0014203-CZ20260425-091535-0-1777079743-GLO-57911HB.webp\" \/>\n\t<meta property=\"og:image:width\" content=\"800\" \/>\n\t<meta property=\"og:image:height\" content=\"800\" \/>\n\t<meta property=\"og:image:type\" content=\"image\/webp\" \/>\n<meta name=\"twitter:card\" content=\"summary_large_image\" \/>\n<meta name=\"twitter:label1\" content=\"Odhadovan\u00e1 doba \u010dten\u00ed\" \/>\n\t<meta name=\"twitter:data1\" content=\"1 minuta\" \/>\n<script type=\"application\/ld+json\" class=\"yoast-schema-graph\">{\"@context\":\"https:\/\/schema.org\",\"@graph\":[{\"@type\":\"WebPage\",\"@id\":\"https:\/\/www.oknobuild.com\/index.php\/produkt\/akce-robby-57911hb-zavesne-svitidlo-globo-52102\/\",\"url\":\"https:\/\/www.oknobuild.com\/index.php\/produkt\/akce-robby-57911hb-zavesne-svitidlo-globo-52102\/\",\"name\":\"Akce ROBBY 57911HB Z\u00e1v\u011bsn\u00e9 sv\u00edtidlo - GLOBO -\",\"isPartOf\":{\"@id\":\"https:\/\/www.oknobuild.com\/#website\"},\"primaryImageOfPage\":{\"@id\":\"https:\/\/www.oknobuild.com\/index.php\/produkt\/akce-robby-57911hb-zavesne-svitidlo-globo-52102\/#primaryimage\"},\"image\":{\"@id\":\"https:\/\/www.oknobuild.com\/index.php\/produkt\/akce-robby-57911hb-zavesne-svitidlo-globo-52102\/#primaryimage\"},\"thumbnailUrl\":\"https:\/\/www.oknobuild.com\/wp-content\/uploads\/2026\/SK0014203-CZ20260425-091535-0-1777079743-GLO-57911HB.webp\",\"datePublished\":\"2026-04-27T04:42:53+00:00\",\"breadcrumb\":{\"@id\":\"https:\/\/www.oknobuild.com\/index.php\/produkt\/akce-robby-57911hb-zavesne-svitidlo-globo-52102\/#breadcrumb\"},\"inLanguage\":\"cs\",\"potentialAction\":[{\"@type\":\"ReadAction\",\"target\":[\"https:\/\/www.oknobuild.com\/index.php\/produkt\/akce-robby-57911hb-zavesne-svitidlo-globo-52102\/\"]}]},{\"@type\":\"ImageObject\",\"inLanguage\":\"cs\",\"@id\":\"https:\/\/www.oknobuild.com\/index.php\/produkt\/akce-robby-57911hb-zavesne-svitidlo-globo-52102\/#primaryimage\",\"url\":\"https:\/\/www.oknobuild.com\/wp-content\/uploads\/2026\/SK0014203-CZ20260425-091535-0-1777079743-GLO-57911HB.webp\",\"contentUrl\":\"https:\/\/www.oknobuild.com\/wp-content\/uploads\/2026\/SK0014203-CZ20260425-091535-0-1777079743-GLO-57911HB.webp\",\"width\":800,\"height\":800},{\"@type\":\"BreadcrumbList\",\"@id\":\"https:\/\/www.oknobuild.com\/index.php\/produkt\/akce-robby-57911hb-zavesne-svitidlo-globo-52102\/#breadcrumb\",\"itemListElement\":[{\"@type\":\"ListItem\",\"position\":1,\"name\":\"Home\",\"item\":\"https:\/\/www.oknobuild.com\/\"},{\"@type\":\"ListItem\",\"position\":2,\"name\":\"Products\",\"item\":\"https:\/\/www.oknobuild.com\/index.php\/products\/\"},{\"@type\":\"ListItem\",\"position\":3,\"name\":\"Akce ROBBY 57911HB Z\u00e1v\u011bsn\u00e9 sv\u00edtidlo &#8211; GLOBO\"}]},{\"@type\":\"WebSite\",\"@id\":\"https:\/\/www.oknobuild.com\/#website\",\"url\":\"https:\/\/www.oknobuild.com\/\",\"name\":\"\",\"description\":\"\",\"potentialAction\":[{\"@type\":\"SearchAction\",\"target\":{\"@type\":\"EntryPoint\",\"urlTemplate\":\"https:\/\/www.oknobuild.com\/?s={search_term_string}\"},\"query-input\":{\"@type\":\"PropertyValueSpecification\",\"valueRequired\":true,\"valueName\":\"search_term_string\"}}],\"inLanguage\":\"cs\"}]}<\/script>\n<!-- \/ Yoast SEO plugin. -->","yoast_head_json":{"title":"Akce ROBBY 57911HB Z\u00e1v\u011bsn\u00e9 sv\u00edtidlo - GLOBO -","robots":{"index":"index","follow":"follow","max-snippet":"max-snippet:-1","max-image-preview":"max-image-preview:large","max-video-preview":"max-video-preview:-1"},"canonical":"https:\/\/www.oknobuild.com\/index.php\/produkt\/akce-robby-57911hb-zavesne-svitidlo-globo-52102\/","og_locale":"cs_CZ","og_type":"article","og_title":"Akce ROBBY 57911HB Z\u00e1v\u011bsn\u00e9 sv\u00edtidlo - GLOBO -","og_description":"Popis produktu Z\u00e1v\u011bsn\u00e9 sv\u00edtidlo, kov \u010dern\u00fd, \u010dern\u00fd PVC kabel, Dx\u0160xV: 9x9x120cm, bez \u017e\u00e1rovky 1xGU10, max. 35W 230V \u010cist\u00fd design z\u00e1v\u011bsn\u00e9ho sv\u00edtidla Robby tvo\u0159\u00ed jednoduch\u00e1 svisl\u00e1 linie a decentn\u00ed barevnost. Na konci kabelu o d\u00e9lce 120cm je matn\u00e9 \u010dern\u00e9 st\u00edn\u00edtko, kter\u00e9 ukr\u00fdv\u00e1 patici GU10. To V\u00e1m d\u00e1v\u00e1 mo\u017enost osadit si \u017e\u00e1rovku s r\u016fznou teplotou sv\u011btla as [&hellip;]","og_url":"https:\/\/www.oknobuild.com\/index.php\/produkt\/akce-robby-57911hb-zavesne-svitidlo-globo-52102\/","og_image":[{"width":800,"height":800,"url":"https:\/\/www.oknobuild.com\/wp-content\/uploads\/2026\/SK0014203-CZ20260425-091535-0-1777079743-GLO-57911HB.webp","type":"image\/webp"}],"twitter_card":"summary_large_image","twitter_misc":{"Odhadovan\u00e1 doba \u010dten\u00ed":"1 minuta"},"schema":{"@context":"https:\/\/schema.org","@graph":[{"@type":"WebPage","@id":"https:\/\/www.oknobuild.com\/index.php\/produkt\/akce-robby-57911hb-zavesne-svitidlo-globo-52102\/","url":"https:\/\/www.oknobuild.com\/index.php\/produkt\/akce-robby-57911hb-zavesne-svitidlo-globo-52102\/","name":"Akce ROBBY 57911HB Z\u00e1v\u011bsn\u00e9 sv\u00edtidlo - GLOBO -","isPartOf":{"@id":"https:\/\/www.oknobuild.com\/#website"},"primaryImageOfPage":{"@id":"https:\/\/www.oknobuild.com\/index.php\/produkt\/akce-robby-57911hb-zavesne-svitidlo-globo-52102\/#primaryimage"},"image":{"@id":"https:\/\/www.oknobuild.com\/index.php\/produkt\/akce-robby-57911hb-zavesne-svitidlo-globo-52102\/#primaryimage"},"thumbnailUrl":"https:\/\/www.oknobuild.com\/wp-content\/uploads\/2026\/SK0014203-CZ20260425-091535-0-1777079743-GLO-57911HB.webp","datePublished":"2026-04-27T04:42:53+00:00","breadcrumb":{"@id":"https:\/\/www.oknobuild.com\/index.php\/produkt\/akce-robby-57911hb-zavesne-svitidlo-globo-52102\/#breadcrumb"},"inLanguage":"cs","potentialAction":[{"@type":"ReadAction","target":["https:\/\/www.oknobuild.com\/index.php\/produkt\/akce-robby-57911hb-zavesne-svitidlo-globo-52102\/"]}]},{"@type":"ImageObject","inLanguage":"cs","@id":"https:\/\/www.oknobuild.com\/index.php\/produkt\/akce-robby-57911hb-zavesne-svitidlo-globo-52102\/#primaryimage","url":"https:\/\/www.oknobuild.com\/wp-content\/uploads\/2026\/SK0014203-CZ20260425-091535-0-1777079743-GLO-57911HB.webp","contentUrl":"https:\/\/www.oknobuild.com\/wp-content\/uploads\/2026\/SK0014203-CZ20260425-091535-0-1777079743-GLO-57911HB.webp","width":800,"height":800},{"@type":"BreadcrumbList","@id":"https:\/\/www.oknobuild.com\/index.php\/produkt\/akce-robby-57911hb-zavesne-svitidlo-globo-52102\/#breadcrumb","itemListElement":[{"@type":"ListItem","position":1,"name":"Home","item":"https:\/\/www.oknobuild.com\/"},{"@type":"ListItem","position":2,"name":"Products","item":"https:\/\/www.oknobuild.com\/index.php\/products\/"},{"@type":"ListItem","position":3,"name":"Akce ROBBY 57911HB Z\u00e1v\u011bsn\u00e9 sv\u00edtidlo &#8211; GLOBO"}]},{"@type":"WebSite","@id":"https:\/\/www.oknobuild.com\/#website","url":"https:\/\/www.oknobuild.com\/","name":"","description":"","potentialAction":[{"@type":"SearchAction","target":{"@type":"EntryPoint","urlTemplate":"https:\/\/www.oknobuild.com\/?s={search_term_string}"},"query-input":{"@type":"PropertyValueSpecification","valueRequired":true,"valueName":"search_term_string"}}],"inLanguage":"cs"}]}},"_links":{"self":[{"href":"https:\/\/www.oknobuild.com\/index.php\/wp-json\/wp\/v2\/product\/52102","targetHints":{"allow":["GET"]}}],"collection":[{"href":"https:\/\/www.oknobuild.com\/index.php\/wp-json\/wp\/v2\/product"}],"about":[{"href":"https:\/\/www.oknobuild.com\/index.php\/wp-json\/wp\/v2\/types\/product"}],"replies":[{"embeddable":true,"href":"https:\/\/www.oknobuild.com\/index.php\/wp-json\/wp\/v2\/comments?post=52102"}],"wp:featuredmedia":[{"embeddable":true,"href":"https:\/\/www.oknobuild.com\/index.php\/wp-json\/wp\/v2\/media\/52202"}],"wp:attachment":[{"href":"https:\/\/www.oknobuild.com\/index.php\/wp-json\/wp\/v2\/media?parent=52102"}],"wp:term":[{"taxonomy":"product_brand","embeddable":true,"href":"https:\/\/www.oknobuild.com\/index.php\/wp-json\/wp\/v2\/product_brand?post=52102"},{"taxonomy":"product_cat","embeddable":true,"href":"https:\/\/www.oknobuild.com\/index.php\/wp-json\/wp\/v2\/product_cat?post=52102"},{"taxonomy":"product_tag","embeddable":true,"href":"https:\/\/www.oknobuild.com\/index.php\/wp-json\/wp\/v2\/product_tag?post=52102"}],"curies":[{"name":"wp","href":"https:\/\/api.w.org\/{rel}","templated":true}]}}