{"id":52522,"date":"2026-04-27T04:42:54","date_gmt":"2026-04-27T04:42:54","guid":{"rendered":""},"modified":"2026-04-27T04:42:54","modified_gmt":"2026-04-27T04:42:54","slug":"sezonni-sleva-svitidlo-vestavne-ravo-led-2850lm-ip44-55-072p-10ghe-830-w-halla-52522","status":"publish","type":"product","link":"https:\/\/www.oknobuild.com\/index.php\/produkt\/sezonni-sleva-svitidlo-vestavne-ravo-led-2850lm-ip44-55-072p-10ghe-830-w-halla-52522\/","title":{"rendered":"Sez\u00f3nn\u00ed Sleva Sv\u00edtidlo vestavn\u00e9 RAVO LED 2850lm IP44 (55-072P-10GHE\/830, W) &#8211; HALLA"},"content":{"rendered":"<p><\/p>\n<div class=\"top-params\">\n<h3 class=\"product-h3 collapse-header \" data-toggle=\"collapse\" data-target=\"#collapseOne\" aria-expanded=\"true\" aria-controls=\"collapseOne\">Parametry<\/h3>\n<div id=\"collapseOne\" class=\"collapse show\" aria-labelledby=\"headingOne\" data-parent=\"#product-info-accordion1\">\n<table class=\"table-striped\">\n<tr>\n<td>                Barva            <\/td>\n<td>                b\u00edl\u00e1            <\/td>\n<\/tr>\n<tr>\n<td>                Po\u010det sv\u011bteln\u00fdch zdroj\u016f            <\/td>\n<td>                1            <\/td>\n<\/tr>\n<tr>\n<td>                Nap\u00e1jec\u00ed nap\u011bt\u00ed            <\/td>\n<td>                230V            <\/td>\n<\/tr>\n<tr>\n<td>                V\u010detn\u011b sv\u011bteln\u00e9ho zdroje            <\/td>\n<td>                ano            <\/td>\n<\/tr>\n<tr>\n<td>                Kolekce            <\/td>\n<td>                RAVO            <\/td>\n<\/tr>\n<tr>\n<td>                Materi\u00e1l            <\/td>\n<td>                kov            <\/td>\n<\/tr>\n<tr>\n<td>                Mont\u00e1\u017en\u00ed otvor v mm            <\/td>\n<td>                160            <\/td>\n<\/tr>\n<tr>\n<td>                Patice            <\/td>\n<td>                LED            <\/td>\n<\/tr>\n<tr>\n<td>                Max. p\u0159\u00edkon sv\u011bteln\u00e9ho zdroje            <\/td>\n<td>                23,3W            <\/td>\n<\/tr>\n<tr>\n<td>                Ochrana IP            <\/td>\n<td>                IP44            <\/td>\n<\/tr>\n<tr>\n<td>                Stm\u00edvateln\u00e9            <\/td>\n<td>                ne            <\/td>\n<\/tr>\n<tr>\n<td>                Energetick\u00e1 \u00fa\u010dinnost            <\/td>\n<td>                A            <\/td>\n<\/tr>\n<tr>\n<td>                Teplota barvy sv\u011btla            <\/td>\n<td>                3000K            <\/td>\n<\/tr>\n<tr>\n<td>                \u017divotnost            <\/td>\n<td>                50000h            <\/td>\n<\/tr>\n<tr>\n<td>                Pr\u016fm\u011br v mm            <\/td>\n<td>                172            <\/td>\n<\/tr>\n<tr>\n<td>                V\u00fdrobce            <\/td>\n<td>                HALLA            <\/td>\n<\/tr>\n<tr>\n<td>                Sv\u011bteln\u00fd tok            <\/td>\n<td>                2850lm            <\/td>\n<\/tr>\n<tr>\n<td>                Z\u00e1pustn\u00e1 hloubka v mm            <\/td>\n<td>                80            <\/td>\n<\/tr>\n<tr>\n<td>                Vystaveno na studiu            <\/td>\n<td>                ano            <\/td>\n<\/tr>\n<tr>\n<td>                V\u00fdroba na zak\u00e1zku            <\/td>\n<td>                ano            <\/td>\n<\/tr>\n<\/table>\n<\/div><\/div>\n<\/div>\n<div class=\"accordion\" id=\"product-info-accordion2\">\n","protected":false},"excerpt":{"rendered":"<p>Parametry Barva b\u00edl\u00e1 Po\u010det sv\u011bteln\u00fdch zdroj\u016f 1 Nap\u00e1jec\u00ed nap\u011bt\u00ed 230V V\u010detn\u011b sv\u011bteln\u00e9ho zdroje ano Kolekce RAVO Materi\u00e1l kov Mont\u00e1\u017en\u00ed otvor v mm 160 Patice LED Max. p\u0159\u00edkon sv\u011bteln\u00e9ho zdroje 23,3W Ochrana IP IP44 Stm\u00edvateln\u00e9 ne Energetick\u00e1 \u00fa\u010dinnost A Teplota barvy sv\u011btla 3000K \u017divotnost 50000h Pr\u016fm\u011br v mm 172 V\u00fdrobce HALLA Sv\u011bteln\u00fd tok 2850lm Z\u00e1pustn\u00e1 hloubka [&hellip;]<\/p>\n","protected":false},"featured_media":52622,"comment_status":"open","ping_status":"open","template":"","meta":[],"product_brand":[],"product_cat":[47],"product_tag":[],"class_list":{"0":"post-52522","1":"product","2":"type-product","3":"status-publish","4":"has-post-thumbnail","6":"product_cat-specialni-nabidka","8":"first","9":"instock","10":"sale","11":"shipping-taxable","12":"purchasable","13":"product-type-simple"},"yoast_head":"<!-- This site is optimized with the Yoast SEO plugin v26.8 - https:\/\/yoast.com\/product\/yoast-seo-wordpress\/ -->\n<title>Sez\u00f3nn\u00ed Sleva Sv\u00edtidlo vestavn\u00e9 RAVO LED 2850lm IP44 (55-072P-10GHE\/830, W) - HALLA -<\/title>\n<meta name=\"robots\" content=\"index, follow, max-snippet:-1, max-image-preview:large, max-video-preview:-1\" \/>\n<link rel=\"canonical\" href=\"https:\/\/www.oknobuild.com\/index.php\/produkt\/sezonni-sleva-svitidlo-vestavne-ravo-led-2850lm-ip44-55-072p-10ghe-830-w-halla-52522\/\" \/>\n<meta property=\"og:locale\" content=\"cs_CZ\" \/>\n<meta property=\"og:type\" content=\"article\" \/>\n<meta property=\"og:title\" content=\"Sez\u00f3nn\u00ed Sleva Sv\u00edtidlo vestavn\u00e9 RAVO LED 2850lm IP44 (55-072P-10GHE\/830, W) - HALLA -\" \/>\n<meta property=\"og:description\" content=\"Parametry Barva b\u00edl\u00e1 Po\u010det sv\u011bteln\u00fdch zdroj\u016f 1 Nap\u00e1jec\u00ed nap\u011bt\u00ed 230V V\u010detn\u011b sv\u011bteln\u00e9ho zdroje ano Kolekce RAVO Materi\u00e1l kov Mont\u00e1\u017en\u00ed otvor v mm 160 Patice LED Max. p\u0159\u00edkon sv\u011bteln\u00e9ho zdroje 23,3W Ochrana IP IP44 Stm\u00edvateln\u00e9 ne Energetick\u00e1 \u00fa\u010dinnost A Teplota barvy sv\u011btla 3000K \u017divotnost 50000h Pr\u016fm\u011br v mm 172 V\u00fdrobce HALLA Sv\u011bteln\u00fd tok 2850lm Z\u00e1pustn\u00e1 hloubka [&hellip;]\" \/>\n<meta property=\"og:url\" content=\"https:\/\/www.oknobuild.com\/index.php\/produkt\/sezonni-sleva-svitidlo-vestavne-ravo-led-2850lm-ip44-55-072p-10ghe-830-w-halla-52522\/\" \/>\n<meta property=\"og:image\" content=\"https:\/\/www.oknobuild.com\/wp-content\/uploads\/2026\/SK0014434-CZ20260425-091535-0-1777079743-HAL-55-072P-10GHE-830-W.webp\" \/>\n\t<meta property=\"og:image:width\" content=\"259\" \/>\n\t<meta property=\"og:image:height\" content=\"194\" \/>\n\t<meta property=\"og:image:type\" content=\"image\/webp\" \/>\n<meta name=\"twitter:card\" content=\"summary_large_image\" \/>\n<script type=\"application\/ld+json\" class=\"yoast-schema-graph\">{\"@context\":\"https:\/\/schema.org\",\"@graph\":[{\"@type\":\"WebPage\",\"@id\":\"https:\/\/www.oknobuild.com\/index.php\/produkt\/sezonni-sleva-svitidlo-vestavne-ravo-led-2850lm-ip44-55-072p-10ghe-830-w-halla-52522\/\",\"url\":\"https:\/\/www.oknobuild.com\/index.php\/produkt\/sezonni-sleva-svitidlo-vestavne-ravo-led-2850lm-ip44-55-072p-10ghe-830-w-halla-52522\/\",\"name\":\"Sez\u00f3nn\u00ed Sleva Sv\u00edtidlo vestavn\u00e9 RAVO LED 2850lm IP44 (55-072P-10GHE\/830, W) - HALLA -\",\"isPartOf\":{\"@id\":\"https:\/\/www.oknobuild.com\/#website\"},\"primaryImageOfPage\":{\"@id\":\"https:\/\/www.oknobuild.com\/index.php\/produkt\/sezonni-sleva-svitidlo-vestavne-ravo-led-2850lm-ip44-55-072p-10ghe-830-w-halla-52522\/#primaryimage\"},\"image\":{\"@id\":\"https:\/\/www.oknobuild.com\/index.php\/produkt\/sezonni-sleva-svitidlo-vestavne-ravo-led-2850lm-ip44-55-072p-10ghe-830-w-halla-52522\/#primaryimage\"},\"thumbnailUrl\":\"https:\/\/www.oknobuild.com\/wp-content\/uploads\/2026\/SK0014434-CZ20260425-091535-0-1777079743-HAL-55-072P-10GHE-830-W.webp\",\"datePublished\":\"2026-04-27T04:42:54+00:00\",\"breadcrumb\":{\"@id\":\"https:\/\/www.oknobuild.com\/index.php\/produkt\/sezonni-sleva-svitidlo-vestavne-ravo-led-2850lm-ip44-55-072p-10ghe-830-w-halla-52522\/#breadcrumb\"},\"inLanguage\":\"cs\",\"potentialAction\":[{\"@type\":\"ReadAction\",\"target\":[\"https:\/\/www.oknobuild.com\/index.php\/produkt\/sezonni-sleva-svitidlo-vestavne-ravo-led-2850lm-ip44-55-072p-10ghe-830-w-halla-52522\/\"]}]},{\"@type\":\"ImageObject\",\"inLanguage\":\"cs\",\"@id\":\"https:\/\/www.oknobuild.com\/index.php\/produkt\/sezonni-sleva-svitidlo-vestavne-ravo-led-2850lm-ip44-55-072p-10ghe-830-w-halla-52522\/#primaryimage\",\"url\":\"https:\/\/www.oknobuild.com\/wp-content\/uploads\/2026\/SK0014434-CZ20260425-091535-0-1777079743-HAL-55-072P-10GHE-830-W.webp\",\"contentUrl\":\"https:\/\/www.oknobuild.com\/wp-content\/uploads\/2026\/SK0014434-CZ20260425-091535-0-1777079743-HAL-55-072P-10GHE-830-W.webp\",\"width\":259,\"height\":194},{\"@type\":\"BreadcrumbList\",\"@id\":\"https:\/\/www.oknobuild.com\/index.php\/produkt\/sezonni-sleva-svitidlo-vestavne-ravo-led-2850lm-ip44-55-072p-10ghe-830-w-halla-52522\/#breadcrumb\",\"itemListElement\":[{\"@type\":\"ListItem\",\"position\":1,\"name\":\"Home\",\"item\":\"https:\/\/www.oknobuild.com\/\"},{\"@type\":\"ListItem\",\"position\":2,\"name\":\"Products\",\"item\":\"https:\/\/www.oknobuild.com\/index.php\/products\/\"},{\"@type\":\"ListItem\",\"position\":3,\"name\":\"Sez\u00f3nn\u00ed Sleva Sv\u00edtidlo vestavn\u00e9 RAVO LED 2850lm IP44 (55-072P-10GHE\/830, W) &#8211; HALLA\"}]},{\"@type\":\"WebSite\",\"@id\":\"https:\/\/www.oknobuild.com\/#website\",\"url\":\"https:\/\/www.oknobuild.com\/\",\"name\":\"\",\"description\":\"\",\"potentialAction\":[{\"@type\":\"SearchAction\",\"target\":{\"@type\":\"EntryPoint\",\"urlTemplate\":\"https:\/\/www.oknobuild.com\/?s={search_term_string}\"},\"query-input\":{\"@type\":\"PropertyValueSpecification\",\"valueRequired\":true,\"valueName\":\"search_term_string\"}}],\"inLanguage\":\"cs\"}]}<\/script>\n<!-- \/ Yoast SEO plugin. -->","yoast_head_json":{"title":"Sez\u00f3nn\u00ed Sleva Sv\u00edtidlo vestavn\u00e9 RAVO LED 2850lm IP44 (55-072P-10GHE\/830, W) - HALLA -","robots":{"index":"index","follow":"follow","max-snippet":"max-snippet:-1","max-image-preview":"max-image-preview:large","max-video-preview":"max-video-preview:-1"},"canonical":"https:\/\/www.oknobuild.com\/index.php\/produkt\/sezonni-sleva-svitidlo-vestavne-ravo-led-2850lm-ip44-55-072p-10ghe-830-w-halla-52522\/","og_locale":"cs_CZ","og_type":"article","og_title":"Sez\u00f3nn\u00ed Sleva Sv\u00edtidlo vestavn\u00e9 RAVO LED 2850lm IP44 (55-072P-10GHE\/830, W) - HALLA -","og_description":"Parametry Barva b\u00edl\u00e1 Po\u010det sv\u011bteln\u00fdch zdroj\u016f 1 Nap\u00e1jec\u00ed nap\u011bt\u00ed 230V V\u010detn\u011b sv\u011bteln\u00e9ho zdroje ano Kolekce RAVO Materi\u00e1l kov Mont\u00e1\u017en\u00ed otvor v mm 160 Patice LED Max. p\u0159\u00edkon sv\u011bteln\u00e9ho zdroje 23,3W Ochrana IP IP44 Stm\u00edvateln\u00e9 ne Energetick\u00e1 \u00fa\u010dinnost A Teplota barvy sv\u011btla 3000K \u017divotnost 50000h Pr\u016fm\u011br v mm 172 V\u00fdrobce HALLA Sv\u011bteln\u00fd tok 2850lm Z\u00e1pustn\u00e1 hloubka [&hellip;]","og_url":"https:\/\/www.oknobuild.com\/index.php\/produkt\/sezonni-sleva-svitidlo-vestavne-ravo-led-2850lm-ip44-55-072p-10ghe-830-w-halla-52522\/","og_image":[{"width":259,"height":194,"url":"https:\/\/www.oknobuild.com\/wp-content\/uploads\/2026\/SK0014434-CZ20260425-091535-0-1777079743-HAL-55-072P-10GHE-830-W.webp","type":"image\/webp"}],"twitter_card":"summary_large_image","schema":{"@context":"https:\/\/schema.org","@graph":[{"@type":"WebPage","@id":"https:\/\/www.oknobuild.com\/index.php\/produkt\/sezonni-sleva-svitidlo-vestavne-ravo-led-2850lm-ip44-55-072p-10ghe-830-w-halla-52522\/","url":"https:\/\/www.oknobuild.com\/index.php\/produkt\/sezonni-sleva-svitidlo-vestavne-ravo-led-2850lm-ip44-55-072p-10ghe-830-w-halla-52522\/","name":"Sez\u00f3nn\u00ed Sleva Sv\u00edtidlo vestavn\u00e9 RAVO LED 2850lm IP44 (55-072P-10GHE\/830, W) - HALLA -","isPartOf":{"@id":"https:\/\/www.oknobuild.com\/#website"},"primaryImageOfPage":{"@id":"https:\/\/www.oknobuild.com\/index.php\/produkt\/sezonni-sleva-svitidlo-vestavne-ravo-led-2850lm-ip44-55-072p-10ghe-830-w-halla-52522\/#primaryimage"},"image":{"@id":"https:\/\/www.oknobuild.com\/index.php\/produkt\/sezonni-sleva-svitidlo-vestavne-ravo-led-2850lm-ip44-55-072p-10ghe-830-w-halla-52522\/#primaryimage"},"thumbnailUrl":"https:\/\/www.oknobuild.com\/wp-content\/uploads\/2026\/SK0014434-CZ20260425-091535-0-1777079743-HAL-55-072P-10GHE-830-W.webp","datePublished":"2026-04-27T04:42:54+00:00","breadcrumb":{"@id":"https:\/\/www.oknobuild.com\/index.php\/produkt\/sezonni-sleva-svitidlo-vestavne-ravo-led-2850lm-ip44-55-072p-10ghe-830-w-halla-52522\/#breadcrumb"},"inLanguage":"cs","potentialAction":[{"@type":"ReadAction","target":["https:\/\/www.oknobuild.com\/index.php\/produkt\/sezonni-sleva-svitidlo-vestavne-ravo-led-2850lm-ip44-55-072p-10ghe-830-w-halla-52522\/"]}]},{"@type":"ImageObject","inLanguage":"cs","@id":"https:\/\/www.oknobuild.com\/index.php\/produkt\/sezonni-sleva-svitidlo-vestavne-ravo-led-2850lm-ip44-55-072p-10ghe-830-w-halla-52522\/#primaryimage","url":"https:\/\/www.oknobuild.com\/wp-content\/uploads\/2026\/SK0014434-CZ20260425-091535-0-1777079743-HAL-55-072P-10GHE-830-W.webp","contentUrl":"https:\/\/www.oknobuild.com\/wp-content\/uploads\/2026\/SK0014434-CZ20260425-091535-0-1777079743-HAL-55-072P-10GHE-830-W.webp","width":259,"height":194},{"@type":"BreadcrumbList","@id":"https:\/\/www.oknobuild.com\/index.php\/produkt\/sezonni-sleva-svitidlo-vestavne-ravo-led-2850lm-ip44-55-072p-10ghe-830-w-halla-52522\/#breadcrumb","itemListElement":[{"@type":"ListItem","position":1,"name":"Home","item":"https:\/\/www.oknobuild.com\/"},{"@type":"ListItem","position":2,"name":"Products","item":"https:\/\/www.oknobuild.com\/index.php\/products\/"},{"@type":"ListItem","position":3,"name":"Sez\u00f3nn\u00ed Sleva Sv\u00edtidlo vestavn\u00e9 RAVO LED 2850lm IP44 (55-072P-10GHE\/830, W) &#8211; HALLA"}]},{"@type":"WebSite","@id":"https:\/\/www.oknobuild.com\/#website","url":"https:\/\/www.oknobuild.com\/","name":"","description":"","potentialAction":[{"@type":"SearchAction","target":{"@type":"EntryPoint","urlTemplate":"https:\/\/www.oknobuild.com\/?s={search_term_string}"},"query-input":{"@type":"PropertyValueSpecification","valueRequired":true,"valueName":"search_term_string"}}],"inLanguage":"cs"}]}},"_links":{"self":[{"href":"https:\/\/www.oknobuild.com\/index.php\/wp-json\/wp\/v2\/product\/52522","targetHints":{"allow":["GET"]}}],"collection":[{"href":"https:\/\/www.oknobuild.com\/index.php\/wp-json\/wp\/v2\/product"}],"about":[{"href":"https:\/\/www.oknobuild.com\/index.php\/wp-json\/wp\/v2\/types\/product"}],"replies":[{"embeddable":true,"href":"https:\/\/www.oknobuild.com\/index.php\/wp-json\/wp\/v2\/comments?post=52522"}],"wp:featuredmedia":[{"embeddable":true,"href":"https:\/\/www.oknobuild.com\/index.php\/wp-json\/wp\/v2\/media\/52622"}],"wp:attachment":[{"href":"https:\/\/www.oknobuild.com\/index.php\/wp-json\/wp\/v2\/media?parent=52522"}],"wp:term":[{"taxonomy":"product_brand","embeddable":true,"href":"https:\/\/www.oknobuild.com\/index.php\/wp-json\/wp\/v2\/product_brand?post=52522"},{"taxonomy":"product_cat","embeddable":true,"href":"https:\/\/www.oknobuild.com\/index.php\/wp-json\/wp\/v2\/product_cat?post=52522"},{"taxonomy":"product_tag","embeddable":true,"href":"https:\/\/www.oknobuild.com\/index.php\/wp-json\/wp\/v2\/product_tag?post=52522"}],"curies":[{"name":"wp","href":"https:\/\/api.w.org\/{rel}","templated":true}]}}