{"id":52714,"date":"2026-04-27T04:42:54","date_gmt":"2026-04-27T04:42:54","guid":{"rendered":""},"modified":"2026-04-27T04:42:54","modified_gmt":"2026-04-27T04:42:54","slug":"znackovy-nastenne-svitidlo-amherst-ocel-hedvabi-nikl-bila-e14-1x40w-hudson-valley-52714","status":"publish","type":"product","link":"https:\/\/www.oknobuild.com\/index.php\/produkt\/znackovy-nastenne-svitidlo-amherst-ocel-hedvabi-nikl-bila-e14-1x40w-hudson-valley-52714\/","title":{"rendered":"Zna\u010dkov\u00fd N\u00e1st\u011bnn\u00e9 sv\u00edtidlo AMHERST ocel\/hedv\u00e1b\u00ed nikl\/b\u00edl\u00e1 E14 1x40W &#8211; HUDSON VALLEY"},"content":{"rendered":"<h3 class=\"product-h3\">Popis produktu<\/h3>\n<p><p>Podlouhl\u00e9 rukojeti sv\u00edtilen na\u0161ich sv\u00edtidel Amherst se vyh\u00fdbaj\u00ed zbyte\u010dn\u00e9 slo\u017eitosti, co\u017e m\u00e1 za n\u00e1sledek hladkou sofistikovanost. K\u0159i\u0161\u0165\u00e1lov\u00e9 akcenty mu dod\u00e1vaj\u00ed \u0161mrnc 21. stolet\u00ed. B\u00edl\u00e1 l\u00e1tkov\u00e1 st\u00ednidla zdob\u00ed vysok\u00e9 zkosen\u00ed a dopl\u0148uj\u00ed v\u00e1lcovit\u00fd tvar Amherstov\u00fdch k\u0159i\u0161\u0165\u00e1lov\u00fdch bob\u016f.<\/p>\n<\/p><\/div>\n<\/p><\/div>\n<p><\/p>\n<div class=\"top-params\">\n<h3 class=\"product-h3 collapse-header \" data-toggle=\"collapse\" data-target=\"#collapseOne\" aria-expanded=\"true\" aria-controls=\"collapseOne\">Parametry<\/h3>\n<div id=\"collapseOne\" class=\"collapse show\" aria-labelledby=\"headingOne\" data-parent=\"#product-info-accordion1\">\n<table class=\"table-striped\">\n<tr>\n<td>                V\u00fd\u0161ka v mm            <\/td>\n<td>                914.4            <\/td>\n<\/tr>\n<tr>\n<td>                \u0160\u00ed\u0159ka v mm            <\/td>\n<td>                136.5            <\/td>\n<\/tr>\n<tr>\n<td>                D\u00e9lka v mm            <\/td>\n<td>                139.7            <\/td>\n<\/tr>\n<tr>\n<td>                Ochrana IP            <\/td>\n<td>                IP20            <\/td>\n<\/tr>\n<tr>\n<td>                Max. p\u0159\u00edkon sv\u011bteln\u00e9ho zdroje            <\/td>\n<td>                40W            <\/td>\n<\/tr>\n<tr>\n<td>                V\u00fdkon            <\/td>\n<td>                40W            <\/td>\n<\/tr>\n<tr>\n<td>                Nap\u00e1jec\u00ed nap\u011bt\u00ed            <\/td>\n<td>                220-240V            <\/td>\n<\/tr>\n<tr>\n<td>                Patice            <\/td>\n<td>                E14            <\/td>\n<\/tr>\n<tr>\n<td>                V\u010detn\u011b sv\u011bteln\u00e9ho zdroje            <\/td>\n<td>                ne            <\/td>\n<\/tr>\n<tr>\n<td>                Materi\u00e1l            <\/td>\n<td>                ocel\/hedv\u00e1b\u00ed            <\/td>\n<\/tr>\n<tr>\n<td>                Barva            <\/td>\n<td>                nikl\/b\u00edl\u00e1            <\/td>\n<\/tr>\n<tr>\n<td>                Kolekce            <\/td>\n<td>                AMHERST            <\/td>\n<\/tr>\n<tr>\n<td>                Po\u010det sv\u011bteln\u00fdch zdroj\u016f            <\/td>\n<td>                1            <\/td>\n<\/tr>\n<tr>\n<td>                V\u00fdrobce            <\/td>\n<td>                HUDSON VALLEY            <\/td>\n<\/tr>\n<tr>\n<td>                V\u00fdroba na zak\u00e1zku            <\/td>\n<td>                ano            <\/td>\n<\/tr>\n<tr>\n<td>                U v\u00fdrobce dostupn\u00fdch            <\/td>\n<td>                0                    ks            <\/td>\n<\/tr>\n<\/table>\n<\/div><\/div>\n<\/div>\n<div class=\"accordion\" id=\"product-info-accordion2\">\n","protected":false},"excerpt":{"rendered":"<p>Popis produktu Podlouhl\u00e9 rukojeti sv\u00edtilen na\u0161ich sv\u00edtidel Amherst se vyh\u00fdbaj\u00ed zbyte\u010dn\u00e9 slo\u017eitosti, co\u017e m\u00e1 za n\u00e1sledek hladkou sofistikovanost. K\u0159i\u0161\u0165\u00e1lov\u00e9 akcenty mu dod\u00e1vaj\u00ed \u0161mrnc 21. stolet\u00ed. B\u00edl\u00e1 l\u00e1tkov\u00e1 st\u00ednidla zdob\u00ed vysok\u00e9 zkosen\u00ed a dopl\u0148uj\u00ed v\u00e1lcovit\u00fd tvar Amherstov\u00fdch k\u0159i\u0161\u0165\u00e1lov\u00fdch bob\u016f. Parametry V\u00fd\u0161ka v mm 914.4 \u0160\u00ed\u0159ka v mm 136.5 D\u00e9lka v mm 139.7 Ochrana IP IP20 Max. [&hellip;]<\/p>\n","protected":false},"featured_media":52814,"comment_status":"open","ping_status":"open","template":"","meta":[],"product_brand":[],"product_cat":[32],"product_tag":[],"class_list":{"0":"post-52714","1":"product","2":"type-product","3":"status-publish","4":"has-post-thumbnail","6":"product_cat-interierova-svitidla","8":"first","9":"instock","10":"sale","11":"shipping-taxable","12":"purchasable","13":"product-type-simple"},"yoast_head":"<!-- This site is optimized with the Yoast SEO plugin v26.8 - https:\/\/yoast.com\/product\/yoast-seo-wordpress\/ -->\n<title>Zna\u010dkov\u00fd N\u00e1st\u011bnn\u00e9 sv\u00edtidlo AMHERST ocel\/hedv\u00e1b\u00ed nikl\/b\u00edl\u00e1 E14 1x40W - HUDSON VALLEY -<\/title>\n<meta name=\"robots\" content=\"index, follow, max-snippet:-1, max-image-preview:large, max-video-preview:-1\" \/>\n<link rel=\"canonical\" href=\"https:\/\/www.oknobuild.com\/index.php\/produkt\/znackovy-nastenne-svitidlo-amherst-ocel-hedvabi-nikl-bila-e14-1x40w-hudson-valley-52714\/\" \/>\n<meta property=\"og:locale\" content=\"cs_CZ\" \/>\n<meta property=\"og:type\" content=\"article\" \/>\n<meta property=\"og:title\" content=\"Zna\u010dkov\u00fd N\u00e1st\u011bnn\u00e9 sv\u00edtidlo AMHERST ocel\/hedv\u00e1b\u00ed nikl\/b\u00edl\u00e1 E14 1x40W - HUDSON VALLEY -\" \/>\n<meta property=\"og:description\" content=\"Popis produktu Podlouhl\u00e9 rukojeti sv\u00edtilen na\u0161ich sv\u00edtidel Amherst se vyh\u00fdbaj\u00ed zbyte\u010dn\u00e9 slo\u017eitosti, co\u017e m\u00e1 za n\u00e1sledek hladkou sofistikovanost. K\u0159i\u0161\u0165\u00e1lov\u00e9 akcenty mu dod\u00e1vaj\u00ed \u0161mrnc 21. stolet\u00ed. B\u00edl\u00e1 l\u00e1tkov\u00e1 st\u00ednidla zdob\u00ed vysok\u00e9 zkosen\u00ed a dopl\u0148uj\u00ed v\u00e1lcovit\u00fd tvar Amherstov\u00fdch k\u0159i\u0161\u0165\u00e1lov\u00fdch bob\u016f. Parametry V\u00fd\u0161ka v mm 914.4 \u0160\u00ed\u0159ka v mm 136.5 D\u00e9lka v mm 139.7 Ochrana IP IP20 Max. [&hellip;]\" \/>\n<meta property=\"og:url\" content=\"https:\/\/www.oknobuild.com\/index.php\/produkt\/znackovy-nastenne-svitidlo-amherst-ocel-hedvabi-nikl-bila-e14-1x40w-hudson-valley-52714\/\" \/>\n<meta property=\"og:image\" content=\"https:\/\/www.oknobuild.com\/wp-content\/uploads\/2026\/SK0014684-CZ20260425-091535-0-1777079743-HVLG-8536-PN-CE.webp\" \/>\n\t<meta property=\"og:image:width\" content=\"800\" \/>\n\t<meta property=\"og:image:height\" content=\"800\" \/>\n\t<meta property=\"og:image:type\" content=\"image\/webp\" \/>\n<meta name=\"twitter:card\" content=\"summary_large_image\" \/>\n<meta name=\"twitter:label1\" content=\"Odhadovan\u00e1 doba \u010dten\u00ed\" \/>\n\t<meta name=\"twitter:data1\" content=\"1 minuta\" \/>\n<script type=\"application\/ld+json\" class=\"yoast-schema-graph\">{\"@context\":\"https:\/\/schema.org\",\"@graph\":[{\"@type\":\"WebPage\",\"@id\":\"https:\/\/www.oknobuild.com\/index.php\/produkt\/znackovy-nastenne-svitidlo-amherst-ocel-hedvabi-nikl-bila-e14-1x40w-hudson-valley-52714\/\",\"url\":\"https:\/\/www.oknobuild.com\/index.php\/produkt\/znackovy-nastenne-svitidlo-amherst-ocel-hedvabi-nikl-bila-e14-1x40w-hudson-valley-52714\/\",\"name\":\"Zna\u010dkov\u00fd N\u00e1st\u011bnn\u00e9 sv\u00edtidlo AMHERST ocel\/hedv\u00e1b\u00ed nikl\/b\u00edl\u00e1 E14 1x40W - HUDSON VALLEY -\",\"isPartOf\":{\"@id\":\"https:\/\/www.oknobuild.com\/#website\"},\"primaryImageOfPage\":{\"@id\":\"https:\/\/www.oknobuild.com\/index.php\/produkt\/znackovy-nastenne-svitidlo-amherst-ocel-hedvabi-nikl-bila-e14-1x40w-hudson-valley-52714\/#primaryimage\"},\"image\":{\"@id\":\"https:\/\/www.oknobuild.com\/index.php\/produkt\/znackovy-nastenne-svitidlo-amherst-ocel-hedvabi-nikl-bila-e14-1x40w-hudson-valley-52714\/#primaryimage\"},\"thumbnailUrl\":\"https:\/\/www.oknobuild.com\/wp-content\/uploads\/2026\/SK0014684-CZ20260425-091535-0-1777079743-HVLG-8536-PN-CE.webp\",\"datePublished\":\"2026-04-27T04:42:54+00:00\",\"breadcrumb\":{\"@id\":\"https:\/\/www.oknobuild.com\/index.php\/produkt\/znackovy-nastenne-svitidlo-amherst-ocel-hedvabi-nikl-bila-e14-1x40w-hudson-valley-52714\/#breadcrumb\"},\"inLanguage\":\"cs\",\"potentialAction\":[{\"@type\":\"ReadAction\",\"target\":[\"https:\/\/www.oknobuild.com\/index.php\/produkt\/znackovy-nastenne-svitidlo-amherst-ocel-hedvabi-nikl-bila-e14-1x40w-hudson-valley-52714\/\"]}]},{\"@type\":\"ImageObject\",\"inLanguage\":\"cs\",\"@id\":\"https:\/\/www.oknobuild.com\/index.php\/produkt\/znackovy-nastenne-svitidlo-amherst-ocel-hedvabi-nikl-bila-e14-1x40w-hudson-valley-52714\/#primaryimage\",\"url\":\"https:\/\/www.oknobuild.com\/wp-content\/uploads\/2026\/SK0014684-CZ20260425-091535-0-1777079743-HVLG-8536-PN-CE.webp\",\"contentUrl\":\"https:\/\/www.oknobuild.com\/wp-content\/uploads\/2026\/SK0014684-CZ20260425-091535-0-1777079743-HVLG-8536-PN-CE.webp\",\"width\":800,\"height\":800},{\"@type\":\"BreadcrumbList\",\"@id\":\"https:\/\/www.oknobuild.com\/index.php\/produkt\/znackovy-nastenne-svitidlo-amherst-ocel-hedvabi-nikl-bila-e14-1x40w-hudson-valley-52714\/#breadcrumb\",\"itemListElement\":[{\"@type\":\"ListItem\",\"position\":1,\"name\":\"Home\",\"item\":\"https:\/\/www.oknobuild.com\/\"},{\"@type\":\"ListItem\",\"position\":2,\"name\":\"Products\",\"item\":\"https:\/\/www.oknobuild.com\/index.php\/products\/\"},{\"@type\":\"ListItem\",\"position\":3,\"name\":\"Zna\u010dkov\u00fd N\u00e1st\u011bnn\u00e9 sv\u00edtidlo AMHERST ocel\/hedv\u00e1b\u00ed nikl\/b\u00edl\u00e1 E14 1x40W &#8211; HUDSON VALLEY\"}]},{\"@type\":\"WebSite\",\"@id\":\"https:\/\/www.oknobuild.com\/#website\",\"url\":\"https:\/\/www.oknobuild.com\/\",\"name\":\"\",\"description\":\"\",\"potentialAction\":[{\"@type\":\"SearchAction\",\"target\":{\"@type\":\"EntryPoint\",\"urlTemplate\":\"https:\/\/www.oknobuild.com\/?s={search_term_string}\"},\"query-input\":{\"@type\":\"PropertyValueSpecification\",\"valueRequired\":true,\"valueName\":\"search_term_string\"}}],\"inLanguage\":\"cs\"}]}<\/script>\n<!-- \/ Yoast SEO plugin. -->","yoast_head_json":{"title":"Zna\u010dkov\u00fd N\u00e1st\u011bnn\u00e9 sv\u00edtidlo AMHERST ocel\/hedv\u00e1b\u00ed nikl\/b\u00edl\u00e1 E14 1x40W - HUDSON VALLEY -","robots":{"index":"index","follow":"follow","max-snippet":"max-snippet:-1","max-image-preview":"max-image-preview:large","max-video-preview":"max-video-preview:-1"},"canonical":"https:\/\/www.oknobuild.com\/index.php\/produkt\/znackovy-nastenne-svitidlo-amherst-ocel-hedvabi-nikl-bila-e14-1x40w-hudson-valley-52714\/","og_locale":"cs_CZ","og_type":"article","og_title":"Zna\u010dkov\u00fd N\u00e1st\u011bnn\u00e9 sv\u00edtidlo AMHERST ocel\/hedv\u00e1b\u00ed nikl\/b\u00edl\u00e1 E14 1x40W - HUDSON VALLEY -","og_description":"Popis produktu Podlouhl\u00e9 rukojeti sv\u00edtilen na\u0161ich sv\u00edtidel Amherst se vyh\u00fdbaj\u00ed zbyte\u010dn\u00e9 slo\u017eitosti, co\u017e m\u00e1 za n\u00e1sledek hladkou sofistikovanost. K\u0159i\u0161\u0165\u00e1lov\u00e9 akcenty mu dod\u00e1vaj\u00ed \u0161mrnc 21. stolet\u00ed. B\u00edl\u00e1 l\u00e1tkov\u00e1 st\u00ednidla zdob\u00ed vysok\u00e9 zkosen\u00ed a dopl\u0148uj\u00ed v\u00e1lcovit\u00fd tvar Amherstov\u00fdch k\u0159i\u0161\u0165\u00e1lov\u00fdch bob\u016f. Parametry V\u00fd\u0161ka v mm 914.4 \u0160\u00ed\u0159ka v mm 136.5 D\u00e9lka v mm 139.7 Ochrana IP IP20 Max. [&hellip;]","og_url":"https:\/\/www.oknobuild.com\/index.php\/produkt\/znackovy-nastenne-svitidlo-amherst-ocel-hedvabi-nikl-bila-e14-1x40w-hudson-valley-52714\/","og_image":[{"width":800,"height":800,"url":"https:\/\/www.oknobuild.com\/wp-content\/uploads\/2026\/SK0014684-CZ20260425-091535-0-1777079743-HVLG-8536-PN-CE.webp","type":"image\/webp"}],"twitter_card":"summary_large_image","twitter_misc":{"Odhadovan\u00e1 doba \u010dten\u00ed":"1 minuta"},"schema":{"@context":"https:\/\/schema.org","@graph":[{"@type":"WebPage","@id":"https:\/\/www.oknobuild.com\/index.php\/produkt\/znackovy-nastenne-svitidlo-amherst-ocel-hedvabi-nikl-bila-e14-1x40w-hudson-valley-52714\/","url":"https:\/\/www.oknobuild.com\/index.php\/produkt\/znackovy-nastenne-svitidlo-amherst-ocel-hedvabi-nikl-bila-e14-1x40w-hudson-valley-52714\/","name":"Zna\u010dkov\u00fd N\u00e1st\u011bnn\u00e9 sv\u00edtidlo AMHERST ocel\/hedv\u00e1b\u00ed nikl\/b\u00edl\u00e1 E14 1x40W - HUDSON VALLEY -","isPartOf":{"@id":"https:\/\/www.oknobuild.com\/#website"},"primaryImageOfPage":{"@id":"https:\/\/www.oknobuild.com\/index.php\/produkt\/znackovy-nastenne-svitidlo-amherst-ocel-hedvabi-nikl-bila-e14-1x40w-hudson-valley-52714\/#primaryimage"},"image":{"@id":"https:\/\/www.oknobuild.com\/index.php\/produkt\/znackovy-nastenne-svitidlo-amherst-ocel-hedvabi-nikl-bila-e14-1x40w-hudson-valley-52714\/#primaryimage"},"thumbnailUrl":"https:\/\/www.oknobuild.com\/wp-content\/uploads\/2026\/SK0014684-CZ20260425-091535-0-1777079743-HVLG-8536-PN-CE.webp","datePublished":"2026-04-27T04:42:54+00:00","breadcrumb":{"@id":"https:\/\/www.oknobuild.com\/index.php\/produkt\/znackovy-nastenne-svitidlo-amherst-ocel-hedvabi-nikl-bila-e14-1x40w-hudson-valley-52714\/#breadcrumb"},"inLanguage":"cs","potentialAction":[{"@type":"ReadAction","target":["https:\/\/www.oknobuild.com\/index.php\/produkt\/znackovy-nastenne-svitidlo-amherst-ocel-hedvabi-nikl-bila-e14-1x40w-hudson-valley-52714\/"]}]},{"@type":"ImageObject","inLanguage":"cs","@id":"https:\/\/www.oknobuild.com\/index.php\/produkt\/znackovy-nastenne-svitidlo-amherst-ocel-hedvabi-nikl-bila-e14-1x40w-hudson-valley-52714\/#primaryimage","url":"https:\/\/www.oknobuild.com\/wp-content\/uploads\/2026\/SK0014684-CZ20260425-091535-0-1777079743-HVLG-8536-PN-CE.webp","contentUrl":"https:\/\/www.oknobuild.com\/wp-content\/uploads\/2026\/SK0014684-CZ20260425-091535-0-1777079743-HVLG-8536-PN-CE.webp","width":800,"height":800},{"@type":"BreadcrumbList","@id":"https:\/\/www.oknobuild.com\/index.php\/produkt\/znackovy-nastenne-svitidlo-amherst-ocel-hedvabi-nikl-bila-e14-1x40w-hudson-valley-52714\/#breadcrumb","itemListElement":[{"@type":"ListItem","position":1,"name":"Home","item":"https:\/\/www.oknobuild.com\/"},{"@type":"ListItem","position":2,"name":"Products","item":"https:\/\/www.oknobuild.com\/index.php\/products\/"},{"@type":"ListItem","position":3,"name":"Zna\u010dkov\u00fd N\u00e1st\u011bnn\u00e9 sv\u00edtidlo AMHERST ocel\/hedv\u00e1b\u00ed nikl\/b\u00edl\u00e1 E14 1x40W &#8211; HUDSON VALLEY"}]},{"@type":"WebSite","@id":"https:\/\/www.oknobuild.com\/#website","url":"https:\/\/www.oknobuild.com\/","name":"","description":"","potentialAction":[{"@type":"SearchAction","target":{"@type":"EntryPoint","urlTemplate":"https:\/\/www.oknobuild.com\/?s={search_term_string}"},"query-input":{"@type":"PropertyValueSpecification","valueRequired":true,"valueName":"search_term_string"}}],"inLanguage":"cs"}]}},"_links":{"self":[{"href":"https:\/\/www.oknobuild.com\/index.php\/wp-json\/wp\/v2\/product\/52714","targetHints":{"allow":["GET"]}}],"collection":[{"href":"https:\/\/www.oknobuild.com\/index.php\/wp-json\/wp\/v2\/product"}],"about":[{"href":"https:\/\/www.oknobuild.com\/index.php\/wp-json\/wp\/v2\/types\/product"}],"replies":[{"embeddable":true,"href":"https:\/\/www.oknobuild.com\/index.php\/wp-json\/wp\/v2\/comments?post=52714"}],"wp:featuredmedia":[{"embeddable":true,"href":"https:\/\/www.oknobuild.com\/index.php\/wp-json\/wp\/v2\/media\/52814"}],"wp:attachment":[{"href":"https:\/\/www.oknobuild.com\/index.php\/wp-json\/wp\/v2\/media?parent=52714"}],"wp:term":[{"taxonomy":"product_brand","embeddable":true,"href":"https:\/\/www.oknobuild.com\/index.php\/wp-json\/wp\/v2\/product_brand?post=52714"},{"taxonomy":"product_cat","embeddable":true,"href":"https:\/\/www.oknobuild.com\/index.php\/wp-json\/wp\/v2\/product_cat?post=52714"},{"taxonomy":"product_tag","embeddable":true,"href":"https:\/\/www.oknobuild.com\/index.php\/wp-json\/wp\/v2\/product_tag?post=52714"}],"curies":[{"name":"wp","href":"https:\/\/api.w.org\/{rel}","templated":true}]}}