{"id":53583,"date":"2026-04-27T04:42:56","date_gmt":"2026-04-27T04:42:56","guid":{"rendered":""},"modified":"2026-04-27T04:42:56","modified_gmt":"2026-04-27T04:42:56","slug":"akcni-cena-nastenne-a-stropni-svitidlo-ideal-lux-ocean-pl2-bianco-081434-bile-33-5cm-ideallux-53583","status":"publish","type":"product","link":"https:\/\/www.oknobuild.com\/produkt\/akcni-cena-nastenne-a-stropni-svitidlo-ideal-lux-ocean-pl2-bianco-081434-bile-33-5cm-ideallux-53583\/","title":{"rendered":"Ak\u010dn\u00ed Cena N\u00e1st\u011bnn\u00e9 a stropn\u00ed sv\u00edtidlo Ideal Lux Ocean PL2 bianco 081434 b\u00edl\u00e9 33,5cm &#8211; IDEALLUX"},"content":{"rendered":"<p><\/p>\n<div class=\"top-params\">\n<h3 class=\"product-h3 collapse-header \" data-toggle=\"collapse\" data-target=\"#collapseOne\" aria-expanded=\"true\" aria-controls=\"collapseOne\">Parametry<\/h3>\n<div id=\"collapseOne\" class=\"collapse show\" aria-labelledby=\"headingOne\" data-parent=\"#product-info-accordion1\">\n<table class=\"table-striped\">\n<tr>\n<td>                V\u00fd\u0161ka v mm            <\/td>\n<td>                280            <\/td>\n<\/tr>\n<tr>\n<td>                T\u0159\u00edda ochrany            <\/td>\n<td>                I            <\/td>\n<\/tr>\n<tr>\n<td>                \u0160\u00ed\u0159ka v mm            <\/td>\n<td>                90            <\/td>\n<\/tr>\n<tr>\n<td>                Ochrana IP            <\/td>\n<td>                IP20            <\/td>\n<\/tr>\n<tr>\n<td>                Max. p\u0159\u00edkon sv\u011bteln\u00e9ho zdroje            <\/td>\n<td>                60W            <\/td>\n<\/tr>\n<tr>\n<td>                V\u00fdkon            <\/td>\n<td>                120W            <\/td>\n<\/tr>\n<tr>\n<td>                Patice            <\/td>\n<td>                E27            <\/td>\n<\/tr>\n<tr>\n<td>                V\u010detn\u011b sv\u011bteln\u00e9ho zdroje            <\/td>\n<td>                ne            <\/td>\n<\/tr>\n<tr>\n<td>                Po\u010det sv\u011bteln\u00fdch zdroj\u016f            <\/td>\n<td>                2            <\/td>\n<\/tr>\n<tr>\n<td>                V\u00fdrobce            <\/td>\n<td>                IDEALLUX            <\/td>\n<\/tr>\n<tr>\n<td>                Hmotnost g            <\/td>\n<td>                1930            <\/td>\n<\/tr>\n<tr>\n<td>                D\u00e9lka v mm            <\/td>\n<td>                280            <\/td>\n<\/tr>\n<tr>\n<td>                Nap\u00e1jec\u00ed nap\u011bt\u00ed            <\/td>\n<td>                220-240V            <\/td>\n<\/tr>\n<tr>\n<td>                Materi\u00e1l            <\/td>\n<td>                kov\/sklo            <\/td>\n<\/tr>\n<tr>\n<td>                Barva            <\/td>\n<td>                pr\u016fhledn\u00e1\/chrom            <\/td>\n<\/tr>\n<tr>\n<td>                Kolekce            <\/td>\n<td>                OCEAN            <\/td>\n<\/tr>\n<tr>\n<td>                U v\u00fdrobce dostupn\u00fdch            <\/td>\n<td>                5                    ks            <\/td>\n<\/tr>\n<\/table>\n<\/div><\/div>\n<\/div>\n<div class=\"accordion\" id=\"product-info-accordion2\">\n","protected":false},"excerpt":{"rendered":"<p>Parametry V\u00fd\u0161ka v mm 280 T\u0159\u00edda ochrany I \u0160\u00ed\u0159ka v mm 90 Ochrana IP IP20 Max. p\u0159\u00edkon sv\u011bteln\u00e9ho zdroje 60W V\u00fdkon 120W Patice E27 V\u010detn\u011b sv\u011bteln\u00e9ho zdroje ne Po\u010det sv\u011bteln\u00fdch zdroj\u016f 2 V\u00fdrobce IDEALLUX Hmotnost g 1930 D\u00e9lka v mm 280 Nap\u00e1jec\u00ed nap\u011bt\u00ed 220-240V Materi\u00e1l kov\/sklo Barva pr\u016fhledn\u00e1\/chrom Kolekce OCEAN U v\u00fdrobce dostupn\u00fdch 5 ks<\/p>\n","protected":false},"featured_media":53683,"template":"","meta":[],"product_brand":[],"product_cat":[32],"product_tag":[],"class_list":{"0":"post-53583","1":"product","2":"type-product","3":"status-publish","4":"has-post-thumbnail","6":"product_cat-interierova-svitidla","8":"first","9":"instock","10":"sale","11":"shipping-taxable","12":"purchasable","13":"product-type-simple"},"yoast_head":"<!-- This site is optimized with the Yoast SEO plugin v26.8 - https:\/\/yoast.com\/product\/yoast-seo-wordpress\/ -->\n<title>Ak\u010dn\u00ed Cena N\u00e1st\u011bnn\u00e9 a stropn\u00ed sv\u00edtidlo Ideal Lux Ocean PL2 bianco 081434 b\u00edl\u00e9 33,5cm - IDEALLUX - Stavebn\u00ed materi\u00e1ly a vybaven\u00ed dom\u00e1cnosti<\/title>\n<meta name=\"robots\" content=\"index, follow, max-snippet:-1, max-image-preview:large, max-video-preview:-1\" \/>\n<link rel=\"canonical\" href=\"https:\/\/www.oknobuild.com\/index.php\/produkt\/akcni-cena-nastenne-a-stropni-svitidlo-ideal-lux-ocean-pl2-bianco-081434-bile-33-5cm-ideallux-53583\/\" \/>\n<meta property=\"og:locale\" content=\"cs_CZ\" \/>\n<meta property=\"og:type\" content=\"article\" \/>\n<meta property=\"og:title\" content=\"Ak\u010dn\u00ed Cena N\u00e1st\u011bnn\u00e9 a stropn\u00ed sv\u00edtidlo Ideal Lux Ocean PL2 bianco 081434 b\u00edl\u00e9 33,5cm - IDEALLUX - Stavebn\u00ed materi\u00e1ly a vybaven\u00ed dom\u00e1cnosti\" \/>\n<meta property=\"og:description\" content=\"Parametry V\u00fd\u0161ka v mm 280 T\u0159\u00edda ochrany I \u0160\u00ed\u0159ka v mm 90 Ochrana IP IP20 Max. p\u0159\u00edkon sv\u011bteln\u00e9ho zdroje 60W V\u00fdkon 120W Patice E27 V\u010detn\u011b sv\u011bteln\u00e9ho zdroje ne Po\u010det sv\u011bteln\u00fdch zdroj\u016f 2 V\u00fdrobce IDEALLUX Hmotnost g 1930 D\u00e9lka v mm 280 Nap\u00e1jec\u00ed nap\u011bt\u00ed 220-240V Materi\u00e1l kov\/sklo Barva pr\u016fhledn\u00e1\/chrom Kolekce OCEAN U v\u00fdrobce dostupn\u00fdch 5 ks\" \/>\n<meta property=\"og:url\" content=\"https:\/\/www.oknobuild.com\/index.php\/produkt\/akcni-cena-nastenne-a-stropni-svitidlo-ideal-lux-ocean-pl2-bianco-081434-bile-33-5cm-ideallux-53583\/\" \/>\n<meta property=\"og:site_name\" content=\"Stavebn\u00ed materi\u00e1ly a vybaven\u00ed dom\u00e1cnosti\" \/>\n<meta property=\"og:image\" content=\"https:\/\/www.oknobuild.com\/wp-content\/uploads\/2026\/SK0015231-CZ20260425-091535-0-1777079743-ILUX-081434.webp\" \/>\n\t<meta property=\"og:image:width\" content=\"709\" \/>\n\t<meta property=\"og:image:height\" content=\"709\" \/>\n\t<meta property=\"og:image:type\" content=\"image\/webp\" \/>\n<meta name=\"twitter:card\" content=\"summary_large_image\" \/>\n<script type=\"application\/ld+json\" class=\"yoast-schema-graph\">{\"@context\":\"https:\/\/schema.org\",\"@graph\":[{\"@type\":\"WebPage\",\"@id\":\"https:\/\/www.oknobuild.com\/index.php\/produkt\/akcni-cena-nastenne-a-stropni-svitidlo-ideal-lux-ocean-pl2-bianco-081434-bile-33-5cm-ideallux-53583\/\",\"url\":\"https:\/\/www.oknobuild.com\/index.php\/produkt\/akcni-cena-nastenne-a-stropni-svitidlo-ideal-lux-ocean-pl2-bianco-081434-bile-33-5cm-ideallux-53583\/\",\"name\":\"Ak\u010dn\u00ed Cena N\u00e1st\u011bnn\u00e9 a stropn\u00ed sv\u00edtidlo Ideal Lux Ocean PL2 bianco 081434 b\u00edl\u00e9 33,5cm - IDEALLUX - Stavebn\u00ed materi\u00e1ly a vybaven\u00ed dom\u00e1cnosti\",\"isPartOf\":{\"@id\":\"https:\/\/www.oknobuild.com\/#website\"},\"primaryImageOfPage\":{\"@id\":\"https:\/\/www.oknobuild.com\/index.php\/produkt\/akcni-cena-nastenne-a-stropni-svitidlo-ideal-lux-ocean-pl2-bianco-081434-bile-33-5cm-ideallux-53583\/#primaryimage\"},\"image\":{\"@id\":\"https:\/\/www.oknobuild.com\/index.php\/produkt\/akcni-cena-nastenne-a-stropni-svitidlo-ideal-lux-ocean-pl2-bianco-081434-bile-33-5cm-ideallux-53583\/#primaryimage\"},\"thumbnailUrl\":\"https:\/\/www.oknobuild.com\/wp-content\/uploads\/2026\/SK0015231-CZ20260425-091535-0-1777079743-ILUX-081434.webp\",\"datePublished\":\"2026-04-27T04:42:56+00:00\",\"breadcrumb\":{\"@id\":\"https:\/\/www.oknobuild.com\/index.php\/produkt\/akcni-cena-nastenne-a-stropni-svitidlo-ideal-lux-ocean-pl2-bianco-081434-bile-33-5cm-ideallux-53583\/#breadcrumb\"},\"inLanguage\":\"cs\",\"potentialAction\":[{\"@type\":\"ReadAction\",\"target\":[\"https:\/\/www.oknobuild.com\/index.php\/produkt\/akcni-cena-nastenne-a-stropni-svitidlo-ideal-lux-ocean-pl2-bianco-081434-bile-33-5cm-ideallux-53583\/\"]}]},{\"@type\":\"ImageObject\",\"inLanguage\":\"cs\",\"@id\":\"https:\/\/www.oknobuild.com\/index.php\/produkt\/akcni-cena-nastenne-a-stropni-svitidlo-ideal-lux-ocean-pl2-bianco-081434-bile-33-5cm-ideallux-53583\/#primaryimage\",\"url\":\"https:\/\/www.oknobuild.com\/wp-content\/uploads\/2026\/SK0015231-CZ20260425-091535-0-1777079743-ILUX-081434.webp\",\"contentUrl\":\"https:\/\/www.oknobuild.com\/wp-content\/uploads\/2026\/SK0015231-CZ20260425-091535-0-1777079743-ILUX-081434.webp\",\"width\":709,\"height\":709},{\"@type\":\"BreadcrumbList\",\"@id\":\"https:\/\/www.oknobuild.com\/index.php\/produkt\/akcni-cena-nastenne-a-stropni-svitidlo-ideal-lux-ocean-pl2-bianco-081434-bile-33-5cm-ideallux-53583\/#breadcrumb\",\"itemListElement\":[{\"@type\":\"ListItem\",\"position\":1,\"name\":\"Home\",\"item\":\"https:\/\/www.oknobuild.com\/\"},{\"@type\":\"ListItem\",\"position\":2,\"name\":\"Products\",\"item\":\"https:\/\/www.oknobuild.com\/products\/\"},{\"@type\":\"ListItem\",\"position\":3,\"name\":\"Ak\u010dn\u00ed Cena N\u00e1st\u011bnn\u00e9 a stropn\u00ed sv\u00edtidlo Ideal Lux Ocean PL2 bianco 081434 b\u00edl\u00e9 33,5cm &#8211; IDEALLUX\"}]},{\"@type\":\"WebSite\",\"@id\":\"https:\/\/www.oknobuild.com\/#website\",\"url\":\"https:\/\/www.oknobuild.com\/\",\"name\":\"Stavebn\u00ed materi\u00e1ly a vybaven\u00ed dom\u00e1cnosti\",\"description\":\"Stavebn\u00ed materi\u00e1ly a vybaven\u00ed dom\u00e1cnosti\",\"publisher\":{\"@id\":\"https:\/\/www.oknobuild.com\/#organization\"},\"potentialAction\":[{\"@type\":\"SearchAction\",\"target\":{\"@type\":\"EntryPoint\",\"urlTemplate\":\"https:\/\/www.oknobuild.com\/?s={search_term_string}\"},\"query-input\":{\"@type\":\"PropertyValueSpecification\",\"valueRequired\":true,\"valueName\":\"search_term_string\"}}],\"inLanguage\":\"cs\"},{\"@type\":\"Organization\",\"@id\":\"https:\/\/www.oknobuild.com\/#organization\",\"name\":\"Stavebn\u00ed materi\u00e1ly a vybaven\u00ed dom\u00e1cnosti\",\"url\":\"https:\/\/www.oknobuild.com\/\",\"logo\":{\"@type\":\"ImageObject\",\"inLanguage\":\"cs\",\"@id\":\"https:\/\/www.oknobuild.com\/#\/schema\/logo\/image\/\",\"url\":\"https:\/\/www.oknobuild.com\/wp-content\/uploads\/2026\/04\/oknobuild_logo.svg\",\"contentUrl\":\"https:\/\/www.oknobuild.com\/wp-content\/uploads\/2026\/04\/oknobuild_logo.svg\",\"width\":720,\"height\":180,\"caption\":\"Stavebn\u00ed materi\u00e1ly a vybaven\u00ed dom\u00e1cnosti\"},\"image\":{\"@id\":\"https:\/\/www.oknobuild.com\/#\/schema\/logo\/image\/\"}}]}<\/script>\n<!-- \/ Yoast SEO plugin. -->","yoast_head_json":{"title":"Ak\u010dn\u00ed Cena N\u00e1st\u011bnn\u00e9 a stropn\u00ed sv\u00edtidlo Ideal Lux Ocean PL2 bianco 081434 b\u00edl\u00e9 33,5cm - IDEALLUX - Stavebn\u00ed materi\u00e1ly a vybaven\u00ed dom\u00e1cnosti","robots":{"index":"index","follow":"follow","max-snippet":"max-snippet:-1","max-image-preview":"max-image-preview:large","max-video-preview":"max-video-preview:-1"},"canonical":"https:\/\/www.oknobuild.com\/index.php\/produkt\/akcni-cena-nastenne-a-stropni-svitidlo-ideal-lux-ocean-pl2-bianco-081434-bile-33-5cm-ideallux-53583\/","og_locale":"cs_CZ","og_type":"article","og_title":"Ak\u010dn\u00ed Cena N\u00e1st\u011bnn\u00e9 a stropn\u00ed sv\u00edtidlo Ideal Lux Ocean PL2 bianco 081434 b\u00edl\u00e9 33,5cm - IDEALLUX - Stavebn\u00ed materi\u00e1ly a vybaven\u00ed dom\u00e1cnosti","og_description":"Parametry V\u00fd\u0161ka v mm 280 T\u0159\u00edda ochrany I \u0160\u00ed\u0159ka v mm 90 Ochrana IP IP20 Max. p\u0159\u00edkon sv\u011bteln\u00e9ho zdroje 60W V\u00fdkon 120W Patice E27 V\u010detn\u011b sv\u011bteln\u00e9ho zdroje ne Po\u010det sv\u011bteln\u00fdch zdroj\u016f 2 V\u00fdrobce IDEALLUX Hmotnost g 1930 D\u00e9lka v mm 280 Nap\u00e1jec\u00ed nap\u011bt\u00ed 220-240V Materi\u00e1l kov\/sklo Barva pr\u016fhledn\u00e1\/chrom Kolekce OCEAN U v\u00fdrobce dostupn\u00fdch 5 ks","og_url":"https:\/\/www.oknobuild.com\/index.php\/produkt\/akcni-cena-nastenne-a-stropni-svitidlo-ideal-lux-ocean-pl2-bianco-081434-bile-33-5cm-ideallux-53583\/","og_site_name":"Stavebn\u00ed materi\u00e1ly a vybaven\u00ed dom\u00e1cnosti","og_image":[{"width":709,"height":709,"url":"https:\/\/www.oknobuild.com\/wp-content\/uploads\/2026\/SK0015231-CZ20260425-091535-0-1777079743-ILUX-081434.webp","type":"image\/webp"}],"twitter_card":"summary_large_image","schema":{"@context":"https:\/\/schema.org","@graph":[{"@type":"WebPage","@id":"https:\/\/www.oknobuild.com\/index.php\/produkt\/akcni-cena-nastenne-a-stropni-svitidlo-ideal-lux-ocean-pl2-bianco-081434-bile-33-5cm-ideallux-53583\/","url":"https:\/\/www.oknobuild.com\/index.php\/produkt\/akcni-cena-nastenne-a-stropni-svitidlo-ideal-lux-ocean-pl2-bianco-081434-bile-33-5cm-ideallux-53583\/","name":"Ak\u010dn\u00ed Cena N\u00e1st\u011bnn\u00e9 a stropn\u00ed sv\u00edtidlo Ideal Lux Ocean PL2 bianco 081434 b\u00edl\u00e9 33,5cm - IDEALLUX - Stavebn\u00ed materi\u00e1ly a vybaven\u00ed dom\u00e1cnosti","isPartOf":{"@id":"https:\/\/www.oknobuild.com\/#website"},"primaryImageOfPage":{"@id":"https:\/\/www.oknobuild.com\/index.php\/produkt\/akcni-cena-nastenne-a-stropni-svitidlo-ideal-lux-ocean-pl2-bianco-081434-bile-33-5cm-ideallux-53583\/#primaryimage"},"image":{"@id":"https:\/\/www.oknobuild.com\/index.php\/produkt\/akcni-cena-nastenne-a-stropni-svitidlo-ideal-lux-ocean-pl2-bianco-081434-bile-33-5cm-ideallux-53583\/#primaryimage"},"thumbnailUrl":"https:\/\/www.oknobuild.com\/wp-content\/uploads\/2026\/SK0015231-CZ20260425-091535-0-1777079743-ILUX-081434.webp","datePublished":"2026-04-27T04:42:56+00:00","breadcrumb":{"@id":"https:\/\/www.oknobuild.com\/index.php\/produkt\/akcni-cena-nastenne-a-stropni-svitidlo-ideal-lux-ocean-pl2-bianco-081434-bile-33-5cm-ideallux-53583\/#breadcrumb"},"inLanguage":"cs","potentialAction":[{"@type":"ReadAction","target":["https:\/\/www.oknobuild.com\/index.php\/produkt\/akcni-cena-nastenne-a-stropni-svitidlo-ideal-lux-ocean-pl2-bianco-081434-bile-33-5cm-ideallux-53583\/"]}]},{"@type":"ImageObject","inLanguage":"cs","@id":"https:\/\/www.oknobuild.com\/index.php\/produkt\/akcni-cena-nastenne-a-stropni-svitidlo-ideal-lux-ocean-pl2-bianco-081434-bile-33-5cm-ideallux-53583\/#primaryimage","url":"https:\/\/www.oknobuild.com\/wp-content\/uploads\/2026\/SK0015231-CZ20260425-091535-0-1777079743-ILUX-081434.webp","contentUrl":"https:\/\/www.oknobuild.com\/wp-content\/uploads\/2026\/SK0015231-CZ20260425-091535-0-1777079743-ILUX-081434.webp","width":709,"height":709},{"@type":"BreadcrumbList","@id":"https:\/\/www.oknobuild.com\/index.php\/produkt\/akcni-cena-nastenne-a-stropni-svitidlo-ideal-lux-ocean-pl2-bianco-081434-bile-33-5cm-ideallux-53583\/#breadcrumb","itemListElement":[{"@type":"ListItem","position":1,"name":"Home","item":"https:\/\/www.oknobuild.com\/"},{"@type":"ListItem","position":2,"name":"Products","item":"https:\/\/www.oknobuild.com\/products\/"},{"@type":"ListItem","position":3,"name":"Ak\u010dn\u00ed Cena N\u00e1st\u011bnn\u00e9 a stropn\u00ed sv\u00edtidlo Ideal Lux Ocean PL2 bianco 081434 b\u00edl\u00e9 33,5cm &#8211; IDEALLUX"}]},{"@type":"WebSite","@id":"https:\/\/www.oknobuild.com\/#website","url":"https:\/\/www.oknobuild.com\/","name":"Stavebn\u00ed materi\u00e1ly a vybaven\u00ed dom\u00e1cnosti","description":"Stavebn\u00ed materi\u00e1ly a vybaven\u00ed dom\u00e1cnosti","publisher":{"@id":"https:\/\/www.oknobuild.com\/#organization"},"potentialAction":[{"@type":"SearchAction","target":{"@type":"EntryPoint","urlTemplate":"https:\/\/www.oknobuild.com\/?s={search_term_string}"},"query-input":{"@type":"PropertyValueSpecification","valueRequired":true,"valueName":"search_term_string"}}],"inLanguage":"cs"},{"@type":"Organization","@id":"https:\/\/www.oknobuild.com\/#organization","name":"Stavebn\u00ed materi\u00e1ly a vybaven\u00ed dom\u00e1cnosti","url":"https:\/\/www.oknobuild.com\/","logo":{"@type":"ImageObject","inLanguage":"cs","@id":"https:\/\/www.oknobuild.com\/#\/schema\/logo\/image\/","url":"https:\/\/www.oknobuild.com\/wp-content\/uploads\/2026\/04\/oknobuild_logo.svg","contentUrl":"https:\/\/www.oknobuild.com\/wp-content\/uploads\/2026\/04\/oknobuild_logo.svg","width":720,"height":180,"caption":"Stavebn\u00ed materi\u00e1ly a vybaven\u00ed dom\u00e1cnosti"},"image":{"@id":"https:\/\/www.oknobuild.com\/#\/schema\/logo\/image\/"}}]}},"_links":{"self":[{"href":"https:\/\/www.oknobuild.com\/wp-json\/wp\/v2\/product\/53583","targetHints":{"allow":["GET"]}}],"collection":[{"href":"https:\/\/www.oknobuild.com\/wp-json\/wp\/v2\/product"}],"about":[{"href":"https:\/\/www.oknobuild.com\/wp-json\/wp\/v2\/types\/product"}],"wp:featuredmedia":[{"embeddable":true,"href":"https:\/\/www.oknobuild.com\/wp-json\/wp\/v2\/media\/53683"}],"wp:attachment":[{"href":"https:\/\/www.oknobuild.com\/wp-json\/wp\/v2\/media?parent=53583"}],"wp:term":[{"taxonomy":"product_brand","embeddable":true,"href":"https:\/\/www.oknobuild.com\/wp-json\/wp\/v2\/product_brand?post=53583"},{"taxonomy":"product_cat","embeddable":true,"href":"https:\/\/www.oknobuild.com\/wp-json\/wp\/v2\/product_cat?post=53583"},{"taxonomy":"product_tag","embeddable":true,"href":"https:\/\/www.oknobuild.com\/wp-json\/wp\/v2\/product_tag?post=53583"}],"curies":[{"name":"wp","href":"https:\/\/api.w.org\/{rel}","templated":true}]}}