{"id":53699,"date":"2026-04-27T04:42:57","date_gmt":"2026-04-27T04:42:57","guid":{"rendered":""},"modified":"2026-04-27T04:42:57","modified_gmt":"2026-04-27T04:42:57","slug":"znackovy-zapustne-svitidlo-ideal-lux-funky-fi1-brunito-083247-lestena-mosaz-ideallux-53699","status":"publish","type":"product","link":"https:\/\/www.oknobuild.com\/index.php\/produkt\/znackovy-zapustne-svitidlo-ideal-lux-funky-fi1-brunito-083247-lestena-mosaz-ideallux-53699\/","title":{"rendered":"Zna\u010dkov\u00fd Z\u00e1pustn\u00e9 sv\u00edtidlo Ideal Lux Funky FI1 brunito 083247 le\u0161t\u011bn\u00e1 mosaz &#8211; IDEALLUX"},"content":{"rendered":"<p><\/p>\n<div class=\"top-params\">\n<h3 class=\"product-h3 collapse-header \" data-toggle=\"collapse\" data-target=\"#collapseOne\" aria-expanded=\"true\" aria-controls=\"collapseOne\">Parametry<\/h3>\n<div id=\"collapseOne\" class=\"collapse show\" aria-labelledby=\"headingOne\" data-parent=\"#product-info-accordion1\">\n<table class=\"table-striped\">\n<tr>\n<td>                V\u00fd\u0161ka v mm            <\/td>\n<td>                115            <\/td>\n<\/tr>\n<tr>\n<td>                T\u0159\u00edda ochrany            <\/td>\n<td>                II            <\/td>\n<\/tr>\n<tr>\n<td>                \u0160\u00ed\u0159ka v mm            <\/td>\n<td>                90            <\/td>\n<\/tr>\n<tr>\n<td>                Ochrana IP            <\/td>\n<td>                IP20            <\/td>\n<\/tr>\n<tr>\n<td>                Patice            <\/td>\n<td>                GU10            <\/td>\n<\/tr>\n<tr>\n<td>                V\u010detn\u011b sv\u011bteln\u00e9ho zdroje            <\/td>\n<td>                ne            <\/td>\n<\/tr>\n<tr>\n<td>                Materi\u00e1l            <\/td>\n<td>                kov            <\/td>\n<\/tr>\n<tr>\n<td>                Po\u010det sv\u011bteln\u00fdch zdroj\u016f            <\/td>\n<td>                1            <\/td>\n<\/tr>\n<tr>\n<td>                V\u00fdrobce            <\/td>\n<td>                IDEALLUX            <\/td>\n<\/tr>\n<tr>\n<td>                Hmotnost g            <\/td>\n<td>                300            <\/td>\n<\/tr>\n<tr>\n<td>                D\u00e9lka v mm            <\/td>\n<td>                90            <\/td>\n<\/tr>\n<tr>\n<td>                Max. p\u0159\u00edkon sv\u011bteln\u00e9ho zdroje            <\/td>\n<td>                50W            <\/td>\n<\/tr>\n<tr>\n<td>                V\u00fdkon            <\/td>\n<td>                50W            <\/td>\n<\/tr>\n<tr>\n<td>                Kolekce            <\/td>\n<td>                FUNKY            <\/td>\n<\/tr>\n<tr>\n<td>                Nap\u00e1jec\u00ed nap\u011bt\u00ed            <\/td>\n<td>                220-240V            <\/td>\n<\/tr>\n<tr>\n<td>                Barva            <\/td>\n<td>                bronz            <\/td>\n<\/tr>\n<tr>\n<td>                U v\u00fdrobce dostupn\u00fdch            <\/td>\n<td>                331                    ks            <\/td>\n<\/tr>\n<\/table>\n<\/div><\/div>\n<\/div>\n<div class=\"accordion\" id=\"product-info-accordion2\">\n","protected":false},"excerpt":{"rendered":"<p>Parametry V\u00fd\u0161ka v mm 115 T\u0159\u00edda ochrany II \u0160\u00ed\u0159ka v mm 90 Ochrana IP IP20 Patice GU10 V\u010detn\u011b sv\u011bteln\u00e9ho zdroje ne Materi\u00e1l kov Po\u010det sv\u011bteln\u00fdch zdroj\u016f 1 V\u00fdrobce IDEALLUX Hmotnost g 300 D\u00e9lka v mm 90 Max. p\u0159\u00edkon sv\u011bteln\u00e9ho zdroje 50W V\u00fdkon 50W Kolekce FUNKY Nap\u00e1jec\u00ed nap\u011bt\u00ed 220-240V Barva bronz U v\u00fdrobce dostupn\u00fdch 331 ks<\/p>\n","protected":false},"featured_media":53799,"comment_status":"open","ping_status":"open","template":"","meta":[],"product_brand":[],"product_cat":[32],"product_tag":[],"class_list":{"0":"post-53699","1":"product","2":"type-product","3":"status-publish","4":"has-post-thumbnail","6":"product_cat-interierova-svitidla","8":"first","9":"instock","10":"sale","11":"shipping-taxable","12":"purchasable","13":"product-type-simple"},"yoast_head":"<!-- This site is optimized with the Yoast SEO plugin v26.8 - https:\/\/yoast.com\/product\/yoast-seo-wordpress\/ -->\n<title>Zna\u010dkov\u00fd Z\u00e1pustn\u00e9 sv\u00edtidlo Ideal Lux Funky FI1 brunito 083247 le\u0161t\u011bn\u00e1 mosaz - IDEALLUX -<\/title>\n<meta name=\"robots\" content=\"index, follow, max-snippet:-1, max-image-preview:large, max-video-preview:-1\" \/>\n<link rel=\"canonical\" href=\"https:\/\/www.oknobuild.com\/index.php\/produkt\/znackovy-zapustne-svitidlo-ideal-lux-funky-fi1-brunito-083247-lestena-mosaz-ideallux-53699\/\" \/>\n<meta property=\"og:locale\" content=\"cs_CZ\" \/>\n<meta property=\"og:type\" content=\"article\" \/>\n<meta property=\"og:title\" content=\"Zna\u010dkov\u00fd Z\u00e1pustn\u00e9 sv\u00edtidlo Ideal Lux Funky FI1 brunito 083247 le\u0161t\u011bn\u00e1 mosaz - IDEALLUX -\" \/>\n<meta property=\"og:description\" content=\"Parametry V\u00fd\u0161ka v mm 115 T\u0159\u00edda ochrany II \u0160\u00ed\u0159ka v mm 90 Ochrana IP IP20 Patice GU10 V\u010detn\u011b sv\u011bteln\u00e9ho zdroje ne Materi\u00e1l kov Po\u010det sv\u011bteln\u00fdch zdroj\u016f 1 V\u00fdrobce IDEALLUX Hmotnost g 300 D\u00e9lka v mm 90 Max. p\u0159\u00edkon sv\u011bteln\u00e9ho zdroje 50W V\u00fdkon 50W Kolekce FUNKY Nap\u00e1jec\u00ed nap\u011bt\u00ed 220-240V Barva bronz U v\u00fdrobce dostupn\u00fdch 331 ks\" \/>\n<meta property=\"og:url\" content=\"https:\/\/www.oknobuild.com\/index.php\/produkt\/znackovy-zapustne-svitidlo-ideal-lux-funky-fi1-brunito-083247-lestena-mosaz-ideallux-53699\/\" \/>\n<meta property=\"og:image\" content=\"https:\/\/www.oknobuild.com\/wp-content\/uploads\/2026\/SK0015254-CZ20260425-091535-0-1777079743-ILUX-083247.webp\" \/>\n\t<meta property=\"og:image:width\" content=\"425\" \/>\n\t<meta property=\"og:image:height\" content=\"425\" \/>\n\t<meta property=\"og:image:type\" content=\"image\/webp\" \/>\n<meta name=\"twitter:card\" content=\"summary_large_image\" \/>\n<script type=\"application\/ld+json\" class=\"yoast-schema-graph\">{\"@context\":\"https:\/\/schema.org\",\"@graph\":[{\"@type\":\"WebPage\",\"@id\":\"https:\/\/www.oknobuild.com\/index.php\/produkt\/znackovy-zapustne-svitidlo-ideal-lux-funky-fi1-brunito-083247-lestena-mosaz-ideallux-53699\/\",\"url\":\"https:\/\/www.oknobuild.com\/index.php\/produkt\/znackovy-zapustne-svitidlo-ideal-lux-funky-fi1-brunito-083247-lestena-mosaz-ideallux-53699\/\",\"name\":\"Zna\u010dkov\u00fd Z\u00e1pustn\u00e9 sv\u00edtidlo Ideal Lux Funky FI1 brunito 083247 le\u0161t\u011bn\u00e1 mosaz - IDEALLUX -\",\"isPartOf\":{\"@id\":\"https:\/\/www.oknobuild.com\/#website\"},\"primaryImageOfPage\":{\"@id\":\"https:\/\/www.oknobuild.com\/index.php\/produkt\/znackovy-zapustne-svitidlo-ideal-lux-funky-fi1-brunito-083247-lestena-mosaz-ideallux-53699\/#primaryimage\"},\"image\":{\"@id\":\"https:\/\/www.oknobuild.com\/index.php\/produkt\/znackovy-zapustne-svitidlo-ideal-lux-funky-fi1-brunito-083247-lestena-mosaz-ideallux-53699\/#primaryimage\"},\"thumbnailUrl\":\"https:\/\/www.oknobuild.com\/wp-content\/uploads\/2026\/SK0015254-CZ20260425-091535-0-1777079743-ILUX-083247.webp\",\"datePublished\":\"2026-04-27T04:42:57+00:00\",\"breadcrumb\":{\"@id\":\"https:\/\/www.oknobuild.com\/index.php\/produkt\/znackovy-zapustne-svitidlo-ideal-lux-funky-fi1-brunito-083247-lestena-mosaz-ideallux-53699\/#breadcrumb\"},\"inLanguage\":\"cs\",\"potentialAction\":[{\"@type\":\"ReadAction\",\"target\":[\"https:\/\/www.oknobuild.com\/index.php\/produkt\/znackovy-zapustne-svitidlo-ideal-lux-funky-fi1-brunito-083247-lestena-mosaz-ideallux-53699\/\"]}]},{\"@type\":\"ImageObject\",\"inLanguage\":\"cs\",\"@id\":\"https:\/\/www.oknobuild.com\/index.php\/produkt\/znackovy-zapustne-svitidlo-ideal-lux-funky-fi1-brunito-083247-lestena-mosaz-ideallux-53699\/#primaryimage\",\"url\":\"https:\/\/www.oknobuild.com\/wp-content\/uploads\/2026\/SK0015254-CZ20260425-091535-0-1777079743-ILUX-083247.webp\",\"contentUrl\":\"https:\/\/www.oknobuild.com\/wp-content\/uploads\/2026\/SK0015254-CZ20260425-091535-0-1777079743-ILUX-083247.webp\",\"width\":425,\"height\":425},{\"@type\":\"BreadcrumbList\",\"@id\":\"https:\/\/www.oknobuild.com\/index.php\/produkt\/znackovy-zapustne-svitidlo-ideal-lux-funky-fi1-brunito-083247-lestena-mosaz-ideallux-53699\/#breadcrumb\",\"itemListElement\":[{\"@type\":\"ListItem\",\"position\":1,\"name\":\"Home\",\"item\":\"https:\/\/www.oknobuild.com\/\"},{\"@type\":\"ListItem\",\"position\":2,\"name\":\"Products\",\"item\":\"https:\/\/www.oknobuild.com\/index.php\/products\/\"},{\"@type\":\"ListItem\",\"position\":3,\"name\":\"Zna\u010dkov\u00fd Z\u00e1pustn\u00e9 sv\u00edtidlo Ideal Lux Funky FI1 brunito 083247 le\u0161t\u011bn\u00e1 mosaz &#8211; IDEALLUX\"}]},{\"@type\":\"WebSite\",\"@id\":\"https:\/\/www.oknobuild.com\/#website\",\"url\":\"https:\/\/www.oknobuild.com\/\",\"name\":\"\",\"description\":\"\",\"potentialAction\":[{\"@type\":\"SearchAction\",\"target\":{\"@type\":\"EntryPoint\",\"urlTemplate\":\"https:\/\/www.oknobuild.com\/?s={search_term_string}\"},\"query-input\":{\"@type\":\"PropertyValueSpecification\",\"valueRequired\":true,\"valueName\":\"search_term_string\"}}],\"inLanguage\":\"cs\"}]}<\/script>\n<!-- \/ Yoast SEO plugin. -->","yoast_head_json":{"title":"Zna\u010dkov\u00fd Z\u00e1pustn\u00e9 sv\u00edtidlo Ideal Lux Funky FI1 brunito 083247 le\u0161t\u011bn\u00e1 mosaz - IDEALLUX -","robots":{"index":"index","follow":"follow","max-snippet":"max-snippet:-1","max-image-preview":"max-image-preview:large","max-video-preview":"max-video-preview:-1"},"canonical":"https:\/\/www.oknobuild.com\/index.php\/produkt\/znackovy-zapustne-svitidlo-ideal-lux-funky-fi1-brunito-083247-lestena-mosaz-ideallux-53699\/","og_locale":"cs_CZ","og_type":"article","og_title":"Zna\u010dkov\u00fd Z\u00e1pustn\u00e9 sv\u00edtidlo Ideal Lux Funky FI1 brunito 083247 le\u0161t\u011bn\u00e1 mosaz - IDEALLUX -","og_description":"Parametry V\u00fd\u0161ka v mm 115 T\u0159\u00edda ochrany II \u0160\u00ed\u0159ka v mm 90 Ochrana IP IP20 Patice GU10 V\u010detn\u011b sv\u011bteln\u00e9ho zdroje ne Materi\u00e1l kov Po\u010det sv\u011bteln\u00fdch zdroj\u016f 1 V\u00fdrobce IDEALLUX Hmotnost g 300 D\u00e9lka v mm 90 Max. p\u0159\u00edkon sv\u011bteln\u00e9ho zdroje 50W V\u00fdkon 50W Kolekce FUNKY Nap\u00e1jec\u00ed nap\u011bt\u00ed 220-240V Barva bronz U v\u00fdrobce dostupn\u00fdch 331 ks","og_url":"https:\/\/www.oknobuild.com\/index.php\/produkt\/znackovy-zapustne-svitidlo-ideal-lux-funky-fi1-brunito-083247-lestena-mosaz-ideallux-53699\/","og_image":[{"width":425,"height":425,"url":"https:\/\/www.oknobuild.com\/wp-content\/uploads\/2026\/SK0015254-CZ20260425-091535-0-1777079743-ILUX-083247.webp","type":"image\/webp"}],"twitter_card":"summary_large_image","schema":{"@context":"https:\/\/schema.org","@graph":[{"@type":"WebPage","@id":"https:\/\/www.oknobuild.com\/index.php\/produkt\/znackovy-zapustne-svitidlo-ideal-lux-funky-fi1-brunito-083247-lestena-mosaz-ideallux-53699\/","url":"https:\/\/www.oknobuild.com\/index.php\/produkt\/znackovy-zapustne-svitidlo-ideal-lux-funky-fi1-brunito-083247-lestena-mosaz-ideallux-53699\/","name":"Zna\u010dkov\u00fd Z\u00e1pustn\u00e9 sv\u00edtidlo Ideal Lux Funky FI1 brunito 083247 le\u0161t\u011bn\u00e1 mosaz - IDEALLUX -","isPartOf":{"@id":"https:\/\/www.oknobuild.com\/#website"},"primaryImageOfPage":{"@id":"https:\/\/www.oknobuild.com\/index.php\/produkt\/znackovy-zapustne-svitidlo-ideal-lux-funky-fi1-brunito-083247-lestena-mosaz-ideallux-53699\/#primaryimage"},"image":{"@id":"https:\/\/www.oknobuild.com\/index.php\/produkt\/znackovy-zapustne-svitidlo-ideal-lux-funky-fi1-brunito-083247-lestena-mosaz-ideallux-53699\/#primaryimage"},"thumbnailUrl":"https:\/\/www.oknobuild.com\/wp-content\/uploads\/2026\/SK0015254-CZ20260425-091535-0-1777079743-ILUX-083247.webp","datePublished":"2026-04-27T04:42:57+00:00","breadcrumb":{"@id":"https:\/\/www.oknobuild.com\/index.php\/produkt\/znackovy-zapustne-svitidlo-ideal-lux-funky-fi1-brunito-083247-lestena-mosaz-ideallux-53699\/#breadcrumb"},"inLanguage":"cs","potentialAction":[{"@type":"ReadAction","target":["https:\/\/www.oknobuild.com\/index.php\/produkt\/znackovy-zapustne-svitidlo-ideal-lux-funky-fi1-brunito-083247-lestena-mosaz-ideallux-53699\/"]}]},{"@type":"ImageObject","inLanguage":"cs","@id":"https:\/\/www.oknobuild.com\/index.php\/produkt\/znackovy-zapustne-svitidlo-ideal-lux-funky-fi1-brunito-083247-lestena-mosaz-ideallux-53699\/#primaryimage","url":"https:\/\/www.oknobuild.com\/wp-content\/uploads\/2026\/SK0015254-CZ20260425-091535-0-1777079743-ILUX-083247.webp","contentUrl":"https:\/\/www.oknobuild.com\/wp-content\/uploads\/2026\/SK0015254-CZ20260425-091535-0-1777079743-ILUX-083247.webp","width":425,"height":425},{"@type":"BreadcrumbList","@id":"https:\/\/www.oknobuild.com\/index.php\/produkt\/znackovy-zapustne-svitidlo-ideal-lux-funky-fi1-brunito-083247-lestena-mosaz-ideallux-53699\/#breadcrumb","itemListElement":[{"@type":"ListItem","position":1,"name":"Home","item":"https:\/\/www.oknobuild.com\/"},{"@type":"ListItem","position":2,"name":"Products","item":"https:\/\/www.oknobuild.com\/index.php\/products\/"},{"@type":"ListItem","position":3,"name":"Zna\u010dkov\u00fd Z\u00e1pustn\u00e9 sv\u00edtidlo Ideal Lux Funky FI1 brunito 083247 le\u0161t\u011bn\u00e1 mosaz &#8211; IDEALLUX"}]},{"@type":"WebSite","@id":"https:\/\/www.oknobuild.com\/#website","url":"https:\/\/www.oknobuild.com\/","name":"","description":"","potentialAction":[{"@type":"SearchAction","target":{"@type":"EntryPoint","urlTemplate":"https:\/\/www.oknobuild.com\/?s={search_term_string}"},"query-input":{"@type":"PropertyValueSpecification","valueRequired":true,"valueName":"search_term_string"}}],"inLanguage":"cs"}]}},"_links":{"self":[{"href":"https:\/\/www.oknobuild.com\/index.php\/wp-json\/wp\/v2\/product\/53699","targetHints":{"allow":["GET"]}}],"collection":[{"href":"https:\/\/www.oknobuild.com\/index.php\/wp-json\/wp\/v2\/product"}],"about":[{"href":"https:\/\/www.oknobuild.com\/index.php\/wp-json\/wp\/v2\/types\/product"}],"replies":[{"embeddable":true,"href":"https:\/\/www.oknobuild.com\/index.php\/wp-json\/wp\/v2\/comments?post=53699"}],"wp:featuredmedia":[{"embeddable":true,"href":"https:\/\/www.oknobuild.com\/index.php\/wp-json\/wp\/v2\/media\/53799"}],"wp:attachment":[{"href":"https:\/\/www.oknobuild.com\/index.php\/wp-json\/wp\/v2\/media?parent=53699"}],"wp:term":[{"taxonomy":"product_brand","embeddable":true,"href":"https:\/\/www.oknobuild.com\/index.php\/wp-json\/wp\/v2\/product_brand?post=53699"},{"taxonomy":"product_cat","embeddable":true,"href":"https:\/\/www.oknobuild.com\/index.php\/wp-json\/wp\/v2\/product_cat?post=53699"},{"taxonomy":"product_tag","embeddable":true,"href":"https:\/\/www.oknobuild.com\/index.php\/wp-json\/wp\/v2\/product_tag?post=53699"}],"curies":[{"name":"wp","href":"https:\/\/api.w.org\/{rel}","templated":true}]}}