{"id":53979,"date":"2026-04-27T04:42:58","date_gmt":"2026-04-27T04:42:58","guid":{"rendered":""},"modified":"2026-04-27T04:42:58","modified_gmt":"2026-04-27T04:42:58","slug":"lampadina-led-gu10-7w-ceramica-4000k-ideallux-autenticky-53979","status":"publish","type":"product","link":"https:\/\/www.oknobuild.com\/index.php\/produkt\/lampadina-led-gu10-7w-ceramica-4000k-ideallux-autenticky-53979\/","title":{"rendered":"LAMPADINA LED GU10 7W CERAMICA 4000K &#8211; IDEALLUX Autentick\u00fd"},"content":{"rendered":"<h3 class=\"product-h3\">Popis produktu<\/h3>\n<p>\u00dasporn\u00e1 LED \u017e\u00e1rovka s patic\u00ed GU10 standardn\u00edho vzhledu o pr\u016fm\u011bru 5 cm s v\u00fd\u0161kou 6 cm je vhodn\u00e1 pro v\u011bt\u0161inu spotov\u00fdch sv\u00edtidel. Jej\u00ed p\u0159\u00edkon je 7 W se sv\u00edtivost\u00ed 600 lm v jasn\u00e9m neutr\u00e1ln\u00edm b\u00edl\u00e9m sv\u011btle s teplotou chromati\u010dnosti 4000K ide\u00e1ln\u00edm pro soust\u0159ed\u011bn\u00ed, u\u010den\u00ed a pr\u00e1ci. M\u00e1 extr\u00e9mn\u011b dlouhou \u017eivotnost a\u017e 25.000 hodin. V energetick\u00e9 t\u0159\u00edd\u011b A uspo\u0159\u00ed a\u017e 70 % elektrick\u00e9 energie. \u017d\u00e1rovku nen\u00ed mo\u017en\u00e9 stm\u00edvat.<\/p>\n<\/p><\/div>\n<\/p><\/div>\n<p><\/p>\n<div class=\"top-params\">\n<h3 class=\"product-h3 collapse-header \" data-toggle=\"collapse\" data-target=\"#collapseOne\" aria-expanded=\"true\" aria-controls=\"collapseOne\">Parametry<\/h3>\n<div id=\"collapseOne\" class=\"collapse show\" aria-labelledby=\"headingOne\" data-parent=\"#product-info-accordion1\">\n<table class=\"table-striped\">\n<tr>\n<td>                V\u010detn\u011b sv\u011bteln\u00e9ho zdroje            <\/td>\n<td>                ano            <\/td>\n<\/tr>\n<tr>\n<td>                V\u00fd\u0161ka v mm            <\/td>\n<td>                60            <\/td>\n<\/tr>\n<tr>\n<td>                \u017divotnost            <\/td>\n<td>                25000 hodin            <\/td>\n<\/tr>\n<tr>\n<td>                Energetick\u00e1 \u00fa\u010dinnost            <\/td>\n<td>                F            <\/td>\n<\/tr>\n<tr>\n<td>                \u0160\u00ed\u0159ka v mm            <\/td>\n<td>                50            <\/td>\n<\/tr>\n<tr>\n<td>                Pr\u016fm\u011br v mm            <\/td>\n<td>                50            <\/td>\n<\/tr>\n<tr>\n<td>                D\u00e9lka v mm            <\/td>\n<td>                50            <\/td>\n<\/tr>\n<tr>\n<td>                Sv\u011bteln\u00fd tok            <\/td>\n<td>                600lm            <\/td>\n<\/tr>\n<tr>\n<td>                Teplota barvy sv\u011btla            <\/td>\n<td>                4000K            <\/td>\n<\/tr>\n<tr>\n<td>                Max. p\u0159\u00edkon sv\u011bteln\u00e9ho zdroje            <\/td>\n<td>                7W            <\/td>\n<\/tr>\n<tr>\n<td>                V\u00fdkon            <\/td>\n<td>                7W            <\/td>\n<\/tr>\n<tr>\n<td>                Nap\u00e1jec\u00ed nap\u011bt\u00ed            <\/td>\n<td>                220-240 V            <\/td>\n<\/tr>\n<tr>\n<td>                Patice            <\/td>\n<td>                GU10            <\/td>\n<\/tr>\n<tr>\n<td>                Materi\u00e1l            <\/td>\n<td>                kov            <\/td>\n<\/tr>\n<tr>\n<td>                Barva            <\/td>\n<td>                b\u00edl\u00e1            <\/td>\n<\/tr>\n<tr>\n<td>                Po\u010det sv\u011bteln\u00fdch zdroj\u016f            <\/td>\n<td>                1            <\/td>\n<\/tr>\n<tr>\n<td>                V\u00fdrobce            <\/td>\n<td>                IDEALLUX            <\/td>\n<\/tr>\n<tr>\n<td>                U v\u00fdrobce dostupn\u00fdch            <\/td>\n<td>                2097                    ks            <\/td>\n<\/tr>\n<\/table>\n<\/div><\/div>\n<\/div>\n<div class=\"accordion\" id=\"product-info-accordion2\">\n","protected":false},"excerpt":{"rendered":"<p>Popis produktu \u00dasporn\u00e1 LED \u017e\u00e1rovka s patic\u00ed GU10 standardn\u00edho vzhledu o pr\u016fm\u011bru 5 cm s v\u00fd\u0161kou 6 cm je vhodn\u00e1 pro v\u011bt\u0161inu spotov\u00fdch sv\u00edtidel. Jej\u00ed p\u0159\u00edkon je 7 W se sv\u00edtivost\u00ed 600 lm v jasn\u00e9m neutr\u00e1ln\u00edm b\u00edl\u00e9m sv\u011btle s teplotou chromati\u010dnosti 4000K ide\u00e1ln\u00edm pro soust\u0159ed\u011bn\u00ed, u\u010den\u00ed a pr\u00e1ci. M\u00e1 extr\u00e9mn\u011b dlouhou \u017eivotnost a\u017e 25.000 hodin. [&hellip;]<\/p>\n","protected":false},"featured_media":54079,"comment_status":"open","ping_status":"open","template":"","meta":[],"product_brand":[],"product_cat":[88],"product_tag":[],"class_list":{"0":"post-53979","1":"product","2":"type-product","3":"status-publish","4":"has-post-thumbnail","6":"product_cat-zarovky","8":"first","9":"instock","10":"sale","11":"shipping-taxable","12":"purchasable","13":"product-type-simple"},"yoast_head":"<!-- This site is optimized with the Yoast SEO plugin v26.8 - https:\/\/yoast.com\/product\/yoast-seo-wordpress\/ -->\n<title>LAMPADINA LED GU10 7W CERAMICA 4000K - IDEALLUX Autentick\u00fd -<\/title>\n<meta name=\"robots\" content=\"index, follow, max-snippet:-1, max-image-preview:large, max-video-preview:-1\" \/>\n<link rel=\"canonical\" href=\"https:\/\/www.oknobuild.com\/index.php\/produkt\/lampadina-led-gu10-7w-ceramica-4000k-ideallux-autenticky-53979\/\" \/>\n<meta property=\"og:locale\" content=\"cs_CZ\" \/>\n<meta property=\"og:type\" content=\"article\" \/>\n<meta property=\"og:title\" content=\"LAMPADINA LED GU10 7W CERAMICA 4000K - IDEALLUX Autentick\u00fd -\" \/>\n<meta property=\"og:description\" content=\"Popis produktu \u00dasporn\u00e1 LED \u017e\u00e1rovka s patic\u00ed GU10 standardn\u00edho vzhledu o pr\u016fm\u011bru 5 cm s v\u00fd\u0161kou 6 cm je vhodn\u00e1 pro v\u011bt\u0161inu spotov\u00fdch sv\u00edtidel. Jej\u00ed p\u0159\u00edkon je 7 W se sv\u00edtivost\u00ed 600 lm v jasn\u00e9m neutr\u00e1ln\u00edm b\u00edl\u00e9m sv\u011btle s teplotou chromati\u010dnosti 4000K ide\u00e1ln\u00edm pro soust\u0159ed\u011bn\u00ed, u\u010den\u00ed a pr\u00e1ci. M\u00e1 extr\u00e9mn\u011b dlouhou \u017eivotnost a\u017e 25.000 hodin. [&hellip;]\" \/>\n<meta property=\"og:url\" content=\"https:\/\/www.oknobuild.com\/index.php\/produkt\/lampadina-led-gu10-7w-ceramica-4000k-ideallux-autenticky-53979\/\" \/>\n<meta property=\"og:image\" content=\"https:\/\/www.oknobuild.com\/wp-content\/uploads\/2026\/SK0015462-CZ20260425-091535-0-1777079743-ILUX-117652.webp\" \/>\n\t<meta property=\"og:image:width\" content=\"480\" \/>\n\t<meta property=\"og:image:height\" content=\"480\" \/>\n\t<meta property=\"og:image:type\" content=\"image\/webp\" \/>\n<meta name=\"twitter:card\" content=\"summary_large_image\" \/>\n<meta name=\"twitter:label1\" content=\"Odhadovan\u00e1 doba \u010dten\u00ed\" \/>\n\t<meta name=\"twitter:data1\" content=\"1 minuta\" \/>\n<script type=\"application\/ld+json\" class=\"yoast-schema-graph\">{\"@context\":\"https:\/\/schema.org\",\"@graph\":[{\"@type\":\"WebPage\",\"@id\":\"https:\/\/www.oknobuild.com\/index.php\/produkt\/lampadina-led-gu10-7w-ceramica-4000k-ideallux-autenticky-53979\/\",\"url\":\"https:\/\/www.oknobuild.com\/index.php\/produkt\/lampadina-led-gu10-7w-ceramica-4000k-ideallux-autenticky-53979\/\",\"name\":\"LAMPADINA LED GU10 7W CERAMICA 4000K - IDEALLUX Autentick\u00fd -\",\"isPartOf\":{\"@id\":\"https:\/\/www.oknobuild.com\/#website\"},\"primaryImageOfPage\":{\"@id\":\"https:\/\/www.oknobuild.com\/index.php\/produkt\/lampadina-led-gu10-7w-ceramica-4000k-ideallux-autenticky-53979\/#primaryimage\"},\"image\":{\"@id\":\"https:\/\/www.oknobuild.com\/index.php\/produkt\/lampadina-led-gu10-7w-ceramica-4000k-ideallux-autenticky-53979\/#primaryimage\"},\"thumbnailUrl\":\"https:\/\/www.oknobuild.com\/wp-content\/uploads\/2026\/SK0015462-CZ20260425-091535-0-1777079743-ILUX-117652.webp\",\"datePublished\":\"2026-04-27T04:42:58+00:00\",\"breadcrumb\":{\"@id\":\"https:\/\/www.oknobuild.com\/index.php\/produkt\/lampadina-led-gu10-7w-ceramica-4000k-ideallux-autenticky-53979\/#breadcrumb\"},\"inLanguage\":\"cs\",\"potentialAction\":[{\"@type\":\"ReadAction\",\"target\":[\"https:\/\/www.oknobuild.com\/index.php\/produkt\/lampadina-led-gu10-7w-ceramica-4000k-ideallux-autenticky-53979\/\"]}]},{\"@type\":\"ImageObject\",\"inLanguage\":\"cs\",\"@id\":\"https:\/\/www.oknobuild.com\/index.php\/produkt\/lampadina-led-gu10-7w-ceramica-4000k-ideallux-autenticky-53979\/#primaryimage\",\"url\":\"https:\/\/www.oknobuild.com\/wp-content\/uploads\/2026\/SK0015462-CZ20260425-091535-0-1777079743-ILUX-117652.webp\",\"contentUrl\":\"https:\/\/www.oknobuild.com\/wp-content\/uploads\/2026\/SK0015462-CZ20260425-091535-0-1777079743-ILUX-117652.webp\",\"width\":480,\"height\":480},{\"@type\":\"BreadcrumbList\",\"@id\":\"https:\/\/www.oknobuild.com\/index.php\/produkt\/lampadina-led-gu10-7w-ceramica-4000k-ideallux-autenticky-53979\/#breadcrumb\",\"itemListElement\":[{\"@type\":\"ListItem\",\"position\":1,\"name\":\"Home\",\"item\":\"https:\/\/www.oknobuild.com\/\"},{\"@type\":\"ListItem\",\"position\":2,\"name\":\"Products\",\"item\":\"https:\/\/www.oknobuild.com\/index.php\/products\/\"},{\"@type\":\"ListItem\",\"position\":3,\"name\":\"LAMPADINA LED GU10 7W CERAMICA 4000K &#8211; IDEALLUX Autentick\u00fd\"}]},{\"@type\":\"WebSite\",\"@id\":\"https:\/\/www.oknobuild.com\/#website\",\"url\":\"https:\/\/www.oknobuild.com\/\",\"name\":\"\",\"description\":\"\",\"potentialAction\":[{\"@type\":\"SearchAction\",\"target\":{\"@type\":\"EntryPoint\",\"urlTemplate\":\"https:\/\/www.oknobuild.com\/?s={search_term_string}\"},\"query-input\":{\"@type\":\"PropertyValueSpecification\",\"valueRequired\":true,\"valueName\":\"search_term_string\"}}],\"inLanguage\":\"cs\"}]}<\/script>\n<!-- \/ Yoast SEO plugin. -->","yoast_head_json":{"title":"LAMPADINA LED GU10 7W CERAMICA 4000K - IDEALLUX Autentick\u00fd -","robots":{"index":"index","follow":"follow","max-snippet":"max-snippet:-1","max-image-preview":"max-image-preview:large","max-video-preview":"max-video-preview:-1"},"canonical":"https:\/\/www.oknobuild.com\/index.php\/produkt\/lampadina-led-gu10-7w-ceramica-4000k-ideallux-autenticky-53979\/","og_locale":"cs_CZ","og_type":"article","og_title":"LAMPADINA LED GU10 7W CERAMICA 4000K - IDEALLUX Autentick\u00fd -","og_description":"Popis produktu \u00dasporn\u00e1 LED \u017e\u00e1rovka s patic\u00ed GU10 standardn\u00edho vzhledu o pr\u016fm\u011bru 5 cm s v\u00fd\u0161kou 6 cm je vhodn\u00e1 pro v\u011bt\u0161inu spotov\u00fdch sv\u00edtidel. Jej\u00ed p\u0159\u00edkon je 7 W se sv\u00edtivost\u00ed 600 lm v jasn\u00e9m neutr\u00e1ln\u00edm b\u00edl\u00e9m sv\u011btle s teplotou chromati\u010dnosti 4000K ide\u00e1ln\u00edm pro soust\u0159ed\u011bn\u00ed, u\u010den\u00ed a pr\u00e1ci. M\u00e1 extr\u00e9mn\u011b dlouhou \u017eivotnost a\u017e 25.000 hodin. [&hellip;]","og_url":"https:\/\/www.oknobuild.com\/index.php\/produkt\/lampadina-led-gu10-7w-ceramica-4000k-ideallux-autenticky-53979\/","og_image":[{"width":480,"height":480,"url":"https:\/\/www.oknobuild.com\/wp-content\/uploads\/2026\/SK0015462-CZ20260425-091535-0-1777079743-ILUX-117652.webp","type":"image\/webp"}],"twitter_card":"summary_large_image","twitter_misc":{"Odhadovan\u00e1 doba \u010dten\u00ed":"1 minuta"},"schema":{"@context":"https:\/\/schema.org","@graph":[{"@type":"WebPage","@id":"https:\/\/www.oknobuild.com\/index.php\/produkt\/lampadina-led-gu10-7w-ceramica-4000k-ideallux-autenticky-53979\/","url":"https:\/\/www.oknobuild.com\/index.php\/produkt\/lampadina-led-gu10-7w-ceramica-4000k-ideallux-autenticky-53979\/","name":"LAMPADINA LED GU10 7W CERAMICA 4000K - IDEALLUX Autentick\u00fd -","isPartOf":{"@id":"https:\/\/www.oknobuild.com\/#website"},"primaryImageOfPage":{"@id":"https:\/\/www.oknobuild.com\/index.php\/produkt\/lampadina-led-gu10-7w-ceramica-4000k-ideallux-autenticky-53979\/#primaryimage"},"image":{"@id":"https:\/\/www.oknobuild.com\/index.php\/produkt\/lampadina-led-gu10-7w-ceramica-4000k-ideallux-autenticky-53979\/#primaryimage"},"thumbnailUrl":"https:\/\/www.oknobuild.com\/wp-content\/uploads\/2026\/SK0015462-CZ20260425-091535-0-1777079743-ILUX-117652.webp","datePublished":"2026-04-27T04:42:58+00:00","breadcrumb":{"@id":"https:\/\/www.oknobuild.com\/index.php\/produkt\/lampadina-led-gu10-7w-ceramica-4000k-ideallux-autenticky-53979\/#breadcrumb"},"inLanguage":"cs","potentialAction":[{"@type":"ReadAction","target":["https:\/\/www.oknobuild.com\/index.php\/produkt\/lampadina-led-gu10-7w-ceramica-4000k-ideallux-autenticky-53979\/"]}]},{"@type":"ImageObject","inLanguage":"cs","@id":"https:\/\/www.oknobuild.com\/index.php\/produkt\/lampadina-led-gu10-7w-ceramica-4000k-ideallux-autenticky-53979\/#primaryimage","url":"https:\/\/www.oknobuild.com\/wp-content\/uploads\/2026\/SK0015462-CZ20260425-091535-0-1777079743-ILUX-117652.webp","contentUrl":"https:\/\/www.oknobuild.com\/wp-content\/uploads\/2026\/SK0015462-CZ20260425-091535-0-1777079743-ILUX-117652.webp","width":480,"height":480},{"@type":"BreadcrumbList","@id":"https:\/\/www.oknobuild.com\/index.php\/produkt\/lampadina-led-gu10-7w-ceramica-4000k-ideallux-autenticky-53979\/#breadcrumb","itemListElement":[{"@type":"ListItem","position":1,"name":"Home","item":"https:\/\/www.oknobuild.com\/"},{"@type":"ListItem","position":2,"name":"Products","item":"https:\/\/www.oknobuild.com\/index.php\/products\/"},{"@type":"ListItem","position":3,"name":"LAMPADINA LED GU10 7W CERAMICA 4000K &#8211; IDEALLUX Autentick\u00fd"}]},{"@type":"WebSite","@id":"https:\/\/www.oknobuild.com\/#website","url":"https:\/\/www.oknobuild.com\/","name":"","description":"","potentialAction":[{"@type":"SearchAction","target":{"@type":"EntryPoint","urlTemplate":"https:\/\/www.oknobuild.com\/?s={search_term_string}"},"query-input":{"@type":"PropertyValueSpecification","valueRequired":true,"valueName":"search_term_string"}}],"inLanguage":"cs"}]}},"_links":{"self":[{"href":"https:\/\/www.oknobuild.com\/index.php\/wp-json\/wp\/v2\/product\/53979","targetHints":{"allow":["GET"]}}],"collection":[{"href":"https:\/\/www.oknobuild.com\/index.php\/wp-json\/wp\/v2\/product"}],"about":[{"href":"https:\/\/www.oknobuild.com\/index.php\/wp-json\/wp\/v2\/types\/product"}],"replies":[{"embeddable":true,"href":"https:\/\/www.oknobuild.com\/index.php\/wp-json\/wp\/v2\/comments?post=53979"}],"wp:featuredmedia":[{"embeddable":true,"href":"https:\/\/www.oknobuild.com\/index.php\/wp-json\/wp\/v2\/media\/54079"}],"wp:attachment":[{"href":"https:\/\/www.oknobuild.com\/index.php\/wp-json\/wp\/v2\/media?parent=53979"}],"wp:term":[{"taxonomy":"product_brand","embeddable":true,"href":"https:\/\/www.oknobuild.com\/index.php\/wp-json\/wp\/v2\/product_brand?post=53979"},{"taxonomy":"product_cat","embeddable":true,"href":"https:\/\/www.oknobuild.com\/index.php\/wp-json\/wp\/v2\/product_cat?post=53979"},{"taxonomy":"product_tag","embeddable":true,"href":"https:\/\/www.oknobuild.com\/index.php\/wp-json\/wp\/v2\/product_tag?post=53979"}],"curies":[{"name":"wp","href":"https:\/\/api.w.org\/{rel}","templated":true}]}}