{"id":55340,"date":"2026-04-27T04:43:02","date_gmt":"2026-04-27T04:43:02","guid":{"rendered":""},"modified":"2026-04-27T04:43:02","modified_gmt":"2026-04-27T04:43:02","slug":"akce-autolak-ve-spreji-dacia-400ml-span-class-small-color-gray-text-muted-dacia-21d-rouge-passion-span-55340","status":"publish","type":"product","link":"https:\/\/www.oknobuild.com\/index.php\/produkt\/akce-autolak-ve-spreji-dacia-400ml-span-class-small-color-gray-text-muted-dacia-21d-rouge-passion-span-55340\/","title":{"rendered":"Akce Autolak ve spreji Dacia 400ml<span class=\"small color-gray text-muted\"> &#8211; Dacia: 21D ROUGE PASSION<\/span>"},"content":{"rendered":"\n<ul class=\"nav nav-tabs nav-append-content\">\n<li>Popis <i class=\"fa fa-angle-down pull-right\"><\/i><\/li>\n<li>Diskuse  <i class=\"fa fa-angle-down pull-right\"><\/i><\/li>\n<li>M\u00e1te dotaz? <i class=\"fa fa-angle-down pull-right\"><\/i><\/li>\n<\/ul>\n<div class=\"tab-content TabsContentDynamicHeight\">\n<div class=\"tab-pane section-widget-base content-p\" id=\"tab-description\"> <!-- Tab-content - Long description -->\t\t\t\t\t\t\t<\/p>\n<p>Obsah spreje &#8211; 400ml<\/p>\n<p>Metalick\u00e9 i nemetalick\u00e9 odst\u00edny<\/p>\n<p>Metalick\u00e9 odst\u00edny je t\u0159eba p\u0159est\u0159\u00edkat bezbarv\u00fdm lakem<\/p>\n<\/p>\n<div class=\"clearfix\"><\/div>\n<\/p><\/div>\n","protected":false},"excerpt":{"rendered":"<p>Popis Diskuse M\u00e1te dotaz? Obsah spreje &#8211; 400ml Metalick\u00e9 i nemetalick\u00e9 odst\u00edny Metalick\u00e9 odst\u00edny je t\u0159eba p\u0159est\u0159\u00edkat bezbarv\u00fdm lakem<\/p>\n","protected":false},"featured_media":55440,"comment_status":"open","ping_status":"open","template":"","meta":[],"product_brand":[],"product_cat":[36],"product_tag":[],"class_list":{"0":"post-55340","1":"product","2":"type-product","3":"status-publish","4":"has-post-thumbnail","6":"product_cat-autolaky-amp-prislusenstvi","8":"first","9":"instock","10":"sale","11":"shipping-taxable","12":"purchasable","13":"product-type-simple"},"yoast_head":"<!-- This site is optimized with the Yoast SEO plugin v26.8 - https:\/\/yoast.com\/product\/yoast-seo-wordpress\/ -->\n<title>Akce Autolak ve spreji Dacia 400ml - Dacia: 21D ROUGE PASSION -<\/title>\n<meta name=\"robots\" content=\"index, follow, max-snippet:-1, max-image-preview:large, max-video-preview:-1\" \/>\n<link rel=\"canonical\" href=\"https:\/\/www.oknobuild.com\/index.php\/produkt\/akce-autolak-ve-spreji-dacia-400ml-span-class-small-color-gray-text-muted-dacia-21d-rouge-passion-span-55340\/\" \/>\n<meta property=\"og:locale\" content=\"cs_CZ\" \/>\n<meta property=\"og:type\" content=\"article\" \/>\n<meta property=\"og:title\" content=\"Akce Autolak ve spreji Dacia 400ml - Dacia: 21D ROUGE PASSION -\" \/>\n<meta property=\"og:description\" content=\"Popis Diskuse M\u00e1te dotaz? Obsah spreje &#8211; 400ml Metalick\u00e9 i nemetalick\u00e9 odst\u00edny Metalick\u00e9 odst\u00edny je t\u0159eba p\u0159est\u0159\u00edkat bezbarv\u00fdm lakem\" \/>\n<meta property=\"og:url\" content=\"https:\/\/www.oknobuild.com\/index.php\/produkt\/akce-autolak-ve-spreji-dacia-400ml-span-class-small-color-gray-text-muted-dacia-21d-rouge-passion-span-55340\/\" \/>\n<meta property=\"og:image\" content=\"https:\/\/www.oknobuild.com\/wp-content\/uploads\/2026\/SK0061889-CZ20260425-092133-0-1777080118-0b23c8f4d8eae12eddca2375bf55e6aa-553px-dacia-logo-new.webp\" \/>\n\t<meta property=\"og:image:width\" content=\"553\" \/>\n\t<meta property=\"og:image:height\" content=\"480\" \/>\n\t<meta property=\"og:image:type\" content=\"image\/webp\" \/>\n<meta name=\"twitter:card\" content=\"summary_large_image\" \/>\n<script type=\"application\/ld+json\" class=\"yoast-schema-graph\">{\"@context\":\"https:\/\/schema.org\",\"@graph\":[{\"@type\":\"WebPage\",\"@id\":\"https:\/\/www.oknobuild.com\/index.php\/produkt\/akce-autolak-ve-spreji-dacia-400ml-span-class-small-color-gray-text-muted-dacia-21d-rouge-passion-span-55340\/\",\"url\":\"https:\/\/www.oknobuild.com\/index.php\/produkt\/akce-autolak-ve-spreji-dacia-400ml-span-class-small-color-gray-text-muted-dacia-21d-rouge-passion-span-55340\/\",\"name\":\"Akce Autolak ve spreji Dacia 400ml - Dacia: 21D ROUGE PASSION -\",\"isPartOf\":{\"@id\":\"https:\/\/www.oknobuild.com\/#website\"},\"primaryImageOfPage\":{\"@id\":\"https:\/\/www.oknobuild.com\/index.php\/produkt\/akce-autolak-ve-spreji-dacia-400ml-span-class-small-color-gray-text-muted-dacia-21d-rouge-passion-span-55340\/#primaryimage\"},\"image\":{\"@id\":\"https:\/\/www.oknobuild.com\/index.php\/produkt\/akce-autolak-ve-spreji-dacia-400ml-span-class-small-color-gray-text-muted-dacia-21d-rouge-passion-span-55340\/#primaryimage\"},\"thumbnailUrl\":\"https:\/\/www.oknobuild.com\/wp-content\/uploads\/2026\/SK0061889-CZ20260425-092133-0-1777080118-0b23c8f4d8eae12eddca2375bf55e6aa-553px-dacia-logo-new.webp\",\"datePublished\":\"2026-04-27T04:43:02+00:00\",\"breadcrumb\":{\"@id\":\"https:\/\/www.oknobuild.com\/index.php\/produkt\/akce-autolak-ve-spreji-dacia-400ml-span-class-small-color-gray-text-muted-dacia-21d-rouge-passion-span-55340\/#breadcrumb\"},\"inLanguage\":\"cs\",\"potentialAction\":[{\"@type\":\"ReadAction\",\"target\":[\"https:\/\/www.oknobuild.com\/index.php\/produkt\/akce-autolak-ve-spreji-dacia-400ml-span-class-small-color-gray-text-muted-dacia-21d-rouge-passion-span-55340\/\"]}]},{\"@type\":\"ImageObject\",\"inLanguage\":\"cs\",\"@id\":\"https:\/\/www.oknobuild.com\/index.php\/produkt\/akce-autolak-ve-spreji-dacia-400ml-span-class-small-color-gray-text-muted-dacia-21d-rouge-passion-span-55340\/#primaryimage\",\"url\":\"https:\/\/www.oknobuild.com\/wp-content\/uploads\/2026\/SK0061889-CZ20260425-092133-0-1777080118-0b23c8f4d8eae12eddca2375bf55e6aa-553px-dacia-logo-new.webp\",\"contentUrl\":\"https:\/\/www.oknobuild.com\/wp-content\/uploads\/2026\/SK0061889-CZ20260425-092133-0-1777080118-0b23c8f4d8eae12eddca2375bf55e6aa-553px-dacia-logo-new.webp\",\"width\":553,\"height\":480},{\"@type\":\"BreadcrumbList\",\"@id\":\"https:\/\/www.oknobuild.com\/index.php\/produkt\/akce-autolak-ve-spreji-dacia-400ml-span-class-small-color-gray-text-muted-dacia-21d-rouge-passion-span-55340\/#breadcrumb\",\"itemListElement\":[{\"@type\":\"ListItem\",\"position\":1,\"name\":\"Home\",\"item\":\"https:\/\/www.oknobuild.com\/\"},{\"@type\":\"ListItem\",\"position\":2,\"name\":\"Products\",\"item\":\"https:\/\/www.oknobuild.com\/index.php\/products\/\"},{\"@type\":\"ListItem\",\"position\":3,\"name\":\"Akce Autolak ve spreji Dacia 400ml &#8211; Dacia: 21D ROUGE PASSION\"}]},{\"@type\":\"WebSite\",\"@id\":\"https:\/\/www.oknobuild.com\/#website\",\"url\":\"https:\/\/www.oknobuild.com\/\",\"name\":\"\",\"description\":\"\",\"potentialAction\":[{\"@type\":\"SearchAction\",\"target\":{\"@type\":\"EntryPoint\",\"urlTemplate\":\"https:\/\/www.oknobuild.com\/?s={search_term_string}\"},\"query-input\":{\"@type\":\"PropertyValueSpecification\",\"valueRequired\":true,\"valueName\":\"search_term_string\"}}],\"inLanguage\":\"cs\"}]}<\/script>\n<!-- \/ Yoast SEO plugin. -->","yoast_head_json":{"title":"Akce Autolak ve spreji Dacia 400ml - Dacia: 21D ROUGE PASSION -","robots":{"index":"index","follow":"follow","max-snippet":"max-snippet:-1","max-image-preview":"max-image-preview:large","max-video-preview":"max-video-preview:-1"},"canonical":"https:\/\/www.oknobuild.com\/index.php\/produkt\/akce-autolak-ve-spreji-dacia-400ml-span-class-small-color-gray-text-muted-dacia-21d-rouge-passion-span-55340\/","og_locale":"cs_CZ","og_type":"article","og_title":"Akce Autolak ve spreji Dacia 400ml - Dacia: 21D ROUGE PASSION -","og_description":"Popis Diskuse M\u00e1te dotaz? Obsah spreje &#8211; 400ml Metalick\u00e9 i nemetalick\u00e9 odst\u00edny Metalick\u00e9 odst\u00edny je t\u0159eba p\u0159est\u0159\u00edkat bezbarv\u00fdm lakem","og_url":"https:\/\/www.oknobuild.com\/index.php\/produkt\/akce-autolak-ve-spreji-dacia-400ml-span-class-small-color-gray-text-muted-dacia-21d-rouge-passion-span-55340\/","og_image":[{"width":553,"height":480,"url":"https:\/\/www.oknobuild.com\/wp-content\/uploads\/2026\/SK0061889-CZ20260425-092133-0-1777080118-0b23c8f4d8eae12eddca2375bf55e6aa-553px-dacia-logo-new.webp","type":"image\/webp"}],"twitter_card":"summary_large_image","schema":{"@context":"https:\/\/schema.org","@graph":[{"@type":"WebPage","@id":"https:\/\/www.oknobuild.com\/index.php\/produkt\/akce-autolak-ve-spreji-dacia-400ml-span-class-small-color-gray-text-muted-dacia-21d-rouge-passion-span-55340\/","url":"https:\/\/www.oknobuild.com\/index.php\/produkt\/akce-autolak-ve-spreji-dacia-400ml-span-class-small-color-gray-text-muted-dacia-21d-rouge-passion-span-55340\/","name":"Akce Autolak ve spreji Dacia 400ml - Dacia: 21D ROUGE PASSION -","isPartOf":{"@id":"https:\/\/www.oknobuild.com\/#website"},"primaryImageOfPage":{"@id":"https:\/\/www.oknobuild.com\/index.php\/produkt\/akce-autolak-ve-spreji-dacia-400ml-span-class-small-color-gray-text-muted-dacia-21d-rouge-passion-span-55340\/#primaryimage"},"image":{"@id":"https:\/\/www.oknobuild.com\/index.php\/produkt\/akce-autolak-ve-spreji-dacia-400ml-span-class-small-color-gray-text-muted-dacia-21d-rouge-passion-span-55340\/#primaryimage"},"thumbnailUrl":"https:\/\/www.oknobuild.com\/wp-content\/uploads\/2026\/SK0061889-CZ20260425-092133-0-1777080118-0b23c8f4d8eae12eddca2375bf55e6aa-553px-dacia-logo-new.webp","datePublished":"2026-04-27T04:43:02+00:00","breadcrumb":{"@id":"https:\/\/www.oknobuild.com\/index.php\/produkt\/akce-autolak-ve-spreji-dacia-400ml-span-class-small-color-gray-text-muted-dacia-21d-rouge-passion-span-55340\/#breadcrumb"},"inLanguage":"cs","potentialAction":[{"@type":"ReadAction","target":["https:\/\/www.oknobuild.com\/index.php\/produkt\/akce-autolak-ve-spreji-dacia-400ml-span-class-small-color-gray-text-muted-dacia-21d-rouge-passion-span-55340\/"]}]},{"@type":"ImageObject","inLanguage":"cs","@id":"https:\/\/www.oknobuild.com\/index.php\/produkt\/akce-autolak-ve-spreji-dacia-400ml-span-class-small-color-gray-text-muted-dacia-21d-rouge-passion-span-55340\/#primaryimage","url":"https:\/\/www.oknobuild.com\/wp-content\/uploads\/2026\/SK0061889-CZ20260425-092133-0-1777080118-0b23c8f4d8eae12eddca2375bf55e6aa-553px-dacia-logo-new.webp","contentUrl":"https:\/\/www.oknobuild.com\/wp-content\/uploads\/2026\/SK0061889-CZ20260425-092133-0-1777080118-0b23c8f4d8eae12eddca2375bf55e6aa-553px-dacia-logo-new.webp","width":553,"height":480},{"@type":"BreadcrumbList","@id":"https:\/\/www.oknobuild.com\/index.php\/produkt\/akce-autolak-ve-spreji-dacia-400ml-span-class-small-color-gray-text-muted-dacia-21d-rouge-passion-span-55340\/#breadcrumb","itemListElement":[{"@type":"ListItem","position":1,"name":"Home","item":"https:\/\/www.oknobuild.com\/"},{"@type":"ListItem","position":2,"name":"Products","item":"https:\/\/www.oknobuild.com\/index.php\/products\/"},{"@type":"ListItem","position":3,"name":"Akce Autolak ve spreji Dacia 400ml &#8211; Dacia: 21D ROUGE PASSION"}]},{"@type":"WebSite","@id":"https:\/\/www.oknobuild.com\/#website","url":"https:\/\/www.oknobuild.com\/","name":"","description":"","potentialAction":[{"@type":"SearchAction","target":{"@type":"EntryPoint","urlTemplate":"https:\/\/www.oknobuild.com\/?s={search_term_string}"},"query-input":{"@type":"PropertyValueSpecification","valueRequired":true,"valueName":"search_term_string"}}],"inLanguage":"cs"}]}},"_links":{"self":[{"href":"https:\/\/www.oknobuild.com\/index.php\/wp-json\/wp\/v2\/product\/55340","targetHints":{"allow":["GET"]}}],"collection":[{"href":"https:\/\/www.oknobuild.com\/index.php\/wp-json\/wp\/v2\/product"}],"about":[{"href":"https:\/\/www.oknobuild.com\/index.php\/wp-json\/wp\/v2\/types\/product"}],"replies":[{"embeddable":true,"href":"https:\/\/www.oknobuild.com\/index.php\/wp-json\/wp\/v2\/comments?post=55340"}],"wp:featuredmedia":[{"embeddable":true,"href":"https:\/\/www.oknobuild.com\/index.php\/wp-json\/wp\/v2\/media\/55440"}],"wp:attachment":[{"href":"https:\/\/www.oknobuild.com\/index.php\/wp-json\/wp\/v2\/media?parent=55340"}],"wp:term":[{"taxonomy":"product_brand","embeddable":true,"href":"https:\/\/www.oknobuild.com\/index.php\/wp-json\/wp\/v2\/product_brand?post=55340"},{"taxonomy":"product_cat","embeddable":true,"href":"https:\/\/www.oknobuild.com\/index.php\/wp-json\/wp\/v2\/product_cat?post=55340"},{"taxonomy":"product_tag","embeddable":true,"href":"https:\/\/www.oknobuild.com\/index.php\/wp-json\/wp\/v2\/product_tag?post=55340"}],"curies":[{"name":"wp","href":"https:\/\/api.w.org\/{rel}","templated":true}]}}