{"id":57100,"date":"2026-04-27T04:43:07","date_gmt":"2026-04-27T04:43:07","guid":{"rendered":""},"modified":"2026-04-27T04:43:07","modified_gmt":"2026-04-27T04:43:07","slug":"akce-pnz-barevny-olej-petrolblau-petrolejova-0-25-l-57100","status":"publish","type":"product","link":"https:\/\/www.oknobuild.com\/index.php\/produkt\/akce-pnz-barevny-olej-petrolblau-petrolejova-0-25-l-57100\/","title":{"rendered":"Akce PNZ Barevn\u00fd olej petrolblau \/ petrolejov\u00e1 0,25 l"},"content":{"rendered":"<table>\n<div class=\"tab-pane active product-description\" id=\"popis\" role=\"tabpanel\">\n<div class=\"short-description\" itemprop=\"description\">COLOR-\u00d6L<\/div>\n<div class=\"description\"><span class='bullet-line'>Pro v\u0161echny d\u0159eviny<br \/><\/span><span class='bullet-line'>Bez rozpou\u0161t\u011bdel<br \/><\/span><br \/>\u25ba Vhodn\u00e9 pro<span class='bullet-line'>Vhodn\u00fd do v\u0161ech dom\u00e1c\u00edch i exotick\u00fdch d\u0159ev, jako jsou okna, \u017ealuzie, fas\u00e1dn\u00ed obklady, hr\u00e1zovky, dve\u0159e, ploty, balkony, n\u00e1bytek, korek, podlahy a zahradn\u00ed domy, jako\u017e i v\u010del\u00edny a hra\u010dky uvnit\u0159 i venku. <br \/><\/span><span class='bullet-line'>Barevn\u00fd olej bez obsahu rozpou\u0161t\u011bdel barvy barvy, chr\u00e1n\u00ed a star\u00e1. <br \/><\/span><span class='bullet-line'>D\u00edky sv\u00e9 vysok\u00e9 produktivit\u011b je vhodn\u00fd pro renovaci p\u0159ilepen\u00fdch star\u00fdch n\u00e1t\u011br\u016f i nov\u00fdch pr\u00e9miov\u00fdch n\u00e1t\u011br\u016f.<br \/><\/span> <br \/>\u25ba Aplikace \/ zpracov\u00e1n\u00ed<span class='bullet-line'>Neo\u0161et\u0159en\u00fd d\u0159ev\u011bn\u00fd povrch mus\u00ed b\u00fdt \u010dist\u00fd, bez prachu a mastnoty a such\u00fd.<br \/><\/span><span class='bullet-line'>Teplota zpracov\u00e1n\u00ed (v\u010detn\u011b su\u0161en\u00ed) od + 8 \u00b0 C Vlhkost d\u0159eva <18%. Vlhkost 60%.<br \/><\/span><span class='bullet-line'>Pokud existuje riziko pl\u00edsn\u00ed, p\u0159edb\u011b\u017en\u011b o\u0161et\u0159ete impregna\u010dn\u00edm primerem PNZ.<br \/><\/span><span class='bullet-line'>Doba schnut\u00ed cca 6\u201324 hodin (v z\u00e1vislosti na po\u010das\u00ed). Prach su\u0161\u00ed cca 1 hodinu<br \/><\/span><span class='bullet-line'>Lze p\u0159et\u00edrat, i kdy\u017e je such\u00fd, p\u0159ibli\u017en\u011b 2\u20136 hodin.<br \/><\/span><span class='bullet-line'>P\u0159ed a b\u011bhem pou\u017eit\u00ed dob\u0159e prom\u00edchejte obsah.<br \/><\/span><span class='bullet-line'>V\u0161echny barvy jsou vz\u00e1jemn\u011b m\u00edsiteln\u00e9.<br \/><\/span><span class='bullet-line'>Funguje odli\u0161n\u011b na r\u016fzn\u00fdch povr\u0161\u00edch. Nezbytn\u00e9 jsou zku\u0161ebn\u00ed kab\u00e1ty.<br \/><\/span><span class='bullet-line'>Nepr\u016fhledn\u00e9 barvy lze p\u0159em\u011bnit na glazovan\u00e9 t\u00f3ny p\u0159id\u00e1n\u00edm \u201ebezbarv\u00e9\u201c.<br \/><\/span><span class='bullet-line'>Naneste PNZ-COLOR\u00d6L na such\u00e9 d\u0159evo kart\u00e1\u010dov\u00e1n\u00edm, st\u0159\u00edk\u00e1n\u00edm, v\u00e1lcov\u00e1n\u00edm nebo m\u00e1\u010den\u00edm. <br \/><\/span><span class='bullet-line'>Pro dobrou odolnost a UV ochranu doporu\u010dujeme 1-2 vrstvy. (Uvnit\u0159: 1 kab\u00e1t). <br \/><\/span><span class='bullet-line'>Pou\u017e\u00edvejte PNZ-COLOR OIL &#8222;bezbarv\u00fd&#8220; pro dostate\u010dnou ochranu p\u0159ed UV z\u00e1\u0159en\u00edm pouze ve spojen\u00ed s barevn\u00fdm n\u00e1t\u011brem ven. <br \/><\/span><span class='bullet-line'>Ml\u00e9\u010dn\u00fd olej z plechovky zasych\u00e1 v uveden\u00e9 barv\u011b. <br \/><\/span><span class='bullet-line'>V p\u0159\u00edpad\u011b sv\u011btl\u00fdch barev m\u016f\u017ee doj\u00edt ke krv\u00e1cen\u00ed ze slo\u017eek d\u0159eva. (Izolace zejm\u00e9na korku, dubu, mod\u0159\u00ednu, cedru, teaku, desek OSB atd. S izola\u010dn\u00ed z\u00e1kladnou PNZ). <br \/><\/span><span class='bullet-line'>Po barevn\u00e9 aplikaci by m\u011bl b\u00fdt na podlahu pou\u017eit bezbarv\u00fd povlak bezbarv\u00e9ho oleje PNZ-COLOR\u00d6L nebo tvrd\u00e9ho voskov\u00e9ho oleje PNZ, aby byly pigmenty chr\u00e1n\u011bny p\u0159ed od\u011brem. <br \/><\/span><span class='bullet-line'>Jako dlouhodobou dopl\u0148kovou ochranu vody doporu\u010dujeme vrchn\u00ed vrstvu s blok\u00e1torem PNZ.<br \/><\/span><br \/>\u25ba Spot\u0159eba<span class='bullet-line'>Cca. 50 ml \/ m2, tj. 1 litr PNZ-COLOR\u00d6L sta\u010d\u00ed na cca 20 m2 na objedn\u00e1vku. <br \/><\/span><span class='bullet-line'>V z\u00e1vislosti na typu d\u0159eva a povrchu. U hrub\u011b \u0159ezan\u00e9ho nebo r\u00fdhovan\u00e9ho d\u0159eva lze spot\u0159ebu zdvojn\u00e1sobit nebo ztrojn\u00e1sobit.<br \/><\/span><br \/>\u25ba \u010ci\u0161t\u011bn\u00ed<span class='bullet-line'>\u00e1stroje ihned po pou\u017eit\u00ed o\u010dist\u011bte m\u00fddlem a vodou.<br \/><\/span><br \/>\u25ba \u00dalo\u017en\u00fd prostor<span class='bullet-line'>Chladn\u00fd, ale bez mrazu. <br \/><\/span><span class='bullet-line'>Lze je skladovat po dobu 3 let v neotev\u0159en\u00fdch n\u00e1dob\u00e1ch. <br \/><\/span><span class='bullet-line'>Otev\u0159en\u00e9 n\u00e1doby p\u0159eve\u010fte do men\u0161\u00edch vhodn\u00fdch n\u00e1dob, vzduchot\u011bsn\u011b uzav\u0159ete a brzy je spot\u0159ebujte.<br \/><\/span><br \/>\u25ba P\u0159\u00edsady<span class='bullet-line'>Rafinovan\u00e9 p\u0159\u00edrodn\u00ed oleje, jako je olej z wolframu, d\u0159evo, sv\u011btlicov\u00fd olej, s\u00f3jov\u00fd a slune\u010dnicov\u00fd olej, voda (pro barevn\u00fd olej: pigmenty oxidu \u017eeleza, titanov\u00e1 b\u00edl\u00e1, organick\u00e9 pigmenty), bezolovnat\u00e1 su\u0161idla. <br \/><\/span><span class='bullet-line'>Konzerva\u010dn\u00ed l\u00e1tky (MIT \/ BIT; rady pro alergiky na isothiazolinon +49 (0) 8465-173820).<br \/><\/span><br \/>\u25ba D\u016fle\u017eit\u00e9 pokyny<br \/>Pokud pou\u017e\u00edv\u00e1te n\u011bkolik n\u00e1dob s r\u016fzn\u00fdmi \u010d\u00edsly \u0161ar\u017e\u00ed, sm\u00edchejte je spole\u010dn\u011b do v\u011bt\u0161\u00ed n\u00e1doby. S2: Uchov\u00e1vejte mimo dosah d\u011bt\u00ed. M\u016f\u017ee vyvolat alergick\u00e9 reakce. Likvidace: Pr\u00e1zdn\u00e9 n\u00e1doby odevzd\u00e1vejte pouze k recyklaci. Zbytky su\u0161en\u00e9ho materi\u00e1lu lze likvidovat spole\u010dn\u011b s domovn\u00edm odpadem nebo jako stavebn\u00ed odpad. Vra\u0165te zbytky kapaliny na sb\u011brn\u00e9 m\u00edsto pro star\u00e9 barvy. ASN \u010d .: 12012. Mezn\u00ed hodnota EU pro produkt (A \/ e): 150 g \/ l (2007) \/ 130 g \/ l (2010). Tento produkt obsahuje maxim\u00e1ln\u011b 1 g \/ l VOC.<\/p>\n<p>\u25ba St\u00edny<br \/>Pod\u00edvejte se pros\u00edm na na\u0161i vhodnou barvu<br \/>technick\u00fd list . V\u0161echny barvy jsou vz\u00e1jemn\u011b m\u00edsiteln\u00e9. Bezbarv\u00e1 nejen pro vn\u011bj\u0161\u00ed povrch. Pou\u017e\u00edvejte pouze v kombinaci s barevn\u00fdm n\u00e1t\u011brem, proto\u017ee bezbarv\u00e1 l\u00e1tka neposkytuje dostate\u010dnou ochranu p\u0159ed UV z\u00e1\u0159en\u00edm.<\/p>\n<p>\u25ba Velikosti kontejner\u016f<span class='bullet-line'>0,25 litru, 0,75 litru, 2,5 litru, 10 litr\u016f a v\u011bt\u0161\u00ed na vy\u017e\u00e1d\u00e1n\u00ed.<\/span><\/div>\n<div class=\"parameters\">\n<tr>\n<td>Spot\u0159eba<\/td>\n<td>Cca. 50 ml \/ m\u00b2, tj. 1 litr barevn\u00e9ho oleje PNZ posta\u010duje na cca 20 m\u00b2 na objedn\u00e1vku. V z\u00e1vislosti na typu d\u0159eva a povrchu. U hrub\u011b \u0159ezan\u00e9ho nebo r\u00fdhovan\u00e9ho d\u0159eva lze spot\u0159ebu zdvojn\u00e1sobit nebo ztrojn\u00e1sobit.<\/td>\n<\/tr>\n<tr>\n<td>Schnouc\u00ed doba<\/td>\n<td>Doba schnut\u00ed cca 6\u201324 hodin (v z\u00e1vislosti na po\u010das\u00ed). Prach je such\u00fd cca 1 hodina, lze jej nat\u00edrat, i kdy\u017e je such\u00fd, cca 2\u20136 hodin.<\/td>\n<\/tr>\n<tr>\n<td>UV ochrana<\/td>\n<td>ano<\/td>\n<\/tr>\n<tr>\n<td>Bez rozpou\u0161t\u011bdel<\/td>\n<td>ano<\/td>\n<\/tr>\n<tr>\n<td>Ochrana proti \u0161ediv\u011bn\u00ed<\/td>\n<td>ano<\/td>\n<\/tr>\n<tr>\n<td>Bez kap\u00e1n\u00ed<\/td>\n<td>ano<\/td>\n<\/tr>\n<tr>\n<td>Trval\u00e1 ochrana proti pov\u011btrnostn\u00edm vliv\u016fm<\/td>\n<td>ano<\/td>\n<\/tr>\n<tr>\n<td>Bezpe\u010dnost hra\u010dek pro d\u011bti<\/td>\n<td>Odoln\u00fd v\u016f\u010di slin\u00e1m a potu<\/td>\n<\/tr>\n<tr>\n<td>Budov\u00e1n\u00ed biologicky ne\u0161kodn\u00e9ho IBR<\/td>\n<td>ano<\/td>\n<\/tr><\/div>\n<\/table>\n","protected":false},"excerpt":{"rendered":"<p>COLOR-\u00d6L Pro v\u0161echny d\u0159evinyBez rozpou\u0161t\u011bdel\u25ba Vhodn\u00e9 proVhodn\u00fd do v\u0161ech dom\u00e1c\u00edch i exotick\u00fdch d\u0159ev, jako jsou okna, \u017ealuzie, fas\u00e1dn\u00ed obklady, hr\u00e1zovky, dve\u0159e, ploty, balkony, n\u00e1bytek, korek, podlahy a zahradn\u00ed domy, jako\u017e i v\u010del\u00edny a hra\u010dky uvnit\u0159 i venku. Barevn\u00fd olej bez obsahu rozpou\u0161t\u011bdel barvy barvy, chr\u00e1n\u00ed a star\u00e1. D\u00edky sv\u00e9 vysok\u00e9 produktivit\u011b je vhodn\u00fd pro renovaci [&hellip;]<\/p>\n","protected":false},"featured_media":57200,"comment_status":"open","ping_status":"open","template":"","meta":[],"product_brand":[],"product_cat":[50,52,51],"product_tag":[],"class_list":{"0":"post-57100","1":"product","2":"type-product","3":"status-publish","4":"has-post-thumbnail","6":"product_cat-barvy","7":"product_cat-chemie","8":"product_cat-laky","10":"first","11":"instock","12":"sale","13":"shipping-taxable","14":"purchasable","15":"product-type-simple"},"yoast_head":"<!-- This site is optimized with the Yoast SEO plugin v26.8 - https:\/\/yoast.com\/product\/yoast-seo-wordpress\/ -->\n<title>Akce PNZ Barevn\u00fd olej petrolblau \/ petrolejov\u00e1 0,25 l -<\/title>\n<meta name=\"robots\" content=\"index, follow, max-snippet:-1, max-image-preview:large, max-video-preview:-1\" \/>\n<link rel=\"canonical\" href=\"https:\/\/www.oknobuild.com\/index.php\/produkt\/akce-pnz-barevny-olej-petrolblau-petrolejova-0-25-l-57100\/\" \/>\n<meta property=\"og:locale\" content=\"cs_CZ\" \/>\n<meta property=\"og:type\" content=\"article\" \/>\n<meta property=\"og:title\" content=\"Akce PNZ Barevn\u00fd olej petrolblau \/ petrolejov\u00e1 0,25 l -\" \/>\n<meta property=\"og:description\" content=\"COLOR-\u00d6L Pro v\u0161echny d\u0159evinyBez rozpou\u0161t\u011bdel\u25ba Vhodn\u00e9 proVhodn\u00fd do v\u0161ech dom\u00e1c\u00edch i exotick\u00fdch d\u0159ev, jako jsou okna, \u017ealuzie, fas\u00e1dn\u00ed obklady, hr\u00e1zovky, dve\u0159e, ploty, balkony, n\u00e1bytek, korek, podlahy a zahradn\u00ed domy, jako\u017e i v\u010del\u00edny a hra\u010dky uvnit\u0159 i venku. Barevn\u00fd olej bez obsahu rozpou\u0161t\u011bdel barvy barvy, chr\u00e1n\u00ed a star\u00e1. D\u00edky sv\u00e9 vysok\u00e9 produktivit\u011b je vhodn\u00fd pro renovaci [&hellip;]\" \/>\n<meta property=\"og:url\" content=\"https:\/\/www.oknobuild.com\/index.php\/produkt\/akce-pnz-barevny-olej-petrolblau-petrolejova-0-25-l-57100\/\" \/>\n<meta property=\"og:image\" content=\"https:\/\/www.oknobuild.com\/wp-content\/uploads\/2026\/SK0021022-CZ20260425-092328-0-1777080210-petrolejova0.webp\" \/>\n\t<meta property=\"og:image:width\" content=\"551\" \/>\n\t<meta property=\"og:image:height\" content=\"700\" \/>\n\t<meta property=\"og:image:type\" content=\"image\/webp\" \/>\n<meta name=\"twitter:card\" content=\"summary_large_image\" \/>\n<meta name=\"twitter:label1\" content=\"Odhadovan\u00e1 doba \u010dten\u00ed\" \/>\n\t<meta name=\"twitter:data1\" content=\"1 minuta\" \/>\n<script type=\"application\/ld+json\" class=\"yoast-schema-graph\">{\"@context\":\"https:\/\/schema.org\",\"@graph\":[{\"@type\":\"WebPage\",\"@id\":\"https:\/\/www.oknobuild.com\/index.php\/produkt\/akce-pnz-barevny-olej-petrolblau-petrolejova-0-25-l-57100\/\",\"url\":\"https:\/\/www.oknobuild.com\/index.php\/produkt\/akce-pnz-barevny-olej-petrolblau-petrolejova-0-25-l-57100\/\",\"name\":\"Akce PNZ Barevn\u00fd olej petrolblau \/ petrolejov\u00e1 0,25 l -\",\"isPartOf\":{\"@id\":\"https:\/\/www.oknobuild.com\/#website\"},\"primaryImageOfPage\":{\"@id\":\"https:\/\/www.oknobuild.com\/index.php\/produkt\/akce-pnz-barevny-olej-petrolblau-petrolejova-0-25-l-57100\/#primaryimage\"},\"image\":{\"@id\":\"https:\/\/www.oknobuild.com\/index.php\/produkt\/akce-pnz-barevny-olej-petrolblau-petrolejova-0-25-l-57100\/#primaryimage\"},\"thumbnailUrl\":\"https:\/\/www.oknobuild.com\/wp-content\/uploads\/2026\/SK0021022-CZ20260425-092328-0-1777080210-petrolejova0.webp\",\"datePublished\":\"2026-04-27T04:43:07+00:00\",\"breadcrumb\":{\"@id\":\"https:\/\/www.oknobuild.com\/index.php\/produkt\/akce-pnz-barevny-olej-petrolblau-petrolejova-0-25-l-57100\/#breadcrumb\"},\"inLanguage\":\"cs\",\"potentialAction\":[{\"@type\":\"ReadAction\",\"target\":[\"https:\/\/www.oknobuild.com\/index.php\/produkt\/akce-pnz-barevny-olej-petrolblau-petrolejova-0-25-l-57100\/\"]}]},{\"@type\":\"ImageObject\",\"inLanguage\":\"cs\",\"@id\":\"https:\/\/www.oknobuild.com\/index.php\/produkt\/akce-pnz-barevny-olej-petrolblau-petrolejova-0-25-l-57100\/#primaryimage\",\"url\":\"https:\/\/www.oknobuild.com\/wp-content\/uploads\/2026\/SK0021022-CZ20260425-092328-0-1777080210-petrolejova0.webp\",\"contentUrl\":\"https:\/\/www.oknobuild.com\/wp-content\/uploads\/2026\/SK0021022-CZ20260425-092328-0-1777080210-petrolejova0.webp\",\"width\":551,\"height\":700},{\"@type\":\"BreadcrumbList\",\"@id\":\"https:\/\/www.oknobuild.com\/index.php\/produkt\/akce-pnz-barevny-olej-petrolblau-petrolejova-0-25-l-57100\/#breadcrumb\",\"itemListElement\":[{\"@type\":\"ListItem\",\"position\":1,\"name\":\"Home\",\"item\":\"https:\/\/www.oknobuild.com\/\"},{\"@type\":\"ListItem\",\"position\":2,\"name\":\"Products\",\"item\":\"https:\/\/www.oknobuild.com\/index.php\/products\/\"},{\"@type\":\"ListItem\",\"position\":3,\"name\":\"Akce PNZ Barevn\u00fd olej petrolblau \/ petrolejov\u00e1 0,25 l\"}]},{\"@type\":\"WebSite\",\"@id\":\"https:\/\/www.oknobuild.com\/#website\",\"url\":\"https:\/\/www.oknobuild.com\/\",\"name\":\"\",\"description\":\"\",\"potentialAction\":[{\"@type\":\"SearchAction\",\"target\":{\"@type\":\"EntryPoint\",\"urlTemplate\":\"https:\/\/www.oknobuild.com\/?s={search_term_string}\"},\"query-input\":{\"@type\":\"PropertyValueSpecification\",\"valueRequired\":true,\"valueName\":\"search_term_string\"}}],\"inLanguage\":\"cs\"}]}<\/script>\n<!-- \/ Yoast SEO plugin. -->","yoast_head_json":{"title":"Akce PNZ Barevn\u00fd olej petrolblau \/ petrolejov\u00e1 0,25 l -","robots":{"index":"index","follow":"follow","max-snippet":"max-snippet:-1","max-image-preview":"max-image-preview:large","max-video-preview":"max-video-preview:-1"},"canonical":"https:\/\/www.oknobuild.com\/index.php\/produkt\/akce-pnz-barevny-olej-petrolblau-petrolejova-0-25-l-57100\/","og_locale":"cs_CZ","og_type":"article","og_title":"Akce PNZ Barevn\u00fd olej petrolblau \/ petrolejov\u00e1 0,25 l -","og_description":"COLOR-\u00d6L Pro v\u0161echny d\u0159evinyBez rozpou\u0161t\u011bdel\u25ba Vhodn\u00e9 proVhodn\u00fd do v\u0161ech dom\u00e1c\u00edch i exotick\u00fdch d\u0159ev, jako jsou okna, \u017ealuzie, fas\u00e1dn\u00ed obklady, hr\u00e1zovky, dve\u0159e, ploty, balkony, n\u00e1bytek, korek, podlahy a zahradn\u00ed domy, jako\u017e i v\u010del\u00edny a hra\u010dky uvnit\u0159 i venku. Barevn\u00fd olej bez obsahu rozpou\u0161t\u011bdel barvy barvy, chr\u00e1n\u00ed a star\u00e1. D\u00edky sv\u00e9 vysok\u00e9 produktivit\u011b je vhodn\u00fd pro renovaci [&hellip;]","og_url":"https:\/\/www.oknobuild.com\/index.php\/produkt\/akce-pnz-barevny-olej-petrolblau-petrolejova-0-25-l-57100\/","og_image":[{"width":551,"height":700,"url":"https:\/\/www.oknobuild.com\/wp-content\/uploads\/2026\/SK0021022-CZ20260425-092328-0-1777080210-petrolejova0.webp","type":"image\/webp"}],"twitter_card":"summary_large_image","twitter_misc":{"Odhadovan\u00e1 doba \u010dten\u00ed":"1 minuta"},"schema":{"@context":"https:\/\/schema.org","@graph":[{"@type":"WebPage","@id":"https:\/\/www.oknobuild.com\/index.php\/produkt\/akce-pnz-barevny-olej-petrolblau-petrolejova-0-25-l-57100\/","url":"https:\/\/www.oknobuild.com\/index.php\/produkt\/akce-pnz-barevny-olej-petrolblau-petrolejova-0-25-l-57100\/","name":"Akce PNZ Barevn\u00fd olej petrolblau \/ petrolejov\u00e1 0,25 l -","isPartOf":{"@id":"https:\/\/www.oknobuild.com\/#website"},"primaryImageOfPage":{"@id":"https:\/\/www.oknobuild.com\/index.php\/produkt\/akce-pnz-barevny-olej-petrolblau-petrolejova-0-25-l-57100\/#primaryimage"},"image":{"@id":"https:\/\/www.oknobuild.com\/index.php\/produkt\/akce-pnz-barevny-olej-petrolblau-petrolejova-0-25-l-57100\/#primaryimage"},"thumbnailUrl":"https:\/\/www.oknobuild.com\/wp-content\/uploads\/2026\/SK0021022-CZ20260425-092328-0-1777080210-petrolejova0.webp","datePublished":"2026-04-27T04:43:07+00:00","breadcrumb":{"@id":"https:\/\/www.oknobuild.com\/index.php\/produkt\/akce-pnz-barevny-olej-petrolblau-petrolejova-0-25-l-57100\/#breadcrumb"},"inLanguage":"cs","potentialAction":[{"@type":"ReadAction","target":["https:\/\/www.oknobuild.com\/index.php\/produkt\/akce-pnz-barevny-olej-petrolblau-petrolejova-0-25-l-57100\/"]}]},{"@type":"ImageObject","inLanguage":"cs","@id":"https:\/\/www.oknobuild.com\/index.php\/produkt\/akce-pnz-barevny-olej-petrolblau-petrolejova-0-25-l-57100\/#primaryimage","url":"https:\/\/www.oknobuild.com\/wp-content\/uploads\/2026\/SK0021022-CZ20260425-092328-0-1777080210-petrolejova0.webp","contentUrl":"https:\/\/www.oknobuild.com\/wp-content\/uploads\/2026\/SK0021022-CZ20260425-092328-0-1777080210-petrolejova0.webp","width":551,"height":700},{"@type":"BreadcrumbList","@id":"https:\/\/www.oknobuild.com\/index.php\/produkt\/akce-pnz-barevny-olej-petrolblau-petrolejova-0-25-l-57100\/#breadcrumb","itemListElement":[{"@type":"ListItem","position":1,"name":"Home","item":"https:\/\/www.oknobuild.com\/"},{"@type":"ListItem","position":2,"name":"Products","item":"https:\/\/www.oknobuild.com\/index.php\/products\/"},{"@type":"ListItem","position":3,"name":"Akce PNZ Barevn\u00fd olej petrolblau \/ petrolejov\u00e1 0,25 l"}]},{"@type":"WebSite","@id":"https:\/\/www.oknobuild.com\/#website","url":"https:\/\/www.oknobuild.com\/","name":"","description":"","potentialAction":[{"@type":"SearchAction","target":{"@type":"EntryPoint","urlTemplate":"https:\/\/www.oknobuild.com\/?s={search_term_string}"},"query-input":{"@type":"PropertyValueSpecification","valueRequired":true,"valueName":"search_term_string"}}],"inLanguage":"cs"}]}},"_links":{"self":[{"href":"https:\/\/www.oknobuild.com\/index.php\/wp-json\/wp\/v2\/product\/57100","targetHints":{"allow":["GET"]}}],"collection":[{"href":"https:\/\/www.oknobuild.com\/index.php\/wp-json\/wp\/v2\/product"}],"about":[{"href":"https:\/\/www.oknobuild.com\/index.php\/wp-json\/wp\/v2\/types\/product"}],"replies":[{"embeddable":true,"href":"https:\/\/www.oknobuild.com\/index.php\/wp-json\/wp\/v2\/comments?post=57100"}],"wp:featuredmedia":[{"embeddable":true,"href":"https:\/\/www.oknobuild.com\/index.php\/wp-json\/wp\/v2\/media\/57200"}],"wp:attachment":[{"href":"https:\/\/www.oknobuild.com\/index.php\/wp-json\/wp\/v2\/media?parent=57100"}],"wp:term":[{"taxonomy":"product_brand","embeddable":true,"href":"https:\/\/www.oknobuild.com\/index.php\/wp-json\/wp\/v2\/product_brand?post=57100"},{"taxonomy":"product_cat","embeddable":true,"href":"https:\/\/www.oknobuild.com\/index.php\/wp-json\/wp\/v2\/product_cat?post=57100"},{"taxonomy":"product_tag","embeddable":true,"href":"https:\/\/www.oknobuild.com\/index.php\/wp-json\/wp\/v2\/product_tag?post=57100"}],"curies":[{"name":"wp","href":"https:\/\/api.w.org\/{rel}","templated":true}]}}